{"id":2237,"date":"2015-03-05T19:46:08","date_gmt":"2015-03-05T19:46:08","guid":{"rendered":"https:\/\/neuroforma.com.br\/novo\/produto\/plano-de-treinamento-brain-hq-semestral-6-x-r39\/"},"modified":"2026-04-18T14:00:33","modified_gmt":"2026-04-18T14:00:33","slug":"plano-de-treinamento-brain-hq-semestral-6-x-r39","status":"publish","type":"product","link":"https:\/\/neuroforma.com.br\/novo\/produto\/plano-de-treinamento-brain-hq-semestral-6-x-r39\/","title":{"rendered":"Plano semestral <br \/>Apenas R$ 69 por m\u00eas"},"content":{"rendered":"<p>Tenha <strong>acesso ilimitado<\/strong> ao programa de treino cognitivo mais cientificamente testado dispon\u00edvel online.<br \/>\nAgora <strong>totalmente em portugu\u00eas<\/strong>, al\u00e9m de acesso \u00e0 plataforma digital em outras l\u00ednguas.<br \/>\n__________________________________________________________________________<\/p>\n<h1><span style=\"color: #14589c;\">Principais benef\u00edcios<\/span><\/h1>\n<p>__________________________________________________________________________<\/p>\n<div class=\"csRow\">\n<div class=\"csColumnGap\" style=\"margin: 0px; padding: 0px; float: left; width: 1.56%;\"><img decoding=\"async\" style=\"border: none;\" src=\"https:\/\/neuroforma.com.br\/novo\/wp-content\/plugins\/advanced-wp-columns\/assets\/js\/plugins\/views\/img\/1x1-pixel.png\" alt=\"\" \/><\/div>\n<div class=\"csColumn\" style=\"margin: 0px; padding: 0px; float: left; width: 31.3%;\" data-csstartpoint=\"15\" data-csendpoint=\"315\" data-cswidth=\"31.3%\" data-csid=\"ed9c7a3a-3c5e-1ea3-8b47-be3ee18d6a06\">\n<p><strong>Exerc<\/strong><strong>\u00ed<\/strong><strong>cios cientificamente testados<\/strong><\/p>\n<p><img loading=\"lazy\" decoding=\"async\" class=\"size-full wp-image-2281 alignnone\" src=\"https:\/\/neuroforma.com.br\/novo\/wp-content\/uploads\/2015\/01\/icon-recursos1.png\" alt=\"icon-recursos1\" width=\"92\" height=\"77\" \/><\/p>\n<p><span style=\"color: #575656;\">+ 25 exerc\u00edcios cientificamente projetados para treinar as capacidades de aten\u00e7\u00e3o, mem\u00f3ria, audi\u00e7\u00e3o, velocidade cerebral, intelig\u00eancia, orienta\u00e7\u00e3o e racioc\u00ednio, com algor\u00edtimos programados para manter seu c\u00e9rebro trabalhando <em>no limite<\/em>.<\/span><\/p>\n<\/div>\n<div class=\"csColumnGap\" style=\"margin: 0px; padding: 0px; float: left; width: 1.56%;\"><img decoding=\"async\" style=\"border: none;\" src=\"https:\/\/neuroforma.com.br\/novo\/wp-content\/plugins\/advanced-wp-columns\/assets\/js\/plugins\/views\/img\/1x1-pixel.png\" alt=\"\" \/><\/div>\n<div class=\"csColumn\" style=\"margin: 0px; padding: 0px; float: left; width: 31.3%;\" data-csstartpoint=\"330\" data-csendpoint=\"630\" data-cswidth=\"31.3%\" data-csid=\"ed81930a-d6b3-d056-ada0-9ab58fd34eca\">\n<p><strong>Cursos e desafios<\/strong><\/p>\n<p><a href=\"https:\/\/neuroforma.com.br\/novo\/wp-content\/uploads\/2015\/01\/icon-recursos2.png\"><img loading=\"lazy\" decoding=\"async\" class=\"size-full wp-image-2282 alignnone\" src=\"https:\/\/neuroforma.com.br\/novo\/wp-content\/uploads\/2015\/01\/icon-recursos2.png\" alt=\"icon-recursos2\" width=\"80\" height=\"89\" \/><\/a><\/p>\n<p><span style=\"color: #575656;\">+ 14 cursos para ajudar voc\u00ea a aprimorar capacidades espec\u00edficas: se voc\u00ea est\u00e1 treinando seu c\u00e9rebro para se destacar no trabalho, para o desenvolvimento pessoal ou mesmo melhorar suas habilidades esportivas, agora tem uma poderosa ferramenta nas m\u00e3os.<\/span><\/p>\n<\/div>\n<div class=\"csColumnGap\" style=\"margin: 0px; padding: 0px; float: left; width: 1.56%;\"><img decoding=\"async\" style=\"border: none;\" src=\"https:\/\/neuroforma.com.br\/novo\/wp-content\/plugins\/advanced-wp-columns\/assets\/js\/plugins\/views\/img\/1x1-pixel.png\" alt=\"\" \/><\/div>\n<div class=\"csColumn\" style=\"margin: 0px; padding: 0px; float: left; width: 31.3%;\" data-csstartpoint=\"645\" data-csendpoint=\"945\" data-cswidth=\"31.3%\" data-csid=\"655733be-c31c-a8f3-875c-37596198f6e1\">\n<p><strong>Feedbacks <\/strong><strong>de progresso detalhado<\/strong><\/p>\n<p><a href=\"https:\/\/neuroforma.com.br\/novo\/wp-content\/uploads\/2015\/01\/icon-recursos3.png\"><img loading=\"lazy\" decoding=\"async\" class=\"size-full wp-image-2283 alignnone\" src=\"https:\/\/neuroforma.com.br\/novo\/wp-content\/uploads\/2015\/01\/icon-recursos3.png\" alt=\"icon-recursos3\" width=\"96\" height=\"74\" \/><\/a><\/p>\n<p><span style=\"color: #575656;\"> Relat\u00f3rios detalhados de acompanhamento do desempenho,\u00a0ferramentas de medi\u00e7\u00e3o da progress\u00e3o\u00a0com registro de tempo e intensidade do treinamento, entre outros recursos de avalia\u00e7\u00e3o da evolu\u00e7\u00e3o no treinamento, dispon\u00edveis de forma pr\u00e1tica e totalmente on-line.<\/span><\/p>\n<p>&nbsp;<\/p>\n<\/div>\n<div class=\"csColumnGap\" style=\"margin: 0px; padding: 0px; float: left; width: 1.56%;\"><img decoding=\"async\" style=\"border: none;\" src=\"https:\/\/neuroforma.com.br\/novo\/wp-content\/plugins\/advanced-wp-columns\/assets\/js\/plugins\/views\/img\/1x1-pixel.png\" alt=\"\" \/><\/div>\n<div style=\"clear: both; float: none; display: block; visibility: hidden; width: 0px; font-size: 0px; line-height: 0;\"><\/div>\n<\/div>\n<h2><\/h2>\n<div class=\"csRow\">\n<div class=\"csColumnGap\" style=\"margin: 0px; padding: 0px; float: left; width: 1.56%;\"><img decoding=\"async\" style=\"border: none;\" src=\"https:\/\/neuroforma.com.br\/novo\/wp-content\/plugins\/advanced-wp-columns\/assets\/js\/plugins\/views\/img\/1x1-pixel.png\" alt=\"\" \/><\/div>\n<div class=\"csColumn\" style=\"margin: 0px; padding: 0px; float: left; width: 31.3%;\" data-csstartpoint=\"15\" data-csendpoint=\"315\" data-cswidth=\"31.3%\" data-csid=\"ed9c7a3a-3c5e-1ea3-8b47-be3ee18d6a06\">\n<p><strong>Treinamento personalizado<\/strong><\/p>\n<p><a href=\"https:\/\/neuroforma.com.br\/novo\/wp-content\/uploads\/2015\/01\/icon-recursos4.png\"><img loading=\"lazy\" decoding=\"async\" class=\"size-full wp-image-2284 alignnone\" src=\"https:\/\/neuroforma.com.br\/novo\/wp-content\/uploads\/2015\/01\/icon-recursos4.png\" alt=\"icon-recursos4\" width=\"83\" height=\"79\" \/><\/a><\/p>\n<p><span style=\"color: #575656;\">Com o recurso de treinamento personalizado \u00e9 poss\u00edvel programar uma agenda di\u00e1ria para que voc\u00ea possa aproveitar ao m\u00e1ximo cada minuto do seu tempo de treinamento. Ele mapeia como voc\u00ea est\u00e1 se saindo, em seguida, atribui uma s\u00e9rie de exerc\u00edcios com base no seu desempenho.<\/span><\/p>\n<\/div>\n<div class=\"csColumnGap\" style=\"margin: 0px; padding: 0px; float: left; width: 1.56%;\"><img decoding=\"async\" style=\"border: none;\" src=\"https:\/\/neuroforma.com.br\/novo\/wp-content\/plugins\/advanced-wp-columns\/assets\/js\/plugins\/views\/img\/1x1-pixel.png\" alt=\"\" \/><\/div>\n<div class=\"csColumn\" style=\"margin: 0px; padding: 0px; float: left; width: 31.3%;\" data-csstartpoint=\"330\" data-csendpoint=\"630\" data-cswidth=\"31.3%\" data-csid=\"ed81930a-d6b3-d056-ada0-9ab58fd34eca\">\n<p><strong>Alto n\u00edvel de rigor cient\u00edfico<\/strong><\/p>\n<p><img loading=\"lazy\" decoding=\"async\" class=\"size-full wp-image-2285 alignnone\" src=\"https:\/\/neuroforma.com.br\/novo\/wp-content\/uploads\/2015\/01\/icon-recursos5.png\" alt=\"icon-recursos5\" width=\"105\" height=\"81\" \/><\/p>\n<p><span style=\"color: #575656;\">Mais de 100 pesquisas cient\u00edficas j\u00e1 revisadas demonstram uma s\u00e9rie de benef\u00edcios cognitivos com a pr\u00e1tica regular dos exerc\u00edcios, tais como: ganhos de at\u00e9 10 anos em mem\u00f3ria, 131% de aumento na velocidade de racioc\u00ednio, melhor estado de esp\u00edrito, autoconfian\u00e7a e muito mais.<\/span><\/p>\n<\/div>\n<div class=\"csColumnGap\" style=\"margin: 0px; padding: 0px; float: left; width: 1.56%;\"><img decoding=\"async\" style=\"border: none;\" src=\"https:\/\/neuroforma.com.br\/novo\/wp-content\/plugins\/advanced-wp-columns\/assets\/js\/plugins\/views\/img\/1x1-pixel.png\" alt=\"\" \/><\/div>\n<div class=\"csColumn\" style=\"margin: 0px; padding: 0px; float: left; width: 31.3%;\" data-csstartpoint=\"645\" data-csendpoint=\"945\" data-cswidth=\"31.3%\" data-csid=\"655733be-c31c-a8f3-875c-37596198f6e1\">\n<p><strong>Suporte em v<\/strong><strong>\u00e1<\/strong><strong>rios dispositivos<\/strong><\/p>\n<p><img loading=\"lazy\" decoding=\"async\" class=\"size-full wp-image-2280 alignnone\" src=\"https:\/\/neuroforma.com.br\/novo\/wp-content\/uploads\/2015\/01\/icon-recursos6.png\" alt=\"icon-recursos6\" width=\"113\" height=\"80\" \/><\/p>\n<p><span style=\"color: #575656;\">BrainHQ\u00ae est\u00e1 dispon\u00edvel na WEB em portugu\u00eas e outras\u00a0 l\u00ednguas, tanto no seu computador quanto em dispositivos mobiles, al\u00e9m do APP (ainda somente em ingl\u00eas). O treino que voc\u00ea pratica em um dispositivo \u00e9 sincronizado com o outro para que o treinamento seja sempre cont\u00ednuo.\u00a0<\/span><\/p>\n<\/div>\n<div class=\"csColumnGap\" style=\"margin: 0px; padding: 0px; float: left; width: 1.56%;\"><img decoding=\"async\" style=\"border: none;\" src=\"https:\/\/neuroforma.com.br\/novo\/wp-content\/plugins\/advanced-wp-columns\/assets\/js\/plugins\/views\/img\/1x1-pixel.png\" alt=\"\" \/><\/div>\n<div style=\"clear: both; float: none; display: block; visibility: hidden; width: 0px; font-size: 0px; line-height: 0;\"><\/div>\n<\/div>\n<p>&nbsp;<\/p>\n<h4><span style=\"color: #14589c;\"><em>Seu c\u00e9rebro tamb\u00e9m precisa de exerc\u00edcios!<\/em><br \/>\n<\/span><\/h4>\n","protected":false},"excerpt":{"rendered":"<h3 style=\"font-size: 22px; font-weight: 600;\">Por R$414 (em at\u00e9 6x de R$69 sem juros)<\/h3>\n<p><strong>Mais de 40 cursos e exerc\u00edcios<\/strong> cientificamente projetados para melhorar as capacidades de:<\/p>\n<ul>\n<li>Foco, aten\u00e7\u00e3o e racioc\u00ednio<\/li>\n<li>Tempo de rea\u00e7\u00e3o e resposta<\/li>\n<li>Audi\u00e7\u00e3o e acuidade visual<\/li>\n<li>Mem\u00f3ria e linguagem<\/li>\n<li>Habilidades sociais<\/li>\n<li>Orienta\u00e7\u00e3o espacial<\/li>\n<\/ul>\n<p>&nbsp;<\/p>\n","protected":false},"featured_media":3901,"template":"","meta":[],"product_brand":[],"product_cat":[31],"product_tag":[],"class_list":{"0":"post-2237","1":"product","2":"type-product","3":"status-publish","4":"has-post-thumbnail","6":"product_cat-uncategorized","7":"repupress_customize_woocommerce_productom_class","9":"first","10":"instock","11":"downloadable","12":"virtual","13":"sold-individually","14":"purchasable","15":"product-type-simple"},"yoast_head":"<!-- This site is optimized with the Yoast SEO plugin v26.9 - https:\/\/yoast.com\/product\/yoast-seo-wordpress\/ -->\n<title>Plano semestral Apenas R$ 69 por m\u00eas -<\/title>\n<meta name=\"robots\" content=\"index, follow, max-snippet:-1, max-image-preview:large, max-video-preview:-1\" \/>\n<link rel=\"canonical\" href=\"https:\/\/neuroforma.com.br\/novo\/produto\/plano-de-treinamento-brain-hq-semestral-6-x-r39\/\" \/>\n<meta property=\"og:locale\" content=\"pt_BR\" \/>\n<meta property=\"og:type\" content=\"article\" \/>\n<meta property=\"og:title\" content=\"Plano semestral Apenas R$ 69 por m\u00eas -\" \/>\n<meta property=\"og:description\" content=\"Por R$414 (em at\u00e9 6x de R$69 sem juros) Mais de 40 cursos e exerc\u00edcios cientificamente projetados para melhorar as capacidades de:   Foco, aten\u00e7\u00e3o e racioc\u00ednio  Tempo de rea\u00e7\u00e3o e resposta  Audi\u00e7\u00e3o e acuidade visual  Mem\u00f3ria e linguagem  Habilidades sociais  Orienta\u00e7\u00e3o espacial  &nbsp;\" \/>\n<meta property=\"og:url\" content=\"https:\/\/neuroforma.com.br\/novo\/produto\/plano-de-treinamento-brain-hq-semestral-6-x-r39\/\" \/>\n<meta property=\"article:modified_time\" content=\"2026-04-18T14:00:33+00:00\" \/>\n<meta property=\"og:image\" content=\"https:\/\/neuroforma.com.br\/novo\/wp-content\/uploads\/2015\/03\/img-produto-shop-semestral.jpg\" \/>\n\t<meta property=\"og:image:width\" content=\"307\" \/>\n\t<meta property=\"og:image:height\" content=\"307\" \/>\n\t<meta property=\"og:image:type\" content=\"image\/jpeg\" \/>\n<meta name=\"twitter:label1\" content=\"Est. tempo de leitura\" \/>\n\t<meta name=\"twitter:data1\" content=\"5 minutos\" \/>\n<script type=\"application\/ld+json\" class=\"yoast-schema-graph\">{\"@context\":\"https:\/\/schema.org\",\"@graph\":[{\"@type\":\"WebPage\",\"@id\":\"https:\/\/neuroforma.com.br\/novo\/produto\/plano-de-treinamento-brain-hq-semestral-6-x-r39\/\",\"url\":\"https:\/\/neuroforma.com.br\/novo\/produto\/plano-de-treinamento-brain-hq-semestral-6-x-r39\/\",\"name\":\"Plano semestral Apenas R$ 69 por m\u00eas -\",\"isPartOf\":{\"@id\":\"https:\/\/neuroforma.com.br\/novo\/#website\"},\"primaryImageOfPage\":{\"@id\":\"https:\/\/neuroforma.com.br\/novo\/produto\/plano-de-treinamento-brain-hq-semestral-6-x-r39\/#primaryimage\"},\"image\":{\"@id\":\"https:\/\/neuroforma.com.br\/novo\/produto\/plano-de-treinamento-brain-hq-semestral-6-x-r39\/#primaryimage\"},\"thumbnailUrl\":\"https:\/\/neuroforma.com.br\/novo\/wp-content\/uploads\/2015\/03\/img-produto-shop-semestral.jpg\",\"datePublished\":\"2015-03-05T19:46:08+00:00\",\"dateModified\":\"2026-04-18T14:00:33+00:00\",\"breadcrumb\":{\"@id\":\"https:\/\/neuroforma.com.br\/novo\/produto\/plano-de-treinamento-brain-hq-semestral-6-x-r39\/#breadcrumb\"},\"inLanguage\":\"pt-BR\",\"potentialAction\":[{\"@type\":\"ReadAction\",\"target\":[\"https:\/\/neuroforma.com.br\/novo\/produto\/plano-de-treinamento-brain-hq-semestral-6-x-r39\/\"]}]},{\"@type\":\"ImageObject\",\"inLanguage\":\"pt-BR\",\"@id\":\"https:\/\/neuroforma.com.br\/novo\/produto\/plano-de-treinamento-brain-hq-semestral-6-x-r39\/#primaryimage\",\"url\":\"https:\/\/neuroforma.com.br\/novo\/wp-content\/uploads\/2015\/03\/img-produto-shop-semestral.jpg\",\"contentUrl\":\"https:\/\/neuroforma.com.br\/novo\/wp-content\/uploads\/2015\/03\/img-produto-shop-semestral.jpg\",\"width\":307,\"height\":307},{\"@type\":\"BreadcrumbList\",\"@id\":\"https:\/\/neuroforma.com.br\/novo\/produto\/plano-de-treinamento-brain-hq-semestral-6-x-r39\/#breadcrumb\",\"itemListElement\":[{\"@type\":\"ListItem\",\"position\":1,\"name\":\"Home\",\"item\":\"https:\/\/neuroforma.com.br\/novo\/\"},{\"@type\":\"ListItem\",\"position\":2,\"name\":\"Shop\",\"item\":\"https:\/\/neuroforma.com.br\/novo\/shop\/\"},{\"@type\":\"ListItem\",\"position\":3,\"name\":\"Plano semestral Apenas R$ 69 por m\u00eas\"}]},{\"@type\":\"WebSite\",\"@id\":\"https:\/\/neuroforma.com.br\/novo\/#website\",\"url\":\"https:\/\/neuroforma.com.br\/novo\/\",\"name\":\"\",\"description\":\"\",\"potentialAction\":[{\"@type\":\"SearchAction\",\"target\":{\"@type\":\"EntryPoint\",\"urlTemplate\":\"https:\/\/neuroforma.com.br\/novo\/?s={search_term_string}\"},\"query-input\":{\"@type\":\"PropertyValueSpecification\",\"valueRequired\":true,\"valueName\":\"search_term_string\"}}],\"inLanguage\":\"pt-BR\"}]}<\/script>\n<!-- \/ Yoast SEO plugin. -->","yoast_head_json":{"title":"Plano semestral Apenas R$ 69 por m\u00eas -","robots":{"index":"index","follow":"follow","max-snippet":"max-snippet:-1","max-image-preview":"max-image-preview:large","max-video-preview":"max-video-preview:-1"},"canonical":"https:\/\/neuroforma.com.br\/novo\/produto\/plano-de-treinamento-brain-hq-semestral-6-x-r39\/","og_locale":"pt_BR","og_type":"article","og_title":"Plano semestral Apenas R$ 69 por m\u00eas -","og_description":"Por R$414 (em at\u00e9 6x de R$69 sem juros) Mais de 40 cursos e exerc\u00edcios cientificamente projetados para melhorar as capacidades de:   Foco, aten\u00e7\u00e3o e racioc\u00ednio  Tempo de rea\u00e7\u00e3o e resposta  Audi\u00e7\u00e3o e acuidade visual  Mem\u00f3ria e linguagem  Habilidades sociais  Orienta\u00e7\u00e3o espacial  &nbsp;","og_url":"https:\/\/neuroforma.com.br\/novo\/produto\/plano-de-treinamento-brain-hq-semestral-6-x-r39\/","article_modified_time":"2026-04-18T14:00:33+00:00","og_image":[{"width":307,"height":307,"url":"https:\/\/neuroforma.com.br\/novo\/wp-content\/uploads\/2015\/03\/img-produto-shop-semestral.jpg","type":"image\/jpeg"}],"twitter_misc":{"Est. tempo de leitura":"5 minutos"},"schema":{"@context":"https:\/\/schema.org","@graph":[{"@type":"WebPage","@id":"https:\/\/neuroforma.com.br\/novo\/produto\/plano-de-treinamento-brain-hq-semestral-6-x-r39\/","url":"https:\/\/neuroforma.com.br\/novo\/produto\/plano-de-treinamento-brain-hq-semestral-6-x-r39\/","name":"Plano semestral Apenas R$ 69 por m\u00eas -","isPartOf":{"@id":"https:\/\/neuroforma.com.br\/novo\/#website"},"primaryImageOfPage":{"@id":"https:\/\/neuroforma.com.br\/novo\/produto\/plano-de-treinamento-brain-hq-semestral-6-x-r39\/#primaryimage"},"image":{"@id":"https:\/\/neuroforma.com.br\/novo\/produto\/plano-de-treinamento-brain-hq-semestral-6-x-r39\/#primaryimage"},"thumbnailUrl":"https:\/\/neuroforma.com.br\/novo\/wp-content\/uploads\/2015\/03\/img-produto-shop-semestral.jpg","datePublished":"2015-03-05T19:46:08+00:00","dateModified":"2026-04-18T14:00:33+00:00","breadcrumb":{"@id":"https:\/\/neuroforma.com.br\/novo\/produto\/plano-de-treinamento-brain-hq-semestral-6-x-r39\/#breadcrumb"},"inLanguage":"pt-BR","potentialAction":[{"@type":"ReadAction","target":["https:\/\/neuroforma.com.br\/novo\/produto\/plano-de-treinamento-brain-hq-semestral-6-x-r39\/"]}]},{"@type":"ImageObject","inLanguage":"pt-BR","@id":"https:\/\/neuroforma.com.br\/novo\/produto\/plano-de-treinamento-brain-hq-semestral-6-x-r39\/#primaryimage","url":"https:\/\/neuroforma.com.br\/novo\/wp-content\/uploads\/2015\/03\/img-produto-shop-semestral.jpg","contentUrl":"https:\/\/neuroforma.com.br\/novo\/wp-content\/uploads\/2015\/03\/img-produto-shop-semestral.jpg","width":307,"height":307},{"@type":"BreadcrumbList","@id":"https:\/\/neuroforma.com.br\/novo\/produto\/plano-de-treinamento-brain-hq-semestral-6-x-r39\/#breadcrumb","itemListElement":[{"@type":"ListItem","position":1,"name":"Home","item":"https:\/\/neuroforma.com.br\/novo\/"},{"@type":"ListItem","position":2,"name":"Shop","item":"https:\/\/neuroforma.com.br\/novo\/shop\/"},{"@type":"ListItem","position":3,"name":"Plano semestral Apenas R$ 69 por m\u00eas"}]},{"@type":"WebSite","@id":"https:\/\/neuroforma.com.br\/novo\/#website","url":"https:\/\/neuroforma.com.br\/novo\/","name":"","description":"","potentialAction":[{"@type":"SearchAction","target":{"@type":"EntryPoint","urlTemplate":"https:\/\/neuroforma.com.br\/novo\/?s={search_term_string}"},"query-input":{"@type":"PropertyValueSpecification","valueRequired":true,"valueName":"search_term_string"}}],"inLanguage":"pt-BR"}]}},"_links":{"self":[{"href":"https:\/\/neuroforma.com.br\/novo\/wp-json\/wp\/v2\/product\/2237","targetHints":{"allow":["GET"]}}],"collection":[{"href":"https:\/\/neuroforma.com.br\/novo\/wp-json\/wp\/v2\/product"}],"about":[{"href":"https:\/\/neuroforma.com.br\/novo\/wp-json\/wp\/v2\/types\/product"}],"wp:featuredmedia":[{"embeddable":true,"href":"https:\/\/neuroforma.com.br\/novo\/wp-json\/wp\/v2\/media\/3901"}],"wp:attachment":[{"href":"https:\/\/neuroforma.com.br\/novo\/wp-json\/wp\/v2\/media?parent=2237"}],"wp:term":[{"taxonomy":"product_brand","embeddable":true,"href":"https:\/\/neuroforma.com.br\/novo\/wp-json\/wp\/v2\/product_brand?post=2237"},{"taxonomy":"product_cat","embeddable":true,"href":"https:\/\/neuroforma.com.br\/novo\/wp-json\/wp\/v2\/product_cat?post=2237"},{"taxonomy":"product_tag","embeddable":true,"href":"https:\/\/neuroforma.com.br\/novo\/wp-json\/wp\/v2\/product_tag?post=2237"}],"curies":[{"name":"wp","href":"https:\/\/api.w.org\/{rel}","templated":true}]}}