{"id":2203,"date":"2015-01-29T18:48:46","date_gmt":"2015-01-29T18:48:46","guid":{"rendered":"https:\/\/neuroforma.com.br\/novo\/?post_type=product&#038;p=2203"},"modified":"2026-04-16T20:54:37","modified_gmt":"2026-04-16T20:54:37","slug":"plano-de-treinamento-brain-hq","status":"publish","type":"product","link":"https:\/\/neuroforma.com.br\/novo\/produto\/plano-de-treinamento-brain-hq\/","title":{"rendered":"Plano mensal <br \/>Por R$79"},"content":{"rendered":"<p>Tenha <strong>acesso ilimitado<\/strong> ao programa de treino cognitivo mais cientificamente testado e dispon\u00edvel on-line.<\/p>\n<p>Agora com suporte on-line <strong>totalmente em portugu\u00eas<\/strong>, al\u00e9m de acesso \u00e0 plataforma digital em outras 7 l\u00ednguas.<\/p>\n<h1><span style=\"color: #14589c;\">Principais benef\u00edcios do programa<\/span><\/h1>\n<div class=\"csRow\">\n<div class=\"csColumnGap\" style=\"margin: 0px; padding: 0px; float: left; width: 1.56%;\"><img decoding=\"async\" style=\"border: none;\" src=\"https:\/\/neuroforma.com.br\/novo\/wp-content\/plugins\/advanced-wp-columns\/assets\/js\/plugins\/views\/img\/1x1-pixel.png\" alt=\"\" \/><\/div>\n<div class=\"csColumn\" style=\"margin: 0px; padding: 0px; float: left; width: 31.3%;\" data-csstartpoint=\"15\" data-csendpoint=\"315\" data-cswidth=\"31.3%\" data-csid=\"ed9c7a3a-3c5e-1ea3-8b47-be3ee18d6a06\">\n<p><strong>Exerc<\/strong><strong>\u00ed<\/strong><strong>cios cientificamente testados<\/strong><\/p>\n<p><img loading=\"lazy\" decoding=\"async\" class=\"size-full wp-image-2281 alignnone\" src=\"https:\/\/neuroforma.com.br\/novo\/wp-content\/uploads\/2015\/01\/icon-recursos1.png\" alt=\"icon-recursos1\" width=\"92\" height=\"77\" \/><\/p>\n<p>+ 25 exerc\u00edcios cientificamente projetados para treinar as capacidades de aten\u00e7\u00e3o, mem\u00f3ria, velocidade cerebral, intelig\u00eancia, orienta\u00e7\u00e3o e racioc\u00ednio, com algor\u00edtimos de adaptabilidade programados para manter seu c\u00e9rebro sempre trabalhando <em>no limite<\/em>.<\/p>\n<\/div>\n<div class=\"csColumnGap\" style=\"margin: 0px; padding: 0px; float: left; width: 1.56%;\"><img decoding=\"async\" style=\"border: none;\" src=\"https:\/\/neuroforma.com.br\/novo\/wp-content\/plugins\/advanced-wp-columns\/assets\/js\/plugins\/views\/img\/1x1-pixel.png\" alt=\"\" \/><\/div>\n<div class=\"csColumn\" style=\"margin: 0px; padding: 0px; float: left; width: 31.3%;\" data-csstartpoint=\"330\" data-csendpoint=\"630\" data-cswidth=\"31.3%\" data-csid=\"ed81930a-d6b3-d056-ada0-9ab58fd34eca\">\n<p><strong>Cursos e desafios<\/strong><\/p>\n<p><a href=\"https:\/\/neuroforma.com.br\/novo\/wp-content\/uploads\/2015\/01\/icon-recursos2.png\"><img loading=\"lazy\" decoding=\"async\" class=\"size-full wp-image-2282 alignnone\" src=\"https:\/\/neuroforma.com.br\/novo\/wp-content\/uploads\/2015\/01\/icon-recursos2.png\" alt=\"icon-recursos2\" width=\"80\" height=\"89\" \/><\/a><\/p>\n<p>+ 14 cursos para ajudar voc\u00ea a aprimorar capacidades espec\u00edficas: se voc\u00ea est\u00e1 treinando seu c\u00e9rebro para se destacar no trabalho, pelo desenvolvimento pessoal, ou melhorar suas habilidades cognitivas por uma s\u00e9rie\u00a0de outras raz\u00f5es, agora voc\u00ea tem uma poderosa ferramenta nas m\u00e3os.<\/p>\n<\/div>\n<div class=\"csColumnGap\" style=\"margin: 0px; padding: 0px; float: left; width: 1.56%;\"><img decoding=\"async\" style=\"border: none;\" src=\"https:\/\/neuroforma.com.br\/novo\/wp-content\/plugins\/advanced-wp-columns\/assets\/js\/plugins\/views\/img\/1x1-pixel.png\" alt=\"\" \/><\/div>\n<div class=\"csColumn\" style=\"margin: 0px; padding: 0px; float: left; width: 31.3%;\" data-csstartpoint=\"645\" data-csendpoint=\"945\" data-cswidth=\"31.3%\" data-csid=\"655733be-c31c-a8f3-875c-37596198f6e1\">\n<p><strong>Feedbacks <\/strong><strong>de progresso detalhado<\/strong><\/p>\n<p><a href=\"https:\/\/neuroforma.com.br\/novo\/wp-content\/uploads\/2015\/01\/icon-recursos3.png\"><img loading=\"lazy\" decoding=\"async\" class=\"size-full wp-image-2283 alignnone\" src=\"https:\/\/neuroforma.com.br\/novo\/wp-content\/uploads\/2015\/01\/icon-recursos3.png\" alt=\"icon-recursos3\" width=\"96\" height=\"74\" \/><\/a><\/p>\n<p><span style=\"line-height: 1.5;\">Mapas e relat\u00f3rios de acompanhamento do desempenho,\u00a0ferramentas de medi\u00e7\u00e3o da progress\u00e3o\u00a0com registro de tempo e intensidade do treinamento, entre outros recursos de avalia\u00e7\u00e3o da performance, todos disponibilizados de forma pr\u00e1tica e on-line.\u00a0<\/span><\/p>\n<\/div>\n<div class=\"csColumnGap\" style=\"margin: 0px; padding: 0px; float: left; width: 1.56%;\"><img decoding=\"async\" style=\"border: none;\" src=\"https:\/\/neuroforma.com.br\/novo\/wp-content\/plugins\/advanced-wp-columns\/assets\/js\/plugins\/views\/img\/1x1-pixel.png\" alt=\"\" \/><\/div>\n<div style=\"clear: both; float: none; display: block; visibility: hidden; width: 0px; font-size: 0px; line-height: 0;\"><\/div>\n<\/div>\n<h2><\/h2>\n<div class=\"csRow\">\n<div class=\"csColumnGap\" style=\"margin: 0px; padding: 0px; float: left; width: 1.56%;\"><img decoding=\"async\" style=\"border: none;\" src=\"https:\/\/neuroforma.com.br\/novo\/wp-content\/plugins\/advanced-wp-columns\/assets\/js\/plugins\/views\/img\/1x1-pixel.png\" alt=\"\" \/><\/div>\n<div class=\"csColumn\" style=\"margin: 0px; padding: 0px; float: left; width: 31.3%;\" data-csstartpoint=\"15\" data-csendpoint=\"315\" data-cswidth=\"31.3%\" data-csid=\"ed9c7a3a-3c5e-1ea3-8b47-be3ee18d6a06\">\n<p><strong>Treinamento personalizado<\/strong><\/p>\n<p><a href=\"https:\/\/neuroforma.com.br\/novo\/wp-content\/uploads\/2015\/01\/icon-recursos4.png\"><img loading=\"lazy\" decoding=\"async\" class=\"size-full wp-image-2284 alignnone\" src=\"https:\/\/neuroforma.com.br\/novo\/wp-content\/uploads\/2015\/01\/icon-recursos4.png\" alt=\"icon-recursos4\" width=\"83\" height=\"79\" \/><\/a><\/p>\n<p><span style=\"color: #575656;\">Com o recurso de treinamento personalizado \u00e9 poss\u00edvel programar uma agenda di\u00e1ria para que voc\u00ea possa aproveitar ao m\u00e1ximo cada minuto do seu tempo de treinamento. Ele mapeia como voc\u00ea est\u00e1 se saindo, em seguida, atribui uma s\u00e9rie de exerc\u00edcios com base no seu progresso e desempenho.<\/span><\/p>\n<\/div>\n<div class=\"csColumnGap\" style=\"margin: 0px; padding: 0px; float: left; width: 1.56%;\"><img decoding=\"async\" style=\"border: none;\" src=\"https:\/\/neuroforma.com.br\/novo\/wp-content\/plugins\/advanced-wp-columns\/assets\/js\/plugins\/views\/img\/1x1-pixel.png\" alt=\"\" \/><\/div>\n<div class=\"csColumn\" style=\"margin: 0px; padding: 0px; float: left; width: 31.3%;\" data-csstartpoint=\"330\" data-csendpoint=\"630\" data-cswidth=\"31.3%\" data-csid=\"ed81930a-d6b3-d056-ada0-9ab58fd34eca\">\n<p><strong>Alto n\u00edvel de rigor cient\u00edfico<\/strong><\/p>\n<p><img loading=\"lazy\" decoding=\"async\" class=\"size-full wp-image-2285 alignnone\" src=\"https:\/\/neuroforma.com.br\/novo\/wp-content\/uploads\/2015\/01\/icon-recursos5.png\" alt=\"icon-recursos5\" width=\"105\" height=\"81\" \/><\/p>\n<p><span style=\"color: #575656;\">Mais de 70 pesquisas cient\u00edficas j\u00e1 revisadas demonstram uma s\u00e9rie de benef\u00edcios cognitivos com a pr\u00e1tica regular dos exerc\u00edcios, tais como: ganhos de at\u00e9 10 anos em mem\u00f3ria, 131% de aumento na velocidade de racioc\u00ednio, melhor estado de esp\u00edrito, autoconfian\u00e7a e muito, muito mais.<\/span><\/p>\n<\/div>\n<div class=\"csColumnGap\" style=\"margin: 0px; padding: 0px; float: left; width: 1.56%;\"><img decoding=\"async\" style=\"border: none;\" src=\"https:\/\/neuroforma.com.br\/novo\/wp-content\/plugins\/advanced-wp-columns\/assets\/js\/plugins\/views\/img\/1x1-pixel.png\" alt=\"\" \/><\/div>\n<div class=\"csColumn\" style=\"margin: 0px; padding: 0px; float: left; width: 31.3%;\" data-csstartpoint=\"645\" data-csendpoint=\"945\" data-cswidth=\"31.3%\" data-csid=\"655733be-c31c-a8f3-875c-37596198f6e1\">\n<p><strong>Suporte em v<\/strong><strong>\u00e1<\/strong><strong>rios dispositivos<\/strong><\/p>\n<p><img loading=\"lazy\" decoding=\"async\" class=\"size-full wp-image-2280 alignnone\" src=\"https:\/\/neuroforma.com.br\/novo\/wp-content\/uploads\/2015\/01\/icon-recursos6.png\" alt=\"icon-recursos6\" width=\"113\" height=\"80\" \/><\/p>\n<p><span style=\"color: #575656;\">Mais de 70 pesquisas cient\u00edficas j\u00e1 revisadas demonstram uma s\u00e9rie de benef\u00edcios cognitivos com a pr\u00e1tica regular dos exerc\u00edcios, tais como: ganhos de at\u00e9 10 anos em mem\u00f3ria, 131% de aumento na velocidade de racioc\u00ednio, melhor estado de esp\u00edrito, autoconfian\u00e7a e muito, muito mais.<\/span><\/p>\n<\/div>\n<\/div>\n<h4><span style=\"color: #14589c;\"><em>Exerc\u00edcios virtuais, benef\u00edcios reais.<\/em> <a href=\"http:\/\/br.brainhq.com\">Pratique! <\/a><\/span><\/h4>\n<p>&nbsp;<\/p>\n","protected":false},"excerpt":{"rendered":"<h2>Plano Mensal por R$79<\/h2>\n<p>Acesso completo aos <strong>mais de 40 cursos e exerc\u00edcios online<\/strong> cientificamente projetados para melhorar suas capacidades de:<\/p>\n<ul>\n<li>Foco, aten\u00e7\u00e3o e racioc\u00ednio<\/li>\n<li>Tempo de rea\u00e7\u00e3o e resposta<\/li>\n<li>Mem\u00f3ria e linguagem<\/li>\n<li>Habilidades sociais<\/li>\n<li>Orienta\u00e7\u00e3o espacial<\/li>\n<\/ul>\n","protected":false},"featured_media":3900,"template":"","meta":[],"product_brand":[],"product_cat":[31],"product_tag":[],"class_list":{"0":"post-2203","1":"product","2":"type-product","3":"status-publish","4":"has-post-thumbnail","6":"product_cat-uncategorized","7":"repupress_customize_woocommerce_productom_class","9":"first","10":"instock","11":"downloadable","12":"virtual","13":"sold-individually","14":"purchasable","15":"product-type-simple"},"yoast_head":"<!-- This site is optimized with the Yoast SEO plugin v26.9 - https:\/\/yoast.com\/product\/yoast-seo-wordpress\/ -->\n<title>Plano mensal Por R$79 -<\/title>\n<meta name=\"robots\" content=\"index, follow, max-snippet:-1, max-image-preview:large, max-video-preview:-1\" \/>\n<link rel=\"canonical\" href=\"https:\/\/neuroforma.com.br\/novo\/produto\/plano-de-treinamento-brain-hq\/\" \/>\n<meta property=\"og:locale\" content=\"pt_BR\" \/>\n<meta property=\"og:type\" content=\"article\" \/>\n<meta property=\"og:title\" content=\"Plano mensal Por R$79 -\" \/>\n<meta property=\"og:description\" content=\"Plano Mensal por R$79 Acesso completo aos mais de 40 cursos e exerc\u00edcios online cientificamente projetados para melhorar suas capacidades de:   Foco, aten\u00e7\u00e3o e racioc\u00ednio  Tempo de rea\u00e7\u00e3o e resposta  Mem\u00f3ria e linguagem  Habilidades sociais  Orienta\u00e7\u00e3o espacial\" \/>\n<meta property=\"og:url\" content=\"https:\/\/neuroforma.com.br\/novo\/produto\/plano-de-treinamento-brain-hq\/\" \/>\n<meta property=\"article:modified_time\" content=\"2026-04-16T20:54:37+00:00\" \/>\n<meta property=\"og:image\" content=\"https:\/\/neuroforma.com.br\/novo\/wp-content\/uploads\/2015\/03\/img-produto-shop-mensal.jpg\" \/>\n\t<meta property=\"og:image:width\" content=\"307\" \/>\n\t<meta property=\"og:image:height\" content=\"307\" \/>\n\t<meta property=\"og:image:type\" content=\"image\/jpeg\" \/>\n<meta name=\"twitter:label1\" content=\"Est. tempo de leitura\" \/>\n\t<meta name=\"twitter:data1\" content=\"5 minutos\" \/>\n<script type=\"application\/ld+json\" class=\"yoast-schema-graph\">{\"@context\":\"https:\/\/schema.org\",\"@graph\":[{\"@type\":\"WebPage\",\"@id\":\"https:\/\/neuroforma.com.br\/novo\/produto\/plano-de-treinamento-brain-hq\/\",\"url\":\"https:\/\/neuroforma.com.br\/novo\/produto\/plano-de-treinamento-brain-hq\/\",\"name\":\"Plano mensal Por R$79 -\",\"isPartOf\":{\"@id\":\"https:\/\/neuroforma.com.br\/novo\/#website\"},\"primaryImageOfPage\":{\"@id\":\"https:\/\/neuroforma.com.br\/novo\/produto\/plano-de-treinamento-brain-hq\/#primaryimage\"},\"image\":{\"@id\":\"https:\/\/neuroforma.com.br\/novo\/produto\/plano-de-treinamento-brain-hq\/#primaryimage\"},\"thumbnailUrl\":\"https:\/\/neuroforma.com.br\/novo\/wp-content\/uploads\/2015\/03\/img-produto-shop-mensal.jpg\",\"datePublished\":\"2015-01-29T18:48:46+00:00\",\"dateModified\":\"2026-04-16T20:54:37+00:00\",\"breadcrumb\":{\"@id\":\"https:\/\/neuroforma.com.br\/novo\/produto\/plano-de-treinamento-brain-hq\/#breadcrumb\"},\"inLanguage\":\"pt-BR\",\"potentialAction\":[{\"@type\":\"ReadAction\",\"target\":[\"https:\/\/neuroforma.com.br\/novo\/produto\/plano-de-treinamento-brain-hq\/\"]}]},{\"@type\":\"ImageObject\",\"inLanguage\":\"pt-BR\",\"@id\":\"https:\/\/neuroforma.com.br\/novo\/produto\/plano-de-treinamento-brain-hq\/#primaryimage\",\"url\":\"https:\/\/neuroforma.com.br\/novo\/wp-content\/uploads\/2015\/03\/img-produto-shop-mensal.jpg\",\"contentUrl\":\"https:\/\/neuroforma.com.br\/novo\/wp-content\/uploads\/2015\/03\/img-produto-shop-mensal.jpg\",\"width\":307,\"height\":307},{\"@type\":\"BreadcrumbList\",\"@id\":\"https:\/\/neuroforma.com.br\/novo\/produto\/plano-de-treinamento-brain-hq\/#breadcrumb\",\"itemListElement\":[{\"@type\":\"ListItem\",\"position\":1,\"name\":\"Home\",\"item\":\"https:\/\/neuroforma.com.br\/novo\/\"},{\"@type\":\"ListItem\",\"position\":2,\"name\":\"Shop\",\"item\":\"https:\/\/neuroforma.com.br\/novo\/shop\/\"},{\"@type\":\"ListItem\",\"position\":3,\"name\":\"Plano mensal Por R$79\"}]},{\"@type\":\"WebSite\",\"@id\":\"https:\/\/neuroforma.com.br\/novo\/#website\",\"url\":\"https:\/\/neuroforma.com.br\/novo\/\",\"name\":\"\",\"description\":\"\",\"potentialAction\":[{\"@type\":\"SearchAction\",\"target\":{\"@type\":\"EntryPoint\",\"urlTemplate\":\"https:\/\/neuroforma.com.br\/novo\/?s={search_term_string}\"},\"query-input\":{\"@type\":\"PropertyValueSpecification\",\"valueRequired\":true,\"valueName\":\"search_term_string\"}}],\"inLanguage\":\"pt-BR\"}]}<\/script>\n<!-- \/ Yoast SEO plugin. -->","yoast_head_json":{"title":"Plano mensal Por R$79 -","robots":{"index":"index","follow":"follow","max-snippet":"max-snippet:-1","max-image-preview":"max-image-preview:large","max-video-preview":"max-video-preview:-1"},"canonical":"https:\/\/neuroforma.com.br\/novo\/produto\/plano-de-treinamento-brain-hq\/","og_locale":"pt_BR","og_type":"article","og_title":"Plano mensal Por R$79 -","og_description":"Plano Mensal por R$79 Acesso completo aos mais de 40 cursos e exerc\u00edcios online cientificamente projetados para melhorar suas capacidades de:   Foco, aten\u00e7\u00e3o e racioc\u00ednio  Tempo de rea\u00e7\u00e3o e resposta  Mem\u00f3ria e linguagem  Habilidades sociais  Orienta\u00e7\u00e3o espacial","og_url":"https:\/\/neuroforma.com.br\/novo\/produto\/plano-de-treinamento-brain-hq\/","article_modified_time":"2026-04-16T20:54:37+00:00","og_image":[{"width":307,"height":307,"url":"https:\/\/neuroforma.com.br\/novo\/wp-content\/uploads\/2015\/03\/img-produto-shop-mensal.jpg","type":"image\/jpeg"}],"twitter_misc":{"Est. tempo de leitura":"5 minutos"},"schema":{"@context":"https:\/\/schema.org","@graph":[{"@type":"WebPage","@id":"https:\/\/neuroforma.com.br\/novo\/produto\/plano-de-treinamento-brain-hq\/","url":"https:\/\/neuroforma.com.br\/novo\/produto\/plano-de-treinamento-brain-hq\/","name":"Plano mensal Por R$79 -","isPartOf":{"@id":"https:\/\/neuroforma.com.br\/novo\/#website"},"primaryImageOfPage":{"@id":"https:\/\/neuroforma.com.br\/novo\/produto\/plano-de-treinamento-brain-hq\/#primaryimage"},"image":{"@id":"https:\/\/neuroforma.com.br\/novo\/produto\/plano-de-treinamento-brain-hq\/#primaryimage"},"thumbnailUrl":"https:\/\/neuroforma.com.br\/novo\/wp-content\/uploads\/2015\/03\/img-produto-shop-mensal.jpg","datePublished":"2015-01-29T18:48:46+00:00","dateModified":"2026-04-16T20:54:37+00:00","breadcrumb":{"@id":"https:\/\/neuroforma.com.br\/novo\/produto\/plano-de-treinamento-brain-hq\/#breadcrumb"},"inLanguage":"pt-BR","potentialAction":[{"@type":"ReadAction","target":["https:\/\/neuroforma.com.br\/novo\/produto\/plano-de-treinamento-brain-hq\/"]}]},{"@type":"ImageObject","inLanguage":"pt-BR","@id":"https:\/\/neuroforma.com.br\/novo\/produto\/plano-de-treinamento-brain-hq\/#primaryimage","url":"https:\/\/neuroforma.com.br\/novo\/wp-content\/uploads\/2015\/03\/img-produto-shop-mensal.jpg","contentUrl":"https:\/\/neuroforma.com.br\/novo\/wp-content\/uploads\/2015\/03\/img-produto-shop-mensal.jpg","width":307,"height":307},{"@type":"BreadcrumbList","@id":"https:\/\/neuroforma.com.br\/novo\/produto\/plano-de-treinamento-brain-hq\/#breadcrumb","itemListElement":[{"@type":"ListItem","position":1,"name":"Home","item":"https:\/\/neuroforma.com.br\/novo\/"},{"@type":"ListItem","position":2,"name":"Shop","item":"https:\/\/neuroforma.com.br\/novo\/shop\/"},{"@type":"ListItem","position":3,"name":"Plano mensal Por R$79"}]},{"@type":"WebSite","@id":"https:\/\/neuroforma.com.br\/novo\/#website","url":"https:\/\/neuroforma.com.br\/novo\/","name":"","description":"","potentialAction":[{"@type":"SearchAction","target":{"@type":"EntryPoint","urlTemplate":"https:\/\/neuroforma.com.br\/novo\/?s={search_term_string}"},"query-input":{"@type":"PropertyValueSpecification","valueRequired":true,"valueName":"search_term_string"}}],"inLanguage":"pt-BR"}]}},"_links":{"self":[{"href":"https:\/\/neuroforma.com.br\/novo\/wp-json\/wp\/v2\/product\/2203","targetHints":{"allow":["GET"]}}],"collection":[{"href":"https:\/\/neuroforma.com.br\/novo\/wp-json\/wp\/v2\/product"}],"about":[{"href":"https:\/\/neuroforma.com.br\/novo\/wp-json\/wp\/v2\/types\/product"}],"wp:featuredmedia":[{"embeddable":true,"href":"https:\/\/neuroforma.com.br\/novo\/wp-json\/wp\/v2\/media\/3900"}],"wp:attachment":[{"href":"https:\/\/neuroforma.com.br\/novo\/wp-json\/wp\/v2\/media?parent=2203"}],"wp:term":[{"taxonomy":"product_brand","embeddable":true,"href":"https:\/\/neuroforma.com.br\/novo\/wp-json\/wp\/v2\/product_brand?post=2203"},{"taxonomy":"product_cat","embeddable":true,"href":"https:\/\/neuroforma.com.br\/novo\/wp-json\/wp\/v2\/product_cat?post=2203"},{"taxonomy":"product_tag","embeddable":true,"href":"https:\/\/neuroforma.com.br\/novo\/wp-json\/wp\/v2\/product_tag?post=2203"}],"curies":[{"name":"wp","href":"https:\/\/api.w.org\/{rel}","templated":true}]}}