{"id":959,"date":"2013-11-08T17:49:18","date_gmt":"2013-11-08T17:49:18","guid":{"rendered":"https:\/\/neuroforma.com.br\/novo\/?page_id=959"},"modified":"2019-11-27T22:07:16","modified_gmt":"2019-11-27T22:07:16","slug":"por-que-ginastica-do-cerebro","status":"publish","type":"page","link":"https:\/\/neuroforma.com.br\/novo\/why-brainhq","title":{"rendered":"Por que Gin\u00e1stica do C\u00e9rebro?"},"content":{"rendered":"<h2>Combate ao decl\u00ednio cognitivo<\/h2>\n<p>Centenas de\u00a0pesquisas neurocient\u00edficas t\u00eam demonstrado que o poder da plasticidade cerebral \u00e9 crucial para melhorar a performance do c\u00e9rebro, independente da idade. Apesar de a maquinaria cerebral tender a declinar com o tempo \u2013 o chamado decl\u00ednio cognitivo natural, que come\u00e7a a ocorrer entre os 20 e 30 anos \u2013 h\u00e1 medidas eficazes que as pessoas podem lan\u00e7ar m\u00e3o\u00a0para ativar a neuroplasticidade de forma positiva. <a href=\"http:\/\/bit.ly\/2uDu9c6\">Nossa plataforma de exerc\u00edcios para o c\u00e9rebro \u00e9 a \u00fanica com mais de 100 estudos e pesquisas comprovando reais melhorias.<\/a><\/p>\n<p>Da mesma forma, pessoas com altera\u00e7\u00f5es cognitivas decorrentes de condi\u00e7\u00f5es cl\u00ednicas espec\u00edficas como <strong>TDAH<\/strong>, <strong>alzheimer<\/strong>, estado de <b>depress\u00e3o<\/b>, em processo de\u00a0<b>quimioterapia<\/b>\u00a0ou portadoras de transtornos mentais como a\u00a0<b>esquizofrenia<\/b>, podem (e devem) treinar o seu c\u00e9rebro para que ele funcione de maneira mais saud\u00e1vel. A chave \u00ade o desafio est\u00e1 em identificar quais os mecanismos cerebrais que se deve ter como alvo, e como exercit\u00e1-los de forma eficaz. <a href=\"http:\/\/bit.ly\/2uDu9c6\">Nossa plataforma de exerc\u00edcios para o c\u00e9rebro \u00e9 cientificamente desenvolvida e clinicamente testada para isso.<\/a><\/p>\n<p style=\"text-align: center;\"><a href=\"http:\/\/br.brainhq.com\/#newuser\" class=\"su-button su-button-style-glass\" style=\"color:#FFFFFF;background-color:#144d8d;border-color:#103e71;border-radius:5px\" target=\"_blank\" rel=\"noopener noreferrer\"><span style=\"color:#FFFFFF;padding:0px 34px;font-size:25px;line-height:50px;border-color:#5b83b0;border-radius:5px;text-shadow:none\"> TESTE AGORA<\/span><\/a>\n","protected":false},"excerpt":{"rendered":"<p>Combate ao decl\u00ednio cognitivo Centenas de\u00a0pesquisas neurocient\u00edficas t\u00eam demonstrado que o poder da plasticidade cerebral \u00e9 crucial para melhorar a performance do c\u00e9rebro, independente da idade. Apesar de a maquinaria cerebral tender a declinar com o tempo \u2013 o chamado decl\u00ednio cognitivo natural, que come\u00e7a a ocorrer entre os 20 e 30 anos \u2013 h\u00e1 &hellip; <a href=\"https:\/\/neuroforma.com.br\/novo\/why-brainhq\" class=\"more-link\">Continue lendo <span class=\"screen-reader-text\">Por que Gin\u00e1stica do C\u00e9rebro?<\/span> <span class=\"meta-nav\">&rarr;<\/span><\/a><\/p>\n","protected":false},"author":1,"featured_media":0,"parent":0,"menu_order":0,"comment_status":"closed","ping_status":"closed","template":"","meta":{"footnotes":""},"class_list":["post-959","page","type-page","status-publish","hentry","repupress_customize_woocommerce_productom_class"],"yoast_head":"<!-- This site is optimized with the Yoast SEO plugin v26.9 - https:\/\/yoast.com\/product\/yoast-seo-wordpress\/ -->\n<title>Por que Gin\u00e1stica do C\u00e9rebro? -<\/title>\n<meta name=\"robots\" content=\"index, follow, max-snippet:-1, max-image-preview:large, max-video-preview:-1\" \/>\n<link rel=\"canonical\" href=\"https:\/\/neuroforma.com.br\/novo\/why-brainhq\/\" \/>\n<meta property=\"og:locale\" content=\"pt_BR\" \/>\n<meta property=\"og:type\" content=\"article\" \/>\n<meta property=\"og:title\" content=\"Por que Gin\u00e1stica do C\u00e9rebro? -\" \/>\n<meta property=\"og:description\" content=\"Combate ao decl\u00ednio cognitivo Centenas de\u00a0pesquisas neurocient\u00edficas t\u00eam demonstrado que o poder da plasticidade cerebral \u00e9 crucial para melhorar a performance do c\u00e9rebro, independente da idade. Apesar de a maquinaria cerebral tender a declinar com o tempo \u2013 o chamado decl\u00ednio cognitivo natural, que come\u00e7a a ocorrer entre os 20 e 30 anos \u2013 h\u00e1 &hellip; Continue lendo Por que Gin\u00e1stica do C\u00e9rebro? &rarr;\" \/>\n<meta property=\"og:url\" content=\"https:\/\/neuroforma.com.br\/novo\/why-brainhq\/\" \/>\n<meta property=\"article:modified_time\" content=\"2019-11-27T22:07:16+00:00\" \/>\n<meta name=\"twitter:label1\" content=\"Est. tempo de leitura\" \/>\n\t<meta name=\"twitter:data1\" content=\"1 minuto\" \/>\n<script type=\"application\/ld+json\" class=\"yoast-schema-graph\">{\"@context\":\"https:\/\/schema.org\",\"@graph\":[{\"@type\":\"WebPage\",\"@id\":\"https:\/\/neuroforma.com.br\/novo\/why-brainhq\/\",\"url\":\"https:\/\/neuroforma.com.br\/novo\/why-brainhq\/\",\"name\":\"Por que Gin\u00e1stica do C\u00e9rebro? -\",\"isPartOf\":{\"@id\":\"https:\/\/neuroforma.com.br\/novo\/#website\"},\"datePublished\":\"2013-11-08T17:49:18+00:00\",\"dateModified\":\"2019-11-27T22:07:16+00:00\",\"breadcrumb\":{\"@id\":\"https:\/\/neuroforma.com.br\/novo\/why-brainhq\/#breadcrumb\"},\"inLanguage\":\"pt-BR\",\"potentialAction\":[{\"@type\":\"ReadAction\",\"target\":[\"https:\/\/neuroforma.com.br\/novo\/why-brainhq\/\"]}]},{\"@type\":\"BreadcrumbList\",\"@id\":\"https:\/\/neuroforma.com.br\/novo\/why-brainhq\/#breadcrumb\",\"itemListElement\":[{\"@type\":\"ListItem\",\"position\":1,\"name\":\"Home\",\"item\":\"https:\/\/neuroforma.com.br\/novo\/\"},{\"@type\":\"ListItem\",\"position\":2,\"name\":\"Por que Gin\u00e1stica do C\u00e9rebro?\"}]},{\"@type\":\"WebSite\",\"@id\":\"https:\/\/neuroforma.com.br\/novo\/#website\",\"url\":\"https:\/\/neuroforma.com.br\/novo\/\",\"name\":\"\",\"description\":\"\",\"potentialAction\":[{\"@type\":\"SearchAction\",\"target\":{\"@type\":\"EntryPoint\",\"urlTemplate\":\"https:\/\/neuroforma.com.br\/novo\/?s={search_term_string}\"},\"query-input\":{\"@type\":\"PropertyValueSpecification\",\"valueRequired\":true,\"valueName\":\"search_term_string\"}}],\"inLanguage\":\"pt-BR\"}]}<\/script>\n<!-- \/ Yoast SEO plugin. -->","yoast_head_json":{"title":"Por que Gin\u00e1stica do C\u00e9rebro? -","robots":{"index":"index","follow":"follow","max-snippet":"max-snippet:-1","max-image-preview":"max-image-preview:large","max-video-preview":"max-video-preview:-1"},"canonical":"https:\/\/neuroforma.com.br\/novo\/why-brainhq\/","og_locale":"pt_BR","og_type":"article","og_title":"Por que Gin\u00e1stica do C\u00e9rebro? -","og_description":"Combate ao decl\u00ednio cognitivo Centenas de\u00a0pesquisas neurocient\u00edficas t\u00eam demonstrado que o poder da plasticidade cerebral \u00e9 crucial para melhorar a performance do c\u00e9rebro, independente da idade. Apesar de a maquinaria cerebral tender a declinar com o tempo \u2013 o chamado decl\u00ednio cognitivo natural, que come\u00e7a a ocorrer entre os 20 e 30 anos \u2013 h\u00e1 &hellip; Continue lendo Por que Gin\u00e1stica do C\u00e9rebro? &rarr;","og_url":"https:\/\/neuroforma.com.br\/novo\/why-brainhq\/","article_modified_time":"2019-11-27T22:07:16+00:00","twitter_misc":{"Est. tempo de leitura":"1 minuto"},"schema":{"@context":"https:\/\/schema.org","@graph":[{"@type":"WebPage","@id":"https:\/\/neuroforma.com.br\/novo\/why-brainhq\/","url":"https:\/\/neuroforma.com.br\/novo\/why-brainhq\/","name":"Por que Gin\u00e1stica do C\u00e9rebro? -","isPartOf":{"@id":"https:\/\/neuroforma.com.br\/novo\/#website"},"datePublished":"2013-11-08T17:49:18+00:00","dateModified":"2019-11-27T22:07:16+00:00","breadcrumb":{"@id":"https:\/\/neuroforma.com.br\/novo\/why-brainhq\/#breadcrumb"},"inLanguage":"pt-BR","potentialAction":[{"@type":"ReadAction","target":["https:\/\/neuroforma.com.br\/novo\/why-brainhq\/"]}]},{"@type":"BreadcrumbList","@id":"https:\/\/neuroforma.com.br\/novo\/why-brainhq\/#breadcrumb","itemListElement":[{"@type":"ListItem","position":1,"name":"Home","item":"https:\/\/neuroforma.com.br\/novo\/"},{"@type":"ListItem","position":2,"name":"Por que Gin\u00e1stica do C\u00e9rebro?"}]},{"@type":"WebSite","@id":"https:\/\/neuroforma.com.br\/novo\/#website","url":"https:\/\/neuroforma.com.br\/novo\/","name":"","description":"","potentialAction":[{"@type":"SearchAction","target":{"@type":"EntryPoint","urlTemplate":"https:\/\/neuroforma.com.br\/novo\/?s={search_term_string}"},"query-input":{"@type":"PropertyValueSpecification","valueRequired":true,"valueName":"search_term_string"}}],"inLanguage":"pt-BR"}]}},"_links":{"self":[{"href":"https:\/\/neuroforma.com.br\/novo\/wp-json\/wp\/v2\/pages\/959","targetHints":{"allow":["GET"]}}],"collection":[{"href":"https:\/\/neuroforma.com.br\/novo\/wp-json\/wp\/v2\/pages"}],"about":[{"href":"https:\/\/neuroforma.com.br\/novo\/wp-json\/wp\/v2\/types\/page"}],"author":[{"embeddable":true,"href":"https:\/\/neuroforma.com.br\/novo\/wp-json\/wp\/v2\/users\/1"}],"replies":[{"embeddable":true,"href":"https:\/\/neuroforma.com.br\/novo\/wp-json\/wp\/v2\/comments?post=959"}],"version-history":[{"count":37,"href":"https:\/\/neuroforma.com.br\/novo\/wp-json\/wp\/v2\/pages\/959\/revisions"}],"predecessor-version":[{"id":5240,"href":"https:\/\/neuroforma.com.br\/novo\/wp-json\/wp\/v2\/pages\/959\/revisions\/5240"}],"wp:attachment":[{"href":"https:\/\/neuroforma.com.br\/novo\/wp-json\/wp\/v2\/media?parent=959"}],"curies":[{"name":"wp","href":"https:\/\/api.w.org\/{rel}","templated":true}]}}