{"id":933,"date":"2013-10-02T20:17:37","date_gmt":"2013-10-02T20:17:37","guid":{"rendered":"https:\/\/neuroforma.com.br\/novo\/?page_id=933"},"modified":"2023-07-25T16:01:50","modified_gmt":"2023-07-25T16:01:50","slug":"parceiros-3","status":"publish","type":"page","link":"https:\/\/neuroforma.com.br\/novo\/parceiros-3\/","title":{"rendered":"PARCEIROS"},"content":{"rendered":"<h2 style=\"text-align: left;\">Parceiros<\/h2>\n<p>A NeuroForma\u00ae est\u00e1 sempre criando parcerias com grupos, indiv\u00edduos e organiza\u00e7\u00f5es interessadas na aplica\u00e7\u00e3o, divulga\u00e7\u00e3o\u00a0e comercializa\u00e7\u00e3o\u00a0do\u00a0treino cognitivo online cientificamente testado. N\u00f3s nos orgulhamos de j\u00e1 termos como parceiros institui\u00e7\u00f5es e empresas renomadas como Google, Universidade Federal do Rio Janeiro (UFRJ), Funda\u00e7\u00e3o de Amparo \u00e0 Pesquisa do Rio de Janeiro (FAPERJ), Programa Startup Rio,\u00a0Instituto Vital Brasil (IVB), al\u00e9m de profissionais\u00a0das \u00e1reas de\u00a0Psicologia, Fisioterapia, Fonoaudiologia, Pedagogia\u00a0e Recursos Humanos e afins.<\/p>\n<p><a href=\"https:\/\/neuroforma.com.br\/novo\/wp-content\/uploads\/2013\/10\/logos-parceiros.png\"><img loading=\"lazy\" decoding=\"async\" class=\" wp-image-3444 aligncenter\" src=\"https:\/\/neuroforma.com.br\/novo\/wp-content\/uploads\/2013\/10\/logos-parceiros.png\" alt=\"logos parceiros\" width=\"768\" height=\"163\" srcset=\"https:\/\/neuroforma.com.br\/novo\/wp-content\/uploads\/2013\/10\/logos-parceiros.png 646w, https:\/\/neuroforma.com.br\/novo\/wp-content\/uploads\/2013\/10\/logos-parceiros-300x64.png 300w, https:\/\/neuroforma.com.br\/novo\/wp-content\/uploads\/2013\/10\/logos-parceiros-500x106.png 500w\" sizes=\"auto, (max-width: 768px) 100vw, 768px\" \/><\/a><\/p>\n<h2>Servi\u00e7os Corporativos<\/h2>\n<p>Voc\u00ea representa uma empresa, associa\u00e7\u00e3o, cl\u00ednica,\u00a0centro de ensino e pesquisa ou outra organiza\u00e7\u00e3o interessada em nossas ferramentas de avalia\u00e7\u00e3o,\u00a0treinamento e testagem cognitivas?<\/p>\n<p>Envie um email para <strong>atendimento@neuroforma.com.br<\/strong><\/p>\n<h2><a href=\"https:\/\/neuroforma.com.br\/novo\/wp-content\/uploads\/2014\/10\/imgs-projetos7.jpg\"><img loading=\"lazy\" decoding=\"async\" class=\" size-full wp-image-2005 aligncenter\" src=\"https:\/\/neuroforma.com.br\/novo\/wp-content\/uploads\/2014\/10\/imgs-projetos7.jpg\" alt=\"imgs-projetos7\" width=\"939\" height=\"357\" srcset=\"https:\/\/neuroforma.com.br\/novo\/wp-content\/uploads\/2014\/10\/imgs-projetos7.jpg 939w, https:\/\/neuroforma.com.br\/novo\/wp-content\/uploads\/2014\/10\/imgs-projetos7-300x114.jpg 300w, https:\/\/neuroforma.com.br\/novo\/wp-content\/uploads\/2014\/10\/imgs-projetos7-500x190.jpg 500w\" sizes=\"auto, (max-width: 939px) 100vw, 939px\" \/><\/a><\/h2>\n<h2><\/h2>\n<h2>Pesquisas e estudos<\/h2>\n<p>Voc\u00ea gostaria de\u00a0utilizar\u00a0nossas tecnologias em estudos e pesquisas neurocient\u00edficas?<\/p>\n<p>Envie um email para <strong>pesquisa@neuroforma.com.br<\/strong><\/p>\n","protected":false},"excerpt":{"rendered":"<p>Parceiros A NeuroForma\u00ae est\u00e1 sempre criando parcerias com grupos, indiv\u00edduos e organiza\u00e7\u00f5es interessadas na aplica\u00e7\u00e3o, divulga\u00e7\u00e3o\u00a0e comercializa\u00e7\u00e3o\u00a0do\u00a0treino cognitivo online cientificamente testado. N\u00f3s nos orgulhamos de j\u00e1 termos como parceiros institui\u00e7\u00f5es e empresas renomadas como Google, Universidade Federal do Rio Janeiro (UFRJ), Funda\u00e7\u00e3o de Amparo \u00e0 Pesquisa do Rio de Janeiro (FAPERJ), Programa Startup Rio,\u00a0Instituto Vital &hellip; <a href=\"https:\/\/neuroforma.com.br\/novo\/parceiros-3\/\" class=\"more-link\">Continue lendo <span class=\"screen-reader-text\">PARCEIROS<\/span> <span class=\"meta-nav\">&rarr;<\/span><\/a><\/p>\n","protected":false},"author":1,"featured_media":0,"parent":0,"menu_order":0,"comment_status":"closed","ping_status":"closed","template":"full-width.php","meta":{"footnotes":""},"class_list":["post-933","page","type-page","status-publish","hentry","repupress_customize_woocommerce_productom_class"],"yoast_head":"<!-- This site is optimized with the Yoast SEO plugin v26.9 - https:\/\/yoast.com\/product\/yoast-seo-wordpress\/ -->\n<title>PARCEIROS -<\/title>\n<meta name=\"robots\" content=\"index, follow, max-snippet:-1, max-image-preview:large, max-video-preview:-1\" \/>\n<link rel=\"canonical\" href=\"https:\/\/neuroforma.com.br\/novo\/parceiros-3\/\" \/>\n<meta property=\"og:locale\" content=\"pt_BR\" \/>\n<meta property=\"og:type\" content=\"article\" \/>\n<meta property=\"og:title\" content=\"PARCEIROS -\" \/>\n<meta property=\"og:description\" content=\"Parceiros A NeuroForma\u00ae est\u00e1 sempre criando parcerias com grupos, indiv\u00edduos e organiza\u00e7\u00f5es interessadas na aplica\u00e7\u00e3o, divulga\u00e7\u00e3o\u00a0e comercializa\u00e7\u00e3o\u00a0do\u00a0treino cognitivo online cientificamente testado. N\u00f3s nos orgulhamos de j\u00e1 termos como parceiros institui\u00e7\u00f5es e empresas renomadas como Google, Universidade Federal do Rio Janeiro (UFRJ), Funda\u00e7\u00e3o de Amparo \u00e0 Pesquisa do Rio de Janeiro (FAPERJ), Programa Startup Rio,\u00a0Instituto Vital &hellip; Continue lendo PARCEIROS &rarr;\" \/>\n<meta property=\"og:url\" content=\"https:\/\/neuroforma.com.br\/novo\/parceiros-3\/\" \/>\n<meta property=\"article:modified_time\" content=\"2023-07-25T16:01:50+00:00\" \/>\n<meta property=\"og:image\" content=\"https:\/\/neuroforma.com.br\/novo\/wp-content\/uploads\/2013\/10\/logos-parceiros.png\" \/>\n<meta name=\"twitter:label1\" content=\"Est. tempo de leitura\" \/>\n\t<meta name=\"twitter:data1\" content=\"1 minuto\" \/>\n<script type=\"application\/ld+json\" class=\"yoast-schema-graph\">{\"@context\":\"https:\/\/schema.org\",\"@graph\":[{\"@type\":\"WebPage\",\"@id\":\"https:\/\/neuroforma.com.br\/novo\/parceiros-3\/\",\"url\":\"https:\/\/neuroforma.com.br\/novo\/parceiros-3\/\",\"name\":\"PARCEIROS -\",\"isPartOf\":{\"@id\":\"https:\/\/neuroforma.com.br\/novo\/#website\"},\"primaryImageOfPage\":{\"@id\":\"https:\/\/neuroforma.com.br\/novo\/parceiros-3\/#primaryimage\"},\"image\":{\"@id\":\"https:\/\/neuroforma.com.br\/novo\/parceiros-3\/#primaryimage\"},\"thumbnailUrl\":\"https:\/\/neuroforma.com.br\/novo\/wp-content\/uploads\/2013\/10\/logos-parceiros.png\",\"datePublished\":\"2013-10-02T20:17:37+00:00\",\"dateModified\":\"2023-07-25T16:01:50+00:00\",\"breadcrumb\":{\"@id\":\"https:\/\/neuroforma.com.br\/novo\/parceiros-3\/#breadcrumb\"},\"inLanguage\":\"pt-BR\",\"potentialAction\":[{\"@type\":\"ReadAction\",\"target\":[\"https:\/\/neuroforma.com.br\/novo\/parceiros-3\/\"]}]},{\"@type\":\"ImageObject\",\"inLanguage\":\"pt-BR\",\"@id\":\"https:\/\/neuroforma.com.br\/novo\/parceiros-3\/#primaryimage\",\"url\":\"https:\/\/neuroforma.com.br\/novo\/wp-content\/uploads\/2013\/10\/logos-parceiros.png\",\"contentUrl\":\"https:\/\/neuroforma.com.br\/novo\/wp-content\/uploads\/2013\/10\/logos-parceiros.png\",\"width\":646,\"height\":137},{\"@type\":\"BreadcrumbList\",\"@id\":\"https:\/\/neuroforma.com.br\/novo\/parceiros-3\/#breadcrumb\",\"itemListElement\":[{\"@type\":\"ListItem\",\"position\":1,\"name\":\"Home\",\"item\":\"https:\/\/neuroforma.com.br\/novo\/\"},{\"@type\":\"ListItem\",\"position\":2,\"name\":\"PARCEIROS\"}]},{\"@type\":\"WebSite\",\"@id\":\"https:\/\/neuroforma.com.br\/novo\/#website\",\"url\":\"https:\/\/neuroforma.com.br\/novo\/\",\"name\":\"\",\"description\":\"\",\"potentialAction\":[{\"@type\":\"SearchAction\",\"target\":{\"@type\":\"EntryPoint\",\"urlTemplate\":\"https:\/\/neuroforma.com.br\/novo\/?s={search_term_string}\"},\"query-input\":{\"@type\":\"PropertyValueSpecification\",\"valueRequired\":true,\"valueName\":\"search_term_string\"}}],\"inLanguage\":\"pt-BR\"}]}<\/script>\n<!-- \/ Yoast SEO plugin. -->","yoast_head_json":{"title":"PARCEIROS -","robots":{"index":"index","follow":"follow","max-snippet":"max-snippet:-1","max-image-preview":"max-image-preview:large","max-video-preview":"max-video-preview:-1"},"canonical":"https:\/\/neuroforma.com.br\/novo\/parceiros-3\/","og_locale":"pt_BR","og_type":"article","og_title":"PARCEIROS -","og_description":"Parceiros A NeuroForma\u00ae est\u00e1 sempre criando parcerias com grupos, indiv\u00edduos e organiza\u00e7\u00f5es interessadas na aplica\u00e7\u00e3o, divulga\u00e7\u00e3o\u00a0e comercializa\u00e7\u00e3o\u00a0do\u00a0treino cognitivo online cientificamente testado. N\u00f3s nos orgulhamos de j\u00e1 termos como parceiros institui\u00e7\u00f5es e empresas renomadas como Google, Universidade Federal do Rio Janeiro (UFRJ), Funda\u00e7\u00e3o de Amparo \u00e0 Pesquisa do Rio de Janeiro (FAPERJ), Programa Startup Rio,\u00a0Instituto Vital &hellip; Continue lendo PARCEIROS &rarr;","og_url":"https:\/\/neuroforma.com.br\/novo\/parceiros-3\/","article_modified_time":"2023-07-25T16:01:50+00:00","og_image":[{"url":"https:\/\/neuroforma.com.br\/novo\/wp-content\/uploads\/2013\/10\/logos-parceiros.png","type":"","width":"","height":""}],"twitter_misc":{"Est. tempo de leitura":"1 minuto"},"schema":{"@context":"https:\/\/schema.org","@graph":[{"@type":"WebPage","@id":"https:\/\/neuroforma.com.br\/novo\/parceiros-3\/","url":"https:\/\/neuroforma.com.br\/novo\/parceiros-3\/","name":"PARCEIROS -","isPartOf":{"@id":"https:\/\/neuroforma.com.br\/novo\/#website"},"primaryImageOfPage":{"@id":"https:\/\/neuroforma.com.br\/novo\/parceiros-3\/#primaryimage"},"image":{"@id":"https:\/\/neuroforma.com.br\/novo\/parceiros-3\/#primaryimage"},"thumbnailUrl":"https:\/\/neuroforma.com.br\/novo\/wp-content\/uploads\/2013\/10\/logos-parceiros.png","datePublished":"2013-10-02T20:17:37+00:00","dateModified":"2023-07-25T16:01:50+00:00","breadcrumb":{"@id":"https:\/\/neuroforma.com.br\/novo\/parceiros-3\/#breadcrumb"},"inLanguage":"pt-BR","potentialAction":[{"@type":"ReadAction","target":["https:\/\/neuroforma.com.br\/novo\/parceiros-3\/"]}]},{"@type":"ImageObject","inLanguage":"pt-BR","@id":"https:\/\/neuroforma.com.br\/novo\/parceiros-3\/#primaryimage","url":"https:\/\/neuroforma.com.br\/novo\/wp-content\/uploads\/2013\/10\/logos-parceiros.png","contentUrl":"https:\/\/neuroforma.com.br\/novo\/wp-content\/uploads\/2013\/10\/logos-parceiros.png","width":646,"height":137},{"@type":"BreadcrumbList","@id":"https:\/\/neuroforma.com.br\/novo\/parceiros-3\/#breadcrumb","itemListElement":[{"@type":"ListItem","position":1,"name":"Home","item":"https:\/\/neuroforma.com.br\/novo\/"},{"@type":"ListItem","position":2,"name":"PARCEIROS"}]},{"@type":"WebSite","@id":"https:\/\/neuroforma.com.br\/novo\/#website","url":"https:\/\/neuroforma.com.br\/novo\/","name":"","description":"","potentialAction":[{"@type":"SearchAction","target":{"@type":"EntryPoint","urlTemplate":"https:\/\/neuroforma.com.br\/novo\/?s={search_term_string}"},"query-input":{"@type":"PropertyValueSpecification","valueRequired":true,"valueName":"search_term_string"}}],"inLanguage":"pt-BR"}]}},"_links":{"self":[{"href":"https:\/\/neuroforma.com.br\/novo\/wp-json\/wp\/v2\/pages\/933","targetHints":{"allow":["GET"]}}],"collection":[{"href":"https:\/\/neuroforma.com.br\/novo\/wp-json\/wp\/v2\/pages"}],"about":[{"href":"https:\/\/neuroforma.com.br\/novo\/wp-json\/wp\/v2\/types\/page"}],"author":[{"embeddable":true,"href":"https:\/\/neuroforma.com.br\/novo\/wp-json\/wp\/v2\/users\/1"}],"replies":[{"embeddable":true,"href":"https:\/\/neuroforma.com.br\/novo\/wp-json\/wp\/v2\/comments?post=933"}],"version-history":[{"count":29,"href":"https:\/\/neuroforma.com.br\/novo\/wp-json\/wp\/v2\/pages\/933\/revisions"}],"predecessor-version":[{"id":6484,"href":"https:\/\/neuroforma.com.br\/novo\/wp-json\/wp\/v2\/pages\/933\/revisions\/6484"}],"wp:attachment":[{"href":"https:\/\/neuroforma.com.br\/novo\/wp-json\/wp\/v2\/media?parent=933"}],"curies":[{"name":"wp","href":"https:\/\/api.w.org\/{rel}","templated":true}]}}