{"id":927,"date":"2013-10-02T20:13:45","date_gmt":"2013-10-02T20:13:45","guid":{"rendered":"https:\/\/neuroforma.com.br\/novo\/?page_id=927"},"modified":"2018-09-04T18:03:04","modified_gmt":"2018-09-04T18:03:04","slug":"fundamentos-cientificos-2","status":"publish","type":"page","link":"https:\/\/neuroforma.com.br\/novo\/fundamentos-cientificos-2\/","title":{"rendered":"FUNDAMENTOS CIENT\u00cdFICOS"},"content":{"rendered":"<h2>Comprovada efic\u00e1cia do treino cognitivo no combate \u00e0 dem\u00eancia<\/h2>\n<p>Na \u00faltima Confer\u00eancia Internacional da Associa\u00e7\u00e3o de Alzheimer, os novos resultados do grande estudo chamado ACTIVE (que envolveu 2.832 participante nos EUA), demonstrou que um tipo particular de exerc\u00edcio de velocidade de processamento cerebral &#8211; dispon\u00edvel em nossa plataforma on-line &#8211; tem o potencial de reduzir pela metade o risco de desenvolver dem\u00eancia. Anteriormente, o estudo ACTIVE j\u00e1 havia demonstrado uma s\u00e9rie de outros benef\u00edcios com o nosso programa de treino cognitivo digital, incluindo melhor sa\u00fade, produtividade e humor;\u00a0 mais autoestima e autoconfian\u00e7a; menor propens\u00e3o a riscos de acidentes e redu\u00e7\u00e3o dos custos com sa\u00fade.<\/p>\n<p>Esta \u00e9 a primeira vez que uma interven\u00e7\u00e3o &#8211; programa de treino cognitivo, exerc\u00edcio f\u00edsico, dieta \/ nutri\u00e7\u00e3o, ou droga &#8211; tem comprovada sua a efic\u00e1cia na redu\u00e7\u00e3o do risco de desenvolvimento de dem\u00eancias.<\/p>\n<h2>Como funciona esse treino de velocidade de processamento?<\/h2>\n<p>O treino \u00e9 aplicado atrav\u00e9s de um exerc\u00edcio computadorizado que aumenta a velocidade de processamento visual. Ele foi originalmente desenvolvido pelos neurocientistas PhDs, Dra. Karlene Ball e Dr. Daniel Roenker. Agora, ele est\u00e1 dispon\u00edvel exclusivamente como o exerc\u00edcio Dupla Decis\u00e3o da nossa plataforma on-line.<\/p>\n<p><a href=\"https:\/\/vimeo.com\/139645577\" target=\"_blank\"><img loading=\"lazy\" decoding=\"async\" class=\"alignright size-full wp-image-3834\" src=\"https:\/\/neuroforma.com.br\/novo\/wp-content\/uploads\/2013\/05\/media-bn-play.jpg\" alt=\"media-bn-play\" width=\"500\" height=\"299\" srcset=\"https:\/\/neuroforma.com.br\/novo\/wp-content\/uploads\/2013\/05\/media-bn-play.jpg 500w, https:\/\/neuroforma.com.br\/novo\/wp-content\/uploads\/2013\/05\/media-bn-play-300x179.jpg 300w\" sizes=\"auto, (max-width: 500px) 100vw, 500px\" \/><\/a><\/p>\n<p>O exerc\u00edcio foi cientificamente projetado para melhorar a velocidade e a precis\u00e3o com que seu c\u00e9rebro pode processar a informa\u00e7\u00e3o visual, tanto no centro do olhar quanto no campo de vis\u00e3o perif\u00e9rica. Voc\u00ea pode ver um pequeno v\u00eddeo tutorial com o exerc\u00edcio \u00a0Dupla Decis\u00e3o.<\/p>\n<h2>Como funciona nossa plataforma de treino cognitivo on-line?<\/h2>\n<p>A plataforma <a href=\"http:\/\/neuroforma.brainhq.com\">neuroforma.brainhq.com<\/a> \u00e9 um sistema de treinamento cerebral totalmente on-line que disp\u00f5e de mais de 40 cursos e exerc\u00edcios cientificamente desenvolvidos para trabalhar as capacidades de aten\u00e7\u00e3o, mem\u00f3ria, velocidade do c\u00e9rebro, intelig\u00eancia, orienta\u00e7\u00e3o e habilidades pessoais. A efic\u00e1cia dos exerc\u00edcios j\u00e1 foi comprovada em mais de 100 estudos e pesquisas cient\u00edficas publicadas.<\/p>\n<p>Para mais detalhes, consulte a nossa sess\u00e3o especial de <a href=\"https:\/\/neuroforma.com.br\/novo\/faq\/\" target=\"_blank\"><strong><em>perguntas freq<\/em><\/strong><strong><em>\u00fc<\/em><\/strong><strong><em>entes (FAQ) <\/em><\/strong><\/a>sobre o assunto.<\/p>\n<p>&nbsp;<\/p>\n<h2>Neuroplasticidade e novas tecnologias<\/h2>\n<p>&nbsp;<\/p>\n<p>O est\u00edmulo certo, na ordem certa, no tempo certo s\u00e3o fundamentais para o desenvolvimento das habilidades cognitivas.\u00a0Seguindo essas\u00a0tr\u00eas premissas, a neuroterapia cognitiva &#8211; tamb\u00e9m chamada de gin\u00e1stica ou fisioterapia do c\u00e9rebro &#8211; vem se popularizando no mundo inteiro.<\/p>\n<p>&nbsp;<\/p>\n<p>Consiste na\u00a0pr\u00e1tica regular de exerc\u00edcios cientificamente desenvolvidos para aproveitar <a href=\"https:\/\/neuroforma.com.br\/novo\/sobre-o-treino-cerebral\/\">a capacidade natural de o seu c\u00e9rebro se modificar<\/a>\u00a0&#8211; conhecida como neuroplasticidade ou plasticidade cerebral &#8211; usando-a para melhorar a performance das fun\u00e7\u00f5es cerebrais e combater o\u00a0decl\u00ednio natural cognitivo (que ocorre a partir da segunda metade da segunda d\u00e9cada de vida).<\/p>\n<p>&nbsp;<\/p>\n<p>Mas o\u00a0envelhecimento cerebral j\u00e1 come\u00e7a t\u00e3o cedo assim?\u00a0<em>\u00a0<\/em><\/p>\n<p>&nbsp;<\/p>\n<p><em>O gr\u00e1fico abaixo ilustra os resultados de uma s\u00e9rie de pesquisas envolvendo testes de mem\u00f3ria (reconhecimento de palavras) \u00a0ao longo da vida:\u00a0\u00a0<\/em><\/p>\n<p><a href=\"https:\/\/neuroforma.com.br\/novo\/wp-content\/uploads\/2013\/10\/declinio-cognitivo.png\"><img loading=\"lazy\" decoding=\"async\" class=\"aligncenter size-full wp-image-2825\" src=\"https:\/\/neuroforma.com.br\/novo\/wp-content\/uploads\/2013\/10\/declinio-cognitivo.png\" alt=\"declinio cognitivo\" width=\"646\" height=\"435\" srcset=\"https:\/\/neuroforma.com.br\/novo\/wp-content\/uploads\/2013\/10\/declinio-cognitivo.png 646w, https:\/\/neuroforma.com.br\/novo\/wp-content\/uploads\/2013\/10\/declinio-cognitivo-300x202.png 300w, https:\/\/neuroforma.com.br\/novo\/wp-content\/uploads\/2013\/10\/declinio-cognitivo-500x337.png 500w\" sizes=\"auto, (max-width: 646px) 100vw, 646px\" \/><\/a><\/p>\n<p>&nbsp;<\/p>\n<p>A plasticidade cerebral \u00e9 um processo f\u00edsico. A massa cinzenta realmente pode diminuir ou aumentar de espessura; conex\u00f5es neurais podem ser estabelecidas e aperfei\u00e7oadas ou enfraquecidas e rompidas. Mudan\u00e7as f\u00edsicas no c\u00e9rebro se manifestam como altera\u00e7\u00f5es em nossas habilidades.<\/p>\n<p>&nbsp;<\/p>\n<p>Cada vez que aprendermos a tocar uma nova m\u00fasica ou um novo passo de dan\u00e7a\u00a0isso\u00a0se reflete em uma altera\u00e7\u00e3o f\u00edsica em nossos c\u00e9rebros: <strong>novas redes neurais s\u00e3o constru\u00eddas e fortalecidas<\/strong> para dar instru\u00e7\u00f5es aos nossos corpos sobre como efetuar aquele novo passo ou acorde musical aprendido.<\/p>\n<p>&nbsp;<\/p>\n<p>Cada vez que esquecemos o nome de algu\u00e9m, isso tamb\u00e9m reflete uma mudan\u00e7a no c\u00e9rebro: \u00a0\u201cfios\u201d que, uma vez ligados \u00e0 mem\u00f3ria, acabaram sendo degradados ou at\u00e9 mesmo \u201ccortados\u201d. Portanto, as mudan\u00e7as no c\u00e9rebro podem resultar em uma melhoria das habilidades (um novo passo de dan\u00e7a) ou um enfraquecimento delas (um nome esquecido).<\/p>\n<p>&nbsp;<\/p>\n<h2>Neurogames: uma nova tecnologia<\/h2>\n<p><a href=\"https:\/\/neuroforma.com.br\/novo\/wp-content\/uploads\/2015\/06\/Pesquisa-Cepe.jpg\"><img loading=\"lazy\" decoding=\"async\" class=\"aligncenter size-full wp-image-2782\" src=\"https:\/\/neuroforma.com.br\/novo\/wp-content\/uploads\/2015\/06\/Pesquisa-Cepe.jpg\" alt=\"Pesquisa Cepe\" width=\"800\" height=\"533\" srcset=\"https:\/\/neuroforma.com.br\/novo\/wp-content\/uploads\/2015\/06\/Pesquisa-Cepe.jpg 800w, https:\/\/neuroforma.com.br\/novo\/wp-content\/uploads\/2015\/06\/Pesquisa-Cepe-300x200.jpg 300w, https:\/\/neuroforma.com.br\/novo\/wp-content\/uploads\/2015\/06\/Pesquisa-Cepe-500x333.jpg 500w\" sizes=\"auto, (max-width: 800px) 100vw, 800px\" \/><\/a><\/p>\n<p>&nbsp;<\/p>\n<p>Aliando anos de\u00a0estudos e pesquisas em neuroterapia cognitiva \u00e0s novas tecnologias digitais, os neurocientistas perceberam nos\u00a0videogames uma potencial ferramenta para simular situa\u00e7\u00f5es de\u00a0est\u00edmulo e treino das capacidades cognitivas. Isto porque, al\u00e9m do car\u00e1ter l\u00fadico que proporciona maior grau de\u00a0engajamento, a atividade de jogar re\u00fane tr\u00eas elementos b\u00e1sicos: <strong>aten\u00e7\u00e3o, repeti\u00e7\u00e3o e recompensa<\/strong>.<\/p>\n<p>&nbsp;<\/p>\n<p>Da mesma forma que o violonista ou a bailarina precisam de foco e concentra\u00e7\u00e3o (<strong>aten\u00e7\u00e3o<\/strong>), treino e pr\u00e1tica (<strong>repeti\u00e7\u00e3o<\/strong>), aplausos e reconhecimento (<strong>recompensa<\/strong>), como pr\u00e9-requisitos para o constante aprimoramento das suas capacidades, os nossos neurogames<strong>\u00a0<\/strong>mimetizam situa\u00e7\u00f5es com os est\u00edmulos certos, na ordem certa e no tempo certo, que possibilitam um treino eficaz\u00a0com desenvolvimento das principais\u00a0habilidades cognitivas.<\/p>\n<p>&nbsp;<\/p>\n<a href=\"https:\/\/neuroforma.com.br\/novo\/sobre-o-treino-cerebral\/\" class=\"su-button su-button-style-glass\" style=\"color:#FFFFFF;background-color:#144d8d;border-color:#103e71;border-radius:5px\" target=\"_blank\" rel=\"noopener noreferrer\"><span style=\"color:#FFFFFF;padding:0px 38px;font-size:27px;line-height:54px;border-color:#5b83b0;border-radius:5px;text-shadow:none\"> Saiba Mais<\/span><\/a>\n","protected":false},"excerpt":{"rendered":"<p>Comprovada efic\u00e1cia do treino cognitivo no combate \u00e0 dem\u00eancia Na \u00faltima Confer\u00eancia Internacional da Associa\u00e7\u00e3o de Alzheimer, os novos resultados do grande estudo chamado ACTIVE (que envolveu 2.832 participante nos EUA), demonstrou que um tipo particular de exerc\u00edcio de velocidade de processamento cerebral &#8211; dispon\u00edvel em nossa plataforma on-line &#8211; tem o potencial de reduzir &hellip; <a href=\"https:\/\/neuroforma.com.br\/novo\/fundamentos-cientificos-2\/\" class=\"more-link\">Continue lendo <span class=\"screen-reader-text\">FUNDAMENTOS CIENT\u00cdFICOS<\/span> <span class=\"meta-nav\">&rarr;<\/span><\/a><\/p>\n","protected":false},"author":1,"featured_media":0,"parent":0,"menu_order":0,"comment_status":"closed","ping_status":"closed","template":"","meta":{"footnotes":""},"class_list":["post-927","page","type-page","status-publish","hentry","repupress_customize_woocommerce_productom_class"],"yoast_head":"<!-- This site is optimized with the Yoast SEO plugin v26.9 - https:\/\/yoast.com\/product\/yoast-seo-wordpress\/ -->\n<title>FUNDAMENTOS CIENT\u00cdFICOS -<\/title>\n<meta name=\"robots\" content=\"index, follow, max-snippet:-1, max-image-preview:large, max-video-preview:-1\" \/>\n<link rel=\"canonical\" href=\"https:\/\/neuroforma.com.br\/novo\/fundamentos-cientificos-2\/\" \/>\n<meta property=\"og:locale\" content=\"pt_BR\" \/>\n<meta property=\"og:type\" content=\"article\" \/>\n<meta property=\"og:title\" content=\"FUNDAMENTOS CIENT\u00cdFICOS -\" \/>\n<meta property=\"og:description\" content=\"Comprovada efic\u00e1cia do treino cognitivo no combate \u00e0 dem\u00eancia Na \u00faltima Confer\u00eancia Internacional da Associa\u00e7\u00e3o de Alzheimer, os novos resultados do grande estudo chamado ACTIVE (que envolveu 2.832 participante nos EUA), demonstrou que um tipo particular de exerc\u00edcio de velocidade de processamento cerebral &#8211; dispon\u00edvel em nossa plataforma on-line &#8211; tem o potencial de reduzir &hellip; Continue lendo FUNDAMENTOS CIENT\u00cdFICOS &rarr;\" \/>\n<meta property=\"og:url\" content=\"https:\/\/neuroforma.com.br\/novo\/fundamentos-cientificos-2\/\" \/>\n<meta property=\"article:modified_time\" content=\"2018-09-04T18:03:04+00:00\" \/>\n<meta property=\"og:image\" content=\"https:\/\/neuroforma.com.br\/novo\/wp-content\/uploads\/2013\/05\/media-bn-play.jpg\" \/>\n<meta name=\"twitter:label1\" content=\"Est. tempo de leitura\" \/>\n\t<meta name=\"twitter:data1\" content=\"4 minutos\" \/>\n<script type=\"application\/ld+json\" class=\"yoast-schema-graph\">{\"@context\":\"https:\/\/schema.org\",\"@graph\":[{\"@type\":\"WebPage\",\"@id\":\"https:\/\/neuroforma.com.br\/novo\/fundamentos-cientificos-2\/\",\"url\":\"https:\/\/neuroforma.com.br\/novo\/fundamentos-cientificos-2\/\",\"name\":\"FUNDAMENTOS CIENT\u00cdFICOS -\",\"isPartOf\":{\"@id\":\"https:\/\/neuroforma.com.br\/novo\/#website\"},\"primaryImageOfPage\":{\"@id\":\"https:\/\/neuroforma.com.br\/novo\/fundamentos-cientificos-2\/#primaryimage\"},\"image\":{\"@id\":\"https:\/\/neuroforma.com.br\/novo\/fundamentos-cientificos-2\/#primaryimage\"},\"thumbnailUrl\":\"https:\/\/neuroforma.com.br\/novo\/wp-content\/uploads\/2013\/05\/media-bn-play.jpg\",\"datePublished\":\"2013-10-02T20:13:45+00:00\",\"dateModified\":\"2018-09-04T18:03:04+00:00\",\"breadcrumb\":{\"@id\":\"https:\/\/neuroforma.com.br\/novo\/fundamentos-cientificos-2\/#breadcrumb\"},\"inLanguage\":\"pt-BR\",\"potentialAction\":[{\"@type\":\"ReadAction\",\"target\":[\"https:\/\/neuroforma.com.br\/novo\/fundamentos-cientificos-2\/\"]}]},{\"@type\":\"ImageObject\",\"inLanguage\":\"pt-BR\",\"@id\":\"https:\/\/neuroforma.com.br\/novo\/fundamentos-cientificos-2\/#primaryimage\",\"url\":\"https:\/\/neuroforma.com.br\/novo\/wp-content\/uploads\/2013\/05\/media-bn-play.jpg\",\"contentUrl\":\"https:\/\/neuroforma.com.br\/novo\/wp-content\/uploads\/2013\/05\/media-bn-play.jpg\",\"width\":500,\"height\":299},{\"@type\":\"BreadcrumbList\",\"@id\":\"https:\/\/neuroforma.com.br\/novo\/fundamentos-cientificos-2\/#breadcrumb\",\"itemListElement\":[{\"@type\":\"ListItem\",\"position\":1,\"name\":\"Home\",\"item\":\"https:\/\/neuroforma.com.br\/novo\/\"},{\"@type\":\"ListItem\",\"position\":2,\"name\":\"FUNDAMENTOS CIENT\u00cdFICOS\"}]},{\"@type\":\"WebSite\",\"@id\":\"https:\/\/neuroforma.com.br\/novo\/#website\",\"url\":\"https:\/\/neuroforma.com.br\/novo\/\",\"name\":\"\",\"description\":\"\",\"potentialAction\":[{\"@type\":\"SearchAction\",\"target\":{\"@type\":\"EntryPoint\",\"urlTemplate\":\"https:\/\/neuroforma.com.br\/novo\/?s={search_term_string}\"},\"query-input\":{\"@type\":\"PropertyValueSpecification\",\"valueRequired\":true,\"valueName\":\"search_term_string\"}}],\"inLanguage\":\"pt-BR\"}]}<\/script>\n<!-- \/ Yoast SEO plugin. -->","yoast_head_json":{"title":"FUNDAMENTOS CIENT\u00cdFICOS -","robots":{"index":"index","follow":"follow","max-snippet":"max-snippet:-1","max-image-preview":"max-image-preview:large","max-video-preview":"max-video-preview:-1"},"canonical":"https:\/\/neuroforma.com.br\/novo\/fundamentos-cientificos-2\/","og_locale":"pt_BR","og_type":"article","og_title":"FUNDAMENTOS CIENT\u00cdFICOS -","og_description":"Comprovada efic\u00e1cia do treino cognitivo no combate \u00e0 dem\u00eancia Na \u00faltima Confer\u00eancia Internacional da Associa\u00e7\u00e3o de Alzheimer, os novos resultados do grande estudo chamado ACTIVE (que envolveu 2.832 participante nos EUA), demonstrou que um tipo particular de exerc\u00edcio de velocidade de processamento cerebral &#8211; dispon\u00edvel em nossa plataforma on-line &#8211; tem o potencial de reduzir &hellip; Continue lendo FUNDAMENTOS CIENT\u00cdFICOS &rarr;","og_url":"https:\/\/neuroforma.com.br\/novo\/fundamentos-cientificos-2\/","article_modified_time":"2018-09-04T18:03:04+00:00","og_image":[{"url":"https:\/\/neuroforma.com.br\/novo\/wp-content\/uploads\/2013\/05\/media-bn-play.jpg","type":"","width":"","height":""}],"twitter_misc":{"Est. tempo de leitura":"4 minutos"},"schema":{"@context":"https:\/\/schema.org","@graph":[{"@type":"WebPage","@id":"https:\/\/neuroforma.com.br\/novo\/fundamentos-cientificos-2\/","url":"https:\/\/neuroforma.com.br\/novo\/fundamentos-cientificos-2\/","name":"FUNDAMENTOS CIENT\u00cdFICOS -","isPartOf":{"@id":"https:\/\/neuroforma.com.br\/novo\/#website"},"primaryImageOfPage":{"@id":"https:\/\/neuroforma.com.br\/novo\/fundamentos-cientificos-2\/#primaryimage"},"image":{"@id":"https:\/\/neuroforma.com.br\/novo\/fundamentos-cientificos-2\/#primaryimage"},"thumbnailUrl":"https:\/\/neuroforma.com.br\/novo\/wp-content\/uploads\/2013\/05\/media-bn-play.jpg","datePublished":"2013-10-02T20:13:45+00:00","dateModified":"2018-09-04T18:03:04+00:00","breadcrumb":{"@id":"https:\/\/neuroforma.com.br\/novo\/fundamentos-cientificos-2\/#breadcrumb"},"inLanguage":"pt-BR","potentialAction":[{"@type":"ReadAction","target":["https:\/\/neuroforma.com.br\/novo\/fundamentos-cientificos-2\/"]}]},{"@type":"ImageObject","inLanguage":"pt-BR","@id":"https:\/\/neuroforma.com.br\/novo\/fundamentos-cientificos-2\/#primaryimage","url":"https:\/\/neuroforma.com.br\/novo\/wp-content\/uploads\/2013\/05\/media-bn-play.jpg","contentUrl":"https:\/\/neuroforma.com.br\/novo\/wp-content\/uploads\/2013\/05\/media-bn-play.jpg","width":500,"height":299},{"@type":"BreadcrumbList","@id":"https:\/\/neuroforma.com.br\/novo\/fundamentos-cientificos-2\/#breadcrumb","itemListElement":[{"@type":"ListItem","position":1,"name":"Home","item":"https:\/\/neuroforma.com.br\/novo\/"},{"@type":"ListItem","position":2,"name":"FUNDAMENTOS CIENT\u00cdFICOS"}]},{"@type":"WebSite","@id":"https:\/\/neuroforma.com.br\/novo\/#website","url":"https:\/\/neuroforma.com.br\/novo\/","name":"","description":"","potentialAction":[{"@type":"SearchAction","target":{"@type":"EntryPoint","urlTemplate":"https:\/\/neuroforma.com.br\/novo\/?s={search_term_string}"},"query-input":{"@type":"PropertyValueSpecification","valueRequired":true,"valueName":"search_term_string"}}],"inLanguage":"pt-BR"}]}},"_links":{"self":[{"href":"https:\/\/neuroforma.com.br\/novo\/wp-json\/wp\/v2\/pages\/927","targetHints":{"allow":["GET"]}}],"collection":[{"href":"https:\/\/neuroforma.com.br\/novo\/wp-json\/wp\/v2\/pages"}],"about":[{"href":"https:\/\/neuroforma.com.br\/novo\/wp-json\/wp\/v2\/types\/page"}],"author":[{"embeddable":true,"href":"https:\/\/neuroforma.com.br\/novo\/wp-json\/wp\/v2\/users\/1"}],"replies":[{"embeddable":true,"href":"https:\/\/neuroforma.com.br\/novo\/wp-json\/wp\/v2\/comments?post=927"}],"version-history":[{"count":60,"href":"https:\/\/neuroforma.com.br\/novo\/wp-json\/wp\/v2\/pages\/927\/revisions"}],"predecessor-version":[{"id":4733,"href":"https:\/\/neuroforma.com.br\/novo\/wp-json\/wp\/v2\/pages\/927\/revisions\/4733"}],"wp:attachment":[{"href":"https:\/\/neuroforma.com.br\/novo\/wp-json\/wp\/v2\/media?parent=927"}],"curies":[{"name":"wp","href":"https:\/\/api.w.org\/{rel}","templated":true}]}}