{"id":920,"date":"2013-10-02T19:54:07","date_gmt":"2013-10-02T19:54:07","guid":{"rendered":"https:\/\/neuroforma.com.br\/novo\/?page_id=920"},"modified":"2021-09-04T14:29:31","modified_gmt":"2021-09-04T14:29:31","slug":"entenda-a-dinamica-do-treinamento-cognitivo","status":"publish","type":"page","link":"https:\/\/neuroforma.com.br\/novo\/entenda-a-dinamica-do-treinamento-cognitivo\/","title":{"rendered":"Para Institutos e Escolas"},"content":{"rendered":"<h1>Institutos, Escolas\u00a0e Associa\u00e7\u00f5es<\/h1>\n<p>Trabalhamos com condi\u00e7\u00f5es especiais na oferta de nossos produtos e servi\u00e7os para grupos de indiv\u00edduos, institutos sociais e esportivos, escolas e associa\u00e7\u00f5es dos mais diversos segmentos.<\/p>\n<p>&nbsp;<\/p>\n<p>Fale conosco:<br \/>\n<strong>contato@neuroforma.com.br<\/strong><\/p>\n","protected":false},"excerpt":{"rendered":"<p>Institutos, Escolas\u00a0e Associa\u00e7\u00f5es Trabalhamos com condi\u00e7\u00f5es especiais na oferta de nossos produtos e servi\u00e7os para grupos de indiv\u00edduos, institutos sociais e esportivos, escolas e associa\u00e7\u00f5es dos mais diversos segmentos. &nbsp; Fale conosco: contato@neuroforma.com.br<\/p>\n","protected":false},"author":1,"featured_media":0,"parent":0,"menu_order":0,"comment_status":"closed","ping_status":"closed","template":"","meta":{"footnotes":""},"class_list":["post-920","page","type-page","status-publish","hentry","repupress_customize_woocommerce_productom_class"],"yoast_head":"<!-- This site is optimized with the Yoast SEO plugin v26.9 - https:\/\/yoast.com\/product\/yoast-seo-wordpress\/ -->\n<title>Para Institutos e Escolas -<\/title>\n<meta name=\"robots\" content=\"index, follow, max-snippet:-1, max-image-preview:large, max-video-preview:-1\" \/>\n<link rel=\"canonical\" href=\"https:\/\/neuroforma.com.br\/novo\/entenda-a-dinamica-do-treinamento-cognitivo\/\" \/>\n<meta property=\"og:locale\" content=\"pt_BR\" \/>\n<meta property=\"og:type\" content=\"article\" \/>\n<meta property=\"og:title\" content=\"Para Institutos e Escolas -\" \/>\n<meta property=\"og:description\" content=\"Institutos, Escolas\u00a0e Associa\u00e7\u00f5es Trabalhamos com condi\u00e7\u00f5es especiais na oferta de nossos produtos e servi\u00e7os para grupos de indiv\u00edduos, institutos sociais e esportivos, escolas e associa\u00e7\u00f5es dos mais diversos segmentos. &nbsp; Fale conosco: contato@neuroforma.com.br\" \/>\n<meta property=\"og:url\" content=\"https:\/\/neuroforma.com.br\/novo\/entenda-a-dinamica-do-treinamento-cognitivo\/\" \/>\n<meta property=\"article:modified_time\" content=\"2021-09-04T14:29:31+00:00\" \/>\n<script type=\"application\/ld+json\" class=\"yoast-schema-graph\">{\"@context\":\"https:\/\/schema.org\",\"@graph\":[{\"@type\":\"WebPage\",\"@id\":\"https:\/\/neuroforma.com.br\/novo\/entenda-a-dinamica-do-treinamento-cognitivo\/\",\"url\":\"https:\/\/neuroforma.com.br\/novo\/entenda-a-dinamica-do-treinamento-cognitivo\/\",\"name\":\"Para Institutos e Escolas -\",\"isPartOf\":{\"@id\":\"https:\/\/neuroforma.com.br\/novo\/#website\"},\"datePublished\":\"2013-10-02T19:54:07+00:00\",\"dateModified\":\"2021-09-04T14:29:31+00:00\",\"breadcrumb\":{\"@id\":\"https:\/\/neuroforma.com.br\/novo\/entenda-a-dinamica-do-treinamento-cognitivo\/#breadcrumb\"},\"inLanguage\":\"pt-BR\",\"potentialAction\":[{\"@type\":\"ReadAction\",\"target\":[\"https:\/\/neuroforma.com.br\/novo\/entenda-a-dinamica-do-treinamento-cognitivo\/\"]}]},{\"@type\":\"BreadcrumbList\",\"@id\":\"https:\/\/neuroforma.com.br\/novo\/entenda-a-dinamica-do-treinamento-cognitivo\/#breadcrumb\",\"itemListElement\":[{\"@type\":\"ListItem\",\"position\":1,\"name\":\"Home\",\"item\":\"https:\/\/neuroforma.com.br\/novo\/\"},{\"@type\":\"ListItem\",\"position\":2,\"name\":\"Para Institutos e Escolas\"}]},{\"@type\":\"WebSite\",\"@id\":\"https:\/\/neuroforma.com.br\/novo\/#website\",\"url\":\"https:\/\/neuroforma.com.br\/novo\/\",\"name\":\"\",\"description\":\"\",\"potentialAction\":[{\"@type\":\"SearchAction\",\"target\":{\"@type\":\"EntryPoint\",\"urlTemplate\":\"https:\/\/neuroforma.com.br\/novo\/?s={search_term_string}\"},\"query-input\":{\"@type\":\"PropertyValueSpecification\",\"valueRequired\":true,\"valueName\":\"search_term_string\"}}],\"inLanguage\":\"pt-BR\"}]}<\/script>\n<!-- \/ Yoast SEO plugin. -->","yoast_head_json":{"title":"Para Institutos e Escolas -","robots":{"index":"index","follow":"follow","max-snippet":"max-snippet:-1","max-image-preview":"max-image-preview:large","max-video-preview":"max-video-preview:-1"},"canonical":"https:\/\/neuroforma.com.br\/novo\/entenda-a-dinamica-do-treinamento-cognitivo\/","og_locale":"pt_BR","og_type":"article","og_title":"Para Institutos e Escolas -","og_description":"Institutos, Escolas\u00a0e Associa\u00e7\u00f5es Trabalhamos com condi\u00e7\u00f5es especiais na oferta de nossos produtos e servi\u00e7os para grupos de indiv\u00edduos, institutos sociais e esportivos, escolas e associa\u00e7\u00f5es dos mais diversos segmentos. &nbsp; Fale conosco: contato@neuroforma.com.br","og_url":"https:\/\/neuroforma.com.br\/novo\/entenda-a-dinamica-do-treinamento-cognitivo\/","article_modified_time":"2021-09-04T14:29:31+00:00","schema":{"@context":"https:\/\/schema.org","@graph":[{"@type":"WebPage","@id":"https:\/\/neuroforma.com.br\/novo\/entenda-a-dinamica-do-treinamento-cognitivo\/","url":"https:\/\/neuroforma.com.br\/novo\/entenda-a-dinamica-do-treinamento-cognitivo\/","name":"Para Institutos e Escolas -","isPartOf":{"@id":"https:\/\/neuroforma.com.br\/novo\/#website"},"datePublished":"2013-10-02T19:54:07+00:00","dateModified":"2021-09-04T14:29:31+00:00","breadcrumb":{"@id":"https:\/\/neuroforma.com.br\/novo\/entenda-a-dinamica-do-treinamento-cognitivo\/#breadcrumb"},"inLanguage":"pt-BR","potentialAction":[{"@type":"ReadAction","target":["https:\/\/neuroforma.com.br\/novo\/entenda-a-dinamica-do-treinamento-cognitivo\/"]}]},{"@type":"BreadcrumbList","@id":"https:\/\/neuroforma.com.br\/novo\/entenda-a-dinamica-do-treinamento-cognitivo\/#breadcrumb","itemListElement":[{"@type":"ListItem","position":1,"name":"Home","item":"https:\/\/neuroforma.com.br\/novo\/"},{"@type":"ListItem","position":2,"name":"Para Institutos e Escolas"}]},{"@type":"WebSite","@id":"https:\/\/neuroforma.com.br\/novo\/#website","url":"https:\/\/neuroforma.com.br\/novo\/","name":"","description":"","potentialAction":[{"@type":"SearchAction","target":{"@type":"EntryPoint","urlTemplate":"https:\/\/neuroforma.com.br\/novo\/?s={search_term_string}"},"query-input":{"@type":"PropertyValueSpecification","valueRequired":true,"valueName":"search_term_string"}}],"inLanguage":"pt-BR"}]}},"_links":{"self":[{"href":"https:\/\/neuroforma.com.br\/novo\/wp-json\/wp\/v2\/pages\/920","targetHints":{"allow":["GET"]}}],"collection":[{"href":"https:\/\/neuroforma.com.br\/novo\/wp-json\/wp\/v2\/pages"}],"about":[{"href":"https:\/\/neuroforma.com.br\/novo\/wp-json\/wp\/v2\/types\/page"}],"author":[{"embeddable":true,"href":"https:\/\/neuroforma.com.br\/novo\/wp-json\/wp\/v2\/users\/1"}],"replies":[{"embeddable":true,"href":"https:\/\/neuroforma.com.br\/novo\/wp-json\/wp\/v2\/comments?post=920"}],"version-history":[{"count":48,"href":"https:\/\/neuroforma.com.br\/novo\/wp-json\/wp\/v2\/pages\/920\/revisions"}],"predecessor-version":[{"id":5899,"href":"https:\/\/neuroforma.com.br\/novo\/wp-json\/wp\/v2\/pages\/920\/revisions\/5899"}],"wp:attachment":[{"href":"https:\/\/neuroforma.com.br\/novo\/wp-json\/wp\/v2\/media?parent=920"}],"curies":[{"name":"wp","href":"https:\/\/api.w.org\/{rel}","templated":true}]}}