{"id":916,"date":"2013-10-02T19:50:22","date_gmt":"2013-10-02T19:50:22","guid":{"rendered":"https:\/\/neuroforma.com.br\/novo\/?page_id=916"},"modified":"2019-11-27T22:34:23","modified_gmt":"2019-11-27T22:34:23","slug":"para-voce","status":"publish","type":"page","link":"https:\/\/neuroforma.com.br\/novo\/para-voce\/","title":{"rendered":"Para Voc\u00ea"},"content":{"rendered":"<h2>PARA VOC\u00ca<\/h2>\n<p>Trouxemos at\u00e9 voc\u00ea a plataforma online BrainHQ\u00ae \u2013 pioneiro programa de treino cerebral cientificamente testado, com mais de 40 cursos e\u00a0exerc\u00edcios voltados para o aprimoramento de capacidades cognitivas como:  velocidade de processamento cerebral, intelig\u00eancia, habilidades sociais e de orienta\u00e7\u00e3o.<br \/>\n<img decoding=\"async\" class=\"alignright size-medium wp-image-1944\" src=\"https:\/\/neuroforma.com.br\/novo\/wp-content\/uploads\/2013\/10\/7169104_s-300x200.jpg\" alt=\"7169104_s\" width=\"400\" srcset=\"https:\/\/neuroforma.com.br\/novo\/wp-content\/uploads\/2013\/10\/7169104_s-300x200.jpg 300w, https:\/\/neuroforma.com.br\/novo\/wp-content\/uploads\/2013\/10\/7169104_s.jpg 450w\" sizes=\"(max-width: 300px) 100vw, 300px\" \/>Entre outras aplica\u00e7\u00f5es pr\u00e1ticas no dia a dia, os exerc\u00edcios ajudam a melhorar as capacidades de foco e aten\u00e7\u00e3o, mem\u00f3ria, resolu\u00e7\u00e3o de problemas, linguagem, a autoconfian\u00e7a, entre outras importantes para melhorar a performance nos mais diversos ambientes, do corporativo ao educacional.<\/p>\n<p>&nbsp;<\/p>\n<p>Nossa tecnologia\u00a0re\u00fane a experi\u00eancia de mais de\u00a0100 cientistas dos principais centros de ensino e pesquisa mundiais \u2013 incluindo as universidades de S\u00e3o Francisco, Yale e Stanford. No Brasil, a plataforma foi desenvolvida\u00a0e adaptada sob supervis\u00e3o do m\u00e9dico PHD, neurocientista e professor\u00a0<a href=\"http:\/\/pt.wikipedia.org\/wiki\/Rog\u00e9rio_Panizzutti\">Rog\u00e9rio Panizzutti<\/a>.<\/p>\n<p>&nbsp;<\/p>\n<p><img loading=\"lazy\" decoding=\"async\" src=\"https:\/\/neuroforma.com.br\/novo\/wp-content\/uploads\/2013\/10\/ilustracao-1.jpg\" alt=\"ilustracao-1\" width=\"604\" height=\"429\" \/><\/p>\n<p>&nbsp;<\/p>\n<h2>Quer experimentar?<\/h2>\n<p style=\"text-align: left;\"><a href=\"https:\/\/br.brainhq.com\/\" class=\"su-button su-button-style-glass\" style=\"color:#FFFFFF;background-color:#144d8d;border-color:#103e71;border-radius:5px\" target=\"_blank\" rel=\"noopener noreferrer\"><span style=\"color:#FFFFFF;padding:0px 38px;font-size:27px;line-height:54px;border-color:#5b83b0;border-radius:5px;text-shadow:none\"> Experimente Gr\u00e1tis<\/span><\/a>\n","protected":false},"excerpt":{"rendered":"<p>PARA VOC\u00ca Trouxemos at\u00e9 voc\u00ea a plataforma online BrainHQ\u00ae \u2013 pioneiro programa de treino cerebral cientificamente testado, com mais de 40 cursos e\u00a0exerc\u00edcios voltados para o aprimoramento de capacidades cognitivas como: velocidade de processamento cerebral, intelig\u00eancia, habilidades sociais e de orienta\u00e7\u00e3o. Entre outras aplica\u00e7\u00f5es pr\u00e1ticas no dia a dia, os exerc\u00edcios ajudam a melhorar as &hellip; <a href=\"https:\/\/neuroforma.com.br\/novo\/para-voce\/\" class=\"more-link\">Continue lendo <span class=\"screen-reader-text\">Para Voc\u00ea<\/span> <span class=\"meta-nav\">&rarr;<\/span><\/a><\/p>\n","protected":false},"author":1,"featured_media":0,"parent":0,"menu_order":0,"comment_status":"closed","ping_status":"closed","template":"","meta":{"footnotes":""},"class_list":["post-916","page","type-page","status-publish","hentry","repupress_customize_woocommerce_productom_class"],"yoast_head":"<!-- This site is optimized with the Yoast SEO plugin v26.9 - https:\/\/yoast.com\/product\/yoast-seo-wordpress\/ -->\n<title>Para Voc\u00ea -<\/title>\n<meta name=\"robots\" content=\"index, follow, max-snippet:-1, max-image-preview:large, max-video-preview:-1\" \/>\n<link rel=\"canonical\" href=\"https:\/\/neuroforma.com.br\/novo\/para-voce\/\" \/>\n<meta property=\"og:locale\" content=\"pt_BR\" \/>\n<meta property=\"og:type\" content=\"article\" \/>\n<meta property=\"og:title\" content=\"Para Voc\u00ea -\" \/>\n<meta property=\"og:description\" content=\"PARA VOC\u00ca Trouxemos at\u00e9 voc\u00ea a plataforma online BrainHQ\u00ae \u2013 pioneiro programa de treino cerebral cientificamente testado, com mais de 40 cursos e\u00a0exerc\u00edcios voltados para o aprimoramento de capacidades cognitivas como: velocidade de processamento cerebral, intelig\u00eancia, habilidades sociais e de orienta\u00e7\u00e3o. Entre outras aplica\u00e7\u00f5es pr\u00e1ticas no dia a dia, os exerc\u00edcios ajudam a melhorar as &hellip; Continue lendo Para Voc\u00ea &rarr;\" \/>\n<meta property=\"og:url\" content=\"https:\/\/neuroforma.com.br\/novo\/para-voce\/\" \/>\n<meta property=\"article:modified_time\" content=\"2019-11-27T22:34:23+00:00\" \/>\n<meta property=\"og:image\" content=\"https:\/\/neuroforma.com.br\/novo\/wp-content\/uploads\/2013\/10\/7169104_s-300x200.jpg\" \/>\n<meta name=\"twitter:label1\" content=\"Est. tempo de leitura\" \/>\n\t<meta name=\"twitter:data1\" content=\"1 minuto\" \/>\n<script type=\"application\/ld+json\" class=\"yoast-schema-graph\">{\"@context\":\"https:\/\/schema.org\",\"@graph\":[{\"@type\":\"WebPage\",\"@id\":\"https:\/\/neuroforma.com.br\/novo\/para-voce\/\",\"url\":\"https:\/\/neuroforma.com.br\/novo\/para-voce\/\",\"name\":\"Para Voc\u00ea -\",\"isPartOf\":{\"@id\":\"https:\/\/neuroforma.com.br\/novo\/#website\"},\"primaryImageOfPage\":{\"@id\":\"https:\/\/neuroforma.com.br\/novo\/para-voce\/#primaryimage\"},\"image\":{\"@id\":\"https:\/\/neuroforma.com.br\/novo\/para-voce\/#primaryimage\"},\"thumbnailUrl\":\"https:\/\/neuroforma.com.br\/novo\/wp-content\/uploads\/2013\/10\/7169104_s-300x200.jpg\",\"datePublished\":\"2013-10-02T19:50:22+00:00\",\"dateModified\":\"2019-11-27T22:34:23+00:00\",\"breadcrumb\":{\"@id\":\"https:\/\/neuroforma.com.br\/novo\/para-voce\/#breadcrumb\"},\"inLanguage\":\"pt-BR\",\"potentialAction\":[{\"@type\":\"ReadAction\",\"target\":[\"https:\/\/neuroforma.com.br\/novo\/para-voce\/\"]}]},{\"@type\":\"ImageObject\",\"inLanguage\":\"pt-BR\",\"@id\":\"https:\/\/neuroforma.com.br\/novo\/para-voce\/#primaryimage\",\"url\":\"https:\/\/neuroforma.com.br\/novo\/wp-content\/uploads\/2013\/10\/7169104_s.jpg\",\"contentUrl\":\"https:\/\/neuroforma.com.br\/novo\/wp-content\/uploads\/2013\/10\/7169104_s.jpg\",\"width\":450,\"height\":300},{\"@type\":\"BreadcrumbList\",\"@id\":\"https:\/\/neuroforma.com.br\/novo\/para-voce\/#breadcrumb\",\"itemListElement\":[{\"@type\":\"ListItem\",\"position\":1,\"name\":\"Home\",\"item\":\"https:\/\/neuroforma.com.br\/novo\/\"},{\"@type\":\"ListItem\",\"position\":2,\"name\":\"Para Voc\u00ea\"}]},{\"@type\":\"WebSite\",\"@id\":\"https:\/\/neuroforma.com.br\/novo\/#website\",\"url\":\"https:\/\/neuroforma.com.br\/novo\/\",\"name\":\"\",\"description\":\"\",\"potentialAction\":[{\"@type\":\"SearchAction\",\"target\":{\"@type\":\"EntryPoint\",\"urlTemplate\":\"https:\/\/neuroforma.com.br\/novo\/?s={search_term_string}\"},\"query-input\":{\"@type\":\"PropertyValueSpecification\",\"valueRequired\":true,\"valueName\":\"search_term_string\"}}],\"inLanguage\":\"pt-BR\"}]}<\/script>\n<!-- \/ Yoast SEO plugin. -->","yoast_head_json":{"title":"Para Voc\u00ea -","robots":{"index":"index","follow":"follow","max-snippet":"max-snippet:-1","max-image-preview":"max-image-preview:large","max-video-preview":"max-video-preview:-1"},"canonical":"https:\/\/neuroforma.com.br\/novo\/para-voce\/","og_locale":"pt_BR","og_type":"article","og_title":"Para Voc\u00ea -","og_description":"PARA VOC\u00ca Trouxemos at\u00e9 voc\u00ea a plataforma online BrainHQ\u00ae \u2013 pioneiro programa de treino cerebral cientificamente testado, com mais de 40 cursos e\u00a0exerc\u00edcios voltados para o aprimoramento de capacidades cognitivas como: velocidade de processamento cerebral, intelig\u00eancia, habilidades sociais e de orienta\u00e7\u00e3o. Entre outras aplica\u00e7\u00f5es pr\u00e1ticas no dia a dia, os exerc\u00edcios ajudam a melhorar as &hellip; Continue lendo Para Voc\u00ea &rarr;","og_url":"https:\/\/neuroforma.com.br\/novo\/para-voce\/","article_modified_time":"2019-11-27T22:34:23+00:00","og_image":[{"url":"https:\/\/neuroforma.com.br\/novo\/wp-content\/uploads\/2013\/10\/7169104_s-300x200.jpg","type":"","width":"","height":""}],"twitter_misc":{"Est. tempo de leitura":"1 minuto"},"schema":{"@context":"https:\/\/schema.org","@graph":[{"@type":"WebPage","@id":"https:\/\/neuroforma.com.br\/novo\/para-voce\/","url":"https:\/\/neuroforma.com.br\/novo\/para-voce\/","name":"Para Voc\u00ea -","isPartOf":{"@id":"https:\/\/neuroforma.com.br\/novo\/#website"},"primaryImageOfPage":{"@id":"https:\/\/neuroforma.com.br\/novo\/para-voce\/#primaryimage"},"image":{"@id":"https:\/\/neuroforma.com.br\/novo\/para-voce\/#primaryimage"},"thumbnailUrl":"https:\/\/neuroforma.com.br\/novo\/wp-content\/uploads\/2013\/10\/7169104_s-300x200.jpg","datePublished":"2013-10-02T19:50:22+00:00","dateModified":"2019-11-27T22:34:23+00:00","breadcrumb":{"@id":"https:\/\/neuroforma.com.br\/novo\/para-voce\/#breadcrumb"},"inLanguage":"pt-BR","potentialAction":[{"@type":"ReadAction","target":["https:\/\/neuroforma.com.br\/novo\/para-voce\/"]}]},{"@type":"ImageObject","inLanguage":"pt-BR","@id":"https:\/\/neuroforma.com.br\/novo\/para-voce\/#primaryimage","url":"https:\/\/neuroforma.com.br\/novo\/wp-content\/uploads\/2013\/10\/7169104_s.jpg","contentUrl":"https:\/\/neuroforma.com.br\/novo\/wp-content\/uploads\/2013\/10\/7169104_s.jpg","width":450,"height":300},{"@type":"BreadcrumbList","@id":"https:\/\/neuroforma.com.br\/novo\/para-voce\/#breadcrumb","itemListElement":[{"@type":"ListItem","position":1,"name":"Home","item":"https:\/\/neuroforma.com.br\/novo\/"},{"@type":"ListItem","position":2,"name":"Para Voc\u00ea"}]},{"@type":"WebSite","@id":"https:\/\/neuroforma.com.br\/novo\/#website","url":"https:\/\/neuroforma.com.br\/novo\/","name":"","description":"","potentialAction":[{"@type":"SearchAction","target":{"@type":"EntryPoint","urlTemplate":"https:\/\/neuroforma.com.br\/novo\/?s={search_term_string}"},"query-input":{"@type":"PropertyValueSpecification","valueRequired":true,"valueName":"search_term_string"}}],"inLanguage":"pt-BR"}]}},"_links":{"self":[{"href":"https:\/\/neuroforma.com.br\/novo\/wp-json\/wp\/v2\/pages\/916","targetHints":{"allow":["GET"]}}],"collection":[{"href":"https:\/\/neuroforma.com.br\/novo\/wp-json\/wp\/v2\/pages"}],"about":[{"href":"https:\/\/neuroforma.com.br\/novo\/wp-json\/wp\/v2\/types\/page"}],"author":[{"embeddable":true,"href":"https:\/\/neuroforma.com.br\/novo\/wp-json\/wp\/v2\/users\/1"}],"replies":[{"embeddable":true,"href":"https:\/\/neuroforma.com.br\/novo\/wp-json\/wp\/v2\/comments?post=916"}],"version-history":[{"count":34,"href":"https:\/\/neuroforma.com.br\/novo\/wp-json\/wp\/v2\/pages\/916\/revisions"}],"predecessor-version":[{"id":5245,"href":"https:\/\/neuroforma.com.br\/novo\/wp-json\/wp\/v2\/pages\/916\/revisions\/5245"}],"wp:attachment":[{"href":"https:\/\/neuroforma.com.br\/novo\/wp-json\/wp\/v2\/media?parent=916"}],"curies":[{"name":"wp","href":"https:\/\/api.w.org\/{rel}","templated":true}]}}