{"id":899,"date":"2013-10-02T19:23:32","date_gmt":"2013-10-02T19:23:32","guid":{"rendered":"https:\/\/neuroforma.com.br\/novo\/?page_id=899"},"modified":"2019-11-27T22:01:18","modified_gmt":"2019-11-27T22:01:18","slug":"quem-somos","status":"publish","type":"page","link":"https:\/\/neuroforma.com.br\/novo\/quem-somos\/","title":{"rendered":"A Neuroforma"},"content":{"rendered":"<h1>A Neuroforma<\/h1>\n<p>Somos um time multidisciplinar apaixonado por solu\u00e7\u00f5es tecnol\u00f3gicas e inovadoras em neuroci\u00eancias para promo\u00e7\u00e3o de Sa\u00fade, Bem-Estar, Educa\u00e7\u00e3o e Medicina Aplicada. Iniciamos nossas atividades com a pesquisa e desenvolvimento dos exerc\u00edcios cientificamente testados do programa de treino cerebral BrainHQ\u00ae.<\/p>\n<p>Hoje oferecemos um sistema completo de treinamento cognitivo digital e somos refer\u00eancia na oferta de produtos e servi\u00e7os voltados para o aprimoramento\u00a0das capacidades cognitivas nos mais diversos ambientes, entre eles o educacional, esportivo e corporativo.<\/p>\n<p>Aqui e em nossas redes sociais voc\u00ea poder\u00e1 obter todas as informa\u00e7\u00f5es necess\u00e1rias sobre os benef\u00edcios do treino cognitivo digital para a sa\u00fade mental e qualidade de vida, seus principais resultados, atualiza\u00e7\u00f5es e fundamentos cient\u00edficos.<\/p>\n","protected":false},"excerpt":{"rendered":"<p>A Neuroforma Somos um time multidisciplinar apaixonado por solu\u00e7\u00f5es tecnol\u00f3gicas e inovadoras em neuroci\u00eancias para promo\u00e7\u00e3o de Sa\u00fade, Bem-Estar, Educa\u00e7\u00e3o e Medicina Aplicada. Iniciamos nossas atividades com a pesquisa e desenvolvimento dos exerc\u00edcios cientificamente testados do programa de treino cerebral BrainHQ\u00ae. Hoje oferecemos um sistema completo de treinamento cognitivo digital e somos refer\u00eancia na oferta &hellip; <a href=\"https:\/\/neuroforma.com.br\/novo\/quem-somos\/\" class=\"more-link\">Continue lendo <span class=\"screen-reader-text\">A Neuroforma<\/span> <span class=\"meta-nav\">&rarr;<\/span><\/a><\/p>\n","protected":false},"author":1,"featured_media":0,"parent":0,"menu_order":0,"comment_status":"closed","ping_status":"closed","template":"","meta":{"footnotes":""},"class_list":["post-899","page","type-page","status-publish","hentry","repupress_customize_woocommerce_productom_class"],"yoast_head":"<!-- This site is optimized with the Yoast SEO plugin v26.9 - https:\/\/yoast.com\/product\/yoast-seo-wordpress\/ -->\n<title>A Neuroforma -<\/title>\n<meta name=\"robots\" content=\"index, follow, max-snippet:-1, max-image-preview:large, max-video-preview:-1\" \/>\n<link rel=\"canonical\" href=\"https:\/\/neuroforma.com.br\/novo\/quem-somos\/\" \/>\n<meta property=\"og:locale\" content=\"pt_BR\" \/>\n<meta property=\"og:type\" content=\"article\" \/>\n<meta property=\"og:title\" content=\"A Neuroforma -\" \/>\n<meta property=\"og:description\" content=\"A Neuroforma Somos um time multidisciplinar apaixonado por solu\u00e7\u00f5es tecnol\u00f3gicas e inovadoras em neuroci\u00eancias para promo\u00e7\u00e3o de Sa\u00fade, Bem-Estar, Educa\u00e7\u00e3o e Medicina Aplicada. Iniciamos nossas atividades com a pesquisa e desenvolvimento dos exerc\u00edcios cientificamente testados do programa de treino cerebral BrainHQ\u00ae. Hoje oferecemos um sistema completo de treinamento cognitivo digital e somos refer\u00eancia na oferta &hellip; Continue lendo A Neuroforma &rarr;\" \/>\n<meta property=\"og:url\" content=\"https:\/\/neuroforma.com.br\/novo\/quem-somos\/\" \/>\n<meta property=\"article:modified_time\" content=\"2019-11-27T22:01:18+00:00\" \/>\n<meta name=\"twitter:label1\" content=\"Est. tempo de leitura\" \/>\n\t<meta name=\"twitter:data1\" content=\"1 minuto\" \/>\n<script type=\"application\/ld+json\" class=\"yoast-schema-graph\">{\"@context\":\"https:\/\/schema.org\",\"@graph\":[{\"@type\":\"WebPage\",\"@id\":\"https:\/\/neuroforma.com.br\/novo\/quem-somos\/\",\"url\":\"https:\/\/neuroforma.com.br\/novo\/quem-somos\/\",\"name\":\"A Neuroforma -\",\"isPartOf\":{\"@id\":\"https:\/\/neuroforma.com.br\/novo\/#website\"},\"datePublished\":\"2013-10-02T19:23:32+00:00\",\"dateModified\":\"2019-11-27T22:01:18+00:00\",\"breadcrumb\":{\"@id\":\"https:\/\/neuroforma.com.br\/novo\/quem-somos\/#breadcrumb\"},\"inLanguage\":\"pt-BR\",\"potentialAction\":[{\"@type\":\"ReadAction\",\"target\":[\"https:\/\/neuroforma.com.br\/novo\/quem-somos\/\"]}]},{\"@type\":\"BreadcrumbList\",\"@id\":\"https:\/\/neuroforma.com.br\/novo\/quem-somos\/#breadcrumb\",\"itemListElement\":[{\"@type\":\"ListItem\",\"position\":1,\"name\":\"Home\",\"item\":\"https:\/\/neuroforma.com.br\/novo\/\"},{\"@type\":\"ListItem\",\"position\":2,\"name\":\"A Neuroforma\"}]},{\"@type\":\"WebSite\",\"@id\":\"https:\/\/neuroforma.com.br\/novo\/#website\",\"url\":\"https:\/\/neuroforma.com.br\/novo\/\",\"name\":\"\",\"description\":\"\",\"potentialAction\":[{\"@type\":\"SearchAction\",\"target\":{\"@type\":\"EntryPoint\",\"urlTemplate\":\"https:\/\/neuroforma.com.br\/novo\/?s={search_term_string}\"},\"query-input\":{\"@type\":\"PropertyValueSpecification\",\"valueRequired\":true,\"valueName\":\"search_term_string\"}}],\"inLanguage\":\"pt-BR\"}]}<\/script>\n<!-- \/ Yoast SEO plugin. -->","yoast_head_json":{"title":"A Neuroforma -","robots":{"index":"index","follow":"follow","max-snippet":"max-snippet:-1","max-image-preview":"max-image-preview:large","max-video-preview":"max-video-preview:-1"},"canonical":"https:\/\/neuroforma.com.br\/novo\/quem-somos\/","og_locale":"pt_BR","og_type":"article","og_title":"A Neuroforma -","og_description":"A Neuroforma Somos um time multidisciplinar apaixonado por solu\u00e7\u00f5es tecnol\u00f3gicas e inovadoras em neuroci\u00eancias para promo\u00e7\u00e3o de Sa\u00fade, Bem-Estar, Educa\u00e7\u00e3o e Medicina Aplicada. Iniciamos nossas atividades com a pesquisa e desenvolvimento dos exerc\u00edcios cientificamente testados do programa de treino cerebral BrainHQ\u00ae. Hoje oferecemos um sistema completo de treinamento cognitivo digital e somos refer\u00eancia na oferta &hellip; Continue lendo A Neuroforma &rarr;","og_url":"https:\/\/neuroforma.com.br\/novo\/quem-somos\/","article_modified_time":"2019-11-27T22:01:18+00:00","twitter_misc":{"Est. tempo de leitura":"1 minuto"},"schema":{"@context":"https:\/\/schema.org","@graph":[{"@type":"WebPage","@id":"https:\/\/neuroforma.com.br\/novo\/quem-somos\/","url":"https:\/\/neuroforma.com.br\/novo\/quem-somos\/","name":"A Neuroforma -","isPartOf":{"@id":"https:\/\/neuroforma.com.br\/novo\/#website"},"datePublished":"2013-10-02T19:23:32+00:00","dateModified":"2019-11-27T22:01:18+00:00","breadcrumb":{"@id":"https:\/\/neuroforma.com.br\/novo\/quem-somos\/#breadcrumb"},"inLanguage":"pt-BR","potentialAction":[{"@type":"ReadAction","target":["https:\/\/neuroforma.com.br\/novo\/quem-somos\/"]}]},{"@type":"BreadcrumbList","@id":"https:\/\/neuroforma.com.br\/novo\/quem-somos\/#breadcrumb","itemListElement":[{"@type":"ListItem","position":1,"name":"Home","item":"https:\/\/neuroforma.com.br\/novo\/"},{"@type":"ListItem","position":2,"name":"A Neuroforma"}]},{"@type":"WebSite","@id":"https:\/\/neuroforma.com.br\/novo\/#website","url":"https:\/\/neuroforma.com.br\/novo\/","name":"","description":"","potentialAction":[{"@type":"SearchAction","target":{"@type":"EntryPoint","urlTemplate":"https:\/\/neuroforma.com.br\/novo\/?s={search_term_string}"},"query-input":{"@type":"PropertyValueSpecification","valueRequired":true,"valueName":"search_term_string"}}],"inLanguage":"pt-BR"}]}},"_links":{"self":[{"href":"https:\/\/neuroforma.com.br\/novo\/wp-json\/wp\/v2\/pages\/899","targetHints":{"allow":["GET"]}}],"collection":[{"href":"https:\/\/neuroforma.com.br\/novo\/wp-json\/wp\/v2\/pages"}],"about":[{"href":"https:\/\/neuroforma.com.br\/novo\/wp-json\/wp\/v2\/types\/page"}],"author":[{"embeddable":true,"href":"https:\/\/neuroforma.com.br\/novo\/wp-json\/wp\/v2\/users\/1"}],"replies":[{"embeddable":true,"href":"https:\/\/neuroforma.com.br\/novo\/wp-json\/wp\/v2\/comments?post=899"}],"version-history":[{"count":59,"href":"https:\/\/neuroforma.com.br\/novo\/wp-json\/wp\/v2\/pages\/899\/revisions"}],"predecessor-version":[{"id":5239,"href":"https:\/\/neuroforma.com.br\/novo\/wp-json\/wp\/v2\/pages\/899\/revisions\/5239"}],"wp:attachment":[{"href":"https:\/\/neuroforma.com.br\/novo\/wp-json\/wp\/v2\/media?parent=899"}],"curies":[{"name":"wp","href":"https:\/\/api.w.org\/{rel}","templated":true}]}}