{"id":4211,"date":"2017-07-04T20:24:49","date_gmt":"2017-07-04T20:24:49","guid":{"rendered":"https:\/\/neuroforma.com.br\/novo\/?page_id=4211"},"modified":"2017-07-10T15:34:14","modified_gmt":"2017-07-10T15:34:14","slug":"esrudos-e-validacoes-artigos-de-revisao","status":"publish","type":"page","link":"https:\/\/neuroforma.com.br\/novo\/estudos-e-validacoes-artigos-de-revisao\/","title":{"rendered":"Estudos e Valida\u00e7\u00f5es &#8211; Artigos de Revis\u00e3o"},"content":{"rendered":"<h1><strong>Artigos de Revis\u00e3o Publicados<\/strong><\/h1>\n<p>&nbsp;<\/p>\n<p>Muitas publica\u00e7\u00f5es de cientistas n\u00e3o descrevem um experimento ou os dados que eles mesmo analisaram: em vez disso, eles revisam uma s\u00e9rie de artigos sobre um t\u00f3pico para verificar o que as pesquisas demonstram num contexto geral. Abaixo, veja a lista de artigos de revis\u00e3o que incluem os estudos sobre os exerc\u00edcios do BrainHQ.<\/p>\n<p>&nbsp;<\/p>\n<h2><strong>Informa\u00e7\u00f5es e cita\u00e7\u00f5es de artigos de revis\u00e3o<\/strong><\/h2>\n<p>\u201cThe impact of speed of processing training on cognitive and everyday functions\u201d<br \/>\nPublicado em: Journals of Gerontology, Series B<br \/>\nAutor principal: Karlene Ball, PhD, University of Alabama at Birmingham<br \/>\n<a href=\"http:\/\/www.ncbi.nlm.nih.gov\/pubmed\/17565162\">Veja o resumo<\/a><\/p>\n<p>&nbsp;<\/p>\n<p>\u201cSpeed of processing in older adults: A cognitive overview for nursing\u201d<br \/>\nPublicado em: Journal of Neuroscience Nursing<br \/>\nAutor principal: David E. Vance, PhD, University of Alabama at Birmingham<br \/>\n<a href=\"http:\/\/www.ncbi.nlm.nih.gov\/pubmed\/19998680\">Veja o resumo<\/a><\/p>\n<p>&nbsp;<\/p>\n<p>\u201cThe emerging role of cognitive remediation therapy\u201d<br \/>\nPublicado em: Activities, Adaptation &amp; Aging<br \/>\nAutor principal: David E. Vance, PhD, University of Alabama at Birmingham<br \/>\n<a href=\"http:\/\/www.tandfonline.com\/doi\/abs\/10.1080\/01924780902718541#.VSbpRZTF9v1\">Veja o resumo<\/a><\/p>\n<p>&nbsp;<\/p>\n<p>\u201cPositive and negative neuroplasticity: Implications for age-related cognitive declines\u201d<br \/>\nPublicado em: Journal of Gerontological Nursing<br \/>\nAutor principal: David E. Vance, PhD, University of Alabama at Birmingham<br \/>\n<a href=\"http:\/\/www.ncbi.nlm.nih.gov\/pubmed\/19537290\">Veja o resumo<\/a><\/p>\n<p>&nbsp;<\/p>\n<p>\u201cTechnology, cognitive remediation, and nursing: Directions for successful cognitive aging\u201d<br \/>\nPublicado em: Journal of Gerontological Nursing<br \/>\nAutor principal: David E. Vance, PhD, University of Alabama at Birmingham<br \/>\n<a href=\"http:\/\/www.ncbi.nlm.nih.gov\/pubmed\/19263921\">Veja o resumo<\/a><\/p>\n<p>&nbsp;<\/p>\n<p>\u201cMental stimulation, neural plasticity, and aging: Directions for nursing research and practice\u201d<br \/>\nPublicado em: Journal of Neuroscience Nursing<br \/>\nAutor principal: David E. Vance, PhD, University of Alabama at Birmingham<br \/>\n<a href=\"http:\/\/www.ncbi.nlm.nih.gov\/pubmed\/18727340\">Veja o resumo<\/a><\/p>\n<p>&nbsp;<\/p>\n<p>\u201cAge and visual search: Expanding the useful field of view\u201d<br \/>\nPublicado em: Journal of the Optical Society of America<br \/>\nAutora principal: Karlene Ball, PhD, University of Alabama at Birmingham<br \/>\n<a href=\"http:\/\/www.ncbi.nlm.nih.gov\/pubmed\/3230491\">Veja o resumo<\/a><\/p>\n<p>&nbsp;<\/p>\n<p>\u201cCognitive speed of processing training can promote community mobility among older adults: A brief review\u201d<br \/>\nPublicado em: Journal of Aging Research<br \/>\nAutora principal: Melissa L. O\u2019Connor, PhD, North Dakota State University<br \/>\n<a href=\"http:\/\/www.ncbi.nlm.nih.gov\/pmc\/articles\/PMC3124890\">Veja o artigo<\/a><\/p>\n<p>&nbsp;<\/p>\n<p>\u201cThe impact of cognitive training and mental stimulation on cognitive and everyday functioning of healthy older adults: A systematic review and meta-analysis\u201d<br \/>\nPublicado em: Ageing Research Reviews<br \/>\nAutora principal: Michelle E. Kelly, BCBA-D, Trinity College Dublin (Ireland)<br \/>\n<a href=\"http:\/\/www.ncbi.nlm.nih.gov\/pubmed\/24607830\">Veja o resumo<\/a><\/p>\n<p>&nbsp;<\/p>\n<p>\u201cCognitive intervention for persons with mild cognitive impairment: A meta-analysis\u201d<br \/>\nPublicado em: Ageing Research Reviews<br \/>\nAutor principal: Huijie Li, Chinese Academy of Sciences<br \/>\n<a href=\"http:\/\/www.ncbi.nlm.nih.gov\/pubmed\/21130185\">Veja o resumo<\/a><\/p>\n<p>&nbsp;<\/p>\n<p>\u201cIn older adults, the brain can still be trained to hear in noise\u201d<br \/>\nPublicado em: The Hearing Journal<br \/>\nAutores principais: Nina Kraus, PhD, Northwestern University and Samira Anderson, PhD, University of Maryland<br \/>\n<a href=\"http:\/\/www.brainvolts.northwestern.edu\/documents\/Kraus_Anderson_HearJour_May_2013.pdf\">Veja o artigo<\/a><\/p>\n<p>&nbsp;<\/p>\n<p>\u201cBetter speech processing in smaller amplitudes\u201d<br \/>\nPublicado em: The Hearing Journal<br \/>\nAutor principais: Nina Kraus, PhD, Northwestern University and Samira Anderson, PhD, University of Maryland<br \/>\n<a href=\"http:\/\/journals.lww.com\/thehearingjournal\/Fulltext\/2014\/03000\/Better_Speech_Processing_in_Smaller_Amplitudes.3.aspx\">Veja o artigo<\/a><\/p>\n<p>&nbsp;<\/p>\n<p>\u201cBiological impact of music and software-based auditory training\u201d<br \/>\nPublicado em: Journal of Communication Disorders<br \/>\nAutora principal: Nina Kraus, PhD, Northwestern University<br \/>\n<a href=\"http:\/\/www.ncbi.nlm.nih.gov\/pmc\/articles\/PMC3473119\">Veja o artigo<\/a><\/p>\n<p>\u201cComputerized cognitive training with older adults: A systematic review\u201d<br \/>\nPublicado em: PLoS One<br \/>\nAutora principal: Alexandra M. Kueider, Johns Hopkins University<br \/>\n<a href=\"http:\/\/journals.plos.org\/plosone\/article?id=10.1371\/journal.pone.0040588\">Veja o artigo<\/a><\/p>\n<p>&nbsp;<\/p>\n<p>\u201cBrain plasticity-based therapeutics\u201d<br \/>\nPublicado em: Frontiers in Human Neuroscience<br \/>\nAutor principal: Michael M. Merzenich, PhD, University of California, San Francisco and Posit Science<br \/>\n<a href=\"http:\/\/www.ncbi.nlm.nih.gov\/pmc\/articles\/PMC4072971\/\">Veja o artigo<\/a><\/p>\n<p>&nbsp;<\/p>\n<p>\u201cConsumer-based brain fitness programs\u201d<br \/>\nPublicado em: Enhancing Cognitive Fitness in Adults: A Guide to the Use and Development of Community-Based Programs<br \/>\nAutora principal: Elizabeth Zelinski, PhD, University of Southern California<br \/>\n<a href=\"http:\/\/link.springer.com\/chapter\/10.1007%2F978-1-4419-0636-6_3#page-1\">Veja o artigo<\/a><\/p>\n<p>&nbsp;<\/p>\n<p>\u201cFar transfer in cognitive training of older adults\u201d<br \/>\nPublicado em: Restorative Neurology and Neuroscience<br \/>\nAutora principal: Elizabeth Zelinski, PhD, University of Southern California<br \/>\n<a href=\"http:\/\/www.ncbi.nlm.nih.gov\/pmc\/articles\/PMC4169295\/\">Veja o artigo<\/a><\/p>\n<p>&nbsp;<\/p>\n<p>\u201cEvaluating the relationship between change in performance on training tasks and on untrained outcomes\u201d<br \/>\nPublicado em: Frontiers in Human Neuroscience<br \/>\nAutora principal: Elizabeth Zelinski, PhD, University of Southern California<br \/>\n<a href=\"http:\/\/www.ncbi.nlm.nih.gov\/pmc\/articles\/PMC4131298\/\">Veja o artigo<\/a><\/p>\n","protected":false},"excerpt":{"rendered":"<p>Artigos de Revis\u00e3o Publicados &nbsp; Muitas publica\u00e7\u00f5es de cientistas n\u00e3o descrevem um experimento ou os dados que eles mesmo analisaram: em vez disso, eles revisam uma s\u00e9rie de artigos sobre um t\u00f3pico para verificar o que as pesquisas demonstram num contexto geral. Abaixo, veja a lista de artigos de revis\u00e3o que incluem os estudos sobre &hellip; <a href=\"https:\/\/neuroforma.com.br\/novo\/estudos-e-validacoes-artigos-de-revisao\/\" class=\"more-link\">Continue lendo <span class=\"screen-reader-text\">Estudos e Valida\u00e7\u00f5es &#8211; Artigos de Revis\u00e3o<\/span> <span class=\"meta-nav\">&rarr;<\/span><\/a><\/p>\n","protected":false},"author":1,"featured_media":0,"parent":0,"menu_order":0,"comment_status":"closed","ping_status":"closed","template":"","meta":{"footnotes":""},"class_list":["post-4211","page","type-page","status-publish","hentry","repupress_customize_woocommerce_productom_class"],"yoast_head":"<!-- This site is optimized with the Yoast SEO plugin v26.9 - https:\/\/yoast.com\/product\/yoast-seo-wordpress\/ -->\n<title>Estudos e Valida\u00e7\u00f5es - Artigos de Revis\u00e3o -<\/title>\n<meta name=\"robots\" content=\"index, follow, max-snippet:-1, max-image-preview:large, max-video-preview:-1\" \/>\n<link rel=\"canonical\" href=\"https:\/\/neuroforma.com.br\/novo\/estudos-e-validacoes-artigos-de-revisao\/\" \/>\n<meta property=\"og:locale\" content=\"pt_BR\" \/>\n<meta property=\"og:type\" content=\"article\" \/>\n<meta property=\"og:title\" content=\"Estudos e Valida\u00e7\u00f5es - Artigos de Revis\u00e3o -\" \/>\n<meta property=\"og:description\" content=\"Artigos de Revis\u00e3o Publicados &nbsp; Muitas publica\u00e7\u00f5es de cientistas n\u00e3o descrevem um experimento ou os dados que eles mesmo analisaram: em vez disso, eles revisam uma s\u00e9rie de artigos sobre um t\u00f3pico para verificar o que as pesquisas demonstram num contexto geral. Abaixo, veja a lista de artigos de revis\u00e3o que incluem os estudos sobre &hellip; Continue lendo Estudos e Valida\u00e7\u00f5es &#8211; Artigos de Revis\u00e3o &rarr;\" \/>\n<meta property=\"og:url\" content=\"https:\/\/neuroforma.com.br\/novo\/estudos-e-validacoes-artigos-de-revisao\/\" \/>\n<meta property=\"article:modified_time\" content=\"2017-07-10T15:34:14+00:00\" \/>\n<meta name=\"twitter:label1\" content=\"Est. tempo de leitura\" \/>\n\t<meta name=\"twitter:data1\" content=\"3 minutos\" \/>\n<script type=\"application\/ld+json\" class=\"yoast-schema-graph\">{\"@context\":\"https:\/\/schema.org\",\"@graph\":[{\"@type\":\"WebPage\",\"@id\":\"https:\/\/neuroforma.com.br\/novo\/estudos-e-validacoes-artigos-de-revisao\/\",\"url\":\"https:\/\/neuroforma.com.br\/novo\/estudos-e-validacoes-artigos-de-revisao\/\",\"name\":\"Estudos e Valida\u00e7\u00f5es - Artigos de Revis\u00e3o -\",\"isPartOf\":{\"@id\":\"https:\/\/neuroforma.com.br\/novo\/#website\"},\"datePublished\":\"2017-07-04T20:24:49+00:00\",\"dateModified\":\"2017-07-10T15:34:14+00:00\",\"breadcrumb\":{\"@id\":\"https:\/\/neuroforma.com.br\/novo\/estudos-e-validacoes-artigos-de-revisao\/#breadcrumb\"},\"inLanguage\":\"pt-BR\",\"potentialAction\":[{\"@type\":\"ReadAction\",\"target\":[\"https:\/\/neuroforma.com.br\/novo\/estudos-e-validacoes-artigos-de-revisao\/\"]}]},{\"@type\":\"BreadcrumbList\",\"@id\":\"https:\/\/neuroforma.com.br\/novo\/estudos-e-validacoes-artigos-de-revisao\/#breadcrumb\",\"itemListElement\":[{\"@type\":\"ListItem\",\"position\":1,\"name\":\"Home\",\"item\":\"https:\/\/neuroforma.com.br\/novo\/\"},{\"@type\":\"ListItem\",\"position\":2,\"name\":\"Estudos e Valida\u00e7\u00f5es &#8211; Artigos de Revis\u00e3o\"}]},{\"@type\":\"WebSite\",\"@id\":\"https:\/\/neuroforma.com.br\/novo\/#website\",\"url\":\"https:\/\/neuroforma.com.br\/novo\/\",\"name\":\"\",\"description\":\"\",\"potentialAction\":[{\"@type\":\"SearchAction\",\"target\":{\"@type\":\"EntryPoint\",\"urlTemplate\":\"https:\/\/neuroforma.com.br\/novo\/?s={search_term_string}\"},\"query-input\":{\"@type\":\"PropertyValueSpecification\",\"valueRequired\":true,\"valueName\":\"search_term_string\"}}],\"inLanguage\":\"pt-BR\"}]}<\/script>\n<!-- \/ Yoast SEO plugin. -->","yoast_head_json":{"title":"Estudos e Valida\u00e7\u00f5es - Artigos de Revis\u00e3o -","robots":{"index":"index","follow":"follow","max-snippet":"max-snippet:-1","max-image-preview":"max-image-preview:large","max-video-preview":"max-video-preview:-1"},"canonical":"https:\/\/neuroforma.com.br\/novo\/estudos-e-validacoes-artigos-de-revisao\/","og_locale":"pt_BR","og_type":"article","og_title":"Estudos e Valida\u00e7\u00f5es - Artigos de Revis\u00e3o -","og_description":"Artigos de Revis\u00e3o Publicados &nbsp; Muitas publica\u00e7\u00f5es de cientistas n\u00e3o descrevem um experimento ou os dados que eles mesmo analisaram: em vez disso, eles revisam uma s\u00e9rie de artigos sobre um t\u00f3pico para verificar o que as pesquisas demonstram num contexto geral. Abaixo, veja a lista de artigos de revis\u00e3o que incluem os estudos sobre &hellip; Continue lendo Estudos e Valida\u00e7\u00f5es &#8211; Artigos de Revis\u00e3o &rarr;","og_url":"https:\/\/neuroforma.com.br\/novo\/estudos-e-validacoes-artigos-de-revisao\/","article_modified_time":"2017-07-10T15:34:14+00:00","twitter_misc":{"Est. tempo de leitura":"3 minutos"},"schema":{"@context":"https:\/\/schema.org","@graph":[{"@type":"WebPage","@id":"https:\/\/neuroforma.com.br\/novo\/estudos-e-validacoes-artigos-de-revisao\/","url":"https:\/\/neuroforma.com.br\/novo\/estudos-e-validacoes-artigos-de-revisao\/","name":"Estudos e Valida\u00e7\u00f5es - Artigos de Revis\u00e3o -","isPartOf":{"@id":"https:\/\/neuroforma.com.br\/novo\/#website"},"datePublished":"2017-07-04T20:24:49+00:00","dateModified":"2017-07-10T15:34:14+00:00","breadcrumb":{"@id":"https:\/\/neuroforma.com.br\/novo\/estudos-e-validacoes-artigos-de-revisao\/#breadcrumb"},"inLanguage":"pt-BR","potentialAction":[{"@type":"ReadAction","target":["https:\/\/neuroforma.com.br\/novo\/estudos-e-validacoes-artigos-de-revisao\/"]}]},{"@type":"BreadcrumbList","@id":"https:\/\/neuroforma.com.br\/novo\/estudos-e-validacoes-artigos-de-revisao\/#breadcrumb","itemListElement":[{"@type":"ListItem","position":1,"name":"Home","item":"https:\/\/neuroforma.com.br\/novo\/"},{"@type":"ListItem","position":2,"name":"Estudos e Valida\u00e7\u00f5es &#8211; Artigos de Revis\u00e3o"}]},{"@type":"WebSite","@id":"https:\/\/neuroforma.com.br\/novo\/#website","url":"https:\/\/neuroforma.com.br\/novo\/","name":"","description":"","potentialAction":[{"@type":"SearchAction","target":{"@type":"EntryPoint","urlTemplate":"https:\/\/neuroforma.com.br\/novo\/?s={search_term_string}"},"query-input":{"@type":"PropertyValueSpecification","valueRequired":true,"valueName":"search_term_string"}}],"inLanguage":"pt-BR"}]}},"_links":{"self":[{"href":"https:\/\/neuroforma.com.br\/novo\/wp-json\/wp\/v2\/pages\/4211","targetHints":{"allow":["GET"]}}],"collection":[{"href":"https:\/\/neuroforma.com.br\/novo\/wp-json\/wp\/v2\/pages"}],"about":[{"href":"https:\/\/neuroforma.com.br\/novo\/wp-json\/wp\/v2\/types\/page"}],"author":[{"embeddable":true,"href":"https:\/\/neuroforma.com.br\/novo\/wp-json\/wp\/v2\/users\/1"}],"replies":[{"embeddable":true,"href":"https:\/\/neuroforma.com.br\/novo\/wp-json\/wp\/v2\/comments?post=4211"}],"version-history":[{"count":4,"href":"https:\/\/neuroforma.com.br\/novo\/wp-json\/wp\/v2\/pages\/4211\/revisions"}],"predecessor-version":[{"id":4247,"href":"https:\/\/neuroforma.com.br\/novo\/wp-json\/wp\/v2\/pages\/4211\/revisions\/4247"}],"wp:attachment":[{"href":"https:\/\/neuroforma.com.br\/novo\/wp-json\/wp\/v2\/media?parent=4211"}],"curies":[{"name":"wp","href":"https:\/\/api.w.org\/{rel}","templated":true}]}}