{"id":4208,"date":"2017-07-04T20:08:46","date_gmt":"2017-07-04T20:08:46","guid":{"rendered":"https:\/\/neuroforma.com.br\/novo\/?page_id=4208"},"modified":"2017-07-10T15:33:22","modified_gmt":"2017-07-10T15:33:22","slug":"estudos-e-validacoes-custos-medicos","status":"publish","type":"page","link":"https:\/\/neuroforma.com.br\/novo\/estudos-e-validacoes-custos-medicos\/","title":{"rendered":"Estudos e Valida\u00e7\u00f5es &#8211; Custos M\u00e9dicos"},"content":{"rendered":"<h1><strong>Pesquisas Publicadas que analisam se o Uso do BrainHQ Afeta os Custos M\u00e9dicos <\/strong><\/h1>\n<p><strong>\u00a0<\/strong><\/p>\n<p>Se uma sa\u00fade cognitiva melhor pode afetar v\u00e1rios aspectos de seguran\u00e7a e bem-estar, ela tamb\u00e9m pode levar a uma economia nos custos de cuidado com a sa\u00fade. Dois artigos cient\u00edficos sugeriram que o treinamento do BrainHQ \u00e9 capaz de diminuir os custos associados aos cuidados com a sa\u00fade.<\/p>\n<ul>\n<li>Um estudo prestigioso e de larga escala chamado de <a href=\"http:\/\/www.brainhq.com\/world-class-science\/published-research\/active-study\">Estudo ATIVO<\/a> mostrou que as despesas m\u00e9dicas diminu\u00edram em US$223 um ano ap\u00f3s o treinamento, e ca\u00edram em US$128 por ano, por cinco anos ap\u00f3s o treinamento para as pessoas que treinaram com os exerc\u00edcios do BrainHQ. Os custos para as pessoas que usaram outros dois tipos de programas de treinamento cognitivo \u2013 um programa de treinamento de mem\u00f3ria e de treinamento de racioc\u00ednio de outras empresas \u2013 permaneceram o mesmo.<\/li>\n<\/ul>\n<ul>\n<li>Um estudo piloto mostrou que os custos de interna\u00e7\u00f5es e exames em pacientes com insufici\u00eancia card\u00edaca que usaram um conjunto de exerc\u00edcios do BrainHQ foram menores do que aquelas pessoas que participaram de um programa de educa\u00e7\u00e3o para a sa\u00fade.<\/li>\n<\/ul>\n<h2><strong>Informa\u00e7\u00f5es e cita\u00e7\u00f5es de estudos mostrando como o treinamento com o BrainHQ afeta os custos m\u00e9dicos<\/strong><\/h2>\n<p>\u201cThe ACTIVE cognitive training trial and predicted medical expenditures\u201d<br \/>\nPublicado em: BMC Health Services Research<br \/>\nAutor principal: Fredric D. Wolinsky, PhD, University of Iowa<br \/>\n<a href=\"http:\/\/www.ncbi.nlm.nih.gov\/pmc\/articles\/PMC2711068\">Veja o artigo<\/a><br \/>\n\u201cHealthcare resource use among heart failure patients in a randomized pilot study of a cognitive training intervention\u201d<br \/>\nPublicado em: Heart and Lung<br \/>\nAutora principal: Susan J. Pressler, PhD, RN, University of Michigan<br \/>\n<a href=\"http:\/\/www.ncbi.nlm.nih.gov\/pmc\/articles\/PMC3781586\">Veja o artigo<\/a><\/p>\n","protected":false},"excerpt":{"rendered":"<p>Pesquisas Publicadas que analisam se o Uso do BrainHQ Afeta os Custos M\u00e9dicos \u00a0 Se uma sa\u00fade cognitiva melhor pode afetar v\u00e1rios aspectos de seguran\u00e7a e bem-estar, ela tamb\u00e9m pode levar a uma economia nos custos de cuidado com a sa\u00fade. Dois artigos cient\u00edficos sugeriram que o treinamento do BrainHQ \u00e9 capaz de diminuir os &hellip; <a href=\"https:\/\/neuroforma.com.br\/novo\/estudos-e-validacoes-custos-medicos\/\" class=\"more-link\">Continue lendo <span class=\"screen-reader-text\">Estudos e Valida\u00e7\u00f5es &#8211; Custos M\u00e9dicos<\/span> <span class=\"meta-nav\">&rarr;<\/span><\/a><\/p>\n","protected":false},"author":1,"featured_media":0,"parent":0,"menu_order":0,"comment_status":"closed","ping_status":"closed","template":"","meta":{"footnotes":""},"class_list":["post-4208","page","type-page","status-publish","hentry","repupress_customize_woocommerce_productom_class"],"yoast_head":"<!-- This site is optimized with the Yoast SEO plugin v26.9 - https:\/\/yoast.com\/product\/yoast-seo-wordpress\/ -->\n<title>Estudos e Valida\u00e7\u00f5es - Custos M\u00e9dicos -<\/title>\n<meta name=\"robots\" content=\"index, follow, max-snippet:-1, max-image-preview:large, max-video-preview:-1\" \/>\n<link rel=\"canonical\" href=\"https:\/\/neuroforma.com.br\/novo\/estudos-e-validacoes-custos-medicos\/\" \/>\n<meta property=\"og:locale\" content=\"pt_BR\" \/>\n<meta property=\"og:type\" content=\"article\" \/>\n<meta property=\"og:title\" content=\"Estudos e Valida\u00e7\u00f5es - Custos M\u00e9dicos -\" \/>\n<meta property=\"og:description\" content=\"Pesquisas Publicadas que analisam se o Uso do BrainHQ Afeta os Custos M\u00e9dicos \u00a0 Se uma sa\u00fade cognitiva melhor pode afetar v\u00e1rios aspectos de seguran\u00e7a e bem-estar, ela tamb\u00e9m pode levar a uma economia nos custos de cuidado com a sa\u00fade. Dois artigos cient\u00edficos sugeriram que o treinamento do BrainHQ \u00e9 capaz de diminuir os &hellip; Continue lendo Estudos e Valida\u00e7\u00f5es &#8211; Custos M\u00e9dicos &rarr;\" \/>\n<meta property=\"og:url\" content=\"https:\/\/neuroforma.com.br\/novo\/estudos-e-validacoes-custos-medicos\/\" \/>\n<meta property=\"article:modified_time\" content=\"2017-07-10T15:33:22+00:00\" \/>\n<meta name=\"twitter:label1\" content=\"Est. tempo de leitura\" \/>\n\t<meta name=\"twitter:data1\" content=\"1 minuto\" \/>\n<script type=\"application\/ld+json\" class=\"yoast-schema-graph\">{\"@context\":\"https:\/\/schema.org\",\"@graph\":[{\"@type\":\"WebPage\",\"@id\":\"https:\/\/neuroforma.com.br\/novo\/estudos-e-validacoes-custos-medicos\/\",\"url\":\"https:\/\/neuroforma.com.br\/novo\/estudos-e-validacoes-custos-medicos\/\",\"name\":\"Estudos e Valida\u00e7\u00f5es - Custos M\u00e9dicos -\",\"isPartOf\":{\"@id\":\"https:\/\/neuroforma.com.br\/novo\/#website\"},\"datePublished\":\"2017-07-04T20:08:46+00:00\",\"dateModified\":\"2017-07-10T15:33:22+00:00\",\"breadcrumb\":{\"@id\":\"https:\/\/neuroforma.com.br\/novo\/estudos-e-validacoes-custos-medicos\/#breadcrumb\"},\"inLanguage\":\"pt-BR\",\"potentialAction\":[{\"@type\":\"ReadAction\",\"target\":[\"https:\/\/neuroforma.com.br\/novo\/estudos-e-validacoes-custos-medicos\/\"]}]},{\"@type\":\"BreadcrumbList\",\"@id\":\"https:\/\/neuroforma.com.br\/novo\/estudos-e-validacoes-custos-medicos\/#breadcrumb\",\"itemListElement\":[{\"@type\":\"ListItem\",\"position\":1,\"name\":\"Home\",\"item\":\"https:\/\/neuroforma.com.br\/novo\/\"},{\"@type\":\"ListItem\",\"position\":2,\"name\":\"Estudos e Valida\u00e7\u00f5es &#8211; Custos M\u00e9dicos\"}]},{\"@type\":\"WebSite\",\"@id\":\"https:\/\/neuroforma.com.br\/novo\/#website\",\"url\":\"https:\/\/neuroforma.com.br\/novo\/\",\"name\":\"\",\"description\":\"\",\"potentialAction\":[{\"@type\":\"SearchAction\",\"target\":{\"@type\":\"EntryPoint\",\"urlTemplate\":\"https:\/\/neuroforma.com.br\/novo\/?s={search_term_string}\"},\"query-input\":{\"@type\":\"PropertyValueSpecification\",\"valueRequired\":true,\"valueName\":\"search_term_string\"}}],\"inLanguage\":\"pt-BR\"}]}<\/script>\n<!-- \/ Yoast SEO plugin. -->","yoast_head_json":{"title":"Estudos e Valida\u00e7\u00f5es - Custos M\u00e9dicos -","robots":{"index":"index","follow":"follow","max-snippet":"max-snippet:-1","max-image-preview":"max-image-preview:large","max-video-preview":"max-video-preview:-1"},"canonical":"https:\/\/neuroforma.com.br\/novo\/estudos-e-validacoes-custos-medicos\/","og_locale":"pt_BR","og_type":"article","og_title":"Estudos e Valida\u00e7\u00f5es - Custos M\u00e9dicos -","og_description":"Pesquisas Publicadas que analisam se o Uso do BrainHQ Afeta os Custos M\u00e9dicos \u00a0 Se uma sa\u00fade cognitiva melhor pode afetar v\u00e1rios aspectos de seguran\u00e7a e bem-estar, ela tamb\u00e9m pode levar a uma economia nos custos de cuidado com a sa\u00fade. Dois artigos cient\u00edficos sugeriram que o treinamento do BrainHQ \u00e9 capaz de diminuir os &hellip; Continue lendo Estudos e Valida\u00e7\u00f5es &#8211; Custos M\u00e9dicos &rarr;","og_url":"https:\/\/neuroforma.com.br\/novo\/estudos-e-validacoes-custos-medicos\/","article_modified_time":"2017-07-10T15:33:22+00:00","twitter_misc":{"Est. tempo de leitura":"1 minuto"},"schema":{"@context":"https:\/\/schema.org","@graph":[{"@type":"WebPage","@id":"https:\/\/neuroforma.com.br\/novo\/estudos-e-validacoes-custos-medicos\/","url":"https:\/\/neuroforma.com.br\/novo\/estudos-e-validacoes-custos-medicos\/","name":"Estudos e Valida\u00e7\u00f5es - Custos M\u00e9dicos -","isPartOf":{"@id":"https:\/\/neuroforma.com.br\/novo\/#website"},"datePublished":"2017-07-04T20:08:46+00:00","dateModified":"2017-07-10T15:33:22+00:00","breadcrumb":{"@id":"https:\/\/neuroforma.com.br\/novo\/estudos-e-validacoes-custos-medicos\/#breadcrumb"},"inLanguage":"pt-BR","potentialAction":[{"@type":"ReadAction","target":["https:\/\/neuroforma.com.br\/novo\/estudos-e-validacoes-custos-medicos\/"]}]},{"@type":"BreadcrumbList","@id":"https:\/\/neuroforma.com.br\/novo\/estudos-e-validacoes-custos-medicos\/#breadcrumb","itemListElement":[{"@type":"ListItem","position":1,"name":"Home","item":"https:\/\/neuroforma.com.br\/novo\/"},{"@type":"ListItem","position":2,"name":"Estudos e Valida\u00e7\u00f5es &#8211; Custos M\u00e9dicos"}]},{"@type":"WebSite","@id":"https:\/\/neuroforma.com.br\/novo\/#website","url":"https:\/\/neuroforma.com.br\/novo\/","name":"","description":"","potentialAction":[{"@type":"SearchAction","target":{"@type":"EntryPoint","urlTemplate":"https:\/\/neuroforma.com.br\/novo\/?s={search_term_string}"},"query-input":{"@type":"PropertyValueSpecification","valueRequired":true,"valueName":"search_term_string"}}],"inLanguage":"pt-BR"}]}},"_links":{"self":[{"href":"https:\/\/neuroforma.com.br\/novo\/wp-json\/wp\/v2\/pages\/4208","targetHints":{"allow":["GET"]}}],"collection":[{"href":"https:\/\/neuroforma.com.br\/novo\/wp-json\/wp\/v2\/pages"}],"about":[{"href":"https:\/\/neuroforma.com.br\/novo\/wp-json\/wp\/v2\/types\/page"}],"author":[{"embeddable":true,"href":"https:\/\/neuroforma.com.br\/novo\/wp-json\/wp\/v2\/users\/1"}],"replies":[{"embeddable":true,"href":"https:\/\/neuroforma.com.br\/novo\/wp-json\/wp\/v2\/comments?post=4208"}],"version-history":[{"count":3,"href":"https:\/\/neuroforma.com.br\/novo\/wp-json\/wp\/v2\/pages\/4208\/revisions"}],"predecessor-version":[{"id":4246,"href":"https:\/\/neuroforma.com.br\/novo\/wp-json\/wp\/v2\/pages\/4208\/revisions\/4246"}],"wp:attachment":[{"href":"https:\/\/neuroforma.com.br\/novo\/wp-json\/wp\/v2\/media?parent=4208"}],"curies":[{"name":"wp","href":"https:\/\/api.w.org\/{rel}","templated":true}]}}