{"id":4201,"date":"2017-07-04T19:38:28","date_gmt":"2017-07-04T19:38:28","guid":{"rendered":"https:\/\/neuroforma.com.br\/novo\/?page_id=4201"},"modified":"2018-03-23T23:15:30","modified_gmt":"2018-03-23T23:15:30","slug":"estudos-e-validacoes-dirigindo","status":"publish","type":"page","link":"https:\/\/neuroforma.com.br\/novo\/estudos-e-validacoes-dirigindo\/","title":{"rendered":"Estudos e Valida\u00e7\u00f5es &#8211; Dirigindo"},"content":{"rendered":"<h1><strong>Dirigindo<\/strong><\/h1>\n<p><img loading=\"lazy\" decoding=\"async\" class=\"alignnone size-full wp-image-4255\" src=\"https:\/\/neuroforma.com.br\/novo\/wp-content\/uploads\/2017\/07\/dirigindo.jpg\" alt=\"dirigindo\" width=\"600\" height=\"225\" srcset=\"https:\/\/neuroforma.com.br\/novo\/wp-content\/uploads\/2017\/07\/dirigindo.jpg 600w, https:\/\/neuroforma.com.br\/novo\/wp-content\/uploads\/2017\/07\/dirigindo-300x113.jpg 300w\" sizes=\"auto, (max-width: 600px) 100vw, 600px\" \/><\/p>\n<div class=\"su-note\"  style=\"border-color:#a4becd;border-radius:2px;-moz-border-radius:2px;-webkit-border-radius:2px;\"><div class=\"su-note-inner su-u-clearfix su-u-trim\" style=\"background-color:#bed8e7;border-color:#ffffff;color:#333333;border-radius:2px;-moz-border-radius:2px;-webkit-border-radius:2px;\">O Estudo de IMPACTO \u2013 Ap\u00f3s o treinamento com o BrainHQ, as pessoas obtiveram uma performance significantemente melhor em testes padronizados de mem\u00f3ria. Essa melhoria foi equivalente a em m\u00e9dia 10 anos de performance de mem\u00f3ria. Pessoas do grupo controle (que assistiram a v\u00eddeos educacionais em vez de utilizar o BrainHQ) obtiveram melhorias m\u00ednimas \u2013 mas a melhoria com o BrainHQ foi 420% superior.<\/div><\/div>\n<h2><strong>Pesquisas cient\u00edficas publicadas sobre Seguran\u00e7a\u00a0&amp; Dire\u00e7\u00e3o <\/strong><\/h2>\n<p>Dirigir um ve\u00edculo requer muita energia cerebral. Uma das habilidades cognitivas mais importantes para a condu\u00e7\u00e3o \u00e9 &#8220;campo de vis\u00e3o \u00fatil&#8221; \u2013 a \u00e1rea a partir da qual voc\u00ea pode absorver informa\u00e7\u00f5es com um \u00fanico olhar (diversos estudos\u00a0j\u00e1 mostraram que um teste do campo de vis\u00e3o \u00fatil\u00a0\u00e9 mais preciso do que um teste de vis\u00e3o para uma condu\u00e7\u00e3o segura).\u00a0Este campo tende a diminuir com a idade, o que significa que n\u00f3s absorvemos menos informa\u00e7\u00f5es do campo visual na nossa frente. Ent\u00e3o, se um carro, motocicleta ou outro ve\u00edculo, se aproxima de n\u00f3s pelos flancos, n\u00f3s podemos n\u00e3o o avistar a tempo de pisar no freio e evitar um acidente.<\/p>\n<p><img loading=\"lazy\" decoding=\"async\" class=\"alignnone size-full wp-image-4609\" src=\"https:\/\/neuroforma.com.br\/novo\/wp-content\/uploads\/2017\/07\/ufovGraph1.png\" alt=\"ufovgraph1\" width=\"612\" height=\"726\" srcset=\"https:\/\/neuroforma.com.br\/novo\/wp-content\/uploads\/2017\/07\/ufovGraph1.png 612w, https:\/\/neuroforma.com.br\/novo\/wp-content\/uploads\/2017\/07\/ufovGraph1-253x300.png 253w\" sizes=\"auto, (max-width: 612px) 100vw, 612px\" \/><\/p>\n<p>Dezessete artigos publicados, entre eles o grande estudo ACTIVE (2010), t\u00eam demonstrado que os exerc\u00edcios da plataforma on-line BrainHQ \u2013 particularmente o exerc\u00edcio Decis\u00e3o Dupla \u2013 s\u00e3o \u00f3timas ferramentas para treinar e aprimorar\u00a0o campo \u00fatil de vis\u00e3o e a seguran\u00e7a\u00a0na condu\u00e7\u00e3o. Entre outros benef\u00edcios, esses estudos\u00a0demonstraram que ap\u00f3s o treinamento os motoristas em m\u00e9dia:<\/p>\n<ul>\n<li>Diminu\u00edram o risco de acidentes em 50%<\/li>\n<\/ul>\n<ul>\n<li>Conseguiam\u00a0parar 6,7 metros\u00a0com anteced\u00eancia ao dirigir a 88 km\/h<\/li>\n<\/ul>\n<ul>\n<li>Faziam\u00a038% menos manobras de condu\u00e7\u00e3o perigosa<\/li>\n<\/ul>\n<ul>\n<li>Sentiam-se mais confiantes dirigindo em condi\u00e7\u00f5es dif\u00edceis (a noite, com mau tempo ou em novos lugares)<\/li>\n<\/ul>\n<ul>\n<li>Mantivessem a sua habilita\u00e7\u00e3o para dirigir\u00a0por mais tempo durante sua vida<\/li>\n<\/ul>\n<ul>\n<li>Aumentassem a\u00a0velocidade de processamento visual em at\u00e9 300%<\/li>\n<\/ul>\n<ul>\n<li>Duplicassem o campo de vis\u00e3o \u00fatil<\/li>\n<\/ul>\n<h4>Como o treino cognitivo digital\u00a0melhora as habilidades de condu\u00e7\u00e3o?<\/h4>\n<p>Conduzir com seguran\u00e7a e confian\u00e7a requer um processamento visual r\u00e1pido. Enquanto os olhos absorvem sucessivas cenas atrav\u00e9s do seu p\u00e1rabrisa, \u00e9 trabalho do c\u00e9rebro interpretar essas cenas a todo momento e decidir como responder a esses est\u00edmulos visuais. Muitas vezes, alguns milissegundos podem fazer a diferen\u00e7a.<\/p>\n<p>Os exerc\u00edcios fazem isso acelerando o processamento visual, ampliando\u00a0o campo de vis\u00e3o \u00fatil\u00a0 e condicionando os usu\u00e1rios\u00a0a manter o controle\u00a0e aumentar a capacidade multitarefas. Isso pode fazer a diferen\u00e7a entre uma quase batida e um acidente envolvendo vidas.<\/p>\n<p>Os exerc\u00edcios de processamento visual da nossa plataforma digital ajudam\u00a0o c\u00e9rebro a absorver mais informa\u00e7\u00f5es em cada olhar para que voc\u00ea possa reagir mais r\u00e1pido.<\/p>\n<p>Esses exerc\u00edcios chegam a aumentar a velocidade de processamento em at\u00e9 300%, duplicar o campo de vis\u00e3o \u00fatil, al\u00e9m de melhorar a capacidade de acompanhar m\u00faltiplos objetos em movimento (como outros carros, caminh\u00f5es, motos, pedestres, etc).<br \/>\n&nbsp;<\/p>\n<div><strong>Aumentando o Campo de Vis\u00e3o &#8211; Tecnologia UFOV\u2122<\/strong><\/div>\n<p>&nbsp;<\/p>\n<div>Para ampliar o campo de vis\u00e3o \u00fatil, nossos exerc\u00edcios usam uma tecnologia comprovada, conhecida como UFOV\u2122. Trata-se de uma t\u00e9cnica de treinamento e avalia\u00e7\u00e3o visuais objeto de v\u00e1rios estudos e pesquisas financiados pelos Institutos Nacionais de Sa\u00fade dos Estados Unidos.<\/div>\n<p>&nbsp;<\/p>\n<div>O campo de vis\u00e3o \u00fatil \u00e9 a \u00e1rea sobre a qual voc\u00ea pode extrair informa\u00e7\u00f5es de uma s\u00f3 vez sem mover a cabe\u00e7a ou os olhos. Um alcance normal de campo de vis\u00e3o \u00fatil permite que o motorista mantenha seus olhos na estrada e ainda perceba os riscos que podem vir na lateral do seu carro, \u00f4nibus, caminh\u00e3o ou outro ve\u00edculo de maior porte.<\/div>\n<p>&nbsp;<\/p>\n<div>As pesquisas mostraram que o tamanho do campo de vis\u00e3o \u00fatil desempenha um papel fundamental na capacidade de condu\u00e7\u00e3o de uma pessoa. Os indiv\u00edduos que experimentam redu\u00e7\u00f5es em seu campo de vis\u00e3o \u00fatil s\u00e3o mais propensos a se envolver em acidentes. Na verdade, indiv\u00edduos com um campo de vis\u00e3o \u00fatil muito pobre s\u00e3o seis vezes mais propensos a se envolver em acidentes.<\/div>\n<p>&nbsp;<\/p>\n<div>\u00c0 medida que envelhecemos, nosso campo de vis\u00e3o \u00fatil tende a diminuir. Os exerc\u00edcios digitais foram cientificamente desenvolvidos para treinar as \u00e1reas do c\u00e9rebro envolvidas no processamento do campo de vis\u00e3o \u00fatil e re-expandir o tamanho desse campo, ajudando os motoristas a permancerem mais confiantes, \u00e1geis e seguros.<\/div>\n<p>&nbsp;<br \/>\n<img loading=\"lazy\" decoding=\"async\" class=\"alignnone size-full wp-image-4613\" src=\"https:\/\/neuroforma.com.br\/novo\/wp-content\/uploads\/2017\/07\/ufovGraph2.png\" alt=\"ufovgraph2\" width=\"1167\" height=\"890\" srcset=\"https:\/\/neuroforma.com.br\/novo\/wp-content\/uploads\/2017\/07\/ufovGraph2.png 1167w, https:\/\/neuroforma.com.br\/novo\/wp-content\/uploads\/2017\/07\/ufovGraph2-300x229.png 300w, https:\/\/neuroforma.com.br\/novo\/wp-content\/uploads\/2017\/07\/ufovGraph2-768x586.png 768w, https:\/\/neuroforma.com.br\/novo\/wp-content\/uploads\/2017\/07\/ufovGraph2-1024x781.png 1024w\" sizes=\"auto, (max-width: 1167px) 100vw, 1167px\" \/><\/p>\n<div><\/div>\n<h5><strong>Informa\u00e7\u00f5es e cita\u00e7\u00f5es cient\u00edficas:<\/strong><\/h5>\n<p>\u201cCognitive training decreases motor vehicle collision involvement of older drivers\u201d<br \/>\nPublicado em: Journal of the American Geriatrics Society<br \/>\nAutora Principal: Karlene Ball, PhD, University of Alabama at Birmingham<br \/>\n<a href=\"http:\/\/www.ncbi.nlm.nih.gov\/pmc\/articles\/PMC3057872\">Veja o artigo<\/a><\/p>\n<p>&nbsp;<\/p>\n<p>\u201cThe longitudinal impact of cognitive speed of processing training on driving mobility\u201d<br \/>\nPublicado em: The Gerontologist<br \/>\nAutor principal: Jerri D. Edwards, PhD, University of South Florida<br \/>\n<a href=\"http:\/\/www.ncbi.nlm.nih.gov\/pmc\/articles\/PMC2709540\">Veja o artigo<\/a><\/p>\n<p>&nbsp;<\/p>\n<p>\u201cCognitive speed of processing training delays driving cessation\u201d<br \/>\nPublicado em: Journal of Gerontology, Series A<br \/>\nAutor principal: Jerri D. Edwards, PhD, University of South Florida<br \/>\n<a href=\"http:\/\/www.ncbi.nlm.nih.gov\/pmc\/articles\/PMC2773815\">Veja o artigo<\/a><\/p>\n<p>&nbsp;<\/p>\n<p>\u201cSpeed-of-processing and driving simulator training result in improved driving performance\u201d<br \/>\nPublicado em: Human Factors<br \/>\nAutor principal: Daniel L. Roenker, PhD, Western Kentucky University<br \/>\n<a href=\"http:\/\/www.ncbi.nlm.nih.gov\/pubmed\/14529195\">Veja o resumo<\/a><\/p>\n<p>&nbsp;<\/p>\n<p>\u201cVisual attention problems as a predictor of vehicle crashes in older drivers\u201d<br \/>\nPublicado em: Investigative Ophthalmology &amp; Visual Science<br \/>\nAutora principal: Karlene Ball, PhD, University of Alabama at Birmingham<br \/>\n<a href=\"http:\/\/www.ncbi.nlm.nih.gov\/pubmed\/8407219\">Veja o resumo<\/a><\/p>\n<p>&nbsp;<\/p>\n<p>\u201cCan high-risk older drivers be identified through performance-based measures in a Department of Motor Vehicles setting?\u201d<br \/>\nPublicado em: Journal of the American Geriatrics Society<br \/>\nAutora principal: Karlene Ball, PhD, University of Alabama at Birmingham<br \/>\n<a href=\"http:\/\/www.ncbi.nlm.nih.gov\/pubmed\/16420201\">Veja o resumo<\/a><\/p>\n<p>&nbsp;<\/p>\n<p>\u201cCumulative meta-analysis of the relationship between useful field of view and driving performance in older adults: Current and future implications\u201d<br \/>\nPublicado em: Optometry and Vision Science<br \/>\nAutor principal: Olivio J. Clay, PhD, University of Alabama at Birmingham<br \/>\n<a href=\"http:\/\/www.ncbi.nlm.nih.gov\/pubmed\/16127338\">Veja o resumo<\/a><\/p>\n<p>&nbsp;<\/p>\n<p>\u201cUseful field of view and other neurocognitive indicators of crash risk in older adults\u201d<br \/>\nPublicado em: Journal of Clinical Psychology in Medical Settings<br \/>\nAutora principal: Kathryn T. Goode, University of Alabama at Birmingham<br \/>\n<a href=\"http:\/\/link.springer.com\/article\/10.1023%2FA%3A1026206927686\">Veja o resumo<\/a><\/p>\n<p>&nbsp;<\/p>\n<p>\u201cVisual\/cognitive correlates of vehicle accidents in older drivers\u201d<br \/>\nPublicado em: Psychology and Aging<br \/>\nAutora principal: Cynthia Owsley, PhD, University of Alabama at Birmingham<br \/>\n<a href=\"http:\/\/www.ncbi.nlm.nih.gov\/pubmed\/1930757\">Veja o resumo<\/a><\/p>\n<p>&nbsp;<\/p>\n<p>\u201cVisual processing impairment and risk of motor vehicle crash among older adults\u201d<br \/>\nPublicado em: Journal of the American Medical Association<br \/>\nAutora principal: Cynthia Owsley, PhD, University of Alabama at Birmingham<br \/>\n<a href=\"http:\/\/www.ncbi.nlm.nih.gov\/pubmed\/9546567\">Veja o resumo<\/a><\/p>\n<p>&nbsp;<\/p>\n<p>\u201cVision impairment, eye disease, and injurious motor vehicle crashes in the elderly\u201d<br \/>\nPublicado em: Ophthalmic Epidemiology<br \/>\nAutora principal: Cynthia Owsley, PhD, University of Alabama at Birmingham<br \/>\n<a href=\"http:\/\/www.ncbi.nlm.nih.gov\/pubmed\/9672910\">Veja o resumo<\/a><\/p>\n<p>&nbsp;<\/p>\n<p>\u201cTraffic-entry behavior and crash risk for older drivers with impairment of selective attention\u201d<br \/>\nPublicado em: Perceptual and Motor Skills<br \/>\nAutor principal: Thomas A. Pietras, MD, University of Iowa<br \/>\n<a href=\"http:\/\/www.ncbi.nlm.nih.gov\/pubmed\/16916143\">Veja o resumo<\/a><\/p>\n<p>&nbsp;<\/p>\n<p>\u201cTranslating laboratory measures to real-world outcomes: Application of the UFOV test in an insurance company setting\u201d<br \/>\nPublicado em: Proceedings of the Sixth International Driving Symposium on Human Factors in Driver Assessment, Training and Vehicle Design<br \/>\nAutor principal: Lesley Ross, PhD, University of Alabama at Birmingham<br \/>\n<a href=\"http:\/\/drivingassessment.uiowa.edu\/sites\/default\/files\/DA2011\/Papers\/039_RossVance.pdf\">Veja o artigo<\/a><\/p>\n<p>&nbsp;<\/p>\n<p>\u201cA prospective, population-based study of the role of visual impairment in motor vehicle crashes among older drivers: The SEE study\u201d<br \/>\nPublicado em: Investigative Ophthalmology &amp; Visual Science<br \/>\nAutor principal: Gary S. Rubin, PhD, University College London (UK)<br \/>\n<a href=\"http:\/\/www.iovs.org\/content\/48\/4\/1483.long\">Veja o artigo<\/a><\/p>\n<p>&nbsp;<\/p>\n<p>\u201cEffects of aging on the useful field of view\u201d<br \/>\nPublicado em: Experimental Aging Research<br \/>\nAutor principal: Allison B. Sekuler, PhD, University of Toronto (Canada)<br \/>\n<a href=\"http:\/\/www.ncbi.nlm.nih.gov\/pubmed\/10755218\">Veja o resumo<\/a><\/p>\n<p>&nbsp;<\/p>\n<p>\u201cA preliminary assessment of the medical and functional factors associated with vehicle crashes by older adults\u201d<br \/>\nPublicado em: Journal of the American Geriatrics Society<br \/>\nAutor principal: Richard V. Sims, MD, University of Alabama at Birmingham<br \/>\n<a href=\"http:\/\/crag.uab.edu\/VAI\/PDF%20Pubs\/A%20Preliminary%20Assessment%20of%20Medical%20and%20Functional%20etc.pdf\">Veja o artigo<\/a><\/p>\n<p>&nbsp;<\/p>\n<p>\u201cExploratory study of incident vehicle crashes among older drivers\u201d<br \/>\nPublicado em: Journal of Gerontology, Series A<br \/>\nAutor principal: Richard V. Sims, MD, University of Alabama at Birmingham<br \/>\n<a href=\"http:\/\/www.ncbi.nlm.nih.gov\/pubmed\/10719769\">Veja o resumo<\/a><\/p>\n<p>&nbsp;<\/p>\n<p>\u201cMaryPODS revisited: Updated crash analysis and implications for screening program implementation\u201d<br \/>\nPublicado em: Journal of Safety Research<br \/>\nAutora principal: Loren Staplin, PhD, TransAnalytics<br \/>\n<a href=\"http:\/\/www.ncbi.nlm.nih.gov\/pubmed\/14636661\">Veja o resumo<\/a><\/p>\n","protected":false},"excerpt":{"rendered":"<p>Dirigindo Pesquisas cient\u00edficas publicadas sobre Seguran\u00e7a\u00a0&amp; Dire\u00e7\u00e3o Dirigir um ve\u00edculo requer muita energia cerebral. Uma das habilidades cognitivas mais importantes para a condu\u00e7\u00e3o \u00e9 &#8220;campo de vis\u00e3o \u00fatil&#8221; \u2013 a \u00e1rea a partir da qual voc\u00ea pode absorver informa\u00e7\u00f5es com um \u00fanico olhar (diversos estudos\u00a0j\u00e1 mostraram que um teste do campo de vis\u00e3o \u00fatil\u00a0\u00e9 mais &hellip; <a href=\"https:\/\/neuroforma.com.br\/novo\/estudos-e-validacoes-dirigindo\/\" class=\"more-link\">Continue lendo <span class=\"screen-reader-text\">Estudos e Valida\u00e7\u00f5es &#8211; Dirigindo<\/span> <span class=\"meta-nav\">&rarr;<\/span><\/a><\/p>\n","protected":false},"author":1,"featured_media":0,"parent":0,"menu_order":0,"comment_status":"closed","ping_status":"closed","template":"","meta":{"footnotes":""},"class_list":["post-4201","page","type-page","status-publish","hentry","repupress_customize_woocommerce_productom_class"],"yoast_head":"<!-- This site is optimized with the Yoast SEO plugin v26.9 - https:\/\/yoast.com\/product\/yoast-seo-wordpress\/ -->\n<title>Estudos e Valida\u00e7\u00f5es - Dirigindo -<\/title>\n<meta name=\"robots\" content=\"index, follow, max-snippet:-1, max-image-preview:large, max-video-preview:-1\" \/>\n<link rel=\"canonical\" href=\"https:\/\/neuroforma.com.br\/novo\/estudos-e-validacoes-dirigindo\/\" \/>\n<meta property=\"og:locale\" content=\"pt_BR\" \/>\n<meta property=\"og:type\" content=\"article\" \/>\n<meta property=\"og:title\" content=\"Estudos e Valida\u00e7\u00f5es - Dirigindo -\" \/>\n<meta property=\"og:description\" content=\"Dirigindo Pesquisas cient\u00edficas publicadas sobre Seguran\u00e7a\u00a0&amp; Dire\u00e7\u00e3o Dirigir um ve\u00edculo requer muita energia cerebral. Uma das habilidades cognitivas mais importantes para a condu\u00e7\u00e3o \u00e9 &#8220;campo de vis\u00e3o \u00fatil&#8221; \u2013 a \u00e1rea a partir da qual voc\u00ea pode absorver informa\u00e7\u00f5es com um \u00fanico olhar (diversos estudos\u00a0j\u00e1 mostraram que um teste do campo de vis\u00e3o \u00fatil\u00a0\u00e9 mais &hellip; Continue lendo Estudos e Valida\u00e7\u00f5es &#8211; Dirigindo &rarr;\" \/>\n<meta property=\"og:url\" content=\"https:\/\/neuroforma.com.br\/novo\/estudos-e-validacoes-dirigindo\/\" \/>\n<meta property=\"article:modified_time\" content=\"2018-03-23T23:15:30+00:00\" \/>\n<meta property=\"og:image\" content=\"https:\/\/neuroforma.com.br\/novo\/wp-content\/uploads\/2017\/07\/dirigindo.jpg\" \/>\n<meta name=\"twitter:label1\" content=\"Est. tempo de leitura\" \/>\n\t<meta name=\"twitter:data1\" content=\"7 minutos\" \/>\n<script type=\"application\/ld+json\" class=\"yoast-schema-graph\">{\"@context\":\"https:\/\/schema.org\",\"@graph\":[{\"@type\":\"WebPage\",\"@id\":\"https:\/\/neuroforma.com.br\/novo\/estudos-e-validacoes-dirigindo\/\",\"url\":\"https:\/\/neuroforma.com.br\/novo\/estudos-e-validacoes-dirigindo\/\",\"name\":\"Estudos e Valida\u00e7\u00f5es - Dirigindo -\",\"isPartOf\":{\"@id\":\"https:\/\/neuroforma.com.br\/novo\/#website\"},\"primaryImageOfPage\":{\"@id\":\"https:\/\/neuroforma.com.br\/novo\/estudos-e-validacoes-dirigindo\/#primaryimage\"},\"image\":{\"@id\":\"https:\/\/neuroforma.com.br\/novo\/estudos-e-validacoes-dirigindo\/#primaryimage\"},\"thumbnailUrl\":\"https:\/\/neuroforma.com.br\/novo\/wp-content\/uploads\/2017\/07\/dirigindo.jpg\",\"datePublished\":\"2017-07-04T19:38:28+00:00\",\"dateModified\":\"2018-03-23T23:15:30+00:00\",\"breadcrumb\":{\"@id\":\"https:\/\/neuroforma.com.br\/novo\/estudos-e-validacoes-dirigindo\/#breadcrumb\"},\"inLanguage\":\"pt-BR\",\"potentialAction\":[{\"@type\":\"ReadAction\",\"target\":[\"https:\/\/neuroforma.com.br\/novo\/estudos-e-validacoes-dirigindo\/\"]}]},{\"@type\":\"ImageObject\",\"inLanguage\":\"pt-BR\",\"@id\":\"https:\/\/neuroforma.com.br\/novo\/estudos-e-validacoes-dirigindo\/#primaryimage\",\"url\":\"https:\/\/neuroforma.com.br\/novo\/wp-content\/uploads\/2017\/07\/dirigindo.jpg\",\"contentUrl\":\"https:\/\/neuroforma.com.br\/novo\/wp-content\/uploads\/2017\/07\/dirigindo.jpg\",\"width\":600,\"height\":225},{\"@type\":\"BreadcrumbList\",\"@id\":\"https:\/\/neuroforma.com.br\/novo\/estudos-e-validacoes-dirigindo\/#breadcrumb\",\"itemListElement\":[{\"@type\":\"ListItem\",\"position\":1,\"name\":\"Home\",\"item\":\"https:\/\/neuroforma.com.br\/novo\/\"},{\"@type\":\"ListItem\",\"position\":2,\"name\":\"Estudos e Valida\u00e7\u00f5es &#8211; Dirigindo\"}]},{\"@type\":\"WebSite\",\"@id\":\"https:\/\/neuroforma.com.br\/novo\/#website\",\"url\":\"https:\/\/neuroforma.com.br\/novo\/\",\"name\":\"\",\"description\":\"\",\"potentialAction\":[{\"@type\":\"SearchAction\",\"target\":{\"@type\":\"EntryPoint\",\"urlTemplate\":\"https:\/\/neuroforma.com.br\/novo\/?s={search_term_string}\"},\"query-input\":{\"@type\":\"PropertyValueSpecification\",\"valueRequired\":true,\"valueName\":\"search_term_string\"}}],\"inLanguage\":\"pt-BR\"}]}<\/script>\n<!-- \/ Yoast SEO plugin. -->","yoast_head_json":{"title":"Estudos e Valida\u00e7\u00f5es - Dirigindo -","robots":{"index":"index","follow":"follow","max-snippet":"max-snippet:-1","max-image-preview":"max-image-preview:large","max-video-preview":"max-video-preview:-1"},"canonical":"https:\/\/neuroforma.com.br\/novo\/estudos-e-validacoes-dirigindo\/","og_locale":"pt_BR","og_type":"article","og_title":"Estudos e Valida\u00e7\u00f5es - Dirigindo -","og_description":"Dirigindo Pesquisas cient\u00edficas publicadas sobre Seguran\u00e7a\u00a0&amp; Dire\u00e7\u00e3o Dirigir um ve\u00edculo requer muita energia cerebral. Uma das habilidades cognitivas mais importantes para a condu\u00e7\u00e3o \u00e9 &#8220;campo de vis\u00e3o \u00fatil&#8221; \u2013 a \u00e1rea a partir da qual voc\u00ea pode absorver informa\u00e7\u00f5es com um \u00fanico olhar (diversos estudos\u00a0j\u00e1 mostraram que um teste do campo de vis\u00e3o \u00fatil\u00a0\u00e9 mais &hellip; Continue lendo Estudos e Valida\u00e7\u00f5es &#8211; Dirigindo &rarr;","og_url":"https:\/\/neuroforma.com.br\/novo\/estudos-e-validacoes-dirigindo\/","article_modified_time":"2018-03-23T23:15:30+00:00","og_image":[{"url":"https:\/\/neuroforma.com.br\/novo\/wp-content\/uploads\/2017\/07\/dirigindo.jpg","type":"","width":"","height":""}],"twitter_misc":{"Est. tempo de leitura":"7 minutos"},"schema":{"@context":"https:\/\/schema.org","@graph":[{"@type":"WebPage","@id":"https:\/\/neuroforma.com.br\/novo\/estudos-e-validacoes-dirigindo\/","url":"https:\/\/neuroforma.com.br\/novo\/estudos-e-validacoes-dirigindo\/","name":"Estudos e Valida\u00e7\u00f5es - Dirigindo -","isPartOf":{"@id":"https:\/\/neuroforma.com.br\/novo\/#website"},"primaryImageOfPage":{"@id":"https:\/\/neuroforma.com.br\/novo\/estudos-e-validacoes-dirigindo\/#primaryimage"},"image":{"@id":"https:\/\/neuroforma.com.br\/novo\/estudos-e-validacoes-dirigindo\/#primaryimage"},"thumbnailUrl":"https:\/\/neuroforma.com.br\/novo\/wp-content\/uploads\/2017\/07\/dirigindo.jpg","datePublished":"2017-07-04T19:38:28+00:00","dateModified":"2018-03-23T23:15:30+00:00","breadcrumb":{"@id":"https:\/\/neuroforma.com.br\/novo\/estudos-e-validacoes-dirigindo\/#breadcrumb"},"inLanguage":"pt-BR","potentialAction":[{"@type":"ReadAction","target":["https:\/\/neuroforma.com.br\/novo\/estudos-e-validacoes-dirigindo\/"]}]},{"@type":"ImageObject","inLanguage":"pt-BR","@id":"https:\/\/neuroforma.com.br\/novo\/estudos-e-validacoes-dirigindo\/#primaryimage","url":"https:\/\/neuroforma.com.br\/novo\/wp-content\/uploads\/2017\/07\/dirigindo.jpg","contentUrl":"https:\/\/neuroforma.com.br\/novo\/wp-content\/uploads\/2017\/07\/dirigindo.jpg","width":600,"height":225},{"@type":"BreadcrumbList","@id":"https:\/\/neuroforma.com.br\/novo\/estudos-e-validacoes-dirigindo\/#breadcrumb","itemListElement":[{"@type":"ListItem","position":1,"name":"Home","item":"https:\/\/neuroforma.com.br\/novo\/"},{"@type":"ListItem","position":2,"name":"Estudos e Valida\u00e7\u00f5es &#8211; Dirigindo"}]},{"@type":"WebSite","@id":"https:\/\/neuroforma.com.br\/novo\/#website","url":"https:\/\/neuroforma.com.br\/novo\/","name":"","description":"","potentialAction":[{"@type":"SearchAction","target":{"@type":"EntryPoint","urlTemplate":"https:\/\/neuroforma.com.br\/novo\/?s={search_term_string}"},"query-input":{"@type":"PropertyValueSpecification","valueRequired":true,"valueName":"search_term_string"}}],"inLanguage":"pt-BR"}]}},"_links":{"self":[{"href":"https:\/\/neuroforma.com.br\/novo\/wp-json\/wp\/v2\/pages\/4201","targetHints":{"allow":["GET"]}}],"collection":[{"href":"https:\/\/neuroforma.com.br\/novo\/wp-json\/wp\/v2\/pages"}],"about":[{"href":"https:\/\/neuroforma.com.br\/novo\/wp-json\/wp\/v2\/types\/page"}],"author":[{"embeddable":true,"href":"https:\/\/neuroforma.com.br\/novo\/wp-json\/wp\/v2\/users\/1"}],"replies":[{"embeddable":true,"href":"https:\/\/neuroforma.com.br\/novo\/wp-json\/wp\/v2\/comments?post=4201"}],"version-history":[{"count":15,"href":"https:\/\/neuroforma.com.br\/novo\/wp-json\/wp\/v2\/pages\/4201\/revisions"}],"predecessor-version":[{"id":4631,"href":"https:\/\/neuroforma.com.br\/novo\/wp-json\/wp\/v2\/pages\/4201\/revisions\/4631"}],"wp:attachment":[{"href":"https:\/\/neuroforma.com.br\/novo\/wp-json\/wp\/v2\/media?parent=4201"}],"curies":[{"name":"wp","href":"https:\/\/api.w.org\/{rel}","templated":true}]}}