{"id":4199,"date":"2017-07-04T19:33:53","date_gmt":"2017-07-04T19:33:53","guid":{"rendered":"https:\/\/neuroforma.com.br\/novo\/?page_id=4199"},"modified":"2018-12-06T18:22:29","modified_gmt":"2018-12-06T18:22:29","slug":"estudos-e-validacoes-saude-em-geral","status":"publish","type":"page","link":"https:\/\/neuroforma.com.br\/novo\/estudos-e-validacoes-saude-em-geral\/","title":{"rendered":"Estudos e Valida\u00e7\u00f5es &#8211; Sa\u00fade em Geral"},"content":{"rendered":"<h1>Sa\u00fade em Geral<\/h1>\n<h2><strong>Pesquisas sobre BrainHQ e Qualidade de Vida <\/strong><\/h2>\n<p>Mais de uma centena de estudos e pesquisas demonstraram que o uso de exerc\u00edcios da plataforma online BrainHQ pode ajudar a proteger a sa\u00fade ao longo do tempo. Alguns dos estudos mais interessantes s\u00e3o com base nos dados de um estudo maior sobre treinamento cognitivo em adultos, o <a href=\"https:\/\/neuroforma.com.br\/novo\/fundamentos-cientificos-2\/\">Estudo ACTIVE.<\/a> Entre outras coisas, os dados mostram:<\/p>\n<ul>\n<li>que as pessoas que usaram um exerc\u00edcio espec\u00edfico da plataforma BrainHQ foram protegidas contra decl\u00ednios na sa\u00fade relacionados com a qualidade de vida, quando comparadas com pessoas de outros dois grupos que fizeram treinamento cerebrais diversos, e ainda, que essas pessoas estavam protegidas mesmo ap\u00f3s cinco anos ap\u00f3s o programa de treino cognitivo digital.<\/li>\n<\/ul>\n<ul>\n<li>que a autopercep\u00e7\u00e3o de sa\u00fade das pessoas foi maior entre as pessoas que usaram o programa de treinamento cognitivo BrainHQ ao contr\u00e1rio daqueles que fizeram o treinamento de mem\u00f3ria ou de racioc\u00ednio de outras empresas.<\/li>\n<\/ul>\n<h2><strong>Outras Pesquisas sobre BrainHQ e Qualidade de Vida<\/strong><\/h2>\n<p>\u201cThe effects of the ACTIVE cognitive training trial on clinically relevant declines in health-related quality of life\u201d<br \/>\nPublicado em: Journal of Gerontology, Series B<br \/>\nAutor principal: Fred Wolinsky, PhD, University of Iowa<br \/>\n<a href=\"http:\/\/www.ncbi.nlm.nih.gov\/pubmed\/16960242\">Veja o resumo<\/a><\/p>\n<p>&nbsp;<\/p>\n<p>\u201cThe ACTIVE cognitive training trial and health-related quality of life: Protection that lasts for 5 years\u201d<br \/>\nPublicado em: Intergenerational Psychogeriatrics<br \/>\nAutor principal: Fred Wolinsky, PhD, University of Iowa<br \/>\n<a href=\"http:\/\/www.ncbi.nlm.nih.gov\/pubmed\/17234829\">Veja o resumo<\/a><\/p>\n<p>&nbsp;<\/p>\n<p>\u201cSpeed of processing training protects self-rated health in older adults: Enduring effects observed in the multi-site ACTIVE randomized controlled trial\u201d<br \/>\nPublicado em: Journal of Gerontology, Series A<br \/>\nAutor principal: Fred Wolinsky, PhD, University of Iowa<br \/>\n<a href=\"http:\/\/www.ncbi.nlm.nih.gov\/pmc\/articles\/PMC2848284\">Veja o artigo<\/a><\/p>\n<p>&nbsp;<\/p>\n<p>\u201cAdvanced cognitive training for breast cancer survivors: A randomized controlled trial\u201d<br \/>\nPublicado em: Breast Cancer Research and Treatment<br \/>\nAutora principal: Diane Von Ah, PhD, Indiana University School of Nursing<br \/>\n<a href=\"http:\/\/www.ncbi.nlm.nih.gov\/pmc\/articles\/PMC3677054\">Veja o artigo<\/a><\/p>\n","protected":false},"excerpt":{"rendered":"<p>Sa\u00fade em Geral Pesquisas sobre BrainHQ e Qualidade de Vida Mais de uma centena de estudos e pesquisas demonstraram que o uso de exerc\u00edcios da plataforma online BrainHQ pode ajudar a proteger a sa\u00fade ao longo do tempo. Alguns dos estudos mais interessantes s\u00e3o com base nos dados de um estudo maior sobre treinamento cognitivo &hellip; <a href=\"https:\/\/neuroforma.com.br\/novo\/estudos-e-validacoes-saude-em-geral\/\" class=\"more-link\">Continue lendo <span class=\"screen-reader-text\">Estudos e Valida\u00e7\u00f5es &#8211; Sa\u00fade em Geral<\/span> <span class=\"meta-nav\">&rarr;<\/span><\/a><\/p>\n","protected":false},"author":1,"featured_media":0,"parent":0,"menu_order":0,"comment_status":"closed","ping_status":"closed","template":"","meta":{"footnotes":""},"class_list":["post-4199","page","type-page","status-publish","hentry","repupress_customize_woocommerce_productom_class"],"yoast_head":"<!-- This site is optimized with the Yoast SEO plugin v26.9 - https:\/\/yoast.com\/product\/yoast-seo-wordpress\/ -->\n<title>Estudos e Valida\u00e7\u00f5es - Sa\u00fade em Geral -<\/title>\n<meta name=\"robots\" content=\"index, follow, max-snippet:-1, max-image-preview:large, max-video-preview:-1\" \/>\n<link rel=\"canonical\" href=\"https:\/\/neuroforma.com.br\/novo\/estudos-e-validacoes-saude-em-geral\/\" \/>\n<meta property=\"og:locale\" content=\"pt_BR\" \/>\n<meta property=\"og:type\" content=\"article\" \/>\n<meta property=\"og:title\" content=\"Estudos e Valida\u00e7\u00f5es - Sa\u00fade em Geral -\" \/>\n<meta property=\"og:description\" content=\"Sa\u00fade em Geral Pesquisas sobre BrainHQ e Qualidade de Vida Mais de uma centena de estudos e pesquisas demonstraram que o uso de exerc\u00edcios da plataforma online BrainHQ pode ajudar a proteger a sa\u00fade ao longo do tempo. Alguns dos estudos mais interessantes s\u00e3o com base nos dados de um estudo maior sobre treinamento cognitivo &hellip; Continue lendo Estudos e Valida\u00e7\u00f5es &#8211; Sa\u00fade em Geral &rarr;\" \/>\n<meta property=\"og:url\" content=\"https:\/\/neuroforma.com.br\/novo\/estudos-e-validacoes-saude-em-geral\/\" \/>\n<meta property=\"article:modified_time\" content=\"2018-12-06T18:22:29+00:00\" \/>\n<meta name=\"twitter:label1\" content=\"Est. tempo de leitura\" \/>\n\t<meta name=\"twitter:data1\" content=\"2 minutos\" \/>\n<script type=\"application\/ld+json\" class=\"yoast-schema-graph\">{\"@context\":\"https:\/\/schema.org\",\"@graph\":[{\"@type\":\"WebPage\",\"@id\":\"https:\/\/neuroforma.com.br\/novo\/estudos-e-validacoes-saude-em-geral\/\",\"url\":\"https:\/\/neuroforma.com.br\/novo\/estudos-e-validacoes-saude-em-geral\/\",\"name\":\"Estudos e Valida\u00e7\u00f5es - Sa\u00fade em Geral -\",\"isPartOf\":{\"@id\":\"https:\/\/neuroforma.com.br\/novo\/#website\"},\"datePublished\":\"2017-07-04T19:33:53+00:00\",\"dateModified\":\"2018-12-06T18:22:29+00:00\",\"breadcrumb\":{\"@id\":\"https:\/\/neuroforma.com.br\/novo\/estudos-e-validacoes-saude-em-geral\/#breadcrumb\"},\"inLanguage\":\"pt-BR\",\"potentialAction\":[{\"@type\":\"ReadAction\",\"target\":[\"https:\/\/neuroforma.com.br\/novo\/estudos-e-validacoes-saude-em-geral\/\"]}]},{\"@type\":\"BreadcrumbList\",\"@id\":\"https:\/\/neuroforma.com.br\/novo\/estudos-e-validacoes-saude-em-geral\/#breadcrumb\",\"itemListElement\":[{\"@type\":\"ListItem\",\"position\":1,\"name\":\"Home\",\"item\":\"https:\/\/neuroforma.com.br\/novo\/\"},{\"@type\":\"ListItem\",\"position\":2,\"name\":\"Estudos e Valida\u00e7\u00f5es &#8211; Sa\u00fade em Geral\"}]},{\"@type\":\"WebSite\",\"@id\":\"https:\/\/neuroforma.com.br\/novo\/#website\",\"url\":\"https:\/\/neuroforma.com.br\/novo\/\",\"name\":\"\",\"description\":\"\",\"potentialAction\":[{\"@type\":\"SearchAction\",\"target\":{\"@type\":\"EntryPoint\",\"urlTemplate\":\"https:\/\/neuroforma.com.br\/novo\/?s={search_term_string}\"},\"query-input\":{\"@type\":\"PropertyValueSpecification\",\"valueRequired\":true,\"valueName\":\"search_term_string\"}}],\"inLanguage\":\"pt-BR\"}]}<\/script>\n<!-- \/ Yoast SEO plugin. -->","yoast_head_json":{"title":"Estudos e Valida\u00e7\u00f5es - Sa\u00fade em Geral -","robots":{"index":"index","follow":"follow","max-snippet":"max-snippet:-1","max-image-preview":"max-image-preview:large","max-video-preview":"max-video-preview:-1"},"canonical":"https:\/\/neuroforma.com.br\/novo\/estudos-e-validacoes-saude-em-geral\/","og_locale":"pt_BR","og_type":"article","og_title":"Estudos e Valida\u00e7\u00f5es - Sa\u00fade em Geral -","og_description":"Sa\u00fade em Geral Pesquisas sobre BrainHQ e Qualidade de Vida Mais de uma centena de estudos e pesquisas demonstraram que o uso de exerc\u00edcios da plataforma online BrainHQ pode ajudar a proteger a sa\u00fade ao longo do tempo. Alguns dos estudos mais interessantes s\u00e3o com base nos dados de um estudo maior sobre treinamento cognitivo &hellip; Continue lendo Estudos e Valida\u00e7\u00f5es &#8211; Sa\u00fade em Geral &rarr;","og_url":"https:\/\/neuroforma.com.br\/novo\/estudos-e-validacoes-saude-em-geral\/","article_modified_time":"2018-12-06T18:22:29+00:00","twitter_misc":{"Est. tempo de leitura":"2 minutos"},"schema":{"@context":"https:\/\/schema.org","@graph":[{"@type":"WebPage","@id":"https:\/\/neuroforma.com.br\/novo\/estudos-e-validacoes-saude-em-geral\/","url":"https:\/\/neuroforma.com.br\/novo\/estudos-e-validacoes-saude-em-geral\/","name":"Estudos e Valida\u00e7\u00f5es - Sa\u00fade em Geral -","isPartOf":{"@id":"https:\/\/neuroforma.com.br\/novo\/#website"},"datePublished":"2017-07-04T19:33:53+00:00","dateModified":"2018-12-06T18:22:29+00:00","breadcrumb":{"@id":"https:\/\/neuroforma.com.br\/novo\/estudos-e-validacoes-saude-em-geral\/#breadcrumb"},"inLanguage":"pt-BR","potentialAction":[{"@type":"ReadAction","target":["https:\/\/neuroforma.com.br\/novo\/estudos-e-validacoes-saude-em-geral\/"]}]},{"@type":"BreadcrumbList","@id":"https:\/\/neuroforma.com.br\/novo\/estudos-e-validacoes-saude-em-geral\/#breadcrumb","itemListElement":[{"@type":"ListItem","position":1,"name":"Home","item":"https:\/\/neuroforma.com.br\/novo\/"},{"@type":"ListItem","position":2,"name":"Estudos e Valida\u00e7\u00f5es &#8211; Sa\u00fade em Geral"}]},{"@type":"WebSite","@id":"https:\/\/neuroforma.com.br\/novo\/#website","url":"https:\/\/neuroforma.com.br\/novo\/","name":"","description":"","potentialAction":[{"@type":"SearchAction","target":{"@type":"EntryPoint","urlTemplate":"https:\/\/neuroforma.com.br\/novo\/?s={search_term_string}"},"query-input":{"@type":"PropertyValueSpecification","valueRequired":true,"valueName":"search_term_string"}}],"inLanguage":"pt-BR"}]}},"_links":{"self":[{"href":"https:\/\/neuroforma.com.br\/novo\/wp-json\/wp\/v2\/pages\/4199","targetHints":{"allow":["GET"]}}],"collection":[{"href":"https:\/\/neuroforma.com.br\/novo\/wp-json\/wp\/v2\/pages"}],"about":[{"href":"https:\/\/neuroforma.com.br\/novo\/wp-json\/wp\/v2\/types\/page"}],"author":[{"embeddable":true,"href":"https:\/\/neuroforma.com.br\/novo\/wp-json\/wp\/v2\/users\/1"}],"replies":[{"embeddable":true,"href":"https:\/\/neuroforma.com.br\/novo\/wp-json\/wp\/v2\/comments?post=4199"}],"version-history":[{"count":6,"href":"https:\/\/neuroforma.com.br\/novo\/wp-json\/wp\/v2\/pages\/4199\/revisions"}],"predecessor-version":[{"id":4832,"href":"https:\/\/neuroforma.com.br\/novo\/wp-json\/wp\/v2\/pages\/4199\/revisions\/4832"}],"wp:attachment":[{"href":"https:\/\/neuroforma.com.br\/novo\/wp-json\/wp\/v2\/media?parent=4199"}],"curies":[{"name":"wp","href":"https:\/\/api.w.org\/{rel}","templated":true}]}}