{"id":4192,"date":"2017-07-04T19:13:56","date_gmt":"2017-07-04T19:13:56","guid":{"rendered":"https:\/\/neuroforma.com.br\/novo\/?page_id=4192"},"modified":"2018-03-23T22:57:17","modified_gmt":"2018-03-23T22:57:17","slug":"estudos-e-validacoes-mudancas-fisicas-no-cerebro","status":"publish","type":"page","link":"https:\/\/neuroforma.com.br\/novo\/estudos-e-validacoes-mudancas-fisicas-no-cerebro\/","title":{"rendered":"Estudos e Valida\u00e7\u00f5es &#8211; Mudan\u00e7as F\u00edsicas no C\u00e9rebro"},"content":{"rendered":"<h1><strong>Mudan\u00e7as F\u00edsicas no C\u00e9rebro<\/strong><\/h1>\n<h2><strong>Pesquisas de Imagem sobre o BrainHQ<\/strong><\/h2>\n<p>Quando a fun\u00e7\u00e3o cerebral melhora, geralmente isso reflete como uma altera\u00e7\u00e3o no pr\u00f3prio c\u00e9rebro. Partes do c\u00e9rebro podem crescer mais, os neur\u00f4nios podem se mover mais rapidamente ou em uma melhor coordena\u00e7\u00e3o, e assim por diante. Dezessete estudos de imagem t\u00eam analisado o c\u00e9rebro e mostrado que o uso de exerc\u00edcios do BrainHQ pode realmente causar mudan\u00e7as no estruturais no c\u00e9rebro. Isto \u00e9 importante: esses estudos n\u00e3o mostram que as pessoas obt\u00eam um melhor desempenho em testes de fun\u00e7\u00e3o cognitiva, nem muito menos confiam no que as pessoas dizem sobre como elas se sentem afiadas. Em vez disso, a imagem do c\u00e9rebro, na verdade, mostra diferen\u00e7as no c\u00e9rebro ap\u00f3s o treinamento que, muitas vezes, se correlacionam com as melhorias que as pessoas frequentemente relatam na sua fun\u00e7\u00e3o cerebral.<\/p>\n<ul>\n<li>Um estudo sobre exerc\u00edcios auditivos do BrainHQ mostrou que o sincronismo neural do c\u00e9rebro melhora com o treinamento, com os neur\u00f4nios respondendo mais rapidamente ao discurso. Esta melhoria no c\u00e9rebro se correlacionou com melhorias em habilidades cognitivas e perceptivas (mem\u00f3ria, velocidade de processamento e de percep\u00e7\u00e3o de fala com Ru\u00eddo).<\/li>\n<\/ul>\n<ul>\n<li>Dois estudos de EEG mediram a amplitude para mostrar que o uso de uma s\u00e9rie de exerc\u00edcios visuais do BrainHQ pode melhorar a percep\u00e7\u00e3o visual e reverter decl\u00ednios na aten\u00e7\u00e3o seletiva, melhorando a mem\u00f3ria e outras capacidades cognitivas.<\/li>\n<\/ul>\n<ul>\n<li>Um outro estudo de imagem mostrou que o treinamento com uma sele\u00e7\u00e3o de exerc\u00edcios do BrainHQ mudou a integridade da subst\u00e2ncia branca occipito-temporal, que foi associada com uma melhoria nas habilidades de resolu\u00e7\u00e3o de problemas e racioc\u00ednio.<\/li>\n<\/ul>\n<ul>\n<li>Dados de resson\u00e2ncias magn\u00e9ticas funcionais mostraram uma ativa\u00e7\u00e3o relacionada com o treinamento em \u00e1reas associadas com a orienta\u00e7\u00e3o da aten\u00e7\u00e3o visual<\/li>\n<\/ul>\n<ul>\n<li>Um estudo utilizando EEG conseguiu ligar modifica\u00e7\u00f5es induzidas pelo treinamento no processamento visual inicial no c\u00e9rebro com melhorias na mem\u00f3ria.<\/li>\n<\/ul>\n<h2><strong>Informa\u00e7\u00f5es e cita\u00e7\u00f5es de estudos de imagem sobre o BrainHQ<\/strong><\/h2>\n<p>\u201cReversal of age-related neural timing delays with training\u201d<br \/>\nPublicado em: Proceedings of the National Academy of Sciences<br \/>\nAutora principal: Samira Anderson, PhD, Northwestern University<br \/>\n<a href=\"http:\/\/www.ncbi.nlm.nih.gov\/pmc\/articles\/PMC3600492\/\">Veja o artigo<\/a><\/p>\n<p>&nbsp;<\/p>\n<p>\u201cTraining changes processing of speech cues in older adults with hearing loss\u201d<br \/>\nPublicado em:\u00a0 Frontiers in Systems Neuroscience<br \/>\nAutora principal: Samira Anderson, PhD, Northwestern University<br \/>\n<a href=\"http:\/\/www.ncbi.nlm.nih.gov\/pmc\/articles\/PMC3842592\/\">Veja o artigo<\/a><\/p>\n<p>&nbsp;<\/p>\n<p>\u201cPartial maintenance of auditory-based cognitive training benefits in older adults\u201d<br \/>\nPublicado em: Neuropsychologia<br \/>\nAutora principal: Samira Anderson, PhD, Northwestern University<br \/>\n<a href=\"http:\/\/www.ncbi.nlm.nih.gov\/pubmed\/25111032\">Veja o resumo<\/a><\/p>\n<p>&nbsp;<\/p>\n<p>\u201cCognitive and physical training for the elderly: Evaluating outcome efficacy by means of neurophysiological synchronization\u201d<br \/>\nPublicado em: International Journal of Psychophysiology<br \/>\nAutor principal: Christos A. Frantzidis, Aristotle University of Thessaloniki (Greece)<br \/>\n<a href=\"http:\/\/www.ncbi.nlm.nih.gov\/pubmed\/24472698\">Veja o resumo<\/a><\/p>\n<p>&nbsp;<\/p>\n<p>\u201cNeuroplastic effects of combined computerized physical and cognitive training in elderly individuals at risk for dementia: An eLORETA controlled study on resting states\u201d<br \/>\nPublicado em: Neural Plasticity<br \/>\nAutor principal: Charis Styliadis, Aristotle University of Thessaloniki (Greece)<br \/>\n<a href=\"http:\/\/www.hindawi.com\/journals\/np\/2015\/172192\/cta\/\">Veja o artigo<\/a><\/p>\n<p>&nbsp;<\/p>\n<p>\u201cThe influence of combined cognitive plus social-cognitive training on amygdala response during face emotion recognition in schizophrenia\u201d<br \/>\nPublicado em: Psychiatry Research: Neuroimaging<br \/>\nAutora principal: Christine I. Hooker, PhD, Harvard University<br \/>\n<a href=\"http:\/\/www.ncbi.nlm.nih.gov\/pubmed\/23746615\">Veja o resumo<\/a><\/p>\n<p>&nbsp;<\/p>\n<p>\u201cNeural plasticity underlying visual perceptual learning in aging\u201d<br \/>\nPublicado em: Brain Research<br \/>\nAutor principal: Jyoti Mishra, PhD, University of California, San Francisco<br \/>\n<a href=\"http:\/\/www.ncbi.nlm.nih.gov\/pubmed\/25218557\">Veja o resumo<\/a><\/p>\n<p>&nbsp;<\/p>\n<p>\u201cCognitive training and selective attention in the aging brain: An electrophysiological study\u201d<br \/>\nPublicado em: Clinical Neurophysiology<br \/>\nAutora principal: Jennifer L. O\u2019Brien, PhD, University of South Florida<br \/>\n<a href=\"http:\/\/www.ncbi.nlm.nih.gov\/pubmed\/23770088\">Veja o resumo<\/a><\/p>\n<p>&nbsp;<\/p>\n<p>\u201cAdjusting brain dynamics in schizophrenia by means of perceptual and cognitive training\u201d<br \/>\nPublicado em: PLoS One<br \/>\nAutor principal: Tzvetan Popov, University of Konstanz (Germany)<br \/>\n<a href=\"http:\/\/www.ncbi.nlm.nih.gov\/pmc\/articles\/PMC3399837\/\">Veja o artigo<\/a><\/p>\n<p>&nbsp;<\/p>\n<p>\u201cCognitive training changes hippocampal function in mild cognitive impairment: A pilot study\u201d<br \/>\nPublicado em: Journal of Alzheimer\u2019s Disease<br \/>\nAutor principal: Allyson C. Rosen, PhD, Stanford University<br \/>\n<a href=\"http:\/\/www.ncbi.nlm.nih.gov\/pmc\/articles\/PMC3277842\/\">Veja o artigo<\/a><\/p>\n<p>&nbsp;<\/p>\n<p>\u201cThe neural correlates of an expanded functional field of view\u201d<br \/>\nPublicado em: Journals of Gerontology Series B<br \/>\nAutor principal: Paige E. Scalf, PhD, University of Arizona<br \/>\n<a href=\"http:\/\/www.ncbi.nlm.nih.gov\/pubmed\/17565163\">Veja o resumo<\/a><\/p>\n<p>&nbsp;<\/p>\n<p>\u201cA combination of physical activity and computerized brain training improves verbal memory and increases cerebral glucose metabolism in the elderly\u201d<br \/>\nPublished in: Translational Psychiatry<br \/>\nAutor principal: Tejal Shah, University of Western Australia<br \/>\n<a href=\"http:\/\/www.ncbi.nlm.nih.gov\/pmc\/articles\/PMC4270308\/\">Veja o artigo<\/a><\/p>\n<p>&nbsp;<\/p>\n<p>\u201cNeurocognitive enhancement in older adults: Comparison of three cognitive training tasks to test a hypothesis of training transfer in brain connectivity\u201d<br \/>\nPublicado em: NeuroImage<br \/>\nAutor principal: Maren Strenziok, PhD, George Mason University<br \/>\n<a href=\"http:\/\/www.ncbi.nlm.nih.gov\/pubmed\/23933474\">Veja o resumo<\/a><\/p>\n<p>&nbsp;<\/p>\n<p>\u201cComputerized cognitive training restores neural activity within the reality monitoring network in schizophrenia\u201d<br \/>\nPublicado em: Neuron<br \/>\nAutor principal: Karuna Subramaniam, PhD, University of California, San Francisco<br \/>\n<a href=\"http:\/\/www.ncbi.nlm.nih.gov\/pmc\/articles\/PMC3295613\">Veja o artigo<\/a><\/p>\n<p>&nbsp;<\/p>\n<p>\u201cIs serum brain-derived neurotrophic factor a biomarker for cognitive enhancement in schizophrenia?\u201d<br \/>\nPublicado em: Biological Psychiatry<br \/>\nAutora principal: Sophia Vinogradov, PhD, University of California, San Francisco<br \/>\n<a href=\"http:\/\/www.ncbi.nlm.nih.gov\/pubmed\/19368899\">Veja o resumo<\/a><\/p>\n<p>&nbsp;<\/p>\n<p>\u201cThe influence of perceptual training on working memory in older adults\u201d<br \/>\nPublicado em: PLoS One<br \/>\nAutora principal: Anne S. Berry, PhD, University of California, Berkeley<br \/>\n<a href=\"http:\/\/www.ncbi.nlm.nih.gov\/pmc\/articles\/PMC2904363\">Veja o artigo<\/a><\/p>\n<p>&nbsp;<\/p>\n","protected":false},"excerpt":{"rendered":"<p>Mudan\u00e7as F\u00edsicas no C\u00e9rebro Pesquisas de Imagem sobre o BrainHQ Quando a fun\u00e7\u00e3o cerebral melhora, geralmente isso reflete como uma altera\u00e7\u00e3o no pr\u00f3prio c\u00e9rebro. Partes do c\u00e9rebro podem crescer mais, os neur\u00f4nios podem se mover mais rapidamente ou em uma melhor coordena\u00e7\u00e3o, e assim por diante. Dezessete estudos de imagem t\u00eam analisado o c\u00e9rebro e &hellip; <a href=\"https:\/\/neuroforma.com.br\/novo\/estudos-e-validacoes-mudancas-fisicas-no-cerebro\/\" class=\"more-link\">Continue lendo <span class=\"screen-reader-text\">Estudos e Valida\u00e7\u00f5es &#8211; Mudan\u00e7as F\u00edsicas no C\u00e9rebro<\/span> <span class=\"meta-nav\">&rarr;<\/span><\/a><\/p>\n","protected":false},"author":1,"featured_media":0,"parent":0,"menu_order":0,"comment_status":"closed","ping_status":"closed","template":"","meta":{"footnotes":""},"class_list":["post-4192","page","type-page","status-publish","hentry","repupress_customize_woocommerce_productom_class"],"yoast_head":"<!-- This site is optimized with the Yoast SEO plugin v26.9 - https:\/\/yoast.com\/product\/yoast-seo-wordpress\/ -->\n<title>Estudos e Valida\u00e7\u00f5es - Mudan\u00e7as F\u00edsicas no C\u00e9rebro -<\/title>\n<meta name=\"robots\" content=\"index, follow, max-snippet:-1, max-image-preview:large, max-video-preview:-1\" \/>\n<link rel=\"canonical\" href=\"https:\/\/neuroforma.com.br\/novo\/estudos-e-validacoes-mudancas-fisicas-no-cerebro\/\" \/>\n<meta property=\"og:locale\" content=\"pt_BR\" \/>\n<meta property=\"og:type\" content=\"article\" \/>\n<meta property=\"og:title\" content=\"Estudos e Valida\u00e7\u00f5es - Mudan\u00e7as F\u00edsicas no C\u00e9rebro -\" \/>\n<meta property=\"og:description\" content=\"Mudan\u00e7as F\u00edsicas no C\u00e9rebro Pesquisas de Imagem sobre o BrainHQ Quando a fun\u00e7\u00e3o cerebral melhora, geralmente isso reflete como uma altera\u00e7\u00e3o no pr\u00f3prio c\u00e9rebro. Partes do c\u00e9rebro podem crescer mais, os neur\u00f4nios podem se mover mais rapidamente ou em uma melhor coordena\u00e7\u00e3o, e assim por diante. Dezessete estudos de imagem t\u00eam analisado o c\u00e9rebro e &hellip; Continue lendo Estudos e Valida\u00e7\u00f5es &#8211; Mudan\u00e7as F\u00edsicas no C\u00e9rebro &rarr;\" \/>\n<meta property=\"og:url\" content=\"https:\/\/neuroforma.com.br\/novo\/estudos-e-validacoes-mudancas-fisicas-no-cerebro\/\" \/>\n<meta property=\"article:modified_time\" content=\"2018-03-23T22:57:17+00:00\" \/>\n<meta name=\"twitter:label1\" content=\"Est. tempo de leitura\" \/>\n\t<meta name=\"twitter:data1\" content=\"4 minutos\" \/>\n<script type=\"application\/ld+json\" class=\"yoast-schema-graph\">{\"@context\":\"https:\/\/schema.org\",\"@graph\":[{\"@type\":\"WebPage\",\"@id\":\"https:\/\/neuroforma.com.br\/novo\/estudos-e-validacoes-mudancas-fisicas-no-cerebro\/\",\"url\":\"https:\/\/neuroforma.com.br\/novo\/estudos-e-validacoes-mudancas-fisicas-no-cerebro\/\",\"name\":\"Estudos e Valida\u00e7\u00f5es - Mudan\u00e7as F\u00edsicas no C\u00e9rebro -\",\"isPartOf\":{\"@id\":\"https:\/\/neuroforma.com.br\/novo\/#website\"},\"datePublished\":\"2017-07-04T19:13:56+00:00\",\"dateModified\":\"2018-03-23T22:57:17+00:00\",\"breadcrumb\":{\"@id\":\"https:\/\/neuroforma.com.br\/novo\/estudos-e-validacoes-mudancas-fisicas-no-cerebro\/#breadcrumb\"},\"inLanguage\":\"pt-BR\",\"potentialAction\":[{\"@type\":\"ReadAction\",\"target\":[\"https:\/\/neuroforma.com.br\/novo\/estudos-e-validacoes-mudancas-fisicas-no-cerebro\/\"]}]},{\"@type\":\"BreadcrumbList\",\"@id\":\"https:\/\/neuroforma.com.br\/novo\/estudos-e-validacoes-mudancas-fisicas-no-cerebro\/#breadcrumb\",\"itemListElement\":[{\"@type\":\"ListItem\",\"position\":1,\"name\":\"Home\",\"item\":\"https:\/\/neuroforma.com.br\/novo\/\"},{\"@type\":\"ListItem\",\"position\":2,\"name\":\"Estudos e Valida\u00e7\u00f5es &#8211; Mudan\u00e7as F\u00edsicas no C\u00e9rebro\"}]},{\"@type\":\"WebSite\",\"@id\":\"https:\/\/neuroforma.com.br\/novo\/#website\",\"url\":\"https:\/\/neuroforma.com.br\/novo\/\",\"name\":\"\",\"description\":\"\",\"potentialAction\":[{\"@type\":\"SearchAction\",\"target\":{\"@type\":\"EntryPoint\",\"urlTemplate\":\"https:\/\/neuroforma.com.br\/novo\/?s={search_term_string}\"},\"query-input\":{\"@type\":\"PropertyValueSpecification\",\"valueRequired\":true,\"valueName\":\"search_term_string\"}}],\"inLanguage\":\"pt-BR\"}]}<\/script>\n<!-- \/ Yoast SEO plugin. -->","yoast_head_json":{"title":"Estudos e Valida\u00e7\u00f5es - Mudan\u00e7as F\u00edsicas no C\u00e9rebro -","robots":{"index":"index","follow":"follow","max-snippet":"max-snippet:-1","max-image-preview":"max-image-preview:large","max-video-preview":"max-video-preview:-1"},"canonical":"https:\/\/neuroforma.com.br\/novo\/estudos-e-validacoes-mudancas-fisicas-no-cerebro\/","og_locale":"pt_BR","og_type":"article","og_title":"Estudos e Valida\u00e7\u00f5es - Mudan\u00e7as F\u00edsicas no C\u00e9rebro -","og_description":"Mudan\u00e7as F\u00edsicas no C\u00e9rebro Pesquisas de Imagem sobre o BrainHQ Quando a fun\u00e7\u00e3o cerebral melhora, geralmente isso reflete como uma altera\u00e7\u00e3o no pr\u00f3prio c\u00e9rebro. Partes do c\u00e9rebro podem crescer mais, os neur\u00f4nios podem se mover mais rapidamente ou em uma melhor coordena\u00e7\u00e3o, e assim por diante. Dezessete estudos de imagem t\u00eam analisado o c\u00e9rebro e &hellip; Continue lendo Estudos e Valida\u00e7\u00f5es &#8211; Mudan\u00e7as F\u00edsicas no C\u00e9rebro &rarr;","og_url":"https:\/\/neuroforma.com.br\/novo\/estudos-e-validacoes-mudancas-fisicas-no-cerebro\/","article_modified_time":"2018-03-23T22:57:17+00:00","twitter_misc":{"Est. tempo de leitura":"4 minutos"},"schema":{"@context":"https:\/\/schema.org","@graph":[{"@type":"WebPage","@id":"https:\/\/neuroforma.com.br\/novo\/estudos-e-validacoes-mudancas-fisicas-no-cerebro\/","url":"https:\/\/neuroforma.com.br\/novo\/estudos-e-validacoes-mudancas-fisicas-no-cerebro\/","name":"Estudos e Valida\u00e7\u00f5es - Mudan\u00e7as F\u00edsicas no C\u00e9rebro -","isPartOf":{"@id":"https:\/\/neuroforma.com.br\/novo\/#website"},"datePublished":"2017-07-04T19:13:56+00:00","dateModified":"2018-03-23T22:57:17+00:00","breadcrumb":{"@id":"https:\/\/neuroforma.com.br\/novo\/estudos-e-validacoes-mudancas-fisicas-no-cerebro\/#breadcrumb"},"inLanguage":"pt-BR","potentialAction":[{"@type":"ReadAction","target":["https:\/\/neuroforma.com.br\/novo\/estudos-e-validacoes-mudancas-fisicas-no-cerebro\/"]}]},{"@type":"BreadcrumbList","@id":"https:\/\/neuroforma.com.br\/novo\/estudos-e-validacoes-mudancas-fisicas-no-cerebro\/#breadcrumb","itemListElement":[{"@type":"ListItem","position":1,"name":"Home","item":"https:\/\/neuroforma.com.br\/novo\/"},{"@type":"ListItem","position":2,"name":"Estudos e Valida\u00e7\u00f5es &#8211; Mudan\u00e7as F\u00edsicas no C\u00e9rebro"}]},{"@type":"WebSite","@id":"https:\/\/neuroforma.com.br\/novo\/#website","url":"https:\/\/neuroforma.com.br\/novo\/","name":"","description":"","potentialAction":[{"@type":"SearchAction","target":{"@type":"EntryPoint","urlTemplate":"https:\/\/neuroforma.com.br\/novo\/?s={search_term_string}"},"query-input":{"@type":"PropertyValueSpecification","valueRequired":true,"valueName":"search_term_string"}}],"inLanguage":"pt-BR"}]}},"_links":{"self":[{"href":"https:\/\/neuroforma.com.br\/novo\/wp-json\/wp\/v2\/pages\/4192","targetHints":{"allow":["GET"]}}],"collection":[{"href":"https:\/\/neuroforma.com.br\/novo\/wp-json\/wp\/v2\/pages"}],"about":[{"href":"https:\/\/neuroforma.com.br\/novo\/wp-json\/wp\/v2\/types\/page"}],"author":[{"embeddable":true,"href":"https:\/\/neuroforma.com.br\/novo\/wp-json\/wp\/v2\/users\/1"}],"replies":[{"embeddable":true,"href":"https:\/\/neuroforma.com.br\/novo\/wp-json\/wp\/v2\/comments?post=4192"}],"version-history":[{"count":6,"href":"https:\/\/neuroforma.com.br\/novo\/wp-json\/wp\/v2\/pages\/4192\/revisions"}],"predecessor-version":[{"id":4627,"href":"https:\/\/neuroforma.com.br\/novo\/wp-json\/wp\/v2\/pages\/4192\/revisions\/4627"}],"wp:attachment":[{"href":"https:\/\/neuroforma.com.br\/novo\/wp-json\/wp\/v2\/media?parent=4192"}],"curies":[{"name":"wp","href":"https:\/\/api.w.org\/{rel}","templated":true}]}}