{"id":4190,"date":"2017-07-04T19:08:23","date_gmt":"2017-07-04T19:08:23","guid":{"rendered":"https:\/\/neuroforma.com.br\/novo\/?page_id=4190"},"modified":"2017-07-10T15:20:08","modified_gmt":"2017-07-10T15:20:08","slug":"estudos-e-validacoes-visao-e-audicao","status":"publish","type":"page","link":"https:\/\/neuroforma.com.br\/novo\/estudos-e-validacoes-visao-e-audicao\/","title":{"rendered":"Estudos e Valida\u00e7\u00f5es &#8211; Vis\u00e3o e Audi\u00e7\u00e3o"},"content":{"rendered":"<h1><strong>Vis\u00e3o e Audi\u00e7\u00e3o<\/strong><\/h1>\n<h2><strong>Pesquisas Publicadas sobre o BrainHQ e Vis\u00e3o e Audi\u00e7\u00e3o<\/strong><\/h2>\n<p>Voc\u00ea pode ter os olhos e ouvidos quase perfeitos e ainda ter problemas para ouvir e ver. Por qu\u00ea? Porque o c\u00e9rebro tamb\u00e9m desempenha um papel importante na vis\u00e3o e na audi\u00e7\u00e3o. O c\u00e9rebro tem que processar a informa\u00e7\u00e3o bruta que seus olhos e ouvidos captam para que voc\u00ea possa interpretar e fazer sentido da mesma. Se o processamento do seu c\u00e9rebro \u00e9 lento ou impreciso, voc\u00ea pode ter dificuldade para entender o que voc\u00ea v\u00ea ou ouve. E, infelizmente, o processamento mais lento \u00e9 um efeito colateral comum do envelhecimento.<\/p>\n<p>Sete artigos publicados mostraram que o uso de exerc\u00edcios do BrainHQ pode melhorar a vis\u00e3o e a audi\u00e7\u00e3o, aumentando a velocidade de processamento (para que o seu c\u00e9rebro se mantenha no ritmo que a informa\u00e7\u00e3o chega), diminuindo a imprecis\u00e3o (para que seu c\u00e9rebro fa\u00e7a uma imagem clara para voc\u00ea), e nitidez de aten\u00e7\u00e3o (para que seus produtos qu\u00edmicos cerebrais sejam ajustados e seu foco melhore). Entre outras coisas, esses trabalhos mostram que o treinamento com o BrainHQ pode melhorar:<\/p>\n<ul>\n<li>O sincronismo neural no processamento auditivo temporal, tendo como resultado o fato que que as pessoas possam ouvir melhor quando est\u00e3o escutando um discurso num local barulhento (ouvir algu\u00e9m falando com ru\u00eddo de fundo, como num local cheio de pessoas ou numa rua muito barulhenta)<\/li>\n<\/ul>\n<ul>\n<li>O processamento visual e auditivo, mesmo em pessoas que tenham sofrido decl\u00ednios nessas habilidades<\/li>\n<\/ul>\n<ul>\n<li>A fun\u00e7\u00e3o de diversas \u00e1reas de processamento visual no c\u00e9rebro<\/li>\n<\/ul>\n<h2><strong>Informa\u00e7\u00f5es e cita\u00e7\u00f5es de pesquisas sobre os efeitos do treinamento do BrainHQ sobre a vis\u00e3o e a audi\u00e7\u00e3o<\/strong><\/h2>\n<p>\u201cThe influence of perceptual training on working memory in older adults\u201d<br \/>\nPublicado em: PLoS One<br \/>\nAutora principal: Anne S. Berry, PhD, University of California, San Francisco<br \/>\n<a href=\"http:\/\/www.ncbi.nlm.nih.gov\/pmc\/articles\/PMC2904363\/\">Veja o artigo<\/a><\/p>\n<p>\u201cNeural plasticity underlying visual perceptual learning in aging\u201d<br \/>\nPublicado em: Brain Research<br \/>\nAutor principal: Jyoti Mishra, PhD, University of California, San Francisco<br \/>\n<a href=\"http:\/\/www.ncbi.nlm.nih.gov\/pubmed\/25218557\">Veja o resumo<\/a><\/p>\n<p>\u201cReversal of age-related neural timing delays with training\u201d<br \/>\nPublicado em: Proceedings of the National Academy of Sciences<br \/>\nAutora principal: Samira Anderson, PhD, Northwestern University<br \/>\n<a href=\"http:\/\/www.ncbi.nlm.nih.gov\/pmc\/articles\/PMC3600492\">Veja o artigo<\/a><\/p>\n<p>\u201cTraining changes processing of speech cues in older adults with hearing loss\u201d<br \/>\nPublicado em: Frontiers in Systems Neuroscience<br \/>\nAutora principal: Samira Anderson, PhD, Northwestern University<br \/>\n<a href=\"http:\/\/www.ncbi.nlm.nih.gov\/pmc\/articles\/PMC3842592\">Veja o artigo<\/a><\/p>\n<p>\u201cComputerized auditory cognitive training to improve cognition and functional outcomes in patients with heart failure: Results of a pilot study\u201d<br \/>\nPublicado em: Heart &amp; Lung<br \/>\nAutor principal: Ponrathi Athilingam, PhD, ACNP, MCH, FAANP, University of South Florida<br \/>\n<a href=\"http:\/\/www.ncbi.nlm.nih.gov\/pubmed\/25592205\">Veja o resumo<\/a><\/p>\n<p>\u201cCross-training in hemispatial neglect: Auditory sustained attention training ameliorates visual attention deficits\u201d<br \/>\nPublicado em: Cortex<br \/>\nAutores principais: Thomas M. Van Vleet, PhD, Northern California VA Healthcare System, Joseph M. DeGutis, PhD, Boston VA Healthcare System<br \/>\n<a href=\"http:\/\/www.ncbi.nlm.nih.gov\/pubmed\/22578712\">Veja o resumo<\/a><\/p>\n<p>\u201cTonic and phasic alertness training: A novel behavioral therapy to improve spatial and non-spatial attention in patients with hemispatial neglect\u201d<br \/>\nPublicado em: Frontiers in Human Neuroscience<br \/>\nAutores principais: Joseph M. DeGutis, PhD, Boston VA Healthcare System, Thomas M. Van Vleet, PhD, Northern California VA Healthcare System<br \/>\n<a href=\"http:\/\/www.ncbi.nlm.nih.gov\/pmc\/articles\/PMC2936932\">Veja o artigo<\/a><\/p>\n","protected":false},"excerpt":{"rendered":"<p>Vis\u00e3o e Audi\u00e7\u00e3o Pesquisas Publicadas sobre o BrainHQ e Vis\u00e3o e Audi\u00e7\u00e3o Voc\u00ea pode ter os olhos e ouvidos quase perfeitos e ainda ter problemas para ouvir e ver. Por qu\u00ea? Porque o c\u00e9rebro tamb\u00e9m desempenha um papel importante na vis\u00e3o e na audi\u00e7\u00e3o. O c\u00e9rebro tem que processar a informa\u00e7\u00e3o bruta que seus olhos &hellip; <a href=\"https:\/\/neuroforma.com.br\/novo\/estudos-e-validacoes-visao-e-audicao\/\" class=\"more-link\">Continue lendo <span class=\"screen-reader-text\">Estudos e Valida\u00e7\u00f5es &#8211; Vis\u00e3o e Audi\u00e7\u00e3o<\/span> <span class=\"meta-nav\">&rarr;<\/span><\/a><\/p>\n","protected":false},"author":1,"featured_media":0,"parent":0,"menu_order":0,"comment_status":"closed","ping_status":"closed","template":"","meta":{"footnotes":""},"class_list":["post-4190","page","type-page","status-publish","hentry","repupress_customize_woocommerce_productom_class"],"yoast_head":"<!-- This site is optimized with the Yoast SEO plugin v26.9 - https:\/\/yoast.com\/product\/yoast-seo-wordpress\/ -->\n<title>Estudos e Valida\u00e7\u00f5es - Vis\u00e3o e Audi\u00e7\u00e3o -<\/title>\n<meta name=\"robots\" content=\"index, follow, max-snippet:-1, max-image-preview:large, max-video-preview:-1\" \/>\n<link rel=\"canonical\" href=\"https:\/\/neuroforma.com.br\/novo\/estudos-e-validacoes-visao-e-audicao\/\" \/>\n<meta property=\"og:locale\" content=\"pt_BR\" \/>\n<meta property=\"og:type\" content=\"article\" \/>\n<meta property=\"og:title\" content=\"Estudos e Valida\u00e7\u00f5es - Vis\u00e3o e Audi\u00e7\u00e3o -\" \/>\n<meta property=\"og:description\" content=\"Vis\u00e3o e Audi\u00e7\u00e3o Pesquisas Publicadas sobre o BrainHQ e Vis\u00e3o e Audi\u00e7\u00e3o Voc\u00ea pode ter os olhos e ouvidos quase perfeitos e ainda ter problemas para ouvir e ver. Por qu\u00ea? Porque o c\u00e9rebro tamb\u00e9m desempenha um papel importante na vis\u00e3o e na audi\u00e7\u00e3o. O c\u00e9rebro tem que processar a informa\u00e7\u00e3o bruta que seus olhos &hellip; Continue lendo Estudos e Valida\u00e7\u00f5es &#8211; Vis\u00e3o e Audi\u00e7\u00e3o &rarr;\" \/>\n<meta property=\"og:url\" content=\"https:\/\/neuroforma.com.br\/novo\/estudos-e-validacoes-visao-e-audicao\/\" \/>\n<meta property=\"article:modified_time\" content=\"2017-07-10T15:20:08+00:00\" \/>\n<meta name=\"twitter:label1\" content=\"Est. tempo de leitura\" \/>\n\t<meta name=\"twitter:data1\" content=\"3 minutos\" \/>\n<script type=\"application\/ld+json\" class=\"yoast-schema-graph\">{\"@context\":\"https:\/\/schema.org\",\"@graph\":[{\"@type\":\"WebPage\",\"@id\":\"https:\/\/neuroforma.com.br\/novo\/estudos-e-validacoes-visao-e-audicao\/\",\"url\":\"https:\/\/neuroforma.com.br\/novo\/estudos-e-validacoes-visao-e-audicao\/\",\"name\":\"Estudos e Valida\u00e7\u00f5es - Vis\u00e3o e Audi\u00e7\u00e3o -\",\"isPartOf\":{\"@id\":\"https:\/\/neuroforma.com.br\/novo\/#website\"},\"datePublished\":\"2017-07-04T19:08:23+00:00\",\"dateModified\":\"2017-07-10T15:20:08+00:00\",\"breadcrumb\":{\"@id\":\"https:\/\/neuroforma.com.br\/novo\/estudos-e-validacoes-visao-e-audicao\/#breadcrumb\"},\"inLanguage\":\"pt-BR\",\"potentialAction\":[{\"@type\":\"ReadAction\",\"target\":[\"https:\/\/neuroforma.com.br\/novo\/estudos-e-validacoes-visao-e-audicao\/\"]}]},{\"@type\":\"BreadcrumbList\",\"@id\":\"https:\/\/neuroforma.com.br\/novo\/estudos-e-validacoes-visao-e-audicao\/#breadcrumb\",\"itemListElement\":[{\"@type\":\"ListItem\",\"position\":1,\"name\":\"Home\",\"item\":\"https:\/\/neuroforma.com.br\/novo\/\"},{\"@type\":\"ListItem\",\"position\":2,\"name\":\"Estudos e Valida\u00e7\u00f5es &#8211; Vis\u00e3o e Audi\u00e7\u00e3o\"}]},{\"@type\":\"WebSite\",\"@id\":\"https:\/\/neuroforma.com.br\/novo\/#website\",\"url\":\"https:\/\/neuroforma.com.br\/novo\/\",\"name\":\"\",\"description\":\"\",\"potentialAction\":[{\"@type\":\"SearchAction\",\"target\":{\"@type\":\"EntryPoint\",\"urlTemplate\":\"https:\/\/neuroforma.com.br\/novo\/?s={search_term_string}\"},\"query-input\":{\"@type\":\"PropertyValueSpecification\",\"valueRequired\":true,\"valueName\":\"search_term_string\"}}],\"inLanguage\":\"pt-BR\"}]}<\/script>\n<!-- \/ Yoast SEO plugin. -->","yoast_head_json":{"title":"Estudos e Valida\u00e7\u00f5es - Vis\u00e3o e Audi\u00e7\u00e3o -","robots":{"index":"index","follow":"follow","max-snippet":"max-snippet:-1","max-image-preview":"max-image-preview:large","max-video-preview":"max-video-preview:-1"},"canonical":"https:\/\/neuroforma.com.br\/novo\/estudos-e-validacoes-visao-e-audicao\/","og_locale":"pt_BR","og_type":"article","og_title":"Estudos e Valida\u00e7\u00f5es - Vis\u00e3o e Audi\u00e7\u00e3o -","og_description":"Vis\u00e3o e Audi\u00e7\u00e3o Pesquisas Publicadas sobre o BrainHQ e Vis\u00e3o e Audi\u00e7\u00e3o Voc\u00ea pode ter os olhos e ouvidos quase perfeitos e ainda ter problemas para ouvir e ver. Por qu\u00ea? Porque o c\u00e9rebro tamb\u00e9m desempenha um papel importante na vis\u00e3o e na audi\u00e7\u00e3o. O c\u00e9rebro tem que processar a informa\u00e7\u00e3o bruta que seus olhos &hellip; Continue lendo Estudos e Valida\u00e7\u00f5es &#8211; Vis\u00e3o e Audi\u00e7\u00e3o &rarr;","og_url":"https:\/\/neuroforma.com.br\/novo\/estudos-e-validacoes-visao-e-audicao\/","article_modified_time":"2017-07-10T15:20:08+00:00","twitter_misc":{"Est. tempo de leitura":"3 minutos"},"schema":{"@context":"https:\/\/schema.org","@graph":[{"@type":"WebPage","@id":"https:\/\/neuroforma.com.br\/novo\/estudos-e-validacoes-visao-e-audicao\/","url":"https:\/\/neuroforma.com.br\/novo\/estudos-e-validacoes-visao-e-audicao\/","name":"Estudos e Valida\u00e7\u00f5es - Vis\u00e3o e Audi\u00e7\u00e3o -","isPartOf":{"@id":"https:\/\/neuroforma.com.br\/novo\/#website"},"datePublished":"2017-07-04T19:08:23+00:00","dateModified":"2017-07-10T15:20:08+00:00","breadcrumb":{"@id":"https:\/\/neuroforma.com.br\/novo\/estudos-e-validacoes-visao-e-audicao\/#breadcrumb"},"inLanguage":"pt-BR","potentialAction":[{"@type":"ReadAction","target":["https:\/\/neuroforma.com.br\/novo\/estudos-e-validacoes-visao-e-audicao\/"]}]},{"@type":"BreadcrumbList","@id":"https:\/\/neuroforma.com.br\/novo\/estudos-e-validacoes-visao-e-audicao\/#breadcrumb","itemListElement":[{"@type":"ListItem","position":1,"name":"Home","item":"https:\/\/neuroforma.com.br\/novo\/"},{"@type":"ListItem","position":2,"name":"Estudos e Valida\u00e7\u00f5es &#8211; Vis\u00e3o e Audi\u00e7\u00e3o"}]},{"@type":"WebSite","@id":"https:\/\/neuroforma.com.br\/novo\/#website","url":"https:\/\/neuroforma.com.br\/novo\/","name":"","description":"","potentialAction":[{"@type":"SearchAction","target":{"@type":"EntryPoint","urlTemplate":"https:\/\/neuroforma.com.br\/novo\/?s={search_term_string}"},"query-input":{"@type":"PropertyValueSpecification","valueRequired":true,"valueName":"search_term_string"}}],"inLanguage":"pt-BR"}]}},"_links":{"self":[{"href":"https:\/\/neuroforma.com.br\/novo\/wp-json\/wp\/v2\/pages\/4190","targetHints":{"allow":["GET"]}}],"collection":[{"href":"https:\/\/neuroforma.com.br\/novo\/wp-json\/wp\/v2\/pages"}],"about":[{"href":"https:\/\/neuroforma.com.br\/novo\/wp-json\/wp\/v2\/types\/page"}],"author":[{"embeddable":true,"href":"https:\/\/neuroforma.com.br\/novo\/wp-json\/wp\/v2\/users\/1"}],"replies":[{"embeddable":true,"href":"https:\/\/neuroforma.com.br\/novo\/wp-json\/wp\/v2\/comments?post=4190"}],"version-history":[{"count":2,"href":"https:\/\/neuroforma.com.br\/novo\/wp-json\/wp\/v2\/pages\/4190\/revisions"}],"predecessor-version":[{"id":4233,"href":"https:\/\/neuroforma.com.br\/novo\/wp-json\/wp\/v2\/pages\/4190\/revisions\/4233"}],"wp:attachment":[{"href":"https:\/\/neuroforma.com.br\/novo\/wp-json\/wp\/v2\/media?parent=4190"}],"curies":[{"name":"wp","href":"https:\/\/api.w.org\/{rel}","templated":true}]}}