{"id":4188,"date":"2017-07-04T19:06:39","date_gmt":"2017-07-04T19:06:39","guid":{"rendered":"https:\/\/neuroforma.com.br\/novo\/?page_id=4188"},"modified":"2017-07-10T19:49:30","modified_gmt":"2017-07-10T19:49:30","slug":"estudos-e-validacoes-memoria","status":"publish","type":"page","link":"https:\/\/neuroforma.com.br\/novo\/estudos-e-validacoes-memoria\/","title":{"rendered":"Estudos e Valida\u00e7\u00f5es &#8211; Mem\u00f3ria"},"content":{"rendered":"<h1>Mem\u00f3ria<\/h1>\n<p><img loading=\"lazy\" decoding=\"async\" class=\"alignnone size-full wp-image-4251\" src=\"https:\/\/neuroforma.com.br\/novo\/wp-content\/uploads\/2017\/07\/memoria.jpg\" alt=\"memoria\" width=\"545\" height=\"360\" srcset=\"https:\/\/neuroforma.com.br\/novo\/wp-content\/uploads\/2017\/07\/memoria.jpg 545w, https:\/\/neuroforma.com.br\/novo\/wp-content\/uploads\/2017\/07\/memoria-300x198.jpg 300w\" sizes=\"auto, (max-width: 545px) 100vw, 545px\" \/><\/p>\n<div class=\"su-note\"  style=\"border-color:#a4becd;border-radius:2px;-moz-border-radius:2px;-webkit-border-radius:2px;\"><div class=\"su-note-inner su-u-clearfix su-u-trim\" style=\"background-color:#bed8e7;border-color:#ffffff;color:#333333;border-radius:2px;-moz-border-radius:2px;-webkit-border-radius:2px;\">O Estudo de IMPACTO \u2013 Ap\u00f3s o treinamento com o BrainHQ, as pessoas obtiveram uma performance significantemente melhor em testes padronizados de mem\u00f3ria. Essa melhoria foi equivalente a em m\u00e9dia 10 anos de performance de mem\u00f3ria. Pessoas do grupo controle (que assistiram a v\u00eddeos educacionais em vez de utilizar o BrainHQ) obtiveram melhorias m\u00ednimas \u2013 mas a melhoria com o BrainHQ foi 420% superior.<\/div><\/div>\n<h2><strong>Pesquisas Publicadas sobre o BrainHQ e Mem\u00f3ria<\/strong><\/h2>\n<p>De todas as habilidades cognitivas, a mem\u00f3ria \u00e9 aquela que n\u00f3s consideramos particularmente importante. Ter uma mem\u00f3ria afiada e eficaz torna as pessoas mais confiantes \u2013 ter lapsos de mem\u00f3ria pode deix\u00e1-las inseguras.<\/p>\n<p>At\u00e9 o momento, catorze trabalhos cient\u00edficos \u2013 conduzidos por pesquisadores prestigiados em universidades respeitadas \u2013 mostraram que o uso de exerc\u00edcios do BrainHQ pode ter um impacto substancial sobre o desempenho da mem\u00f3ria. Aqui est\u00e3o alguns destaques:<\/p>\n<ul>\n<li><a href=\"http:\/\/www.brainhq.com\/world-class-science\/published-research\/impact-study\">O Estudo de IMPACTO<\/a>\u2014 um grande estudo de pesquisadores da Mayo Clinic e da University of Southern California \u2013 acompanhou 487 pessoas, que apresentaram uma melhora m\u00e9dia de 10 anos em mem\u00f3ria auditiva, o que significa que se voc\u00ea come\u00e7ou o estudo com uma mem\u00f3ria t\u00edpica de uma pessoa 52 anos de idade, voc\u00ea (em m\u00e9dia) sai do estudo com uma mem\u00f3ria t\u00edpica de uma pessoa de 42 anos de idade. Dois estudos menores apresentaram resultados semelhantes.<\/li>\n<\/ul>\n<ul>\n<li>V\u00e1rios artigos de pesquisa t\u00eam demonstrado a &#8220;<strong>generaliza\u00e7\u00e3o<\/strong>&#8221; para al\u00e9m das tarefas treinadas nos testes de mem\u00f3ria padr\u00e3o. Isto \u00e9 muito importante e raramente \u00e9 demonstrado em qualquer outro programa de treinamento cerebral. Isso significa que os ganhos de mem\u00f3ria representam uma verdadeira mudan\u00e7a na cogni\u00e7\u00e3o, e n\u00e3o apenas uma melhoria de estrat\u00e9gia de mem\u00f3ria.<\/li>\n<\/ul>\n<ul>\n<li>Dois estudos pequenos de imagem (conduzidos na Universidade da Calif\u00f3rnia de San Francisco e Stanford) mostraram que a utiliza\u00e7\u00e3o de exerc\u00edcios do BrainHQ aumentava a atividade nas \u00e1reas do c\u00e9rebro associadas com a mem\u00f3ria.<\/li>\n<\/ul>\n<h2><strong>Informa\u00e7\u00f5es e cita\u00e7\u00f5es de artigos relacionados \u00e0 mem\u00f3ria<\/strong><\/h2>\n<p>\u201cA cognitive training program based on principles of brain plasticity: results from the improvements in memory with plasticity-based adaptive cognitive training (IMPACT) study\u201d<br \/>\nPublicado em: Journal of the American Geriatric&#8217;s Society<br \/>\nAutores principais: Glenn Smith, PhD, Mayo Clinic and Elizabeth Zelinski, PhD, University of Southern California<br \/>\n<a href=\"http:\/\/www.ncbi.nlm.nih.gov\/pmc\/articles\/PMC4169294\/\">Veja o artigo<\/a><\/p>\n<p>\u201cImprovement in memory with plasticity-based adaptive cognitive training: Results of the 3-month follow-up\u201d<br \/>\nPublicado em: Journal of the American Geriatric&#8217;s Society<br \/>\nAutores principais: Glenn Smith, PhD, Mayo Clinic and Elizabeth Zelinski, PhD, University of Southern California<br \/>\n<a href=\"http:\/\/www.ncbi.nlm.nih.gov\/pubmed\/21314646\">Veja o resumo<\/a><\/p>\n<p>\u201cThe influence of perceptual training on working memory in older adults\u201d<br \/>\nPublicado em: PLoS One<br \/>\nAutora principal: Anne S. Berry, PhD, University of California, San Francisco<br \/>\n<a href=\"http:\/\/www.ncbi.nlm.nih.gov\/pmc\/articles\/PMC2904363\/\">Veja o artigo<\/a><\/p>\n<p>\u201cMemory enhancement in healthy older adults using a brain-plasticity-based training program: A randomized, controlled study\u201d<br \/>\nPublicado em: Proceedings of the National Academy of Sciences<br \/>\nAutor principal: Henry Mahncke, PhD, Posit Science<br \/>\n<a href=\"http:\/\/www.ncbi.nlm.nih.gov\/pmc\/articles\/PMC1526649\/\">Veja o artigo<\/a><\/p>\n<p>\u201cBrain plasticity and functional losses in the aged: Scientific bases for a novel intervention\u201d<br \/>\nPublicado em: Progress in Brain Research<br \/>\nAutor principal: Henry Mahncke, PhD, Posit Science<br \/>\n<a href=\"http:\/\/www.ncbi.nlm.nih.gov\/pubmed\/17046669\">Veja o artigo<\/a><\/p>\n<p>\u201cA combination of physical activity and computerized brain training improves verbal memory and increases cerebral glucose metabolism in the elderly\u201d<br \/>\nPublicado em: Translational Psychiatry<br \/>\nAutor principal: Tejal Shah, PhD, University of Western Australia<br \/>\n<a href=\"http:\/\/www.ncbi.nlm.nih.gov\/pmc\/articles\/PMC4270308\/\">Veja o artigo<\/a><\/p>\n<p>\u201cUsing neuroplasticity-based auditory training to improve verbal memory in schizophrenia\u201d<br \/>\nPublicado em: The American Journal of Psychiatry<br \/>\nAutora principal: Melissa Fisher, PhD, University of California, San Francisco<br \/>\n<a href=\"http:\/\/www.ncbi.nlm.nih.gov\/pmc\/articles\/PMC2720319\/\">Veja o artigo<\/a><\/p>\n<p>\u201cFeasibility of computerized brain plasticity-based cognitive training after traumatic brain injury\u201d<br \/>\nPublicado em: Journal of Rehabilitation Research &amp; Development<br \/>\nAutor principal: Matthew S. Lebowitz, Yale University<br \/>\n<a href=\"http:\/\/www.ncbi.nlm.nih.gov\/pubmed\/23516058\">Veja o resumo<\/a><\/p>\n<p>\u201cNurse-enhanced memory intervention in heart failure: The MEMOIR study\u201d<br \/>\nPublicado em: Journal of Cardiac Failure<br \/>\nAutora principal: Susan J. Pressler, PhD, University of Michigan School of Nursing<br \/>\n<a href=\"http:\/\/www.ncbi.nlm.nih.gov\/pmc\/articles\/PMC3227743\/\">Veja o artigo<\/a><\/p>\n<p>\u201cAdvanced cognitive training for breast cancer survivors: A randomized controlled trial\u201d<br \/>\nPublicado em: Breast Cancer Research and Treatment<br \/>\nAutora principal: Diane Von Ah, PhD, Indiana University School of Nursing<br \/>\n<a href=\"http:\/\/www.ncbi.nlm.nih.gov\/pmc\/articles\/PMC3677054\/\">Veja o artigo<\/a><\/p>\n<p>\u201cComputer-based cognitive training for mild cognitive impairment: results from a pilot randomized, controlled trial\u201d<br \/>\nPublicado em: Alzheimer Disease and Associated Disorders<br \/>\nAutora principal: Deborah Barnes, PhD, University of California, San Francisco<br \/>\n<a href=\"http:\/\/www.ncbi.nlm.nih.gov\/pmc\/articles\/PMC2760033\/\">Veja o artigo<\/a><\/p>\n<p>\u201cComputerized auditory cognitive training to improve cognition and functional outcomes in patients with heart failure: Results of a pilot study\u201d<br \/>\nPublicado em: Heart &amp; Lung<br \/>\nAutor principal: Ponrathi Athilingam, PhD, ACNP, MCH, FAANP, University of South Florida<br \/>\n<a href=\"http:\/\/www.ncbi.nlm.nih.gov\/pubmed\/25592205\">Veja o resumo<\/a><\/p>\n<p>\u201cNeural plastic effects of cognitive training on aging brain\u201d<br \/>\nPublicado em: Neural Plasticity<br \/>\nAutora principal: Natalie T.Y. Leung, The University of Hong Kong<br \/>\n<a href=\"http:\/\/www.hindawi.com\/journals\/np\/aa\/535618\/abs\/\">Veja o resumo<\/a><\/p>\n<p>\u201cReversal of age-related neural timing delays with training\u201d<br \/>\nPublicado em: Proceedings of the National Academy of Sciences<br \/>\nAutora principal: Samira Anderson, PhD, Northwestern University<br \/>\n<a href=\"http:\/\/www.ncbi.nlm.nih.gov\/pmc\/articles\/PMC3600492\/\">Veja o artigo<\/a><\/p>\n","protected":false},"excerpt":{"rendered":"<p>Mem\u00f3ria Pesquisas Publicadas sobre o BrainHQ e Mem\u00f3ria De todas as habilidades cognitivas, a mem\u00f3ria \u00e9 aquela que n\u00f3s consideramos particularmente importante. Ter uma mem\u00f3ria afiada e eficaz torna as pessoas mais confiantes \u2013 ter lapsos de mem\u00f3ria pode deix\u00e1-las inseguras. At\u00e9 o momento, catorze trabalhos cient\u00edficos \u2013 conduzidos por pesquisadores prestigiados em universidades respeitadas &hellip; <a href=\"https:\/\/neuroforma.com.br\/novo\/estudos-e-validacoes-memoria\/\" class=\"more-link\">Continue lendo <span class=\"screen-reader-text\">Estudos e Valida\u00e7\u00f5es &#8211; Mem\u00f3ria<\/span> <span class=\"meta-nav\">&rarr;<\/span><\/a><\/p>\n","protected":false},"author":1,"featured_media":0,"parent":0,"menu_order":0,"comment_status":"closed","ping_status":"closed","template":"","meta":{"footnotes":""},"class_list":["post-4188","page","type-page","status-publish","hentry","repupress_customize_woocommerce_productom_class"],"yoast_head":"<!-- This site is optimized with the Yoast SEO plugin v26.9 - https:\/\/yoast.com\/product\/yoast-seo-wordpress\/ -->\n<title>Estudos e Valida\u00e7\u00f5es - Mem\u00f3ria -<\/title>\n<meta name=\"robots\" content=\"index, follow, max-snippet:-1, max-image-preview:large, max-video-preview:-1\" \/>\n<link rel=\"canonical\" href=\"https:\/\/neuroforma.com.br\/novo\/estudos-e-validacoes-memoria\/\" \/>\n<meta property=\"og:locale\" content=\"pt_BR\" \/>\n<meta property=\"og:type\" content=\"article\" \/>\n<meta property=\"og:title\" content=\"Estudos e Valida\u00e7\u00f5es - Mem\u00f3ria -\" \/>\n<meta property=\"og:description\" content=\"Mem\u00f3ria Pesquisas Publicadas sobre o BrainHQ e Mem\u00f3ria De todas as habilidades cognitivas, a mem\u00f3ria \u00e9 aquela que n\u00f3s consideramos particularmente importante. Ter uma mem\u00f3ria afiada e eficaz torna as pessoas mais confiantes \u2013 ter lapsos de mem\u00f3ria pode deix\u00e1-las inseguras. At\u00e9 o momento, catorze trabalhos cient\u00edficos \u2013 conduzidos por pesquisadores prestigiados em universidades respeitadas &hellip; Continue lendo Estudos e Valida\u00e7\u00f5es &#8211; Mem\u00f3ria &rarr;\" \/>\n<meta property=\"og:url\" content=\"https:\/\/neuroforma.com.br\/novo\/estudos-e-validacoes-memoria\/\" \/>\n<meta property=\"article:modified_time\" content=\"2017-07-10T19:49:30+00:00\" \/>\n<meta property=\"og:image\" content=\"https:\/\/neuroforma.com.br\/novo\/wp-content\/uploads\/2017\/07\/memoria.jpg\" \/>\n<meta name=\"twitter:label1\" content=\"Est. tempo de leitura\" \/>\n\t<meta name=\"twitter:data1\" content=\"4 minutos\" \/>\n<script type=\"application\/ld+json\" class=\"yoast-schema-graph\">{\"@context\":\"https:\/\/schema.org\",\"@graph\":[{\"@type\":\"WebPage\",\"@id\":\"https:\/\/neuroforma.com.br\/novo\/estudos-e-validacoes-memoria\/\",\"url\":\"https:\/\/neuroforma.com.br\/novo\/estudos-e-validacoes-memoria\/\",\"name\":\"Estudos e Valida\u00e7\u00f5es - Mem\u00f3ria -\",\"isPartOf\":{\"@id\":\"https:\/\/neuroforma.com.br\/novo\/#website\"},\"primaryImageOfPage\":{\"@id\":\"https:\/\/neuroforma.com.br\/novo\/estudos-e-validacoes-memoria\/#primaryimage\"},\"image\":{\"@id\":\"https:\/\/neuroforma.com.br\/novo\/estudos-e-validacoes-memoria\/#primaryimage\"},\"thumbnailUrl\":\"https:\/\/neuroforma.com.br\/novo\/wp-content\/uploads\/2017\/07\/memoria.jpg\",\"datePublished\":\"2017-07-04T19:06:39+00:00\",\"dateModified\":\"2017-07-10T19:49:30+00:00\",\"breadcrumb\":{\"@id\":\"https:\/\/neuroforma.com.br\/novo\/estudos-e-validacoes-memoria\/#breadcrumb\"},\"inLanguage\":\"pt-BR\",\"potentialAction\":[{\"@type\":\"ReadAction\",\"target\":[\"https:\/\/neuroforma.com.br\/novo\/estudos-e-validacoes-memoria\/\"]}]},{\"@type\":\"ImageObject\",\"inLanguage\":\"pt-BR\",\"@id\":\"https:\/\/neuroforma.com.br\/novo\/estudos-e-validacoes-memoria\/#primaryimage\",\"url\":\"https:\/\/neuroforma.com.br\/novo\/wp-content\/uploads\/2017\/07\/memoria.jpg\",\"contentUrl\":\"https:\/\/neuroforma.com.br\/novo\/wp-content\/uploads\/2017\/07\/memoria.jpg\",\"width\":545,\"height\":360},{\"@type\":\"BreadcrumbList\",\"@id\":\"https:\/\/neuroforma.com.br\/novo\/estudos-e-validacoes-memoria\/#breadcrumb\",\"itemListElement\":[{\"@type\":\"ListItem\",\"position\":1,\"name\":\"Home\",\"item\":\"https:\/\/neuroforma.com.br\/novo\/\"},{\"@type\":\"ListItem\",\"position\":2,\"name\":\"Estudos e Valida\u00e7\u00f5es &#8211; Mem\u00f3ria\"}]},{\"@type\":\"WebSite\",\"@id\":\"https:\/\/neuroforma.com.br\/novo\/#website\",\"url\":\"https:\/\/neuroforma.com.br\/novo\/\",\"name\":\"\",\"description\":\"\",\"potentialAction\":[{\"@type\":\"SearchAction\",\"target\":{\"@type\":\"EntryPoint\",\"urlTemplate\":\"https:\/\/neuroforma.com.br\/novo\/?s={search_term_string}\"},\"query-input\":{\"@type\":\"PropertyValueSpecification\",\"valueRequired\":true,\"valueName\":\"search_term_string\"}}],\"inLanguage\":\"pt-BR\"}]}<\/script>\n<!-- \/ Yoast SEO plugin. -->","yoast_head_json":{"title":"Estudos e Valida\u00e7\u00f5es - Mem\u00f3ria -","robots":{"index":"index","follow":"follow","max-snippet":"max-snippet:-1","max-image-preview":"max-image-preview:large","max-video-preview":"max-video-preview:-1"},"canonical":"https:\/\/neuroforma.com.br\/novo\/estudos-e-validacoes-memoria\/","og_locale":"pt_BR","og_type":"article","og_title":"Estudos e Valida\u00e7\u00f5es - Mem\u00f3ria -","og_description":"Mem\u00f3ria Pesquisas Publicadas sobre o BrainHQ e Mem\u00f3ria De todas as habilidades cognitivas, a mem\u00f3ria \u00e9 aquela que n\u00f3s consideramos particularmente importante. Ter uma mem\u00f3ria afiada e eficaz torna as pessoas mais confiantes \u2013 ter lapsos de mem\u00f3ria pode deix\u00e1-las inseguras. At\u00e9 o momento, catorze trabalhos cient\u00edficos \u2013 conduzidos por pesquisadores prestigiados em universidades respeitadas &hellip; Continue lendo Estudos e Valida\u00e7\u00f5es &#8211; Mem\u00f3ria &rarr;","og_url":"https:\/\/neuroforma.com.br\/novo\/estudos-e-validacoes-memoria\/","article_modified_time":"2017-07-10T19:49:30+00:00","og_image":[{"url":"https:\/\/neuroforma.com.br\/novo\/wp-content\/uploads\/2017\/07\/memoria.jpg","type":"","width":"","height":""}],"twitter_misc":{"Est. tempo de leitura":"4 minutos"},"schema":{"@context":"https:\/\/schema.org","@graph":[{"@type":"WebPage","@id":"https:\/\/neuroforma.com.br\/novo\/estudos-e-validacoes-memoria\/","url":"https:\/\/neuroforma.com.br\/novo\/estudos-e-validacoes-memoria\/","name":"Estudos e Valida\u00e7\u00f5es - Mem\u00f3ria -","isPartOf":{"@id":"https:\/\/neuroforma.com.br\/novo\/#website"},"primaryImageOfPage":{"@id":"https:\/\/neuroforma.com.br\/novo\/estudos-e-validacoes-memoria\/#primaryimage"},"image":{"@id":"https:\/\/neuroforma.com.br\/novo\/estudos-e-validacoes-memoria\/#primaryimage"},"thumbnailUrl":"https:\/\/neuroforma.com.br\/novo\/wp-content\/uploads\/2017\/07\/memoria.jpg","datePublished":"2017-07-04T19:06:39+00:00","dateModified":"2017-07-10T19:49:30+00:00","breadcrumb":{"@id":"https:\/\/neuroforma.com.br\/novo\/estudos-e-validacoes-memoria\/#breadcrumb"},"inLanguage":"pt-BR","potentialAction":[{"@type":"ReadAction","target":["https:\/\/neuroforma.com.br\/novo\/estudos-e-validacoes-memoria\/"]}]},{"@type":"ImageObject","inLanguage":"pt-BR","@id":"https:\/\/neuroforma.com.br\/novo\/estudos-e-validacoes-memoria\/#primaryimage","url":"https:\/\/neuroforma.com.br\/novo\/wp-content\/uploads\/2017\/07\/memoria.jpg","contentUrl":"https:\/\/neuroforma.com.br\/novo\/wp-content\/uploads\/2017\/07\/memoria.jpg","width":545,"height":360},{"@type":"BreadcrumbList","@id":"https:\/\/neuroforma.com.br\/novo\/estudos-e-validacoes-memoria\/#breadcrumb","itemListElement":[{"@type":"ListItem","position":1,"name":"Home","item":"https:\/\/neuroforma.com.br\/novo\/"},{"@type":"ListItem","position":2,"name":"Estudos e Valida\u00e7\u00f5es &#8211; Mem\u00f3ria"}]},{"@type":"WebSite","@id":"https:\/\/neuroforma.com.br\/novo\/#website","url":"https:\/\/neuroforma.com.br\/novo\/","name":"","description":"","potentialAction":[{"@type":"SearchAction","target":{"@type":"EntryPoint","urlTemplate":"https:\/\/neuroforma.com.br\/novo\/?s={search_term_string}"},"query-input":{"@type":"PropertyValueSpecification","valueRequired":true,"valueName":"search_term_string"}}],"inLanguage":"pt-BR"}]}},"_links":{"self":[{"href":"https:\/\/neuroforma.com.br\/novo\/wp-json\/wp\/v2\/pages\/4188","targetHints":{"allow":["GET"]}}],"collection":[{"href":"https:\/\/neuroforma.com.br\/novo\/wp-json\/wp\/v2\/pages"}],"about":[{"href":"https:\/\/neuroforma.com.br\/novo\/wp-json\/wp\/v2\/types\/page"}],"author":[{"embeddable":true,"href":"https:\/\/neuroforma.com.br\/novo\/wp-json\/wp\/v2\/users\/1"}],"replies":[{"embeddable":true,"href":"https:\/\/neuroforma.com.br\/novo\/wp-json\/wp\/v2\/comments?post=4188"}],"version-history":[{"count":3,"href":"https:\/\/neuroforma.com.br\/novo\/wp-json\/wp\/v2\/pages\/4188\/revisions"}],"predecessor-version":[{"id":4252,"href":"https:\/\/neuroforma.com.br\/novo\/wp-json\/wp\/v2\/pages\/4188\/revisions\/4252"}],"wp:attachment":[{"href":"https:\/\/neuroforma.com.br\/novo\/wp-json\/wp\/v2\/media?parent=4188"}],"curies":[{"name":"wp","href":"https:\/\/api.w.org\/{rel}","templated":true}]}}