{"id":4185,"date":"2017-07-04T19:03:52","date_gmt":"2017-07-04T19:03:52","guid":{"rendered":"https:\/\/neuroforma.com.br\/novo\/?page_id=4185"},"modified":"2024-08-02T18:59:22","modified_gmt":"2024-08-02T18:59:22","slug":"estudos-e-validacoes-atencao","status":"publish","type":"page","link":"https:\/\/neuroforma.com.br\/novo\/estudos-e-validacoes-atencao\/","title":{"rendered":"Estudos e Valida\u00e7\u00f5es &#8211; Aten\u00e7\u00e3o"},"content":{"rendered":"<h2><strong>Aten\u00e7\u00e3o e foco<\/strong><strong>\u00a0<\/strong><\/h2>\n<p>A capacidade de concentrar sua aten\u00e7\u00e3o sobre o que importa &#8211; e ignorar o que n\u00e3o interessa &#8211; \u00e9 mais importante do que voc\u00ea imagina. Concentrar sua aten\u00e7\u00e3o numa conversa (enquanto filtra o ru\u00eddo de fundo) e ao mesmo tempo perceber o mundo visual ao seu redor (identificando rapidamente o que precisa e descartando o que n\u00e3o interessa), ajuda voc\u00ea a se sentir afiado, conectado e autoconfiante. Al\u00e9m do mais, focalizar a sua aten\u00e7\u00e3o ajuda o seu c\u00e9rebro a bombear subst\u00e2ncias qu\u00edmicas cerebrais que melhoram o aprendizado e a mem\u00f3ria.<\/p>\n<p>\u00c9 essencial que o seu c\u00e9rebro decida o que ele percebe, aprende e se lembra &#8211; e o que ele pode descartar. Por exemplo, se voc\u00ea est\u00e1 fazendo uma aula de espanhol, voc\u00ea quer ser capaz de se concentrar no que o professor diz para que possa responder ao que ele pergunta e ent\u00e3o aprender. Voc\u00ea n\u00e3o quer que a conversa que os outros estudantes est\u00e3o tendo ao seu lado possa te distrair e evitar que voc\u00ea aprenda. Muito menos ter a necessidade de se lembrar dessa conversa paralela. Centrar a sua aten\u00e7\u00e3o \u00e9 essencial para o sucesso no aprendizado.<\/p>\n<p>Infelizmente, a capacidade de foco e aten\u00e7\u00e3o pode diminuir com o envelhecimento natural ou por uma variedade de outras raz\u00f5es. Por\u00e9m, diversos artigos cient\u00edficos sobre os exerc\u00edcios da plataforma BrainHQ melhoram a aten\u00e7\u00e3o, tanto ajudando voc\u00ea a se concentrar, quanto ajudando a filtrar o que n\u00e3o \u00e9 importante. Entre outros benef\u00edcios, esses artigos demonstraram que o nosso programa de treino cognitivo digital\u00a0 pode:<\/p>\n<ul>\n<li>Alterar significativamente o comportamento do c\u00e9rebro de forma a melhorar a aten\u00e7\u00e3o visual seletiva (prestando aten\u00e7\u00e3o em informa\u00e7\u00f5es importantes e filtrando informa\u00e7\u00f5es irrelevantes)<\/li>\n<\/ul>\n<ul>\n<li>Melhorar a aten\u00e7\u00e3o espacial<\/li>\n<\/ul>\n<h4><strong>Informa\u00e7\u00f5es e cita\u00e7\u00f5es de pesquisas sobre os efeitos dos exerc\u00edcios do BrainHQ sobre o foco e aten\u00e7\u00e3o<\/strong><\/h4>\n<p>\u201cModulation of non-spatial attention and the global\/local processing bias\u201d<br \/>\nPublicado em: Neuropsychologia<\/p>\n<p>Autor principal: Thomas M. Van Vleet, PhD, Northern California VA Healthcare System<br \/>\n<a href=\"http:\/\/www.ncbi.nlm.nih.gov\/pmc\/articles\/PMC3488348\/\">Veja o artigo<\/a><\/p>\n<p>\u201cNeural plasticity underlying visual perceptual learning in aging\u201d<br \/>\nPublicado em: Brain Research<br \/>\nAutor principal: Jyoti Mishra, PhD, University of California, San Francisco<br \/>\n<a href=\"http:\/\/www.ncbi.nlm.nih.gov\/pubmed\/25218557\">Veja o resumo<\/a><\/p>\n<p>\u201cCognitive training and selective attention in the aging brain: An electrophysiological study\u201d<br \/>\nPublicado em: Clinical Neurophysiology<br \/>\nAutora principal: Jennifer L. O\u2019Brien, PhD, University of South Florida<br \/>\n<a href=\"http:\/\/www.ncbi.nlm.nih.gov\/pubmed\/23770088\">Veja o resumo<\/a><\/p>\n<p>\u201cCross-training in hemispatial neglect: Auditory sustained attention training ameliorates visual attention deficits\u201d<br \/>\nPublicado em: Cortex<br \/>\nAutores principais: Thomas M. Van Vleet, PhD, Northern California VA Healthcare System, Joseph M. DeGutis, PhD, Boston VA Healthcare System<br \/>\n<a href=\"http:\/\/www.ncbi.nlm.nih.gov\/pubmed\/22578712\">Veja o resumo<\/a><\/p>\n<p>\u201cTonic and phasic alertness training: A novel behavioral therapy to improve spatial and non-spatial attention in patients with hemispatial neglect\u201d<br \/>\nPublicado em: Frontiers in Human Neuroscience<br \/>\nAutores principais: Joseph M. DeGutis, PhD, Boston VA Healthcare System, Thomas M. Van Vleet, PhD, Northern California VA Healthcare System<br \/>\n<a href=\"http:\/\/www.ncbi.nlm.nih.gov\/pmc\/articles\/PMC2936932\/\">Veja o artigo<\/a><\/p>\n<p>\u201cThe neural correlates of an expanded functional field of view\u201d<br \/>\nPublicado em: Journals of Gerontology, Series B<br \/>\nAutor principal: Paige Scalf, PhD, University of Arizona<br \/>\n<a href=\"http:\/\/www.ncbi.nlm.nih.gov\/pubmed\/17565163\">Veja artigo<\/a><\/p>\n<p>\u201cNeural plastic effects of cognitive training on aging brain\u201d<br \/>\nPublicado em:: Neural Plasticity<br \/>\nAutora principal: Natalie T.Y. Leung, The University of Hong Kong<br \/>\n<a href=\"http:\/\/www.hindawi.com\/journals\/np\/aa\/535618\/abs\/\">Veja o resumo<\/a><\/p>\n","protected":false},"excerpt":{"rendered":"<p>Aten\u00e7\u00e3o e foco\u00a0 A capacidade de concentrar sua aten\u00e7\u00e3o sobre o que importa &#8211; e ignorar o que n\u00e3o interessa &#8211; \u00e9 mais importante do que voc\u00ea imagina. Concentrar sua aten\u00e7\u00e3o numa conversa (enquanto filtra o ru\u00eddo de fundo) e ao mesmo tempo perceber o mundo visual ao seu redor (identificando rapidamente o que precisa &hellip; <a href=\"https:\/\/neuroforma.com.br\/novo\/estudos-e-validacoes-atencao\/\" class=\"more-link\">Continue lendo <span class=\"screen-reader-text\">Estudos e Valida\u00e7\u00f5es &#8211; Aten\u00e7\u00e3o<\/span> <span class=\"meta-nav\">&rarr;<\/span><\/a><\/p>\n","protected":false},"author":1,"featured_media":0,"parent":0,"menu_order":0,"comment_status":"closed","ping_status":"closed","template":"","meta":{"footnotes":""},"class_list":["post-4185","page","type-page","status-publish","hentry","repupress_customize_woocommerce_productom_class"],"yoast_head":"<!-- This site is optimized with the Yoast SEO plugin v26.9 - https:\/\/yoast.com\/product\/yoast-seo-wordpress\/ -->\n<title>Estudos e Valida\u00e7\u00f5es - Aten\u00e7\u00e3o -<\/title>\n<meta name=\"robots\" content=\"index, follow, max-snippet:-1, max-image-preview:large, max-video-preview:-1\" \/>\n<link rel=\"canonical\" href=\"https:\/\/neuroforma.com.br\/novo\/estudos-e-validacoes-atencao\/\" \/>\n<meta property=\"og:locale\" content=\"pt_BR\" \/>\n<meta property=\"og:type\" content=\"article\" \/>\n<meta property=\"og:title\" content=\"Estudos e Valida\u00e7\u00f5es - Aten\u00e7\u00e3o -\" \/>\n<meta property=\"og:description\" content=\"Aten\u00e7\u00e3o e foco\u00a0 A capacidade de concentrar sua aten\u00e7\u00e3o sobre o que importa &#8211; e ignorar o que n\u00e3o interessa &#8211; \u00e9 mais importante do que voc\u00ea imagina. Concentrar sua aten\u00e7\u00e3o numa conversa (enquanto filtra o ru\u00eddo de fundo) e ao mesmo tempo perceber o mundo visual ao seu redor (identificando rapidamente o que precisa &hellip; Continue lendo Estudos e Valida\u00e7\u00f5es &#8211; Aten\u00e7\u00e3o &rarr;\" \/>\n<meta property=\"og:url\" content=\"https:\/\/neuroforma.com.br\/novo\/estudos-e-validacoes-atencao\/\" \/>\n<meta property=\"article:modified_time\" content=\"2024-08-02T18:59:22+00:00\" \/>\n<meta name=\"twitter:label1\" content=\"Est. tempo de leitura\" \/>\n\t<meta name=\"twitter:data1\" content=\"3 minutos\" \/>\n<script type=\"application\/ld+json\" class=\"yoast-schema-graph\">{\"@context\":\"https:\/\/schema.org\",\"@graph\":[{\"@type\":\"WebPage\",\"@id\":\"https:\/\/neuroforma.com.br\/novo\/estudos-e-validacoes-atencao\/\",\"url\":\"https:\/\/neuroforma.com.br\/novo\/estudos-e-validacoes-atencao\/\",\"name\":\"Estudos e Valida\u00e7\u00f5es - Aten\u00e7\u00e3o -\",\"isPartOf\":{\"@id\":\"https:\/\/neuroforma.com.br\/novo\/#website\"},\"datePublished\":\"2017-07-04T19:03:52+00:00\",\"dateModified\":\"2024-08-02T18:59:22+00:00\",\"breadcrumb\":{\"@id\":\"https:\/\/neuroforma.com.br\/novo\/estudos-e-validacoes-atencao\/#breadcrumb\"},\"inLanguage\":\"pt-BR\",\"potentialAction\":[{\"@type\":\"ReadAction\",\"target\":[\"https:\/\/neuroforma.com.br\/novo\/estudos-e-validacoes-atencao\/\"]}]},{\"@type\":\"BreadcrumbList\",\"@id\":\"https:\/\/neuroforma.com.br\/novo\/estudos-e-validacoes-atencao\/#breadcrumb\",\"itemListElement\":[{\"@type\":\"ListItem\",\"position\":1,\"name\":\"Home\",\"item\":\"https:\/\/neuroforma.com.br\/novo\/\"},{\"@type\":\"ListItem\",\"position\":2,\"name\":\"Estudos e Valida\u00e7\u00f5es &#8211; Aten\u00e7\u00e3o\"}]},{\"@type\":\"WebSite\",\"@id\":\"https:\/\/neuroforma.com.br\/novo\/#website\",\"url\":\"https:\/\/neuroforma.com.br\/novo\/\",\"name\":\"\",\"description\":\"\",\"potentialAction\":[{\"@type\":\"SearchAction\",\"target\":{\"@type\":\"EntryPoint\",\"urlTemplate\":\"https:\/\/neuroforma.com.br\/novo\/?s={search_term_string}\"},\"query-input\":{\"@type\":\"PropertyValueSpecification\",\"valueRequired\":true,\"valueName\":\"search_term_string\"}}],\"inLanguage\":\"pt-BR\"}]}<\/script>\n<!-- \/ Yoast SEO plugin. -->","yoast_head_json":{"title":"Estudos e Valida\u00e7\u00f5es - Aten\u00e7\u00e3o -","robots":{"index":"index","follow":"follow","max-snippet":"max-snippet:-1","max-image-preview":"max-image-preview:large","max-video-preview":"max-video-preview:-1"},"canonical":"https:\/\/neuroforma.com.br\/novo\/estudos-e-validacoes-atencao\/","og_locale":"pt_BR","og_type":"article","og_title":"Estudos e Valida\u00e7\u00f5es - Aten\u00e7\u00e3o -","og_description":"Aten\u00e7\u00e3o e foco\u00a0 A capacidade de concentrar sua aten\u00e7\u00e3o sobre o que importa &#8211; e ignorar o que n\u00e3o interessa &#8211; \u00e9 mais importante do que voc\u00ea imagina. Concentrar sua aten\u00e7\u00e3o numa conversa (enquanto filtra o ru\u00eddo de fundo) e ao mesmo tempo perceber o mundo visual ao seu redor (identificando rapidamente o que precisa &hellip; Continue lendo Estudos e Valida\u00e7\u00f5es &#8211; Aten\u00e7\u00e3o &rarr;","og_url":"https:\/\/neuroforma.com.br\/novo\/estudos-e-validacoes-atencao\/","article_modified_time":"2024-08-02T18:59:22+00:00","twitter_misc":{"Est. tempo de leitura":"3 minutos"},"schema":{"@context":"https:\/\/schema.org","@graph":[{"@type":"WebPage","@id":"https:\/\/neuroforma.com.br\/novo\/estudos-e-validacoes-atencao\/","url":"https:\/\/neuroforma.com.br\/novo\/estudos-e-validacoes-atencao\/","name":"Estudos e Valida\u00e7\u00f5es - Aten\u00e7\u00e3o -","isPartOf":{"@id":"https:\/\/neuroforma.com.br\/novo\/#website"},"datePublished":"2017-07-04T19:03:52+00:00","dateModified":"2024-08-02T18:59:22+00:00","breadcrumb":{"@id":"https:\/\/neuroforma.com.br\/novo\/estudos-e-validacoes-atencao\/#breadcrumb"},"inLanguage":"pt-BR","potentialAction":[{"@type":"ReadAction","target":["https:\/\/neuroforma.com.br\/novo\/estudos-e-validacoes-atencao\/"]}]},{"@type":"BreadcrumbList","@id":"https:\/\/neuroforma.com.br\/novo\/estudos-e-validacoes-atencao\/#breadcrumb","itemListElement":[{"@type":"ListItem","position":1,"name":"Home","item":"https:\/\/neuroforma.com.br\/novo\/"},{"@type":"ListItem","position":2,"name":"Estudos e Valida\u00e7\u00f5es &#8211; Aten\u00e7\u00e3o"}]},{"@type":"WebSite","@id":"https:\/\/neuroforma.com.br\/novo\/#website","url":"https:\/\/neuroforma.com.br\/novo\/","name":"","description":"","potentialAction":[{"@type":"SearchAction","target":{"@type":"EntryPoint","urlTemplate":"https:\/\/neuroforma.com.br\/novo\/?s={search_term_string}"},"query-input":{"@type":"PropertyValueSpecification","valueRequired":true,"valueName":"search_term_string"}}],"inLanguage":"pt-BR"}]}},"_links":{"self":[{"href":"https:\/\/neuroforma.com.br\/novo\/wp-json\/wp\/v2\/pages\/4185","targetHints":{"allow":["GET"]}}],"collection":[{"href":"https:\/\/neuroforma.com.br\/novo\/wp-json\/wp\/v2\/pages"}],"about":[{"href":"https:\/\/neuroforma.com.br\/novo\/wp-json\/wp\/v2\/types\/page"}],"author":[{"embeddable":true,"href":"https:\/\/neuroforma.com.br\/novo\/wp-json\/wp\/v2\/users\/1"}],"replies":[{"embeddable":true,"href":"https:\/\/neuroforma.com.br\/novo\/wp-json\/wp\/v2\/comments?post=4185"}],"version-history":[{"count":9,"href":"https:\/\/neuroforma.com.br\/novo\/wp-json\/wp\/v2\/pages\/4185\/revisions"}],"predecessor-version":[{"id":6866,"href":"https:\/\/neuroforma.com.br\/novo\/wp-json\/wp\/v2\/pages\/4185\/revisions\/6866"}],"wp:attachment":[{"href":"https:\/\/neuroforma.com.br\/novo\/wp-json\/wp\/v2\/media?parent=4185"}],"curies":[{"name":"wp","href":"https:\/\/api.w.org\/{rel}","templated":true}]}}