{"id":4170,"date":"2017-07-04T18:41:24","date_gmt":"2017-07-04T18:41:24","guid":{"rendered":"https:\/\/neuroforma.com.br\/novo\/?page_id=4170"},"modified":"2024-07-30T20:54:16","modified_gmt":"2024-07-30T20:54:16","slug":"estudos-e-validacoes-velocidade-de-processamento","status":"publish","type":"page","link":"https:\/\/neuroforma.com.br\/novo\/estudos-e-validacoes-velocidade-de-processamento\/","title":{"rendered":"Estudos e Valida\u00e7\u00f5es &#8211; Velocidade de Processamento"},"content":{"rendered":"<h1>Velocidade de Processamento<\/h1>\n<p><img loading=\"lazy\" decoding=\"async\" class=\"alignnone size-full wp-image-4249\" src=\"https:\/\/neuroforma.com.br\/novo\/wp-content\/uploads\/2017\/07\/Velocidade-de-Processamento.jpg\" alt=\"velocidade-de-processamento\" width=\"454\" height=\"444\" srcset=\"https:\/\/neuroforma.com.br\/novo\/wp-content\/uploads\/2017\/07\/Velocidade-de-Processamento.jpg 454w, https:\/\/neuroforma.com.br\/novo\/wp-content\/uploads\/2017\/07\/Velocidade-de-Processamento-300x293.jpg 300w\" sizes=\"auto, (max-width: 454px) 100vw, 454px\" \/><\/p>\n<div class=\"su-note\"  style=\"border-color:#a4becd;border-radius:2px;-moz-border-radius:2px;-webkit-border-radius:2px;\"><div class=\"su-note-inner su-u-clearfix su-u-trim\" style=\"background-color:#bed8e7;border-color:#ffffff;color:#333333;border-radius:2px;-moz-border-radius:2px;-webkit-border-radius:2px;\">O Estudo de IMPACTO &#8211; Treinamento com o BrainHQ gerou aumento da velocidade de processamento auditivo em 135%. Para as pessoas entre 60 e 70 anos, essa mudan\u00e7a significa que eles poderiam processar discurso na mesma taxa que uma m\u00e9dia de 30 e poucos anos. As pessoas no grupo &#8220;controle&#8221; assistiram a v\u00eddeos educativos em vez de usar o BrainHQ e n\u00e3o obtiveram melhoras significativas.<\/div><\/div>\n<h2><strong>Pesquisas Publicadas sobre o BrainHQ e Velocidade de Processamento <\/strong><\/h2>\n<p>Talvez o objetivo mais importante do treinamento do BrainHQ seja acelerar o processamento do seu c\u00e9rebro. Isso porque o processamento r\u00e1pido e preciso de informa\u00e7\u00f5es que v\u00eam atrav\u00e9s da audi\u00e7\u00e3o, vis\u00e3o e dos outros sentidos afetam as fun\u00e7\u00f5es cognitivas &#8220;superiores&#8221; \u2013 como a mem\u00f3ria e a resolu\u00e7\u00e3o de problemas.<\/p>\n<p>Quando o c\u00e9rebro n\u00e3o consegue manter-se com a velocidade em que a informa\u00e7\u00e3o est\u00e1 chegando, ele faz apenas representa\u00e7\u00f5es parciais e \u201cconfusas\u201d dessas informa\u00e7\u00f5es. Isto tem consequ\u00eancias de curto e de longo prazo. No curto prazo, pode levar voc\u00ea a n\u00e3o ouvir direito o que algu\u00e9m disse, criando dificuldade para acompanhar uma conversa num lugar lotado; voc\u00ea pode ainda perder um detalhe visual importante no dia a dia, ou interpretar mal uma breve express\u00e3o facial no ambiente de trabalho. No longo prazo isso afeta a mem\u00f3ria: o seu c\u00e9rebro tem apenas uma grava\u00e7\u00e3o confusa para confiar.<\/p>\n<p>V\u00e1rios exerc\u00edcios do BrainHQ s\u00e3o projetados para acelerar gradualmente o processamento visual e auditivo. At\u00e9 o momento, 17 trabalhos mostraram que eles funcionam.<\/p>\n<p>&nbsp;<\/p>\n<ul>\n<li>Um grande estudo chamado de \u00a0<a href=\"http:\/\/www.brainhq.com\/world-class-science\/published-research\/impact-study\">Estudo de IMPACTO<\/a>(liderado por pesquisadores da Mayo Clinic e da University of Southern California) demonstraram que a utiliza\u00e7\u00e3o de seis exerc\u00edcios do BrainHQ por 40 horas levou a um aumento m\u00e9dio na velocidade de processamento auditivo em 135%.<\/li>\n<\/ul>\n<p>&nbsp;<\/p>\n<ul>\n<li>O <a href=\"http:\/\/www.brainhq.com\/world-class-science\/published-research\/active-study\">Estudo ATIVO<\/a>, um dos maiores e mais prestigiados estudos sobre treinamento cognitivo em adultos j\u00e1 conduzido, notou que a m\u00e9dia da velocidade de processamento visual dobrou ap\u00f3s apenas 10 horas de treinamento com um exerc\u00edcio do BrainHQ chamado de Decis\u00e3o Dupla. Acompanhamentos dos participantes do estudo mostraram que as pessoas retinham alguns benef\u00edcios do treinamento entre cinco e at\u00e9 dez anos ap\u00f3s o fim do treinamento, especialmente se eles fizeram sess\u00f5es de refor\u00e7o.<\/li>\n<\/ul>\n<p>&nbsp;<\/p>\n<ul>\n<li>Dois estudos de imagem liderados por cientistas da Northwestern University mostraram que o treinamento com um conjunto de exerc\u00edcios auditivos do BrainHQ poderia reverter as tend\u00eancias negativas no c\u00e9rebro: um desses estudos registrou um sincronismo neural mais r\u00e1pido e preciso e o outro registrou um melhor equil\u00edbrio da representa\u00e7\u00e3o da fala no c\u00e9rebro. Ambos mostraram que essas mudan\u00e7as cerebrais foram acompanhadas por mudan\u00e7as na forma com que as pessoas poderiam processar o som e ouvir em ambientes barulhentos.<\/li>\n<\/ul>\n<p>&nbsp;<\/p>\n<ul>\n<li>Dezenas de outros estudos (listados em outras categorias) t\u00eam mostrado que essas melhorias da velocidade de processamento t\u00eam v\u00e1rios benef\u00edcios na vida cotidiana, seja dirigir de maneira mais segura ou at\u00e9 mesmo apresentando uma melhor capacidade de manter-se compat\u00edvel com as demandas de uma vida moderna.<\/li>\n<\/ul>\n<p><strong>\u00a0<\/strong><\/p>\n<h2><strong>Informa\u00e7\u00f5es e cita\u00e7\u00f5es de pesquisas sobre os efeitos dos exerc\u00edcios do BrainHQ sobre a velocidade de processamento<\/strong><\/h2>\n<p>\u201cEffects of cognitive training interventions with older adults: A randomized controlled trial\u201d<br \/>\nPublicado em: Journal of the American Medical Association<br \/>\nAutor Principal: Karlene Ball, PhD, University of Alabama at Birmingham<br \/>\n<a href=\"http:\/\/www.ncbi.nlm.nih.gov\/pmc\/articles\/PMC2916176\/\">Veja o artigo<\/a><\/p>\n<p>&nbsp;<\/p>\n<p>\u201cLong-term effects of cognitive training on everyday functional outcomes in older adults\u201d<br \/>\nPublicado em: Journal of the American Medical Association<br \/>\nAutor Principal: Sherry L. Willis, PhD, University of Washington<br \/>\n<a href=\"http:\/\/www.ncbi.nlm.nih.gov\/pmc\/articles\/PMC2910591\/\">Veja o artigo<\/a><\/p>\n<p>&nbsp;<\/p>\n<p>\u201cTen-year effects of the ACTIVE cognitive training trial on cognition and everyday functioning in older adults\u201d<br \/>\nPublicado em: Journal of the American Geriatrics Society<br \/>\nAutor Principal: George W. Rebok, PhD, Johns Hopkins University<br \/>\n<a href=\"http:\/\/www.ncbi.nlm.nih.gov\/pmc\/articles\/PMC4055506\/\">Veja o artigo<\/a><\/p>\n<p>&nbsp;<\/p>\n<p>\u201cSpeed of processing training in the ACTIVE study: How much is needed and who benefits?\u201d<br \/>\nPublicado em: Journal of Aging and Health<br \/>\nAutor Principal: Karlene Ball, PhD, University of Alabama at Birmingham<br \/>\n<a href=\"http:\/\/www.ncbi.nlm.nih.gov\/pmc\/articles\/PMC3947605\/\">Veja o artigo<\/a><\/p>\n<p>&nbsp;<\/p>\n<p>\u201cAge and visual search: Expanding the useful field of view\u201d<br \/>\nPublicado em: Journal of the Optical Society of America A<br \/>\nAutor Principal: Karlene Ball, PhD, University of Alabama at Birmingham<br \/>\n<a href=\"http:\/\/www.ncbi.nlm.nih.gov\/pubmed\/3230491\">Veja o resumo<\/a><\/p>\n<p>&nbsp;<\/p>\n<p>\u201cReversal of age-related neural timing delays with training\u201d<br \/>\nPublicado em: Proceedings of the National Academy of Sciences<br \/>\nAutora Principal: Samira Anderson, PhD, Northwestern University<br \/>\n<a href=\"http:\/\/www.ncbi.nlm.nih.gov\/pmc\/articles\/PMC3600492\/\">Veja o artigo<\/a><\/p>\n<p>&nbsp;<\/p>\n<p>\u201cPartial maintenance of auditory-based cognitive training benefits in older adults\u201d<br \/>\nPublicado em: Neuropsychologia<br \/>\nAutora Principal: Samira Anderson, PhD, Northwestern University<br \/>\n<a href=\"http:\/\/www.ncbi.nlm.nih.gov\/pubmed\/25111032\/\">Veja o resumo<\/a><\/p>\n<p>&nbsp;<\/p>\n<p>\u201cThe Accelerate Study: The longitudinal effect of speed of processing training on cognitive performance of older adults\u201d<br \/>\nPublicado em: Rehabilitation Psychology<br \/>\nAutor Principal: David Vance, PhD, MGS, University of Alabama at Birmingham<br \/>\n<a href=\"http:\/\/psycnet.apa.org\/journals\/rep\/52\/1\/89\/\">Veja o resumo<\/a><\/p>\n<p>&nbsp;<\/p>\n<p>\u201cInterim analyses from a randomized controlled trial to improve visual processing speed in older adults: the Iowa Healthy and Active Minds Study\u201d<br \/>\nPublicado em: BMJ Open<br \/>\nAutor Principal: Fredric D. Wolinsky, PhD, University of Iowa<br \/>\n<a href=\"http:\/\/www.ncbi.nlm.nih.gov\/pmc\/articles\/PMC3225585\/\">Veja o artigo<\/a><\/p>\n<p>&nbsp;<\/p>\n<p>\u201cA randomized controlled trial of cognitive training using a visual speed of processing intervention in middle aged and older adults\u201d<br \/>\nPublicado em: PLoS One<br \/>\nAutor Principal: Fredric D. Wolinsky, PhD, University of Iowa<br \/>\n<a href=\"http:\/\/www.ncbi.nlm.nih.gov\/pmc\/articles\/PMC3641082\/\">Veja o artigo<\/a><\/p>\n<p>&nbsp;<\/p>\n<p>\u201cVideo game training to improve selective visual attention in older adults\u201d<br \/>\nPublicado em: Computers in Human Behavior<br \/>\nAutora Principal: Patricia Belchior, PhD, McGill University<br \/>\n<a href=\"http:\/\/www.ncbi.nlm.nih.gov\/pmc\/articles\/PMC3758751\/\">Veja o artigo<\/a><\/p>\n<p>&nbsp;<\/p>\n<p>\u201cAdvanced cognitive training for breast cancer survivors: A randomized controlled trial\u201d<br \/>\nPublicado em: Breast Cancer Research and Treatment<br \/>\nAutora Principal: Diane Von Ah, PhD, Indiana University School of Nursing<br \/>\n<a href=\"http:\/\/www.ncbi.nlm.nih.gov\/pmc\/articles\/PMC3677054\/\">Veja o artigo<\/a><\/p>\n<p>&nbsp;<\/p>\n<p>\u201cRandomized trial of cognitive speed of processing training in Parkinson disease\u201d<br \/>\nPublicado em: Neurology<br \/>\nAutor Principal: Jerri Edwards, PhD, University of South Florida<br \/>\n<a href=\"http:\/\/www.ncbi.nlm.nih.gov\/pmc\/articles\/PMC3806923\/\">Veja o artigo<\/a><\/p>\n<p>&nbsp;<\/p>\n<p>\u201cCognitive speed of processing training in older adults with visual impairments\u201d<br \/>\nPublicado em: Ophthalmic &amp; Physiological Optics<br \/>\nAutora Principal: Amanda F. Elliott, University of South Florida<br \/>\n<a href=\"http:\/\/www.ncbi.nlm.nih.gov\/pubmed\/25160890\">Veja o artigo<\/a><\/p>\n<p>&nbsp;<\/p>\n<p>\u201cComputerized auditory cognitive training to improve cognition and functional outcomes in patients with heart failure: Results of a pilot study\u201d<br \/>\nPublicado em: Heart &amp; Lung<br \/>\nAutor Principal: Ponrathi Athilingam, PhD, ACNP, MCH, FAANP, University of South Florida<br \/>\n<a href=\"http:\/\/www.ncbi.nlm.nih.gov\/pubmed\/25592205\">Veja o resumo<\/a><\/p>\n<p>&nbsp;<\/p>\n<p>\u201cSpeed of processing training with middle-age and older adults with HIV: A pilot study\u201d<br \/>\nPublicado em: Journal of the Association of Nurses in AIDS Care<br \/>\nAutor Principal: David Vance, PhD, MGS, University of Alabama at Birmingham<br \/>\n<a href=\"http:\/\/www.ncbi.nlm.nih.gov\/pmc\/articles\/PMC3422374\/\">Veja o artigo<\/a><\/p>\n<p>&nbsp;<\/p>\n<p>\u201cEffects of cognitive speed of processing training among older adults with heart failure\u201d<br \/>\nPublicado em: Journal of Aging and Health<br \/>\nAutora Principal: Michelle Ellis, MA, University of South Florida<br \/>\n<a href=\"http:\/\/www.ncbi.nlm.nih.gov\/pubmed\/24681975\">Veja o resumo<\/a><\/p>\n<p>&nbsp;<\/p>\n<p>\u201cPredictors of improvement following speed of processing training in middle-aged and older adults with HIV: A pilot study\u201d<br \/>\nPublicado em: Journal of Neuroscience Nursing<br \/>\nAutor Principal: Jaspreet Kaur, MA, University of Alabama at Birmingham<br \/>\n<a href=\"http:\/\/www.ncbi.nlm.nih.gov\/pmc\/articles\/PMC4010940\/\">Veja o artigo<\/a><\/p>\n","protected":false},"excerpt":{"rendered":"<p>Velocidade de Processamento Pesquisas Publicadas sobre o BrainHQ e Velocidade de Processamento Talvez o objetivo mais importante do treinamento do BrainHQ seja acelerar o processamento do seu c\u00e9rebro. Isso porque o processamento r\u00e1pido e preciso de informa\u00e7\u00f5es que v\u00eam atrav\u00e9s da audi\u00e7\u00e3o, vis\u00e3o e dos outros sentidos afetam as fun\u00e7\u00f5es cognitivas &#8220;superiores&#8221; \u2013 como a &hellip; <a href=\"https:\/\/neuroforma.com.br\/novo\/estudos-e-validacoes-velocidade-de-processamento\/\" class=\"more-link\">Continue lendo <span class=\"screen-reader-text\">Estudos e Valida\u00e7\u00f5es &#8211; Velocidade de Processamento<\/span> <span class=\"meta-nav\">&rarr;<\/span><\/a><\/p>\n","protected":false},"author":1,"featured_media":0,"parent":0,"menu_order":0,"comment_status":"closed","ping_status":"closed","template":"","meta":{"footnotes":""},"class_list":["post-4170","page","type-page","status-publish","hentry","repupress_customize_woocommerce_productom_class"],"yoast_head":"<!-- This site is optimized with the Yoast SEO plugin v26.9 - https:\/\/yoast.com\/product\/yoast-seo-wordpress\/ -->\n<title>Estudos e Valida\u00e7\u00f5es - Velocidade de Processamento -<\/title>\n<meta name=\"robots\" content=\"index, follow, max-snippet:-1, max-image-preview:large, max-video-preview:-1\" \/>\n<link rel=\"canonical\" href=\"https:\/\/neuroforma.com.br\/novo\/estudos-e-validacoes-velocidade-de-processamento\/\" \/>\n<meta property=\"og:locale\" content=\"pt_BR\" \/>\n<meta property=\"og:type\" content=\"article\" \/>\n<meta property=\"og:title\" content=\"Estudos e Valida\u00e7\u00f5es - Velocidade de Processamento -\" \/>\n<meta property=\"og:description\" content=\"Velocidade de Processamento Pesquisas Publicadas sobre o BrainHQ e Velocidade de Processamento Talvez o objetivo mais importante do treinamento do BrainHQ seja acelerar o processamento do seu c\u00e9rebro. Isso porque o processamento r\u00e1pido e preciso de informa\u00e7\u00f5es que v\u00eam atrav\u00e9s da audi\u00e7\u00e3o, vis\u00e3o e dos outros sentidos afetam as fun\u00e7\u00f5es cognitivas &#8220;superiores&#8221; \u2013 como a &hellip; Continue lendo Estudos e Valida\u00e7\u00f5es &#8211; Velocidade de Processamento &rarr;\" \/>\n<meta property=\"og:url\" content=\"https:\/\/neuroforma.com.br\/novo\/estudos-e-validacoes-velocidade-de-processamento\/\" \/>\n<meta property=\"article:modified_time\" content=\"2024-07-30T20:54:16+00:00\" \/>\n<meta property=\"og:image\" content=\"https:\/\/neuroforma.com.br\/novo\/wp-content\/uploads\/2017\/07\/Velocidade-de-Processamento.jpg\" \/>\n<meta name=\"twitter:label1\" content=\"Est. tempo de leitura\" \/>\n\t<meta name=\"twitter:data1\" content=\"7 minutos\" \/>\n<script type=\"application\/ld+json\" class=\"yoast-schema-graph\">{\"@context\":\"https:\/\/schema.org\",\"@graph\":[{\"@type\":\"WebPage\",\"@id\":\"https:\/\/neuroforma.com.br\/novo\/estudos-e-validacoes-velocidade-de-processamento\/\",\"url\":\"https:\/\/neuroforma.com.br\/novo\/estudos-e-validacoes-velocidade-de-processamento\/\",\"name\":\"Estudos e Valida\u00e7\u00f5es - Velocidade de Processamento -\",\"isPartOf\":{\"@id\":\"https:\/\/neuroforma.com.br\/novo\/#website\"},\"primaryImageOfPage\":{\"@id\":\"https:\/\/neuroforma.com.br\/novo\/estudos-e-validacoes-velocidade-de-processamento\/#primaryimage\"},\"image\":{\"@id\":\"https:\/\/neuroforma.com.br\/novo\/estudos-e-validacoes-velocidade-de-processamento\/#primaryimage\"},\"thumbnailUrl\":\"https:\/\/neuroforma.com.br\/novo\/wp-content\/uploads\/2017\/07\/Velocidade-de-Processamento.jpg\",\"datePublished\":\"2017-07-04T18:41:24+00:00\",\"dateModified\":\"2024-07-30T20:54:16+00:00\",\"breadcrumb\":{\"@id\":\"https:\/\/neuroforma.com.br\/novo\/estudos-e-validacoes-velocidade-de-processamento\/#breadcrumb\"},\"inLanguage\":\"pt-BR\",\"potentialAction\":[{\"@type\":\"ReadAction\",\"target\":[\"https:\/\/neuroforma.com.br\/novo\/estudos-e-validacoes-velocidade-de-processamento\/\"]}]},{\"@type\":\"ImageObject\",\"inLanguage\":\"pt-BR\",\"@id\":\"https:\/\/neuroforma.com.br\/novo\/estudos-e-validacoes-velocidade-de-processamento\/#primaryimage\",\"url\":\"https:\/\/neuroforma.com.br\/novo\/wp-content\/uploads\/2017\/07\/Velocidade-de-Processamento.jpg\",\"contentUrl\":\"https:\/\/neuroforma.com.br\/novo\/wp-content\/uploads\/2017\/07\/Velocidade-de-Processamento.jpg\",\"width\":454,\"height\":444},{\"@type\":\"BreadcrumbList\",\"@id\":\"https:\/\/neuroforma.com.br\/novo\/estudos-e-validacoes-velocidade-de-processamento\/#breadcrumb\",\"itemListElement\":[{\"@type\":\"ListItem\",\"position\":1,\"name\":\"Home\",\"item\":\"https:\/\/neuroforma.com.br\/novo\/\"},{\"@type\":\"ListItem\",\"position\":2,\"name\":\"Estudos e Valida\u00e7\u00f5es &#8211; Velocidade de Processamento\"}]},{\"@type\":\"WebSite\",\"@id\":\"https:\/\/neuroforma.com.br\/novo\/#website\",\"url\":\"https:\/\/neuroforma.com.br\/novo\/\",\"name\":\"\",\"description\":\"\",\"potentialAction\":[{\"@type\":\"SearchAction\",\"target\":{\"@type\":\"EntryPoint\",\"urlTemplate\":\"https:\/\/neuroforma.com.br\/novo\/?s={search_term_string}\"},\"query-input\":{\"@type\":\"PropertyValueSpecification\",\"valueRequired\":true,\"valueName\":\"search_term_string\"}}],\"inLanguage\":\"pt-BR\"}]}<\/script>\n<!-- \/ Yoast SEO plugin. -->","yoast_head_json":{"title":"Estudos e Valida\u00e7\u00f5es - Velocidade de Processamento -","robots":{"index":"index","follow":"follow","max-snippet":"max-snippet:-1","max-image-preview":"max-image-preview:large","max-video-preview":"max-video-preview:-1"},"canonical":"https:\/\/neuroforma.com.br\/novo\/estudos-e-validacoes-velocidade-de-processamento\/","og_locale":"pt_BR","og_type":"article","og_title":"Estudos e Valida\u00e7\u00f5es - Velocidade de Processamento -","og_description":"Velocidade de Processamento Pesquisas Publicadas sobre o BrainHQ e Velocidade de Processamento Talvez o objetivo mais importante do treinamento do BrainHQ seja acelerar o processamento do seu c\u00e9rebro. Isso porque o processamento r\u00e1pido e preciso de informa\u00e7\u00f5es que v\u00eam atrav\u00e9s da audi\u00e7\u00e3o, vis\u00e3o e dos outros sentidos afetam as fun\u00e7\u00f5es cognitivas &#8220;superiores&#8221; \u2013 como a &hellip; Continue lendo Estudos e Valida\u00e7\u00f5es &#8211; Velocidade de Processamento &rarr;","og_url":"https:\/\/neuroforma.com.br\/novo\/estudos-e-validacoes-velocidade-de-processamento\/","article_modified_time":"2024-07-30T20:54:16+00:00","og_image":[{"url":"https:\/\/neuroforma.com.br\/novo\/wp-content\/uploads\/2017\/07\/Velocidade-de-Processamento.jpg","type":"","width":"","height":""}],"twitter_misc":{"Est. tempo de leitura":"7 minutos"},"schema":{"@context":"https:\/\/schema.org","@graph":[{"@type":"WebPage","@id":"https:\/\/neuroforma.com.br\/novo\/estudos-e-validacoes-velocidade-de-processamento\/","url":"https:\/\/neuroforma.com.br\/novo\/estudos-e-validacoes-velocidade-de-processamento\/","name":"Estudos e Valida\u00e7\u00f5es - Velocidade de Processamento -","isPartOf":{"@id":"https:\/\/neuroforma.com.br\/novo\/#website"},"primaryImageOfPage":{"@id":"https:\/\/neuroforma.com.br\/novo\/estudos-e-validacoes-velocidade-de-processamento\/#primaryimage"},"image":{"@id":"https:\/\/neuroforma.com.br\/novo\/estudos-e-validacoes-velocidade-de-processamento\/#primaryimage"},"thumbnailUrl":"https:\/\/neuroforma.com.br\/novo\/wp-content\/uploads\/2017\/07\/Velocidade-de-Processamento.jpg","datePublished":"2017-07-04T18:41:24+00:00","dateModified":"2024-07-30T20:54:16+00:00","breadcrumb":{"@id":"https:\/\/neuroforma.com.br\/novo\/estudos-e-validacoes-velocidade-de-processamento\/#breadcrumb"},"inLanguage":"pt-BR","potentialAction":[{"@type":"ReadAction","target":["https:\/\/neuroforma.com.br\/novo\/estudos-e-validacoes-velocidade-de-processamento\/"]}]},{"@type":"ImageObject","inLanguage":"pt-BR","@id":"https:\/\/neuroforma.com.br\/novo\/estudos-e-validacoes-velocidade-de-processamento\/#primaryimage","url":"https:\/\/neuroforma.com.br\/novo\/wp-content\/uploads\/2017\/07\/Velocidade-de-Processamento.jpg","contentUrl":"https:\/\/neuroforma.com.br\/novo\/wp-content\/uploads\/2017\/07\/Velocidade-de-Processamento.jpg","width":454,"height":444},{"@type":"BreadcrumbList","@id":"https:\/\/neuroforma.com.br\/novo\/estudos-e-validacoes-velocidade-de-processamento\/#breadcrumb","itemListElement":[{"@type":"ListItem","position":1,"name":"Home","item":"https:\/\/neuroforma.com.br\/novo\/"},{"@type":"ListItem","position":2,"name":"Estudos e Valida\u00e7\u00f5es &#8211; Velocidade de Processamento"}]},{"@type":"WebSite","@id":"https:\/\/neuroforma.com.br\/novo\/#website","url":"https:\/\/neuroforma.com.br\/novo\/","name":"","description":"","potentialAction":[{"@type":"SearchAction","target":{"@type":"EntryPoint","urlTemplate":"https:\/\/neuroforma.com.br\/novo\/?s={search_term_string}"},"query-input":{"@type":"PropertyValueSpecification","valueRequired":true,"valueName":"search_term_string"}}],"inLanguage":"pt-BR"}]}},"_links":{"self":[{"href":"https:\/\/neuroforma.com.br\/novo\/wp-json\/wp\/v2\/pages\/4170","targetHints":{"allow":["GET"]}}],"collection":[{"href":"https:\/\/neuroforma.com.br\/novo\/wp-json\/wp\/v2\/pages"}],"about":[{"href":"https:\/\/neuroforma.com.br\/novo\/wp-json\/wp\/v2\/types\/page"}],"author":[{"embeddable":true,"href":"https:\/\/neuroforma.com.br\/novo\/wp-json\/wp\/v2\/users\/1"}],"replies":[{"embeddable":true,"href":"https:\/\/neuroforma.com.br\/novo\/wp-json\/wp\/v2\/comments?post=4170"}],"version-history":[{"count":8,"href":"https:\/\/neuroforma.com.br\/novo\/wp-json\/wp\/v2\/pages\/4170\/revisions"}],"predecessor-version":[{"id":6860,"href":"https:\/\/neuroforma.com.br\/novo\/wp-json\/wp\/v2\/pages\/4170\/revisions\/6860"}],"wp:attachment":[{"href":"https:\/\/neuroforma.com.br\/novo\/wp-json\/wp\/v2\/media?parent=4170"}],"curies":[{"name":"wp","href":"https:\/\/api.w.org\/{rel}","templated":true}]}}