{"id":4044,"date":"2017-02-17T13:58:40","date_gmt":"2017-02-17T13:58:40","guid":{"rendered":"https:\/\/neuroforma.com.br\/novo\/?page_id=4044"},"modified":"2019-03-27T21:10:45","modified_gmt":"2019-03-27T21:10:45","slug":"videos","status":"publish","type":"page","link":"https:\/\/neuroforma.com.br\/novo\/videos\/","title":{"rendered":"Videos"},"content":{"rendered":"<div class=\"su-accordion su-u-trim\">\n<div class=\"su-spoiler su-spoiler-style-fancy su-spoiler-icon-caret-square my-custom-spoiler su-spoiler-closed\" data-scroll-offset=\"0\" data-anchor-in-url=\"no\"><div class=\"su-spoiler-title\" tabindex=\"0\" role=\"button\"><span class=\"su-spoiler-icon\"><\/span>Neuroforma na M\u00eddia<\/div><div class=\"su-spoiler-content su-u-clearfix su-u-trim\">\n<div class=\"su-box su-box-style-default\" id=\"\" style=\"border-color:#001853;border-radius:7px;\"><div class=\"su-box-title\" style=\"background-color:#234b86;color:#FFFFFF;border-top-left-radius:5px;border-top-right-radius:5px\">Neuroforma na M\u00eddia<\/div><div class=\"su-box-content su-u-clearfix su-u-trim\" style=\"border-bottom-left-radius:5px;border-bottom-right-radius:5px\">\n<div class=\"su-row\">\n<div class=\"su-column su-column-size-1-2\"><div class=\"su-column-inner su-u-clearfix su-u-trim\">\n<h5><strong>Jornal da Band<\/strong><\/h5>\n<p><a href=\"https:\/\/noticias.band.uol.com.br\/jornaldaband\/videos\/ultimos-videos\/16628127\/game-reduz-risco-de-doencas-degenerativas-em-idosos.html\" target=\"_blank\"><img loading=\"lazy\" decoding=\"async\" src=\"https:\/\/neuroforma.com.br\/novo\/wp-content\/uploads\/2017\/02\/jornal-band.jpg\" alt=\"jornal-band\" width=\"325\" height=\"181\" class=\"alignleft size-full wp-image-4910\" srcset=\"https:\/\/neuroforma.com.br\/novo\/wp-content\/uploads\/2017\/02\/jornal-band.jpg 325w, https:\/\/neuroforma.com.br\/novo\/wp-content\/uploads\/2017\/02\/jornal-band-300x167.jpg 300w\" sizes=\"auto, (max-width: 325px) 100vw, 325px\" \/><\/a><\/p>\n<h5><\/h5>\n<p>&nbsp;<\/p>\n<h5><strong>Como Ser\u00e1?\u00a0(G1\/TV Globo)<\/strong><\/h5>\n<p><a href=\"http:\/\/g1.globo.com\/como-sera\/videos\/t\/edicoes\/v\/jogos-sao-usados-em-tratamento-de-idosos-e-pessoas-com-esquizofrenia\/5711867\/\" target=\"_blank\"><img loading=\"lazy\" decoding=\"async\" class=\"alignleft size-full wp-image-4089\" src=\"https:\/\/neuroforma.com.br\/novo\/wp-content\/uploads\/2017\/08\/Como-Ser\u00e1.png\" width=\"325\" height=\"181\" \/><\/a><\/p>\n<h5><strong><br \/>\nJornal do SBT<\/strong><\/h5>\n<p><iframe loading=\"lazy\" src=\"https:\/\/www.youtube.com\/embed\/0X538IXKQRw\" width=\"360\" height=\"203\" frameborder=\"0\" allowfullscreen=\"allowfullscreen\" data-mce-fragment=\"1\"><\/iframe><\/p>\n<h5><strong>Programa Mais Voc\u00ea (TV Globo)<\/strong><\/h5>\n<p><a href=\"https:\/\/globoplay.globo.com\/v\/1968476\/programa\/?s=30s\" target=\"_blank\"><img loading=\"lazy\" decoding=\"async\" src=\"https:\/\/neuroforma.com.br\/novo\/wp-content\/uploads\/2013\/01\/mais-voce1.png\" alt=\"mais-voce1\" width=\"347\" height=\"318\" \/><\/a><br \/>\n<\/div><\/div>\n<div class=\"su-column su-column-size-1-2\"><div class=\"su-column-inner su-u-clearfix su-u-trim\">\n<h5><strong>Programa Bem Estar (TV Globo)<\/strong><\/h5>\n<p><a href=\"https:\/\/globoplay.globo.com\/v\/5142402\/\"><img loading=\"lazy\" decoding=\"async\" class=\" wp-image-3948 alignleft\" src=\"https:\/\/neuroforma.com.br\/novo\/wp-content\/uploads\/2013\/01\/globo-play.jpg\" alt=\"globo-play\" width=\"325\" height=\"181\" srcset=\"https:\/\/neuroforma.com.br\/novo\/wp-content\/uploads\/2013\/01\/globo-play.jpg 603w, https:\/\/neuroforma.com.br\/novo\/wp-content\/uploads\/2013\/01\/globo-play-300x167.jpg 300w\" sizes=\"auto, (max-width: 325px) 100vw, 325px\" \/><\/a><\/p>\n<h5><\/h5>\n<p>&nbsp;<\/p>\n<h5><\/h5>\n<h5><strong>Fant\u00e1stico (TV Globo)<\/strong><\/h5>\n<p><iframe loading=\"lazy\" src=\"\/\/www.youtube.com\/embed\/rJJEV7o1e_s\" width=\"360\" height=\"203\" frameborder=\"15\" allowfullscreen=\"allowfullscreen\"><\/iframe><\/p>\n<h5><\/h5>\n<h5><strong>Ana Maria Braga (TV Globo)<\/strong><\/h5>\n<p><a href=\"https:\/\/globoplay.globo.com\/v\/1968480\/programa\/\" target=\"_blank\"><img loading=\"lazy\" decoding=\"async\" class=\"alignnone size-full wp-image-2165\" src=\"https:\/\/neuroforma.com.br\/novo\/wp-content\/uploads\/2013\/01\/mais-voce2.png\" alt=\"mais-voce2\" width=\"347\" height=\"318\" srcset=\"https:\/\/neuroforma.com.br\/novo\/wp-content\/uploads\/2013\/01\/mais-voce2.png 347w, https:\/\/neuroforma.com.br\/novo\/wp-content\/uploads\/2013\/01\/mais-voce2-300x275.png 300w\" sizes=\"auto, (max-width: 347px) 100vw, 347px\" \/><\/a><br \/>\n<\/div><\/div>\n<\/div>\n<\/div><\/div>\n<\/div><\/div>\n<div class=\"su-spoiler su-spoiler-style-fancy su-spoiler-icon-caret-square my-custom-spoiler2 su-spoiler-closed\" data-scroll-offset=\"0\" data-anchor-in-url=\"no\"><div class=\"su-spoiler-title\" tabindex=\"0\" role=\"button\"><span class=\"su-spoiler-icon\"><\/span>V\u00eddeos Tutoriais (para clientes\/empresas)<\/div><div class=\"su-spoiler-content su-u-clearfix su-u-trim\">\n<div class=\"su-box su-box-style-default\" id=\"\" style=\"border-color:#00002c;border-radius:7px;\"><div class=\"su-box-title\" style=\"background-color:#31285f;color:#FFFFFF;border-top-left-radius:5px;border-top-right-radius:5px\">V\u00eddeos Tutoriais<\/div><div class=\"su-box-content su-u-clearfix su-u-trim\" style=\"border-bottom-left-radius:5px;border-bottom-right-radius:5px\">\n<div class=\"su-row\">\n<div class=\"su-column su-column-size-1-2\"><div class=\"su-column-inner su-u-clearfix su-u-trim\">\n<h5><strong>Assista ao tutorial da nossa plataforma de treino cognitivo on-line<\/strong><\/h5>\n<p><iframe loading=\"lazy\" src=\"https:\/\/www.youtube.com\/embed\/gY-_bgvPeRQ?ecver=1\" width=\"360\" height=\"203\" frameborder=\"0\" allowfullscreen=\"allowfullscreen\"><\/iframe><\/p>\n<h5><strong>5 minutos de treino j\u00e1 fazem a diferen\u00e7a para seu c\u00e9rebro!<\/strong><\/h5>\n<p><iframe loading=\"lazy\" src=\"https:\/\/www.youtube.com\/embed\/c_RClIMewSE?ecver=1\" width=\"360\" height=\"203\" frameborder=\"0\" allowfullscreen=\"allowfullscreen\"><\/iframe><br \/>\n<\/div><\/div>\n<div class=\"su-column su-column-size-1-2\"><div class=\"su-column-inner su-u-clearfix su-u-trim\">\n<h5><strong>BrainHQ em portugu\u00eas, por NeuroForma\u00ae<\/strong><\/h5>\n<p><iframe loading=\"lazy\" src=\"https:\/\/www.youtube.com\/embed\/xZmMy8FcoEo?ecver=1\" width=\"360\" height=\"203\" frameborder=\"0\" allowfullscreen=\"allowfullscreen\"><\/iframe><br \/>\n<\/div><\/div>\n<\/div>\n<\/div><\/div>\n<div class=\"su-box su-box-style-default\" id=\"\" style=\"border-color:#0c0070;border-radius:7px;\"><div class=\"su-box-title\" style=\"background-color:#3f31a3;color:#FFFFFF;border-top-left-radius:5px;border-top-right-radius:5px\">Tutoriais para profissionais de Sa\u00fade, Educa\u00e7\u00e3o, Recursos Humanos<\/div><div class=\"su-box-content su-u-clearfix su-u-trim\" style=\"border-bottom-left-radius:5px;border-bottom-right-radius:5px\">\n<div class=\"su-row\">\n<div class=\"su-column su-column-size-1-2\"><div class=\"su-column-inner su-u-clearfix su-u-trim\">\n<h5><strong>Portal Grupos &#8211; Parte 01<\/strong><br \/>\nComo criar e administrar um grupo de treinamento?<\/h5>\n<p><iframe loading=\"lazy\" src=\"https:\/\/www.youtube.com\/embed\/6LxW6SFsITk?ecver=1\" width=\"360\" height=\"203\" frameborder=\"0\" allowfullscreen=\"allowfullscreen\"><\/iframe><\/p>\n<h5><strong>Portal Grupos &#8211; Parte 02<\/strong><br \/>\nComo adicionar treinandos ao grupo?<\/h5>\n<p><iframe loading=\"lazy\" src=\"https:\/\/www.youtube.com\/embed\/qND21AMVRd8?ecver=1\" width=\"360\" height=\"203\" frameborder=\"0\" allowfullscreen=\"allowfullscreen\"><\/iframe><\/p>\n<h5><strong>Portal Grupos &#8211; Parte 03<\/strong><br \/>\nComo adquirir novas licen\u00e7as para treinandos?<\/h5>\n<p><iframe loading=\"lazy\" src=\"https:\/\/www.youtube.com\/embed\/AKBBTyQJH_s?ecver=1\" width=\"360\" height=\"203\" frameborder=\"0\" allowfullscreen=\"allowfullscreen\"><\/iframe><br \/>\n<\/div><\/div>\n<div class=\"su-column su-column-size-1-2\"><div class=\"su-column-inner su-u-clearfix su-u-trim\">\n<h5><strong>Portal Grupos &#8211; Parte 04<\/strong><br \/>\nComo programar e agendar treino e exerc\u00edcios espec\u00edficos?<\/h5>\n<p><iframe loading=\"lazy\" src=\"https:\/\/www.youtube.com\/embed\/ReK45yo16K4?ecver=1\" width=\"360\" height=\"203\" frameborder=\"0\" allowfullscreen=\"allowfullscreen\"><\/iframe><\/p>\n<h5><strong>Portal Grupos &#8211; Parte 05<\/strong><br \/>\nComo monitorar e medir o progresso dos treinandos?<\/h5>\n<p><iframe loading=\"lazy\" src=\"https:\/\/www.youtube.com\/embed\/D1IqOFpAhE4?ecver=1\" width=\"360\" height=\"203\" frameborder=\"0\" allowfullscreen=\"allowfullscreen\"><\/iframe><br \/>\n<\/div><\/div>\n<\/div>\n<\/div><\/div>\n<\/div><\/div>\n<div class=\"su-spoiler su-spoiler-style-fancy su-spoiler-icon-caret-square my-custom-spoiler4 su-spoiler-closed\" data-scroll-offset=\"0\" data-anchor-in-url=\"no\"><div class=\"su-spoiler-title\" tabindex=\"0\" role=\"button\"><span class=\"su-spoiler-icon\"><\/span>Tutoriais dos Exerc\u00edcios Computadorizados<\/div><div class=\"su-spoiler-content su-u-clearfix su-u-trim\">\n<h5>Veja como funcionam alguns dos nossos jogos e exerc\u00edcios on-line<\/h5>\n<div class=\"su-row\">\n<div class=\"su-column su-column-size-1-2\"><div class=\"su-column-inner su-u-clearfix su-u-trim\">\n<h5><strong>Exerc\u00edcio Olho de \u00c1guia<\/strong><\/h5>\n<p><iframe loading=\"lazy\" src=\"https:\/\/player.vimeo.com\/video\/143425237?color=c9ff23\" width=\"360\" height=\"203\" frameborder=\"0\" allowfullscreen=\"allowfullscreen\"><\/iframe><\/p>\n<h5><strong>Exerc\u00edcio Decis\u00e3o Dupla<\/strong><\/h5>\n<p><iframe loading=\"lazy\" src=\"https:\/\/player.vimeo.com\/video\/139645577?color=c9ff23\" width=\"360\" height=\"203\" frameborder=\"0\" allowfullscreen=\"allowfullscreen\"><\/iframe><\/p>\n<h5><strong>Exerc\u00edcio Foco nos Detalhes<\/strong><\/h5>\n<p><iframe loading=\"lazy\" src=\"https:\/\/player.vimeo.com\/video\/143649183?color=c9ff23\" width=\"360\" height=\"203\" frameborder=\"0\" allowfullscreen=\"allowfullscreen\"><\/iframe><br \/>\n<\/div><\/div>\n<div class=\"su-column su-column-size-1-2\"><div class=\"su-column-inner su-u-clearfix su-u-trim\">\n<h5><strong>Exerc\u00edcio Giro Mental<\/strong><\/h5>\n<p><iframe loading=\"lazy\" src=\"https:\/\/player.vimeo.com\/video\/144390962?color=c9ff23\" width=\"360\" height=\"203\" frameborder=\"0\" allowfullscreen=\"allowfullscreen\"><\/iframe><\/p>\n<h5><strong>Exerc\u00edcio Estranho no Ninho<\/strong><\/h5>\n<p><iframe loading=\"lazy\" src=\"https:\/\/player.vimeo.com\/video\/144023945?color=c9ff23\" width=\"360\" height=\"203\" frameborder=\"0\" allowfullscreen=\"allowfullscreen\"><\/iframe><\/p>\n<h5><strong>Exerc\u00edcio Mem\u00f3ria R\u00edtmica<\/strong><\/h5>\n<p><iframe loading=\"lazy\" src=\"https:\/\/www.youtube.com\/embed\/TSDOSK_DArk?ecver=1\" width=\"360\" height=\"203\" frameborder=\"0\" allowfullscreen=\"allowfullscreen\"><\/iframe><br \/>\n<\/div><\/div>\n<\/div>\n<\/div><\/div>\n<div class=\"su-spoiler su-spoiler-style-fancy su-spoiler-icon-caret-square my-custom-spoiler5 su-spoiler-closed\" data-scroll-offset=\"0\" data-anchor-in-url=\"no\"><div class=\"su-spoiler-title\" tabindex=\"0\" role=\"button\"><span class=\"su-spoiler-icon\"><\/span>Mais Videos<\/div><div class=\"su-spoiler-content su-u-clearfix su-u-trim\">\n<div class=\"su-row\">\n<div class=\"su-column su-column-size-1-2\"><div class=\"su-column-inner su-u-clearfix su-u-trim\">\n<h5><strong>Como manter seu c\u00e9rebro jovem?<\/strong><\/h5>\n<p><iframe loading=\"lazy\" src=\"https:\/\/www.youtube.com\/embed\/O86eVvgPrAA?ecver=1\" width=\"360\" height=\"203\" frameborder=\"0\" allowfullscreen=\"allowfullscreen\"><\/iframe><br \/>\n<\/div><\/div>\n<div class=\"su-column su-column-size-1-2\"><div class=\"su-column-inner su-u-clearfix su-u-trim\">\n<h5><strong>Adam Gazzaley, no III Simp\u00f3sio Internacional de Neuroci\u00eancias<\/strong><\/h5>\n<p><iframe loading=\"lazy\" src=\"https:\/\/www.youtube.com\/embed\/UL6CL2-XfjU?ecver=1\" width=\"360\" height=\"203\" frameborder=\"0\" allowfullscreen=\"allowfullscreen\"><\/iframe><br \/>\n<\/div><\/div>\n<\/div>\n<\/div><\/div>\n<div class=\"su-spoiler su-spoiler-style-fancy su-spoiler-icon-caret-square my-custom-spoiler3 su-spoiler-closed\" data-scroll-offset=\"0\" data-anchor-in-url=\"no\"><div class=\"su-spoiler-title\" tabindex=\"0\" role=\"button\"><span class=\"su-spoiler-icon\"><\/span>Depoimentos<\/div><div class=\"su-spoiler-content su-u-clearfix su-u-trim\">\n<div class=\"su-box su-box-style-default\" id=\"\" style=\"border-color:#b88609;border-radius:7px;\"><div class=\"su-box-title\" style=\"background-color:#ebb93c;color:#FFFFFF;border-top-left-radius:5px;border-top-right-radius:5px\">Depoimentos<\/div><div class=\"su-box-content su-u-clearfix su-u-trim\" style=\"border-bottom-left-radius:5px;border-bottom-right-radius:5px\">\n<div class=\"su-row\">\n<div class=\"su-column su-column-size-1-2\"><div class=\"su-column-inner su-u-clearfix su-u-trim\">\n<iframe loading=\"lazy\" src=\"https:\/\/www.youtube.com\/embed\/z8J0Dh8eOSA?ecver=1\" width=\"360\" height=\"203\" frameborder=\"0\" allowfullscreen=\"allowfullscreen\"><\/iframe><\/p>\n<p><iframe loading=\"lazy\" src=\"https:\/\/www.youtube.com\/embed\/XHNITTcl7aQ\" width=\"360\" height=\"203\" frameborder=\"0\" allowfullscreen=\"allowfullscreen\"><\/iframe><\/p>\n<p><iframe loading=\"lazy\" src=\"https:\/\/www.youtube.com\/embed\/dvDFlB9RF5s?ecver=1\" width=\"360\" height=\"203\" frameborder=\"0\" allowfullscreen=\"allowfullscreen\"><\/iframe><br \/>\n<\/div><\/div>\n<div class=\"su-column su-column-size-1-2\"><div class=\"su-column-inner su-u-clearfix su-u-trim\">\n<iframe loading=\"lazy\" src=\"https:\/\/www.youtube.com\/embed\/ygyNGoy9tU4?ecver=1\" width=\"360\" height=\"203\" frameborder=\"0\" allowfullscreen=\"allowfullscreen\"><\/iframe><\/p>\n<p><iframe loading=\"lazy\" src=\"https:\/\/www.youtube.com\/embed\/h_FEqYW5mZQ?ecver=1\" width=\"360\" height=\"203\" frameborder=\"0\" allowfullscreen=\"allowfullscreen\"><\/iframe><br \/>\n<\/div><\/div>\n<\/div>\n<\/div><\/div>\n<\/div><\/div>\n<\/div>\n","protected":false},"excerpt":{"rendered":"","protected":false},"author":1,"featured_media":0,"parent":0,"menu_order":0,"comment_status":"closed","ping_status":"closed","template":"full-width.php","meta":{"footnotes":""},"class_list":["post-4044","page","type-page","status-publish","hentry","repupress_customize_woocommerce_productom_class"],"yoast_head":"<!-- This site is optimized with the Yoast SEO plugin v26.9 - https:\/\/yoast.com\/product\/yoast-seo-wordpress\/ -->\n<title>Videos -<\/title>\n<meta name=\"robots\" content=\"index, follow, max-snippet:-1, max-image-preview:large, max-video-preview:-1\" \/>\n<link rel=\"canonical\" href=\"https:\/\/neuroforma.com.br\/novo\/videos\/\" \/>\n<meta property=\"og:locale\" content=\"pt_BR\" \/>\n<meta property=\"og:type\" content=\"article\" \/>\n<meta property=\"og:title\" content=\"Videos -\" \/>\n<meta property=\"og:url\" content=\"https:\/\/neuroforma.com.br\/novo\/videos\/\" \/>\n<meta property=\"article:modified_time\" content=\"2019-03-27T21:10:45+00:00\" \/>\n<meta property=\"og:image\" content=\"https:\/\/neuroforma.com.br\/novo\/wp-content\/uploads\/2017\/02\/jornal-band.jpg\" \/>\n<meta name=\"twitter:label1\" content=\"Est. tempo de leitura\" \/>\n\t<meta name=\"twitter:data1\" content=\"2 minutos\" \/>\n<script type=\"application\/ld+json\" class=\"yoast-schema-graph\">{\"@context\":\"https:\/\/schema.org\",\"@graph\":[{\"@type\":\"WebPage\",\"@id\":\"https:\/\/neuroforma.com.br\/novo\/videos\/\",\"url\":\"https:\/\/neuroforma.com.br\/novo\/videos\/\",\"name\":\"Videos -\",\"isPartOf\":{\"@id\":\"https:\/\/neuroforma.com.br\/novo\/#website\"},\"primaryImageOfPage\":{\"@id\":\"https:\/\/neuroforma.com.br\/novo\/videos\/#primaryimage\"},\"image\":{\"@id\":\"https:\/\/neuroforma.com.br\/novo\/videos\/#primaryimage\"},\"thumbnailUrl\":\"https:\/\/neuroforma.com.br\/novo\/wp-content\/uploads\/2017\/02\/jornal-band.jpg\",\"datePublished\":\"2017-02-17T13:58:40+00:00\",\"dateModified\":\"2019-03-27T21:10:45+00:00\",\"breadcrumb\":{\"@id\":\"https:\/\/neuroforma.com.br\/novo\/videos\/#breadcrumb\"},\"inLanguage\":\"pt-BR\",\"potentialAction\":[{\"@type\":\"ReadAction\",\"target\":[\"https:\/\/neuroforma.com.br\/novo\/videos\/\"]}]},{\"@type\":\"ImageObject\",\"inLanguage\":\"pt-BR\",\"@id\":\"https:\/\/neuroforma.com.br\/novo\/videos\/#primaryimage\",\"url\":\"https:\/\/neuroforma.com.br\/novo\/wp-content\/uploads\/2017\/02\/jornal-band.jpg\",\"contentUrl\":\"https:\/\/neuroforma.com.br\/novo\/wp-content\/uploads\/2017\/02\/jornal-band.jpg\",\"width\":325,\"height\":181},{\"@type\":\"BreadcrumbList\",\"@id\":\"https:\/\/neuroforma.com.br\/novo\/videos\/#breadcrumb\",\"itemListElement\":[{\"@type\":\"ListItem\",\"position\":1,\"name\":\"Home\",\"item\":\"https:\/\/neuroforma.com.br\/novo\/\"},{\"@type\":\"ListItem\",\"position\":2,\"name\":\"Videos\"}]},{\"@type\":\"WebSite\",\"@id\":\"https:\/\/neuroforma.com.br\/novo\/#website\",\"url\":\"https:\/\/neuroforma.com.br\/novo\/\",\"name\":\"\",\"description\":\"\",\"potentialAction\":[{\"@type\":\"SearchAction\",\"target\":{\"@type\":\"EntryPoint\",\"urlTemplate\":\"https:\/\/neuroforma.com.br\/novo\/?s={search_term_string}\"},\"query-input\":{\"@type\":\"PropertyValueSpecification\",\"valueRequired\":true,\"valueName\":\"search_term_string\"}}],\"inLanguage\":\"pt-BR\"}]}<\/script>\n<!-- \/ Yoast SEO plugin. -->","yoast_head_json":{"title":"Videos -","robots":{"index":"index","follow":"follow","max-snippet":"max-snippet:-1","max-image-preview":"max-image-preview:large","max-video-preview":"max-video-preview:-1"},"canonical":"https:\/\/neuroforma.com.br\/novo\/videos\/","og_locale":"pt_BR","og_type":"article","og_title":"Videos -","og_url":"https:\/\/neuroforma.com.br\/novo\/videos\/","article_modified_time":"2019-03-27T21:10:45+00:00","og_image":[{"url":"https:\/\/neuroforma.com.br\/novo\/wp-content\/uploads\/2017\/02\/jornal-band.jpg","type":"","width":"","height":""}],"twitter_misc":{"Est. tempo de leitura":"2 minutos"},"schema":{"@context":"https:\/\/schema.org","@graph":[{"@type":"WebPage","@id":"https:\/\/neuroforma.com.br\/novo\/videos\/","url":"https:\/\/neuroforma.com.br\/novo\/videos\/","name":"Videos -","isPartOf":{"@id":"https:\/\/neuroforma.com.br\/novo\/#website"},"primaryImageOfPage":{"@id":"https:\/\/neuroforma.com.br\/novo\/videos\/#primaryimage"},"image":{"@id":"https:\/\/neuroforma.com.br\/novo\/videos\/#primaryimage"},"thumbnailUrl":"https:\/\/neuroforma.com.br\/novo\/wp-content\/uploads\/2017\/02\/jornal-band.jpg","datePublished":"2017-02-17T13:58:40+00:00","dateModified":"2019-03-27T21:10:45+00:00","breadcrumb":{"@id":"https:\/\/neuroforma.com.br\/novo\/videos\/#breadcrumb"},"inLanguage":"pt-BR","potentialAction":[{"@type":"ReadAction","target":["https:\/\/neuroforma.com.br\/novo\/videos\/"]}]},{"@type":"ImageObject","inLanguage":"pt-BR","@id":"https:\/\/neuroforma.com.br\/novo\/videos\/#primaryimage","url":"https:\/\/neuroforma.com.br\/novo\/wp-content\/uploads\/2017\/02\/jornal-band.jpg","contentUrl":"https:\/\/neuroforma.com.br\/novo\/wp-content\/uploads\/2017\/02\/jornal-band.jpg","width":325,"height":181},{"@type":"BreadcrumbList","@id":"https:\/\/neuroforma.com.br\/novo\/videos\/#breadcrumb","itemListElement":[{"@type":"ListItem","position":1,"name":"Home","item":"https:\/\/neuroforma.com.br\/novo\/"},{"@type":"ListItem","position":2,"name":"Videos"}]},{"@type":"WebSite","@id":"https:\/\/neuroforma.com.br\/novo\/#website","url":"https:\/\/neuroforma.com.br\/novo\/","name":"","description":"","potentialAction":[{"@type":"SearchAction","target":{"@type":"EntryPoint","urlTemplate":"https:\/\/neuroforma.com.br\/novo\/?s={search_term_string}"},"query-input":{"@type":"PropertyValueSpecification","valueRequired":true,"valueName":"search_term_string"}}],"inLanguage":"pt-BR"}]}},"_links":{"self":[{"href":"https:\/\/neuroforma.com.br\/novo\/wp-json\/wp\/v2\/pages\/4044","targetHints":{"allow":["GET"]}}],"collection":[{"href":"https:\/\/neuroforma.com.br\/novo\/wp-json\/wp\/v2\/pages"}],"about":[{"href":"https:\/\/neuroforma.com.br\/novo\/wp-json\/wp\/v2\/types\/page"}],"author":[{"embeddable":true,"href":"https:\/\/neuroforma.com.br\/novo\/wp-json\/wp\/v2\/users\/1"}],"replies":[{"embeddable":true,"href":"https:\/\/neuroforma.com.br\/novo\/wp-json\/wp\/v2\/comments?post=4044"}],"version-history":[{"count":41,"href":"https:\/\/neuroforma.com.br\/novo\/wp-json\/wp\/v2\/pages\/4044\/revisions"}],"predecessor-version":[{"id":4915,"href":"https:\/\/neuroforma.com.br\/novo\/wp-json\/wp\/v2\/pages\/4044\/revisions\/4915"}],"wp:attachment":[{"href":"https:\/\/neuroforma.com.br\/novo\/wp-json\/wp\/v2\/media?parent=4044"}],"curies":[{"name":"wp","href":"https:\/\/api.w.org\/{rel}","templated":true}]}}