{"id":3816,"date":"2016-10-03T17:40:04","date_gmt":"2016-10-03T17:40:04","guid":{"rendered":"https:\/\/neuroforma.com.br\/novo\/?page_id=3816"},"modified":"2017-05-02T20:06:47","modified_gmt":"2017-05-02T20:06:47","slug":"olho-da-mente","status":"publish","type":"page","link":"https:\/\/neuroforma.com.br\/novo\/why-brainhq\/about-the-brainhq-exercises\/memory\/minds-eye","title":{"rendered":"Olho da Mente"},"content":{"rendered":"<h1>Olho da Mente<\/h1>\n<a href=\"https:\/\/br.brainhq.com\/#ex-select\/memory\" class=\"su-button su-button-style-flat\" style=\"color:#FFFFFF;background-color:#144d8d;border-color:#103e71;border-radius:5px\" target=\"_blank\" rel=\"noopener noreferrer\"><span style=\"color:#FFFFFF;padding:0px 34px;font-size:25px;line-height:50px;border-color:#5b83b0;border-radius:5px;text-shadow:none\"> Pratique Agora!<\/span><\/a>\n<p>&nbsp;<\/p>\n<p><a href=\"https:\/\/neuroforma.com.br\/novo\/wp-content\/uploads\/2016\/10\/olho-da-mente.jpg\"><img loading=\"lazy\" decoding=\"async\" src=\"https:\/\/neuroforma.com.br\/novo\/wp-content\/uploads\/2016\/10\/olho-da-mente.jpg\" alt=\"olho-da-mente\" width=\"105\" height=\"115\" class=\"alignleft size-full wp-image-3819\" \/><\/a>Imagine que voc\u00ea est\u00e1 no mercado, tentando encontrar um molho de tomate em particular, mas voc\u00ea n\u00e3o consegue localizar o que voc\u00ea quer diante de dezenas de outros potes similares na prateleira. Ou, imagine-se naquela situa\u00e7\u00e3o cl\u00e1ssica na praia lotada com sua fam\u00edlia onde, de repente, voc\u00ea perde sua crian\u00e7a de vista em meio ao mar da multid\u00e3o. N\u00e3o seria bom conseguir &#8220;escanear&#8221; o campo visual mais r\u00e1pido e com precis\u00e3o para resolver a situa\u00e7\u00e3o?<\/p>\n<p>&nbsp;<br \/>\nQuando pensamos sobre prestar aten\u00e7\u00e3o, geralmente pensamos nas coisas sobre as quais estamos ativamente focados. Mas uma parte igualmente importante da aten\u00e7\u00e3o \u00e9 aquela que ignora todas as poss\u00edveis distra\u00e7\u00f5es que est\u00e3o ocorrendo simultaneamente em torno de n\u00f3s. Ignorar distra\u00e7\u00f5es torna-se mais de um problema \u00e0 medida que envelhecemos, mas o exerc\u00edcio Olho da Mente \u00e9 capaz de lhe ajudar com isso.<\/p>\n<p>&nbsp;<br \/>\nEste exerc\u00edcio usa uma t\u00e9cnica conhecida como discrimina\u00e7\u00e3o sensorial. Tarefas de discrimina\u00e7\u00e3o sensoriais exigem que voc\u00ea se concentre em um aspecto particular do campo visual, ignorando distra\u00e7\u00f5es visuais semelhantes ao seu redor.<\/p>\n<p>&nbsp;<br \/>\nNele, sua tarefa \u00e9 lembrar-se de uma imagem carregada de fluxos e varreduras visuais e determinar se um conjunto de imagens similares apresentadas cont\u00e9m a mesma. O exerc\u00edcio evolui basicamente de tr\u00eas maneiras:<\/p>\n<p>&nbsp;<br \/>\n<strong>1 &#8211; as imagens se tornam mais semelhantes<br \/>\n2 &#8211; o modo como as imagens mudam (movimento de pontos, formas, cenas)<br \/>\n3 &#8211; voc\u00ea \u00e9 estimulado a lembrar-se de mais de uma imagem por vez<\/strong><\/p>\n<p>&nbsp;<\/p>\n<table border=\"1\" cellspacing=\"0\" cellpadding=\"3\">\n<tbody>\n<tr>\n<td valign=\"top\" bgcolor=\"#999999\" width=\"171\"><strong>Tarefa<\/strong><\/td>\n<td valign=\"top\" bgcolor=\"#999999\" width=\"171\"><strong>Benef\u00edcios Cognitivos<\/strong><\/td>\n<td valign=\"top\" bgcolor=\"#999999\" width=\"171\"><strong>Performance<\/strong><\/td>\n<\/tr>\n<tr>\n<td valign=\"top\" bgcolor=\"#CCCCCC\" width=\"171\" height=\"127\">Lembrar-se de uma imagem de destino e determinar se um conjunto de imagens similares apresentados cont\u00e9m a mesma.<\/td>\n<td valign=\"top\" bgcolor=\"#CCCCCC\" width=\"171\">Mem\u00f3ria visual, capacidades de foco e aten\u00e7\u00e3o, controle de distra\u00e7\u00f5es<\/td>\n<td valign=\"top\" bgcolor=\"#CCCCCC\" width=\"171\">Sua pontua\u00e7\u00e3o \u00e9 medida em milissegundos (quanto mais baixo o score obtido, melhor).<\/td>\n<\/tr>\n<\/tbody>\n<\/table>\n","protected":false},"excerpt":{"rendered":"<p>Olho da Mente &nbsp; Imagine que voc\u00ea est\u00e1 no mercado, tentando encontrar um molho de tomate em particular, mas voc\u00ea n\u00e3o consegue localizar o que voc\u00ea quer diante de dezenas de outros potes similares na prateleira. Ou, imagine-se naquela situa\u00e7\u00e3o cl\u00e1ssica na praia lotada com sua fam\u00edlia onde, de repente, voc\u00ea perde sua crian\u00e7a de &hellip; <a href=\"https:\/\/neuroforma.com.br\/novo\/why-brainhq\/about-the-brainhq-exercises\/memory\/minds-eye\" class=\"more-link\">Continue lendo <span class=\"screen-reader-text\">Olho da Mente<\/span> <span class=\"meta-nav\">&rarr;<\/span><\/a><\/p>\n","protected":false},"author":1,"featured_media":0,"parent":0,"menu_order":0,"comment_status":"closed","ping_status":"closed","template":"","meta":{"footnotes":""},"class_list":["post-3816","page","type-page","status-publish","hentry","repupress_customize_woocommerce_productom_class"],"yoast_head":"<!-- This site is optimized with the Yoast SEO plugin v26.9 - https:\/\/yoast.com\/product\/yoast-seo-wordpress\/ -->\n<title>Olho da Mente -<\/title>\n<meta name=\"robots\" content=\"index, follow, max-snippet:-1, max-image-preview:large, max-video-preview:-1\" \/>\n<link rel=\"canonical\" href=\"https:\/\/neuroforma.com.br\/novo\/why-brainhq\/about-the-brainhq-exercises\/memory\/minds-eye\/\" \/>\n<meta property=\"og:locale\" content=\"pt_BR\" \/>\n<meta property=\"og:type\" content=\"article\" \/>\n<meta property=\"og:title\" content=\"Olho da Mente -\" \/>\n<meta property=\"og:description\" content=\"Olho da Mente &nbsp; Imagine que voc\u00ea est\u00e1 no mercado, tentando encontrar um molho de tomate em particular, mas voc\u00ea n\u00e3o consegue localizar o que voc\u00ea quer diante de dezenas de outros potes similares na prateleira. Ou, imagine-se naquela situa\u00e7\u00e3o cl\u00e1ssica na praia lotada com sua fam\u00edlia onde, de repente, voc\u00ea perde sua crian\u00e7a de &hellip; Continue lendo Olho da Mente &rarr;\" \/>\n<meta property=\"og:url\" content=\"https:\/\/neuroforma.com.br\/novo\/why-brainhq\/about-the-brainhq-exercises\/memory\/minds-eye\/\" \/>\n<meta property=\"article:modified_time\" content=\"2017-05-02T20:06:47+00:00\" \/>\n<meta property=\"og:image\" content=\"https:\/\/neuroforma.com.br\/novo\/wp-content\/uploads\/2016\/10\/olho-da-mente.jpg\" \/>\n<meta name=\"twitter:label1\" content=\"Est. tempo de leitura\" \/>\n\t<meta name=\"twitter:data1\" content=\"2 minutos\" \/>\n<script type=\"application\/ld+json\" class=\"yoast-schema-graph\">{\"@context\":\"https:\/\/schema.org\",\"@graph\":[{\"@type\":\"WebPage\",\"@id\":\"https:\/\/neuroforma.com.br\/novo\/why-brainhq\/about-the-brainhq-exercises\/memory\/minds-eye\/\",\"url\":\"https:\/\/neuroforma.com.br\/novo\/why-brainhq\/about-the-brainhq-exercises\/memory\/minds-eye\/\",\"name\":\"Olho da Mente -\",\"isPartOf\":{\"@id\":\"https:\/\/neuroforma.com.br\/novo\/#website\"},\"primaryImageOfPage\":{\"@id\":\"https:\/\/neuroforma.com.br\/novo\/why-brainhq\/about-the-brainhq-exercises\/memory\/minds-eye\/#primaryimage\"},\"image\":{\"@id\":\"https:\/\/neuroforma.com.br\/novo\/why-brainhq\/about-the-brainhq-exercises\/memory\/minds-eye\/#primaryimage\"},\"thumbnailUrl\":\"https:\/\/neuroforma.com.br\/novo\/wp-content\/uploads\/2016\/10\/olho-da-mente.jpg\",\"datePublished\":\"2016-10-03T17:40:04+00:00\",\"dateModified\":\"2017-05-02T20:06:47+00:00\",\"breadcrumb\":{\"@id\":\"https:\/\/neuroforma.com.br\/novo\/why-brainhq\/about-the-brainhq-exercises\/memory\/minds-eye\/#breadcrumb\"},\"inLanguage\":\"pt-BR\",\"potentialAction\":[{\"@type\":\"ReadAction\",\"target\":[\"https:\/\/neuroforma.com.br\/novo\/why-brainhq\/about-the-brainhq-exercises\/memory\/minds-eye\/\"]}]},{\"@type\":\"ImageObject\",\"inLanguage\":\"pt-BR\",\"@id\":\"https:\/\/neuroforma.com.br\/novo\/why-brainhq\/about-the-brainhq-exercises\/memory\/minds-eye\/#primaryimage\",\"url\":\"https:\/\/neuroforma.com.br\/novo\/wp-content\/uploads\/2016\/10\/olho-da-mente.jpg\",\"contentUrl\":\"https:\/\/neuroforma.com.br\/novo\/wp-content\/uploads\/2016\/10\/olho-da-mente.jpg\",\"width\":105,\"height\":115},{\"@type\":\"BreadcrumbList\",\"@id\":\"https:\/\/neuroforma.com.br\/novo\/why-brainhq\/about-the-brainhq-exercises\/memory\/minds-eye\/#breadcrumb\",\"itemListElement\":[{\"@type\":\"ListItem\",\"position\":1,\"name\":\"Home\",\"item\":\"https:\/\/neuroforma.com.br\/novo\/\"},{\"@type\":\"ListItem\",\"position\":2,\"name\":\"Olho da Mente\"}]},{\"@type\":\"WebSite\",\"@id\":\"https:\/\/neuroforma.com.br\/novo\/#website\",\"url\":\"https:\/\/neuroforma.com.br\/novo\/\",\"name\":\"\",\"description\":\"\",\"potentialAction\":[{\"@type\":\"SearchAction\",\"target\":{\"@type\":\"EntryPoint\",\"urlTemplate\":\"https:\/\/neuroforma.com.br\/novo\/?s={search_term_string}\"},\"query-input\":{\"@type\":\"PropertyValueSpecification\",\"valueRequired\":true,\"valueName\":\"search_term_string\"}}],\"inLanguage\":\"pt-BR\"}]}<\/script>\n<!-- \/ Yoast SEO plugin. -->","yoast_head_json":{"title":"Olho da Mente -","robots":{"index":"index","follow":"follow","max-snippet":"max-snippet:-1","max-image-preview":"max-image-preview:large","max-video-preview":"max-video-preview:-1"},"canonical":"https:\/\/neuroforma.com.br\/novo\/why-brainhq\/about-the-brainhq-exercises\/memory\/minds-eye\/","og_locale":"pt_BR","og_type":"article","og_title":"Olho da Mente -","og_description":"Olho da Mente &nbsp; Imagine que voc\u00ea est\u00e1 no mercado, tentando encontrar um molho de tomate em particular, mas voc\u00ea n\u00e3o consegue localizar o que voc\u00ea quer diante de dezenas de outros potes similares na prateleira. Ou, imagine-se naquela situa\u00e7\u00e3o cl\u00e1ssica na praia lotada com sua fam\u00edlia onde, de repente, voc\u00ea perde sua crian\u00e7a de &hellip; Continue lendo Olho da Mente &rarr;","og_url":"https:\/\/neuroforma.com.br\/novo\/why-brainhq\/about-the-brainhq-exercises\/memory\/minds-eye\/","article_modified_time":"2017-05-02T20:06:47+00:00","og_image":[{"url":"https:\/\/neuroforma.com.br\/novo\/wp-content\/uploads\/2016\/10\/olho-da-mente.jpg","type":"","width":"","height":""}],"twitter_misc":{"Est. tempo de leitura":"2 minutos"},"schema":{"@context":"https:\/\/schema.org","@graph":[{"@type":"WebPage","@id":"https:\/\/neuroforma.com.br\/novo\/why-brainhq\/about-the-brainhq-exercises\/memory\/minds-eye\/","url":"https:\/\/neuroforma.com.br\/novo\/why-brainhq\/about-the-brainhq-exercises\/memory\/minds-eye\/","name":"Olho da Mente -","isPartOf":{"@id":"https:\/\/neuroforma.com.br\/novo\/#website"},"primaryImageOfPage":{"@id":"https:\/\/neuroforma.com.br\/novo\/why-brainhq\/about-the-brainhq-exercises\/memory\/minds-eye\/#primaryimage"},"image":{"@id":"https:\/\/neuroforma.com.br\/novo\/why-brainhq\/about-the-brainhq-exercises\/memory\/minds-eye\/#primaryimage"},"thumbnailUrl":"https:\/\/neuroforma.com.br\/novo\/wp-content\/uploads\/2016\/10\/olho-da-mente.jpg","datePublished":"2016-10-03T17:40:04+00:00","dateModified":"2017-05-02T20:06:47+00:00","breadcrumb":{"@id":"https:\/\/neuroforma.com.br\/novo\/why-brainhq\/about-the-brainhq-exercises\/memory\/minds-eye\/#breadcrumb"},"inLanguage":"pt-BR","potentialAction":[{"@type":"ReadAction","target":["https:\/\/neuroforma.com.br\/novo\/why-brainhq\/about-the-brainhq-exercises\/memory\/minds-eye\/"]}]},{"@type":"ImageObject","inLanguage":"pt-BR","@id":"https:\/\/neuroforma.com.br\/novo\/why-brainhq\/about-the-brainhq-exercises\/memory\/minds-eye\/#primaryimage","url":"https:\/\/neuroforma.com.br\/novo\/wp-content\/uploads\/2016\/10\/olho-da-mente.jpg","contentUrl":"https:\/\/neuroforma.com.br\/novo\/wp-content\/uploads\/2016\/10\/olho-da-mente.jpg","width":105,"height":115},{"@type":"BreadcrumbList","@id":"https:\/\/neuroforma.com.br\/novo\/why-brainhq\/about-the-brainhq-exercises\/memory\/minds-eye\/#breadcrumb","itemListElement":[{"@type":"ListItem","position":1,"name":"Home","item":"https:\/\/neuroforma.com.br\/novo\/"},{"@type":"ListItem","position":2,"name":"Olho da Mente"}]},{"@type":"WebSite","@id":"https:\/\/neuroforma.com.br\/novo\/#website","url":"https:\/\/neuroforma.com.br\/novo\/","name":"","description":"","potentialAction":[{"@type":"SearchAction","target":{"@type":"EntryPoint","urlTemplate":"https:\/\/neuroforma.com.br\/novo\/?s={search_term_string}"},"query-input":{"@type":"PropertyValueSpecification","valueRequired":true,"valueName":"search_term_string"}}],"inLanguage":"pt-BR"}]}},"_links":{"self":[{"href":"https:\/\/neuroforma.com.br\/novo\/wp-json\/wp\/v2\/pages\/3816","targetHints":{"allow":["GET"]}}],"collection":[{"href":"https:\/\/neuroforma.com.br\/novo\/wp-json\/wp\/v2\/pages"}],"about":[{"href":"https:\/\/neuroforma.com.br\/novo\/wp-json\/wp\/v2\/types\/page"}],"author":[{"embeddable":true,"href":"https:\/\/neuroforma.com.br\/novo\/wp-json\/wp\/v2\/users\/1"}],"replies":[{"embeddable":true,"href":"https:\/\/neuroforma.com.br\/novo\/wp-json\/wp\/v2\/comments?post=3816"}],"version-history":[{"count":4,"href":"https:\/\/neuroforma.com.br\/novo\/wp-json\/wp\/v2\/pages\/3816\/revisions"}],"predecessor-version":[{"id":4116,"href":"https:\/\/neuroforma.com.br\/novo\/wp-json\/wp\/v2\/pages\/3816\/revisions\/4116"}],"wp:attachment":[{"href":"https:\/\/neuroforma.com.br\/novo\/wp-json\/wp\/v2\/media?parent=3816"}],"curies":[{"name":"wp","href":"https:\/\/api.w.org\/{rel}","templated":true}]}}