{"id":22,"date":"2012-07-07T06:35:56","date_gmt":"2012-07-07T06:35:56","guid":{"rendered":"http:\/\/www.ryuka-design.com\/XYZ\/?page_id=22"},"modified":"2024-01-22T19:47:16","modified_gmt":"2024-01-22T19:47:16","slug":"home","status":"publish","type":"page","link":"https:\/\/neuroforma.com.br\/novo\/","title":{"rendered":"Home"},"content":{"rendered":"<div class='content-column full_width'><a href=\"http:\/\/br.brainhq.com\/\" target=\"_blank\" rel=\"noopener\"><img loading=\"lazy\" decoding=\"async\" class=\"size-full wp-image-985 aligncenter\" src=\"https:\/\/neuroforma.com.br\/novo\/wp-content\/uploads\/2014\/11\/banner-posit.png\" alt=\"Bts-Home6\" width=\"418\" height=\"299\" \/><\/a><br \/>\n<!--&#091;one_half&#093;\n<a href=\"http:\/\/br.brainhq.com\/\" target=\"_blank\" rel=\"noopener\"><img loading=\"lazy\" decoding=\"async\" class=\"size-full wp-image-985 alignleft\" src=\"https:\/\/neuroforma.com.br\/novo\/wp-content\/uploads\/2014\/11\/banner-posit.png\" alt=\"Bts-Home6\" width=\"418\" height=\"299\" \/><\/a>\n&#091;\/one_half&#093;--><\/p>\n<div class='content-column one_half last_column'><\/div><div class='clear_column'><\/div>\n<h2 style=\"text-align: center;\">CI\u00caNCIA DE VERDADE. RESULTADOS COMPROVADOS.<\/h2>\n<div class='content-column one_third'><div style=\"padding-right:30px;\"><img loading=\"lazy\" decoding=\"async\" class=\"aligncenter size-shareaholicthumbnail wp-image-2615\" src=\"https:\/\/neuroforma.com.br\/novo\/wp-content\/uploads\/2012\/07\/icon-1.png\" alt=\"icon-1\" width=\"120\" height=\"119\" \/><\/p>\n<h4 style=\"text-align: center;\">\u221a Mais de 70 pesquisas comprovando ganhos em mem\u00f3ria, racioc\u00ednio, aten\u00e7\u00e3o e muito mais.<\/h4>\n<p style=\"text-align: center;\"><strong><a href=\"https:\/\/neuroforma.com.br\/novo\/porque-brainhq\/ci\u00eancia-mundial-de-alto-n\u00edvel\">ESTUDOS CIENT\u00cdFICOS<\/a><\/strong><\/p><\/div><\/div>\n<div class='content-column one_third'><div style=\"padding-right:30px;\"><img loading=\"lazy\" decoding=\"async\" class=\"aligncenter size-full wp-image-2613\" src=\"https:\/\/neuroforma.com.br\/novo\/wp-content\/uploads\/2012\/07\/icon-2.png\" alt=\"icon-2\" width=\"120\" height=\"119\" \/><\/p>\n<h4 style=\"text-align: center;\">\u221a Mais de 100 neurocientistas trabalhando em conjunto com programadores de jogos on-line.<\/h4>\n<p style=\"text-align: center;\"><a href=\"https:\/\/neuroforma.com.br\/novo\/sobre-o-treino-cerebral\"><strong>COMO FUNCIONAM?<\/strong><\/a><\/p><\/div><\/div>\n<div class='content-column one_third last_column'><img loading=\"lazy\" decoding=\"async\" class=\"aligncenter size-shareaholicthumbnail wp-image-2614\" src=\"https:\/\/neuroforma.com.br\/novo\/wp-content\/uploads\/2012\/07\/icon-3.png\" alt=\"icon-3\" width=\"120\" height=\"119\" \/><\/p>\n<h4 style=\"text-align: center;\">\u00a0 \u221a Mais de 25\u00a0exerc\u00edcios cientificamente projetados, dezenas de n\u00edveis, centenas de desafios.<\/h4>\n<p style=\"text-align: center;\"><strong><a href=\"http:\/\/url=https:\/\/neuroforma.com.br\/novo\/why-brainhq\/about-the-brainhq-exercises\">TODOS OS EXERC\u00cdCIOS<\/a><\/strong><\/p><\/div><div class='clear_column'><\/div>\n<!--\n&#091;one_half padding=\"0 30px 0 0\"&#093;\n<img loading=\"lazy\" decoding=\"async\" class=\"alignnone size-full wp-image-1744\" src=\"https:\/\/neuroforma.com.br\/novo\/wp-content\/uploads\/2014\/11\/banner-home-estudos2.png\" alt=\"team-(1)\" width=\"420\" height=\"240\" \/>\n\n\n<h3>+ de 70 Estudos: incluindo benef\u00edcios em indica\u00e7\u00f5es cl\u00ednicas como depress\u00e3o, quimioterapia, esquizofrenia, entre outros<\/h3>\n\n\n&#091;button url=https:\/\/neuroforma.com.br\/novo\/porque-brainhq\/ci\u00eancia-mundial-de-alto-n\u00edvel size=small style=none&#093; Saiba Mais &#091;\/button&#093;\n&#091;\/one_half&#093;\n\n&#091;one_half_last padding=\"0 60px 0 0\"&#093;\n<img loading=\"lazy\" decoding=\"async\" class=\"alignnone size-full wp-image-1744\" src=\"https:\/\/neuroforma.com.br\/novo\/wp-content\/uploads\/2014\/11\/banner-home-estudos1.png\" alt=\"team-(1)\" width=\"420\" height=\"240\" \/>\n\n\n<h3>Estudo de impacto: ganhos de 10 anos em mem\u00f3ria e aumento de 131% na velocidade de processamento auditivo-cerebral<\/h3>\n\n\n&#091;button url=https:\/\/neuroforma.com.br\/novo\/porque-brainhq\/ci\u00eancia-mundial-de-alto-n\u00edvel size=small style=none&#093; Saiba Mais &#091;\/button&#093;\n&#091;\/one_half_last&#093;\n--><\/p>\n<h4 style=\"text-align: center;\">Clique abaixo e entenda a ci\u00eancia por tr\u00e1s de cada exerc\u00edcio<\/h4>\n<p><a href=\"https:\/\/neuroforma.com.br\/novo\/sobre-os-exercicios\/#ancora2\"><img loading=\"lazy\" decoding=\"async\" style=\"text-align: left; margin: 5px;\" src=\"https:\/\/neuroforma.com.br\/novo\/wp-content\/uploads\/2014\/09\/icons-home-blue1.png\" alt=\"Bts-Home4\" width=\"150\" height=\"150\" \/><\/a><a href=\"https:\/\/neuroforma.com.br\/novo\/sobre-os-exercicios\/#ancora\"><img loading=\"lazy\" decoding=\"async\" style=\"text-align: left; margin: 5px;\" src=\"https:\/\/neuroforma.com.br\/novo\/wp-content\/uploads\/2014\/09\/icons-home-blue2.png\" alt=\"Bts-Home4\" width=\"150\" height=\"150\" \/><\/a><a href=\"https:\/\/neuroforma.com.br\/novo\/sobre-os-exercicios\/\"><img loading=\"lazy\" decoding=\"async\" style=\"text-align: left; margin: 5px;\" src=\"https:\/\/neuroforma.com.br\/novo\/wp-content\/uploads\/2014\/09\/icons-home-blue3.png\" alt=\"Bts-Home4\" width=\"150\" height=\"150\" \/><\/a><a href=\"https:\/\/neuroforma.com.br\/novo\/sobre-os-exercicios\/#ancora\"><img loading=\"lazy\" decoding=\"async\" style=\"text-align: left; margin: 5px;\" src=\"https:\/\/neuroforma.com.br\/novo\/wp-content\/uploads\/2014\/09\/icons-home-blue4.png\" alt=\"Bts-Home2\" width=\"150\" height=\"150\" \/><\/a><a href=\"https:\/\/neuroforma.com.br\/novo\/sobre-os-exercicios\/\"><img loading=\"lazy\" decoding=\"async\" style=\"text-align: left; margin: 5px;\" src=\"https:\/\/neuroforma.com.br\/novo\/wp-content\/uploads\/2014\/09\/icons-home-blue5.png\" alt=\"Bts-Home1\" width=\"150\" height=\"150\" \/><\/a><a href=\"https:\/\/neuroforma.com.br\/novo\/sobre-os-exercicios\/#ancora\"><img loading=\"lazy\" decoding=\"async\" style=\"text-align: left; margin: 5px;\" src=\"https:\/\/neuroforma.com.br\/novo\/wp-content\/uploads\/2014\/09\/icons-home-blue6.png\" alt=\"Bts-Home6\" width=\"150\" height=\"150\" \/><\/a><br \/><\/div>\n","protected":false},"excerpt":{"rendered":"","protected":false},"author":1,"featured_media":0,"parent":0,"menu_order":0,"comment_status":"closed","ping_status":"closed","template":"","meta":{"footnotes":""},"class_list":["post-22","page","type-page","status-publish","hentry","repupress_customize_woocommerce_productom_class"],"yoast_head":"<!-- This site is optimized with the Yoast SEO plugin v26.9 - https:\/\/yoast.com\/product\/yoast-seo-wordpress\/ -->\n<title>Home -<\/title>\n<meta name=\"robots\" content=\"index, follow, max-snippet:-1, max-image-preview:large, max-video-preview:-1\" \/>\n<link rel=\"canonical\" href=\"https:\/\/neuroforma.com.br\/novo\/\" \/>\n<meta property=\"og:locale\" content=\"pt_BR\" \/>\n<meta property=\"og:type\" content=\"article\" \/>\n<meta property=\"og:title\" content=\"Home -\" \/>\n<meta property=\"og:url\" content=\"https:\/\/neuroforma.com.br\/novo\/\" \/>\n<meta property=\"article:modified_time\" content=\"2024-01-22T19:47:16+00:00\" \/>\n<meta property=\"og:image\" content=\"https:\/\/neuroforma.com.br\/novo\/wp-content\/uploads\/2014\/11\/banner-posit.png\" \/>\n<meta name=\"twitter:label1\" content=\"Est. tempo de leitura\" \/>\n\t<meta name=\"twitter:data1\" content=\"3 minutos\" \/>\n<script type=\"application\/ld+json\" class=\"yoast-schema-graph\">{\"@context\":\"https:\/\/schema.org\",\"@graph\":[{\"@type\":\"WebPage\",\"@id\":\"https:\/\/neuroforma.com.br\/novo\/\",\"url\":\"https:\/\/neuroforma.com.br\/novo\/\",\"name\":\"Home -\",\"isPartOf\":{\"@id\":\"https:\/\/neuroforma.com.br\/novo\/#website\"},\"primaryImageOfPage\":{\"@id\":\"https:\/\/neuroforma.com.br\/novo\/#primaryimage\"},\"image\":{\"@id\":\"https:\/\/neuroforma.com.br\/novo\/#primaryimage\"},\"thumbnailUrl\":\"https:\/\/neuroforma.com.br\/novo\/wp-content\/uploads\/2014\/11\/banner-posit.png\",\"datePublished\":\"2012-07-07T06:35:56+00:00\",\"dateModified\":\"2024-01-22T19:47:16+00:00\",\"breadcrumb\":{\"@id\":\"https:\/\/neuroforma.com.br\/novo\/#breadcrumb\"},\"inLanguage\":\"pt-BR\",\"potentialAction\":[{\"@type\":\"ReadAction\",\"target\":[\"https:\/\/neuroforma.com.br\/novo\/\"]}]},{\"@type\":\"ImageObject\",\"inLanguage\":\"pt-BR\",\"@id\":\"https:\/\/neuroforma.com.br\/novo\/#primaryimage\",\"url\":\"https:\/\/neuroforma.com.br\/novo\/wp-content\/uploads\/2014\/11\/banner-posit.png\",\"contentUrl\":\"https:\/\/neuroforma.com.br\/novo\/wp-content\/uploads\/2014\/11\/banner-posit.png\",\"width\":418,\"height\":299},{\"@type\":\"BreadcrumbList\",\"@id\":\"https:\/\/neuroforma.com.br\/novo\/#breadcrumb\",\"itemListElement\":[{\"@type\":\"ListItem\",\"position\":1,\"name\":\"Home\",\"item\":\"https:\/\/neuroforma.com.br\/novo\/\"},{\"@type\":\"ListItem\",\"position\":2,\"name\":\"Home\"}]},{\"@type\":\"WebSite\",\"@id\":\"https:\/\/neuroforma.com.br\/novo\/#website\",\"url\":\"https:\/\/neuroforma.com.br\/novo\/\",\"name\":\"\",\"description\":\"\",\"potentialAction\":[{\"@type\":\"SearchAction\",\"target\":{\"@type\":\"EntryPoint\",\"urlTemplate\":\"https:\/\/neuroforma.com.br\/novo\/?s={search_term_string}\"},\"query-input\":{\"@type\":\"PropertyValueSpecification\",\"valueRequired\":true,\"valueName\":\"search_term_string\"}}],\"inLanguage\":\"pt-BR\"}]}<\/script>\n<!-- \/ Yoast SEO plugin. -->","yoast_head_json":{"title":"Home -","robots":{"index":"index","follow":"follow","max-snippet":"max-snippet:-1","max-image-preview":"max-image-preview:large","max-video-preview":"max-video-preview:-1"},"canonical":"https:\/\/neuroforma.com.br\/novo\/","og_locale":"pt_BR","og_type":"article","og_title":"Home -","og_url":"https:\/\/neuroforma.com.br\/novo\/","article_modified_time":"2024-01-22T19:47:16+00:00","og_image":[{"url":"https:\/\/neuroforma.com.br\/novo\/wp-content\/uploads\/2014\/11\/banner-posit.png","type":"","width":"","height":""}],"twitter_misc":{"Est. tempo de leitura":"3 minutos"},"schema":{"@context":"https:\/\/schema.org","@graph":[{"@type":"WebPage","@id":"https:\/\/neuroforma.com.br\/novo\/","url":"https:\/\/neuroforma.com.br\/novo\/","name":"Home -","isPartOf":{"@id":"https:\/\/neuroforma.com.br\/novo\/#website"},"primaryImageOfPage":{"@id":"https:\/\/neuroforma.com.br\/novo\/#primaryimage"},"image":{"@id":"https:\/\/neuroforma.com.br\/novo\/#primaryimage"},"thumbnailUrl":"https:\/\/neuroforma.com.br\/novo\/wp-content\/uploads\/2014\/11\/banner-posit.png","datePublished":"2012-07-07T06:35:56+00:00","dateModified":"2024-01-22T19:47:16+00:00","breadcrumb":{"@id":"https:\/\/neuroforma.com.br\/novo\/#breadcrumb"},"inLanguage":"pt-BR","potentialAction":[{"@type":"ReadAction","target":["https:\/\/neuroforma.com.br\/novo\/"]}]},{"@type":"ImageObject","inLanguage":"pt-BR","@id":"https:\/\/neuroforma.com.br\/novo\/#primaryimage","url":"https:\/\/neuroforma.com.br\/novo\/wp-content\/uploads\/2014\/11\/banner-posit.png","contentUrl":"https:\/\/neuroforma.com.br\/novo\/wp-content\/uploads\/2014\/11\/banner-posit.png","width":418,"height":299},{"@type":"BreadcrumbList","@id":"https:\/\/neuroforma.com.br\/novo\/#breadcrumb","itemListElement":[{"@type":"ListItem","position":1,"name":"Home","item":"https:\/\/neuroforma.com.br\/novo\/"},{"@type":"ListItem","position":2,"name":"Home"}]},{"@type":"WebSite","@id":"https:\/\/neuroforma.com.br\/novo\/#website","url":"https:\/\/neuroforma.com.br\/novo\/","name":"","description":"","potentialAction":[{"@type":"SearchAction","target":{"@type":"EntryPoint","urlTemplate":"https:\/\/neuroforma.com.br\/novo\/?s={search_term_string}"},"query-input":{"@type":"PropertyValueSpecification","valueRequired":true,"valueName":"search_term_string"}}],"inLanguage":"pt-BR"}]}},"_links":{"self":[{"href":"https:\/\/neuroforma.com.br\/novo\/wp-json\/wp\/v2\/pages\/22","targetHints":{"allow":["GET"]}}],"collection":[{"href":"https:\/\/neuroforma.com.br\/novo\/wp-json\/wp\/v2\/pages"}],"about":[{"href":"https:\/\/neuroforma.com.br\/novo\/wp-json\/wp\/v2\/types\/page"}],"author":[{"embeddable":true,"href":"https:\/\/neuroforma.com.br\/novo\/wp-json\/wp\/v2\/users\/1"}],"replies":[{"embeddable":true,"href":"https:\/\/neuroforma.com.br\/novo\/wp-json\/wp\/v2\/comments?post=22"}],"version-history":[{"count":253,"href":"https:\/\/neuroforma.com.br\/novo\/wp-json\/wp\/v2\/pages\/22\/revisions"}],"predecessor-version":[{"id":6668,"href":"https:\/\/neuroforma.com.br\/novo\/wp-json\/wp\/v2\/pages\/22\/revisions\/6668"}],"wp:attachment":[{"href":"https:\/\/neuroforma.com.br\/novo\/wp-json\/wp\/v2\/media?parent=22"}],"curies":[{"name":"wp","href":"https:\/\/api.w.org\/{rel}","templated":true}]}}