{"id":2066,"date":"2014-11-06T19:37:46","date_gmt":"2014-11-06T19:37:46","guid":{"rendered":"https:\/\/neuroforma.com.br\/novo\/?page_id=2066"},"modified":"2017-10-10T21:08:39","modified_gmt":"2017-10-10T21:08:39","slug":"fluxo-optico","status":"publish","type":"page","link":"https:\/\/neuroforma.com.br\/novo\/why-brainhq\/about-the-exercises\/optic-flow\/","title":{"rendered":"Fluxo Visual"},"content":{"rendered":"<h1>Fluxo Visual<\/h1>\n<a href=\"https:\/\/br.brainhq.com\/#ex-select\/navigation\" class=\"su-button su-button-style-flat\" style=\"color:#FFFFFF;background-color:#f3c800;border-color:#c3a000;border-radius:5px\" target=\"_blank\" rel=\"noopener noreferrer\"><span style=\"color:#FFFFFF;padding:0px 34px;font-size:25px;line-height:50px;border-color:#f7d94d;border-radius:5px;text-shadow:none\"> Pratique Agora!<\/span><\/a>\n<p>&nbsp;<\/p>\n<p><img loading=\"lazy\" decoding=\"async\" class=\"alignleft size-full wp-image-1237\" src=\"https:\/\/neuroforma.com.br\/novo\/wp-content\/uploads\/2014\/01\/icon-optic-flow-lm.jpg\" alt=\"icon-optic-flow-lm\" width=\"105\" height=\"115\" \/>Imagine que voc\u00ea est\u00e1 dirigindo, quando, de repente, um obst\u00e1culo aparece do nada. O que voc\u00ea faz? Voc\u00ea o viu a tempo? E voc\u00ea p\u00f4de reagir r\u00e1pido o suficiente para evit\u00e1-lo de forma segura?<br \/>\nA capacidade de dirigir, correr, pedalar ou caminhar com seguran\u00e7a depende em grande parte da sua capacidade de perceber os riscos potenciais em sua vis\u00e3o perif\u00e9rica e, ao mesmo tempo, prestar aten\u00e7\u00e3o no caminho \u00e0 sua frente.<br \/>\nO exerc\u00edcio Fluxo Visual requer que voc\u00ea fa\u00e7a discrimina\u00e7\u00f5es visuais r\u00e1pidas no centro de seu olhar enquanto permanece alerta para perigos potenciais na periferia. A tarefa ocorre em diferentes condi\u00e7\u00f5es de tr\u00e2nsito, incluindo simula\u00e7\u00f5es de chuva, nevoeiro e a noite.<br \/>\nNo exerc\u00edcio, voc\u00ea ver\u00e1 uma formato alvo (tri\u00e2ngulos, quadrados, los\u00e2ngos, etc.) numa placa de sinal. Ve\u00edculos e v\u00e1rios objetos na estrada se aproximar\u00e3o em velocidades diferentes e sua tarefa \u00e9 selecionar aquele com a forma que corresponda ao alvo. A qualquer momento um perigo (pneus, tatus, p\u00e1ssaros, etc.) pode entrar em cena e voc\u00ea ter\u00e1 que clicar na barra de espa\u00e7o se ele estiver na rota de colis\u00e3o com seu ve\u00edculo. \u00c0 medida que voc\u00ea acerta a forma correta e evita os riscos (perigos), a a\u00e7\u00e3o e os movimentos se desenvolvem mais e mais r\u00e1pido.<br \/>\nNote que se voc\u00ea estiver praticando o exerc\u00edcio em um dispositivo mobile (tablets), ao inv\u00e9s de clicar na barra de espa\u00e7o para afastar o perigo, voc\u00ea dever\u00e1 clicar e arrast\u00e1-lo para fora da rota de colis\u00e3o com seu ve\u00edculo.<br \/>\n<strong>\u00c0 medida que voc\u00ea evolui no exerc\u00edcio, ele fica mais dif\u00edcil das seguintes maneiras:<\/strong><\/p>\n<p>&nbsp;<\/p>\n<p><strong>\u2022 As formas nos ve\u00edculos se tornam mais semelhantes.<\/strong><br \/>\n<strong> \u2022 As condi\u00e7\u00f5es de condu\u00e7\u00e3o mudam, tornando mais dif\u00edcil encontrar a forma-alvo e evitar riscos. Como na estrada real, a velocidade deve ser reduzida para executar com precis\u00e3o \u00e0 medida em que as condi\u00e7\u00f5es se alteram (hora do dia e tempo).<\/strong><br \/>\n<strong> \u2022 O n\u00famero e o tipo de perigos mudam.<\/strong><br \/>\n<strong> \u2022 Os fundos tornam-se mais complexos e repletos de distra\u00e7\u00f5es \u00e0 medida que voc\u00ea se move a partir do deserto para os sub\u00farbios e, finalmente, para a cidade agitada.<\/strong><br \/>\n<strong> \u2022 O exerc\u00edcio se adapta ao seu desempenho, reduzindo o tempo que voc\u00ea tem para encontrar a forma de destino.<\/strong><\/p>\n<p>&nbsp;<\/p>\n<p>Treine com o Fluxo \u00d3ptico para se sentir mais confiante \u00e0 medida que voc\u00ea absorve toda a movimenta\u00e7\u00e3o em torno de voc\u00ea na estrada &#8211; se voc\u00ea estiver dirigindo, correndo, andando de bicicleta, ou mesmo a p\u00e9.<\/p>\n<p>&nbsp;<\/p>\n<p><strong>Fluxo Visual em poucas palavras<\/strong><\/p>\n<p>&nbsp;<\/p>\n<table border=\"1\" width=\"793\" cellspacing=\"0\" cellpadding=\"0\">\n<tbody>\n<tr>\n<td bgcolor=\"#999999\" width=\"194\"><strong>O que voc\u00ea vai fazer<\/strong><\/td>\n<td bgcolor=\"#999999\" width=\"176\"><strong>O que vai melhorar<\/strong><\/td>\n<td bgcolor=\"#999999\" width=\"212\"><strong>Como o exerc\u00edcio muda<\/strong><\/td>\n<td bgcolor=\"#999999\" width=\"201\"><strong>Como voc\u00ea ganha pontos<\/strong><\/td>\n<\/tr>\n<tr>\n<td valign=\"top\" bgcolor=\"#CCCCCC\" width=\"194\">\n<ul>Fa\u00e7a discrimina\u00e7\u00f5es r\u00e1pidas assim que objetos se aproximam em v\u00e1rias velocidades ao mesmo tempo em que voc\u00ea permanece alerta para perigos<\/ul>\n<\/td>\n<td valign=\"top\" bgcolor=\"#CCCCCC\" width=\"176\">\n<ol>\n<li>Aten\u00e7\u00e3o Visual<\/li>\n<li>Detec\u00e7\u00e3o r\u00e1pida de est\u00edmulos visuais<\/li>\n<li>Ajustes \u00e0s condi\u00e7\u00f5es de baixa visibilidade<\/li>\n<\/ol>\n<\/td>\n<td valign=\"top\" bgcolor=\"#CCCCCC\" width=\"212\">\n<ol>\n<li>Os ve\u00edculos-alvo se tornam mais similar<\/li>\n<li>As condi\u00e7\u00f5es de dire\u00e7\u00e3o<\/li>\n<li>N\u00famero e tipos de objetos que podem causar distra\u00e7\u00f5es<\/li>\n<\/ol>\n<\/td>\n<td valign=\"top\" bgcolor=\"#CCCCCC\" width=\"201\">\n<ul>Sua pontua\u00e7\u00e3o \u00e9 em milissegundos. \u00c0 medida que voc\u00ea melhora, os ve\u00edculos se movem mais rapidamente, dando-lhe menos tempo para fazer as discrimina\u00e7\u00f5es visuais.<\/ul>\n<\/td>\n<\/tr>\n<\/tbody>\n<\/table>\n","protected":false},"excerpt":{"rendered":"<p>Fluxo Visual &nbsp; Imagine que voc\u00ea est\u00e1 dirigindo, quando, de repente, um obst\u00e1culo aparece do nada. O que voc\u00ea faz? Voc\u00ea o viu a tempo? E voc\u00ea p\u00f4de reagir r\u00e1pido o suficiente para evit\u00e1-lo de forma segura? A capacidade de dirigir, correr, pedalar ou caminhar com seguran\u00e7a depende em grande parte da sua capacidade de &hellip; <a href=\"https:\/\/neuroforma.com.br\/novo\/why-brainhq\/about-the-exercises\/optic-flow\/\" class=\"more-link\">Continue lendo <span class=\"screen-reader-text\">Fluxo Visual<\/span> <span class=\"meta-nav\">&rarr;<\/span><\/a><\/p>\n","protected":false},"author":1,"featured_media":0,"parent":0,"menu_order":0,"comment_status":"closed","ping_status":"closed","template":"","meta":{"footnotes":""},"class_list":["post-2066","page","type-page","status-publish","hentry","repupress_customize_woocommerce_productom_class"],"yoast_head":"<!-- This site is optimized with the Yoast SEO plugin v26.9 - https:\/\/yoast.com\/product\/yoast-seo-wordpress\/ -->\n<title>Fluxo Visual -<\/title>\n<meta name=\"robots\" content=\"index, follow, max-snippet:-1, max-image-preview:large, max-video-preview:-1\" \/>\n<link rel=\"canonical\" href=\"https:\/\/neuroforma.com.br\/novo\/why-brainhq\/about-the-exercises\/optic-flow\/\" \/>\n<meta property=\"og:locale\" content=\"pt_BR\" \/>\n<meta property=\"og:type\" content=\"article\" \/>\n<meta property=\"og:title\" content=\"Fluxo Visual -\" \/>\n<meta property=\"og:description\" content=\"Fluxo Visual &nbsp; Imagine que voc\u00ea est\u00e1 dirigindo, quando, de repente, um obst\u00e1culo aparece do nada. O que voc\u00ea faz? Voc\u00ea o viu a tempo? E voc\u00ea p\u00f4de reagir r\u00e1pido o suficiente para evit\u00e1-lo de forma segura? A capacidade de dirigir, correr, pedalar ou caminhar com seguran\u00e7a depende em grande parte da sua capacidade de &hellip; Continue lendo Fluxo Visual &rarr;\" \/>\n<meta property=\"og:url\" content=\"https:\/\/neuroforma.com.br\/novo\/why-brainhq\/about-the-exercises\/optic-flow\/\" \/>\n<meta property=\"article:modified_time\" content=\"2017-10-10T21:08:39+00:00\" \/>\n<meta property=\"og:image\" content=\"https:\/\/neuroforma.com.br\/novo\/wp-content\/uploads\/2014\/01\/icon-optic-flow-lm.jpg\" \/>\n<meta name=\"twitter:label1\" content=\"Est. tempo de leitura\" \/>\n\t<meta name=\"twitter:data1\" content=\"3 minutos\" \/>\n<script type=\"application\/ld+json\" class=\"yoast-schema-graph\">{\"@context\":\"https:\/\/schema.org\",\"@graph\":[{\"@type\":\"WebPage\",\"@id\":\"https:\/\/neuroforma.com.br\/novo\/why-brainhq\/about-the-exercises\/optic-flow\/\",\"url\":\"https:\/\/neuroforma.com.br\/novo\/why-brainhq\/about-the-exercises\/optic-flow\/\",\"name\":\"Fluxo Visual -\",\"isPartOf\":{\"@id\":\"https:\/\/neuroforma.com.br\/novo\/#website\"},\"primaryImageOfPage\":{\"@id\":\"https:\/\/neuroforma.com.br\/novo\/why-brainhq\/about-the-exercises\/optic-flow\/#primaryimage\"},\"image\":{\"@id\":\"https:\/\/neuroforma.com.br\/novo\/why-brainhq\/about-the-exercises\/optic-flow\/#primaryimage\"},\"thumbnailUrl\":\"https:\/\/neuroforma.com.br\/novo\/wp-content\/uploads\/2014\/01\/icon-optic-flow-lm.jpg\",\"datePublished\":\"2014-11-06T19:37:46+00:00\",\"dateModified\":\"2017-10-10T21:08:39+00:00\",\"breadcrumb\":{\"@id\":\"https:\/\/neuroforma.com.br\/novo\/why-brainhq\/about-the-exercises\/optic-flow\/#breadcrumb\"},\"inLanguage\":\"pt-BR\",\"potentialAction\":[{\"@type\":\"ReadAction\",\"target\":[\"https:\/\/neuroforma.com.br\/novo\/why-brainhq\/about-the-exercises\/optic-flow\/\"]}]},{\"@type\":\"ImageObject\",\"inLanguage\":\"pt-BR\",\"@id\":\"https:\/\/neuroforma.com.br\/novo\/why-brainhq\/about-the-exercises\/optic-flow\/#primaryimage\",\"url\":\"https:\/\/neuroforma.com.br\/novo\/wp-content\/uploads\/2014\/01\/icon-optic-flow-lm.jpg\",\"contentUrl\":\"https:\/\/neuroforma.com.br\/novo\/wp-content\/uploads\/2014\/01\/icon-optic-flow-lm.jpg\",\"width\":105,\"height\":115},{\"@type\":\"BreadcrumbList\",\"@id\":\"https:\/\/neuroforma.com.br\/novo\/why-brainhq\/about-the-exercises\/optic-flow\/#breadcrumb\",\"itemListElement\":[{\"@type\":\"ListItem\",\"position\":1,\"name\":\"Home\",\"item\":\"https:\/\/neuroforma.com.br\/novo\/\"},{\"@type\":\"ListItem\",\"position\":2,\"name\":\"Fluxo Visual\"}]},{\"@type\":\"WebSite\",\"@id\":\"https:\/\/neuroforma.com.br\/novo\/#website\",\"url\":\"https:\/\/neuroforma.com.br\/novo\/\",\"name\":\"\",\"description\":\"\",\"potentialAction\":[{\"@type\":\"SearchAction\",\"target\":{\"@type\":\"EntryPoint\",\"urlTemplate\":\"https:\/\/neuroforma.com.br\/novo\/?s={search_term_string}\"},\"query-input\":{\"@type\":\"PropertyValueSpecification\",\"valueRequired\":true,\"valueName\":\"search_term_string\"}}],\"inLanguage\":\"pt-BR\"}]}<\/script>\n<!-- \/ Yoast SEO plugin. -->","yoast_head_json":{"title":"Fluxo Visual -","robots":{"index":"index","follow":"follow","max-snippet":"max-snippet:-1","max-image-preview":"max-image-preview:large","max-video-preview":"max-video-preview:-1"},"canonical":"https:\/\/neuroforma.com.br\/novo\/why-brainhq\/about-the-exercises\/optic-flow\/","og_locale":"pt_BR","og_type":"article","og_title":"Fluxo Visual -","og_description":"Fluxo Visual &nbsp; Imagine que voc\u00ea est\u00e1 dirigindo, quando, de repente, um obst\u00e1culo aparece do nada. O que voc\u00ea faz? Voc\u00ea o viu a tempo? E voc\u00ea p\u00f4de reagir r\u00e1pido o suficiente para evit\u00e1-lo de forma segura? A capacidade de dirigir, correr, pedalar ou caminhar com seguran\u00e7a depende em grande parte da sua capacidade de &hellip; Continue lendo Fluxo Visual &rarr;","og_url":"https:\/\/neuroforma.com.br\/novo\/why-brainhq\/about-the-exercises\/optic-flow\/","article_modified_time":"2017-10-10T21:08:39+00:00","og_image":[{"url":"https:\/\/neuroforma.com.br\/novo\/wp-content\/uploads\/2014\/01\/icon-optic-flow-lm.jpg","type":"","width":"","height":""}],"twitter_misc":{"Est. tempo de leitura":"3 minutos"},"schema":{"@context":"https:\/\/schema.org","@graph":[{"@type":"WebPage","@id":"https:\/\/neuroforma.com.br\/novo\/why-brainhq\/about-the-exercises\/optic-flow\/","url":"https:\/\/neuroforma.com.br\/novo\/why-brainhq\/about-the-exercises\/optic-flow\/","name":"Fluxo Visual -","isPartOf":{"@id":"https:\/\/neuroforma.com.br\/novo\/#website"},"primaryImageOfPage":{"@id":"https:\/\/neuroforma.com.br\/novo\/why-brainhq\/about-the-exercises\/optic-flow\/#primaryimage"},"image":{"@id":"https:\/\/neuroforma.com.br\/novo\/why-brainhq\/about-the-exercises\/optic-flow\/#primaryimage"},"thumbnailUrl":"https:\/\/neuroforma.com.br\/novo\/wp-content\/uploads\/2014\/01\/icon-optic-flow-lm.jpg","datePublished":"2014-11-06T19:37:46+00:00","dateModified":"2017-10-10T21:08:39+00:00","breadcrumb":{"@id":"https:\/\/neuroforma.com.br\/novo\/why-brainhq\/about-the-exercises\/optic-flow\/#breadcrumb"},"inLanguage":"pt-BR","potentialAction":[{"@type":"ReadAction","target":["https:\/\/neuroforma.com.br\/novo\/why-brainhq\/about-the-exercises\/optic-flow\/"]}]},{"@type":"ImageObject","inLanguage":"pt-BR","@id":"https:\/\/neuroforma.com.br\/novo\/why-brainhq\/about-the-exercises\/optic-flow\/#primaryimage","url":"https:\/\/neuroforma.com.br\/novo\/wp-content\/uploads\/2014\/01\/icon-optic-flow-lm.jpg","contentUrl":"https:\/\/neuroforma.com.br\/novo\/wp-content\/uploads\/2014\/01\/icon-optic-flow-lm.jpg","width":105,"height":115},{"@type":"BreadcrumbList","@id":"https:\/\/neuroforma.com.br\/novo\/why-brainhq\/about-the-exercises\/optic-flow\/#breadcrumb","itemListElement":[{"@type":"ListItem","position":1,"name":"Home","item":"https:\/\/neuroforma.com.br\/novo\/"},{"@type":"ListItem","position":2,"name":"Fluxo Visual"}]},{"@type":"WebSite","@id":"https:\/\/neuroforma.com.br\/novo\/#website","url":"https:\/\/neuroforma.com.br\/novo\/","name":"","description":"","potentialAction":[{"@type":"SearchAction","target":{"@type":"EntryPoint","urlTemplate":"https:\/\/neuroforma.com.br\/novo\/?s={search_term_string}"},"query-input":{"@type":"PropertyValueSpecification","valueRequired":true,"valueName":"search_term_string"}}],"inLanguage":"pt-BR"}]}},"_links":{"self":[{"href":"https:\/\/neuroforma.com.br\/novo\/wp-json\/wp\/v2\/pages\/2066","targetHints":{"allow":["GET"]}}],"collection":[{"href":"https:\/\/neuroforma.com.br\/novo\/wp-json\/wp\/v2\/pages"}],"about":[{"href":"https:\/\/neuroforma.com.br\/novo\/wp-json\/wp\/v2\/types\/page"}],"author":[{"embeddable":true,"href":"https:\/\/neuroforma.com.br\/novo\/wp-json\/wp\/v2\/users\/1"}],"replies":[{"embeddable":true,"href":"https:\/\/neuroforma.com.br\/novo\/wp-json\/wp\/v2\/comments?post=2066"}],"version-history":[{"count":7,"href":"https:\/\/neuroforma.com.br\/novo\/wp-json\/wp\/v2\/pages\/2066\/revisions"}],"predecessor-version":[{"id":4479,"href":"https:\/\/neuroforma.com.br\/novo\/wp-json\/wp\/v2\/pages\/2066\/revisions\/4479"}],"wp:attachment":[{"href":"https:\/\/neuroforma.com.br\/novo\/wp-json\/wp\/v2\/media?parent=2066"}],"curies":[{"name":"wp","href":"https:\/\/api.w.org\/{rel}","templated":true}]}}