{"id":2061,"date":"2014-11-06T19:30:13","date_gmt":"2014-11-06T19:30:13","guid":{"rendered":"https:\/\/neuroforma.com.br\/novo\/?page_id=2061"},"modified":"2017-10-10T21:07:51","modified_gmt":"2017-10-10T21:07:51","slug":"mapa-mental","status":"publish","type":"page","link":"https:\/\/neuroforma.com.br\/novo\/why-brainhq\/about-the-exercises\/mental-map\/","title":{"rendered":"Mapa Mental"},"content":{"rendered":"<h1>Mapa Mental<\/h1>\n<a href=\"https:\/\/br.brainhq.com\/#ex-select\/navigation\" class=\"su-button su-button-style-flat\" style=\"color:#FFFFFF;background-color:#f3c800;border-color:#c3a000;border-radius:5px\" target=\"_blank\" rel=\"noopener noreferrer\"><span style=\"color:#FFFFFF;padding:0px 34px;font-size:25px;line-height:50px;border-color:#f7d94d;border-radius:5px;text-shadow:none\"> Pratique Agora!<\/span><\/a>\n<p>&nbsp;<\/p>\n<p><img loading=\"lazy\" decoding=\"async\" class=\"alignleft size-full wp-image-1235\" src=\"https:\/\/neuroforma.com.br\/novo\/wp-content\/uploads\/2014\/01\/icon-mental-maps-lm.jpg\" alt=\"icon-mental-maps-lm\" width=\"105\" height=\"115\" \/>Pontos de refer\u00eancia fornecem informa\u00e7\u00f5es sobre a sua localiza\u00e7\u00e3o e a dire\u00e7\u00e3o que voc\u00ea est\u00e1 indo. Para usar informa\u00e7\u00f5es de um ponto de refer\u00eancia ou um marco com sucesso, voc\u00ea precisa criar um mapa mental de uma cena e recordar as posi\u00e7\u00f5es relativas dos objetos importantes. Voc\u00ea tamb\u00e9m deve ser capaz de manipular mentalmente este mapa, de modo a n\u00e3o se perder caso entre em cena de um ponto de partida ou dire\u00e7\u00e3o diferente.<br \/>\nNo exerc\u00edcio Mapa Mental, seu objetivo \u00e9 lembrar a localiza\u00e7\u00e3o relativa dos objetos em uma grade e, em seguida, reconstruir essa grade a partir da sua mem\u00f3ria ap\u00f3s ela ter sido girada, invertida ou modificada (movida para cima, para baixo, \u00e0 direita ou \u00e0 esquerda).<br \/>\n\u00c0 medida em que voc\u00ea vai evoluindo no exerc\u00edcio, ele vai ficando mais dif\u00edcil das seguintes maneiras:<\/p>\n<ol>\n<li><strong>Os movimentos da grade ficam mais complexos<\/strong><\/li>\n<li><strong>Mais objetos s\u00e3o apresentados na grade<\/strong><\/li>\n<li><strong>Mais varia\u00e7\u00f5es de orienta\u00e7\u00e3o de objetos dentro da grade s\u00e3o adicionadas<\/strong><\/li>\n<li><strong>Diferentes conjuntos de objetos s\u00e3o usados.<\/strong><\/li>\n<\/ol>\n<p>Treine seu c\u00e9rebro com o exerc\u00edcio Mapa Mental para aprimorar suas capacidades de criar mapas mentais precisos e sua mem\u00f3ria espacial.<br \/>\n<strong>Mapas Mental em poucas palavras<\/strong><\/p>\n<table border=\"1\" width=\"790\" cellspacing=\"0\" cellpadding=\"0\">\n<tbody>\n<tr>\n<td bgcolor=\"#999999\" width=\"202\"><strong>O que voc\u00ea vai fazer<\/strong><\/td>\n<td bgcolor=\"#999999\" width=\"172\"><strong>O que vai melhorar<\/strong><\/td>\n<td bgcolor=\"#999999\" width=\"215\"><strong>Como o exerc\u00edcio muda<\/strong><\/td>\n<td bgcolor=\"#999999\" width=\"191\"><strong>Pontua\u00e7\u00e3o<\/strong><\/td>\n<\/tr>\n<tr>\n<td valign=\"top\" bgcolor=\"#CCCCCC\" width=\"202\">\n<ul>Lembrar da posi\u00e7\u00e3o relativa de objetos e, em seguida, reconstruir as posi\u00e7\u00f5es depois que a grade foi rodada, invertida ou espelhada.<\/ul>\n<\/td>\n<td valign=\"top\" bgcolor=\"#CCCCCC\" width=\"172\">\n<ol>\n<li>Mem\u00f3ria Espacial<\/li>\n<li>Manipula\u00e7\u00e3o Mental<\/li>\n<\/ol>\n<\/td>\n<td valign=\"top\" bgcolor=\"#CCCCCC\" width=\"215\">\n<ol>\n<li>Os movimentos da grade ficam mais complexos<\/li>\n<li>Mais objetos s\u00e3o apresentados<\/li>\n<li>Varia\u00e7\u00f5es de orienta\u00e7\u00e3o de objetos s\u00e3o adicionadas<\/li>\n<li>Conjuntos de objetos diferentes s\u00e3o utilizados<\/li>\n<\/ol>\n<\/td>\n<td valign=\"top\" bgcolor=\"#CCCCCC\" width=\"191\">\n<ul>A sua pontua\u00e7\u00e3o \u00e9 baseada no n\u00edvel de complexidade dos movimentos da grade que voc\u00ea alcan\u00e7ar.<\/ul>\n<\/td>\n<\/tr>\n<\/tbody>\n<\/table>\n","protected":false},"excerpt":{"rendered":"<p>Mapa Mental &nbsp; Pontos de refer\u00eancia fornecem informa\u00e7\u00f5es sobre a sua localiza\u00e7\u00e3o e a dire\u00e7\u00e3o que voc\u00ea est\u00e1 indo. Para usar informa\u00e7\u00f5es de um ponto de refer\u00eancia ou um marco com sucesso, voc\u00ea precisa criar um mapa mental de uma cena e recordar as posi\u00e7\u00f5es relativas dos objetos importantes. Voc\u00ea tamb\u00e9m deve ser capaz de &hellip; <a href=\"https:\/\/neuroforma.com.br\/novo\/why-brainhq\/about-the-exercises\/mental-map\/\" class=\"more-link\">Continue lendo <span class=\"screen-reader-text\">Mapa Mental<\/span> <span class=\"meta-nav\">&rarr;<\/span><\/a><\/p>\n","protected":false},"author":1,"featured_media":0,"parent":0,"menu_order":0,"comment_status":"closed","ping_status":"closed","template":"","meta":{"footnotes":""},"class_list":["post-2061","page","type-page","status-publish","hentry","repupress_customize_woocommerce_productom_class"],"yoast_head":"<!-- This site is optimized with the Yoast SEO plugin v26.9 - https:\/\/yoast.com\/product\/yoast-seo-wordpress\/ -->\n<title>Mapa Mental -<\/title>\n<meta name=\"robots\" content=\"index, follow, max-snippet:-1, max-image-preview:large, max-video-preview:-1\" \/>\n<link rel=\"canonical\" href=\"https:\/\/neuroforma.com.br\/novo\/why-brainhq\/about-the-exercises\/mental-map\/\" \/>\n<meta property=\"og:locale\" content=\"pt_BR\" \/>\n<meta property=\"og:type\" content=\"article\" \/>\n<meta property=\"og:title\" content=\"Mapa Mental -\" \/>\n<meta property=\"og:description\" content=\"Mapa Mental &nbsp; Pontos de refer\u00eancia fornecem informa\u00e7\u00f5es sobre a sua localiza\u00e7\u00e3o e a dire\u00e7\u00e3o que voc\u00ea est\u00e1 indo. Para usar informa\u00e7\u00f5es de um ponto de refer\u00eancia ou um marco com sucesso, voc\u00ea precisa criar um mapa mental de uma cena e recordar as posi\u00e7\u00f5es relativas dos objetos importantes. Voc\u00ea tamb\u00e9m deve ser capaz de &hellip; Continue lendo Mapa Mental &rarr;\" \/>\n<meta property=\"og:url\" content=\"https:\/\/neuroforma.com.br\/novo\/why-brainhq\/about-the-exercises\/mental-map\/\" \/>\n<meta property=\"article:modified_time\" content=\"2017-10-10T21:07:51+00:00\" \/>\n<meta property=\"og:image\" content=\"https:\/\/neuroforma.com.br\/novo\/wp-content\/uploads\/2014\/01\/icon-mental-maps-lm.jpg\" \/>\n<meta name=\"twitter:label1\" content=\"Est. tempo de leitura\" \/>\n\t<meta name=\"twitter:data1\" content=\"2 minutos\" \/>\n<script type=\"application\/ld+json\" class=\"yoast-schema-graph\">{\"@context\":\"https:\/\/schema.org\",\"@graph\":[{\"@type\":\"WebPage\",\"@id\":\"https:\/\/neuroforma.com.br\/novo\/why-brainhq\/about-the-exercises\/mental-map\/\",\"url\":\"https:\/\/neuroforma.com.br\/novo\/why-brainhq\/about-the-exercises\/mental-map\/\",\"name\":\"Mapa Mental -\",\"isPartOf\":{\"@id\":\"https:\/\/neuroforma.com.br\/novo\/#website\"},\"primaryImageOfPage\":{\"@id\":\"https:\/\/neuroforma.com.br\/novo\/why-brainhq\/about-the-exercises\/mental-map\/#primaryimage\"},\"image\":{\"@id\":\"https:\/\/neuroforma.com.br\/novo\/why-brainhq\/about-the-exercises\/mental-map\/#primaryimage\"},\"thumbnailUrl\":\"https:\/\/neuroforma.com.br\/novo\/wp-content\/uploads\/2014\/01\/icon-mental-maps-lm.jpg\",\"datePublished\":\"2014-11-06T19:30:13+00:00\",\"dateModified\":\"2017-10-10T21:07:51+00:00\",\"breadcrumb\":{\"@id\":\"https:\/\/neuroforma.com.br\/novo\/why-brainhq\/about-the-exercises\/mental-map\/#breadcrumb\"},\"inLanguage\":\"pt-BR\",\"potentialAction\":[{\"@type\":\"ReadAction\",\"target\":[\"https:\/\/neuroforma.com.br\/novo\/why-brainhq\/about-the-exercises\/mental-map\/\"]}]},{\"@type\":\"ImageObject\",\"inLanguage\":\"pt-BR\",\"@id\":\"https:\/\/neuroforma.com.br\/novo\/why-brainhq\/about-the-exercises\/mental-map\/#primaryimage\",\"url\":\"https:\/\/neuroforma.com.br\/novo\/wp-content\/uploads\/2014\/01\/icon-mental-maps-lm.jpg\",\"contentUrl\":\"https:\/\/neuroforma.com.br\/novo\/wp-content\/uploads\/2014\/01\/icon-mental-maps-lm.jpg\",\"width\":105,\"height\":115},{\"@type\":\"BreadcrumbList\",\"@id\":\"https:\/\/neuroforma.com.br\/novo\/why-brainhq\/about-the-exercises\/mental-map\/#breadcrumb\",\"itemListElement\":[{\"@type\":\"ListItem\",\"position\":1,\"name\":\"Home\",\"item\":\"https:\/\/neuroforma.com.br\/novo\/\"},{\"@type\":\"ListItem\",\"position\":2,\"name\":\"Mapa Mental\"}]},{\"@type\":\"WebSite\",\"@id\":\"https:\/\/neuroforma.com.br\/novo\/#website\",\"url\":\"https:\/\/neuroforma.com.br\/novo\/\",\"name\":\"\",\"description\":\"\",\"potentialAction\":[{\"@type\":\"SearchAction\",\"target\":{\"@type\":\"EntryPoint\",\"urlTemplate\":\"https:\/\/neuroforma.com.br\/novo\/?s={search_term_string}\"},\"query-input\":{\"@type\":\"PropertyValueSpecification\",\"valueRequired\":true,\"valueName\":\"search_term_string\"}}],\"inLanguage\":\"pt-BR\"}]}<\/script>\n<!-- \/ Yoast SEO plugin. -->","yoast_head_json":{"title":"Mapa Mental -","robots":{"index":"index","follow":"follow","max-snippet":"max-snippet:-1","max-image-preview":"max-image-preview:large","max-video-preview":"max-video-preview:-1"},"canonical":"https:\/\/neuroforma.com.br\/novo\/why-brainhq\/about-the-exercises\/mental-map\/","og_locale":"pt_BR","og_type":"article","og_title":"Mapa Mental -","og_description":"Mapa Mental &nbsp; Pontos de refer\u00eancia fornecem informa\u00e7\u00f5es sobre a sua localiza\u00e7\u00e3o e a dire\u00e7\u00e3o que voc\u00ea est\u00e1 indo. Para usar informa\u00e7\u00f5es de um ponto de refer\u00eancia ou um marco com sucesso, voc\u00ea precisa criar um mapa mental de uma cena e recordar as posi\u00e7\u00f5es relativas dos objetos importantes. Voc\u00ea tamb\u00e9m deve ser capaz de &hellip; Continue lendo Mapa Mental &rarr;","og_url":"https:\/\/neuroforma.com.br\/novo\/why-brainhq\/about-the-exercises\/mental-map\/","article_modified_time":"2017-10-10T21:07:51+00:00","og_image":[{"url":"https:\/\/neuroforma.com.br\/novo\/wp-content\/uploads\/2014\/01\/icon-mental-maps-lm.jpg","type":"","width":"","height":""}],"twitter_misc":{"Est. tempo de leitura":"2 minutos"},"schema":{"@context":"https:\/\/schema.org","@graph":[{"@type":"WebPage","@id":"https:\/\/neuroforma.com.br\/novo\/why-brainhq\/about-the-exercises\/mental-map\/","url":"https:\/\/neuroforma.com.br\/novo\/why-brainhq\/about-the-exercises\/mental-map\/","name":"Mapa Mental -","isPartOf":{"@id":"https:\/\/neuroforma.com.br\/novo\/#website"},"primaryImageOfPage":{"@id":"https:\/\/neuroforma.com.br\/novo\/why-brainhq\/about-the-exercises\/mental-map\/#primaryimage"},"image":{"@id":"https:\/\/neuroforma.com.br\/novo\/why-brainhq\/about-the-exercises\/mental-map\/#primaryimage"},"thumbnailUrl":"https:\/\/neuroforma.com.br\/novo\/wp-content\/uploads\/2014\/01\/icon-mental-maps-lm.jpg","datePublished":"2014-11-06T19:30:13+00:00","dateModified":"2017-10-10T21:07:51+00:00","breadcrumb":{"@id":"https:\/\/neuroforma.com.br\/novo\/why-brainhq\/about-the-exercises\/mental-map\/#breadcrumb"},"inLanguage":"pt-BR","potentialAction":[{"@type":"ReadAction","target":["https:\/\/neuroforma.com.br\/novo\/why-brainhq\/about-the-exercises\/mental-map\/"]}]},{"@type":"ImageObject","inLanguage":"pt-BR","@id":"https:\/\/neuroforma.com.br\/novo\/why-brainhq\/about-the-exercises\/mental-map\/#primaryimage","url":"https:\/\/neuroforma.com.br\/novo\/wp-content\/uploads\/2014\/01\/icon-mental-maps-lm.jpg","contentUrl":"https:\/\/neuroforma.com.br\/novo\/wp-content\/uploads\/2014\/01\/icon-mental-maps-lm.jpg","width":105,"height":115},{"@type":"BreadcrumbList","@id":"https:\/\/neuroforma.com.br\/novo\/why-brainhq\/about-the-exercises\/mental-map\/#breadcrumb","itemListElement":[{"@type":"ListItem","position":1,"name":"Home","item":"https:\/\/neuroforma.com.br\/novo\/"},{"@type":"ListItem","position":2,"name":"Mapa Mental"}]},{"@type":"WebSite","@id":"https:\/\/neuroforma.com.br\/novo\/#website","url":"https:\/\/neuroforma.com.br\/novo\/","name":"","description":"","potentialAction":[{"@type":"SearchAction","target":{"@type":"EntryPoint","urlTemplate":"https:\/\/neuroforma.com.br\/novo\/?s={search_term_string}"},"query-input":{"@type":"PropertyValueSpecification","valueRequired":true,"valueName":"search_term_string"}}],"inLanguage":"pt-BR"}]}},"_links":{"self":[{"href":"https:\/\/neuroforma.com.br\/novo\/wp-json\/wp\/v2\/pages\/2061","targetHints":{"allow":["GET"]}}],"collection":[{"href":"https:\/\/neuroforma.com.br\/novo\/wp-json\/wp\/v2\/pages"}],"about":[{"href":"https:\/\/neuroforma.com.br\/novo\/wp-json\/wp\/v2\/types\/page"}],"author":[{"embeddable":true,"href":"https:\/\/neuroforma.com.br\/novo\/wp-json\/wp\/v2\/users\/1"}],"replies":[{"embeddable":true,"href":"https:\/\/neuroforma.com.br\/novo\/wp-json\/wp\/v2\/comments?post=2061"}],"version-history":[{"count":9,"href":"https:\/\/neuroforma.com.br\/novo\/wp-json\/wp\/v2\/pages\/2061\/revisions"}],"predecessor-version":[{"id":4478,"href":"https:\/\/neuroforma.com.br\/novo\/wp-json\/wp\/v2\/pages\/2061\/revisions\/4478"}],"wp:attachment":[{"href":"https:\/\/neuroforma.com.br\/novo\/wp-json\/wp\/v2\/media?parent=2061"}],"curies":[{"name":"wp","href":"https:\/\/api.w.org\/{rel}","templated":true}]}}