{"id":2056,"date":"2014-11-06T19:24:35","date_gmt":"2014-11-06T19:24:35","guid":{"rendered":"https:\/\/neuroforma.com.br\/novo\/?page_id=2056"},"modified":"2017-10-10T21:09:56","modified_gmt":"2017-10-10T21:09:56","slug":"rumo-certo","status":"publish","type":"page","link":"https:\/\/neuroforma.com.br\/novo\/why-brainhq\/about-the-exercises\/true-north\/","title":{"rendered":"Rumo Certo"},"content":{"rendered":"<h1>Rumo certo<\/h1>\n<a href=\"https:\/\/br.brainhq.com\/#ex-select\/navigation\" class=\"su-button su-button-style-flat\" style=\"color:#FFFFFF;background-color:#f3c800;border-color:#c3a000;border-radius:5px\" target=\"_blank\" rel=\"noopener noreferrer\"><span style=\"color:#FFFFFF;padding:0px 34px;font-size:25px;line-height:50px;border-color:#f7d94d;border-radius:5px;text-shadow:none\"> Pratique Agora!<\/span><\/a>\n<p>&nbsp;<\/p>\n<p><img loading=\"lazy\" decoding=\"async\" class=\"alignleft\" src=\"https:\/\/neuroforma.com.br\/novo\/wp-content\/uploads\/2014\/01\/icon-true-north-lm.jpg\" alt=\"icon-true-north-lm\" width=\"105\" height=\"115\" \/>Visitar uma nova cidade pode ser divertido e gratificante, mas encontrar o caminho de volta pode ser um desafio. Muitas vezes voc\u00ea tem que seguir uma sequ\u00eancia de instru\u00e7\u00f5es para chegar ao seu destino. Voc\u00ea tem que armazenar uma s\u00e9rie de coisas em sua mem\u00f3ria: as dist\u00e2ncias, a dire\u00e7\u00e3o que voc\u00ea est\u00e1 indo, e muito mais. \u00c9 preciso muita coordena\u00e7\u00e3o cerebral para transitar com sucesso num sistema desconhecido ou lugar!<\/p>\n<p>&nbsp;<\/p>\n<p>O Rumo Certo \u00e9 um exerc\u00edcio de treinamento do c\u00e9rebro que ajuda voc\u00ea a memorizar esse tipo de informa\u00e7\u00e3o e seguir instru\u00e7\u00f5es de tr\u00e2nsito cada vez mais complexas, mantendo simultaneamente o controle de uma constante mudan\u00e7a das dire\u00e7\u00f5es cardeais. Este tipo de mapeamento mental \u00e9 \u00fatil quando voc\u00ea est\u00e1 literalmente seguindo instru\u00e7\u00f5es e tentando chegar do ponto A ao ponto B. Isso tamb\u00e9m ajuda a melhorar a sua mem\u00f3ria para multi-tarefas, al\u00e9m de aprimorar suas habilidades de mem\u00f3ria de curto prazo em outras situa\u00e7\u00f5es.<br \/>\nAs instru\u00e7\u00f5es nos n\u00edveis 2, 3 e 4 do Rumo Certo podem soar um pouco estranhas para voc\u00ea num primeiro momento. O treino de processamento de discurso semelhante ao exerc\u00edcio <a href=\"https:\/\/neuroforma.com.br\/novo\/why-brainhq\/about-the-exercises\/memory-grid\">Jogo da Mem\u00f3ria<\/a> \u00e9 aplicado juntamente com instru\u00e7\u00f5es para melhor a capacitar o seu c\u00e9rebro no dom\u00ednio da mem\u00f3ria auditiva da tarefa.<br \/>\nNo Rumo Certo, voc\u00ea vai seguir as instru\u00e7\u00f5es para chegar a um destino de trem. Voc\u00ea deve se lembrar em quais esta\u00e7\u00f5es deve saltar e as dire\u00e7\u00f5es corretamente.<\/p>\n<p>Na medida em que o exerc\u00edcio progride, ele se torna mais dif\u00edcil nas seguintes maneiras:<\/p>\n<ol>\n<li><strong>O n\u00famero de instru\u00e7\u00f5es aumenta.<\/strong><\/li>\n<li><strong>As instru\u00e7\u00f5es se tornam mais complexas e confusas.<\/strong><\/li>\n<li><strong>As informa\u00e7\u00f5es de orienta\u00e7\u00e3o se tornam mais complexas.<\/strong><\/li>\n<li><strong>O discurso se torna mais r\u00e1pido e menos processado.<\/strong><\/li>\n<\/ol>\n<p>&nbsp;<\/p>\n<p>Treine com o exerc\u00edcio Rumo Certo para se sentir mais confiante em sua capacidade de navegar em novos ambientes.<br \/>\n<strong>Rumo certo em poucas palavras<\/strong><\/p>\n<table border=\"1\" width=\"781\" cellspacing=\"0\" cellpadding=\"0\">\n<tbody>\n<tr>\n<td bgcolor=\"#999999\" width=\"220\"><strong>O que voc\u00ea vai fazer<\/strong><\/td>\n<td bgcolor=\"#999999\" width=\"164\"><strong>O que vai melhorar<\/strong><\/td>\n<td bgcolor=\"#999999\" width=\"200\"><strong>Como o exerc\u00edcio muda<\/strong><\/td>\n<td bgcolor=\"#999999\" width=\"187\"><strong>Pontua\u00e7\u00e3o<\/strong><\/td>\n<\/tr>\n<tr>\n<td valign=\"top\" bgcolor=\"#CCCCCC\" width=\"220\">\n<ul>Ou\u00e7a um conjunto de instru\u00e7\u00f5es. Entre num trem que est\u00e1 indo na dire\u00e7\u00e3o desejada e des\u00e7a no local correto.<\/ul>\n<\/td>\n<td valign=\"top\" bgcolor=\"#CCCCCC\" width=\"164\">\n<ol>\n<li>Orienta\u00e7\u00e3o<\/li>\n<li>Mem\u00f3ria Verbal<\/li>\n<li>Mem\u00f3ria Espacial<\/li>\n<\/ol>\n<\/td>\n<td valign=\"top\" bgcolor=\"#CCCCCC\" width=\"200\">\n<ol>\n<li>As instru\u00e7\u00f5es se tornam cada vez mais complexas e confusas.<\/li>\n<li>As informa\u00e7\u00f5es de orienta\u00e7\u00e3o se tornam mais complexas<\/li>\n<li>O discurso se torna cada vez mais r\u00e1pido.<\/li>\n<\/ol>\n<\/td>\n<td valign=\"top\" bgcolor=\"#CCCCCC\" width=\"187\">\n<ul>A sua pontua\u00e7\u00e3o \u00e9 o n\u00famero total de instru\u00e7\u00f5es que voc\u00ea conseguiu seguir.<\/ul>\n<\/td>\n<\/tr>\n<\/tbody>\n<\/table>\n","protected":false},"excerpt":{"rendered":"<p>Rumo certo &nbsp; Visitar uma nova cidade pode ser divertido e gratificante, mas encontrar o caminho de volta pode ser um desafio. Muitas vezes voc\u00ea tem que seguir uma sequ\u00eancia de instru\u00e7\u00f5es para chegar ao seu destino. Voc\u00ea tem que armazenar uma s\u00e9rie de coisas em sua mem\u00f3ria: as dist\u00e2ncias, a dire\u00e7\u00e3o que voc\u00ea est\u00e1 &hellip; <a href=\"https:\/\/neuroforma.com.br\/novo\/why-brainhq\/about-the-exercises\/true-north\/\" class=\"more-link\">Continue lendo <span class=\"screen-reader-text\">Rumo Certo<\/span> <span class=\"meta-nav\">&rarr;<\/span><\/a><\/p>\n","protected":false},"author":1,"featured_media":0,"parent":0,"menu_order":0,"comment_status":"closed","ping_status":"closed","template":"","meta":{"footnotes":""},"class_list":["post-2056","page","type-page","status-publish","hentry","repupress_customize_woocommerce_productom_class"],"yoast_head":"<!-- This site is optimized with the Yoast SEO plugin v26.9 - https:\/\/yoast.com\/product\/yoast-seo-wordpress\/ -->\n<title>Rumo Certo -<\/title>\n<meta name=\"robots\" content=\"index, follow, max-snippet:-1, max-image-preview:large, max-video-preview:-1\" \/>\n<link rel=\"canonical\" href=\"https:\/\/neuroforma.com.br\/novo\/why-brainhq\/about-the-exercises\/true-north\/\" \/>\n<meta property=\"og:locale\" content=\"pt_BR\" \/>\n<meta property=\"og:type\" content=\"article\" \/>\n<meta property=\"og:title\" content=\"Rumo Certo -\" \/>\n<meta property=\"og:description\" content=\"Rumo certo &nbsp; Visitar uma nova cidade pode ser divertido e gratificante, mas encontrar o caminho de volta pode ser um desafio. Muitas vezes voc\u00ea tem que seguir uma sequ\u00eancia de instru\u00e7\u00f5es para chegar ao seu destino. Voc\u00ea tem que armazenar uma s\u00e9rie de coisas em sua mem\u00f3ria: as dist\u00e2ncias, a dire\u00e7\u00e3o que voc\u00ea est\u00e1 &hellip; Continue lendo Rumo Certo &rarr;\" \/>\n<meta property=\"og:url\" content=\"https:\/\/neuroforma.com.br\/novo\/why-brainhq\/about-the-exercises\/true-north\/\" \/>\n<meta property=\"article:modified_time\" content=\"2017-10-10T21:09:56+00:00\" \/>\n<meta property=\"og:image\" content=\"https:\/\/neuroforma.com.br\/novo\/wp-content\/uploads\/2014\/01\/icon-true-north-lm.jpg\" \/>\n<meta name=\"twitter:label1\" content=\"Est. tempo de leitura\" \/>\n\t<meta name=\"twitter:data1\" content=\"2 minutos\" \/>\n<script type=\"application\/ld+json\" class=\"yoast-schema-graph\">{\"@context\":\"https:\/\/schema.org\",\"@graph\":[{\"@type\":\"WebPage\",\"@id\":\"https:\/\/neuroforma.com.br\/novo\/why-brainhq\/about-the-exercises\/true-north\/\",\"url\":\"https:\/\/neuroforma.com.br\/novo\/why-brainhq\/about-the-exercises\/true-north\/\",\"name\":\"Rumo Certo -\",\"isPartOf\":{\"@id\":\"https:\/\/neuroforma.com.br\/novo\/#website\"},\"primaryImageOfPage\":{\"@id\":\"https:\/\/neuroforma.com.br\/novo\/why-brainhq\/about-the-exercises\/true-north\/#primaryimage\"},\"image\":{\"@id\":\"https:\/\/neuroforma.com.br\/novo\/why-brainhq\/about-the-exercises\/true-north\/#primaryimage\"},\"thumbnailUrl\":\"https:\/\/neuroforma.com.br\/novo\/wp-content\/uploads\/2014\/01\/icon-true-north-lm.jpg\",\"datePublished\":\"2014-11-06T19:24:35+00:00\",\"dateModified\":\"2017-10-10T21:09:56+00:00\",\"breadcrumb\":{\"@id\":\"https:\/\/neuroforma.com.br\/novo\/why-brainhq\/about-the-exercises\/true-north\/#breadcrumb\"},\"inLanguage\":\"pt-BR\",\"potentialAction\":[{\"@type\":\"ReadAction\",\"target\":[\"https:\/\/neuroforma.com.br\/novo\/why-brainhq\/about-the-exercises\/true-north\/\"]}]},{\"@type\":\"ImageObject\",\"inLanguage\":\"pt-BR\",\"@id\":\"https:\/\/neuroforma.com.br\/novo\/why-brainhq\/about-the-exercises\/true-north\/#primaryimage\",\"url\":\"https:\/\/neuroforma.com.br\/novo\/wp-content\/uploads\/2014\/01\/icon-true-north-lm.jpg\",\"contentUrl\":\"https:\/\/neuroforma.com.br\/novo\/wp-content\/uploads\/2014\/01\/icon-true-north-lm.jpg\",\"width\":105,\"height\":115},{\"@type\":\"BreadcrumbList\",\"@id\":\"https:\/\/neuroforma.com.br\/novo\/why-brainhq\/about-the-exercises\/true-north\/#breadcrumb\",\"itemListElement\":[{\"@type\":\"ListItem\",\"position\":1,\"name\":\"Home\",\"item\":\"https:\/\/neuroforma.com.br\/novo\/\"},{\"@type\":\"ListItem\",\"position\":2,\"name\":\"Rumo Certo\"}]},{\"@type\":\"WebSite\",\"@id\":\"https:\/\/neuroforma.com.br\/novo\/#website\",\"url\":\"https:\/\/neuroforma.com.br\/novo\/\",\"name\":\"\",\"description\":\"\",\"potentialAction\":[{\"@type\":\"SearchAction\",\"target\":{\"@type\":\"EntryPoint\",\"urlTemplate\":\"https:\/\/neuroforma.com.br\/novo\/?s={search_term_string}\"},\"query-input\":{\"@type\":\"PropertyValueSpecification\",\"valueRequired\":true,\"valueName\":\"search_term_string\"}}],\"inLanguage\":\"pt-BR\"}]}<\/script>\n<!-- \/ Yoast SEO plugin. -->","yoast_head_json":{"title":"Rumo Certo -","robots":{"index":"index","follow":"follow","max-snippet":"max-snippet:-1","max-image-preview":"max-image-preview:large","max-video-preview":"max-video-preview:-1"},"canonical":"https:\/\/neuroforma.com.br\/novo\/why-brainhq\/about-the-exercises\/true-north\/","og_locale":"pt_BR","og_type":"article","og_title":"Rumo Certo -","og_description":"Rumo certo &nbsp; Visitar uma nova cidade pode ser divertido e gratificante, mas encontrar o caminho de volta pode ser um desafio. Muitas vezes voc\u00ea tem que seguir uma sequ\u00eancia de instru\u00e7\u00f5es para chegar ao seu destino. Voc\u00ea tem que armazenar uma s\u00e9rie de coisas em sua mem\u00f3ria: as dist\u00e2ncias, a dire\u00e7\u00e3o que voc\u00ea est\u00e1 &hellip; Continue lendo Rumo Certo &rarr;","og_url":"https:\/\/neuroforma.com.br\/novo\/why-brainhq\/about-the-exercises\/true-north\/","article_modified_time":"2017-10-10T21:09:56+00:00","og_image":[{"url":"https:\/\/neuroforma.com.br\/novo\/wp-content\/uploads\/2014\/01\/icon-true-north-lm.jpg","type":"","width":"","height":""}],"twitter_misc":{"Est. tempo de leitura":"2 minutos"},"schema":{"@context":"https:\/\/schema.org","@graph":[{"@type":"WebPage","@id":"https:\/\/neuroforma.com.br\/novo\/why-brainhq\/about-the-exercises\/true-north\/","url":"https:\/\/neuroforma.com.br\/novo\/why-brainhq\/about-the-exercises\/true-north\/","name":"Rumo Certo -","isPartOf":{"@id":"https:\/\/neuroforma.com.br\/novo\/#website"},"primaryImageOfPage":{"@id":"https:\/\/neuroforma.com.br\/novo\/why-brainhq\/about-the-exercises\/true-north\/#primaryimage"},"image":{"@id":"https:\/\/neuroforma.com.br\/novo\/why-brainhq\/about-the-exercises\/true-north\/#primaryimage"},"thumbnailUrl":"https:\/\/neuroforma.com.br\/novo\/wp-content\/uploads\/2014\/01\/icon-true-north-lm.jpg","datePublished":"2014-11-06T19:24:35+00:00","dateModified":"2017-10-10T21:09:56+00:00","breadcrumb":{"@id":"https:\/\/neuroforma.com.br\/novo\/why-brainhq\/about-the-exercises\/true-north\/#breadcrumb"},"inLanguage":"pt-BR","potentialAction":[{"@type":"ReadAction","target":["https:\/\/neuroforma.com.br\/novo\/why-brainhq\/about-the-exercises\/true-north\/"]}]},{"@type":"ImageObject","inLanguage":"pt-BR","@id":"https:\/\/neuroforma.com.br\/novo\/why-brainhq\/about-the-exercises\/true-north\/#primaryimage","url":"https:\/\/neuroforma.com.br\/novo\/wp-content\/uploads\/2014\/01\/icon-true-north-lm.jpg","contentUrl":"https:\/\/neuroforma.com.br\/novo\/wp-content\/uploads\/2014\/01\/icon-true-north-lm.jpg","width":105,"height":115},{"@type":"BreadcrumbList","@id":"https:\/\/neuroforma.com.br\/novo\/why-brainhq\/about-the-exercises\/true-north\/#breadcrumb","itemListElement":[{"@type":"ListItem","position":1,"name":"Home","item":"https:\/\/neuroforma.com.br\/novo\/"},{"@type":"ListItem","position":2,"name":"Rumo Certo"}]},{"@type":"WebSite","@id":"https:\/\/neuroforma.com.br\/novo\/#website","url":"https:\/\/neuroforma.com.br\/novo\/","name":"","description":"","potentialAction":[{"@type":"SearchAction","target":{"@type":"EntryPoint","urlTemplate":"https:\/\/neuroforma.com.br\/novo\/?s={search_term_string}"},"query-input":{"@type":"PropertyValueSpecification","valueRequired":true,"valueName":"search_term_string"}}],"inLanguage":"pt-BR"}]}},"_links":{"self":[{"href":"https:\/\/neuroforma.com.br\/novo\/wp-json\/wp\/v2\/pages\/2056","targetHints":{"allow":["GET"]}}],"collection":[{"href":"https:\/\/neuroforma.com.br\/novo\/wp-json\/wp\/v2\/pages"}],"about":[{"href":"https:\/\/neuroforma.com.br\/novo\/wp-json\/wp\/v2\/types\/page"}],"author":[{"embeddable":true,"href":"https:\/\/neuroforma.com.br\/novo\/wp-json\/wp\/v2\/users\/1"}],"replies":[{"embeddable":true,"href":"https:\/\/neuroforma.com.br\/novo\/wp-json\/wp\/v2\/comments?post=2056"}],"version-history":[{"count":12,"href":"https:\/\/neuroforma.com.br\/novo\/wp-json\/wp\/v2\/pages\/2056\/revisions"}],"predecessor-version":[{"id":4481,"href":"https:\/\/neuroforma.com.br\/novo\/wp-json\/wp\/v2\/pages\/2056\/revisions\/4481"}],"wp:attachment":[{"href":"https:\/\/neuroforma.com.br\/novo\/wp-json\/wp\/v2\/media?parent=2056"}],"curies":[{"name":"wp","href":"https:\/\/api.w.org\/{rel}","templated":true}]}}