{"id":2040,"date":"2014-11-06T18:49:39","date_gmt":"2014-11-06T18:49:39","guid":{"rendered":"https:\/\/neuroforma.com.br\/novo\/?page_id=2040"},"modified":"2017-10-10T21:09:32","modified_gmt":"2017-10-10T21:09:32","slug":"giro-mental","status":"publish","type":"page","link":"https:\/\/neuroforma.com.br\/novo\/why-brainhq\/about-the-exercises\/right-turn\/","title":{"rendered":"Giro Mental"},"content":{"rendered":"<h1>Giro Mental<\/h1>\n<a href=\"https:\/\/br.brainhq.com\/#ex-select\/navigation\" class=\"su-button su-button-style-flat\" style=\"color:#FFFFFF;background-color:#f3c800;border-color:#c3a000;border-radius:5px\" target=\"_blank\" rel=\"noopener noreferrer\"><span style=\"color:#FFFFFF;padding:0px 34px;font-size:25px;line-height:50px;border-color:#f7d94d;border-radius:5px;text-shadow:none\"> Pratique Agora!<\/span><\/a>\n<p>&nbsp;<\/p>\n<p><a href=\"https:\/\/neuroforma.com.br\/novo\/wp-content\/uploads\/2014\/01\/icon-right-turn-lm.jpg\"><img loading=\"lazy\" decoding=\"async\" class=\"size-full wp-image-1239 alignleft\" src=\"https:\/\/neuroforma.com.br\/novo\/wp-content\/uploads\/2014\/01\/icon-right-turn-lm.jpg\" alt=\"icon-right-turn-lm\" width=\"105\" height=\"115\" \/><\/a>Giro Mental foi desenvolvido para exercitar suas habilidades mentais de rota\u00e7\u00e3o espacial. Voc\u00ea faz uso dessas habilidades numa s\u00e9rie de atividades \u2013 desde fazer as malas de forma eficiente para uma viagem, organizar espa\u00e7os em sua casa, at\u00e9 encontrar o caminho correto quando passeia por um lugar desconhecido.<\/p>\n<p>&nbsp;<\/p>\n<p>A rota\u00e7\u00e3o mental na verdade pode ajudar no desempenho do seu c\u00e9rebro numa variedade de situa\u00e7\u00f5es. Para al\u00e9m de tarefas cotidianas, os cientistas descobriram recentemente que as pessoas que se destacam na capacidade de rota\u00e7\u00e3o mental tendem a ser significativamente mais criativas e melhores em matem\u00e1tica e ci\u00eancias do que aquelas que n\u00e3o t\u00eam essa habilidade.<\/p>\n<p>&nbsp;<\/p>\n<p>No exerc\u00edcio, duas imagens s\u00e3o colocadas lado a lado. Uma das imagens \u00e9 rodada em rela\u00e7\u00e3o \u00e0 outra. A sua tarefa \u00e9 decidir se as imagens s\u00e3o a mesma ou se eles s\u00e3o imagens espelhadas uma da outra. Isso requer que voc\u00ea gire as imagens em sua mente para que voc\u00ea possa rapidamente compar\u00e1-las entre si e tomar uma decis\u00e3o.<\/p>\n<p>&nbsp;<\/p>\n<p><strong>\u00c0 medida que voc\u00ea evolui, os exerc\u00edcios ficam mais dif\u00edceis das seguintes maneiras:<\/strong><br \/>\n<strong> 1. O tempo que voc\u00ea tem para comparar as imagens \u00e9 reduzido.<\/strong><br \/>\n<strong> 2. As imagens originais e espelhos se tornam mais semelhantes.<\/strong><br \/>\n<strong> 3. Imagens diferentes s\u00e3o usadas.<\/strong><\/p>\n<p>&nbsp;<\/p>\n<p>Treine com o Giro Mental para melhorar suas habilidades de rota\u00e7\u00e3o espacial, criatividade e at\u00e9 com n\u00fameros.<br \/>\n<strong>Giro Mental em poucas palavras<\/strong><\/p>\n<p>&nbsp;<\/p>\n<table border=\"1\" width=\"801\" cellspacing=\"0\" cellpadding=\"0\">\n<tbody>\n<tr>\n<td bgcolor=\"#999999\" width=\"163\"><strong>O que voc\u00ea vai fazer<\/strong><\/td>\n<td bgcolor=\"#999999\" width=\"130\"><strong>O que vai melhorar<\/strong><\/td>\n<td bgcolor=\"#999999\" width=\"200\"><strong>Como o exerc\u00edcio muda<\/strong><\/td>\n<td bgcolor=\"#999999\" width=\"298\"><strong>Como voc\u00ea ganha pontos<\/strong><\/td>\n<\/tr>\n<tr>\n<td valign=\"top\" bgcolor=\"#CCCCCC\" width=\"163\">\n<ul>Fa\u00e7a rota\u00e7\u00f5es mentais de imagens e as compare para ver se elas combinam<\/ul>\n<\/td>\n<td valign=\"top\" bgcolor=\"#CCCCCC\" width=\"130\">\n<ul>\n<li>Habilidades de Orienta\u00e7\u00e3o<\/li>\n<li>Manipula\u00e7\u00f5es Mentais<\/li>\n<\/ul>\n<\/td>\n<td valign=\"top\" bgcolor=\"#CCCCCC\" width=\"200\">\n<ol>\n<li>Os pares de imagens se tornam mais similares<\/li>\n<li>Conjuntos de imagens diferentes s\u00e3o utilizados<\/li>\n<\/ol>\n<\/td>\n<td valign=\"top\" bgcolor=\"#CCCCCC\" width=\"298\">\n<ul>\n<li>\u00c0 medida que voc\u00ea melhora, voc\u00ea tem menos tempo para fazer uma compara\u00e7\u00e3o. Sua pontua\u00e7\u00e3o \u00e9 o n\u00famero de milissegundos que o par de imagens fica na tela.<\/li>\n<\/ul>\n<\/td>\n<\/tr>\n<\/tbody>\n<\/table>\n","protected":false},"excerpt":{"rendered":"<p>Giro Mental &nbsp; Giro Mental foi desenvolvido para exercitar suas habilidades mentais de rota\u00e7\u00e3o espacial. Voc\u00ea faz uso dessas habilidades numa s\u00e9rie de atividades \u2013 desde fazer as malas de forma eficiente para uma viagem, organizar espa\u00e7os em sua casa, at\u00e9 encontrar o caminho correto quando passeia por um lugar desconhecido. &nbsp; A rota\u00e7\u00e3o mental &hellip; <a href=\"https:\/\/neuroforma.com.br\/novo\/why-brainhq\/about-the-exercises\/right-turn\/\" class=\"more-link\">Continue lendo <span class=\"screen-reader-text\">Giro Mental<\/span> <span class=\"meta-nav\">&rarr;<\/span><\/a><\/p>\n","protected":false},"author":1,"featured_media":0,"parent":0,"menu_order":0,"comment_status":"closed","ping_status":"closed","template":"","meta":{"footnotes":""},"class_list":["post-2040","page","type-page","status-publish","hentry","repupress_customize_woocommerce_productom_class"],"yoast_head":"<!-- This site is optimized with the Yoast SEO plugin v26.9 - https:\/\/yoast.com\/product\/yoast-seo-wordpress\/ -->\n<title>Giro Mental -<\/title>\n<meta name=\"robots\" content=\"index, follow, max-snippet:-1, max-image-preview:large, max-video-preview:-1\" \/>\n<link rel=\"canonical\" href=\"https:\/\/neuroforma.com.br\/novo\/why-brainhq\/about-the-exercises\/right-turn\/\" \/>\n<meta property=\"og:locale\" content=\"pt_BR\" \/>\n<meta property=\"og:type\" content=\"article\" \/>\n<meta property=\"og:title\" content=\"Giro Mental -\" \/>\n<meta property=\"og:description\" content=\"Giro Mental &nbsp; Giro Mental foi desenvolvido para exercitar suas habilidades mentais de rota\u00e7\u00e3o espacial. Voc\u00ea faz uso dessas habilidades numa s\u00e9rie de atividades \u2013 desde fazer as malas de forma eficiente para uma viagem, organizar espa\u00e7os em sua casa, at\u00e9 encontrar o caminho correto quando passeia por um lugar desconhecido. &nbsp; A rota\u00e7\u00e3o mental &hellip; Continue lendo Giro Mental &rarr;\" \/>\n<meta property=\"og:url\" content=\"https:\/\/neuroforma.com.br\/novo\/why-brainhq\/about-the-exercises\/right-turn\/\" \/>\n<meta property=\"article:modified_time\" content=\"2017-10-10T21:09:32+00:00\" \/>\n<meta property=\"og:image\" content=\"https:\/\/neuroforma.com.br\/novo\/wp-content\/uploads\/2014\/01\/icon-right-turn-lm.jpg\" \/>\n<meta name=\"twitter:label1\" content=\"Est. tempo de leitura\" \/>\n\t<meta name=\"twitter:data1\" content=\"2 minutos\" \/>\n<script type=\"application\/ld+json\" class=\"yoast-schema-graph\">{\"@context\":\"https:\/\/schema.org\",\"@graph\":[{\"@type\":\"WebPage\",\"@id\":\"https:\/\/neuroforma.com.br\/novo\/why-brainhq\/about-the-exercises\/right-turn\/\",\"url\":\"https:\/\/neuroforma.com.br\/novo\/why-brainhq\/about-the-exercises\/right-turn\/\",\"name\":\"Giro Mental -\",\"isPartOf\":{\"@id\":\"https:\/\/neuroforma.com.br\/novo\/#website\"},\"primaryImageOfPage\":{\"@id\":\"https:\/\/neuroforma.com.br\/novo\/why-brainhq\/about-the-exercises\/right-turn\/#primaryimage\"},\"image\":{\"@id\":\"https:\/\/neuroforma.com.br\/novo\/why-brainhq\/about-the-exercises\/right-turn\/#primaryimage\"},\"thumbnailUrl\":\"https:\/\/neuroforma.com.br\/novo\/wp-content\/uploads\/2014\/01\/icon-right-turn-lm.jpg\",\"datePublished\":\"2014-11-06T18:49:39+00:00\",\"dateModified\":\"2017-10-10T21:09:32+00:00\",\"breadcrumb\":{\"@id\":\"https:\/\/neuroforma.com.br\/novo\/why-brainhq\/about-the-exercises\/right-turn\/#breadcrumb\"},\"inLanguage\":\"pt-BR\",\"potentialAction\":[{\"@type\":\"ReadAction\",\"target\":[\"https:\/\/neuroforma.com.br\/novo\/why-brainhq\/about-the-exercises\/right-turn\/\"]}]},{\"@type\":\"ImageObject\",\"inLanguage\":\"pt-BR\",\"@id\":\"https:\/\/neuroforma.com.br\/novo\/why-brainhq\/about-the-exercises\/right-turn\/#primaryimage\",\"url\":\"https:\/\/neuroforma.com.br\/novo\/wp-content\/uploads\/2014\/01\/icon-right-turn-lm.jpg\",\"contentUrl\":\"https:\/\/neuroforma.com.br\/novo\/wp-content\/uploads\/2014\/01\/icon-right-turn-lm.jpg\",\"width\":105,\"height\":115},{\"@type\":\"BreadcrumbList\",\"@id\":\"https:\/\/neuroforma.com.br\/novo\/why-brainhq\/about-the-exercises\/right-turn\/#breadcrumb\",\"itemListElement\":[{\"@type\":\"ListItem\",\"position\":1,\"name\":\"Home\",\"item\":\"https:\/\/neuroforma.com.br\/novo\/\"},{\"@type\":\"ListItem\",\"position\":2,\"name\":\"Giro Mental\"}]},{\"@type\":\"WebSite\",\"@id\":\"https:\/\/neuroforma.com.br\/novo\/#website\",\"url\":\"https:\/\/neuroforma.com.br\/novo\/\",\"name\":\"\",\"description\":\"\",\"potentialAction\":[{\"@type\":\"SearchAction\",\"target\":{\"@type\":\"EntryPoint\",\"urlTemplate\":\"https:\/\/neuroforma.com.br\/novo\/?s={search_term_string}\"},\"query-input\":{\"@type\":\"PropertyValueSpecification\",\"valueRequired\":true,\"valueName\":\"search_term_string\"}}],\"inLanguage\":\"pt-BR\"}]}<\/script>\n<!-- \/ Yoast SEO plugin. -->","yoast_head_json":{"title":"Giro Mental -","robots":{"index":"index","follow":"follow","max-snippet":"max-snippet:-1","max-image-preview":"max-image-preview:large","max-video-preview":"max-video-preview:-1"},"canonical":"https:\/\/neuroforma.com.br\/novo\/why-brainhq\/about-the-exercises\/right-turn\/","og_locale":"pt_BR","og_type":"article","og_title":"Giro Mental -","og_description":"Giro Mental &nbsp; Giro Mental foi desenvolvido para exercitar suas habilidades mentais de rota\u00e7\u00e3o espacial. Voc\u00ea faz uso dessas habilidades numa s\u00e9rie de atividades \u2013 desde fazer as malas de forma eficiente para uma viagem, organizar espa\u00e7os em sua casa, at\u00e9 encontrar o caminho correto quando passeia por um lugar desconhecido. &nbsp; A rota\u00e7\u00e3o mental &hellip; Continue lendo Giro Mental &rarr;","og_url":"https:\/\/neuroforma.com.br\/novo\/why-brainhq\/about-the-exercises\/right-turn\/","article_modified_time":"2017-10-10T21:09:32+00:00","og_image":[{"url":"https:\/\/neuroforma.com.br\/novo\/wp-content\/uploads\/2014\/01\/icon-right-turn-lm.jpg","type":"","width":"","height":""}],"twitter_misc":{"Est. tempo de leitura":"2 minutos"},"schema":{"@context":"https:\/\/schema.org","@graph":[{"@type":"WebPage","@id":"https:\/\/neuroforma.com.br\/novo\/why-brainhq\/about-the-exercises\/right-turn\/","url":"https:\/\/neuroforma.com.br\/novo\/why-brainhq\/about-the-exercises\/right-turn\/","name":"Giro Mental -","isPartOf":{"@id":"https:\/\/neuroforma.com.br\/novo\/#website"},"primaryImageOfPage":{"@id":"https:\/\/neuroforma.com.br\/novo\/why-brainhq\/about-the-exercises\/right-turn\/#primaryimage"},"image":{"@id":"https:\/\/neuroforma.com.br\/novo\/why-brainhq\/about-the-exercises\/right-turn\/#primaryimage"},"thumbnailUrl":"https:\/\/neuroforma.com.br\/novo\/wp-content\/uploads\/2014\/01\/icon-right-turn-lm.jpg","datePublished":"2014-11-06T18:49:39+00:00","dateModified":"2017-10-10T21:09:32+00:00","breadcrumb":{"@id":"https:\/\/neuroforma.com.br\/novo\/why-brainhq\/about-the-exercises\/right-turn\/#breadcrumb"},"inLanguage":"pt-BR","potentialAction":[{"@type":"ReadAction","target":["https:\/\/neuroforma.com.br\/novo\/why-brainhq\/about-the-exercises\/right-turn\/"]}]},{"@type":"ImageObject","inLanguage":"pt-BR","@id":"https:\/\/neuroforma.com.br\/novo\/why-brainhq\/about-the-exercises\/right-turn\/#primaryimage","url":"https:\/\/neuroforma.com.br\/novo\/wp-content\/uploads\/2014\/01\/icon-right-turn-lm.jpg","contentUrl":"https:\/\/neuroforma.com.br\/novo\/wp-content\/uploads\/2014\/01\/icon-right-turn-lm.jpg","width":105,"height":115},{"@type":"BreadcrumbList","@id":"https:\/\/neuroforma.com.br\/novo\/why-brainhq\/about-the-exercises\/right-turn\/#breadcrumb","itemListElement":[{"@type":"ListItem","position":1,"name":"Home","item":"https:\/\/neuroforma.com.br\/novo\/"},{"@type":"ListItem","position":2,"name":"Giro Mental"}]},{"@type":"WebSite","@id":"https:\/\/neuroforma.com.br\/novo\/#website","url":"https:\/\/neuroforma.com.br\/novo\/","name":"","description":"","potentialAction":[{"@type":"SearchAction","target":{"@type":"EntryPoint","urlTemplate":"https:\/\/neuroforma.com.br\/novo\/?s={search_term_string}"},"query-input":{"@type":"PropertyValueSpecification","valueRequired":true,"valueName":"search_term_string"}}],"inLanguage":"pt-BR"}]}},"_links":{"self":[{"href":"https:\/\/neuroforma.com.br\/novo\/wp-json\/wp\/v2\/pages\/2040","targetHints":{"allow":["GET"]}}],"collection":[{"href":"https:\/\/neuroforma.com.br\/novo\/wp-json\/wp\/v2\/pages"}],"about":[{"href":"https:\/\/neuroforma.com.br\/novo\/wp-json\/wp\/v2\/types\/page"}],"author":[{"embeddable":true,"href":"https:\/\/neuroforma.com.br\/novo\/wp-json\/wp\/v2\/users\/1"}],"replies":[{"embeddable":true,"href":"https:\/\/neuroforma.com.br\/novo\/wp-json\/wp\/v2\/comments?post=2040"}],"version-history":[{"count":11,"href":"https:\/\/neuroforma.com.br\/novo\/wp-json\/wp\/v2\/pages\/2040\/revisions"}],"predecessor-version":[{"id":4480,"href":"https:\/\/neuroforma.com.br\/novo\/wp-json\/wp\/v2\/pages\/2040\/revisions\/4480"}],"wp:attachment":[{"href":"https:\/\/neuroforma.com.br\/novo\/wp-json\/wp\/v2\/media?parent=2040"}],"curies":[{"name":"wp","href":"https:\/\/api.w.org\/{rel}","templated":true}]}}