{"id":1904,"date":"2014-10-09T21:02:50","date_gmt":"2014-10-09T21:02:50","guid":{"rendered":"https:\/\/neuroforma.com.br\/novo\/?page_id=1904"},"modified":"2024-07-26T02:10:05","modified_gmt":"2024-07-26T02:10:05","slug":"estudos","status":"publish","type":"page","link":"https:\/\/neuroforma.com.br\/novo\/porque-brainhq\/ci%C3%AAncia-mundial-de-alto-n%C3%ADvel","title":{"rendered":"Estudos e Valida\u00e7\u00f5es Cient\u00edficas"},"content":{"rendered":"<h1>Para n\u00f3s, Ci\u00eancia \u00e9 tudo<\/h1>\n<p>A NeuroForma Tecnologias\u00ae\ufe0f disponibiliza nos pa\u00edses de l\u00edngua portuguesa a plataforma de exerc\u00edcios para o c\u00e9rebro BrainHQ\u2122, sistema online de treino cognitivo digital mais cientificamente testado mundialmente.<\/p>\n<p>Em outras palavras, nenhum outro programa de treinamento cerebral se aproxima do n\u00edvel de provas cient\u00edficas que BrainHQ\u2122 apresenta. Seus exerc\u00edcios foram rigorosamente testados e a sua funcionalidade cientificamente comprovada em mais de 100 (cem) estudos e pesquisas independentes.<\/p>\n<p>Essas pesquisas foram revisadas e publicadas em revistas cient\u00edficas internacionais e ainda h\u00e1 dezenas de outros estudos que est\u00e3o em andamento. A pr\u00e1tica de BrainHQ\u2122 comprovou melhorias substanciais em cada um dos seguintes dom\u00ednios e capacidades cognitivas:<\/p>\n<p>&nbsp;<\/p>\n<h2><strong>Velocidade de Processamento<\/strong><\/h2>\n<p><img loading=\"lazy\" decoding=\"async\" class=\"alignleft size-full wp-image-4149\" src=\"https:\/\/neuroforma.com.br\/novo\/wp-content\/uploads\/2014\/10\/estudos-1.jpg\" alt=\"estudos-1\" width=\"304\" height=\"297\" srcset=\"https:\/\/neuroforma.com.br\/novo\/wp-content\/uploads\/2014\/10\/estudos-1.jpg 304w, https:\/\/neuroforma.com.br\/novo\/wp-content\/uploads\/2014\/10\/estudos-1-300x293.jpg 300w\" sizes=\"auto, (max-width: 304px) 100vw, 304px\" \/>Muitos dos exerc\u00edcios s\u00e3o projetados para aumentar a velocidade de processamento cerebral (n\u00edvel de rapidez e precis\u00e3o com que o c\u00e9rebro pode processar informa\u00e7\u00f5es a partir da vis\u00e3o e da audi\u00e7\u00e3o).<\/p>\n<p>At\u00e9 o momento, pelo menos 17 trabalhos cient\u00edficos comprovaram evid\u00eancias neste sentido com o uso de BrainHQ\u2122. Isso inclui o Estudo Active (EUA), um dos maiores e mais prestigiados estudos j\u00e1 realizados sobre treino cerebral em adultos. Confira os principais resultados:<\/p>\n<ul>\n<li>Aumento m\u00e9dio na velocidade de processamento auditivo de 135%;<\/li>\n<\/ul>\n<ul>\n<li>Duplica\u00e7\u00e3o, em m\u00e9dia, da velocidade de processamento visual, com alguns benef\u00edcios do treinamento ainda evidentes em 5 e 10 anos de follow-ups (acompanhamento dos participantes das pesquisas);<\/li>\n<\/ul>\n<ul>\n<li>A revers\u00e3o parcial da desacelera\u00e7\u00e3o neural relacionada com a idade e uma melhoria na precis\u00e3o temporal, medidos atrav\u00e9s de imagem (resson\u00e2ncia magn\u00e9tica) cerebral.<\/li>\n<\/ul>\n<a href=\"https:\/\/neuroforma.com.br\/novo\/estudos-e-validacoes-velocidade-de-processamento\/\" class=\"su-button su-button-style-glass\" style=\"color:#FFFFFF;background-color:#144d8d;border-color:#103e71;border-radius:5px\" target=\"_blank\" rel=\"noopener noreferrer\"><span style=\"color:#FFFFFF;padding:0px 22px;font-size:17px;line-height:34px;border-color:#5b83b0;border-radius:5px;text-shadow:none\"> Descubra Mais<\/span><\/a>\n<h2><strong><br \/>\nMem\u00f3ria<\/strong><\/h2>\n<p><img loading=\"lazy\" decoding=\"async\" class=\"alignleft size-full wp-image-4152\" src=\"https:\/\/neuroforma.com.br\/novo\/wp-content\/uploads\/2014\/10\/estudos-2.jpg\" alt=\"estudos-2\" width=\"360\" height=\"238\" srcset=\"https:\/\/neuroforma.com.br\/novo\/wp-content\/uploads\/2014\/10\/estudos-2.jpg 360w, https:\/\/neuroforma.com.br\/novo\/wp-content\/uploads\/2014\/10\/estudos-2-300x198.jpg 300w\" sizes=\"auto, (max-width: 360px) 100vw, 360px\" \/>Ao todo, 14 artigos cient\u00edficos mediram a performance da mem\u00f3ria de pessoas antes e depois do treinamento utilizando os exerc\u00edcios da plataforma BrainHQ\u2122. Dentre outros, esses estudos demonstraram os seguintes benef\u00edcios:<\/p>\n<ul>\n<li>Melhoria mensurada de ganho potencial de 10 anos em capacidade de mem\u00f3ria;<\/li>\n<\/ul>\n<ul>\n<li>Generaliza\u00e7\u00e3o dos benef\u00edcios para al\u00e9m das tarefas de mem\u00f3ria;<\/li>\n<\/ul>\n<ul>\n<li>Aumento da atividade em \u00e1reas do c\u00e9rebro que s\u00e3o associadas \u00e0 mem\u00f3ria;<\/li>\n<\/ul>\n<a href=\"https:\/\/neuroforma.com.br\/novo\/estudos-e-validacoes-memoria\/\" class=\"su-button su-button-style-glass\" style=\"color:#FFFFFF;background-color:#144d8d;border-color:#103e71;border-radius:5px\" target=\"_blank\" rel=\"noopener noreferrer\"><span style=\"color:#FFFFFF;padding:0px 22px;font-size:17px;line-height:34px;border-color:#5b83b0;border-radius:5px;text-shadow:none\"> Descubra Mais<\/span><\/a>\n<h2><strong><br \/>\nAten\u00e7\u00e3o e Foco<\/strong><\/h2>\n<p>A habilidade de focar a sua aten\u00e7\u00e3o adequadamente \u00e9 fundamental por exemplo para sua capacidade de mem\u00f3ria. Al\u00e9m de ter que prestar aten\u00e7\u00e3o ao que \u00e9 importante, ainda temos que ser capazes de filtrar as distra\u00e7\u00f5es.<\/p>\n<p>Sete artigos publicados demonstraram que o treino regular com os exerc\u00edcios BrainHQ\u2122 pode desenvolver suas capacidades de foco e aten\u00e7\u00e3o, incluindo:<\/p>\n<ul>\n<li>Mudan\u00e7a significativa do comportamento cerebral que melhora a aten\u00e7\u00e3o visual seletiva;<\/li>\n<\/ul>\n<ul>\n<li>Melhoria da capacidade de aten\u00e7\u00e3o espacial;<\/li>\n<\/ul>\n<a href=\"https:\/\/neuroforma.com.br\/novo\/estudos-e-validacoes-atencao\/\" class=\"su-button su-button-style-glass\" style=\"color:#FFFFFF;background-color:#144d8d;border-color:#103e71;border-radius:5px\" target=\"_blank\" rel=\"noopener noreferrer\"><span style=\"color:#FFFFFF;padding:0px 22px;font-size:17px;line-height:34px;border-color:#5b83b0;border-radius:5px;text-shadow:none\"> Descubra Mais<\/span><\/a>\n<h2><strong><br \/>\nCogni\u00e7\u00e3o Di\u00e1ria<\/strong><\/h2>\n<p>Dedicar-se \u00e0 treinar com BrainHQ\u2122 realmente torna as coisas mais f\u00e1ceis ou melhores na vida cotidiana? Ou ser\u00e1 que apenas ele &#8220;te treina para voc\u00ea passar no teste\u201d?<\/p>\n<p>Al\u00e9m de melhorias nas capacidades de mem\u00f3ria, aten\u00e7\u00e3o, velocidade de processamento cognitivo, j\u00e1 foi comprovado em 12 artigos de pesquisas publicados que BrainHQ\u2122 contribui significativamente para a realiza\u00e7\u00e3o de atividades do cotidiano de maneira mais eficiente e precisa. Entre outras coisas, os estudos mostraram que:<\/p>\n<ul>\n<li>As pessoas t\u00eam uma performance melhor nos testes de \u201catividades instrumentais do cotidiano\u201d \u2013 elas podem realizar tarefas di\u00e1rias de maneira mais r\u00e1pida e precisa ap\u00f3s o treinamento.<\/li>\n<\/ul>\n<ul>\n<li>As pessoas se sentem mais capazes em atividades cotidianas \u2013 como por exemplo se lembrar de uma lista de afazeres,\u00a0 dirigir com mais seguran\u00e7a, etc.<\/li>\n<\/ul>\n<a href=\"https:\/\/neuroforma.com.br\/novo\/estudos-e-validacoes-cognicao-diaria\/\" class=\"su-button su-button-style-glass\" style=\"color:#FFFFFF;background-color:#144d8d;border-color:#103e71;border-radius:5px\" target=\"_blank\" rel=\"noopener noreferrer\"><span style=\"color:#FFFFFF;padding:0px 22px;font-size:17px;line-height:34px;border-color:#5b83b0;border-radius:5px;text-shadow:none\"> Descubra Mais<\/span><\/a>\n<h2><strong><br \/>\nVis\u00e3o e Audi\u00e7\u00e3o<\/strong><\/h2>\n<p>Muitas pessoas pensam que a vis\u00e3o s\u00f3 depende dos olhos e que a audi\u00e7\u00e3o dos ouvidos. Isso \u00e9 apenas parcialmente verdadeiro. O c\u00e9rebro \u00e9 respons\u00e1vel por processar o que os olhos e os ouvidos captam. O treino regular com os exerc\u00edcios BrainHQ\u2122 tem demonstrado os seguintes benef\u00edcios:<\/p>\n<ul>\n<li>Melhoria da habilidade de escutar em locais lotados e barulhentos<\/li>\n<\/ul>\n<ul>\n<li>Aumento da precis\u00e3o e aten\u00e7\u00e3o da vis\u00e3o e da audi\u00e7\u00e3o<\/li>\n<\/ul>\n<ul>\n<li>Acelera\u00e7\u00e3o do sincronismo neural e melhoria da fun\u00e7\u00e3o de m\u00faltiplas \u00e1reas de processamento no c\u00e9rebro<\/li>\n<\/ul>\n<a href=\"https:\/\/neuroforma.com.br\/novo\/estudos-e-validacoes-visao-e-audicao\/\" class=\"su-button su-button-style-glass\" style=\"color:#FFFFFF;background-color:#144d8d;border-color:#103e71;border-radius:5px\" target=\"_blank\" rel=\"noopener noreferrer\"><span style=\"color:#FFFFFF;padding:0px 22px;font-size:17px;line-height:34px;border-color:#5b83b0;border-radius:5px;text-shadow:none\"> Descubra Mais<\/span><\/a>\n<h2><strong><br \/>\nMudan\u00e7as F\u00edsicas no C\u00e9rebro<\/strong><\/h2>\n<p>Treinar com vistas \u00e0 melhoria de performance \u00e9 sempre mensur\u00e1vel, mas isso realmente modifica o c\u00e9rebro? Em 17 estudos de imagem (incluindo resson\u00e2ncia magn\u00e9tica funcional e eletroencefalograma), os pesquisadores mensuraram mudan\u00e7as (neuroplasticidade) no c\u00e9rebro ap\u00f3s o treinamento com o BrainHQ\u2122.<\/p>\n<p>Entre outras coisas, eles demonstraram que o treino regular pode:<\/p>\n<ul>\n<li>Acelerar as respostas neurais para a fala e outras informa\u00e7\u00f5es sensoriais;<\/li>\n<\/ul>\n<ul>\n<li>Aumentar a massa branca na rede de aten\u00e7\u00e3o do c\u00e9rebro;<\/li>\n<\/ul>\n<ul>\n<li>Aumentar a ativa\u00e7\u00e3o nas \u00e1reas cerebrais associadas com foco, aten\u00e7\u00e3o e capacidade de concentra\u00e7\u00e3o.<\/li>\n<\/ul>\n<a href=\"https:\/\/neuroforma.com.br\/novo\/estudos-e-validacoes-mudancas-fisicas-no-cerebro\/\" class=\"su-button su-button-style-glass\" style=\"color:#FFFFFF;background-color:#144d8d;border-color:#103e71;border-radius:5px\" target=\"_blank\" rel=\"noopener noreferrer\"><span style=\"color:#FFFFFF;padding:0px 22px;font-size:17px;line-height:34px;border-color:#5b83b0;border-radius:5px;text-shadow:none\"> Descubra Mais<\/span><\/a>\n<h2><strong><br \/>\nHumor e Controle<\/strong><\/h2>\n<p><img loading=\"lazy\" decoding=\"async\" class=\"alignleft size-full wp-image-4151\" src=\"https:\/\/neuroforma.com.br\/novo\/wp-content\/uploads\/2014\/10\/estudos-3.jpg\" alt=\"estudos-3\" width=\"360\" height=\"217\" srcset=\"https:\/\/neuroforma.com.br\/novo\/wp-content\/uploads\/2014\/10\/estudos-3.jpg 360w, https:\/\/neuroforma.com.br\/novo\/wp-content\/uploads\/2014\/10\/estudos-3-300x181.jpg 300w\" sizes=\"auto, (max-width: 360px) 100vw, 360px\" \/>Seis artigos de pesquisa examinaram os efeitos da utiliza\u00e7\u00e3o de um exerc\u00edcio do BrainHQ sobre o humor e o controle. Estes t\u00eam mostrado que as pessoas que usaram esse exerc\u00edcio:<\/p>\n<ul>\n<li>Se sentiram mais confiantes e com maior controle sobre as suas vidas<\/li>\n<\/ul>\n<ul>\n<li>Eram menos propensas a desenvolver ou aumentar os sintomas de depress\u00e3o<\/li>\n<\/ul>\n<a href=\"https:\/\/neuroforma.com.br\/novo\/estudos-e-validacoes-humor-e-controle\/\" class=\"su-button su-button-style-glass\" style=\"color:#FFFFFF;background-color:#144d8d;border-color:#103e71;border-radius:5px\" target=\"_blank\" rel=\"noopener noreferrer\"><span style=\"color:#FFFFFF;padding:0px 22px;font-size:17px;line-height:34px;border-color:#5b83b0;border-radius:5px;text-shadow:none\"> Descubra Mais<\/span><\/a>\n<h2><strong><br \/>\nSa\u00fade em Geral<\/strong><\/h2>\n<p>Est\u00e1 ficando cada vez mais comprovado que uma pequena melhora no condicionamento cerebral promove uma melhora da sa\u00fade de forma geral. Pelo menos 3 pesquisas cient\u00edficas demonstraram que o uso de exerc\u00edcios do BrainHQ\u2122 pode ajudar a proteger a sa\u00fade ao longo do tempo:<\/p>\n<ul>\n<li>Dois trabalhos publicados demonstraram que usu\u00e1rios regulares foram protegidos contra decl\u00ednios cognitivos entre dois a cinco anos mesmo ap\u00f3s o t\u00e9rmino do treinamento.<\/li>\n<\/ul>\n<ul>\n<li>1 artigo demonstrou que a autopercep\u00e7\u00e3o de sa\u00fade foi maior entre as pessoas que praticaram o treino BrainHQ\u2122 em compara\u00e7\u00e3o com outros treinamentos de mem\u00f3ria ou racioc\u00ednio.<\/li>\n<\/ul>\n<a href=\"https:\/\/neuroforma.com.br\/novo\/estudos-e-validacoes-saude-em-geral\/\" class=\"su-button su-button-style-glass\" style=\"color:#FFFFFF;background-color:#144d8d;border-color:#103e71;border-radius:5px\" target=\"_blank\" rel=\"noopener noreferrer\"><span style=\"color:#FFFFFF;padding:0px 22px;font-size:17px;line-height:34px;border-color:#5b83b0;border-radius:5px;text-shadow:none\"> Descubra Mais<\/span><\/a>\n<h2><strong><br \/>\nDirigindo com seguran\u00e7a<\/strong><\/h2>\n<p><img loading=\"lazy\" decoding=\"async\" class=\"alignleft size-full wp-image-4150\" src=\"https:\/\/neuroforma.com.br\/novo\/wp-content\/uploads\/2014\/10\/estudos-4.jpg\" alt=\"estudos-4\" width=\"355\" height=\"126\" srcset=\"https:\/\/neuroforma.com.br\/novo\/wp-content\/uploads\/2014\/10\/estudos-4.jpg 355w, https:\/\/neuroforma.com.br\/novo\/wp-content\/uploads\/2014\/10\/estudos-4-300x106.jpg 300w\" sizes=\"auto, (max-width: 355px) 100vw, 355px\" \/>Dirigir de maneira segura requer constante condicionamento cerebral. Pelo menos 17 trabalhos j\u00e1 publicados t\u00eam demonstrado que os exerc\u00edcios da plataforma BrainHQ\u2122 \u2013 particularmente o exerc\u00edcio Decis\u00e3o Dupla \u2013 s\u00e3o \u00f3timas ferramentas para avaliar e melhorar a seguran\u00e7a da condu\u00e7\u00e3o. Entre outras coisas, esses estudos t\u00eam mostrado que, ap\u00f3s o treinamento, os motoristas:<\/p>\n<ul>\n<li>Faziam 38% menos manobras de condu\u00e7\u00e3o perigosa;<\/li>\n<\/ul>\n<ul>\n<li>Conseguiam parar com cerca de 6,7 metros de anteced\u00eancia ao dirigir a 88 km\/h;<\/li>\n<\/ul>\n<ul>\n<li>Sintam-se mais confiantes para dirigir em condi\u00e7\u00f5es dif\u00edceis (\u00e0 noite, com mau tempo, em novos lugares);<\/li>\n<\/ul>\n<ul>\n<li>Diminu\u00edram o seu risco de acidente por falha humana em 50%.<\/li>\n<\/ul>\n<a href=\"https:\/\/neuroforma.com.br\/novo\/estudos-e-validacoes-dirigindo\/\" class=\"su-button su-button-style-glass\" style=\"color:#FFFFFF;background-color:#144d8d;border-color:#103e71;border-radius:5px\" target=\"_blank\" rel=\"noopener noreferrer\"><span style=\"color:#FFFFFF;padding:0px 22px;font-size:17px;line-height:34px;border-color:#5b83b0;border-radius:5px;text-shadow:none\"> Descubra Mais<\/span><\/a>\n<h2>Equil\u00edbrio e Risco de Quedas<\/h2>\n<p>Voc\u00ea sabia que quando voc\u00ea cai ou tem outro problema de mobilidade, a culpa \u00e9 tanto do seu c\u00e9rebro quanto do seu corpo? Isso porque o equil\u00edbrio baseia-se em v\u00e1rios sistemas cognitivos e sensoriais, incluindo os sistemas visual-espacial e visual-motor. Os exerc\u00edcios de treinamento visuais do BrainHQ s\u00e3o projetados para melhorar estes sistemas. At\u00e9 o momento, cinco estudos focaram no risco de queda e mobilidade utilizando exerc\u00edcios e avalia\u00e7\u00f5es do BrainHQ. Estes mostraram que:<\/p>\n<ul>\n<li>O baixo desempenho num exerc\u00edcio do BrainHQ se correlacionava com um maior n\u00famero de colis\u00f5es e quedas.<\/li>\n<\/ul>\n<ul>\n<li>O uso de um conjunto de exerc\u00edcios do BrainHQ por 20-30 horas teve resultados significativamente mais elevados nas medidas de equil\u00edbrio e de marcha.<\/li>\n<\/ul>\n<a href=\"https:\/\/neuroforma.com.br\/novo\/estudos-e-validacoes-equilibrio-e-risco-de-queda\/\" class=\"su-button su-button-style-glass\" style=\"color:#FFFFFF;background-color:#144d8d;border-color:#103e71;border-radius:5px\" target=\"_blank\" rel=\"noopener noreferrer\"><span style=\"color:#FFFFFF;padding:0px 22px;font-size:17px;line-height:34px;border-color:#5b83b0;border-radius:5px;text-shadow:none\"> Descubra Mais<\/span><\/a>\n<p>&nbsp;<\/p>\n<h2>Custos M\u00e9dicos<\/h2>\n<p>At\u00e9 esta data, dois estudos demonstraram que o uso de exerc\u00edcios do BrainHQ pode reduzir a m\u00e9dia de despesas com sa\u00fade. O maior destes dois estudos, com base nos dados do Estudo ATIVO, mostrou que o uso do BrainHQ reduziu significativamente os custos de sa\u00fade no ano seguinte ao fim do treinamento. Os custos continuaram a diminuir ap\u00f3s 5 anos.<\/p>\n<a href=\"https:\/\/neuroforma.com.br\/novo\/estudos-e-validacoes-custos-medicos\/\" class=\"su-button su-button-style-glass\" style=\"color:#FFFFFF;background-color:#144d8d;border-color:#103e71;border-radius:5px\" target=\"_blank\" rel=\"noopener noreferrer\"><span style=\"color:#FFFFFF;padding:0px 22px;font-size:17px;line-height:34px;border-color:#5b83b0;border-radius:5px;text-shadow:none\"> Descubra Mais<\/span><\/a>\n<h2>Artigos de Revis\u00e3o<\/h2>\n<p>Diversos artigos de revis\u00e3o t\u00eam considerado as pesquisas realizadas com os exerc\u00edcios do BrainHQ.<\/p>\n<a href=\"https:\/\/neuroforma.com.br\/novo\/esrudos-e-validacoes-artigos-de-revisao\/\" class=\"su-button su-button-style-glass\" style=\"color:#FFFFFF;background-color:#144d8d;border-color:#103e71;border-radius:5px\" target=\"_blank\" rel=\"noopener noreferrer\"><span style=\"color:#FFFFFF;padding:0px 22px;font-size:17px;line-height:34px;border-color:#5b83b0;border-radius:5px;text-shadow:none\"> Descubra Mais<\/span><\/a>\n","protected":false},"excerpt":{"rendered":"<p>Para n\u00f3s, Ci\u00eancia \u00e9 tudo A NeuroForma Tecnologias\u00ae\ufe0f disponibiliza nos pa\u00edses de l\u00edngua portuguesa a plataforma de exerc\u00edcios para o c\u00e9rebro BrainHQ\u2122, sistema online de treino cognitivo digital mais cientificamente testado mundialmente. Em outras palavras, nenhum outro programa de treinamento cerebral se aproxima do n\u00edvel de provas cient\u00edficas que BrainHQ\u2122 apresenta. Seus exerc\u00edcios foram rigorosamente &hellip; <a href=\"https:\/\/neuroforma.com.br\/novo\/porque-brainhq\/ci%C3%AAncia-mundial-de-alto-n%C3%ADvel\" class=\"more-link\">Continue lendo <span class=\"screen-reader-text\">Estudos e Valida\u00e7\u00f5es Cient\u00edficas<\/span> <span class=\"meta-nav\">&rarr;<\/span><\/a><\/p>\n","protected":false},"author":1,"featured_media":0,"parent":0,"menu_order":0,"comment_status":"closed","ping_status":"closed","template":"","meta":{"footnotes":""},"class_list":["post-1904","page","type-page","status-publish","hentry","repupress_customize_woocommerce_productom_class"],"yoast_head":"<!-- This site is optimized with the Yoast SEO plugin v26.9 - https:\/\/yoast.com\/product\/yoast-seo-wordpress\/ -->\n<title>Estudos e Valida\u00e7\u00f5es Cient\u00edficas -<\/title>\n<meta name=\"robots\" content=\"index, follow, max-snippet:-1, max-image-preview:large, max-video-preview:-1\" \/>\n<link rel=\"canonical\" href=\"https:\/\/neuroforma.com.br\/novo\/porque-brainhq\/ci\u00eancia-mundial-de-alto-n\u00edvel\/\" \/>\n<meta property=\"og:locale\" content=\"pt_BR\" \/>\n<meta property=\"og:type\" content=\"article\" \/>\n<meta property=\"og:title\" content=\"Estudos e Valida\u00e7\u00f5es Cient\u00edficas -\" \/>\n<meta property=\"og:description\" content=\"Para n\u00f3s, Ci\u00eancia \u00e9 tudo A NeuroForma Tecnologias\u00ae\ufe0f disponibiliza nos pa\u00edses de l\u00edngua portuguesa a plataforma de exerc\u00edcios para o c\u00e9rebro BrainHQ\u2122, sistema online de treino cognitivo digital mais cientificamente testado mundialmente. Em outras palavras, nenhum outro programa de treinamento cerebral se aproxima do n\u00edvel de provas cient\u00edficas que BrainHQ\u2122 apresenta. Seus exerc\u00edcios foram rigorosamente &hellip; Continue lendo Estudos e Valida\u00e7\u00f5es Cient\u00edficas &rarr;\" \/>\n<meta property=\"og:url\" content=\"https:\/\/neuroforma.com.br\/novo\/porque-brainhq\/ci\u00eancia-mundial-de-alto-n\u00edvel\/\" \/>\n<meta property=\"article:modified_time\" content=\"2024-07-26T02:10:05+00:00\" \/>\n<meta property=\"og:image\" content=\"https:\/\/neuroforma.com.br\/novo\/wp-content\/uploads\/2014\/10\/estudos-1.jpg\" \/>\n<meta name=\"twitter:label1\" content=\"Est. tempo de leitura\" \/>\n\t<meta name=\"twitter:data1\" content=\"8 minutos\" \/>\n<script type=\"application\/ld+json\" class=\"yoast-schema-graph\">{\"@context\":\"https:\/\/schema.org\",\"@graph\":[{\"@type\":\"WebPage\",\"@id\":\"https:\/\/neuroforma.com.br\/novo\/porque-brainhq\/ci%C3%AAncia-mundial-de-alto-n%C3%ADvel\/\",\"url\":\"https:\/\/neuroforma.com.br\/novo\/porque-brainhq\/ci%C3%AAncia-mundial-de-alto-n%C3%ADvel\/\",\"name\":\"Estudos e Valida\u00e7\u00f5es Cient\u00edficas -\",\"isPartOf\":{\"@id\":\"https:\/\/neuroforma.com.br\/novo\/#website\"},\"primaryImageOfPage\":{\"@id\":\"https:\/\/neuroforma.com.br\/novo\/porque-brainhq\/ci%C3%AAncia-mundial-de-alto-n%C3%ADvel\/#primaryimage\"},\"image\":{\"@id\":\"https:\/\/neuroforma.com.br\/novo\/porque-brainhq\/ci%C3%AAncia-mundial-de-alto-n%C3%ADvel\/#primaryimage\"},\"thumbnailUrl\":\"https:\/\/neuroforma.com.br\/novo\/wp-content\/uploads\/2014\/10\/estudos-1.jpg\",\"datePublished\":\"2014-10-09T21:02:50+00:00\",\"dateModified\":\"2024-07-26T02:10:05+00:00\",\"breadcrumb\":{\"@id\":\"https:\/\/neuroforma.com.br\/novo\/porque-brainhq\/ci%C3%AAncia-mundial-de-alto-n%C3%ADvel\/#breadcrumb\"},\"inLanguage\":\"pt-BR\",\"potentialAction\":[{\"@type\":\"ReadAction\",\"target\":[\"https:\/\/neuroforma.com.br\/novo\/porque-brainhq\/ci%C3%AAncia-mundial-de-alto-n%C3%ADvel\/\"]}]},{\"@type\":\"ImageObject\",\"inLanguage\":\"pt-BR\",\"@id\":\"https:\/\/neuroforma.com.br\/novo\/porque-brainhq\/ci%C3%AAncia-mundial-de-alto-n%C3%ADvel\/#primaryimage\",\"url\":\"https:\/\/neuroforma.com.br\/novo\/wp-content\/uploads\/2014\/10\/estudos-1.jpg\",\"contentUrl\":\"https:\/\/neuroforma.com.br\/novo\/wp-content\/uploads\/2014\/10\/estudos-1.jpg\",\"width\":304,\"height\":297},{\"@type\":\"BreadcrumbList\",\"@id\":\"https:\/\/neuroforma.com.br\/novo\/porque-brainhq\/ci%C3%AAncia-mundial-de-alto-n%C3%ADvel\/#breadcrumb\",\"itemListElement\":[{\"@type\":\"ListItem\",\"position\":1,\"name\":\"Home\",\"item\":\"https:\/\/neuroforma.com.br\/novo\/\"},{\"@type\":\"ListItem\",\"position\":2,\"name\":\"Estudos e Valida\u00e7\u00f5es Cient\u00edficas\"}]},{\"@type\":\"WebSite\",\"@id\":\"https:\/\/neuroforma.com.br\/novo\/#website\",\"url\":\"https:\/\/neuroforma.com.br\/novo\/\",\"name\":\"\",\"description\":\"\",\"potentialAction\":[{\"@type\":\"SearchAction\",\"target\":{\"@type\":\"EntryPoint\",\"urlTemplate\":\"https:\/\/neuroforma.com.br\/novo\/?s={search_term_string}\"},\"query-input\":{\"@type\":\"PropertyValueSpecification\",\"valueRequired\":true,\"valueName\":\"search_term_string\"}}],\"inLanguage\":\"pt-BR\"}]}<\/script>\n<!-- \/ Yoast SEO plugin. -->","yoast_head_json":{"title":"Estudos e Valida\u00e7\u00f5es Cient\u00edficas -","robots":{"index":"index","follow":"follow","max-snippet":"max-snippet:-1","max-image-preview":"max-image-preview:large","max-video-preview":"max-video-preview:-1"},"canonical":"https:\/\/neuroforma.com.br\/novo\/porque-brainhq\/ci\u00eancia-mundial-de-alto-n\u00edvel\/","og_locale":"pt_BR","og_type":"article","og_title":"Estudos e Valida\u00e7\u00f5es Cient\u00edficas -","og_description":"Para n\u00f3s, Ci\u00eancia \u00e9 tudo A NeuroForma Tecnologias\u00ae\ufe0f disponibiliza nos pa\u00edses de l\u00edngua portuguesa a plataforma de exerc\u00edcios para o c\u00e9rebro BrainHQ\u2122, sistema online de treino cognitivo digital mais cientificamente testado mundialmente. Em outras palavras, nenhum outro programa de treinamento cerebral se aproxima do n\u00edvel de provas cient\u00edficas que BrainHQ\u2122 apresenta. Seus exerc\u00edcios foram rigorosamente &hellip; Continue lendo Estudos e Valida\u00e7\u00f5es Cient\u00edficas &rarr;","og_url":"https:\/\/neuroforma.com.br\/novo\/porque-brainhq\/ci\u00eancia-mundial-de-alto-n\u00edvel\/","article_modified_time":"2024-07-26T02:10:05+00:00","og_image":[{"url":"https:\/\/neuroforma.com.br\/novo\/wp-content\/uploads\/2014\/10\/estudos-1.jpg","type":"","width":"","height":""}],"twitter_misc":{"Est. tempo de leitura":"8 minutos"},"schema":{"@context":"https:\/\/schema.org","@graph":[{"@type":"WebPage","@id":"https:\/\/neuroforma.com.br\/novo\/porque-brainhq\/ci%C3%AAncia-mundial-de-alto-n%C3%ADvel\/","url":"https:\/\/neuroforma.com.br\/novo\/porque-brainhq\/ci%C3%AAncia-mundial-de-alto-n%C3%ADvel\/","name":"Estudos e Valida\u00e7\u00f5es Cient\u00edficas -","isPartOf":{"@id":"https:\/\/neuroforma.com.br\/novo\/#website"},"primaryImageOfPage":{"@id":"https:\/\/neuroforma.com.br\/novo\/porque-brainhq\/ci%C3%AAncia-mundial-de-alto-n%C3%ADvel\/#primaryimage"},"image":{"@id":"https:\/\/neuroforma.com.br\/novo\/porque-brainhq\/ci%C3%AAncia-mundial-de-alto-n%C3%ADvel\/#primaryimage"},"thumbnailUrl":"https:\/\/neuroforma.com.br\/novo\/wp-content\/uploads\/2014\/10\/estudos-1.jpg","datePublished":"2014-10-09T21:02:50+00:00","dateModified":"2024-07-26T02:10:05+00:00","breadcrumb":{"@id":"https:\/\/neuroforma.com.br\/novo\/porque-brainhq\/ci%C3%AAncia-mundial-de-alto-n%C3%ADvel\/#breadcrumb"},"inLanguage":"pt-BR","potentialAction":[{"@type":"ReadAction","target":["https:\/\/neuroforma.com.br\/novo\/porque-brainhq\/ci%C3%AAncia-mundial-de-alto-n%C3%ADvel\/"]}]},{"@type":"ImageObject","inLanguage":"pt-BR","@id":"https:\/\/neuroforma.com.br\/novo\/porque-brainhq\/ci%C3%AAncia-mundial-de-alto-n%C3%ADvel\/#primaryimage","url":"https:\/\/neuroforma.com.br\/novo\/wp-content\/uploads\/2014\/10\/estudos-1.jpg","contentUrl":"https:\/\/neuroforma.com.br\/novo\/wp-content\/uploads\/2014\/10\/estudos-1.jpg","width":304,"height":297},{"@type":"BreadcrumbList","@id":"https:\/\/neuroforma.com.br\/novo\/porque-brainhq\/ci%C3%AAncia-mundial-de-alto-n%C3%ADvel\/#breadcrumb","itemListElement":[{"@type":"ListItem","position":1,"name":"Home","item":"https:\/\/neuroforma.com.br\/novo\/"},{"@type":"ListItem","position":2,"name":"Estudos e Valida\u00e7\u00f5es Cient\u00edficas"}]},{"@type":"WebSite","@id":"https:\/\/neuroforma.com.br\/novo\/#website","url":"https:\/\/neuroforma.com.br\/novo\/","name":"","description":"","potentialAction":[{"@type":"SearchAction","target":{"@type":"EntryPoint","urlTemplate":"https:\/\/neuroforma.com.br\/novo\/?s={search_term_string}"},"query-input":{"@type":"PropertyValueSpecification","valueRequired":true,"valueName":"search_term_string"}}],"inLanguage":"pt-BR"}]}},"_links":{"self":[{"href":"https:\/\/neuroforma.com.br\/novo\/wp-json\/wp\/v2\/pages\/1904","targetHints":{"allow":["GET"]}}],"collection":[{"href":"https:\/\/neuroforma.com.br\/novo\/wp-json\/wp\/v2\/pages"}],"about":[{"href":"https:\/\/neuroforma.com.br\/novo\/wp-json\/wp\/v2\/types\/page"}],"author":[{"embeddable":true,"href":"https:\/\/neuroforma.com.br\/novo\/wp-json\/wp\/v2\/users\/1"}],"replies":[{"embeddable":true,"href":"https:\/\/neuroforma.com.br\/novo\/wp-json\/wp\/v2\/comments?post=1904"}],"version-history":[{"count":41,"href":"https:\/\/neuroforma.com.br\/novo\/wp-json\/wp\/v2\/pages\/1904\/revisions"}],"predecessor-version":[{"id":6838,"href":"https:\/\/neuroforma.com.br\/novo\/wp-json\/wp\/v2\/pages\/1904\/revisions\/6838"}],"wp:attachment":[{"href":"https:\/\/neuroforma.com.br\/novo\/wp-json\/wp\/v2\/media?parent=1904"}],"curies":[{"name":"wp","href":"https:\/\/api.w.org\/{rel}","templated":true}]}}