{"id":1860,"date":"2014-09-25T17:57:37","date_gmt":"2014-09-25T17:57:37","guid":{"rendered":"https:\/\/neuroforma.com.br\/novo\/?page_id=1860"},"modified":"2024-01-12T20:38:24","modified_gmt":"2024-01-12T20:38:24","slug":"politica-de-privacidade-da-brainhq","status":"publish","type":"page","link":"https:\/\/neuroforma.com.br\/novo\/privacypolicy","title":{"rendered":"Pol\u00edtica de Privacidade"},"content":{"rendered":"<h1>Pol\u00edtica de Privacidade<\/h1>\n<h5>Atualizada em 1\u00b0 de Janeiro de 2023.<\/h5>\n<p><strong>Vis\u00e3o Geral das Medidas de Seguran\u00e7a e Privacidade: <\/strong><\/p>\n<p>O servi\u00e7o de treinamento cognitivo-cerebral que ofertamos no Brasil e pa\u00edses de l\u00edngua portuguesa (br.brainhq.com) \u00e9 projetado com v\u00e1rias camadas de prote\u00e7\u00e3o, sendo distribu\u00eddo em uma infraestrutura escal\u00e1vel e segura baseada em nuvem. Os usu\u00e1rios do BrainHQ nessas localidades podem treinar seus c\u00e9rebros e revisar seu uso, progresso e desempenho a qualquer momento a partir de navegadores da Web e podem se mover perfeitamente entre locais e sistemas para treinar seu c\u00e9rebro onde e quando preferirem. O BrainHQ foi criado principalmente na Amazon Web Services e tamb\u00e9m emprega outros provedores l\u00edderes de servi\u00e7os de nuvem em casos espec\u00edficos.<\/p>\n<p>A Posit Science e a NeuroForma Tecnologias implementaram e continuar\u00e3o a manter medidas e pol\u00edticas t\u00e9cnicas e procedimentos exigidos e apropriados para proteger os dados do usu\u00e1rio, conforme descri\u00e7\u00e3o geral abaixo. Observe que podemos atualizar essas medidas de seguran\u00e7a e sua descri\u00e7\u00e3o nesta vis\u00e3o geral de tempos em tempos.<\/p>\n<p><strong>Medidas T\u00e9cnicas<\/strong><\/p>\n<ul>\n<li><strong>Encripta\u00e7\u00e3o: <\/strong>Os dados s\u00e3o protegidos em tr\u00e2nsito pela Internet usando SSL (Secure Sockets Layer)\/TLS 1.2 (Transport Layer Security), criando um t\u00fanel seguro protegido por criptografia AES (Advanced Encryption Standard) de 256 bits. Os dados em repouso s\u00e3o criptografados usando criptografia AES de 256 bits. Nossa infraestrutura de gerenciamento de chaves \u00e9 projetada com controles de seguran\u00e7a operacionais, t\u00e9cnicos e processuais com acesso direto muito limitado \u00e0s chaves.<\/li>\n<li><strong>Controles de Acesso:\u00a0<\/strong>O acesso aos sistemas e dados pela equipe t\u00e9cnica da Posit Science \u00e9 fornecido a pessoas espec\u00edficas, dependendo de suas responsabilidades de trabalho espec\u00edficas, usando um sistema de controle de acesso baseado em fun\u00e7\u00e3o, sendo registrado e monitorado para garantir o uso apropriado desses dados. Utilizamos ainda autentica\u00e7\u00e3o multifator para garantir ainda mais que apenas pessoal autorizado acesse sistemas e dados.<\/li>\n<li><strong>Acesso \u00e0 rede: <\/strong>Mantemos sistemas de seguran\u00e7a de rede projetados para fornecer v\u00e1rias camadas de prote\u00e7\u00e3o. Utilizamos t\u00e9cnicas de prote\u00e7\u00e3o padr\u00e3o do setor, incluindo <em>firewalls<\/em> de aplicativos Web, <em>clusters<\/em> privados virtuais, lista branca de IP, monitoramento de seguran\u00e7a de rede e sistemas de detec\u00e7\u00e3o de intrus\u00e3o para manter a seguran\u00e7a da rede.<\/li>\n<li><strong>Acesso F\u00edsico: <\/strong>Como a nossa infraestrutura de servidores \u00e9 hospedada pela Amazon Web Services (e outros provedores l\u00edderes de servi\u00e7os em nuvem), o acesso f\u00edsico aos sistemas que hospedam dados \u00e9 protegido por uma variedade de t\u00e9cnicas, incluindo guardas 24 horas por dia, 7 dias por semana, vigil\u00e2ncia por v\u00eddeo e <em>badging<\/em> eletr\u00f4nico.<\/li>\n<li><strong>Disponibilidade e Confiabilidade: <\/strong>Os servi\u00e7os de nuvem sobre os quais o BrainHQ \u00e9 constru\u00eddo s\u00e3o projetados para serem robustos diante de falhas individuais em hardware de computador, servi\u00e7os de rede e infraestrutura de suporte, usando sistemas de <em>failover<\/em> autom\u00e1tico para oferecer continuamente nosso servi\u00e7o em caso de falhas individuais\/erros humanos. O backup cont\u00ednuo dos dados do BrainHQ \u00e9 continuamente copiado de nossos bancos de dados prim\u00e1rios para bancos de dados secund\u00e1rios remotos para nos permitir reiniciar completamente o BrainHQ no caso de um desastre f\u00edsico em nossa instala\u00e7\u00e3o de hospedagem prim\u00e1ria.<\/li>\n<\/ul>\n<p><strong>Pol\u00edticas e Procedimentos<\/strong><\/p>\n<p>Empregamos um conjunto completo de pol\u00edticas e procedimentos de seguran\u00e7a para garantir que nosso pessoal trabalhe de forma a proteger a seguran\u00e7a de nossos dados. Essas pol\u00edticas e procedimentos s\u00e3o revisados e aprovados pelo menos uma vez por ano. Nossa equipe t\u00e9cnica \u00e9 notificada sobre as atualiza\u00e7\u00f5es dessas pol\u00edticas e recebe treinamento sobre como seguir esses procedimentos periodicamente.<\/p>\n<ul>\n<li><strong>Treinamento de Pessoal:<\/strong>Nossas pol\u00edticas internas exigem procedimentos de integra\u00e7\u00e3o que incluem conhecimento e treinamento da pol\u00edtica de seguran\u00e7a, comunica\u00e7\u00e3o de atualiza\u00e7\u00f5es da pol\u00edtica de seguran\u00e7a e acordos de confidencialidade. Todo o acesso do pessoal aos sistemas da Posit Science \u00e9 prontamente removido quando um funcion\u00e1rio ou contratante deixa a empresa.<\/li>\n<li><strong>Gest\u00e3o de Mudan\u00e7as:<\/strong>Garantimos que as altera\u00e7\u00f5es relacionadas \u00e0 seguran\u00e7a tenham sido autorizadas antes da implementa\u00e7\u00e3o nos ambientes de produ\u00e7\u00e3o. As altera\u00e7\u00f5es no c\u00f3digo-fonte ou na infraestrutura de rede s\u00e3o iniciadas pelos nossos desenvolvedores, revisadas pela equipe de seguran\u00e7a e implementadas ap\u00f3s a conclus\u00e3o bem-sucedida dos procedimentos de controle de qualidade.<\/li>\n<li><strong>Prestadores de Servi\u00e7os:<\/strong>Avaliamos e selecionamos todos os provedores de servi\u00e7os que processam dados de usu\u00e1rios do BrainHQ sob nosso controle nas diversas localidades, com base em suas certifica\u00e7\u00f5es de seguran\u00e7a e atestados de conformidade exigidas, e revisamos essas qualifica\u00e7\u00f5es continuamente.<\/li>\n<li><strong>Escrit\u00f3rio Corporativo:<\/strong>Mantemos uma separa\u00e7\u00e3o rigorosa de armazenamento de dados entre nosso escrit\u00f3rio corporativo e nossos provedores de servi\u00e7os em nuvem. Os dados do BrainHQ de usu\u00e1rios nas diversas localidades s\u00e3o armazenados apenas em provedores de servi\u00e7os de nuvem seguros, e n\u00e3o armazenados em nosso escrit\u00f3rio corporativo \u2013 todo o acesso aos dados do BrainHQ \u00e9 conduzido pelo pessoal da Posit Science por meio de conex\u00f5es seguras de internet para esses provedores de servi\u00e7os seguros baseados em nuvem. Nosso escrit\u00f3rio corporativo mant\u00e9m um conjunto padr\u00e3o de procedimentos de acesso f\u00edsico, incluindo guardas, c\u00e2meras de seguran\u00e7a e cart\u00f5es de chaves eletr\u00f4nicas.<\/li>\n<li><strong>Sistemas de TI:<\/strong>Os computadores da Posit Science que processam dados do BrainHQ s\u00e3o configurados com padr\u00f5es seguros, incluindo criptografia completa de disco, bloqueio autom\u00e1tico ap\u00f3s inatividade, firewalls locais e atualiza\u00e7\u00f5es autom\u00e1ticas de seguran\u00e7a. Os sistemas de TI em nosso escrit\u00f3rio corporativo s\u00e3o configurados com seguran\u00e7a antes da implanta\u00e7\u00e3o.<\/li>\n<li><strong>Prepara\u00e7\u00e3o para desastres: <\/strong>Mantemos um conjunto de procedimentos que permitem a opera\u00e7\u00e3o cont\u00ednua do BrainHQ no caso de um desastre f\u00edsico em nossa instala\u00e7\u00e3o de hospedagem principal ou em nosso escrit\u00f3rio corporativo.<\/li>\n<\/ul>\n<p>&nbsp;<\/p>\n<p>A BrainHQ est\u00e1 em conformidade com as salvaguardas t\u00e9cnicas da HIPAA e, a cada ano, a Posit Science passa por uma auditoria de seguran\u00e7a seguindo o padr\u00e3o SOC-2 para verificar nosso trabalho e confirmar que nossas pol\u00edticas e procedimentos de seguran\u00e7a est\u00e3o funcionando conforme projetado para proteger os dados do usu\u00e1rio do BrainHQ.<\/p>\n<p>Se voc\u00ea tiver mais alguma preocupa\u00e7\u00e3o sobre prote\u00e7\u00e3o e seguran\u00e7a que gostaria de trazer \u00e0 nossa aten\u00e7\u00e3o, envie-nos um e-mail para <a href=\"mailto:security@brainhq.com\">security@brainhq.com<\/a>\u00a0e entraremos em contato.<\/p>\n<p>&nbsp;<\/p>\n<p>&nbsp;<\/p>\n","protected":false},"excerpt":{"rendered":"<p>Pol\u00edtica de Privacidade Atualizada em 1\u00b0 de Janeiro de 2023. Vis\u00e3o Geral das Medidas de Seguran\u00e7a e Privacidade: O servi\u00e7o de treinamento cognitivo-cerebral que ofertamos no Brasil e pa\u00edses de l\u00edngua portuguesa (br.brainhq.com) \u00e9 projetado com v\u00e1rias camadas de prote\u00e7\u00e3o, sendo distribu\u00eddo em uma infraestrutura escal\u00e1vel e segura baseada em nuvem. Os usu\u00e1rios do BrainHQ &hellip; <a href=\"https:\/\/neuroforma.com.br\/novo\/privacypolicy\" class=\"more-link\">Continue lendo <span class=\"screen-reader-text\">Pol\u00edtica de Privacidade<\/span> <span class=\"meta-nav\">&rarr;<\/span><\/a><\/p>\n","protected":false},"author":1,"featured_media":0,"parent":0,"menu_order":0,"comment_status":"closed","ping_status":"closed","template":"","meta":{"footnotes":""},"class_list":["post-1860","page","type-page","status-publish","hentry","repupress_customize_woocommerce_productom_class"],"yoast_head":"<!-- This site is optimized with the Yoast SEO plugin v26.9 - https:\/\/yoast.com\/product\/yoast-seo-wordpress\/ -->\n<title>Pol\u00edtica de Privacidade -<\/title>\n<meta name=\"robots\" content=\"index, follow, max-snippet:-1, max-image-preview:large, max-video-preview:-1\" \/>\n<link rel=\"canonical\" href=\"https:\/\/neuroforma.com.br\/novo\/privacypolicy\/\" \/>\n<meta property=\"og:locale\" content=\"pt_BR\" \/>\n<meta property=\"og:type\" content=\"article\" \/>\n<meta property=\"og:title\" content=\"Pol\u00edtica de Privacidade -\" \/>\n<meta property=\"og:description\" content=\"Pol\u00edtica de Privacidade Atualizada em 1\u00b0 de Janeiro de 2023. Vis\u00e3o Geral das Medidas de Seguran\u00e7a e Privacidade: O servi\u00e7o de treinamento cognitivo-cerebral que ofertamos no Brasil e pa\u00edses de l\u00edngua portuguesa (br.brainhq.com) \u00e9 projetado com v\u00e1rias camadas de prote\u00e7\u00e3o, sendo distribu\u00eddo em uma infraestrutura escal\u00e1vel e segura baseada em nuvem. Os usu\u00e1rios do BrainHQ &hellip; Continue lendo Pol\u00edtica de Privacidade &rarr;\" \/>\n<meta property=\"og:url\" content=\"https:\/\/neuroforma.com.br\/novo\/privacypolicy\/\" \/>\n<meta property=\"article:modified_time\" content=\"2024-01-12T20:38:24+00:00\" \/>\n<meta name=\"twitter:label1\" content=\"Est. tempo de leitura\" \/>\n\t<meta name=\"twitter:data1\" content=\"5 minutos\" \/>\n<script type=\"application\/ld+json\" class=\"yoast-schema-graph\">{\"@context\":\"https:\/\/schema.org\",\"@graph\":[{\"@type\":\"WebPage\",\"@id\":\"https:\/\/neuroforma.com.br\/novo\/privacypolicy\/\",\"url\":\"https:\/\/neuroforma.com.br\/novo\/privacypolicy\/\",\"name\":\"Pol\u00edtica de Privacidade -\",\"isPartOf\":{\"@id\":\"https:\/\/neuroforma.com.br\/novo\/#website\"},\"datePublished\":\"2014-09-25T17:57:37+00:00\",\"dateModified\":\"2024-01-12T20:38:24+00:00\",\"breadcrumb\":{\"@id\":\"https:\/\/neuroforma.com.br\/novo\/privacypolicy\/#breadcrumb\"},\"inLanguage\":\"pt-BR\",\"potentialAction\":[{\"@type\":\"ReadAction\",\"target\":[\"https:\/\/neuroforma.com.br\/novo\/privacypolicy\/\"]}]},{\"@type\":\"BreadcrumbList\",\"@id\":\"https:\/\/neuroforma.com.br\/novo\/privacypolicy\/#breadcrumb\",\"itemListElement\":[{\"@type\":\"ListItem\",\"position\":1,\"name\":\"Home\",\"item\":\"https:\/\/neuroforma.com.br\/novo\/\"},{\"@type\":\"ListItem\",\"position\":2,\"name\":\"Pol\u00edtica de Privacidade\"}]},{\"@type\":\"WebSite\",\"@id\":\"https:\/\/neuroforma.com.br\/novo\/#website\",\"url\":\"https:\/\/neuroforma.com.br\/novo\/\",\"name\":\"\",\"description\":\"\",\"potentialAction\":[{\"@type\":\"SearchAction\",\"target\":{\"@type\":\"EntryPoint\",\"urlTemplate\":\"https:\/\/neuroforma.com.br\/novo\/?s={search_term_string}\"},\"query-input\":{\"@type\":\"PropertyValueSpecification\",\"valueRequired\":true,\"valueName\":\"search_term_string\"}}],\"inLanguage\":\"pt-BR\"}]}<\/script>\n<!-- \/ Yoast SEO plugin. -->","yoast_head_json":{"title":"Pol\u00edtica de Privacidade -","robots":{"index":"index","follow":"follow","max-snippet":"max-snippet:-1","max-image-preview":"max-image-preview:large","max-video-preview":"max-video-preview:-1"},"canonical":"https:\/\/neuroforma.com.br\/novo\/privacypolicy\/","og_locale":"pt_BR","og_type":"article","og_title":"Pol\u00edtica de Privacidade -","og_description":"Pol\u00edtica de Privacidade Atualizada em 1\u00b0 de Janeiro de 2023. Vis\u00e3o Geral das Medidas de Seguran\u00e7a e Privacidade: O servi\u00e7o de treinamento cognitivo-cerebral que ofertamos no Brasil e pa\u00edses de l\u00edngua portuguesa (br.brainhq.com) \u00e9 projetado com v\u00e1rias camadas de prote\u00e7\u00e3o, sendo distribu\u00eddo em uma infraestrutura escal\u00e1vel e segura baseada em nuvem. Os usu\u00e1rios do BrainHQ &hellip; Continue lendo Pol\u00edtica de Privacidade &rarr;","og_url":"https:\/\/neuroforma.com.br\/novo\/privacypolicy\/","article_modified_time":"2024-01-12T20:38:24+00:00","twitter_misc":{"Est. tempo de leitura":"5 minutos"},"schema":{"@context":"https:\/\/schema.org","@graph":[{"@type":"WebPage","@id":"https:\/\/neuroforma.com.br\/novo\/privacypolicy\/","url":"https:\/\/neuroforma.com.br\/novo\/privacypolicy\/","name":"Pol\u00edtica de Privacidade -","isPartOf":{"@id":"https:\/\/neuroforma.com.br\/novo\/#website"},"datePublished":"2014-09-25T17:57:37+00:00","dateModified":"2024-01-12T20:38:24+00:00","breadcrumb":{"@id":"https:\/\/neuroforma.com.br\/novo\/privacypolicy\/#breadcrumb"},"inLanguage":"pt-BR","potentialAction":[{"@type":"ReadAction","target":["https:\/\/neuroforma.com.br\/novo\/privacypolicy\/"]}]},{"@type":"BreadcrumbList","@id":"https:\/\/neuroforma.com.br\/novo\/privacypolicy\/#breadcrumb","itemListElement":[{"@type":"ListItem","position":1,"name":"Home","item":"https:\/\/neuroforma.com.br\/novo\/"},{"@type":"ListItem","position":2,"name":"Pol\u00edtica de Privacidade"}]},{"@type":"WebSite","@id":"https:\/\/neuroforma.com.br\/novo\/#website","url":"https:\/\/neuroforma.com.br\/novo\/","name":"","description":"","potentialAction":[{"@type":"SearchAction","target":{"@type":"EntryPoint","urlTemplate":"https:\/\/neuroforma.com.br\/novo\/?s={search_term_string}"},"query-input":{"@type":"PropertyValueSpecification","valueRequired":true,"valueName":"search_term_string"}}],"inLanguage":"pt-BR"}]}},"_links":{"self":[{"href":"https:\/\/neuroforma.com.br\/novo\/wp-json\/wp\/v2\/pages\/1860","targetHints":{"allow":["GET"]}}],"collection":[{"href":"https:\/\/neuroforma.com.br\/novo\/wp-json\/wp\/v2\/pages"}],"about":[{"href":"https:\/\/neuroforma.com.br\/novo\/wp-json\/wp\/v2\/types\/page"}],"author":[{"embeddable":true,"href":"https:\/\/neuroforma.com.br\/novo\/wp-json\/wp\/v2\/users\/1"}],"replies":[{"embeddable":true,"href":"https:\/\/neuroforma.com.br\/novo\/wp-json\/wp\/v2\/comments?post=1860"}],"version-history":[{"count":14,"href":"https:\/\/neuroforma.com.br\/novo\/wp-json\/wp\/v2\/pages\/1860\/revisions"}],"predecessor-version":[{"id":6641,"href":"https:\/\/neuroforma.com.br\/novo\/wp-json\/wp\/v2\/pages\/1860\/revisions\/6641"}],"wp:attachment":[{"href":"https:\/\/neuroforma.com.br\/novo\/wp-json\/wp\/v2\/media?parent=1860"}],"curies":[{"name":"wp","href":"https:\/\/api.w.org\/{rel}","templated":true}]}}