{"id":1781,"date":"2014-09-04T17:16:09","date_gmt":"2014-09-04T17:16:09","guid":{"rendered":"https:\/\/neuroforma.com.br\/novo\/?page_id=1781"},"modified":"2024-09-09T11:20:51","modified_gmt":"2024-09-09T11:20:51","slug":"sobre-o-treino-cerebral","status":"publish","type":"page","link":"https:\/\/neuroforma.com.br\/novo\/sobre-o-treino-cerebral\/","title":{"rendered":"Sobre o treino Cerebral"},"content":{"rendered":"<h2><span style=\"color: #3366ff;\">Como usamos a neuroplasticidade a seu favor ?<\/span><\/h2>\n<p class=\"p1\">Os exerc\u00edcios da nossa <a href=\"http:\/\/br.brainhq.com\">plataforma on-line<\/a> s\u00e3o baseados na ci\u00eancia da neuroplasticidade, tamb\u00e9m chamada de plasticidade cerebral, que \u00e9 a capacidade natural do seu c\u00e9rebro se reorganizar ao longo da vida. O c\u00e9rebro est\u00e1 sempre mudando, \u00e0s vezes para melhor e \u00e0s vezes para pior. Os exerc\u00edcios agem como um guia que direciona essas mudan\u00e7as de maneira positiva para que elas possam melhorar o seu desempenho no cotidiano.<\/p>\n<p>Sabemos que essa n\u00e3o \u00e9 uma tarefa simples para um pesquisador de plasticidade cerebral. Temos obtido ajuda para a cria\u00e7\u00e3o desses exerc\u00edcios de mais de uma centena de neurocientistas, psic\u00f3logos e outros especialistas do c\u00e9rebro. Essas contribui\u00e7\u00f5es vem nos ajudando a desenvolver um programa de condicionamento cerebral que contempla quase todas as faculdades mentais que podem ser aperfei\u00e7oadas para se ter uma vida melhor.<\/p>\n<h2><img loading=\"lazy\" decoding=\"async\" class=\"alignleft wp-image-6916 size-full\" src=\"https:\/\/neuroforma.com.br\/novo\/wp-content\/uploads\/2024\/09\/2-e1725593041137.png\" alt=\"\" width=\"1360\" height=\"556\" srcset=\"https:\/\/neuroforma.com.br\/novo\/wp-content\/uploads\/2024\/09\/2-e1725593041137.png 1360w, https:\/\/neuroforma.com.br\/novo\/wp-content\/uploads\/2024\/09\/2-e1725593041137-300x123.png 300w, https:\/\/neuroforma.com.br\/novo\/wp-content\/uploads\/2024\/09\/2-e1725593041137-1024x419.png 1024w, https:\/\/neuroforma.com.br\/novo\/wp-content\/uploads\/2024\/09\/2-e1725593041137-768x314.png 768w\" sizes=\"auto, (max-width: 1360px) 100vw, 1360px\" \/><\/h2>\n<h2><span style=\"color: #3366ff;\">Concep\u00e7\u00e3o dos exerc\u00edcios<\/span><\/h2>\n<p>Os exerc\u00edcios geram benef\u00edcios para a aten\u00e7\u00e3o, mem\u00f3ria, agilidade de racioc\u00ednio, habilidades sociais, entre diversas outras fun\u00e7\u00f5es cerebrais importantes ao nosso dia a dia. Alguns dos exerc\u00edcios exercitam essas habilidades diretamente e voc\u00ea poder\u00e1 perceber que eles ajudam a melhorar o funcionamento do seu c\u00e9rebro \u00e0 medida que voc\u00ea os pratica. Outros exerc\u00edcios desafiam voc\u00ea a melhorar suas capacidades sensoriais b\u00e1sicas \u2013 tais como diferenciar tipos de sons ou detectar rapidamente objetos na tela. H\u00e1 uma boa raz\u00e3o para incluir esses exerc\u00edcios quando voc\u00ea estiver treinando seu c\u00e9rebro. Sabe porqu\u00ea?<\/p>\n<h2><span style=\"color: #3366ff;\">A nitidez come\u00e7a com os sentidos<\/span><\/h2>\n<p><img loading=\"lazy\" decoding=\"async\" class=\"alignleft wp-image-6917 size-full\" src=\"https:\/\/neuroforma.com.br\/novo\/wp-content\/uploads\/2024\/09\/1-e1725593127433.png\" alt=\"\" width=\"1235\" height=\"1080\" srcset=\"https:\/\/neuroforma.com.br\/novo\/wp-content\/uploads\/2024\/09\/1-e1725593127433.png 1235w, https:\/\/neuroforma.com.br\/novo\/wp-content\/uploads\/2024\/09\/1-e1725593127433-300x262.png 300w, https:\/\/neuroforma.com.br\/novo\/wp-content\/uploads\/2024\/09\/1-e1725593127433-1024x895.png 1024w, https:\/\/neuroforma.com.br\/novo\/wp-content\/uploads\/2024\/09\/1-e1725593127433-768x672.png 768w\" sizes=\"auto, (max-width: 1235px) 100vw, 1235px\" \/>Nossos olhos, ouvidos e outros \u00f3rg\u00e3os sensoriais constantemente enviam informa\u00e7\u00f5es para o c\u00e9rebro. Nossos c\u00e9rebros usam essas informa\u00e7\u00f5es para construir as nossas experi\u00eancias e mem\u00f3rias, das coisas mais magn\u00edficas \u2013 o rosto de um ente querido, as f\u00e9rias da sua vida, uma proposta de casamento &#8211; at\u00e9 as coisas mais cotidianas como o nome de um conhecido, uma lista de tarefas do dia a dia , entre outras.<\/p>\n<p>Quanto mais claramente o nosso c\u00e9rebro registra uma informa\u00e7\u00e3o, melhor podemos respond\u00ea-la e armazen\u00e1-la para que possamos nos lembrar e us\u00e1-la posteriormente. \u00c9 importante que nosso c\u00e9rebro fa\u00e7a sempre um bom trabalho com todos os pequenos detalhes que vemos e ouvimos. A perda desses detalhes resulta na maioria das vezes em erros e confus\u00f5es que podem nos limitar. Um c\u00e9rebro que perde muitos detalhes acaba ficando mais lento. Se o c\u00e9rebro est\u00e1 confuso e impreciso em suas opera\u00e7\u00f5es mais elementares, todas as suas opera\u00e7\u00f5es mais elevadas relacionadas ao pensamento e \u00e0 a\u00e7\u00e3o ficar\u00e3o comprometidas.<\/p>\n<p>Melhorar a representa\u00e7\u00e3o n\u00edtida do c\u00e9rebro a partir dos detalhes do que vemos, ouvimos e sentimos \u00e9 um passo fundamental para a melhoria das fun\u00e7\u00f5es cognitivas. Por esta raz\u00e3o, muitos dos nossos exerc\u00edcios s\u00e3o elaborados para aumentar a quantidade de informa\u00e7\u00f5es sensoriais absorvidas e melhorar a qualidade com a qual processamos e registramos essas informa\u00e7\u00f5es. Essa melhoria tem um efeito em cascata, melhorando todas as fun\u00e7\u00f5es &#8220;superiores&#8221; do c\u00e9rebro.<\/p>\n<p><img loading=\"lazy\" decoding=\"async\" class=\"alignleft wp-image-6918 size-full\" src=\"https:\/\/neuroforma.com.br\/novo\/wp-content\/uploads\/2024\/09\/3-e1725593206287.png\" alt=\"\" width=\"1104\" height=\"1080\" srcset=\"https:\/\/neuroforma.com.br\/novo\/wp-content\/uploads\/2024\/09\/3-e1725593206287.png 1104w, https:\/\/neuroforma.com.br\/novo\/wp-content\/uploads\/2024\/09\/3-e1725593206287-300x293.png 300w, https:\/\/neuroforma.com.br\/novo\/wp-content\/uploads\/2024\/09\/3-e1725593206287-1024x1002.png 1024w, https:\/\/neuroforma.com.br\/novo\/wp-content\/uploads\/2024\/09\/3-e1725593206287-768x751.png 768w\" sizes=\"auto, (max-width: 1104px) 100vw, 1104px\" \/>Ra\u00edzes saud\u00e1veis capazes de absorver nutrientes abundantes e \u00e1gua geram um tronco forte, folhas mais brilhantes e mais frutas. Um exerc\u00edcio cognitivo do <a href=\"http:\/\/br.brainhq.com\">programa on-line BrainHQ<\/a> fortalece o c\u00e9rebro das ra\u00edzes para cima. Esta abordagem \u00e9 diferente de muitos outros, os quais proporcionam estrat\u00e9gias compensat\u00f3rias, ensinam ao c\u00e9rebro os \u201ctruques\u201d para lembrar, ou treinam o c\u00e9rebro somente com exerc\u00edcios de mem\u00f3ria diretamente. Uma s\u00e9rie de estudos cient\u00edficos demonstram que tal foco sobre colher os frutos, ignorando as ra\u00edzes, tem benef\u00edcios limitados.<\/p>\n<p><span style=\"color: #3366ff; font-family: Bitter, Georgia, serif; font-size: 30px;\">6 tend\u00eancias com o envelhecimento<\/span><\/p>\n<p>Ao longo da vida, nosso c\u00e9rebro \u00e9 capaz de absorver com sucesso uma s\u00e9rie de informa\u00e7\u00f5es a partir de nossos sentidos. Mas para a maioria de n\u00f3s, nosso c\u00e9rebro poderia ter um desempenho melhor. Quando chegamos na faixa et\u00e1ria dos trinta anos, seis tend\u00eancias centrais come\u00e7am a afetar a fun\u00e7\u00e3o cerebral. Com o tempo, elas t\u00eam impactos significativos sobre a nossa mem\u00f3ria, o pensamento, foco e aten\u00e7\u00e3o. Essas tend\u00eancias de decl\u00ednio cognitivo incluem:<\/p>\n<ol>\n<li><span style=\"color: #3366ff;\"><strong>Intelig\u00eancia: A\u00e7\u00f5es e pensamentos \u201cCansados\u201d<\/strong><\/span><br \/>\nNosso c\u00e9rebro vai diminuindo seu &#8216;dimmer&#8217; lentamente na medida em que envelhecemos. Pode levar mais tempo para ficarmos prontos em nossas manh\u00e3s, e muitas vezes n\u00f3s podemos nos perceber tendo momentos de desaten\u00e7\u00e3o ou sonol\u00eancia, os quais nos frustram e impedem de tirar o m\u00e1ximo proveito dos nossos dias. Sono ou descanso n\u00e3o restauram nossa vivacidade como antes.<\/li>\n<li><span style=\"color: #3366ff;\"><strong>Velocidade: Processamento mais lento<\/strong><\/span><br \/>\nNossos c\u00e9rebros ficam gradualmente mais lentos \u2013 mas a velocidade da informa\u00e7\u00e3o que chega pelos sentidos (vis\u00f5es e sons acontecendo em nossas vidas) n\u00e3o. Com o tempo, o c\u00e9rebro come\u00e7a a perder muitos detalhes, tornando mais dif\u00edcil reagir e lembrar o que n\u00f3s vimos ou ouvimos.<\/li>\n<li><span style=\"color: #3366ff;\"><strong>Precis\u00e3o: Perda de detalhes<\/strong><\/span><br \/>\nComo os sulcos de um disco antigo, as vias do c\u00e9rebro muitas vezes podem ficar mais confusas, arranhadas ou at\u00e9 mesmo distorcidas. Voc\u00ea n\u00e3o pode esperar que o seu c\u00e9rebro fa\u00e7a uma boa grava\u00e7\u00e3o do que est\u00e1 acontecendo quando h\u00e1 tanto ru\u00eddo na sua trilha sonora, ou quando a grava\u00e7\u00e3o do seu c\u00e9rebro a qual voc\u00ea est\u00e1 acessando est\u00e1 borrada e indistinta.<\/li>\n<li><span style=\"color: #3366ff;\"><strong>Reconhecimento: Compreens\u00e3o mais pobre<\/strong><\/span><br \/>\nTemos que combinar informa\u00e7\u00f5es de formas especiais a fim de que possamos compreender e interpretar corretamente as coisas que vemos ou ouvimos. A perda da capacidade de lembrar um nome, um acontecimento, ou fazer uma m\u00e1 interpreta\u00e7\u00e3o de situa\u00e7\u00f5es \u00e9 um problema comum na idade mais avan\u00e7ada. A manuten\u00e7\u00e3o de habilidades afiadas para reconhecer e interpretar o que estamos vendo e ouvindo \u00e9 de grande fundamental a medida que a idade avan\u00e7a.<\/li>\n<li><span style=\"color: #3366ff;\"><strong>Clareza: A Interfer\u00eancia de um mundo barulhento<\/strong><\/span><br \/>\nNa nossa juventude, nossos c\u00e9rebros foram surpreendentemente bons em anular todos aqueles ru\u00eddos que v\u00eam do mundo, ou que v\u00eam como uma enxurrada de rupturas, de si mesmo, a partir um c\u00e9rebro preocupado ou distra\u00eddo. Mas com a idade, a interfer\u00eancia come\u00e7a a atrapalhar. Isto \u00e9 parcialmente devido a uma perda de capacidade de realmente nos concentrarmos.<\/li>\n<li><span style=\"color: #3366ff;\"><strong>Grava\u00e7\u00e3o: Menor capacidade de controle do aprendizado, ou \u201c\u00e0 altura das circunst\u00e2ncias\u201d<\/strong><\/span><br \/>\nO c\u00e9rebro utiliza elementos qu\u00edmicos chamados de neuromoduladores para determinar quais informa\u00e7\u00f5es s\u00e3o importantes para registrar e processar. A cada d\u00e9cada que passa, nossos c\u00e9rebros produzem menos neuromoduladores. Um d\u00e9ficit de neuromoduladores impede a capacidade de o c\u00e9rebro &#8220;gravar&#8221; novas informa\u00e7\u00f5es. Em outras palavra: a capacidade do c\u00e9rebro de aprender e de lembrar. Quando estas tend\u00eancias se iniciam, n\u00f3s n\u00e3o notamos os problemas naquele momento, porque n\u00f3s utilizamos o contexto para preencher o que estamos &#8220;perdemos&#8221;. Ou seja, recorremos \u00e0 nossa grande experi\u00eancia de vida para &#8220;preencher as lacunas&#8221; e dar sentido \u00e0s informa\u00e7\u00f5es que estariam &#8220;incompletas&#8221;. Embora este comportamento compensat\u00f3rio nos ajude na situa\u00e7\u00e3o imediata, ele n\u00e3o melhora a qualidade da &#8216;grava\u00e7\u00e3o&#8217; (a mem\u00f3ria). \u00c0 medida que os anos passam, as lacunas podem tornar-se grande demais para que o contexto possa preench\u00ea-las. Quando isso ocorre, pode ser dif\u00edcil captar e responder \u00e0 informa\u00e7\u00e3o mesmo naquele momento.<\/li>\n<\/ol>\n<h4 style=\"text-align: center;\"><span style=\"color: #3366ff;\"><strong>&#8220;Cuidar das ra\u00edzes \u00e9 fundamental para manter os benef\u00edcios generalizados&#8221;<\/strong><\/span><\/h4>\n<p>Abaixo elencamos um resumo b\u00e1sico dos principais benef\u00edcios e aumento de capacidades j\u00e1 cientificamente relatadas com o <a href=\"http:\/\/br.brainhq.com\">treino cognitivo BrainHQ<\/a>\u00ae:<\/p>\n<ol>\n<li><span style=\"color: #3366ff;\"><strong>Elevar o estado de esp\u00edrito<\/strong><\/span><\/li>\n<li><span style=\"color: #3366ff;\"><strong>Acelerar o processamento cerebral<\/strong><\/span><\/li>\n<li><span style=\"color: #3366ff;\"><strong>Aumentar a precis\u00e3o do processamento<\/strong><\/span><\/li>\n<li><span style=\"color: #3366ff;\"><strong>Melhorar habilidades de r\u00e1pido reconhecimento<\/strong><\/span><\/li>\n<li><span style=\"color: #3366ff;\"><strong>Eliminar os ru\u00eddos que comprometem a aten\u00e7\u00e3o, precis\u00e3o sensorial e mem\u00f3ria.<\/strong><\/span><\/li>\n<li><span style=\"color: #3366ff;\"><strong>Recuperar o poder da maquinaria cerebral que controla sua performance para aprender e lembrar<\/strong><\/span><\/li>\n<\/ol>\n<p>A abordagem que vai das ra\u00edzes para cima enfatiza a generaliza\u00e7\u00e3o ou a extens\u00e3o dos benef\u00edcios para al\u00e9m da tarefa treinada. Aqui est\u00e1 um exemplo: ao usar um programa em que voc\u00ea pratica a memoriza\u00e7\u00e3o de uma lista de compras, isso pode ajud\u00e1-lo a se tornar bom em lembrar uma listas de compras. Com o nosso treino cognitivo, pode ser que voc\u00ea nunca pratique exerc\u00edcios que envolvam listas de compras. Ao exercitar as ra\u00edzes da mem\u00f3ria, no entanto, voc\u00ea provavelmente vai descobrir que n\u00e3o s\u00f3 \u00e9 capaz de lembrar-se de listas de compras melhor, mas tamb\u00e9m lembrar-se de conversas em geral, tarefas do trabalho, aquela palavra que est\u00e1 na ponta da l\u00edngua, os nomes das\u00a0pessoas, etc.<\/p>\n<p>&nbsp;<\/p>\n<p>Essa mudan\u00e7a generalizada \u2013 ao que chamamos de<strong> transfer\u00eancia real da pr\u00e1tica do exerc\u00edcio virtual para melhoria nas fun\u00e7\u00f5es do dia a dia <\/strong> \u2013 \u00e9 o nosso maior objetivo.<\/p>\n<p><a href=\"http:\/\/br.brainhq.com\"><img loading=\"lazy\" decoding=\"async\" class=\" wp-image-6923 aligncenter\" src=\"https:\/\/neuroforma.com.br\/novo\/wp-content\/uploads\/2024\/09\/borao.png\" alt=\"\" width=\"227\" height=\"78\" srcset=\"https:\/\/neuroforma.com.br\/novo\/wp-content\/uploads\/2024\/09\/borao.png 416w, https:\/\/neuroforma.com.br\/novo\/wp-content\/uploads\/2024\/09\/borao-300x103.png 300w\" sizes=\"auto, (max-width: 227px) 100vw, 227px\" \/><\/a><\/p>\n<p>&nbsp;<\/p>\n<p>&nbsp;<\/p>\n","protected":false},"excerpt":{"rendered":"<p>Como usamos a neuroplasticidade a seu favor ? Os exerc\u00edcios da nossa plataforma on-line s\u00e3o baseados na ci\u00eancia da neuroplasticidade, tamb\u00e9m chamada de plasticidade cerebral, que \u00e9 a capacidade natural do seu c\u00e9rebro se reorganizar ao longo da vida. O c\u00e9rebro est\u00e1 sempre mudando, \u00e0s vezes para melhor e \u00e0s vezes para pior. Os exerc\u00edcios &hellip; <a href=\"https:\/\/neuroforma.com.br\/novo\/sobre-o-treino-cerebral\/\" class=\"more-link\">Continue lendo <span class=\"screen-reader-text\">Sobre o treino Cerebral<\/span> <span class=\"meta-nav\">&rarr;<\/span><\/a><\/p>\n","protected":false},"author":1,"featured_media":6917,"parent":0,"menu_order":0,"comment_status":"closed","ping_status":"closed","template":"","meta":{"footnotes":""},"class_list":["post-1781","page","type-page","status-publish","has-post-thumbnail","hentry","repupress_customize_woocommerce_productom_class"],"yoast_head":"<!-- This site is optimized with the Yoast SEO plugin v26.9 - https:\/\/yoast.com\/product\/yoast-seo-wordpress\/ -->\n<title>Sobre o treino Cerebral -<\/title>\n<meta name=\"robots\" content=\"index, follow, max-snippet:-1, max-image-preview:large, max-video-preview:-1\" \/>\n<link rel=\"canonical\" href=\"https:\/\/neuroforma.com.br\/novo\/sobre-o-treino-cerebral\/\" \/>\n<meta property=\"og:locale\" content=\"pt_BR\" \/>\n<meta property=\"og:type\" content=\"article\" \/>\n<meta property=\"og:title\" content=\"Sobre o treino Cerebral -\" \/>\n<meta property=\"og:description\" content=\"Como usamos a neuroplasticidade a seu favor ? Os exerc\u00edcios da nossa plataforma on-line s\u00e3o baseados na ci\u00eancia da neuroplasticidade, tamb\u00e9m chamada de plasticidade cerebral, que \u00e9 a capacidade natural do seu c\u00e9rebro se reorganizar ao longo da vida. O c\u00e9rebro est\u00e1 sempre mudando, \u00e0s vezes para melhor e \u00e0s vezes para pior. Os exerc\u00edcios &hellip; Continue lendo Sobre o treino Cerebral &rarr;\" \/>\n<meta property=\"og:url\" content=\"https:\/\/neuroforma.com.br\/novo\/sobre-o-treino-cerebral\/\" \/>\n<meta property=\"article:modified_time\" content=\"2024-09-09T11:20:51+00:00\" \/>\n<meta property=\"og:image\" content=\"https:\/\/neuroforma.com.br\/novo\/wp-content\/uploads\/2024\/09\/1-e1725593127433.png\" \/>\n\t<meta property=\"og:image:width\" content=\"1235\" \/>\n\t<meta property=\"og:image:height\" content=\"1080\" \/>\n\t<meta property=\"og:image:type\" content=\"image\/png\" \/>\n<meta name=\"twitter:label1\" content=\"Est. tempo de leitura\" \/>\n\t<meta name=\"twitter:data1\" content=\"9 minutos\" \/>\n<script type=\"application\/ld+json\" class=\"yoast-schema-graph\">{\"@context\":\"https:\/\/schema.org\",\"@graph\":[{\"@type\":\"WebPage\",\"@id\":\"https:\/\/neuroforma.com.br\/novo\/sobre-o-treino-cerebral\/\",\"url\":\"https:\/\/neuroforma.com.br\/novo\/sobre-o-treino-cerebral\/\",\"name\":\"Sobre o treino Cerebral -\",\"isPartOf\":{\"@id\":\"https:\/\/neuroforma.com.br\/novo\/#website\"},\"primaryImageOfPage\":{\"@id\":\"https:\/\/neuroforma.com.br\/novo\/sobre-o-treino-cerebral\/#primaryimage\"},\"image\":{\"@id\":\"https:\/\/neuroforma.com.br\/novo\/sobre-o-treino-cerebral\/#primaryimage\"},\"thumbnailUrl\":\"https:\/\/neuroforma.com.br\/novo\/wp-content\/uploads\/2024\/09\/1-e1725593127433.png\",\"datePublished\":\"2014-09-04T17:16:09+00:00\",\"dateModified\":\"2024-09-09T11:20:51+00:00\",\"breadcrumb\":{\"@id\":\"https:\/\/neuroforma.com.br\/novo\/sobre-o-treino-cerebral\/#breadcrumb\"},\"inLanguage\":\"pt-BR\",\"potentialAction\":[{\"@type\":\"ReadAction\",\"target\":[\"https:\/\/neuroforma.com.br\/novo\/sobre-o-treino-cerebral\/\"]}]},{\"@type\":\"ImageObject\",\"inLanguage\":\"pt-BR\",\"@id\":\"https:\/\/neuroforma.com.br\/novo\/sobre-o-treino-cerebral\/#primaryimage\",\"url\":\"https:\/\/neuroforma.com.br\/novo\/wp-content\/uploads\/2024\/09\/1-e1725593127433.png\",\"contentUrl\":\"https:\/\/neuroforma.com.br\/novo\/wp-content\/uploads\/2024\/09\/1-e1725593127433.png\",\"width\":1235,\"height\":1080},{\"@type\":\"BreadcrumbList\",\"@id\":\"https:\/\/neuroforma.com.br\/novo\/sobre-o-treino-cerebral\/#breadcrumb\",\"itemListElement\":[{\"@type\":\"ListItem\",\"position\":1,\"name\":\"Home\",\"item\":\"https:\/\/neuroforma.com.br\/novo\/\"},{\"@type\":\"ListItem\",\"position\":2,\"name\":\"Sobre o treino Cerebral\"}]},{\"@type\":\"WebSite\",\"@id\":\"https:\/\/neuroforma.com.br\/novo\/#website\",\"url\":\"https:\/\/neuroforma.com.br\/novo\/\",\"name\":\"\",\"description\":\"\",\"potentialAction\":[{\"@type\":\"SearchAction\",\"target\":{\"@type\":\"EntryPoint\",\"urlTemplate\":\"https:\/\/neuroforma.com.br\/novo\/?s={search_term_string}\"},\"query-input\":{\"@type\":\"PropertyValueSpecification\",\"valueRequired\":true,\"valueName\":\"search_term_string\"}}],\"inLanguage\":\"pt-BR\"}]}<\/script>\n<!-- \/ Yoast SEO plugin. -->","yoast_head_json":{"title":"Sobre o treino Cerebral -","robots":{"index":"index","follow":"follow","max-snippet":"max-snippet:-1","max-image-preview":"max-image-preview:large","max-video-preview":"max-video-preview:-1"},"canonical":"https:\/\/neuroforma.com.br\/novo\/sobre-o-treino-cerebral\/","og_locale":"pt_BR","og_type":"article","og_title":"Sobre o treino Cerebral -","og_description":"Como usamos a neuroplasticidade a seu favor ? Os exerc\u00edcios da nossa plataforma on-line s\u00e3o baseados na ci\u00eancia da neuroplasticidade, tamb\u00e9m chamada de plasticidade cerebral, que \u00e9 a capacidade natural do seu c\u00e9rebro se reorganizar ao longo da vida. O c\u00e9rebro est\u00e1 sempre mudando, \u00e0s vezes para melhor e \u00e0s vezes para pior. Os exerc\u00edcios &hellip; Continue lendo Sobre o treino Cerebral &rarr;","og_url":"https:\/\/neuroforma.com.br\/novo\/sobre-o-treino-cerebral\/","article_modified_time":"2024-09-09T11:20:51+00:00","og_image":[{"width":1235,"height":1080,"url":"https:\/\/neuroforma.com.br\/novo\/wp-content\/uploads\/2024\/09\/1-e1725593127433.png","type":"image\/png"}],"twitter_misc":{"Est. tempo de leitura":"9 minutos"},"schema":{"@context":"https:\/\/schema.org","@graph":[{"@type":"WebPage","@id":"https:\/\/neuroforma.com.br\/novo\/sobre-o-treino-cerebral\/","url":"https:\/\/neuroforma.com.br\/novo\/sobre-o-treino-cerebral\/","name":"Sobre o treino Cerebral -","isPartOf":{"@id":"https:\/\/neuroforma.com.br\/novo\/#website"},"primaryImageOfPage":{"@id":"https:\/\/neuroforma.com.br\/novo\/sobre-o-treino-cerebral\/#primaryimage"},"image":{"@id":"https:\/\/neuroforma.com.br\/novo\/sobre-o-treino-cerebral\/#primaryimage"},"thumbnailUrl":"https:\/\/neuroforma.com.br\/novo\/wp-content\/uploads\/2024\/09\/1-e1725593127433.png","datePublished":"2014-09-04T17:16:09+00:00","dateModified":"2024-09-09T11:20:51+00:00","breadcrumb":{"@id":"https:\/\/neuroforma.com.br\/novo\/sobre-o-treino-cerebral\/#breadcrumb"},"inLanguage":"pt-BR","potentialAction":[{"@type":"ReadAction","target":["https:\/\/neuroforma.com.br\/novo\/sobre-o-treino-cerebral\/"]}]},{"@type":"ImageObject","inLanguage":"pt-BR","@id":"https:\/\/neuroforma.com.br\/novo\/sobre-o-treino-cerebral\/#primaryimage","url":"https:\/\/neuroforma.com.br\/novo\/wp-content\/uploads\/2024\/09\/1-e1725593127433.png","contentUrl":"https:\/\/neuroforma.com.br\/novo\/wp-content\/uploads\/2024\/09\/1-e1725593127433.png","width":1235,"height":1080},{"@type":"BreadcrumbList","@id":"https:\/\/neuroforma.com.br\/novo\/sobre-o-treino-cerebral\/#breadcrumb","itemListElement":[{"@type":"ListItem","position":1,"name":"Home","item":"https:\/\/neuroforma.com.br\/novo\/"},{"@type":"ListItem","position":2,"name":"Sobre o treino Cerebral"}]},{"@type":"WebSite","@id":"https:\/\/neuroforma.com.br\/novo\/#website","url":"https:\/\/neuroforma.com.br\/novo\/","name":"","description":"","potentialAction":[{"@type":"SearchAction","target":{"@type":"EntryPoint","urlTemplate":"https:\/\/neuroforma.com.br\/novo\/?s={search_term_string}"},"query-input":{"@type":"PropertyValueSpecification","valueRequired":true,"valueName":"search_term_string"}}],"inLanguage":"pt-BR"}]}},"_links":{"self":[{"href":"https:\/\/neuroforma.com.br\/novo\/wp-json\/wp\/v2\/pages\/1781","targetHints":{"allow":["GET"]}}],"collection":[{"href":"https:\/\/neuroforma.com.br\/novo\/wp-json\/wp\/v2\/pages"}],"about":[{"href":"https:\/\/neuroforma.com.br\/novo\/wp-json\/wp\/v2\/types\/page"}],"author":[{"embeddable":true,"href":"https:\/\/neuroforma.com.br\/novo\/wp-json\/wp\/v2\/users\/1"}],"replies":[{"embeddable":true,"href":"https:\/\/neuroforma.com.br\/novo\/wp-json\/wp\/v2\/comments?post=1781"}],"version-history":[{"count":75,"href":"https:\/\/neuroforma.com.br\/novo\/wp-json\/wp\/v2\/pages\/1781\/revisions"}],"predecessor-version":[{"id":6930,"href":"https:\/\/neuroforma.com.br\/novo\/wp-json\/wp\/v2\/pages\/1781\/revisions\/6930"}],"wp:featuredmedia":[{"embeddable":true,"href":"https:\/\/neuroforma.com.br\/novo\/wp-json\/wp\/v2\/media\/6917"}],"wp:attachment":[{"href":"https:\/\/neuroforma.com.br\/novo\/wp-json\/wp\/v2\/media?parent=1781"}],"curies":[{"name":"wp","href":"https:\/\/api.w.org\/{rel}","templated":true}]}}