{"id":1444,"date":"2014-07-07T18:27:52","date_gmt":"2014-07-07T18:27:52","guid":{"rendered":"https:\/\/neuroforma.com.br\/novo\/?page_id=1444"},"modified":"2017-10-10T21:12:42","modified_gmt":"2017-10-10T21:12:42","slug":"jogo-dos-malabares","status":"publish","type":"page","link":"https:\/\/neuroforma.com.br\/novo\/why-brainhq\/about-the-exercises\/juggle-factor","title":{"rendered":"Jogo dos Malabares"},"content":{"rendered":"<h1>Jogo dos Malabares<\/h1>\n<a href=\"https:\/\/br.brainhq.com\/#ex-select\/intelligence\" class=\"su-button su-button-style-flat\" style=\"color:#FFFFFF;background-color:#9c5da4;border-color:#7d4b84;border-radius:5px\" target=\"_blank\" rel=\"noopener noreferrer\"><span style=\"color:#FFFFFF;padding:0px 34px;font-size:25px;line-height:50px;border-color:#ba8ec0;border-radius:5px;text-shadow:none\"> Pratique Agora!<\/span><\/a>\n<p><img loading=\"lazy\" decoding=\"async\" class=\"alignleft size-full wp-image-1234\" src=\"https:\/\/neuroforma.com.br\/novo\/wp-content\/uploads\/2014\/01\/icon-juggle-factor-lm.jpg\" alt=\"icon-juggle-factor-lm\" width=\"105\" height=\"115\" \/>Decis\u00f5es inteligentes requerem a habilidade de acessar, comparar e manipular m\u00faltiplas informa\u00e7\u00f5es, muitas vezes num tempo limitado. Jogo dos Malabares desafia voc\u00ea a reter mais informa\u00e7\u00f5es na mem\u00f3ria de trabalho enquanto processa essas mesmas informa\u00e7\u00f5es. Este exerc\u00edcio aprimora sua habilidade de tomar decis\u00f5es r\u00e1pidas e resolver problemas em ambientes complexos.<\/p>\n<p>&nbsp;<\/p>\n<p>Em Jogo dos Malabares, \u00e9 exibida uma sequ\u00eancia de n\u00fameros que se desloca em c\u00edrculos. Sua tarefa \u00e9 reconstruir a sequ\u00eancia na ordem correta e nas posi\u00e7\u00f5es corretas. A quantidade de elementos na sequ\u00eancia aumenta conforme seu desempenho melhora. Nos n\u00edveis mais avan\u00e7ados, as trajet\u00f3rias dos objetos se tornam mais complexas e a velocidade aumenta.<\/p>\n<p>&nbsp;<\/p>\n<p><a href=\"https:\/\/neuroforma.com.br\/novo\/wp-content\/uploads\/2014\/07\/bhq-ex-juggle-factor-01-br.jpg\"><img loading=\"lazy\" decoding=\"async\" class=\"size-full wp-image-1557 alignnone\" src=\"https:\/\/neuroforma.com.br\/novo\/wp-content\/uploads\/2014\/07\/bhq-ex-juggle-factor-01-br.jpg\" alt=\"bhq-ex-juggle-factor-01-br\" width=\"613\" height=\"249\" srcset=\"https:\/\/neuroforma.com.br\/novo\/wp-content\/uploads\/2014\/07\/bhq-ex-juggle-factor-01-br.jpg 613w, https:\/\/neuroforma.com.br\/novo\/wp-content\/uploads\/2014\/07\/bhq-ex-juggle-factor-01-br-300x121.jpg 300w, https:\/\/neuroforma.com.br\/novo\/wp-content\/uploads\/2014\/07\/bhq-ex-juggle-factor-01-br-500x203.jpg 500w\" sizes=\"auto, (max-width: 613px) 100vw, 613px\" \/><\/a><\/p>\n<p>&nbsp;<\/p>\n<p>Conforme os n\u00edveis deste exerc\u00edcio de intelig\u00eancia avan\u00e7am, a dificuldade aumenta das seguintes maneiras:<\/p>\n<p>&nbsp;<\/p>\n<p>A quantidade de itens a memorizar em cada sequ\u00eancia aumenta.<\/p>\n<p>A ordem de apresenta\u00e7\u00e3o dos n\u00fameros muda aleatoriamente de sentido hor\u00e1rio para anti-hor\u00e1rio.<\/p>\n<p>A trajet\u00f3ria dos objetos fica mais complexa.<\/p>\n<p>A velocidade dos objetos aumenta.<\/p>\n<p>Elementos enganadores s\u00e3o acrescentados.<\/p>\n<p>&nbsp;<\/p>\n<p>Domine Jogo dos Malabares para aumentar sua habilidade de tomar decis\u00f5es r\u00e1pidas em ambientes complexos.<\/p>\n<p>&nbsp;<\/p>\n<h3>Jogo dos Malabares em poucas palavras<\/h3>\n<p>&nbsp;<\/p>\n<table border=\"1\" width=\"621\" cellspacing=\"0\" cellpadding=\"0\">\n<tbody>\n<tr>\n<td bgcolor=\"#999999\" width=\"142\"><strong>Tarefa<\/strong><\/td>\n<td bgcolor=\"#999999\" width=\"122\"><strong>Objetivo<\/strong><\/td>\n<td bgcolor=\"#999999\" width=\"173\"><strong>Evolu\u00e7\u00e3o <\/strong><\/td>\n<td bgcolor=\"#999999\" width=\"174\"><strong>Pontua\u00e7\u00e3o<\/strong><\/td>\n<\/tr>\n<tr>\n<td valign=\"top\" bgcolor=\"#CCCCCC\" width=\"142\" height=\"120\">Reconstruir uma sequ\u00eancia de n\u00fameros nas posi\u00e7\u00f5es corretas<\/td>\n<td valign=\"top\" bgcolor=\"#CCCCCC\" width=\"122\">Intelig\u00eancia<\/td>\n<td valign=\"top\" bgcolor=\"#CCCCCC\" width=\"173\">A trajet\u00f3ria dos objetos fica mais complexaA velocidade dos objetos aumenta<\/td>\n<td valign=\"top\" bgcolor=\"#CCCCCC\" width=\"174\">A pontua\u00e7\u00e3o \u00e9 o comprimento da sequ\u00eancia<\/td>\n<\/tr>\n<\/tbody>\n<\/table>\n","protected":false},"excerpt":{"rendered":"<p>Jogo dos Malabares Decis\u00f5es inteligentes requerem a habilidade de acessar, comparar e manipular m\u00faltiplas informa\u00e7\u00f5es, muitas vezes num tempo limitado. Jogo dos Malabares desafia voc\u00ea a reter mais informa\u00e7\u00f5es na mem\u00f3ria de trabalho enquanto processa essas mesmas informa\u00e7\u00f5es. Este exerc\u00edcio aprimora sua habilidade de tomar decis\u00f5es r\u00e1pidas e resolver problemas em ambientes complexos. &nbsp; Em &hellip; <a href=\"https:\/\/neuroforma.com.br\/novo\/why-brainhq\/about-the-exercises\/juggle-factor\" class=\"more-link\">Continue lendo <span class=\"screen-reader-text\">Jogo dos Malabares<\/span> <span class=\"meta-nav\">&rarr;<\/span><\/a><\/p>\n","protected":false},"author":1,"featured_media":0,"parent":0,"menu_order":0,"comment_status":"closed","ping_status":"closed","template":"","meta":{"footnotes":""},"class_list":["post-1444","page","type-page","status-publish","hentry","repupress_customize_woocommerce_productom_class"],"yoast_head":"<!-- This site is optimized with the Yoast SEO plugin v26.9 - https:\/\/yoast.com\/product\/yoast-seo-wordpress\/ -->\n<title>Jogo dos Malabares -<\/title>\n<meta name=\"robots\" content=\"index, follow, max-snippet:-1, max-image-preview:large, max-video-preview:-1\" \/>\n<link rel=\"canonical\" href=\"https:\/\/neuroforma.com.br\/novo\/why-brainhq\/about-the-exercises\/juggle-factor\/\" \/>\n<meta property=\"og:locale\" content=\"pt_BR\" \/>\n<meta property=\"og:type\" content=\"article\" \/>\n<meta property=\"og:title\" content=\"Jogo dos Malabares -\" \/>\n<meta property=\"og:description\" content=\"Jogo dos Malabares Decis\u00f5es inteligentes requerem a habilidade de acessar, comparar e manipular m\u00faltiplas informa\u00e7\u00f5es, muitas vezes num tempo limitado. Jogo dos Malabares desafia voc\u00ea a reter mais informa\u00e7\u00f5es na mem\u00f3ria de trabalho enquanto processa essas mesmas informa\u00e7\u00f5es. Este exerc\u00edcio aprimora sua habilidade de tomar decis\u00f5es r\u00e1pidas e resolver problemas em ambientes complexos. &nbsp; Em &hellip; Continue lendo Jogo dos Malabares &rarr;\" \/>\n<meta property=\"og:url\" content=\"https:\/\/neuroforma.com.br\/novo\/why-brainhq\/about-the-exercises\/juggle-factor\/\" \/>\n<meta property=\"article:modified_time\" content=\"2017-10-10T21:12:42+00:00\" \/>\n<meta property=\"og:image\" content=\"https:\/\/neuroforma.com.br\/novo\/wp-content\/uploads\/2014\/01\/icon-juggle-factor-lm.jpg\" \/>\n<meta name=\"twitter:label1\" content=\"Est. tempo de leitura\" \/>\n\t<meta name=\"twitter:data1\" content=\"1 minuto\" \/>\n<script type=\"application\/ld+json\" class=\"yoast-schema-graph\">{\"@context\":\"https:\/\/schema.org\",\"@graph\":[{\"@type\":\"WebPage\",\"@id\":\"https:\/\/neuroforma.com.br\/novo\/why-brainhq\/about-the-exercises\/juggle-factor\/\",\"url\":\"https:\/\/neuroforma.com.br\/novo\/why-brainhq\/about-the-exercises\/juggle-factor\/\",\"name\":\"Jogo dos Malabares -\",\"isPartOf\":{\"@id\":\"https:\/\/neuroforma.com.br\/novo\/#website\"},\"primaryImageOfPage\":{\"@id\":\"https:\/\/neuroforma.com.br\/novo\/why-brainhq\/about-the-exercises\/juggle-factor\/#primaryimage\"},\"image\":{\"@id\":\"https:\/\/neuroforma.com.br\/novo\/why-brainhq\/about-the-exercises\/juggle-factor\/#primaryimage\"},\"thumbnailUrl\":\"https:\/\/neuroforma.com.br\/novo\/wp-content\/uploads\/2014\/01\/icon-juggle-factor-lm.jpg\",\"datePublished\":\"2014-07-07T18:27:52+00:00\",\"dateModified\":\"2017-10-10T21:12:42+00:00\",\"breadcrumb\":{\"@id\":\"https:\/\/neuroforma.com.br\/novo\/why-brainhq\/about-the-exercises\/juggle-factor\/#breadcrumb\"},\"inLanguage\":\"pt-BR\",\"potentialAction\":[{\"@type\":\"ReadAction\",\"target\":[\"https:\/\/neuroforma.com.br\/novo\/why-brainhq\/about-the-exercises\/juggle-factor\/\"]}]},{\"@type\":\"ImageObject\",\"inLanguage\":\"pt-BR\",\"@id\":\"https:\/\/neuroforma.com.br\/novo\/why-brainhq\/about-the-exercises\/juggle-factor\/#primaryimage\",\"url\":\"https:\/\/neuroforma.com.br\/novo\/wp-content\/uploads\/2014\/01\/icon-juggle-factor-lm.jpg\",\"contentUrl\":\"https:\/\/neuroforma.com.br\/novo\/wp-content\/uploads\/2014\/01\/icon-juggle-factor-lm.jpg\",\"width\":105,\"height\":115},{\"@type\":\"BreadcrumbList\",\"@id\":\"https:\/\/neuroforma.com.br\/novo\/why-brainhq\/about-the-exercises\/juggle-factor\/#breadcrumb\",\"itemListElement\":[{\"@type\":\"ListItem\",\"position\":1,\"name\":\"Home\",\"item\":\"https:\/\/neuroforma.com.br\/novo\/\"},{\"@type\":\"ListItem\",\"position\":2,\"name\":\"Jogo dos Malabares\"}]},{\"@type\":\"WebSite\",\"@id\":\"https:\/\/neuroforma.com.br\/novo\/#website\",\"url\":\"https:\/\/neuroforma.com.br\/novo\/\",\"name\":\"\",\"description\":\"\",\"potentialAction\":[{\"@type\":\"SearchAction\",\"target\":{\"@type\":\"EntryPoint\",\"urlTemplate\":\"https:\/\/neuroforma.com.br\/novo\/?s={search_term_string}\"},\"query-input\":{\"@type\":\"PropertyValueSpecification\",\"valueRequired\":true,\"valueName\":\"search_term_string\"}}],\"inLanguage\":\"pt-BR\"}]}<\/script>\n<!-- \/ Yoast SEO plugin. -->","yoast_head_json":{"title":"Jogo dos Malabares -","robots":{"index":"index","follow":"follow","max-snippet":"max-snippet:-1","max-image-preview":"max-image-preview:large","max-video-preview":"max-video-preview:-1"},"canonical":"https:\/\/neuroforma.com.br\/novo\/why-brainhq\/about-the-exercises\/juggle-factor\/","og_locale":"pt_BR","og_type":"article","og_title":"Jogo dos Malabares -","og_description":"Jogo dos Malabares Decis\u00f5es inteligentes requerem a habilidade de acessar, comparar e manipular m\u00faltiplas informa\u00e7\u00f5es, muitas vezes num tempo limitado. Jogo dos Malabares desafia voc\u00ea a reter mais informa\u00e7\u00f5es na mem\u00f3ria de trabalho enquanto processa essas mesmas informa\u00e7\u00f5es. Este exerc\u00edcio aprimora sua habilidade de tomar decis\u00f5es r\u00e1pidas e resolver problemas em ambientes complexos. &nbsp; Em &hellip; Continue lendo Jogo dos Malabares &rarr;","og_url":"https:\/\/neuroforma.com.br\/novo\/why-brainhq\/about-the-exercises\/juggle-factor\/","article_modified_time":"2017-10-10T21:12:42+00:00","og_image":[{"url":"https:\/\/neuroforma.com.br\/novo\/wp-content\/uploads\/2014\/01\/icon-juggle-factor-lm.jpg","type":"","width":"","height":""}],"twitter_misc":{"Est. tempo de leitura":"1 minuto"},"schema":{"@context":"https:\/\/schema.org","@graph":[{"@type":"WebPage","@id":"https:\/\/neuroforma.com.br\/novo\/why-brainhq\/about-the-exercises\/juggle-factor\/","url":"https:\/\/neuroforma.com.br\/novo\/why-brainhq\/about-the-exercises\/juggle-factor\/","name":"Jogo dos Malabares -","isPartOf":{"@id":"https:\/\/neuroforma.com.br\/novo\/#website"},"primaryImageOfPage":{"@id":"https:\/\/neuroforma.com.br\/novo\/why-brainhq\/about-the-exercises\/juggle-factor\/#primaryimage"},"image":{"@id":"https:\/\/neuroforma.com.br\/novo\/why-brainhq\/about-the-exercises\/juggle-factor\/#primaryimage"},"thumbnailUrl":"https:\/\/neuroforma.com.br\/novo\/wp-content\/uploads\/2014\/01\/icon-juggle-factor-lm.jpg","datePublished":"2014-07-07T18:27:52+00:00","dateModified":"2017-10-10T21:12:42+00:00","breadcrumb":{"@id":"https:\/\/neuroforma.com.br\/novo\/why-brainhq\/about-the-exercises\/juggle-factor\/#breadcrumb"},"inLanguage":"pt-BR","potentialAction":[{"@type":"ReadAction","target":["https:\/\/neuroforma.com.br\/novo\/why-brainhq\/about-the-exercises\/juggle-factor\/"]}]},{"@type":"ImageObject","inLanguage":"pt-BR","@id":"https:\/\/neuroforma.com.br\/novo\/why-brainhq\/about-the-exercises\/juggle-factor\/#primaryimage","url":"https:\/\/neuroforma.com.br\/novo\/wp-content\/uploads\/2014\/01\/icon-juggle-factor-lm.jpg","contentUrl":"https:\/\/neuroforma.com.br\/novo\/wp-content\/uploads\/2014\/01\/icon-juggle-factor-lm.jpg","width":105,"height":115},{"@type":"BreadcrumbList","@id":"https:\/\/neuroforma.com.br\/novo\/why-brainhq\/about-the-exercises\/juggle-factor\/#breadcrumb","itemListElement":[{"@type":"ListItem","position":1,"name":"Home","item":"https:\/\/neuroforma.com.br\/novo\/"},{"@type":"ListItem","position":2,"name":"Jogo dos Malabares"}]},{"@type":"WebSite","@id":"https:\/\/neuroforma.com.br\/novo\/#website","url":"https:\/\/neuroforma.com.br\/novo\/","name":"","description":"","potentialAction":[{"@type":"SearchAction","target":{"@type":"EntryPoint","urlTemplate":"https:\/\/neuroforma.com.br\/novo\/?s={search_term_string}"},"query-input":{"@type":"PropertyValueSpecification","valueRequired":true,"valueName":"search_term_string"}}],"inLanguage":"pt-BR"}]}},"_links":{"self":[{"href":"https:\/\/neuroforma.com.br\/novo\/wp-json\/wp\/v2\/pages\/1444","targetHints":{"allow":["GET"]}}],"collection":[{"href":"https:\/\/neuroforma.com.br\/novo\/wp-json\/wp\/v2\/pages"}],"about":[{"href":"https:\/\/neuroforma.com.br\/novo\/wp-json\/wp\/v2\/types\/page"}],"author":[{"embeddable":true,"href":"https:\/\/neuroforma.com.br\/novo\/wp-json\/wp\/v2\/users\/1"}],"replies":[{"embeddable":true,"href":"https:\/\/neuroforma.com.br\/novo\/wp-json\/wp\/v2\/comments?post=1444"}],"version-history":[{"count":11,"href":"https:\/\/neuroforma.com.br\/novo\/wp-json\/wp\/v2\/pages\/1444\/revisions"}],"predecessor-version":[{"id":4484,"href":"https:\/\/neuroforma.com.br\/novo\/wp-json\/wp\/v2\/pages\/1444\/revisions\/4484"}],"wp:attachment":[{"href":"https:\/\/neuroforma.com.br\/novo\/wp-json\/wp\/v2\/media?parent=1444"}],"curies":[{"name":"wp","href":"https:\/\/api.w.org\/{rel}","templated":true}]}}