{"id":1438,"date":"2014-07-07T18:10:07","date_gmt":"2014-07-07T18:10:07","guid":{"rendered":"https:\/\/neuroforma.com.br\/novo\/?page_id=1438"},"modified":"2017-10-10T21:14:11","modified_gmt":"2017-10-10T21:14:11","slug":"as-da-audicao","status":"publish","type":"page","link":"https:\/\/neuroforma.com.br\/novo\/why-brainhq\/about-the-exercises\/as-da-audicao","title":{"rendered":"\u00c1s da Audi\u00e7\u00e3o"},"content":{"rendered":"<h1>\u00c1s da Audi\u00e7\u00e3o<\/h1>\n<p>&nbsp;<\/p>\n<a href=\"https:\/\/br.brainhq.com\/#ex-select\/intelligence\" class=\"su-button su-button-style-flat\" style=\"color:#FFFFFF;background-color:#9c5da4;border-color:#7d4b84;border-radius:5px\" target=\"_blank\" rel=\"noopener noreferrer\"><span style=\"color:#FFFFFF;padding:0px 34px;font-size:25px;line-height:50px;border-color:#ba8ec0;border-radius:5px;text-shadow:none\"> Pratique Agora!<\/span><\/a>\n<p>&nbsp;<\/p>\n<p><img loading=\"lazy\" decoding=\"async\" class=\"alignleft size-full wp-image-1223\" src=\"https:\/\/neuroforma.com.br\/novo\/wp-content\/uploads\/2014\/01\/icon-auditory-ace-lm.jpg\" alt=\"icon-auditory-ace-lm\" width=\"105\" height=\"115\" \/>A habilidade de reter informa\u00e7\u00f5es auditivas na mem\u00f3ria de trabalho ao mesmo tempo em que essas mesmas informa\u00e7\u00f5es s\u00e3o processadas \u00e9 vital para muitas tarefas que envolvem resolu\u00e7\u00e3o de problemas. <a href=\"https:\/\/neuroforma.com.br\/novo\/wp-content\/uploads\/2014\/07\/bhq-ex-auditory-ace-01-BR.jpg\"><img loading=\"lazy\" decoding=\"async\" class=\"alignright wp-image-1550\" src=\"https:\/\/neuroforma.com.br\/novo\/wp-content\/uploads\/2014\/07\/bhq-ex-auditory-ace-01-BR.jpg\" alt=\"bhq-ex-auditory-ace-01-BR\" width=\"240\" height=\"435\" srcset=\"https:\/\/neuroforma.com.br\/novo\/wp-content\/uploads\/2014\/07\/bhq-ex-auditory-ace-01-BR.jpg 300w, https:\/\/neuroforma.com.br\/novo\/wp-content\/uploads\/2014\/07\/bhq-ex-auditory-ace-01-BR-165x300.jpg 165w\" sizes=\"auto, (max-width: 240px) 100vw, 240px\" \/><\/a>Por exemplo, se voc\u00ea estiver dirigindo e parar para pedir informa\u00e7\u00f5es, \u00e9 preciso armazenar essas informa\u00e7\u00f5es e fazer a correspond\u00eancia delas com placas de rua e marcos do caminho. Em reuni\u00f5es de trabalho, \u00e9 preciso se lembrar do que foi dito e trabalhar esses dados para tomar decis\u00f5es originais.<\/p>\n<p>&nbsp;<\/p>\n<p><a href=\"https:\/\/neuroforma.com.br\/novo\/wp-content\/uploads\/2014\/07\/bhq-ex-auditory-ace-01-BR.jpg\"><br \/>\n<\/a>No exerc\u00edcio \u00c1s da Audi\u00e7\u00e3o, ser\u00e3o apresentadas informa\u00e7\u00f5es sonoras sobre cartas de baralho. As informa\u00e7\u00f5es sobre as cartas s\u00e3o emitidas uma por vez. Sua tarefa \u00e9 decidir se as informa\u00e7\u00f5es sobre a carta da vez correspondem \u00e0s informa\u00e7\u00f5es apresentadas em uma determinada posi\u00e7\u00e3o anterior da sequ\u00eancia. Por exemplo, no primeiro n\u00edvel, voc\u00ea tem que saber se a carta da vez corresponde \u00e0 carta descrita imediatamente antes da primeira. Nos n\u00edveis mais avan\u00e7ados, \u00e9 preciso saber se a carta da vez corresponde a uma carta descrita numa posi\u00e7\u00e3o bem anterior da sequ\u00eancia.<\/p>\n<p>&nbsp;<\/p>\n<p>Conforme os n\u00edveis do exerc\u00edcio avan\u00e7am, a dificuldade aumenta das seguintes maneiras:<\/p>\n<p>1. A quantidade de itens a memorizar em cada sequ\u00eancia aumenta.<br \/>\n2. A informa\u00e7\u00e3o a ser lembrada sobre cada item muda (naipe, valor, ambos).<br \/>\n3. As informa\u00e7\u00f5es sobre as cartas s\u00e3o emitidas mais rapidamente.<\/p>\n<p>O exerc\u00edcio \u00c1s da Audi\u00e7\u00e3o desafia seu c\u00e9rebro a reter, comparar e processar mais informa\u00e7\u00f5es auditivas.<\/p>\n<h3>\u00c1s da Audi\u00e7\u00e3o em poucas palavras<\/h3>\n<p>&nbsp;<\/p>\n<table border=\"1\" width=\"741\" cellspacing=\"0\" cellpadding=\"0\">\n<tbody>\n<tr>\n<td bgcolor=\"#999999\" width=\"196\"><strong>Tarefa<\/strong><\/td>\n<td bgcolor=\"#999999\" width=\"138\"><strong>Objetivo<\/strong><\/td>\n<td bgcolor=\"#999999\" width=\"201\"><strong>Evolu\u00e7\u00e3o <\/strong><\/td>\n<td bgcolor=\"#999999\" width=\"196\"><strong>Pontua\u00e7\u00e3o<\/strong><\/td>\n<\/tr>\n<tr>\n<td valign=\"top\" bgcolor=\"#CCCCCC\" width=\"196\">Lembrar-se de sequ\u00eancias de informa\u00e7\u00f5es auditivas<\/td>\n<td valign=\"top\" bgcolor=\"#CCCCCC\" width=\"138\">Intelig\u00eancia<\/td>\n<td valign=\"top\" bgcolor=\"#CCCCCC\" width=\"201\">A quantidade de cartas da sequ\u00eancia a memorizar aumenta<br \/>\nOs dados das cartas (naipe, valor, ambos) variam<br \/>\nO tempo de apresenta\u00e7\u00e3o das cartas diminui<\/td>\n<td valign=\"top\" bgcolor=\"#CCCCCC\" width=\"196\">Sua pontua\u00e7\u00e3o \u00e9 a porcentagem de correspond\u00eancias corretas<\/td>\n<\/tr>\n<\/tbody>\n<\/table>\n<p>&nbsp;<\/p>\n","protected":false},"excerpt":{"rendered":"<p>\u00c1s da Audi\u00e7\u00e3o &nbsp; &nbsp; A habilidade de reter informa\u00e7\u00f5es auditivas na mem\u00f3ria de trabalho ao mesmo tempo em que essas mesmas informa\u00e7\u00f5es s\u00e3o processadas \u00e9 vital para muitas tarefas que envolvem resolu\u00e7\u00e3o de problemas. Por exemplo, se voc\u00ea estiver dirigindo e parar para pedir informa\u00e7\u00f5es, \u00e9 preciso armazenar essas informa\u00e7\u00f5es e fazer a correspond\u00eancia &hellip; <a href=\"https:\/\/neuroforma.com.br\/novo\/why-brainhq\/about-the-exercises\/as-da-audicao\" class=\"more-link\">Continue lendo <span class=\"screen-reader-text\">\u00c1s da Audi\u00e7\u00e3o<\/span> <span class=\"meta-nav\">&rarr;<\/span><\/a><\/p>\n","protected":false},"author":1,"featured_media":0,"parent":0,"menu_order":0,"comment_status":"closed","ping_status":"closed","template":"","meta":{"footnotes":""},"class_list":["post-1438","page","type-page","status-publish","hentry","repupress_customize_woocommerce_productom_class"],"yoast_head":"<!-- This site is optimized with the Yoast SEO plugin v26.9 - https:\/\/yoast.com\/product\/yoast-seo-wordpress\/ -->\n<title>\u00c1s da Audi\u00e7\u00e3o -<\/title>\n<meta name=\"robots\" content=\"index, follow, max-snippet:-1, max-image-preview:large, max-video-preview:-1\" \/>\n<link rel=\"canonical\" href=\"https:\/\/neuroforma.com.br\/novo\/why-brainhq\/about-the-exercises\/as-da-audicao\/\" \/>\n<meta property=\"og:locale\" content=\"pt_BR\" \/>\n<meta property=\"og:type\" content=\"article\" \/>\n<meta property=\"og:title\" content=\"\u00c1s da Audi\u00e7\u00e3o -\" \/>\n<meta property=\"og:description\" content=\"\u00c1s da Audi\u00e7\u00e3o &nbsp; &nbsp; A habilidade de reter informa\u00e7\u00f5es auditivas na mem\u00f3ria de trabalho ao mesmo tempo em que essas mesmas informa\u00e7\u00f5es s\u00e3o processadas \u00e9 vital para muitas tarefas que envolvem resolu\u00e7\u00e3o de problemas. Por exemplo, se voc\u00ea estiver dirigindo e parar para pedir informa\u00e7\u00f5es, \u00e9 preciso armazenar essas informa\u00e7\u00f5es e fazer a correspond\u00eancia &hellip; Continue lendo \u00c1s da Audi\u00e7\u00e3o &rarr;\" \/>\n<meta property=\"og:url\" content=\"https:\/\/neuroforma.com.br\/novo\/why-brainhq\/about-the-exercises\/as-da-audicao\/\" \/>\n<meta property=\"article:modified_time\" content=\"2017-10-10T21:14:11+00:00\" \/>\n<meta property=\"og:image\" content=\"https:\/\/neuroforma.com.br\/novo\/wp-content\/uploads\/2014\/01\/icon-auditory-ace-lm.jpg\" \/>\n<meta name=\"twitter:label1\" content=\"Est. tempo de leitura\" \/>\n\t<meta name=\"twitter:data1\" content=\"2 minutos\" \/>\n<script type=\"application\/ld+json\" class=\"yoast-schema-graph\">{\"@context\":\"https:\/\/schema.org\",\"@graph\":[{\"@type\":\"WebPage\",\"@id\":\"https:\/\/neuroforma.com.br\/novo\/why-brainhq\/about-the-exercises\/as-da-audicao\/\",\"url\":\"https:\/\/neuroforma.com.br\/novo\/why-brainhq\/about-the-exercises\/as-da-audicao\/\",\"name\":\"\u00c1s da Audi\u00e7\u00e3o -\",\"isPartOf\":{\"@id\":\"https:\/\/neuroforma.com.br\/novo\/#website\"},\"primaryImageOfPage\":{\"@id\":\"https:\/\/neuroforma.com.br\/novo\/why-brainhq\/about-the-exercises\/as-da-audicao\/#primaryimage\"},\"image\":{\"@id\":\"https:\/\/neuroforma.com.br\/novo\/why-brainhq\/about-the-exercises\/as-da-audicao\/#primaryimage\"},\"thumbnailUrl\":\"https:\/\/neuroforma.com.br\/novo\/wp-content\/uploads\/2014\/01\/icon-auditory-ace-lm.jpg\",\"datePublished\":\"2014-07-07T18:10:07+00:00\",\"dateModified\":\"2017-10-10T21:14:11+00:00\",\"breadcrumb\":{\"@id\":\"https:\/\/neuroforma.com.br\/novo\/why-brainhq\/about-the-exercises\/as-da-audicao\/#breadcrumb\"},\"inLanguage\":\"pt-BR\",\"potentialAction\":[{\"@type\":\"ReadAction\",\"target\":[\"https:\/\/neuroforma.com.br\/novo\/why-brainhq\/about-the-exercises\/as-da-audicao\/\"]}]},{\"@type\":\"ImageObject\",\"inLanguage\":\"pt-BR\",\"@id\":\"https:\/\/neuroforma.com.br\/novo\/why-brainhq\/about-the-exercises\/as-da-audicao\/#primaryimage\",\"url\":\"https:\/\/neuroforma.com.br\/novo\/wp-content\/uploads\/2014\/01\/icon-auditory-ace-lm.jpg\",\"contentUrl\":\"https:\/\/neuroforma.com.br\/novo\/wp-content\/uploads\/2014\/01\/icon-auditory-ace-lm.jpg\",\"width\":105,\"height\":115},{\"@type\":\"BreadcrumbList\",\"@id\":\"https:\/\/neuroforma.com.br\/novo\/why-brainhq\/about-the-exercises\/as-da-audicao\/#breadcrumb\",\"itemListElement\":[{\"@type\":\"ListItem\",\"position\":1,\"name\":\"Home\",\"item\":\"https:\/\/neuroforma.com.br\/novo\/\"},{\"@type\":\"ListItem\",\"position\":2,\"name\":\"\u00c1s da Audi\u00e7\u00e3o\"}]},{\"@type\":\"WebSite\",\"@id\":\"https:\/\/neuroforma.com.br\/novo\/#website\",\"url\":\"https:\/\/neuroforma.com.br\/novo\/\",\"name\":\"\",\"description\":\"\",\"potentialAction\":[{\"@type\":\"SearchAction\",\"target\":{\"@type\":\"EntryPoint\",\"urlTemplate\":\"https:\/\/neuroforma.com.br\/novo\/?s={search_term_string}\"},\"query-input\":{\"@type\":\"PropertyValueSpecification\",\"valueRequired\":true,\"valueName\":\"search_term_string\"}}],\"inLanguage\":\"pt-BR\"}]}<\/script>\n<!-- \/ Yoast SEO plugin. -->","yoast_head_json":{"title":"\u00c1s da Audi\u00e7\u00e3o -","robots":{"index":"index","follow":"follow","max-snippet":"max-snippet:-1","max-image-preview":"max-image-preview:large","max-video-preview":"max-video-preview:-1"},"canonical":"https:\/\/neuroforma.com.br\/novo\/why-brainhq\/about-the-exercises\/as-da-audicao\/","og_locale":"pt_BR","og_type":"article","og_title":"\u00c1s da Audi\u00e7\u00e3o -","og_description":"\u00c1s da Audi\u00e7\u00e3o &nbsp; &nbsp; A habilidade de reter informa\u00e7\u00f5es auditivas na mem\u00f3ria de trabalho ao mesmo tempo em que essas mesmas informa\u00e7\u00f5es s\u00e3o processadas \u00e9 vital para muitas tarefas que envolvem resolu\u00e7\u00e3o de problemas. Por exemplo, se voc\u00ea estiver dirigindo e parar para pedir informa\u00e7\u00f5es, \u00e9 preciso armazenar essas informa\u00e7\u00f5es e fazer a correspond\u00eancia &hellip; Continue lendo \u00c1s da Audi\u00e7\u00e3o &rarr;","og_url":"https:\/\/neuroforma.com.br\/novo\/why-brainhq\/about-the-exercises\/as-da-audicao\/","article_modified_time":"2017-10-10T21:14:11+00:00","og_image":[{"url":"https:\/\/neuroforma.com.br\/novo\/wp-content\/uploads\/2014\/01\/icon-auditory-ace-lm.jpg","type":"","width":"","height":""}],"twitter_misc":{"Est. tempo de leitura":"2 minutos"},"schema":{"@context":"https:\/\/schema.org","@graph":[{"@type":"WebPage","@id":"https:\/\/neuroforma.com.br\/novo\/why-brainhq\/about-the-exercises\/as-da-audicao\/","url":"https:\/\/neuroforma.com.br\/novo\/why-brainhq\/about-the-exercises\/as-da-audicao\/","name":"\u00c1s da Audi\u00e7\u00e3o -","isPartOf":{"@id":"https:\/\/neuroforma.com.br\/novo\/#website"},"primaryImageOfPage":{"@id":"https:\/\/neuroforma.com.br\/novo\/why-brainhq\/about-the-exercises\/as-da-audicao\/#primaryimage"},"image":{"@id":"https:\/\/neuroforma.com.br\/novo\/why-brainhq\/about-the-exercises\/as-da-audicao\/#primaryimage"},"thumbnailUrl":"https:\/\/neuroforma.com.br\/novo\/wp-content\/uploads\/2014\/01\/icon-auditory-ace-lm.jpg","datePublished":"2014-07-07T18:10:07+00:00","dateModified":"2017-10-10T21:14:11+00:00","breadcrumb":{"@id":"https:\/\/neuroforma.com.br\/novo\/why-brainhq\/about-the-exercises\/as-da-audicao\/#breadcrumb"},"inLanguage":"pt-BR","potentialAction":[{"@type":"ReadAction","target":["https:\/\/neuroforma.com.br\/novo\/why-brainhq\/about-the-exercises\/as-da-audicao\/"]}]},{"@type":"ImageObject","inLanguage":"pt-BR","@id":"https:\/\/neuroforma.com.br\/novo\/why-brainhq\/about-the-exercises\/as-da-audicao\/#primaryimage","url":"https:\/\/neuroforma.com.br\/novo\/wp-content\/uploads\/2014\/01\/icon-auditory-ace-lm.jpg","contentUrl":"https:\/\/neuroforma.com.br\/novo\/wp-content\/uploads\/2014\/01\/icon-auditory-ace-lm.jpg","width":105,"height":115},{"@type":"BreadcrumbList","@id":"https:\/\/neuroforma.com.br\/novo\/why-brainhq\/about-the-exercises\/as-da-audicao\/#breadcrumb","itemListElement":[{"@type":"ListItem","position":1,"name":"Home","item":"https:\/\/neuroforma.com.br\/novo\/"},{"@type":"ListItem","position":2,"name":"\u00c1s da Audi\u00e7\u00e3o"}]},{"@type":"WebSite","@id":"https:\/\/neuroforma.com.br\/novo\/#website","url":"https:\/\/neuroforma.com.br\/novo\/","name":"","description":"","potentialAction":[{"@type":"SearchAction","target":{"@type":"EntryPoint","urlTemplate":"https:\/\/neuroforma.com.br\/novo\/?s={search_term_string}"},"query-input":{"@type":"PropertyValueSpecification","valueRequired":true,"valueName":"search_term_string"}}],"inLanguage":"pt-BR"}]}},"_links":{"self":[{"href":"https:\/\/neuroforma.com.br\/novo\/wp-json\/wp\/v2\/pages\/1438","targetHints":{"allow":["GET"]}}],"collection":[{"href":"https:\/\/neuroforma.com.br\/novo\/wp-json\/wp\/v2\/pages"}],"about":[{"href":"https:\/\/neuroforma.com.br\/novo\/wp-json\/wp\/v2\/types\/page"}],"author":[{"embeddable":true,"href":"https:\/\/neuroforma.com.br\/novo\/wp-json\/wp\/v2\/users\/1"}],"replies":[{"embeddable":true,"href":"https:\/\/neuroforma.com.br\/novo\/wp-json\/wp\/v2\/comments?post=1438"}],"version-history":[{"count":16,"href":"https:\/\/neuroforma.com.br\/novo\/wp-json\/wp\/v2\/pages\/1438\/revisions"}],"predecessor-version":[{"id":4487,"href":"https:\/\/neuroforma.com.br\/novo\/wp-json\/wp\/v2\/pages\/1438\/revisions\/4487"}],"wp:attachment":[{"href":"https:\/\/neuroforma.com.br\/novo\/wp-json\/wp\/v2\/media?parent=1438"}],"curies":[{"name":"wp","href":"https:\/\/api.w.org\/{rel}","templated":true}]}}