{"id":1433,"date":"2014-07-07T17:33:52","date_gmt":"2014-07-07T17:33:52","guid":{"rendered":"https:\/\/neuroforma.com.br\/novo\/?page_id=1433"},"modified":"2017-10-10T21:13:34","modified_gmt":"2017-10-10T21:13:34","slug":"mestre-das-cartas","status":"publish","type":"page","link":"https:\/\/neuroforma.com.br\/novo\/why-brainhq\/about-the-exercises\/mestre-das-cartas","title":{"rendered":"Mestre das Cartas"},"content":{"rendered":"<h1>Mestre das Cartas<\/h1>\n<a href=\"https:\/\/br.brainhq.com\/#ex-select\/intelligence\" class=\"su-button su-button-style-flat\" style=\"color:#FFFFFF;background-color:#9c5da4;border-color:#7d4b84;border-radius:5px\" target=\"_blank\" rel=\"noopener noreferrer\"><span style=\"color:#FFFFFF;padding:0px 34px;font-size:25px;line-height:50px;border-color:#ba8ec0;border-radius:5px;text-shadow:none\"> Pratique Agora!<\/span><\/a>\n<p>&nbsp;<\/p>\n<p><img loading=\"lazy\" decoding=\"async\" class=\"alignleft size-full wp-image-1224\" src=\"https:\/\/neuroforma.com.br\/novo\/wp-content\/uploads\/2014\/01\/icon-card-shark-lm.jpg\" alt=\"icon-card-shark-lm\" width=\"105\" height=\"115\" \/>H\u00e1 muitas maneiras de ser \u201cinteligente\u201d. O que todos os tipos de intelig\u00eancia t\u00eam em comum, no entanto, \u00e9 a habilidade de acessar, comparar e manipular m\u00faltiplas informa\u00e7\u00f5es com rapidez e ao mesmo tempo. <a href=\"https:\/\/neuroforma.com.br\/novo\/wp-content\/uploads\/2014\/07\/bhq-ex-card-shark-01-BR.jpg\"><img loading=\"lazy\" decoding=\"async\" class=\"alignright\" src=\"https:\/\/neuroforma.com.br\/novo\/wp-content\/uploads\/2014\/07\/bhq-ex-card-shark-01-BR.jpg\" alt=\"bhq-ex-card-shark-01-BR\" width=\"300\" height=\"537\" \/><\/a>Todos os dias, nos deparamos com situa\u00e7\u00f5es em que \u00e9 preciso resolver problemas e tomar decis\u00f5es.<br \/>\n<a href=\"https:\/\/neuroforma.com.br\/novo\/wp-content\/uploads\/2014\/07\/bhq-ex-card-shark-01-BR.jpg\"><br \/>\n<\/a><\/p>\n<p>No exerc\u00edcio Mestre das Cartas, cartas de baralho s\u00e3o exibidas na tela, uma de cada vez, em sequ\u00eancia. Ap\u00f3s exibida, a carta \u00e9 virada com a face para baixo. Sua tarefa \u00e9 saber se a carta da vez corresponde \u00e0 carta apresentada em uma determinada posi\u00e7\u00e3o da sequ\u00eancia.<\/p>\n<p>&nbsp;<\/p>\n<p>Por exemplo, no primeiro n\u00edvel, voc\u00ea precisa saber se a carta da vez corresponde \u00e0 carta mostrada imediatamente antes da primeira. Nos n\u00edveis mais avan\u00e7ados, \u00e9 preciso saber se a carta da vez corresponde a uma carta exibida numa posi\u00e7\u00e3o bem anterior da sequ\u00eancia.<\/p>\n<p>&nbsp;<\/p>\n<p>Conforme os n\u00edveis deste exerc\u00edcio de intelig\u00eancia avan\u00e7am, a dificuldade aumenta das seguintes maneiras:<\/p>\n<ol>\n<li>A quantidade de itens a memorizar em cada sequ\u00eancia aumenta.<\/li>\n<li>A informa\u00e7\u00e3o a ser lembrada sobre cada item muda (naipe, valor, ambos)<\/li>\n<li>As cartas s\u00e3o exibidas por menos tempo.<\/li>\n<\/ol>\n<p>Ao dominar o Mestre das Cartas, seu c\u00e9rebro \u00e9 desafiado a reter, comparar e processar mais informa\u00e7\u00f5es visuais.<\/p>\n<p>&nbsp;<\/p>\n<h3>Mestre das Cartas em poucas palavras<\/h3>\n<table border=\"1\" width=\"738\" cellspacing=\"0\" cellpadding=\"0\">\n<tbody>\n<tr>\n<td bgcolor=\"#999999\" width=\"182\"><strong>Tarefa<\/strong><\/td>\n<td bgcolor=\"#999999\" width=\"118\"><strong>Objetivo<\/strong><\/td>\n<td bgcolor=\"#999999\" width=\"270\"><strong>Evolu\u00e7\u00e3o <\/strong><\/td>\n<td bgcolor=\"#999999\" width=\"158\"><strong>Pontua\u00e7\u00e3o<\/strong><\/td>\n<\/tr>\n<tr>\n<td valign=\"top\" bgcolor=\"#CCCCCC\" width=\"182\">&nbsp;<\/p>\n<p>Lembrar de sequ\u00eancias de informa\u00e7\u00f5es visuais<\/td>\n<td valign=\"top\" bgcolor=\"#CCCCCC\" width=\"118\">Intelig\u00eancia &#8211;<\/p>\n<p>est\u00edmulo \u00e0 mem\u00f3ria de trabalho; resolu\u00e7\u00e3o \u00a0 de problemas<\/td>\n<td valign=\"top\" bgcolor=\"#CCCCCC\" width=\"270\">A quantidade de cartas da sequ\u00eancia a memorizar aumenta;<\/p>\n<p>Os dados das cartas (naipe, valor, ambos) variam;<\/p>\n<p>O tempo de apresenta\u00e7\u00e3o das cartas diminui.<\/td>\n<td valign=\"top\" bgcolor=\"#CCCCCC\" width=\"158\">&nbsp;<\/p>\n<p>Sua pontua\u00e7\u00e3o \u00e9 a porcentagem de correspond\u00eancias feitas corretamente.<\/td>\n<\/tr>\n<\/tbody>\n<\/table>\n","protected":false},"excerpt":{"rendered":"<p>Mestre das Cartas &nbsp; H\u00e1 muitas maneiras de ser \u201cinteligente\u201d. O que todos os tipos de intelig\u00eancia t\u00eam em comum, no entanto, \u00e9 a habilidade de acessar, comparar e manipular m\u00faltiplas informa\u00e7\u00f5es com rapidez e ao mesmo tempo. Todos os dias, nos deparamos com situa\u00e7\u00f5es em que \u00e9 preciso resolver problemas e tomar decis\u00f5es. No &hellip; <a href=\"https:\/\/neuroforma.com.br\/novo\/why-brainhq\/about-the-exercises\/mestre-das-cartas\" class=\"more-link\">Continue lendo <span class=\"screen-reader-text\">Mestre das Cartas<\/span> <span class=\"meta-nav\">&rarr;<\/span><\/a><\/p>\n","protected":false},"author":1,"featured_media":0,"parent":0,"menu_order":0,"comment_status":"closed","ping_status":"closed","template":"","meta":{"footnotes":""},"class_list":["post-1433","page","type-page","status-publish","hentry","repupress_customize_woocommerce_productom_class"],"yoast_head":"<!-- This site is optimized with the Yoast SEO plugin v26.9 - https:\/\/yoast.com\/product\/yoast-seo-wordpress\/ -->\n<title>Mestre das Cartas -<\/title>\n<meta name=\"robots\" content=\"index, follow, max-snippet:-1, max-image-preview:large, max-video-preview:-1\" \/>\n<link rel=\"canonical\" href=\"https:\/\/neuroforma.com.br\/novo\/why-brainhq\/about-the-exercises\/mestre-das-cartas\/\" \/>\n<meta property=\"og:locale\" content=\"pt_BR\" \/>\n<meta property=\"og:type\" content=\"article\" \/>\n<meta property=\"og:title\" content=\"Mestre das Cartas -\" \/>\n<meta property=\"og:description\" content=\"Mestre das Cartas &nbsp; H\u00e1 muitas maneiras de ser \u201cinteligente\u201d. O que todos os tipos de intelig\u00eancia t\u00eam em comum, no entanto, \u00e9 a habilidade de acessar, comparar e manipular m\u00faltiplas informa\u00e7\u00f5es com rapidez e ao mesmo tempo. Todos os dias, nos deparamos com situa\u00e7\u00f5es em que \u00e9 preciso resolver problemas e tomar decis\u00f5es. No &hellip; Continue lendo Mestre das Cartas &rarr;\" \/>\n<meta property=\"og:url\" content=\"https:\/\/neuroforma.com.br\/novo\/why-brainhq\/about-the-exercises\/mestre-das-cartas\/\" \/>\n<meta property=\"article:modified_time\" content=\"2017-10-10T21:13:34+00:00\" \/>\n<meta property=\"og:image\" content=\"https:\/\/neuroforma.com.br\/novo\/wp-content\/uploads\/2014\/01\/icon-card-shark-lm.jpg\" \/>\n<meta name=\"twitter:label1\" content=\"Est. tempo de leitura\" \/>\n\t<meta name=\"twitter:data1\" content=\"2 minutos\" \/>\n<script type=\"application\/ld+json\" class=\"yoast-schema-graph\">{\"@context\":\"https:\/\/schema.org\",\"@graph\":[{\"@type\":\"WebPage\",\"@id\":\"https:\/\/neuroforma.com.br\/novo\/why-brainhq\/about-the-exercises\/mestre-das-cartas\/\",\"url\":\"https:\/\/neuroforma.com.br\/novo\/why-brainhq\/about-the-exercises\/mestre-das-cartas\/\",\"name\":\"Mestre das Cartas -\",\"isPartOf\":{\"@id\":\"https:\/\/neuroforma.com.br\/novo\/#website\"},\"primaryImageOfPage\":{\"@id\":\"https:\/\/neuroforma.com.br\/novo\/why-brainhq\/about-the-exercises\/mestre-das-cartas\/#primaryimage\"},\"image\":{\"@id\":\"https:\/\/neuroforma.com.br\/novo\/why-brainhq\/about-the-exercises\/mestre-das-cartas\/#primaryimage\"},\"thumbnailUrl\":\"https:\/\/neuroforma.com.br\/novo\/wp-content\/uploads\/2014\/01\/icon-card-shark-lm.jpg\",\"datePublished\":\"2014-07-07T17:33:52+00:00\",\"dateModified\":\"2017-10-10T21:13:34+00:00\",\"breadcrumb\":{\"@id\":\"https:\/\/neuroforma.com.br\/novo\/why-brainhq\/about-the-exercises\/mestre-das-cartas\/#breadcrumb\"},\"inLanguage\":\"pt-BR\",\"potentialAction\":[{\"@type\":\"ReadAction\",\"target\":[\"https:\/\/neuroforma.com.br\/novo\/why-brainhq\/about-the-exercises\/mestre-das-cartas\/\"]}]},{\"@type\":\"ImageObject\",\"inLanguage\":\"pt-BR\",\"@id\":\"https:\/\/neuroforma.com.br\/novo\/why-brainhq\/about-the-exercises\/mestre-das-cartas\/#primaryimage\",\"url\":\"https:\/\/neuroforma.com.br\/novo\/wp-content\/uploads\/2014\/01\/icon-card-shark-lm.jpg\",\"contentUrl\":\"https:\/\/neuroforma.com.br\/novo\/wp-content\/uploads\/2014\/01\/icon-card-shark-lm.jpg\",\"width\":105,\"height\":115},{\"@type\":\"BreadcrumbList\",\"@id\":\"https:\/\/neuroforma.com.br\/novo\/why-brainhq\/about-the-exercises\/mestre-das-cartas\/#breadcrumb\",\"itemListElement\":[{\"@type\":\"ListItem\",\"position\":1,\"name\":\"Home\",\"item\":\"https:\/\/neuroforma.com.br\/novo\/\"},{\"@type\":\"ListItem\",\"position\":2,\"name\":\"Mestre das Cartas\"}]},{\"@type\":\"WebSite\",\"@id\":\"https:\/\/neuroforma.com.br\/novo\/#website\",\"url\":\"https:\/\/neuroforma.com.br\/novo\/\",\"name\":\"\",\"description\":\"\",\"potentialAction\":[{\"@type\":\"SearchAction\",\"target\":{\"@type\":\"EntryPoint\",\"urlTemplate\":\"https:\/\/neuroforma.com.br\/novo\/?s={search_term_string}\"},\"query-input\":{\"@type\":\"PropertyValueSpecification\",\"valueRequired\":true,\"valueName\":\"search_term_string\"}}],\"inLanguage\":\"pt-BR\"}]}<\/script>\n<!-- \/ Yoast SEO plugin. -->","yoast_head_json":{"title":"Mestre das Cartas -","robots":{"index":"index","follow":"follow","max-snippet":"max-snippet:-1","max-image-preview":"max-image-preview:large","max-video-preview":"max-video-preview:-1"},"canonical":"https:\/\/neuroforma.com.br\/novo\/why-brainhq\/about-the-exercises\/mestre-das-cartas\/","og_locale":"pt_BR","og_type":"article","og_title":"Mestre das Cartas -","og_description":"Mestre das Cartas &nbsp; H\u00e1 muitas maneiras de ser \u201cinteligente\u201d. O que todos os tipos de intelig\u00eancia t\u00eam em comum, no entanto, \u00e9 a habilidade de acessar, comparar e manipular m\u00faltiplas informa\u00e7\u00f5es com rapidez e ao mesmo tempo. Todos os dias, nos deparamos com situa\u00e7\u00f5es em que \u00e9 preciso resolver problemas e tomar decis\u00f5es. No &hellip; Continue lendo Mestre das Cartas &rarr;","og_url":"https:\/\/neuroforma.com.br\/novo\/why-brainhq\/about-the-exercises\/mestre-das-cartas\/","article_modified_time":"2017-10-10T21:13:34+00:00","og_image":[{"url":"https:\/\/neuroforma.com.br\/novo\/wp-content\/uploads\/2014\/01\/icon-card-shark-lm.jpg","type":"","width":"","height":""}],"twitter_misc":{"Est. tempo de leitura":"2 minutos"},"schema":{"@context":"https:\/\/schema.org","@graph":[{"@type":"WebPage","@id":"https:\/\/neuroforma.com.br\/novo\/why-brainhq\/about-the-exercises\/mestre-das-cartas\/","url":"https:\/\/neuroforma.com.br\/novo\/why-brainhq\/about-the-exercises\/mestre-das-cartas\/","name":"Mestre das Cartas -","isPartOf":{"@id":"https:\/\/neuroforma.com.br\/novo\/#website"},"primaryImageOfPage":{"@id":"https:\/\/neuroforma.com.br\/novo\/why-brainhq\/about-the-exercises\/mestre-das-cartas\/#primaryimage"},"image":{"@id":"https:\/\/neuroforma.com.br\/novo\/why-brainhq\/about-the-exercises\/mestre-das-cartas\/#primaryimage"},"thumbnailUrl":"https:\/\/neuroforma.com.br\/novo\/wp-content\/uploads\/2014\/01\/icon-card-shark-lm.jpg","datePublished":"2014-07-07T17:33:52+00:00","dateModified":"2017-10-10T21:13:34+00:00","breadcrumb":{"@id":"https:\/\/neuroforma.com.br\/novo\/why-brainhq\/about-the-exercises\/mestre-das-cartas\/#breadcrumb"},"inLanguage":"pt-BR","potentialAction":[{"@type":"ReadAction","target":["https:\/\/neuroforma.com.br\/novo\/why-brainhq\/about-the-exercises\/mestre-das-cartas\/"]}]},{"@type":"ImageObject","inLanguage":"pt-BR","@id":"https:\/\/neuroforma.com.br\/novo\/why-brainhq\/about-the-exercises\/mestre-das-cartas\/#primaryimage","url":"https:\/\/neuroforma.com.br\/novo\/wp-content\/uploads\/2014\/01\/icon-card-shark-lm.jpg","contentUrl":"https:\/\/neuroforma.com.br\/novo\/wp-content\/uploads\/2014\/01\/icon-card-shark-lm.jpg","width":105,"height":115},{"@type":"BreadcrumbList","@id":"https:\/\/neuroforma.com.br\/novo\/why-brainhq\/about-the-exercises\/mestre-das-cartas\/#breadcrumb","itemListElement":[{"@type":"ListItem","position":1,"name":"Home","item":"https:\/\/neuroforma.com.br\/novo\/"},{"@type":"ListItem","position":2,"name":"Mestre das Cartas"}]},{"@type":"WebSite","@id":"https:\/\/neuroforma.com.br\/novo\/#website","url":"https:\/\/neuroforma.com.br\/novo\/","name":"","description":"","potentialAction":[{"@type":"SearchAction","target":{"@type":"EntryPoint","urlTemplate":"https:\/\/neuroforma.com.br\/novo\/?s={search_term_string}"},"query-input":{"@type":"PropertyValueSpecification","valueRequired":true,"valueName":"search_term_string"}}],"inLanguage":"pt-BR"}]}},"_links":{"self":[{"href":"https:\/\/neuroforma.com.br\/novo\/wp-json\/wp\/v2\/pages\/1433","targetHints":{"allow":["GET"]}}],"collection":[{"href":"https:\/\/neuroforma.com.br\/novo\/wp-json\/wp\/v2\/pages"}],"about":[{"href":"https:\/\/neuroforma.com.br\/novo\/wp-json\/wp\/v2\/types\/page"}],"author":[{"embeddable":true,"href":"https:\/\/neuroforma.com.br\/novo\/wp-json\/wp\/v2\/users\/1"}],"replies":[{"embeddable":true,"href":"https:\/\/neuroforma.com.br\/novo\/wp-json\/wp\/v2\/comments?post=1433"}],"version-history":[{"count":23,"href":"https:\/\/neuroforma.com.br\/novo\/wp-json\/wp\/v2\/pages\/1433\/revisions"}],"predecessor-version":[{"id":4486,"href":"https:\/\/neuroforma.com.br\/novo\/wp-json\/wp\/v2\/pages\/1433\/revisions\/4486"}],"wp:attachment":[{"href":"https:\/\/neuroforma.com.br\/novo\/wp-json\/wp\/v2\/media?parent=1433"}],"curies":[{"name":"wp","href":"https:\/\/api.w.org\/{rel}","templated":true}]}}