{"id":1421,"date":"2014-07-03T20:20:58","date_gmt":"2014-07-03T20:20:58","guid":{"rendered":"https:\/\/neuroforma.com.br\/novo\/?page_id=1421"},"modified":"2024-01-23T14:55:18","modified_gmt":"2024-01-23T14:55:18","slug":"reconhecimento","status":"publish","type":"page","link":"https:\/\/neuroforma.com.br\/novo\/why-brainhq\/about-the-exercises\/reconhecimento","title":{"rendered":"Reconhecimento"},"content":{"rendered":"<h1>Reconhecimento<\/h1>\n<a href=\"https:\/\/br.brainhq.com\/#ex-select\/people_skills\" class=\"su-button su-button-style-flat\" style=\"color:#FFFFFF;background-color:#f8931d;border-color:#c77618;border-radius:5px\" target=\"_blank\" rel=\"noopener noreferrer\"><span style=\"color:#FFFFFF;padding:0px 34px;font-size:25px;line-height:50px;border-color:#fbb461;border-radius:5px;text-shadow:none\"> Pratique Agora!<\/span><\/a>\n<p>&nbsp;<\/p>\n<p><img loading=\"lazy\" decoding=\"async\" class=\"alignleft size-full wp-image-1238\" src=\"https:\/\/neuroforma.com.br\/novo\/wp-content\/uploads\/2014\/01\/icon-recognition-lm.jpg\" alt=\"icon-recognition-lm\" width=\"105\" height=\"115\" \/>\u00c0s vezes \u00e9 muito embara\u00e7oso quando n\u00e3o reconhecemos algu\u00e9m a quem j\u00e1 fomos apresentados \u2014 ainda mais quando a pessoa se lembra de voc\u00ea. Lembrar-se dos outros \u00e9 algo importante para o seu trabalho e outras atividades \u2014 por exemplo, caso voc\u00ea seja um m\u00e9dico ou enfermeiro e queira se lembrar dos pacientes, um t\u00e9cnico ou vendedor que precisa acompanhar clientes em potencial, ou em qualquer uma entre milh\u00f5es de situa\u00e7\u00f5es: esquecer um rosto pode ser particularmente problem\u00e1tico.<\/p>\n<p>&nbsp;<\/p>\n<p>Se isso soa familiar, Reconhecimento \u00e9 o exerc\u00edcio certo para voc\u00ea.<\/p>\n<p>&nbsp;<\/p>\n<p><a href=\"https:\/\/neuroforma.com.br\/novo\/wp-content\/uploads\/2014\/07\/bhq-ex-recognition-01.jpg\"><img loading=\"lazy\" decoding=\"async\" class=\"alignright size-full wp-image-1539\" src=\"https:\/\/neuroforma.com.br\/novo\/wp-content\/uploads\/2014\/07\/bhq-ex-recognition-01.jpg\" alt=\"bhq-ex-recognition-01\" width=\"250\" height=\"170\" \/><\/a>Para reconhecer rostos, o c\u00e9rebro segue um fluxo visual. Esse fluxo se inicia com informa\u00e7\u00f5es visuais b\u00e1sicas (que podem ser exercitadas em tamb\u00e9m em outros exerc\u00edcios da nossa plataforma como <a href=\"https:\/\/neuroforma.com.br\/novo\/why-brainhq\/about-the-exercises\/ondas-visuais\">Ondas Visuais<\/a>), e termina na \u201c\u00e1rea fusiforme da face\u201d &#8211; uma parte do c\u00e9rebro que, segundo muitos pesquisadores, \u00e9 dedicada ao reconhecimento facial. Este exerc\u00edcio foi desenvolvido para ativar e melhorar ao m\u00e1ximo o desempenho da \u00e1rea fusiforme da face, exibindo rapidamente um rosto e ent\u00e3o pedindo que voc\u00ea identifique essa pessoa entre uma sele\u00e7\u00e3o de rostos.<\/p>\n<p>&nbsp;<\/p>\n<p>A dificuldade do exerc\u00edcio evolui de muitas maneiras, com o objetivo de incentivar a \u00e1rea fusiforme da face a reconhecer rostos sob circunst\u00e2ncias cada vez mais dif\u00edceis. Veja como:<\/p>\n<p>&nbsp;<\/p>\n<ul>\n<li>O \u00e2ngulo do rosto muda. No in\u00edcio, voc\u00ea faz a correspond\u00eancia entre um rosto de frente e o mesmo rosto, tamb\u00e9m de frente. Depois, voc\u00ea ter\u00e1 que fazer a correspond\u00eancia entre um rosto de frente e um de perfil ou num \u00e2ngulo de 45\u00ba.<\/li>\n<li>As op\u00e7\u00f5es de rostos a escolher aumentam de 3 at\u00e9 6.<\/li>\n<li>No in\u00edcio, s\u00e3o exibidos ao mesmo tempo rostos de homens e mulheres. Nos n\u00edveis mais avan\u00e7ados, todos os rostos s\u00e3o do mesmo g\u00eanero, dificultando a tarefa de diferenci\u00e1-los.<\/li>\n<\/ul>\n<p>&nbsp;<\/p>\n<p>Conforme seu desempenho melhora, os rostos aparecem na tela por cada vez menos tempo, exigindo que seu c\u00e9rebro identifique rapidamente as caracter\u00edsticas distintivas de cada rosto.<\/p>\n<p>&nbsp;<\/p>\n<p>O objetivo de Reconhecimento \u00e9 desafiar seu sistema visual constantemente, em particular a \u00e1rea fusiforme da face, de forma a agu\u00e7\u00e1-lo e fortalec\u00ea-lo. O resultado: melhor reconhecimento facial para que voc\u00ea saiba quem \u00e9 quem e evite momentos embara\u00e7osos.<\/p>\n<p>&nbsp;<\/p>\n<h3>Reconhecimento em poucas palavras<\/h3>\n<p>&nbsp;<\/p>\n<table border=\"1\" width=\"787\" cellspacing=\"0\" cellpadding=\"0\">\n<tbody>\n<tr>\n<td bgcolor=\"#999999\" width=\"162\"><strong>Tarefa<\/strong><\/td>\n<td bgcolor=\"#999999\" width=\"162\"><strong>Objetivo<\/strong><\/td>\n<td bgcolor=\"#999999\" width=\"198\"><strong>Evolu\u00e7\u00e3o <\/strong><\/td>\n<td bgcolor=\"#999999\" width=\"255\"><strong>Pontua\u00e7\u00e3o<\/strong><\/td>\n<\/tr>\n<tr>\n<td valign=\"top\" bgcolor=\"#CCCCCC\" width=\"162\">Observar um rosto sendo exibido rapidamente na tela e identific\u00e1-lo em seguida.<\/td>\n<td valign=\"top\" bgcolor=\"#CCCCCC\" width=\"162\">velocidade de processamento visual;<\/p>\n<p>Reconhecimento facial;<\/td>\n<td valign=\"top\" bgcolor=\"#CCCCCC\" width=\"198\">O \u00e2ngulo dos rostos muda;<\/p>\n<p>As op\u00e7\u00f5es de rostos a escolher aumentam;<\/p>\n<p>O g\u00eanero dos rostos exibidos se torna o mesmo.<\/td>\n<td valign=\"top\" bgcolor=\"#CCCCCC\" width=\"255\">Os pontos s\u00e3o marcados em milissegundos.<\/p>\n<p>Conforme voc\u00ea melhorar, os rostos na tela piscar\u00e3o por menos milissegundos.<\/p>\n<p>Uma pontua\u00e7\u00e3o menor \u00e9 melhor!<\/td>\n<\/tr>\n<\/tbody>\n<\/table>\n<p>&nbsp;<\/p>\n","protected":false},"excerpt":{"rendered":"<p>Reconhecimento &nbsp; \u00c0s vezes \u00e9 muito embara\u00e7oso quando n\u00e3o reconhecemos algu\u00e9m a quem j\u00e1 fomos apresentados \u2014 ainda mais quando a pessoa se lembra de voc\u00ea. Lembrar-se dos outros \u00e9 algo importante para o seu trabalho e outras atividades \u2014 por exemplo, caso voc\u00ea seja um m\u00e9dico ou enfermeiro e queira se lembrar dos pacientes, &hellip; <a href=\"https:\/\/neuroforma.com.br\/novo\/why-brainhq\/about-the-exercises\/reconhecimento\" class=\"more-link\">Continue lendo <span class=\"screen-reader-text\">Reconhecimento<\/span> <span class=\"meta-nav\">&rarr;<\/span><\/a><\/p>\n","protected":false},"author":1,"featured_media":0,"parent":0,"menu_order":0,"comment_status":"closed","ping_status":"closed","template":"","meta":{"footnotes":""},"class_list":["post-1421","page","type-page","status-publish","hentry","repupress_customize_woocommerce_productom_class"],"yoast_head":"<!-- This site is optimized with the Yoast SEO plugin v26.9 - https:\/\/yoast.com\/product\/yoast-seo-wordpress\/ -->\n<title>Reconhecimento -<\/title>\n<meta name=\"robots\" content=\"index, follow, max-snippet:-1, max-image-preview:large, max-video-preview:-1\" \/>\n<link rel=\"canonical\" href=\"https:\/\/neuroforma.com.br\/novo\/why-brainhq\/about-the-exercises\/reconhecimento\/\" \/>\n<meta property=\"og:locale\" content=\"pt_BR\" \/>\n<meta property=\"og:type\" content=\"article\" \/>\n<meta property=\"og:title\" content=\"Reconhecimento -\" \/>\n<meta property=\"og:description\" content=\"Reconhecimento &nbsp; \u00c0s vezes \u00e9 muito embara\u00e7oso quando n\u00e3o reconhecemos algu\u00e9m a quem j\u00e1 fomos apresentados \u2014 ainda mais quando a pessoa se lembra de voc\u00ea. Lembrar-se dos outros \u00e9 algo importante para o seu trabalho e outras atividades \u2014 por exemplo, caso voc\u00ea seja um m\u00e9dico ou enfermeiro e queira se lembrar dos pacientes, &hellip; Continue lendo Reconhecimento &rarr;\" \/>\n<meta property=\"og:url\" content=\"https:\/\/neuroforma.com.br\/novo\/why-brainhq\/about-the-exercises\/reconhecimento\/\" \/>\n<meta property=\"article:modified_time\" content=\"2024-01-23T14:55:18+00:00\" \/>\n<meta property=\"og:image\" content=\"https:\/\/neuroforma.com.br\/novo\/wp-content\/uploads\/2014\/01\/icon-recognition-lm.jpg\" \/>\n<meta name=\"twitter:label1\" content=\"Est. tempo de leitura\" \/>\n\t<meta name=\"twitter:data1\" content=\"3 minutos\" \/>\n<script type=\"application\/ld+json\" class=\"yoast-schema-graph\">{\"@context\":\"https:\/\/schema.org\",\"@graph\":[{\"@type\":\"WebPage\",\"@id\":\"https:\/\/neuroforma.com.br\/novo\/why-brainhq\/about-the-exercises\/reconhecimento\/\",\"url\":\"https:\/\/neuroforma.com.br\/novo\/why-brainhq\/about-the-exercises\/reconhecimento\/\",\"name\":\"Reconhecimento -\",\"isPartOf\":{\"@id\":\"https:\/\/neuroforma.com.br\/novo\/#website\"},\"primaryImageOfPage\":{\"@id\":\"https:\/\/neuroforma.com.br\/novo\/why-brainhq\/about-the-exercises\/reconhecimento\/#primaryimage\"},\"image\":{\"@id\":\"https:\/\/neuroforma.com.br\/novo\/why-brainhq\/about-the-exercises\/reconhecimento\/#primaryimage\"},\"thumbnailUrl\":\"https:\/\/neuroforma.com.br\/novo\/wp-content\/uploads\/2014\/01\/icon-recognition-lm.jpg\",\"datePublished\":\"2014-07-03T20:20:58+00:00\",\"dateModified\":\"2024-01-23T14:55:18+00:00\",\"breadcrumb\":{\"@id\":\"https:\/\/neuroforma.com.br\/novo\/why-brainhq\/about-the-exercises\/reconhecimento\/#breadcrumb\"},\"inLanguage\":\"pt-BR\",\"potentialAction\":[{\"@type\":\"ReadAction\",\"target\":[\"https:\/\/neuroforma.com.br\/novo\/why-brainhq\/about-the-exercises\/reconhecimento\/\"]}]},{\"@type\":\"ImageObject\",\"inLanguage\":\"pt-BR\",\"@id\":\"https:\/\/neuroforma.com.br\/novo\/why-brainhq\/about-the-exercises\/reconhecimento\/#primaryimage\",\"url\":\"https:\/\/neuroforma.com.br\/novo\/wp-content\/uploads\/2014\/01\/icon-recognition-lm.jpg\",\"contentUrl\":\"https:\/\/neuroforma.com.br\/novo\/wp-content\/uploads\/2014\/01\/icon-recognition-lm.jpg\",\"width\":105,\"height\":115},{\"@type\":\"BreadcrumbList\",\"@id\":\"https:\/\/neuroforma.com.br\/novo\/why-brainhq\/about-the-exercises\/reconhecimento\/#breadcrumb\",\"itemListElement\":[{\"@type\":\"ListItem\",\"position\":1,\"name\":\"Home\",\"item\":\"https:\/\/neuroforma.com.br\/novo\/\"},{\"@type\":\"ListItem\",\"position\":2,\"name\":\"Reconhecimento\"}]},{\"@type\":\"WebSite\",\"@id\":\"https:\/\/neuroforma.com.br\/novo\/#website\",\"url\":\"https:\/\/neuroforma.com.br\/novo\/\",\"name\":\"\",\"description\":\"\",\"potentialAction\":[{\"@type\":\"SearchAction\",\"target\":{\"@type\":\"EntryPoint\",\"urlTemplate\":\"https:\/\/neuroforma.com.br\/novo\/?s={search_term_string}\"},\"query-input\":{\"@type\":\"PropertyValueSpecification\",\"valueRequired\":true,\"valueName\":\"search_term_string\"}}],\"inLanguage\":\"pt-BR\"}]}<\/script>\n<!-- \/ Yoast SEO plugin. -->","yoast_head_json":{"title":"Reconhecimento -","robots":{"index":"index","follow":"follow","max-snippet":"max-snippet:-1","max-image-preview":"max-image-preview:large","max-video-preview":"max-video-preview:-1"},"canonical":"https:\/\/neuroforma.com.br\/novo\/why-brainhq\/about-the-exercises\/reconhecimento\/","og_locale":"pt_BR","og_type":"article","og_title":"Reconhecimento -","og_description":"Reconhecimento &nbsp; \u00c0s vezes \u00e9 muito embara\u00e7oso quando n\u00e3o reconhecemos algu\u00e9m a quem j\u00e1 fomos apresentados \u2014 ainda mais quando a pessoa se lembra de voc\u00ea. Lembrar-se dos outros \u00e9 algo importante para o seu trabalho e outras atividades \u2014 por exemplo, caso voc\u00ea seja um m\u00e9dico ou enfermeiro e queira se lembrar dos pacientes, &hellip; Continue lendo Reconhecimento &rarr;","og_url":"https:\/\/neuroforma.com.br\/novo\/why-brainhq\/about-the-exercises\/reconhecimento\/","article_modified_time":"2024-01-23T14:55:18+00:00","og_image":[{"url":"https:\/\/neuroforma.com.br\/novo\/wp-content\/uploads\/2014\/01\/icon-recognition-lm.jpg","type":"","width":"","height":""}],"twitter_misc":{"Est. tempo de leitura":"3 minutos"},"schema":{"@context":"https:\/\/schema.org","@graph":[{"@type":"WebPage","@id":"https:\/\/neuroforma.com.br\/novo\/why-brainhq\/about-the-exercises\/reconhecimento\/","url":"https:\/\/neuroforma.com.br\/novo\/why-brainhq\/about-the-exercises\/reconhecimento\/","name":"Reconhecimento -","isPartOf":{"@id":"https:\/\/neuroforma.com.br\/novo\/#website"},"primaryImageOfPage":{"@id":"https:\/\/neuroforma.com.br\/novo\/why-brainhq\/about-the-exercises\/reconhecimento\/#primaryimage"},"image":{"@id":"https:\/\/neuroforma.com.br\/novo\/why-brainhq\/about-the-exercises\/reconhecimento\/#primaryimage"},"thumbnailUrl":"https:\/\/neuroforma.com.br\/novo\/wp-content\/uploads\/2014\/01\/icon-recognition-lm.jpg","datePublished":"2014-07-03T20:20:58+00:00","dateModified":"2024-01-23T14:55:18+00:00","breadcrumb":{"@id":"https:\/\/neuroforma.com.br\/novo\/why-brainhq\/about-the-exercises\/reconhecimento\/#breadcrumb"},"inLanguage":"pt-BR","potentialAction":[{"@type":"ReadAction","target":["https:\/\/neuroforma.com.br\/novo\/why-brainhq\/about-the-exercises\/reconhecimento\/"]}]},{"@type":"ImageObject","inLanguage":"pt-BR","@id":"https:\/\/neuroforma.com.br\/novo\/why-brainhq\/about-the-exercises\/reconhecimento\/#primaryimage","url":"https:\/\/neuroforma.com.br\/novo\/wp-content\/uploads\/2014\/01\/icon-recognition-lm.jpg","contentUrl":"https:\/\/neuroforma.com.br\/novo\/wp-content\/uploads\/2014\/01\/icon-recognition-lm.jpg","width":105,"height":115},{"@type":"BreadcrumbList","@id":"https:\/\/neuroforma.com.br\/novo\/why-brainhq\/about-the-exercises\/reconhecimento\/#breadcrumb","itemListElement":[{"@type":"ListItem","position":1,"name":"Home","item":"https:\/\/neuroforma.com.br\/novo\/"},{"@type":"ListItem","position":2,"name":"Reconhecimento"}]},{"@type":"WebSite","@id":"https:\/\/neuroforma.com.br\/novo\/#website","url":"https:\/\/neuroforma.com.br\/novo\/","name":"","description":"","potentialAction":[{"@type":"SearchAction","target":{"@type":"EntryPoint","urlTemplate":"https:\/\/neuroforma.com.br\/novo\/?s={search_term_string}"},"query-input":{"@type":"PropertyValueSpecification","valueRequired":true,"valueName":"search_term_string"}}],"inLanguage":"pt-BR"}]}},"_links":{"self":[{"href":"https:\/\/neuroforma.com.br\/novo\/wp-json\/wp\/v2\/pages\/1421","targetHints":{"allow":["GET"]}}],"collection":[{"href":"https:\/\/neuroforma.com.br\/novo\/wp-json\/wp\/v2\/pages"}],"about":[{"href":"https:\/\/neuroforma.com.br\/novo\/wp-json\/wp\/v2\/types\/page"}],"author":[{"embeddable":true,"href":"https:\/\/neuroforma.com.br\/novo\/wp-json\/wp\/v2\/users\/1"}],"replies":[{"embeddable":true,"href":"https:\/\/neuroforma.com.br\/novo\/wp-json\/wp\/v2\/comments?post=1421"}],"version-history":[{"count":11,"href":"https:\/\/neuroforma.com.br\/novo\/wp-json\/wp\/v2\/pages\/1421\/revisions"}],"predecessor-version":[{"id":6669,"href":"https:\/\/neuroforma.com.br\/novo\/wp-json\/wp\/v2\/pages\/1421\/revisions\/6669"}],"wp:attachment":[{"href":"https:\/\/neuroforma.com.br\/novo\/wp-json\/wp\/v2\/media?parent=1421"}],"curies":[{"name":"wp","href":"https:\/\/api.w.org\/{rel}","templated":true}]}}