{"id":1418,"date":"2014-07-03T20:14:53","date_gmt":"2014-07-03T20:14:53","guid":{"rendered":"https:\/\/neuroforma.com.br\/novo\/?page_id=1418"},"modified":"2017-10-10T21:18:50","modified_gmt":"2017-10-10T21:18:50","slug":"familiaridade","status":"publish","type":"page","link":"https:\/\/neuroforma.com.br\/novo\/why-brainhq\/about-the-exercises\/familiaridade","title":{"rendered":"Familiaridade"},"content":{"rendered":"<h1>Familiaridade<\/h1>\n<a href=\"https:\/\/br.brainhq.com\/#ex-select\/people_skills\" class=\"su-button su-button-style-flat\" style=\"color:#FFFFFF;background-color:#f8931d;border-color:#c77618;border-radius:5px\" target=\"_blank\" rel=\"noopener noreferrer\"><span style=\"color:#FFFFFF;padding:0px 34px;font-size:25px;line-height:50px;border-color:#fbb461;border-radius:5px;text-shadow:none\"> Pratique Agora!<\/span><\/a>\n<p>&nbsp;<\/p>\n<p><img loading=\"lazy\" decoding=\"async\" class=\"alignleft size-full wp-image-1233\" src=\"https:\/\/neuroforma.com.br\/novo\/wp-content\/uploads\/2014\/01\/icon-in-the-know-lm.jpg\" alt=\"icon-in-the-know-lm\" width=\"105\" height=\"115\" \/>J\u00e1 aconteceu com quase todo mundo. Um amigo conta uma hist\u00f3ria complicada sobre o irm\u00e3o, voc\u00ea escuta uma entrevista interessante no r\u00e1dio, um guia de turismo conta detalhes fascinantes sobre um monumento hist\u00f3rico \u2014 e, mais tarde, ao tentar conversar sobre esses assuntos, voc\u00ea esquece os pormenores. Voc\u00ea j\u00e1 n\u00e3o sabe se o irm\u00e3o do seu amigo foi para o Tibete ou para a Tail\u00e2ndia, n\u00e3o se lembra do nome do entrevistado no r\u00e1dio, n\u00e3o tem certeza se o monumento foi constru\u00eddo antes da Primeira ou da Segunda Guerra.<\/p>\n<p>&nbsp;<\/p>\n<p><a href=\"https:\/\/neuroforma.com.br\/novo\/wp-content\/uploads\/2014\/07\/bhq-ex-in-the-know-01.jpg\"><img loading=\"lazy\" decoding=\"async\" class=\"alignright size-full wp-image-1536\" src=\"https:\/\/neuroforma.com.br\/novo\/wp-content\/uploads\/2014\/07\/bhq-ex-in-the-know-01.jpg\" alt=\"bhq-ex-in-the-know-01\" width=\"186\" height=\"145\" \/><\/a> <a href=\"https:\/\/neuroforma.com.br\/novo\/wp-content\/uploads\/2014\/07\/bhq-ex-in-the-know-02-brjpg.jpg\"><br \/>\n<\/a>Lembrar-se desse tipo de informa\u00e7\u00e3o \u00e9 importante para as conversas e para as conex\u00f5es pessoais. Conseguir se lembrar em detalhes do que se escuta ajuda na conex\u00e3o com o outro, em relacionamentos bem sucedidos e recompensadores. Os exemplos de como esse tipo de mem\u00f3ria melhora as habilidades sociais s\u00e3o infinitos: acompanhar o desenrolar de um acontecimento importante na vida de um amigo, escolher o presente perfeito para um parente com base no que ele lhe contou sobre um hobby, lembrar-se em que assunto seu colega de trabalho pediu ajuda.<\/p>\n<p>&nbsp;<\/p>\n<p><a href=\"https:\/\/neuroforma.com.br\/novo\/wp-content\/uploads\/2014\/07\/bhq-ex-in-the-know-02-brjpg.jpg\"><br \/>\n<img loading=\"lazy\" decoding=\"async\" class=\"alignright\" src=\"https:\/\/neuroforma.com.br\/novo\/wp-content\/uploads\/2014\/07\/bhq-ex-in-the-know-02-brjpg.jpg\" alt=\"bhq-ex-in-the-know-02-brjpg\" width=\"348\" height=\"159\" \/><\/a>O exerc\u00edcio de Familiaridade exercita explicitamente a mem\u00f3ria para informa\u00e7\u00f5es auditivas como essas. Ele se baseia em outros exerc\u00edcios auditivos de BrainHQ, como Jogo da Mem\u00f3ria, Pilhas de S\u00edlabas e Lista de Tarefas, estendendo requisitos de mem\u00f3ria para cen\u00e1rios reais de narrativas complexas em conversas. O ouvinte precisa se concentrar em detalhes cada vez mais dif\u00edceis e fugazes de narrativas cada vez mais longas, e grav\u00e1-los na mem\u00f3ria com precis\u00e3o durante intervalos relativamente longos. Desse modo, o exerc\u00edcio de Familiaridade representa o passo final na constru\u00e7\u00e3o de um sistema preciso de recep\u00e7\u00e3o sonora no seu c\u00e9rebro.<\/p>\n<p>&nbsp;<\/p>\n<p>O exerc\u00edcio se modifica de diversas maneiras para for\u00e7ar seu c\u00e9rebro a se lembrar de detalhes de forma precisa e sob condi\u00e7\u00f5es cada vez mais desafiadoras:<\/p>\n<p>&nbsp;<\/p>\n<ul>\n<li>A manipula\u00e7\u00e3o do som se acelera, at\u00e9 que a fala se torne mais r\u00e1pida do que a fala normal. (Para saber mais sobre como e por que a fala \u00e9 manipulada, consulte a p\u00e1gina do exerc\u00edcio Jogo da Mem\u00f3ria.)<\/li>\n<li>As frases ficam mais complexas, com mais informa\u00e7\u00f5es.<\/li>\n<li>As pausas entre as frases ficam mais curtas.<\/li>\n<\/ul>\n<p>&nbsp;<\/p>\n<p>Conforme seu desempenho em cada n\u00edvel melhorar, mais senten\u00e7as s\u00e3o acrescentadas, encorajando seu c\u00e9rebro a se lembrar de mais elementos ainda!<\/p>\n<p>&nbsp;<\/p>\n<h3>Familiaridade em poucas palavras<\/h3>\n<p>&nbsp;<\/p>\n<table border=\"1\" width=\"725\" cellspacing=\"0\" cellpadding=\"0\">\n<tbody>\n<tr>\n<td bgcolor=\"#999999\" width=\"165\"><strong>Tarefa<\/strong><\/td>\n<td bgcolor=\"#999999\" width=\"132\"><strong>Objetivo<\/strong><\/td>\n<td bgcolor=\"#999999\" width=\"199\"><strong>Evolu\u00e7\u00e3o <\/strong><\/td>\n<td bgcolor=\"#999999\" width=\"219\"><strong>Pontua\u00e7\u00e3o<\/strong><\/td>\n<\/tr>\n<tr>\n<td valign=\"top\" bgcolor=\"#CCCCCC\" width=\"165\">Escutar uma conversa e depois responder a perguntas com base nas informa\u00e7\u00f5es ouvidas<\/td>\n<td valign=\"top\" bgcolor=\"#CCCCCC\" width=\"132\">Habilidade social<\/td>\n<td valign=\"top\" bgcolor=\"#CCCCCC\" width=\"199\">O n\u00edvel de manipula\u00e7\u00e3o da fala mudaAs frases ficam mais complexasO intervalo entre as frases aumenta<\/td>\n<td valign=\"top\" bgcolor=\"#CCCCCC\" width=\"219\">Conforme seu desempenho melhorar, as conversas ficar\u00e3o cada vez mais longas<\/td>\n<\/tr>\n<\/tbody>\n<\/table>\n","protected":false},"excerpt":{"rendered":"<p>Familiaridade &nbsp; J\u00e1 aconteceu com quase todo mundo. Um amigo conta uma hist\u00f3ria complicada sobre o irm\u00e3o, voc\u00ea escuta uma entrevista interessante no r\u00e1dio, um guia de turismo conta detalhes fascinantes sobre um monumento hist\u00f3rico \u2014 e, mais tarde, ao tentar conversar sobre esses assuntos, voc\u00ea esquece os pormenores. Voc\u00ea j\u00e1 n\u00e3o sabe se o &hellip; <a href=\"https:\/\/neuroforma.com.br\/novo\/why-brainhq\/about-the-exercises\/familiaridade\" class=\"more-link\">Continue lendo <span class=\"screen-reader-text\">Familiaridade<\/span> <span class=\"meta-nav\">&rarr;<\/span><\/a><\/p>\n","protected":false},"author":1,"featured_media":0,"parent":0,"menu_order":0,"comment_status":"closed","ping_status":"closed","template":"","meta":{"footnotes":""},"class_list":["post-1418","page","type-page","status-publish","hentry","repupress_customize_woocommerce_productom_class"],"yoast_head":"<!-- This site is optimized with the Yoast SEO plugin v26.9 - https:\/\/yoast.com\/product\/yoast-seo-wordpress\/ -->\n<title>Familiaridade -<\/title>\n<meta name=\"robots\" content=\"index, follow, max-snippet:-1, max-image-preview:large, max-video-preview:-1\" \/>\n<link rel=\"canonical\" href=\"https:\/\/neuroforma.com.br\/novo\/why-brainhq\/about-the-exercises\/familiaridade\/\" \/>\n<meta property=\"og:locale\" content=\"pt_BR\" \/>\n<meta property=\"og:type\" content=\"article\" \/>\n<meta property=\"og:title\" content=\"Familiaridade -\" \/>\n<meta property=\"og:description\" content=\"Familiaridade &nbsp; J\u00e1 aconteceu com quase todo mundo. Um amigo conta uma hist\u00f3ria complicada sobre o irm\u00e3o, voc\u00ea escuta uma entrevista interessante no r\u00e1dio, um guia de turismo conta detalhes fascinantes sobre um monumento hist\u00f3rico \u2014 e, mais tarde, ao tentar conversar sobre esses assuntos, voc\u00ea esquece os pormenores. Voc\u00ea j\u00e1 n\u00e3o sabe se o &hellip; Continue lendo Familiaridade &rarr;\" \/>\n<meta property=\"og:url\" content=\"https:\/\/neuroforma.com.br\/novo\/why-brainhq\/about-the-exercises\/familiaridade\/\" \/>\n<meta property=\"article:modified_time\" content=\"2017-10-10T21:18:50+00:00\" \/>\n<meta property=\"og:image\" content=\"https:\/\/neuroforma.com.br\/novo\/wp-content\/uploads\/2014\/01\/icon-in-the-know-lm.jpg\" \/>\n<meta name=\"twitter:label1\" content=\"Est. tempo de leitura\" \/>\n\t<meta name=\"twitter:data1\" content=\"3 minutos\" \/>\n<script type=\"application\/ld+json\" class=\"yoast-schema-graph\">{\"@context\":\"https:\/\/schema.org\",\"@graph\":[{\"@type\":\"WebPage\",\"@id\":\"https:\/\/neuroforma.com.br\/novo\/why-brainhq\/about-the-exercises\/familiaridade\/\",\"url\":\"https:\/\/neuroforma.com.br\/novo\/why-brainhq\/about-the-exercises\/familiaridade\/\",\"name\":\"Familiaridade -\",\"isPartOf\":{\"@id\":\"https:\/\/neuroforma.com.br\/novo\/#website\"},\"primaryImageOfPage\":{\"@id\":\"https:\/\/neuroforma.com.br\/novo\/why-brainhq\/about-the-exercises\/familiaridade\/#primaryimage\"},\"image\":{\"@id\":\"https:\/\/neuroforma.com.br\/novo\/why-brainhq\/about-the-exercises\/familiaridade\/#primaryimage\"},\"thumbnailUrl\":\"https:\/\/neuroforma.com.br\/novo\/wp-content\/uploads\/2014\/01\/icon-in-the-know-lm.jpg\",\"datePublished\":\"2014-07-03T20:14:53+00:00\",\"dateModified\":\"2017-10-10T21:18:50+00:00\",\"breadcrumb\":{\"@id\":\"https:\/\/neuroforma.com.br\/novo\/why-brainhq\/about-the-exercises\/familiaridade\/#breadcrumb\"},\"inLanguage\":\"pt-BR\",\"potentialAction\":[{\"@type\":\"ReadAction\",\"target\":[\"https:\/\/neuroforma.com.br\/novo\/why-brainhq\/about-the-exercises\/familiaridade\/\"]}]},{\"@type\":\"ImageObject\",\"inLanguage\":\"pt-BR\",\"@id\":\"https:\/\/neuroforma.com.br\/novo\/why-brainhq\/about-the-exercises\/familiaridade\/#primaryimage\",\"url\":\"https:\/\/neuroforma.com.br\/novo\/wp-content\/uploads\/2014\/01\/icon-in-the-know-lm.jpg\",\"contentUrl\":\"https:\/\/neuroforma.com.br\/novo\/wp-content\/uploads\/2014\/01\/icon-in-the-know-lm.jpg\",\"width\":105,\"height\":115},{\"@type\":\"BreadcrumbList\",\"@id\":\"https:\/\/neuroforma.com.br\/novo\/why-brainhq\/about-the-exercises\/familiaridade\/#breadcrumb\",\"itemListElement\":[{\"@type\":\"ListItem\",\"position\":1,\"name\":\"Home\",\"item\":\"https:\/\/neuroforma.com.br\/novo\/\"},{\"@type\":\"ListItem\",\"position\":2,\"name\":\"Familiaridade\"}]},{\"@type\":\"WebSite\",\"@id\":\"https:\/\/neuroforma.com.br\/novo\/#website\",\"url\":\"https:\/\/neuroforma.com.br\/novo\/\",\"name\":\"\",\"description\":\"\",\"potentialAction\":[{\"@type\":\"SearchAction\",\"target\":{\"@type\":\"EntryPoint\",\"urlTemplate\":\"https:\/\/neuroforma.com.br\/novo\/?s={search_term_string}\"},\"query-input\":{\"@type\":\"PropertyValueSpecification\",\"valueRequired\":true,\"valueName\":\"search_term_string\"}}],\"inLanguage\":\"pt-BR\"}]}<\/script>\n<!-- \/ Yoast SEO plugin. -->","yoast_head_json":{"title":"Familiaridade -","robots":{"index":"index","follow":"follow","max-snippet":"max-snippet:-1","max-image-preview":"max-image-preview:large","max-video-preview":"max-video-preview:-1"},"canonical":"https:\/\/neuroforma.com.br\/novo\/why-brainhq\/about-the-exercises\/familiaridade\/","og_locale":"pt_BR","og_type":"article","og_title":"Familiaridade -","og_description":"Familiaridade &nbsp; J\u00e1 aconteceu com quase todo mundo. Um amigo conta uma hist\u00f3ria complicada sobre o irm\u00e3o, voc\u00ea escuta uma entrevista interessante no r\u00e1dio, um guia de turismo conta detalhes fascinantes sobre um monumento hist\u00f3rico \u2014 e, mais tarde, ao tentar conversar sobre esses assuntos, voc\u00ea esquece os pormenores. Voc\u00ea j\u00e1 n\u00e3o sabe se o &hellip; Continue lendo Familiaridade &rarr;","og_url":"https:\/\/neuroforma.com.br\/novo\/why-brainhq\/about-the-exercises\/familiaridade\/","article_modified_time":"2017-10-10T21:18:50+00:00","og_image":[{"url":"https:\/\/neuroforma.com.br\/novo\/wp-content\/uploads\/2014\/01\/icon-in-the-know-lm.jpg","type":"","width":"","height":""}],"twitter_misc":{"Est. tempo de leitura":"3 minutos"},"schema":{"@context":"https:\/\/schema.org","@graph":[{"@type":"WebPage","@id":"https:\/\/neuroforma.com.br\/novo\/why-brainhq\/about-the-exercises\/familiaridade\/","url":"https:\/\/neuroforma.com.br\/novo\/why-brainhq\/about-the-exercises\/familiaridade\/","name":"Familiaridade -","isPartOf":{"@id":"https:\/\/neuroforma.com.br\/novo\/#website"},"primaryImageOfPage":{"@id":"https:\/\/neuroforma.com.br\/novo\/why-brainhq\/about-the-exercises\/familiaridade\/#primaryimage"},"image":{"@id":"https:\/\/neuroforma.com.br\/novo\/why-brainhq\/about-the-exercises\/familiaridade\/#primaryimage"},"thumbnailUrl":"https:\/\/neuroforma.com.br\/novo\/wp-content\/uploads\/2014\/01\/icon-in-the-know-lm.jpg","datePublished":"2014-07-03T20:14:53+00:00","dateModified":"2017-10-10T21:18:50+00:00","breadcrumb":{"@id":"https:\/\/neuroforma.com.br\/novo\/why-brainhq\/about-the-exercises\/familiaridade\/#breadcrumb"},"inLanguage":"pt-BR","potentialAction":[{"@type":"ReadAction","target":["https:\/\/neuroforma.com.br\/novo\/why-brainhq\/about-the-exercises\/familiaridade\/"]}]},{"@type":"ImageObject","inLanguage":"pt-BR","@id":"https:\/\/neuroforma.com.br\/novo\/why-brainhq\/about-the-exercises\/familiaridade\/#primaryimage","url":"https:\/\/neuroforma.com.br\/novo\/wp-content\/uploads\/2014\/01\/icon-in-the-know-lm.jpg","contentUrl":"https:\/\/neuroforma.com.br\/novo\/wp-content\/uploads\/2014\/01\/icon-in-the-know-lm.jpg","width":105,"height":115},{"@type":"BreadcrumbList","@id":"https:\/\/neuroforma.com.br\/novo\/why-brainhq\/about-the-exercises\/familiaridade\/#breadcrumb","itemListElement":[{"@type":"ListItem","position":1,"name":"Home","item":"https:\/\/neuroforma.com.br\/novo\/"},{"@type":"ListItem","position":2,"name":"Familiaridade"}]},{"@type":"WebSite","@id":"https:\/\/neuroforma.com.br\/novo\/#website","url":"https:\/\/neuroforma.com.br\/novo\/","name":"","description":"","potentialAction":[{"@type":"SearchAction","target":{"@type":"EntryPoint","urlTemplate":"https:\/\/neuroforma.com.br\/novo\/?s={search_term_string}"},"query-input":{"@type":"PropertyValueSpecification","valueRequired":true,"valueName":"search_term_string"}}],"inLanguage":"pt-BR"}]}},"_links":{"self":[{"href":"https:\/\/neuroforma.com.br\/novo\/wp-json\/wp\/v2\/pages\/1418","targetHints":{"allow":["GET"]}}],"collection":[{"href":"https:\/\/neuroforma.com.br\/novo\/wp-json\/wp\/v2\/pages"}],"about":[{"href":"https:\/\/neuroforma.com.br\/novo\/wp-json\/wp\/v2\/types\/page"}],"author":[{"embeddable":true,"href":"https:\/\/neuroforma.com.br\/novo\/wp-json\/wp\/v2\/users\/1"}],"replies":[{"embeddable":true,"href":"https:\/\/neuroforma.com.br\/novo\/wp-json\/wp\/v2\/comments?post=1418"}],"version-history":[{"count":9,"href":"https:\/\/neuroforma.com.br\/novo\/wp-json\/wp\/v2\/pages\/1418\/revisions"}],"predecessor-version":[{"id":4493,"href":"https:\/\/neuroforma.com.br\/novo\/wp-json\/wp\/v2\/pages\/1418\/revisions\/4493"}],"wp:attachment":[{"href":"https:\/\/neuroforma.com.br\/novo\/wp-json\/wp\/v2\/media?parent=1418"}],"curies":[{"name":"wp","href":"https:\/\/api.w.org\/{rel}","templated":true}]}}