{"id":1415,"date":"2014-07-03T20:11:15","date_gmt":"2014-07-03T20:11:15","guid":{"rendered":"https:\/\/neuroforma.com.br\/novo\/?page_id=1415"},"modified":"2017-10-10T21:17:50","modified_gmt":"2017-10-10T21:17:50","slug":"cara-a-cara","status":"publish","type":"page","link":"https:\/\/neuroforma.com.br\/novo\/why-brainhq\/about-the-exercises\/cara-a-cara","title":{"rendered":"Cara a Cara"},"content":{"rendered":"<h1>Cara a Cara<\/h1>\n<a href=\"https:\/\/br.brainhq.com\/#ex-select\/people_skills\" class=\"su-button su-button-style-flat\" style=\"color:#FFFFFF;background-color:#f8931d;border-color:#c77618;border-radius:5px\" target=\"_blank\" rel=\"noopener noreferrer\"><span style=\"color:#FFFFFF;padding:0px 34px;font-size:25px;line-height:50px;border-color:#fbb461;border-radius:5px;text-shadow:none\"> Pratique Agora!<\/span><\/a>\n<p>&nbsp;<\/p>\n<p><img loading=\"lazy\" decoding=\"async\" class=\"alignleft size-full wp-image-1229\" src=\"https:\/\/neuroforma.com.br\/novo\/wp-content\/uploads\/2014\/01\/icon-face-to-face-lm.jpg\" alt=\"icon-face-to-face-lm\" width=\"105\" height=\"115\" \/>Imagine que voc\u00ea, num casamento ou qualquer outro evento, solte uma piada \u2014 e a mulher ao seu lado fa\u00e7a uma careta. O que isso significa? Ela achou que a piada foi engra\u00e7ada, insens\u00edvel ou simplesmente n\u00e3o entendeu direito? Em situa\u00e7\u00f5es como essa, a habilidade de ler express\u00f5es faciais \u00e9 importante, mesmo que sejam express\u00f5es breves. A forma como voc\u00ea l\u00ea uma express\u00e3o costuma determinar como ser\u00e1 sua rea\u00e7\u00e3o \u2014 e, muitas vezes, interpret\u00e1-la de maneira correta pode significar a diferen\u00e7a entre uma situa\u00e7\u00e3o social agrad\u00e1vel ou desagrad\u00e1vel. Momentos como esses contribuem para definir habilidade social, naturalidade em situa\u00e7\u00f5es sociais e autoconfian\u00e7a diante de outras pessoas.<\/p>\n<p>&nbsp;<\/p>\n<p><a href=\"https:\/\/neuroforma.com.br\/novo\/wp-content\/uploads\/2014\/07\/bhq-ex-face-to-face-01.png\"><img loading=\"lazy\" decoding=\"async\" class=\"alignright size-full wp-image-1533\" src=\"https:\/\/neuroforma.com.br\/novo\/wp-content\/uploads\/2014\/07\/bhq-ex-face-to-face-01.png\" alt=\"bhq-ex-face-to-face-01\" width=\"250\" height=\"171\" \/><\/a> <a href=\"https:\/\/neuroforma.com.br\/novo\/wp-content\/uploads\/2014\/07\/bhq-ex-face-to-face-02.jpg\"><br \/>\n<\/a>O exerc\u00edcio Cara a Cara visa exercitar a rede cognitiva social do seu c\u00e9rebro. Ele foi concebido para melhorar a forma como seu c\u00e9rebro processa informa\u00e7\u00f5es sociais, para que voc\u00ea interprete corretamente express\u00f5es faciais.<\/p>\n<p>&nbsp;<\/p>\n<p>Em Cara a Cara, um rosto \u00e9 exibido na tela rapidamente. Voc\u00ea decide qual express\u00e3o o rosto est\u00e1 demonstrando. Em seguida, v\u00e1rios rostos ser\u00e3o exibidos, e voc\u00ea dever\u00e1 escolher aquele que mostra a mesma express\u00e3o que o primeiro rosto. Por exemplo, se voc\u00ea acha que a primeira pessoa parece estar com raiva, escolha a pessoa que demonstra raiva entre os demais rostos.<\/p>\n<p>A dificuldade do exerc\u00edcio evolui das seguintes maneiras:<\/p>\n<p>&nbsp;<\/p>\n<ol>\n<li>S\u00e3o acrescentadas mais emo\u00e7\u00f5es \u2014 come\u00e7ando com 5, at\u00e9 11 emo\u00e7\u00f5es.<\/li>\n<li>A intensidade da express\u00e3o diminui. Por exemplo, nos n\u00edveis mais f\u00e1ceis, um rosto com express\u00e3o de felicidade parecer\u00e1 claramente feliz, mas, nos n\u00edveis mais dif\u00edceis, esse sentimento n\u00e3o estar\u00e1 t\u00e3o evidente.<\/li>\n<li>As op\u00e7\u00f5es de rostos a escolher aumentam de 3 at\u00e9 6.<\/li>\n<\/ol>\n<p>&nbsp;<\/p>\n<p>Uma pergunta costuma surgir entre quem faz o exerc\u00edcio Cara a Cara: como voc\u00eas designaram uma emo\u00e7\u00e3o para cada rosto? O processo correu assim:<\/p>\n<p>&nbsp;<\/p>\n<ul>\n<li>Pedimos que o ator demonstrasse uma determinada emo\u00e7\u00e3o.<\/li>\n<li>Pedimos que uma s\u00e9rie de pessoas \u2014 entre pesquisadores e cidad\u00e3os comuns \u2014 que classificassem as express\u00f5es. Se elas concordassem com a express\u00e3o demonstrada, a foto seguia no processo. Se achassem que a express\u00e3o era diferente do que foi pedido ao ator, a foto era eliminada.<\/li>\n<li>As fotos foram revisadas por um especialista em reconhecimento de express\u00f5es faciais.<\/li>\n<\/ul>\n<p>&nbsp;<\/p>\n<p><a href=\"https:\/\/neuroforma.com.br\/novo\/wp-content\/uploads\/2014\/07\/bhq-ex-face-to-face-02.jpg\"><br \/>\n<img loading=\"lazy\" decoding=\"async\" class=\"alignright\" src=\"https:\/\/neuroforma.com.br\/novo\/wp-content\/uploads\/2014\/07\/bhq-ex-face-to-face-02.jpg\" alt=\"bhq-ex-face-to-face-02\" width=\"250\" height=\"266\" \/><\/a>Apesar de todo o cuidado que tivemos nesse processo, pode acontecer que voc\u00ea discorde de alguma categoriza\u00e7\u00e3o em particular. Por exemplo, \u00e9 poss\u00edvel que voc\u00ea ache que um rosto classificado como \u201cneutro\u201d esteja demonstrando tristeza. Isso acontece \u00e0s vezes \u2014 e voc\u00ea n\u00e3o estar\u00e1 necessariamente errado (embora o exerc\u00edcio diga que voc\u00ea est\u00e1!). Voc\u00ea pode interpretar um rosto de forma diferente das outras pessoas. Tivemos que incluir express\u00f5es desafiadoras tamb\u00e9m. Se todas as express\u00f5es fossem muito evidentes, o exerc\u00edcio deixaria seu c\u00e9rebro relaxar, em vez de for\u00e7\u00e1-lo a perceber mais e mais nuances. Ainda que voc\u00ea n\u00e3o concorde com todas as classifica\u00e7\u00f5es, nossos cientistas escolheram express\u00f5es faciais que desafiam o sistema cognitivo social, levando-o a agu\u00e7ar a percep\u00e7\u00e3o.<\/p>\n<p>&nbsp;<\/p>\n<h3>Cara a Cara em poucas palavras<\/h3>\n<p>&nbsp;<\/p>\n<table border=\"1\" width=\"785\" cellspacing=\"0\" cellpadding=\"0\">\n<tbody>\n<tr>\n<td bgcolor=\"#999999\" width=\"147\"><strong>Tarefa<\/strong><\/td>\n<td bgcolor=\"#999999\" width=\"164\"><strong>Objetivo<\/strong><\/td>\n<td bgcolor=\"#999999\" width=\"218\"><strong>Evolu\u00e7\u00e3o <\/strong><\/td>\n<td bgcolor=\"#999999\" width=\"246\"><strong>Pontua\u00e7\u00e3o<\/strong><\/td>\n<\/tr>\n<tr>\n<td valign=\"top\" bgcolor=\"#CCCCCC\" width=\"147\" height=\"158\">Assistir a um rosto demonstrando uma express\u00e3o aparecer rapidamente na tela<\/td>\n<td valign=\"top\" bgcolor=\"#CCCCCC\" width=\"164\">Cogni\u00e7\u00e3o socialVelocidade de processamento visual<\/td>\n<td valign=\"top\" bgcolor=\"#CCCCCC\" width=\"218\">Mais emo\u00e7\u00f5es s\u00e3o adicionadasA intensidade da express\u00e3o diminuiS\u00e3o apresentadas mais op\u00e7\u00f5es de resposta<\/td>\n<td valign=\"top\" bgcolor=\"#CCCCCC\" width=\"246\">Os pontos s\u00e3o marcados em milissegundos. Conforme voc\u00ea melhorar, os rostos na tela piscar\u00e3o por menos milissegundos. Uma pontua\u00e7\u00e3o menor \u00e9 melhor!<\/td>\n<\/tr>\n<\/tbody>\n<\/table>\n","protected":false},"excerpt":{"rendered":"<p>Cara a Cara &nbsp; Imagine que voc\u00ea, num casamento ou qualquer outro evento, solte uma piada \u2014 e a mulher ao seu lado fa\u00e7a uma careta. O que isso significa? Ela achou que a piada foi engra\u00e7ada, insens\u00edvel ou simplesmente n\u00e3o entendeu direito? Em situa\u00e7\u00f5es como essa, a habilidade de ler express\u00f5es faciais \u00e9 importante, &hellip; <a href=\"https:\/\/neuroforma.com.br\/novo\/why-brainhq\/about-the-exercises\/cara-a-cara\" class=\"more-link\">Continue lendo <span class=\"screen-reader-text\">Cara a Cara<\/span> <span class=\"meta-nav\">&rarr;<\/span><\/a><\/p>\n","protected":false},"author":1,"featured_media":0,"parent":0,"menu_order":0,"comment_status":"closed","ping_status":"closed","template":"","meta":{"footnotes":""},"class_list":["post-1415","page","type-page","status-publish","hentry","repupress_customize_woocommerce_productom_class"],"yoast_head":"<!-- This site is optimized with the Yoast SEO plugin v26.9 - https:\/\/yoast.com\/product\/yoast-seo-wordpress\/ -->\n<title>Cara a Cara -<\/title>\n<meta name=\"robots\" content=\"index, follow, max-snippet:-1, max-image-preview:large, max-video-preview:-1\" \/>\n<link rel=\"canonical\" href=\"https:\/\/neuroforma.com.br\/novo\/why-brainhq\/about-the-exercises\/cara-a-cara\/\" \/>\n<meta property=\"og:locale\" content=\"pt_BR\" \/>\n<meta property=\"og:type\" content=\"article\" \/>\n<meta property=\"og:title\" content=\"Cara a Cara -\" \/>\n<meta property=\"og:description\" content=\"Cara a Cara &nbsp; Imagine que voc\u00ea, num casamento ou qualquer outro evento, solte uma piada \u2014 e a mulher ao seu lado fa\u00e7a uma careta. O que isso significa? Ela achou que a piada foi engra\u00e7ada, insens\u00edvel ou simplesmente n\u00e3o entendeu direito? Em situa\u00e7\u00f5es como essa, a habilidade de ler express\u00f5es faciais \u00e9 importante, &hellip; Continue lendo Cara a Cara &rarr;\" \/>\n<meta property=\"og:url\" content=\"https:\/\/neuroforma.com.br\/novo\/why-brainhq\/about-the-exercises\/cara-a-cara\/\" \/>\n<meta property=\"article:modified_time\" content=\"2017-10-10T21:17:50+00:00\" \/>\n<meta property=\"og:image\" content=\"https:\/\/neuroforma.com.br\/novo\/wp-content\/uploads\/2014\/01\/icon-face-to-face-lm.jpg\" \/>\n<meta name=\"twitter:label1\" content=\"Est. tempo de leitura\" \/>\n\t<meta name=\"twitter:data1\" content=\"3 minutos\" \/>\n<script type=\"application\/ld+json\" class=\"yoast-schema-graph\">{\"@context\":\"https:\/\/schema.org\",\"@graph\":[{\"@type\":\"WebPage\",\"@id\":\"https:\/\/neuroforma.com.br\/novo\/why-brainhq\/about-the-exercises\/cara-a-cara\/\",\"url\":\"https:\/\/neuroforma.com.br\/novo\/why-brainhq\/about-the-exercises\/cara-a-cara\/\",\"name\":\"Cara a Cara -\",\"isPartOf\":{\"@id\":\"https:\/\/neuroforma.com.br\/novo\/#website\"},\"primaryImageOfPage\":{\"@id\":\"https:\/\/neuroforma.com.br\/novo\/why-brainhq\/about-the-exercises\/cara-a-cara\/#primaryimage\"},\"image\":{\"@id\":\"https:\/\/neuroforma.com.br\/novo\/why-brainhq\/about-the-exercises\/cara-a-cara\/#primaryimage\"},\"thumbnailUrl\":\"https:\/\/neuroforma.com.br\/novo\/wp-content\/uploads\/2014\/01\/icon-face-to-face-lm.jpg\",\"datePublished\":\"2014-07-03T20:11:15+00:00\",\"dateModified\":\"2017-10-10T21:17:50+00:00\",\"breadcrumb\":{\"@id\":\"https:\/\/neuroforma.com.br\/novo\/why-brainhq\/about-the-exercises\/cara-a-cara\/#breadcrumb\"},\"inLanguage\":\"pt-BR\",\"potentialAction\":[{\"@type\":\"ReadAction\",\"target\":[\"https:\/\/neuroforma.com.br\/novo\/why-brainhq\/about-the-exercises\/cara-a-cara\/\"]}]},{\"@type\":\"ImageObject\",\"inLanguage\":\"pt-BR\",\"@id\":\"https:\/\/neuroforma.com.br\/novo\/why-brainhq\/about-the-exercises\/cara-a-cara\/#primaryimage\",\"url\":\"https:\/\/neuroforma.com.br\/novo\/wp-content\/uploads\/2014\/01\/icon-face-to-face-lm.jpg\",\"contentUrl\":\"https:\/\/neuroforma.com.br\/novo\/wp-content\/uploads\/2014\/01\/icon-face-to-face-lm.jpg\",\"width\":105,\"height\":115},{\"@type\":\"BreadcrumbList\",\"@id\":\"https:\/\/neuroforma.com.br\/novo\/why-brainhq\/about-the-exercises\/cara-a-cara\/#breadcrumb\",\"itemListElement\":[{\"@type\":\"ListItem\",\"position\":1,\"name\":\"Home\",\"item\":\"https:\/\/neuroforma.com.br\/novo\/\"},{\"@type\":\"ListItem\",\"position\":2,\"name\":\"Cara a Cara\"}]},{\"@type\":\"WebSite\",\"@id\":\"https:\/\/neuroforma.com.br\/novo\/#website\",\"url\":\"https:\/\/neuroforma.com.br\/novo\/\",\"name\":\"\",\"description\":\"\",\"potentialAction\":[{\"@type\":\"SearchAction\",\"target\":{\"@type\":\"EntryPoint\",\"urlTemplate\":\"https:\/\/neuroforma.com.br\/novo\/?s={search_term_string}\"},\"query-input\":{\"@type\":\"PropertyValueSpecification\",\"valueRequired\":true,\"valueName\":\"search_term_string\"}}],\"inLanguage\":\"pt-BR\"}]}<\/script>\n<!-- \/ Yoast SEO plugin. -->","yoast_head_json":{"title":"Cara a Cara -","robots":{"index":"index","follow":"follow","max-snippet":"max-snippet:-1","max-image-preview":"max-image-preview:large","max-video-preview":"max-video-preview:-1"},"canonical":"https:\/\/neuroforma.com.br\/novo\/why-brainhq\/about-the-exercises\/cara-a-cara\/","og_locale":"pt_BR","og_type":"article","og_title":"Cara a Cara -","og_description":"Cara a Cara &nbsp; Imagine que voc\u00ea, num casamento ou qualquer outro evento, solte uma piada \u2014 e a mulher ao seu lado fa\u00e7a uma careta. O que isso significa? Ela achou que a piada foi engra\u00e7ada, insens\u00edvel ou simplesmente n\u00e3o entendeu direito? Em situa\u00e7\u00f5es como essa, a habilidade de ler express\u00f5es faciais \u00e9 importante, &hellip; Continue lendo Cara a Cara &rarr;","og_url":"https:\/\/neuroforma.com.br\/novo\/why-brainhq\/about-the-exercises\/cara-a-cara\/","article_modified_time":"2017-10-10T21:17:50+00:00","og_image":[{"url":"https:\/\/neuroforma.com.br\/novo\/wp-content\/uploads\/2014\/01\/icon-face-to-face-lm.jpg","type":"","width":"","height":""}],"twitter_misc":{"Est. tempo de leitura":"3 minutos"},"schema":{"@context":"https:\/\/schema.org","@graph":[{"@type":"WebPage","@id":"https:\/\/neuroforma.com.br\/novo\/why-brainhq\/about-the-exercises\/cara-a-cara\/","url":"https:\/\/neuroforma.com.br\/novo\/why-brainhq\/about-the-exercises\/cara-a-cara\/","name":"Cara a Cara -","isPartOf":{"@id":"https:\/\/neuroforma.com.br\/novo\/#website"},"primaryImageOfPage":{"@id":"https:\/\/neuroforma.com.br\/novo\/why-brainhq\/about-the-exercises\/cara-a-cara\/#primaryimage"},"image":{"@id":"https:\/\/neuroforma.com.br\/novo\/why-brainhq\/about-the-exercises\/cara-a-cara\/#primaryimage"},"thumbnailUrl":"https:\/\/neuroforma.com.br\/novo\/wp-content\/uploads\/2014\/01\/icon-face-to-face-lm.jpg","datePublished":"2014-07-03T20:11:15+00:00","dateModified":"2017-10-10T21:17:50+00:00","breadcrumb":{"@id":"https:\/\/neuroforma.com.br\/novo\/why-brainhq\/about-the-exercises\/cara-a-cara\/#breadcrumb"},"inLanguage":"pt-BR","potentialAction":[{"@type":"ReadAction","target":["https:\/\/neuroforma.com.br\/novo\/why-brainhq\/about-the-exercises\/cara-a-cara\/"]}]},{"@type":"ImageObject","inLanguage":"pt-BR","@id":"https:\/\/neuroforma.com.br\/novo\/why-brainhq\/about-the-exercises\/cara-a-cara\/#primaryimage","url":"https:\/\/neuroforma.com.br\/novo\/wp-content\/uploads\/2014\/01\/icon-face-to-face-lm.jpg","contentUrl":"https:\/\/neuroforma.com.br\/novo\/wp-content\/uploads\/2014\/01\/icon-face-to-face-lm.jpg","width":105,"height":115},{"@type":"BreadcrumbList","@id":"https:\/\/neuroforma.com.br\/novo\/why-brainhq\/about-the-exercises\/cara-a-cara\/#breadcrumb","itemListElement":[{"@type":"ListItem","position":1,"name":"Home","item":"https:\/\/neuroforma.com.br\/novo\/"},{"@type":"ListItem","position":2,"name":"Cara a Cara"}]},{"@type":"WebSite","@id":"https:\/\/neuroforma.com.br\/novo\/#website","url":"https:\/\/neuroforma.com.br\/novo\/","name":"","description":"","potentialAction":[{"@type":"SearchAction","target":{"@type":"EntryPoint","urlTemplate":"https:\/\/neuroforma.com.br\/novo\/?s={search_term_string}"},"query-input":{"@type":"PropertyValueSpecification","valueRequired":true,"valueName":"search_term_string"}}],"inLanguage":"pt-BR"}]}},"_links":{"self":[{"href":"https:\/\/neuroforma.com.br\/novo\/wp-json\/wp\/v2\/pages\/1415","targetHints":{"allow":["GET"]}}],"collection":[{"href":"https:\/\/neuroforma.com.br\/novo\/wp-json\/wp\/v2\/pages"}],"about":[{"href":"https:\/\/neuroforma.com.br\/novo\/wp-json\/wp\/v2\/types\/page"}],"author":[{"embeddable":true,"href":"https:\/\/neuroforma.com.br\/novo\/wp-json\/wp\/v2\/users\/1"}],"replies":[{"embeddable":true,"href":"https:\/\/neuroforma.com.br\/novo\/wp-json\/wp\/v2\/comments?post=1415"}],"version-history":[{"count":9,"href":"https:\/\/neuroforma.com.br\/novo\/wp-json\/wp\/v2\/pages\/1415\/revisions"}],"predecessor-version":[{"id":4491,"href":"https:\/\/neuroforma.com.br\/novo\/wp-json\/wp\/v2\/pages\/1415\/revisions\/4491"}],"wp:attachment":[{"href":"https:\/\/neuroforma.com.br\/novo\/wp-json\/wp\/v2\/media?parent=1415"}],"curies":[{"name":"wp","href":"https:\/\/api.w.org\/{rel}","templated":true}]}}