{"id":1390,"date":"2014-07-03T18:56:08","date_gmt":"2014-07-03T18:56:08","guid":{"rendered":"https:\/\/neuroforma.com.br\/novo\/?page_id=1390"},"modified":"2017-05-02T20:12:55","modified_gmt":"2017-05-02T20:12:55","slug":"olho-de-aguia","status":"publish","type":"page","link":"https:\/\/neuroforma.com.br\/novo\/why-brainhq\/about-the-exercises\/olho-de-aguia","title":{"rendered":"Olho de \u00c1guia"},"content":{"rendered":"<h1>Olho de \u00c1guia<\/h1>\n<a href=\"https:\/\/br.brainhq.com\/#ex-select\/brain_speed\" class=\"su-button su-button-style-flat\" style=\"color:#FFFFFF;background-color:#144d8d;border-color:#103e71;border-radius:5px\" target=\"_blank\" rel=\"noopener noreferrer\"><span style=\"color:#FFFFFF;padding:0px 34px;font-size:25px;line-height:50px;border-color:#5b83b0;border-radius:5px;text-shadow:none\"> Pratique Agora!<\/span><\/a>\n<p><img loading=\"lazy\" decoding=\"async\" class=\"alignleft size-full wp-image-1232\" alt=\"icon-hawk-eye-lm\" src=\"https:\/\/neuroforma.com.br\/novo\/wp-content\/uploads\/2014\/01\/icon-hawk-eye-lm.jpg\" width=\"105\" height=\"115\" \/>Imagine que voc\u00ea tenha testemunhado o roubo de uma bolsa e tenha que descrever o ladr\u00e3o para a pol\u00edcia. Voc\u00ea viu o criminoso muito rapidamente, e \u00e9 poss\u00edvel que tenha visto outras pessoas tamb\u00e9m. Voc\u00ea se lembraria do ladr\u00e3o em detalhes?<\/p>\n<p>&nbsp;<\/p>\n<p>Vamos ser sinceros: provavelmente, n\u00e3o muito bem. Se houvesse na cena algo incomum e marcante \u2014 se, por exemplo, o ladr\u00e3o de bolsa estivesse numa lanchonete e vestido de smoking \u2014, voc\u00ea se lembraria com mais facilidade. Mas se ele n\u00e3o se destacasse das outras pessoas na rua (se estivesse vestindo o mesmo smoking, s\u00f3 que num evento de gala), seria mais dif\u00edcil se lembrar de algo para diferenci\u00e1-lo dos demais transeuntes.<\/p>\n<p>&nbsp;<\/p>\n<p><a href=\"https:\/\/neuroforma.com.br\/novo\/wp-content\/uploads\/2014\/07\/bhq-ex-hawk-eye-03-br.jpg\"><br \/>\n<\/a> <a href=\"https:\/\/neuroforma.com.br\/novo\/wp-content\/uploads\/2014\/07\/bhq-ex-hawk-eye-01-br.jpg\"><img loading=\"lazy\" decoding=\"async\" class=\"alignright size-full wp-image-1522\" alt=\"bhq-ex-hawk-eye-01-br\" src=\"https:\/\/neuroforma.com.br\/novo\/wp-content\/uploads\/2014\/07\/bhq-ex-hawk-eye-01-br.jpg\" width=\"350\" height=\"148\" srcset=\"https:\/\/neuroforma.com.br\/novo\/wp-content\/uploads\/2014\/07\/bhq-ex-hawk-eye-01-br.jpg 350w, https:\/\/neuroforma.com.br\/novo\/wp-content\/uploads\/2014\/07\/bhq-ex-hawk-eye-01-br-300x126.jpg 300w\" sizes=\"auto, (max-width: 350px) 100vw, 350px\" \/><\/a> <a href=\"https:\/\/neuroforma.com.br\/novo\/wp-content\/uploads\/2014\/07\/bhq-ex-hawk-eye-02-br.jpg\"><br \/>\n<\/a>Em situa\u00e7\u00f5es em que \u00e9 necess\u00e1rio perceber detalhes visuais sutis com rapidez, o Olho de \u00c1guia pode ajudar. Esses exerc\u00edcios trabalham a precis\u00e3o visual, o que ajuda o c\u00e9rebro a perceber o que se v\u00ea de forma mais r\u00e1pida e correta, para que voc\u00ea possa se lembrar dessas informa\u00e7\u00f5es melhor. A precis\u00e3o visual \u00e9 o que permite recuperar detalhes do que se v\u00ea em um filme, um casamento, ao procurar um apartamento, ao observar p\u00e1ssaros e em qualquer lugar que voc\u00ea v\u00e1. Se voc\u00ea se lembrar desses detalhes com precis\u00e3o, poder\u00e1 conversar sobre eles posteriormente e agir de acordo com essas informa\u00e7\u00f5es.<\/p>\n<p>&nbsp;<\/p>\n<p><a href=\"https:\/\/neuroforma.com.br\/novo\/wp-content\/uploads\/2014\/07\/bhq-ex-hawk-eye-02-br.jpg\"><img loading=\"lazy\" decoding=\"async\" class=\"alignright\" alt=\"bhq-ex-hawk-eye-02-br\" src=\"https:\/\/neuroforma.com.br\/novo\/wp-content\/uploads\/2014\/07\/bhq-ex-hawk-eye-02-br.jpg\" width=\"350\" height=\"148\" \/><\/a>Por exemplo: digamos que voc\u00ea e sua esposa passem o dia visitando dez casas \u00e0 venda. \u00c0 noite, sua esposa lhe diz que gostou muito da janela da porta de entrada da casa da rua tal. Voc\u00ea consegue saber do que ela est\u00e1 falando? Voc\u00ea reparou na porta \u2014 e consegue diferenci\u00e1-la das outras nove \u2014 de forma a se lembrar dos detalhes e conversar sobre ela? Ao aprimorar sua precis\u00e3o visual, voc\u00ea estar\u00e1 preparado para situa\u00e7\u00f5es como essa, e poder\u00e1 se sentir mais alerta e pronto para agir de modo geral.<\/p>\n<p>&nbsp;<\/p>\n<p><a href=\"https:\/\/neuroforma.com.br\/novo\/wp-content\/uploads\/2014\/07\/bhq-ex-hawk-eye-03-br.jpg\"><br \/>\n<\/a>Esses exerc\u00edcios para acelerar o c\u00e9rebro contribuem para a precis\u00e3o visual, pedindo que voc\u00ea localize p\u00e1ssaros espec\u00edficos no seu campo de vis\u00e3o perif\u00e9rica, mesmo que eles sejam exibidos por pouco tempo. De in\u00edcio, os p\u00e1ssaros s\u00e3o bastante distingu\u00edveis entre si, aparecem perto um dos outros e sobre um plano de fundo simples.<\/p>\n<p><a href=\"https:\/\/neuroforma.com.br\/novo\/wp-content\/uploads\/2014\/07\/bhq-ex-hawk-eye-03-br.jpg\"><img loading=\"lazy\" decoding=\"async\" class=\"alignright\" alt=\"bhq-ex-hawk-eye-03-br\" src=\"https:\/\/neuroforma.com.br\/novo\/wp-content\/uploads\/2014\/07\/bhq-ex-hawk-eye-03-br.jpg\" width=\"350\" height=\"146\" \/><\/a><\/p>\n<p>Quando voc\u00ea sobe de n\u00edvel, o exerc\u00edcio muda em tr\u00eas aspectos:<\/p>\n<p>&nbsp;<\/p>\n<ul>\n<li>Os pares de p\u00e1ssaros ficam mais parecidos, desafiando o c\u00e9rebro a fazer distin\u00e7\u00f5es mais sutis.<\/li>\n<li>Os p\u00e1ssaros ficam mais espalhados, for\u00e7ando seu c\u00e9rebro a ver detalhes mais afastados do centro da sua aten\u00e7\u00e3o visual.<\/li>\n<li>O plano de fundo fica mais complexo, incentivando seu c\u00e9rebro a identificar detalhes sutis, mesmo quando o plano de fundo interfere na percep\u00e7\u00e3o.<\/li>\n<\/ul>\n<p>&nbsp;<\/p>\n<p>Os pares de p\u00e1ssaros, a localiza\u00e7\u00e3o e os planos de fundo variam conforme os n\u00edveis do exerc\u00edcio, e o tempo de exibi\u00e7\u00e3o dos p\u00e1ssaros varia conforme o seu desempenho. Quanto melhor o desempenho, menor ser\u00e1 o tempo de exibi\u00e7\u00e3o dos p\u00e1ssaros na tela.<\/p>\n<p>&nbsp;<\/p>\n<p>Domine este exerc\u00edcio e, na pr\u00f3xima vez em que a pol\u00edcia pedir a descri\u00e7\u00e3o de um ladr\u00e3o de bolsa, voc\u00ea saber\u00e1 exatamente o que viu!<\/p>\n<p>&nbsp;<\/p>\n<table width=\"807\" border=\"1\" cellspacing=\"0\" cellpadding=\"0\">\n<tbody>\n<tr>\n<td bgcolor=\"#999999\" width=\"174\"><strong>Tarefa<\/strong><\/td>\n<td bgcolor=\"#999999\" width=\"211\"><strong>Objetivo<\/strong><\/td>\n<td bgcolor=\"#999999\" width=\"208\"><strong>Evolu\u00e7\u00e3o <\/strong><\/td>\n<td bgcolor=\"#999999\" width=\"204\"><strong>Pontua\u00e7\u00e3o<\/strong><\/td>\n<\/tr>\n<tr>\n<td valign=\"top\" bgcolor=\"#CCCCCC\" width=\"174\" height=\"173\">Identifique o p\u00e1ssaro que \u00e9 diferente dos outros, enquanto ele pisca na tela<\/td>\n<td valign=\"top\" bgcolor=\"#CCCCCC\" width=\"211\">Precis\u00e3o e velocidade visual<\/td>\n<td valign=\"top\" bgcolor=\"#CCCCCC\" width=\"208\">Os pares de p\u00e1ssaros ficam mais parecidosOs planos de fundo ficam mais complexosDist\u00e2ncia do centro aumenta<\/td>\n<td valign=\"top\" bgcolor=\"#CCCCCC\" width=\"204\">Os pontos s\u00e3o marcados em milissegundos. Conforme seu desempenho melhora, os p\u00e1ssaros piscam por menos milissegundos, marcando uma pontua\u00e7\u00e3o menor (melhor)<\/td>\n<\/tr>\n<\/tbody>\n<\/table>\n","protected":false},"excerpt":{"rendered":"<p>Olho de \u00c1guia Imagine que voc\u00ea tenha testemunhado o roubo de uma bolsa e tenha que descrever o ladr\u00e3o para a pol\u00edcia. Voc\u00ea viu o criminoso muito rapidamente, e \u00e9 poss\u00edvel que tenha visto outras pessoas tamb\u00e9m. Voc\u00ea se lembraria do ladr\u00e3o em detalhes? &nbsp; Vamos ser sinceros: provavelmente, n\u00e3o muito bem. Se houvesse na &hellip; <a href=\"https:\/\/neuroforma.com.br\/novo\/why-brainhq\/about-the-exercises\/olho-de-aguia\" class=\"more-link\">Continue lendo <span class=\"screen-reader-text\">Olho de \u00c1guia<\/span> <span class=\"meta-nav\">&rarr;<\/span><\/a><\/p>\n","protected":false},"author":1,"featured_media":0,"parent":0,"menu_order":0,"comment_status":"closed","ping_status":"closed","template":"","meta":{"footnotes":""},"class_list":["post-1390","page","type-page","status-publish","hentry","repupress_customize_woocommerce_productom_class"],"yoast_head":"<!-- This site is optimized with the Yoast SEO plugin v26.9 - https:\/\/yoast.com\/product\/yoast-seo-wordpress\/ -->\n<title>Olho de \u00c1guia -<\/title>\n<meta name=\"robots\" content=\"index, follow, max-snippet:-1, max-image-preview:large, max-video-preview:-1\" \/>\n<link rel=\"canonical\" href=\"https:\/\/neuroforma.com.br\/novo\/why-brainhq\/about-the-exercises\/olho-de-aguia\/\" \/>\n<meta property=\"og:locale\" content=\"pt_BR\" \/>\n<meta property=\"og:type\" content=\"article\" \/>\n<meta property=\"og:title\" content=\"Olho de \u00c1guia -\" \/>\n<meta property=\"og:description\" content=\"Olho de \u00c1guia Imagine que voc\u00ea tenha testemunhado o roubo de uma bolsa e tenha que descrever o ladr\u00e3o para a pol\u00edcia. Voc\u00ea viu o criminoso muito rapidamente, e \u00e9 poss\u00edvel que tenha visto outras pessoas tamb\u00e9m. Voc\u00ea se lembraria do ladr\u00e3o em detalhes? &nbsp; Vamos ser sinceros: provavelmente, n\u00e3o muito bem. Se houvesse na &hellip; Continue lendo Olho de \u00c1guia &rarr;\" \/>\n<meta property=\"og:url\" content=\"https:\/\/neuroforma.com.br\/novo\/why-brainhq\/about-the-exercises\/olho-de-aguia\/\" \/>\n<meta property=\"article:modified_time\" content=\"2017-05-02T20:12:55+00:00\" \/>\n<meta property=\"og:image\" content=\"https:\/\/neuroforma.com.br\/novo\/wp-content\/uploads\/2014\/01\/icon-hawk-eye-lm.jpg\" \/>\n<meta name=\"twitter:label1\" content=\"Est. tempo de leitura\" \/>\n\t<meta name=\"twitter:data1\" content=\"3 minutos\" \/>\n<script type=\"application\/ld+json\" class=\"yoast-schema-graph\">{\"@context\":\"https:\/\/schema.org\",\"@graph\":[{\"@type\":\"WebPage\",\"@id\":\"https:\/\/neuroforma.com.br\/novo\/why-brainhq\/about-the-exercises\/olho-de-aguia\/\",\"url\":\"https:\/\/neuroforma.com.br\/novo\/why-brainhq\/about-the-exercises\/olho-de-aguia\/\",\"name\":\"Olho de \u00c1guia -\",\"isPartOf\":{\"@id\":\"https:\/\/neuroforma.com.br\/novo\/#website\"},\"primaryImageOfPage\":{\"@id\":\"https:\/\/neuroforma.com.br\/novo\/why-brainhq\/about-the-exercises\/olho-de-aguia\/#primaryimage\"},\"image\":{\"@id\":\"https:\/\/neuroforma.com.br\/novo\/why-brainhq\/about-the-exercises\/olho-de-aguia\/#primaryimage\"},\"thumbnailUrl\":\"https:\/\/neuroforma.com.br\/novo\/wp-content\/uploads\/2014\/01\/icon-hawk-eye-lm.jpg\",\"datePublished\":\"2014-07-03T18:56:08+00:00\",\"dateModified\":\"2017-05-02T20:12:55+00:00\",\"breadcrumb\":{\"@id\":\"https:\/\/neuroforma.com.br\/novo\/why-brainhq\/about-the-exercises\/olho-de-aguia\/#breadcrumb\"},\"inLanguage\":\"pt-BR\",\"potentialAction\":[{\"@type\":\"ReadAction\",\"target\":[\"https:\/\/neuroforma.com.br\/novo\/why-brainhq\/about-the-exercises\/olho-de-aguia\/\"]}]},{\"@type\":\"ImageObject\",\"inLanguage\":\"pt-BR\",\"@id\":\"https:\/\/neuroforma.com.br\/novo\/why-brainhq\/about-the-exercises\/olho-de-aguia\/#primaryimage\",\"url\":\"https:\/\/neuroforma.com.br\/novo\/wp-content\/uploads\/2014\/01\/icon-hawk-eye-lm.jpg\",\"contentUrl\":\"https:\/\/neuroforma.com.br\/novo\/wp-content\/uploads\/2014\/01\/icon-hawk-eye-lm.jpg\",\"width\":105,\"height\":115},{\"@type\":\"BreadcrumbList\",\"@id\":\"https:\/\/neuroforma.com.br\/novo\/why-brainhq\/about-the-exercises\/olho-de-aguia\/#breadcrumb\",\"itemListElement\":[{\"@type\":\"ListItem\",\"position\":1,\"name\":\"Home\",\"item\":\"https:\/\/neuroforma.com.br\/novo\/\"},{\"@type\":\"ListItem\",\"position\":2,\"name\":\"Olho de \u00c1guia\"}]},{\"@type\":\"WebSite\",\"@id\":\"https:\/\/neuroforma.com.br\/novo\/#website\",\"url\":\"https:\/\/neuroforma.com.br\/novo\/\",\"name\":\"\",\"description\":\"\",\"potentialAction\":[{\"@type\":\"SearchAction\",\"target\":{\"@type\":\"EntryPoint\",\"urlTemplate\":\"https:\/\/neuroforma.com.br\/novo\/?s={search_term_string}\"},\"query-input\":{\"@type\":\"PropertyValueSpecification\",\"valueRequired\":true,\"valueName\":\"search_term_string\"}}],\"inLanguage\":\"pt-BR\"}]}<\/script>\n<!-- \/ Yoast SEO plugin. -->","yoast_head_json":{"title":"Olho de \u00c1guia -","robots":{"index":"index","follow":"follow","max-snippet":"max-snippet:-1","max-image-preview":"max-image-preview:large","max-video-preview":"max-video-preview:-1"},"canonical":"https:\/\/neuroforma.com.br\/novo\/why-brainhq\/about-the-exercises\/olho-de-aguia\/","og_locale":"pt_BR","og_type":"article","og_title":"Olho de \u00c1guia -","og_description":"Olho de \u00c1guia Imagine que voc\u00ea tenha testemunhado o roubo de uma bolsa e tenha que descrever o ladr\u00e3o para a pol\u00edcia. Voc\u00ea viu o criminoso muito rapidamente, e \u00e9 poss\u00edvel que tenha visto outras pessoas tamb\u00e9m. Voc\u00ea se lembraria do ladr\u00e3o em detalhes? &nbsp; Vamos ser sinceros: provavelmente, n\u00e3o muito bem. Se houvesse na &hellip; Continue lendo Olho de \u00c1guia &rarr;","og_url":"https:\/\/neuroforma.com.br\/novo\/why-brainhq\/about-the-exercises\/olho-de-aguia\/","article_modified_time":"2017-05-02T20:12:55+00:00","og_image":[{"url":"https:\/\/neuroforma.com.br\/novo\/wp-content\/uploads\/2014\/01\/icon-hawk-eye-lm.jpg","type":"","width":"","height":""}],"twitter_misc":{"Est. tempo de leitura":"3 minutos"},"schema":{"@context":"https:\/\/schema.org","@graph":[{"@type":"WebPage","@id":"https:\/\/neuroforma.com.br\/novo\/why-brainhq\/about-the-exercises\/olho-de-aguia\/","url":"https:\/\/neuroforma.com.br\/novo\/why-brainhq\/about-the-exercises\/olho-de-aguia\/","name":"Olho de \u00c1guia -","isPartOf":{"@id":"https:\/\/neuroforma.com.br\/novo\/#website"},"primaryImageOfPage":{"@id":"https:\/\/neuroforma.com.br\/novo\/why-brainhq\/about-the-exercises\/olho-de-aguia\/#primaryimage"},"image":{"@id":"https:\/\/neuroforma.com.br\/novo\/why-brainhq\/about-the-exercises\/olho-de-aguia\/#primaryimage"},"thumbnailUrl":"https:\/\/neuroforma.com.br\/novo\/wp-content\/uploads\/2014\/01\/icon-hawk-eye-lm.jpg","datePublished":"2014-07-03T18:56:08+00:00","dateModified":"2017-05-02T20:12:55+00:00","breadcrumb":{"@id":"https:\/\/neuroforma.com.br\/novo\/why-brainhq\/about-the-exercises\/olho-de-aguia\/#breadcrumb"},"inLanguage":"pt-BR","potentialAction":[{"@type":"ReadAction","target":["https:\/\/neuroforma.com.br\/novo\/why-brainhq\/about-the-exercises\/olho-de-aguia\/"]}]},{"@type":"ImageObject","inLanguage":"pt-BR","@id":"https:\/\/neuroforma.com.br\/novo\/why-brainhq\/about-the-exercises\/olho-de-aguia\/#primaryimage","url":"https:\/\/neuroforma.com.br\/novo\/wp-content\/uploads\/2014\/01\/icon-hawk-eye-lm.jpg","contentUrl":"https:\/\/neuroforma.com.br\/novo\/wp-content\/uploads\/2014\/01\/icon-hawk-eye-lm.jpg","width":105,"height":115},{"@type":"BreadcrumbList","@id":"https:\/\/neuroforma.com.br\/novo\/why-brainhq\/about-the-exercises\/olho-de-aguia\/#breadcrumb","itemListElement":[{"@type":"ListItem","position":1,"name":"Home","item":"https:\/\/neuroforma.com.br\/novo\/"},{"@type":"ListItem","position":2,"name":"Olho de \u00c1guia"}]},{"@type":"WebSite","@id":"https:\/\/neuroforma.com.br\/novo\/#website","url":"https:\/\/neuroforma.com.br\/novo\/","name":"","description":"","potentialAction":[{"@type":"SearchAction","target":{"@type":"EntryPoint","urlTemplate":"https:\/\/neuroforma.com.br\/novo\/?s={search_term_string}"},"query-input":{"@type":"PropertyValueSpecification","valueRequired":true,"valueName":"search_term_string"}}],"inLanguage":"pt-BR"}]}},"_links":{"self":[{"href":"https:\/\/neuroforma.com.br\/novo\/wp-json\/wp\/v2\/pages\/1390","targetHints":{"allow":["GET"]}}],"collection":[{"href":"https:\/\/neuroforma.com.br\/novo\/wp-json\/wp\/v2\/pages"}],"about":[{"href":"https:\/\/neuroforma.com.br\/novo\/wp-json\/wp\/v2\/types\/page"}],"author":[{"embeddable":true,"href":"https:\/\/neuroforma.com.br\/novo\/wp-json\/wp\/v2\/users\/1"}],"replies":[{"embeddable":true,"href":"https:\/\/neuroforma.com.br\/novo\/wp-json\/wp\/v2\/comments?post=1390"}],"version-history":[{"count":10,"href":"https:\/\/neuroforma.com.br\/novo\/wp-json\/wp\/v2\/pages\/1390\/revisions"}],"predecessor-version":[{"id":4124,"href":"https:\/\/neuroforma.com.br\/novo\/wp-json\/wp\/v2\/pages\/1390\/revisions\/4124"}],"wp:attachment":[{"href":"https:\/\/neuroforma.com.br\/novo\/wp-json\/wp\/v2\/media?parent=1390"}],"curies":[{"name":"wp","href":"https:\/\/api.w.org\/{rel}","templated":true}]}}