{"id":1379,"date":"2014-07-03T18:21:42","date_gmt":"2014-07-03T18:21:42","guid":{"rendered":"https:\/\/neuroforma.com.br\/novo\/?page_id=1379"},"modified":"2017-05-02T20:15:40","modified_gmt":"2017-05-02T20:15:40","slug":"foco-nos-detalhes","status":"publish","type":"page","link":"https:\/\/neuroforma.com.br\/novo\/why-brainhq\/about-the-exercises\/foco-nos-detalhes","title":{"rendered":"Foco nos Detalhes"},"content":{"rendered":"<h1>Foco nos Detalhes<\/h1>\n<a href=\"https:\/\/br.brainhq.com\/#ex-select\/brain_speed\" class=\"su-button su-button-style-flat\" style=\"color:#FFFFFF;background-color:#144d8d;border-color:#103e71;border-radius:5px\" target=\"_blank\" rel=\"noopener noreferrer\"><span style=\"color:#FFFFFF;padding:0px 34px;font-size:25px;line-height:50px;border-color:#5b83b0;border-radius:5px;text-shadow:none\"> Pratique Agora!<\/span><\/a>\n<p><a href=\"https:\/\/neuroforma.com.br\/novo\/wp-content\/uploads\/2014\/01\/icon-eye-for-detail-lm.jpg\"><img loading=\"lazy\" decoding=\"async\" class=\"alignleft size-full wp-image-1227\" src=\"https:\/\/neuroforma.com.br\/novo\/wp-content\/uploads\/2014\/01\/icon-eye-for-detail-lm.jpg\" alt=\"icon-eye-for-detail-lm\" width=\"105\" height=\"115\" \/><\/a>Digamos que voc\u00ea esteja no carro, dirigindo para a casa de um amigo. \u00c9 a primeira vez que voc\u00ea vai l\u00e1. Ao atravessar a cidade, \u00e9 preciso acompanhar o tr\u00e1fego de carros, os pedestres e outros riscos normais do tr\u00e2nsito \u2014 ao mesmo tempo em que procura placas com nomes de ruas e a numera\u00e7\u00e3o das casas.<\/p>\n<p>&nbsp;<\/p>\n<p>Para fazer isso e continuar em seguran\u00e7a, seus olhos t\u00eam que se mover em v\u00e1rias dire\u00e7\u00f5es rapidamente. Esses movimentos oculares r\u00e1pidos s\u00e3o chamados de \u201csacadas\u201d. A cada sacada, \u00e9 preciso coletar informa\u00e7\u00f5es em poucos milissegundos \u2014 o nome da rua, o limite do meio-fio, se a numera\u00e7\u00e3o \u00e9 par ou \u00e9 impar.<\/p>\n<p>&nbsp;<\/p>\n<p>Infelizmente, a velocidade e a precis\u00e3o das sacadas decrescem devido \u00e0 idade e a certos dist\u00farbios cognitivos. Al\u00e9m disso, a habilidade de extrair informa\u00e7\u00f5es de forma confi\u00e1vel e r\u00e1pida a cada vez que se fixa o olhar diminui substancialmente. Isso significa que fica mais dif\u00edcil ver tudo que \u00e9 necess\u00e1rio em situa\u00e7\u00f5es como essa. Consequentemente, \u00e9 poss\u00edvel que voc\u00ea perca a rua onde deveria entrar, ou que dirija de forma menos segura quando dedicar muita aten\u00e7\u00e3o \u00e0 numera\u00e7\u00e3o das casas e menos ao tr\u00e2nsito. Resultado: menos confian\u00e7a ao ir a lugares novos.<\/p>\n<p>&nbsp;<\/p>\n<p><img loading=\"lazy\" decoding=\"async\" class=\"alignright size-full wp-image-1517\" src=\"https:\/\/neuroforma.com.br\/novo\/wp-content\/uploads\/2014\/07\/bhq-ex-eye-for-detail-01-br.jpg\" alt=\"bhq-ex-eye-for-detail-01-br\" width=\"343\" height=\"406\" srcset=\"https:\/\/neuroforma.com.br\/novo\/wp-content\/uploads\/2014\/07\/bhq-ex-eye-for-detail-01-br.jpg 343w, https:\/\/neuroforma.com.br\/novo\/wp-content\/uploads\/2014\/07\/bhq-ex-eye-for-detail-01-br-253x300.jpg 253w\" sizes=\"auto, (max-width: 343px) 100vw, 343px\" \/>O exerc\u00edcio Foco nos Detalhes aumenta sua habilidade de fazer sacadas com rapidez e perceber detalhes sutis a cada uma.<\/p>\n<p>&nbsp;<\/p>\n<p>Nesse exerc\u00edcio, s\u00e9ries de 3 a 5 imagens s\u00e3o exibidas brevemente, uma de cada vez, em diferentes posi\u00e7\u00f5es da tela. Entre essas imagens, algumas s\u00e3o exatamente iguais, e outras s\u00e3o apenas parecidas. Sua tarefa \u00e9 identificar onde as imagens id\u00eanticas apareceram. Conforme voc\u00ea avan\u00e7ar, as imagens piscar\u00e3o mais rapidamente.<\/p>\n<p>&nbsp;<\/p>\n<p>Quando voc\u00ea progride nos\u00a0n\u00edveis, o exerc\u00edcio muda em tr\u00eas aspectos b\u00e1sicos:<\/p>\n<p>&nbsp;<\/p>\n<ul>\n<li>As imagens ficam mais parecidas.<\/li>\n<li>As imagens ficam mais espalhadas, for\u00e7ando seu c\u00e9rebro a movimentar os olhos por uma \u00e1rea maior.<\/li>\n<li>O exerc\u00edcio varia de 3 para 5 imagens.<\/li>\n<\/ul>\n<p>&nbsp;<\/p>\n<p>Ao acumular pr\u00e1tica em processar o que v\u00ea com sacadas r\u00e1pidas, voc\u00ea poder\u00e1 se sentir mais tranquilo e confiante em situa\u00e7\u00f5es como as que mencionamos acima. Dirigir com cuidado enquanto procura um endere\u00e7o desconhecido? Sem problemas!<\/p>\n<p>&nbsp;<\/p>\n<h3>Foco nos Detalhes em poucas palavras<\/h3>\n<p>&nbsp;<\/p>\n<table style=\"height: 413px;\" border=\"1\" width=\"881\" cellspacing=\"0\" cellpadding=\"0\">\n<tbody>\n<tr>\n<td bgcolor=\"#999999\" width=\"186\"><strong>Tarefa<\/strong><\/td>\n<td bgcolor=\"#999999\" width=\"225\"><strong>Objetivo<\/strong><\/td>\n<td bgcolor=\"#999999\" width=\"241\"><strong>Evolu\u00e7\u00e3o <\/strong><\/td>\n<td bgcolor=\"#999999\" width=\"200\"><strong>Pontua\u00e7\u00e3o<\/strong><\/td>\n<\/tr>\n<tr>\n<td valign=\"top\" bgcolor=\"#CCCCCC\" width=\"186\">Observar 3 ou 5 imagens que aparecerem em diferentes posi\u00e7\u00f5es na tela<\/p>\n<p>&nbsp;<\/p>\n<p>&nbsp;<\/p>\n<p>&nbsp;<\/p>\n<p>&nbsp;<\/p>\n<p>&nbsp;<\/td>\n<td valign=\"top\" bgcolor=\"#CCCCCC\" width=\"225\">Velocidade de processamento visual<\/p>\n<p>Mem\u00f3ria de trabalho visual<\/td>\n<td valign=\"top\" bgcolor=\"#CCCCCC\" width=\"241\">As imagens mudam, ficando mais parecidas<\/p>\n<p>As imagens s\u00e3o exibidas em uma \u00e1rea maior da tela<\/p>\n<p>O exerc\u00edcio come\u00e7a exibindo 3 imagens e passa a exibir 5 imagens<\/td>\n<td valign=\"top\" bgcolor=\"#CCCCCC\" width=\"200\">Os pontos s\u00e3o marcados em milissegundos.<\/p>\n<p>Conforme voc\u00ea melhorar, as imagens na tela piscar\u00e3o por menos milissegundos.<\/td>\n<\/tr>\n<\/tbody>\n<\/table>\n","protected":false},"excerpt":{"rendered":"<p>Foco nos Detalhes Digamos que voc\u00ea esteja no carro, dirigindo para a casa de um amigo. \u00c9 a primeira vez que voc\u00ea vai l\u00e1. Ao atravessar a cidade, \u00e9 preciso acompanhar o tr\u00e1fego de carros, os pedestres e outros riscos normais do tr\u00e2nsito \u2014 ao mesmo tempo em que procura placas com nomes de ruas &hellip; <a href=\"https:\/\/neuroforma.com.br\/novo\/why-brainhq\/about-the-exercises\/foco-nos-detalhes\" class=\"more-link\">Continue lendo <span class=\"screen-reader-text\">Foco nos Detalhes<\/span> <span class=\"meta-nav\">&rarr;<\/span><\/a><\/p>\n","protected":false},"author":1,"featured_media":0,"parent":0,"menu_order":0,"comment_status":"closed","ping_status":"closed","template":"","meta":{"footnotes":""},"class_list":["post-1379","page","type-page","status-publish","hentry","repupress_customize_woocommerce_productom_class"],"yoast_head":"<!-- This site is optimized with the Yoast SEO plugin v26.9 - https:\/\/yoast.com\/product\/yoast-seo-wordpress\/ -->\n<title>Foco nos Detalhes -<\/title>\n<meta name=\"robots\" content=\"index, follow, max-snippet:-1, max-image-preview:large, max-video-preview:-1\" \/>\n<link rel=\"canonical\" href=\"https:\/\/neuroforma.com.br\/novo\/why-brainhq\/about-the-exercises\/foco-nos-detalhes\/\" \/>\n<meta property=\"og:locale\" content=\"pt_BR\" \/>\n<meta property=\"og:type\" content=\"article\" \/>\n<meta property=\"og:title\" content=\"Foco nos Detalhes -\" \/>\n<meta property=\"og:description\" content=\"Foco nos Detalhes Digamos que voc\u00ea esteja no carro, dirigindo para a casa de um amigo. \u00c9 a primeira vez que voc\u00ea vai l\u00e1. Ao atravessar a cidade, \u00e9 preciso acompanhar o tr\u00e1fego de carros, os pedestres e outros riscos normais do tr\u00e2nsito \u2014 ao mesmo tempo em que procura placas com nomes de ruas &hellip; Continue lendo Foco nos Detalhes &rarr;\" \/>\n<meta property=\"og:url\" content=\"https:\/\/neuroforma.com.br\/novo\/why-brainhq\/about-the-exercises\/foco-nos-detalhes\/\" \/>\n<meta property=\"article:modified_time\" content=\"2017-05-02T20:15:40+00:00\" \/>\n<meta property=\"og:image\" content=\"https:\/\/neuroforma.com.br\/novo\/wp-content\/uploads\/2014\/01\/icon-eye-for-detail-lm.jpg\" \/>\n<meta name=\"twitter:label1\" content=\"Est. tempo de leitura\" \/>\n\t<meta name=\"twitter:data1\" content=\"2 minutos\" \/>\n<script type=\"application\/ld+json\" class=\"yoast-schema-graph\">{\"@context\":\"https:\/\/schema.org\",\"@graph\":[{\"@type\":\"WebPage\",\"@id\":\"https:\/\/neuroforma.com.br\/novo\/why-brainhq\/about-the-exercises\/foco-nos-detalhes\/\",\"url\":\"https:\/\/neuroforma.com.br\/novo\/why-brainhq\/about-the-exercises\/foco-nos-detalhes\/\",\"name\":\"Foco nos Detalhes -\",\"isPartOf\":{\"@id\":\"https:\/\/neuroforma.com.br\/novo\/#website\"},\"primaryImageOfPage\":{\"@id\":\"https:\/\/neuroforma.com.br\/novo\/why-brainhq\/about-the-exercises\/foco-nos-detalhes\/#primaryimage\"},\"image\":{\"@id\":\"https:\/\/neuroforma.com.br\/novo\/why-brainhq\/about-the-exercises\/foco-nos-detalhes\/#primaryimage\"},\"thumbnailUrl\":\"https:\/\/neuroforma.com.br\/novo\/wp-content\/uploads\/2014\/01\/icon-eye-for-detail-lm.jpg\",\"datePublished\":\"2014-07-03T18:21:42+00:00\",\"dateModified\":\"2017-05-02T20:15:40+00:00\",\"breadcrumb\":{\"@id\":\"https:\/\/neuroforma.com.br\/novo\/why-brainhq\/about-the-exercises\/foco-nos-detalhes\/#breadcrumb\"},\"inLanguage\":\"pt-BR\",\"potentialAction\":[{\"@type\":\"ReadAction\",\"target\":[\"https:\/\/neuroforma.com.br\/novo\/why-brainhq\/about-the-exercises\/foco-nos-detalhes\/\"]}]},{\"@type\":\"ImageObject\",\"inLanguage\":\"pt-BR\",\"@id\":\"https:\/\/neuroforma.com.br\/novo\/why-brainhq\/about-the-exercises\/foco-nos-detalhes\/#primaryimage\",\"url\":\"https:\/\/neuroforma.com.br\/novo\/wp-content\/uploads\/2014\/01\/icon-eye-for-detail-lm.jpg\",\"contentUrl\":\"https:\/\/neuroforma.com.br\/novo\/wp-content\/uploads\/2014\/01\/icon-eye-for-detail-lm.jpg\",\"width\":105,\"height\":115},{\"@type\":\"BreadcrumbList\",\"@id\":\"https:\/\/neuroforma.com.br\/novo\/why-brainhq\/about-the-exercises\/foco-nos-detalhes\/#breadcrumb\",\"itemListElement\":[{\"@type\":\"ListItem\",\"position\":1,\"name\":\"Home\",\"item\":\"https:\/\/neuroforma.com.br\/novo\/\"},{\"@type\":\"ListItem\",\"position\":2,\"name\":\"Foco nos Detalhes\"}]},{\"@type\":\"WebSite\",\"@id\":\"https:\/\/neuroforma.com.br\/novo\/#website\",\"url\":\"https:\/\/neuroforma.com.br\/novo\/\",\"name\":\"\",\"description\":\"\",\"potentialAction\":[{\"@type\":\"SearchAction\",\"target\":{\"@type\":\"EntryPoint\",\"urlTemplate\":\"https:\/\/neuroforma.com.br\/novo\/?s={search_term_string}\"},\"query-input\":{\"@type\":\"PropertyValueSpecification\",\"valueRequired\":true,\"valueName\":\"search_term_string\"}}],\"inLanguage\":\"pt-BR\"}]}<\/script>\n<!-- \/ Yoast SEO plugin. -->","yoast_head_json":{"title":"Foco nos Detalhes -","robots":{"index":"index","follow":"follow","max-snippet":"max-snippet:-1","max-image-preview":"max-image-preview:large","max-video-preview":"max-video-preview:-1"},"canonical":"https:\/\/neuroforma.com.br\/novo\/why-brainhq\/about-the-exercises\/foco-nos-detalhes\/","og_locale":"pt_BR","og_type":"article","og_title":"Foco nos Detalhes -","og_description":"Foco nos Detalhes Digamos que voc\u00ea esteja no carro, dirigindo para a casa de um amigo. \u00c9 a primeira vez que voc\u00ea vai l\u00e1. Ao atravessar a cidade, \u00e9 preciso acompanhar o tr\u00e1fego de carros, os pedestres e outros riscos normais do tr\u00e2nsito \u2014 ao mesmo tempo em que procura placas com nomes de ruas &hellip; Continue lendo Foco nos Detalhes &rarr;","og_url":"https:\/\/neuroforma.com.br\/novo\/why-brainhq\/about-the-exercises\/foco-nos-detalhes\/","article_modified_time":"2017-05-02T20:15:40+00:00","og_image":[{"url":"https:\/\/neuroforma.com.br\/novo\/wp-content\/uploads\/2014\/01\/icon-eye-for-detail-lm.jpg","type":"","width":"","height":""}],"twitter_misc":{"Est. tempo de leitura":"2 minutos"},"schema":{"@context":"https:\/\/schema.org","@graph":[{"@type":"WebPage","@id":"https:\/\/neuroforma.com.br\/novo\/why-brainhq\/about-the-exercises\/foco-nos-detalhes\/","url":"https:\/\/neuroforma.com.br\/novo\/why-brainhq\/about-the-exercises\/foco-nos-detalhes\/","name":"Foco nos Detalhes -","isPartOf":{"@id":"https:\/\/neuroforma.com.br\/novo\/#website"},"primaryImageOfPage":{"@id":"https:\/\/neuroforma.com.br\/novo\/why-brainhq\/about-the-exercises\/foco-nos-detalhes\/#primaryimage"},"image":{"@id":"https:\/\/neuroforma.com.br\/novo\/why-brainhq\/about-the-exercises\/foco-nos-detalhes\/#primaryimage"},"thumbnailUrl":"https:\/\/neuroforma.com.br\/novo\/wp-content\/uploads\/2014\/01\/icon-eye-for-detail-lm.jpg","datePublished":"2014-07-03T18:21:42+00:00","dateModified":"2017-05-02T20:15:40+00:00","breadcrumb":{"@id":"https:\/\/neuroforma.com.br\/novo\/why-brainhq\/about-the-exercises\/foco-nos-detalhes\/#breadcrumb"},"inLanguage":"pt-BR","potentialAction":[{"@type":"ReadAction","target":["https:\/\/neuroforma.com.br\/novo\/why-brainhq\/about-the-exercises\/foco-nos-detalhes\/"]}]},{"@type":"ImageObject","inLanguage":"pt-BR","@id":"https:\/\/neuroforma.com.br\/novo\/why-brainhq\/about-the-exercises\/foco-nos-detalhes\/#primaryimage","url":"https:\/\/neuroforma.com.br\/novo\/wp-content\/uploads\/2014\/01\/icon-eye-for-detail-lm.jpg","contentUrl":"https:\/\/neuroforma.com.br\/novo\/wp-content\/uploads\/2014\/01\/icon-eye-for-detail-lm.jpg","width":105,"height":115},{"@type":"BreadcrumbList","@id":"https:\/\/neuroforma.com.br\/novo\/why-brainhq\/about-the-exercises\/foco-nos-detalhes\/#breadcrumb","itemListElement":[{"@type":"ListItem","position":1,"name":"Home","item":"https:\/\/neuroforma.com.br\/novo\/"},{"@type":"ListItem","position":2,"name":"Foco nos Detalhes"}]},{"@type":"WebSite","@id":"https:\/\/neuroforma.com.br\/novo\/#website","url":"https:\/\/neuroforma.com.br\/novo\/","name":"","description":"","potentialAction":[{"@type":"SearchAction","target":{"@type":"EntryPoint","urlTemplate":"https:\/\/neuroforma.com.br\/novo\/?s={search_term_string}"},"query-input":{"@type":"PropertyValueSpecification","valueRequired":true,"valueName":"search_term_string"}}],"inLanguage":"pt-BR"}]}},"_links":{"self":[{"href":"https:\/\/neuroforma.com.br\/novo\/wp-json\/wp\/v2\/pages\/1379","targetHints":{"allow":["GET"]}}],"collection":[{"href":"https:\/\/neuroforma.com.br\/novo\/wp-json\/wp\/v2\/pages"}],"about":[{"href":"https:\/\/neuroforma.com.br\/novo\/wp-json\/wp\/v2\/types\/page"}],"author":[{"embeddable":true,"href":"https:\/\/neuroforma.com.br\/novo\/wp-json\/wp\/v2\/users\/1"}],"replies":[{"embeddable":true,"href":"https:\/\/neuroforma.com.br\/novo\/wp-json\/wp\/v2\/comments?post=1379"}],"version-history":[{"count":14,"href":"https:\/\/neuroforma.com.br\/novo\/wp-json\/wp\/v2\/pages\/1379\/revisions"}],"predecessor-version":[{"id":4127,"href":"https:\/\/neuroforma.com.br\/novo\/wp-json\/wp\/v2\/pages\/1379\/revisions\/4127"}],"wp:attachment":[{"href":"https:\/\/neuroforma.com.br\/novo\/wp-json\/wp\/v2\/media?parent=1379"}],"curies":[{"name":"wp","href":"https:\/\/api.w.org\/{rel}","templated":true}]}}