{"id":1373,"date":"2014-07-03T17:56:01","date_gmt":"2014-07-03T17:56:01","guid":{"rendered":"https:\/\/neuroforma.com.br\/novo\/?page_id=1373"},"modified":"2024-01-19T21:13:20","modified_gmt":"2024-01-19T21:13:20","slug":"estatua","status":"publish","type":"page","link":"https:\/\/neuroforma.com.br\/novo\/why-brainhq\/about-the-exercises\/estatua","title":{"rendered":"Est\u00e1tua!"},"content":{"rendered":"<h1>Est\u00e1tua!<\/h1>\n<a href=\"https:\/\/br.brainhq.com\/#ex-select\/attention\" class=\"su-button su-button-style-flat\" style=\"color:#FFFFFF;background-color:#144d8d;border-color:#103e71;border-radius:5px\" target=\"_blank\" rel=\"noopener noreferrer\"><span style=\"color:#FFFFFF;padding:0px 34px;font-size:25px;line-height:50px;border-color:#5b83b0;border-radius:5px;text-shadow:none\"> Pratique Agora!<\/span><\/a>\n<p><img loading=\"lazy\" decoding=\"async\" class=\"alignleft size-full wp-image-1231\" src=\"https:\/\/neuroforma.com.br\/novo\/wp-content\/uploads\/2014\/01\/icon-freeze-frame-lm.jpg\" alt=\"icon-freeze-frame-lm\" width=\"105\" height=\"115\" \/>O estado de alerta \u00e9 um aspecto crucial da aten\u00e7\u00e3o e concentra\u00e7\u00e3o. Embora nem sempre nos demos conta disso, o estado de alerta \u00e9 importante para racioc\u00ednios complexos, resolu\u00e7\u00e3o de problemas, aprendizagem e mem\u00f3ria. Estudos demonstram que o estado de alerta pode ser uma das qualidades que separam os grandes empreendedores da m\u00e9dia da popula\u00e7\u00e3o.<\/p>\n<p><a href=\"https:\/\/neuroforma.com.br\/novo\/wp-content\/uploads\/2014\/07\/Concentrac\u0327ao-no-alvo.png\"><img loading=\"lazy\" decoding=\"async\" class=\" size-full wp-image-3396 aligncenter\" src=\"https:\/\/neuroforma.com.br\/novo\/wp-content\/uploads\/2014\/07\/Concentrac\u0327ao-no-alvo.png\" alt=\"Concentrac\u0327ao no alvo\" width=\"590\" height=\"436\" srcset=\"https:\/\/neuroforma.com.br\/novo\/wp-content\/uploads\/2014\/07\/Concentrac\u0327ao-no-alvo.png 590w, https:\/\/neuroforma.com.br\/novo\/wp-content\/uploads\/2014\/07\/Concentrac\u0327ao-no-alvo-300x222.png 300w, https:\/\/neuroforma.com.br\/novo\/wp-content\/uploads\/2014\/07\/Concentrac\u0327ao-no-alvo-500x369.png 500w\" sizes=\"auto, (max-width: 590px) 100vw, 590px\" \/><\/a><\/p>\n<p>&nbsp;<\/p>\n<p>Quando estamos alerta na medida certa, a sensa\u00e7\u00e3o que temos pode ser descrita como estar \u201cem ponto de bala\u201d. Nesse estado, podemos ser produtivos, alternar o foco, cumprir m\u00faltiplas tarefas ao mesmo tempo e ter desempenho \u00f3timo. Por isso, devido \u00e0 correla\u00e7\u00e3o entre o estado de alerta e esses processos cerebrais mais complexos, em qualquer programa de exerc\u00edcios cerebrais \u00e9 muito importante treinar o c\u00e9rebro a ficar \u201cem ponto de bala\u201d.<\/p>\n<p>&nbsp;<\/p>\n<p><a href=\"https:\/\/neuroforma.com.br\/novo\/wp-content\/uploads\/2014\/07\/bhq-ex-freeze-frame-01-br.jpg\"><img loading=\"lazy\" decoding=\"async\" class=\"alignright size-full wp-image-1507\" src=\"https:\/\/neuroforma.com.br\/novo\/wp-content\/uploads\/2014\/07\/bhq-ex-freeze-frame-01-br.jpg\" alt=\"bhq-ex-freeze-frame-01-br\" width=\"308\" height=\"180\" srcset=\"https:\/\/neuroforma.com.br\/novo\/wp-content\/uploads\/2014\/07\/bhq-ex-freeze-frame-01-br.jpg 308w, https:\/\/neuroforma.com.br\/novo\/wp-content\/uploads\/2014\/07\/bhq-ex-freeze-frame-01-br-300x175.jpg 300w\" sizes=\"auto, (max-width: 308px) 100vw, 308px\" \/><\/a> Dois tipos de estado de alerta foram identificados pelos cientistas: alerta t\u00f4nico e alerta f\u00e1sico. Essas duas medidas do estado de alerta trabalham juntas para determinar seu estado de aten\u00e7\u00e3o. O t\u00f4nico descreve seu n\u00edvel de alerta geral e tem papel importante na manuten\u00e7\u00e3o do foco, al\u00e9m de ser respons\u00e1vel pelo \u201ct\u00f4nus\u201d necess\u00e1rio para o processo cognitivo superior. O alerta f\u00e1sico descreve o grau com que \u00e9 poss\u00edvel moldar rapidamente as respostas em um dado momento. Esse tipo de estado de alerta \u00e9 muito importante para a \u201caten\u00e7\u00e3o seletiva\u201d, que \u00e9 a habilidade de prestar aten\u00e7\u00e3o a coisas importantes e, ao mesmo tempo, descartar o que n\u00e3o \u00e9 importante. O n\u00edvel de alerta f\u00e1sico pode variar em milissegundos.<\/p>\n<p>&nbsp;<\/p>\n<p>Est\u00e1tua! visa os estados de alerta t\u00f4nico e f\u00e1sico e exige que o c\u00e9rebro mantenha um estado de alerta \u201crelaxado e preparado\u201d por per\u00edodos cada vez mais longos. No exerc\u00edcio, seu c\u00e9rebro tem que discriminar imagens-alvo de imagens enganadoras. Quando voc\u00ea vir um elemento enganador \u2014 algo diferente do alvo \u2014, pressione a barra de espa\u00e7os. Quando vir o alvo, voc\u00ea tem que virar \u201cest\u00e1tua\u201d, ou n\u00e3o pressionar a barra de espa\u00e7os.<\/p>\n<p>&nbsp;<\/p>\n<p><a href=\"https:\/\/neuroforma.com.br\/novo\/wp-content\/uploads\/2014\/07\/bhq-ex-freeze-frame-02-br.jpg\"> <img loading=\"lazy\" decoding=\"async\" class=\"alignright\" src=\"https:\/\/neuroforma.com.br\/novo\/wp-content\/uploads\/2014\/07\/bhq-ex-freeze-frame-02-br.jpg\" alt=\"bhq-ex-freeze-frame-02-br\" width=\"476\" height=\"124\" \/><\/a><br \/>\nA tarefa pode parecer f\u00e1cil, mas, quanto maior o intervalo entre os alvos, maior \u00e9 a chance de que distra\u00e7\u00f5es internas ou devaneios da mente derrubem voc\u00ea. Conforme seu desempenho no jogo melhorar, sua abordagem vai \u201cafiar\u201d seu estado de alerta para um estado \u201cem ponto de bala\u201d \u2014 relaxado, preparado e comprometido. Conforme seus estados de alerta t\u00f4nico e f\u00e1sico se aproximarem do n\u00edvel \u00f3timo, o exerc\u00edcio se adaptar\u00e1 ao seu desempenho para tornar as tarefas mais desafiadoras. Isso \u00e9 feito acelerando-se as imagens e tornando os elementos enganadores mais frequentes e mais parecidos com o alvo.<\/p>\n<p>&nbsp;<\/p>\n<p>Uma \u00faltima observa\u00e7\u00e3o: nos n\u00edveis iniciais do exerc\u00edcio, os alvos ser\u00e3o imagens exatamente iguais. Nos n\u00edveis mais avan\u00e7ados, no entanto, o alvo pode ser um elemento de uma imagem \u2014 como uma pessoa em particular. A imagem-alvo poder\u00e1 ser, ent\u00e3o, qualquer imagem que mostre aquela pessoa, numa tarefa muito mais dif\u00edcil do que quando a imagem completa \u00e9 o alvo.<\/p>\n<p>&nbsp;<\/p>\n<h3>Est\u00e1tua! em poucas palavras<\/h3>\n<p>&nbsp;<\/p>\n<table border=\"1\" width=\"700\" cellspacing=\"0\" cellpadding=\"0\">\n<tbody>\n<tr>\n<td bgcolor=\"#999999\" width=\"175\"><strong>Tarefa<\/strong><\/td>\n<td bgcolor=\"#999999\" width=\"107\"><strong>Objetivo<\/strong><\/td>\n<td bgcolor=\"#999999\" width=\"179\"><strong>Desenvolvimento <\/strong><\/td>\n<td bgcolor=\"#999999\" width=\"202\"><strong>Pontua\u00e7\u00e3o<\/strong><\/td>\n<\/tr>\n<tr>\n<td valign=\"top\" bgcolor=\"#CCCCCC\" width=\"175\" height=\"109\">Reagir enquanto imagens passam na tela e &#8220;congelar&#8221; quando o alvo aparecer<\/td>\n<td valign=\"top\" bgcolor=\"#CCCCCC\" width=\"107\">Estado de alerta<\/td>\n<td valign=\"top\" bgcolor=\"#CCCCCC\" width=\"179\">Os elementos enganadores ficam mais parecidos, a categoria de est\u00edmulos varia e o alvo fica mais sutil<\/td>\n<td valign=\"top\" bgcolor=\"#CCCCCC\" width=\"202\">Conforme voc\u00ea avan\u00e7a, as imagens piscam mais rapidamente. Quando menor o n\u00famero, melhor!<\/td>\n<\/tr>\n<\/tbody>\n<\/table>\n","protected":false},"excerpt":{"rendered":"<p>Est\u00e1tua! O estado de alerta \u00e9 um aspecto crucial da aten\u00e7\u00e3o e concentra\u00e7\u00e3o. Embora nem sempre nos demos conta disso, o estado de alerta \u00e9 importante para racioc\u00ednios complexos, resolu\u00e7\u00e3o de problemas, aprendizagem e mem\u00f3ria. Estudos demonstram que o estado de alerta pode ser uma das qualidades que separam os grandes empreendedores da m\u00e9dia da &hellip; <a href=\"https:\/\/neuroforma.com.br\/novo\/why-brainhq\/about-the-exercises\/estatua\" class=\"more-link\">Continue lendo <span class=\"screen-reader-text\">Est\u00e1tua!<\/span> <span class=\"meta-nav\">&rarr;<\/span><\/a><\/p>\n","protected":false},"author":1,"featured_media":0,"parent":0,"menu_order":0,"comment_status":"closed","ping_status":"closed","template":"","meta":{"footnotes":""},"class_list":["post-1373","page","type-page","status-publish","hentry","repupress_customize_woocommerce_productom_class"],"yoast_head":"<!-- This site is optimized with the Yoast SEO plugin v26.9 - https:\/\/yoast.com\/product\/yoast-seo-wordpress\/ -->\n<title>Est\u00e1tua! -<\/title>\n<meta name=\"robots\" content=\"index, follow, max-snippet:-1, max-image-preview:large, max-video-preview:-1\" \/>\n<link rel=\"canonical\" href=\"https:\/\/neuroforma.com.br\/novo\/why-brainhq\/about-the-exercises\/estatua\/\" \/>\n<meta property=\"og:locale\" content=\"pt_BR\" \/>\n<meta property=\"og:type\" content=\"article\" \/>\n<meta property=\"og:title\" content=\"Est\u00e1tua! -\" \/>\n<meta property=\"og:description\" content=\"Est\u00e1tua! O estado de alerta \u00e9 um aspecto crucial da aten\u00e7\u00e3o e concentra\u00e7\u00e3o. Embora nem sempre nos demos conta disso, o estado de alerta \u00e9 importante para racioc\u00ednios complexos, resolu\u00e7\u00e3o de problemas, aprendizagem e mem\u00f3ria. Estudos demonstram que o estado de alerta pode ser uma das qualidades que separam os grandes empreendedores da m\u00e9dia da &hellip; Continue lendo Est\u00e1tua! &rarr;\" \/>\n<meta property=\"og:url\" content=\"https:\/\/neuroforma.com.br\/novo\/why-brainhq\/about-the-exercises\/estatua\/\" \/>\n<meta property=\"article:modified_time\" content=\"2024-01-19T21:13:20+00:00\" \/>\n<meta property=\"og:image\" content=\"https:\/\/neuroforma.com.br\/novo\/wp-content\/uploads\/2014\/01\/icon-freeze-frame-lm.jpg\" \/>\n<meta name=\"twitter:label1\" content=\"Est. tempo de leitura\" \/>\n\t<meta name=\"twitter:data1\" content=\"4 minutos\" \/>\n<script type=\"application\/ld+json\" class=\"yoast-schema-graph\">{\"@context\":\"https:\/\/schema.org\",\"@graph\":[{\"@type\":\"WebPage\",\"@id\":\"https:\/\/neuroforma.com.br\/novo\/why-brainhq\/about-the-exercises\/estatua\/\",\"url\":\"https:\/\/neuroforma.com.br\/novo\/why-brainhq\/about-the-exercises\/estatua\/\",\"name\":\"Est\u00e1tua! -\",\"isPartOf\":{\"@id\":\"https:\/\/neuroforma.com.br\/novo\/#website\"},\"primaryImageOfPage\":{\"@id\":\"https:\/\/neuroforma.com.br\/novo\/why-brainhq\/about-the-exercises\/estatua\/#primaryimage\"},\"image\":{\"@id\":\"https:\/\/neuroforma.com.br\/novo\/why-brainhq\/about-the-exercises\/estatua\/#primaryimage\"},\"thumbnailUrl\":\"https:\/\/neuroforma.com.br\/novo\/wp-content\/uploads\/2014\/01\/icon-freeze-frame-lm.jpg\",\"datePublished\":\"2014-07-03T17:56:01+00:00\",\"dateModified\":\"2024-01-19T21:13:20+00:00\",\"breadcrumb\":{\"@id\":\"https:\/\/neuroforma.com.br\/novo\/why-brainhq\/about-the-exercises\/estatua\/#breadcrumb\"},\"inLanguage\":\"pt-BR\",\"potentialAction\":[{\"@type\":\"ReadAction\",\"target\":[\"https:\/\/neuroforma.com.br\/novo\/why-brainhq\/about-the-exercises\/estatua\/\"]}]},{\"@type\":\"ImageObject\",\"inLanguage\":\"pt-BR\",\"@id\":\"https:\/\/neuroforma.com.br\/novo\/why-brainhq\/about-the-exercises\/estatua\/#primaryimage\",\"url\":\"https:\/\/neuroforma.com.br\/novo\/wp-content\/uploads\/2014\/01\/icon-freeze-frame-lm.jpg\",\"contentUrl\":\"https:\/\/neuroforma.com.br\/novo\/wp-content\/uploads\/2014\/01\/icon-freeze-frame-lm.jpg\",\"width\":105,\"height\":115},{\"@type\":\"BreadcrumbList\",\"@id\":\"https:\/\/neuroforma.com.br\/novo\/why-brainhq\/about-the-exercises\/estatua\/#breadcrumb\",\"itemListElement\":[{\"@type\":\"ListItem\",\"position\":1,\"name\":\"Home\",\"item\":\"https:\/\/neuroforma.com.br\/novo\/\"},{\"@type\":\"ListItem\",\"position\":2,\"name\":\"Est\u00e1tua!\"}]},{\"@type\":\"WebSite\",\"@id\":\"https:\/\/neuroforma.com.br\/novo\/#website\",\"url\":\"https:\/\/neuroforma.com.br\/novo\/\",\"name\":\"\",\"description\":\"\",\"potentialAction\":[{\"@type\":\"SearchAction\",\"target\":{\"@type\":\"EntryPoint\",\"urlTemplate\":\"https:\/\/neuroforma.com.br\/novo\/?s={search_term_string}\"},\"query-input\":{\"@type\":\"PropertyValueSpecification\",\"valueRequired\":true,\"valueName\":\"search_term_string\"}}],\"inLanguage\":\"pt-BR\"}]}<\/script>\n<!-- \/ Yoast SEO plugin. -->","yoast_head_json":{"title":"Est\u00e1tua! -","robots":{"index":"index","follow":"follow","max-snippet":"max-snippet:-1","max-image-preview":"max-image-preview:large","max-video-preview":"max-video-preview:-1"},"canonical":"https:\/\/neuroforma.com.br\/novo\/why-brainhq\/about-the-exercises\/estatua\/","og_locale":"pt_BR","og_type":"article","og_title":"Est\u00e1tua! -","og_description":"Est\u00e1tua! O estado de alerta \u00e9 um aspecto crucial da aten\u00e7\u00e3o e concentra\u00e7\u00e3o. Embora nem sempre nos demos conta disso, o estado de alerta \u00e9 importante para racioc\u00ednios complexos, resolu\u00e7\u00e3o de problemas, aprendizagem e mem\u00f3ria. Estudos demonstram que o estado de alerta pode ser uma das qualidades que separam os grandes empreendedores da m\u00e9dia da &hellip; Continue lendo Est\u00e1tua! &rarr;","og_url":"https:\/\/neuroforma.com.br\/novo\/why-brainhq\/about-the-exercises\/estatua\/","article_modified_time":"2024-01-19T21:13:20+00:00","og_image":[{"url":"https:\/\/neuroforma.com.br\/novo\/wp-content\/uploads\/2014\/01\/icon-freeze-frame-lm.jpg","type":"","width":"","height":""}],"twitter_misc":{"Est. tempo de leitura":"4 minutos"},"schema":{"@context":"https:\/\/schema.org","@graph":[{"@type":"WebPage","@id":"https:\/\/neuroforma.com.br\/novo\/why-brainhq\/about-the-exercises\/estatua\/","url":"https:\/\/neuroforma.com.br\/novo\/why-brainhq\/about-the-exercises\/estatua\/","name":"Est\u00e1tua! -","isPartOf":{"@id":"https:\/\/neuroforma.com.br\/novo\/#website"},"primaryImageOfPage":{"@id":"https:\/\/neuroforma.com.br\/novo\/why-brainhq\/about-the-exercises\/estatua\/#primaryimage"},"image":{"@id":"https:\/\/neuroforma.com.br\/novo\/why-brainhq\/about-the-exercises\/estatua\/#primaryimage"},"thumbnailUrl":"https:\/\/neuroforma.com.br\/novo\/wp-content\/uploads\/2014\/01\/icon-freeze-frame-lm.jpg","datePublished":"2014-07-03T17:56:01+00:00","dateModified":"2024-01-19T21:13:20+00:00","breadcrumb":{"@id":"https:\/\/neuroforma.com.br\/novo\/why-brainhq\/about-the-exercises\/estatua\/#breadcrumb"},"inLanguage":"pt-BR","potentialAction":[{"@type":"ReadAction","target":["https:\/\/neuroforma.com.br\/novo\/why-brainhq\/about-the-exercises\/estatua\/"]}]},{"@type":"ImageObject","inLanguage":"pt-BR","@id":"https:\/\/neuroforma.com.br\/novo\/why-brainhq\/about-the-exercises\/estatua\/#primaryimage","url":"https:\/\/neuroforma.com.br\/novo\/wp-content\/uploads\/2014\/01\/icon-freeze-frame-lm.jpg","contentUrl":"https:\/\/neuroforma.com.br\/novo\/wp-content\/uploads\/2014\/01\/icon-freeze-frame-lm.jpg","width":105,"height":115},{"@type":"BreadcrumbList","@id":"https:\/\/neuroforma.com.br\/novo\/why-brainhq\/about-the-exercises\/estatua\/#breadcrumb","itemListElement":[{"@type":"ListItem","position":1,"name":"Home","item":"https:\/\/neuroforma.com.br\/novo\/"},{"@type":"ListItem","position":2,"name":"Est\u00e1tua!"}]},{"@type":"WebSite","@id":"https:\/\/neuroforma.com.br\/novo\/#website","url":"https:\/\/neuroforma.com.br\/novo\/","name":"","description":"","potentialAction":[{"@type":"SearchAction","target":{"@type":"EntryPoint","urlTemplate":"https:\/\/neuroforma.com.br\/novo\/?s={search_term_string}"},"query-input":{"@type":"PropertyValueSpecification","valueRequired":true,"valueName":"search_term_string"}}],"inLanguage":"pt-BR"}]}},"_links":{"self":[{"href":"https:\/\/neuroforma.com.br\/novo\/wp-json\/wp\/v2\/pages\/1373","targetHints":{"allow":["GET"]}}],"collection":[{"href":"https:\/\/neuroforma.com.br\/novo\/wp-json\/wp\/v2\/pages"}],"about":[{"href":"https:\/\/neuroforma.com.br\/novo\/wp-json\/wp\/v2\/types\/page"}],"author":[{"embeddable":true,"href":"https:\/\/neuroforma.com.br\/novo\/wp-json\/wp\/v2\/users\/1"}],"replies":[{"embeddable":true,"href":"https:\/\/neuroforma.com.br\/novo\/wp-json\/wp\/v2\/comments?post=1373"}],"version-history":[{"count":15,"href":"https:\/\/neuroforma.com.br\/novo\/wp-json\/wp\/v2\/pages\/1373\/revisions"}],"predecessor-version":[{"id":5961,"href":"https:\/\/neuroforma.com.br\/novo\/wp-json\/wp\/v2\/pages\/1373\/revisions\/5961"}],"wp:attachment":[{"href":"https:\/\/neuroforma.com.br\/novo\/wp-json\/wp\/v2\/media?parent=1373"}],"curies":[{"name":"wp","href":"https:\/\/api.w.org\/{rel}","templated":true}]}}