{"id":1365,"date":"2014-07-03T17:37:25","date_gmt":"2014-07-03T17:37:25","guid":{"rendered":"https:\/\/neuroforma.com.br\/novo\/?page_id=1365"},"modified":"2017-05-02T20:10:18","modified_gmt":"2017-05-02T20:10:18","slug":"sinais-mistos","status":"publish","type":"page","link":"https:\/\/neuroforma.com.br\/novo\/why-brainhq\/about-the-exercises\/sinais-mistos","title":{"rendered":"Sinais Mistos"},"content":{"rendered":"<h1>Sinais Mistos<\/h1>\n<p>&nbsp;<\/p>\n<a href=\"https:\/\/br.brainhq.com\/#ex-select\/attention\" class=\"su-button su-button-style-flat\" style=\"color:#FFFFFF;background-color:#144d8d;border-color:#103e71;border-radius:5px\" target=\"_blank\" rel=\"noopener noreferrer\"><span style=\"color:#FFFFFF;padding:0px 34px;font-size:25px;line-height:50px;border-color:#5b83b0;border-radius:5px;text-shadow:none\"> Pratique Agora!<\/span><\/a>\n<p><img loading=\"lazy\" decoding=\"async\" class=\"alignleft size-full wp-image-1236\" alt=\"icon-mixed-signals-lm\" src=\"https:\/\/neuroforma.com.br\/novo\/wp-content\/uploads\/2014\/01\/icon-mixed-signals-lm.jpg\" width=\"105\" height=\"115\" \/>A aten\u00e7\u00e3o tem papel extraordin\u00e1rio no c\u00e9rebro. Quando se presta aten\u00e7\u00e3o a algo, o c\u00e9rebro libera mais acetilcolina e outros neurotransmissores. Essas subst\u00e2ncias incrementam o aprendizado e a mem\u00f3ria ao amplificar os sinais enviados entre as c\u00e9lulas cerebrais.<\/p>\n<p>&nbsp;<\/p>\n<p>No entanto, controlar a aten\u00e7\u00e3o para se concentrar no que \u00e9 relevante \u00e9 apenas metade do trabalho do c\u00e9rebro. Tamb\u00e9m \u00e9 muito importante que ele aprenda a ignorar o que n\u00e3o interessa. Se o c\u00e9rebro n\u00e3o fosse altamente seletivo em rela\u00e7\u00e3o ao que \u00e9 importante memorizar ou aprender, seria um caos completo! Basta imaginar o que aconteceria aos seus mapas cerebrais se eles gravassem tudo o que voc\u00ea ouve, v\u00ea, sente, pensa e faz, e com a mesma clareza. Nesse caso, a representa\u00e7\u00e3o das suas n\u00e1degas no seu c\u00e9rebro seria gigantesca, pois voc\u00ea passa o dia inteiro sentado! Se tudo que voc\u00ea ouve, v\u00ea e sente fosse gravado com a mesma precis\u00e3o e equival\u00eancia, seu mapa cerebral seria uma confus\u00e3o completa e inintelig\u00edvel.<\/p>\n<p>&nbsp;<\/p>\n<p>Essa rela\u00e7\u00e3o entre aten\u00e7\u00e3o e mem\u00f3ria \u00e9 o motivo por que \u00e9 t\u00e3o importante, em qualquer programa de exerc\u00edcios cerebrais, treinar o c\u00e9rebro para dedicar aten\u00e7\u00e3o ao que \u00e9 relevante \u2014 e ignorar o que n\u00e3o \u00e9.<\/p>\n<p>&nbsp;<\/p>\n<p><img loading=\"lazy\" decoding=\"async\" class=\"size-full wp-image-1500 alignright\" alt=\"bhq-ex-mixed-signals-01-br\" src=\"https:\/\/neuroforma.com.br\/novo\/wp-content\/uploads\/2014\/07\/bhq-ex-mixed-signals-01-br.jpg\" width=\"250\" height=\"307\" srcset=\"https:\/\/neuroforma.com.br\/novo\/wp-content\/uploads\/2014\/07\/bhq-ex-mixed-signals-01-br.jpg 250w, https:\/\/neuroforma.com.br\/novo\/wp-content\/uploads\/2014\/07\/bhq-ex-mixed-signals-01-br-244x300.jpg 244w\" sizes=\"auto, (max-width: 250px) 100vw, 250px\" \/>Sinais Mistos desafia seu c\u00e9rebro a mirar em determinadas informa\u00e7\u00f5es e ignorar informa\u00e7\u00f5es paralelas. O exerc\u00edcio pede que voc\u00ea escute uma voz falando um n\u00famero, uma letra, cor ou outros elementos enquanto olha um conjunto de n\u00fameros, s\u00edmbolos, letras, palavras ou outros elementos. Se a palavra ouvida corresponder ao que est\u00e1 na tela, voc\u00ea pressiona a barra de espa\u00e7o. Se n\u00e3o corresponder, a barra n\u00e3o deve ser pressionada. Por exemplo, as letras \u201caaiaa\u201d podem ser exibidas na tela, e voc\u00ea ter\u00e1 que pressionar a barra de espa\u00e7o se o que escutar corresponder \u00e0 letra central, neste caso, a letra \u201ci\u201d. Se voc\u00ea escutar a letra \u201ca\u201d ou qualquer outra, n\u00e3o pressione a barra de espa\u00e7o. Esse tipo de treino, em que os elementos ouvidos e vistos podem ser conflitantes e \u00e9 preciso controlar a aten\u00e7\u00e3o muito rapidamente, \u00e9 chamado de teste de Stroop.<\/p>\n<p>&nbsp;<\/p>\n<p>Desta forma, o exerc\u00edcio Sinais Mistos desafia voc\u00ea a controlar a aten\u00e7\u00e3o muito rapidamente, mesmo quando seu c\u00e9rebro est\u00e1 distra\u00eddo por informa\u00e7\u00f5es paralelas. Aprimorar essa capacidade pode ajudar voc\u00ea a se sentir mais alerta no seu dia a dia, n\u00e3o importa o que estiver fazendo \u2014 e ainda ajudar voc\u00ea a estar mais atento ao que lhe interessa e a se lembrar disso.<\/p>\n<p>&nbsp;<\/p>\n<h3>Sinais Mistos em poucas palavras<\/h3>\n<p>&nbsp;<\/p>\n<table width=\"631\" border=\"1\" cellspacing=\"0\" cellpadding=\"0\">\n<tbody>\n<tr>\n<td bgcolor=\"#999999\" width=\"179\"><strong>Tarefa<\/strong><\/td>\n<td bgcolor=\"#999999\" width=\"94\"><strong>Objetivo<\/strong><\/td>\n<td bgcolor=\"#999999\" width=\"150\"><strong>Evolu\u00e7\u00e3o <\/strong><\/td>\n<td bgcolor=\"#999999\" width=\"198\"><strong>Pontua\u00e7\u00e3o<\/strong><\/td>\n<\/tr>\n<tr>\n<td valign=\"top\" bgcolor=\"#CCCCCC\" width=\"179\" height=\"103\">Decidir se o que voc\u00ea ouve corresponde ao que voc\u00ea v\u00ea de determinada maneira<\/td>\n<td valign=\"top\" bgcolor=\"#CCCCCC\" width=\"94\">Aten\u00e7\u00e3o<\/td>\n<td valign=\"top\" bgcolor=\"#CCCCCC\" width=\"150\">Fica mais dif\u00edcil ignorar os elementos enganadores<\/td>\n<td valign=\"top\" bgcolor=\"#CCCCCC\" width=\"198\">Ao melhorar, voc\u00ea ter\u00e1 que tomar decis\u00f5es com mais rapidez. Uma pontua\u00e7\u00e3o menor \u00e9 melhor!<\/td>\n<\/tr>\n<\/tbody>\n<\/table>\n","protected":false},"excerpt":{"rendered":"<p>Sinais Mistos &nbsp; A aten\u00e7\u00e3o tem papel extraordin\u00e1rio no c\u00e9rebro. Quando se presta aten\u00e7\u00e3o a algo, o c\u00e9rebro libera mais acetilcolina e outros neurotransmissores. Essas subst\u00e2ncias incrementam o aprendizado e a mem\u00f3ria ao amplificar os sinais enviados entre as c\u00e9lulas cerebrais. &nbsp; No entanto, controlar a aten\u00e7\u00e3o para se concentrar no que \u00e9 relevante \u00e9 &hellip; <a href=\"https:\/\/neuroforma.com.br\/novo\/why-brainhq\/about-the-exercises\/sinais-mistos\" class=\"more-link\">Continue lendo <span class=\"screen-reader-text\">Sinais Mistos<\/span> <span class=\"meta-nav\">&rarr;<\/span><\/a><\/p>\n","protected":false},"author":1,"featured_media":0,"parent":0,"menu_order":0,"comment_status":"closed","ping_status":"closed","template":"","meta":{"footnotes":""},"class_list":["post-1365","page","type-page","status-publish","hentry","repupress_customize_woocommerce_productom_class"],"yoast_head":"<!-- This site is optimized with the Yoast SEO plugin v26.9 - https:\/\/yoast.com\/product\/yoast-seo-wordpress\/ -->\n<title>Sinais Mistos -<\/title>\n<meta name=\"robots\" content=\"index, follow, max-snippet:-1, max-image-preview:large, max-video-preview:-1\" \/>\n<link rel=\"canonical\" href=\"https:\/\/neuroforma.com.br\/novo\/why-brainhq\/about-the-exercises\/sinais-mistos\/\" \/>\n<meta property=\"og:locale\" content=\"pt_BR\" \/>\n<meta property=\"og:type\" content=\"article\" \/>\n<meta property=\"og:title\" content=\"Sinais Mistos -\" \/>\n<meta property=\"og:description\" content=\"Sinais Mistos &nbsp; A aten\u00e7\u00e3o tem papel extraordin\u00e1rio no c\u00e9rebro. Quando se presta aten\u00e7\u00e3o a algo, o c\u00e9rebro libera mais acetilcolina e outros neurotransmissores. Essas subst\u00e2ncias incrementam o aprendizado e a mem\u00f3ria ao amplificar os sinais enviados entre as c\u00e9lulas cerebrais. &nbsp; No entanto, controlar a aten\u00e7\u00e3o para se concentrar no que \u00e9 relevante \u00e9 &hellip; Continue lendo Sinais Mistos &rarr;\" \/>\n<meta property=\"og:url\" content=\"https:\/\/neuroforma.com.br\/novo\/why-brainhq\/about-the-exercises\/sinais-mistos\/\" \/>\n<meta property=\"article:modified_time\" content=\"2017-05-02T20:10:18+00:00\" \/>\n<meta property=\"og:image\" content=\"https:\/\/neuroforma.com.br\/novo\/wp-content\/uploads\/2014\/01\/icon-mixed-signals-lm.jpg\" \/>\n<meta name=\"twitter:label1\" content=\"Est. tempo de leitura\" \/>\n\t<meta name=\"twitter:data1\" content=\"3 minutos\" \/>\n<script type=\"application\/ld+json\" class=\"yoast-schema-graph\">{\"@context\":\"https:\/\/schema.org\",\"@graph\":[{\"@type\":\"WebPage\",\"@id\":\"https:\/\/neuroforma.com.br\/novo\/why-brainhq\/about-the-exercises\/sinais-mistos\/\",\"url\":\"https:\/\/neuroforma.com.br\/novo\/why-brainhq\/about-the-exercises\/sinais-mistos\/\",\"name\":\"Sinais Mistos -\",\"isPartOf\":{\"@id\":\"https:\/\/neuroforma.com.br\/novo\/#website\"},\"primaryImageOfPage\":{\"@id\":\"https:\/\/neuroforma.com.br\/novo\/why-brainhq\/about-the-exercises\/sinais-mistos\/#primaryimage\"},\"image\":{\"@id\":\"https:\/\/neuroforma.com.br\/novo\/why-brainhq\/about-the-exercises\/sinais-mistos\/#primaryimage\"},\"thumbnailUrl\":\"https:\/\/neuroforma.com.br\/novo\/wp-content\/uploads\/2014\/01\/icon-mixed-signals-lm.jpg\",\"datePublished\":\"2014-07-03T17:37:25+00:00\",\"dateModified\":\"2017-05-02T20:10:18+00:00\",\"breadcrumb\":{\"@id\":\"https:\/\/neuroforma.com.br\/novo\/why-brainhq\/about-the-exercises\/sinais-mistos\/#breadcrumb\"},\"inLanguage\":\"pt-BR\",\"potentialAction\":[{\"@type\":\"ReadAction\",\"target\":[\"https:\/\/neuroforma.com.br\/novo\/why-brainhq\/about-the-exercises\/sinais-mistos\/\"]}]},{\"@type\":\"ImageObject\",\"inLanguage\":\"pt-BR\",\"@id\":\"https:\/\/neuroforma.com.br\/novo\/why-brainhq\/about-the-exercises\/sinais-mistos\/#primaryimage\",\"url\":\"https:\/\/neuroforma.com.br\/novo\/wp-content\/uploads\/2014\/01\/icon-mixed-signals-lm.jpg\",\"contentUrl\":\"https:\/\/neuroforma.com.br\/novo\/wp-content\/uploads\/2014\/01\/icon-mixed-signals-lm.jpg\",\"width\":105,\"height\":115},{\"@type\":\"BreadcrumbList\",\"@id\":\"https:\/\/neuroforma.com.br\/novo\/why-brainhq\/about-the-exercises\/sinais-mistos\/#breadcrumb\",\"itemListElement\":[{\"@type\":\"ListItem\",\"position\":1,\"name\":\"Home\",\"item\":\"https:\/\/neuroforma.com.br\/novo\/\"},{\"@type\":\"ListItem\",\"position\":2,\"name\":\"Sinais Mistos\"}]},{\"@type\":\"WebSite\",\"@id\":\"https:\/\/neuroforma.com.br\/novo\/#website\",\"url\":\"https:\/\/neuroforma.com.br\/novo\/\",\"name\":\"\",\"description\":\"\",\"potentialAction\":[{\"@type\":\"SearchAction\",\"target\":{\"@type\":\"EntryPoint\",\"urlTemplate\":\"https:\/\/neuroforma.com.br\/novo\/?s={search_term_string}\"},\"query-input\":{\"@type\":\"PropertyValueSpecification\",\"valueRequired\":true,\"valueName\":\"search_term_string\"}}],\"inLanguage\":\"pt-BR\"}]}<\/script>\n<!-- \/ Yoast SEO plugin. -->","yoast_head_json":{"title":"Sinais Mistos -","robots":{"index":"index","follow":"follow","max-snippet":"max-snippet:-1","max-image-preview":"max-image-preview:large","max-video-preview":"max-video-preview:-1"},"canonical":"https:\/\/neuroforma.com.br\/novo\/why-brainhq\/about-the-exercises\/sinais-mistos\/","og_locale":"pt_BR","og_type":"article","og_title":"Sinais Mistos -","og_description":"Sinais Mistos &nbsp; A aten\u00e7\u00e3o tem papel extraordin\u00e1rio no c\u00e9rebro. Quando se presta aten\u00e7\u00e3o a algo, o c\u00e9rebro libera mais acetilcolina e outros neurotransmissores. Essas subst\u00e2ncias incrementam o aprendizado e a mem\u00f3ria ao amplificar os sinais enviados entre as c\u00e9lulas cerebrais. &nbsp; No entanto, controlar a aten\u00e7\u00e3o para se concentrar no que \u00e9 relevante \u00e9 &hellip; Continue lendo Sinais Mistos &rarr;","og_url":"https:\/\/neuroforma.com.br\/novo\/why-brainhq\/about-the-exercises\/sinais-mistos\/","article_modified_time":"2017-05-02T20:10:18+00:00","og_image":[{"url":"https:\/\/neuroforma.com.br\/novo\/wp-content\/uploads\/2014\/01\/icon-mixed-signals-lm.jpg","type":"","width":"","height":""}],"twitter_misc":{"Est. tempo de leitura":"3 minutos"},"schema":{"@context":"https:\/\/schema.org","@graph":[{"@type":"WebPage","@id":"https:\/\/neuroforma.com.br\/novo\/why-brainhq\/about-the-exercises\/sinais-mistos\/","url":"https:\/\/neuroforma.com.br\/novo\/why-brainhq\/about-the-exercises\/sinais-mistos\/","name":"Sinais Mistos -","isPartOf":{"@id":"https:\/\/neuroforma.com.br\/novo\/#website"},"primaryImageOfPage":{"@id":"https:\/\/neuroforma.com.br\/novo\/why-brainhq\/about-the-exercises\/sinais-mistos\/#primaryimage"},"image":{"@id":"https:\/\/neuroforma.com.br\/novo\/why-brainhq\/about-the-exercises\/sinais-mistos\/#primaryimage"},"thumbnailUrl":"https:\/\/neuroforma.com.br\/novo\/wp-content\/uploads\/2014\/01\/icon-mixed-signals-lm.jpg","datePublished":"2014-07-03T17:37:25+00:00","dateModified":"2017-05-02T20:10:18+00:00","breadcrumb":{"@id":"https:\/\/neuroforma.com.br\/novo\/why-brainhq\/about-the-exercises\/sinais-mistos\/#breadcrumb"},"inLanguage":"pt-BR","potentialAction":[{"@type":"ReadAction","target":["https:\/\/neuroforma.com.br\/novo\/why-brainhq\/about-the-exercises\/sinais-mistos\/"]}]},{"@type":"ImageObject","inLanguage":"pt-BR","@id":"https:\/\/neuroforma.com.br\/novo\/why-brainhq\/about-the-exercises\/sinais-mistos\/#primaryimage","url":"https:\/\/neuroforma.com.br\/novo\/wp-content\/uploads\/2014\/01\/icon-mixed-signals-lm.jpg","contentUrl":"https:\/\/neuroforma.com.br\/novo\/wp-content\/uploads\/2014\/01\/icon-mixed-signals-lm.jpg","width":105,"height":115},{"@type":"BreadcrumbList","@id":"https:\/\/neuroforma.com.br\/novo\/why-brainhq\/about-the-exercises\/sinais-mistos\/#breadcrumb","itemListElement":[{"@type":"ListItem","position":1,"name":"Home","item":"https:\/\/neuroforma.com.br\/novo\/"},{"@type":"ListItem","position":2,"name":"Sinais Mistos"}]},{"@type":"WebSite","@id":"https:\/\/neuroforma.com.br\/novo\/#website","url":"https:\/\/neuroforma.com.br\/novo\/","name":"","description":"","potentialAction":[{"@type":"SearchAction","target":{"@type":"EntryPoint","urlTemplate":"https:\/\/neuroforma.com.br\/novo\/?s={search_term_string}"},"query-input":{"@type":"PropertyValueSpecification","valueRequired":true,"valueName":"search_term_string"}}],"inLanguage":"pt-BR"}]}},"_links":{"self":[{"href":"https:\/\/neuroforma.com.br\/novo\/wp-json\/wp\/v2\/pages\/1365","targetHints":{"allow":["GET"]}}],"collection":[{"href":"https:\/\/neuroforma.com.br\/novo\/wp-json\/wp\/v2\/pages"}],"about":[{"href":"https:\/\/neuroforma.com.br\/novo\/wp-json\/wp\/v2\/types\/page"}],"author":[{"embeddable":true,"href":"https:\/\/neuroforma.com.br\/novo\/wp-json\/wp\/v2\/users\/1"}],"replies":[{"embeddable":true,"href":"https:\/\/neuroforma.com.br\/novo\/wp-json\/wp\/v2\/comments?post=1365"}],"version-history":[{"count":9,"href":"https:\/\/neuroforma.com.br\/novo\/wp-json\/wp\/v2\/pages\/1365\/revisions"}],"predecessor-version":[{"id":4121,"href":"https:\/\/neuroforma.com.br\/novo\/wp-json\/wp\/v2\/pages\/1365\/revisions\/4121"}],"wp:attachment":[{"href":"https:\/\/neuroforma.com.br\/novo\/wp-json\/wp\/v2\/media?parent=1365"}],"curies":[{"name":"wp","href":"https:\/\/api.w.org\/{rel}","templated":true}]}}