{"id":1362,"date":"2014-07-03T17:32:11","date_gmt":"2014-07-03T17:32:11","guid":{"rendered":"https:\/\/neuroforma.com.br\/novo\/?page_id=1362"},"modified":"2024-07-29T22:54:22","modified_gmt":"2024-07-29T22:54:22","slug":"decisao-dupla-pe-na-estrada","status":"publish","type":"page","link":"https:\/\/neuroforma.com.br\/novo\/why-brainhq\/about-the-exercises\/decisao-dupla","title":{"rendered":"Decis\u00e3o Dupla"},"content":{"rendered":"<h1>Exerc\u00edcio Decis\u00e3o Dupla<\/h1>\n<a href=\"https:\/\/br.brainhq.com\/#ex-select\/attention\" class=\"su-button su-button-style-flat\" style=\"color:#FFFFFF;background-color:#144d8d;border-color:#103e71;border-radius:5px\" target=\"_blank\" rel=\"noopener noreferrer\"><span style=\"color:#FFFFFF;padding:0px 34px;font-size:25px;line-height:50px;border-color:#5b83b0;border-radius:5px;text-shadow:none\"> Pratique Agora!<\/span><\/a>\n<p><img loading=\"lazy\" decoding=\"async\" class=\"alignleft size-full wp-image-1226\" src=\"https:\/\/neuroforma.com.br\/novo\/wp-content\/uploads\/2014\/01\/icon-double-decision-lm.jpg\" alt=\"icon-double-decision-lm\" width=\"105\" height=\"115\" \/><\/p>\n<p>Imagine que voc\u00ea esteja dirigindo um carro. Subitamente, uma crian\u00e7a de bicicleta atravessa a rua bem na sua frente. Voc\u00ea consegue parar a tempo?<\/p>\n<p>&nbsp;<\/p>\n<p>Isso depende, em parte, do seu \u201ccampo de vis\u00e3o \u00fatil\u201d, que \u00e9 a \u00e1rea onde voc\u00ea consegue enxergar detalhes com rapidez e precis\u00e3o enquanto olha para frente. Quanto menor o campo de vis\u00e3o \u00fatil, mais tempo o c\u00e9rebro leva para perceber o que est\u00e1 na periferia. Com uma \u00e1rea maior, \u00e9 poss\u00edvel enxergar mais objetos e mais r\u00e1pido. O tamanho do seu campo de vis\u00e3o \u00fatil pode significar a diferen\u00e7a entre se chocar com a bicicleta e a crian\u00e7a ou parar o carro antes de atingi-los.<\/p>\n<p><a href=\"https:\/\/neuroforma.com.br\/novo\/wp-content\/uploads\/2014\/07\/bhq-ex-double-decision-02.jpg\"><br \/>\n<\/a> <a href=\"https:\/\/neuroforma.com.br\/novo\/wp-content\/uploads\/2014\/07\/bhq-ex-double-decision-03-br.jpg\"><br \/>\n<\/a> <a href=\"https:\/\/neuroforma.com.br\/novo\/wp-content\/uploads\/2014\/07\/bhq-ex-double-decision-01-br.jpg\"><img loading=\"lazy\" decoding=\"async\" class=\" wp-image-1483 alignright\" src=\"https:\/\/neuroforma.com.br\/novo\/wp-content\/uploads\/2014\/07\/bhq-ex-double-decision-01-br.jpg\" alt=\"bhq-ex-double-decision-01-br\" width=\"464\" height=\"106\" srcset=\"https:\/\/neuroforma.com.br\/novo\/wp-content\/uploads\/2014\/07\/bhq-ex-double-decision-01-br.jpg 580w, https:\/\/neuroforma.com.br\/novo\/wp-content\/uploads\/2014\/07\/bhq-ex-double-decision-01-br-300x68.jpg 300w, https:\/\/neuroforma.com.br\/novo\/wp-content\/uploads\/2014\/07\/bhq-ex-double-decision-01-br-500x113.jpg 500w\" sizes=\"auto, (max-width: 464px) 100vw, 464px\" \/><\/a>Em geral, o campo de vis\u00e3o \u00fatil come\u00e7a a encolher com o avan\u00e7o da idade. Certos dist\u00farbios cl\u00ednicos tamb\u00e9m podem contribuir para reduzi-lo.<\/p>\n<p>&nbsp;<\/p>\n<p>Para ampliar o campo de vis\u00e3o \u00fatil, o exerc\u00edcio Decis\u00e3o Dupla usa uma tecnologia comprovada, conhecida como UFOV\u2122. Trata-se de uma t\u00e9cnica de treinamento e avalia\u00e7\u00e3o visuais que foi objeto de v\u00e1rios estudos, muitos financiados pelos Institutos Nacionais de Sa\u00fade dos Estados Unidos.<\/p>\n<p>&nbsp;<\/p>\n<p><a href=\"https:\/\/neuroforma.com.br\/novo\/wp-content\/uploads\/2014\/07\/bhq-ex-double-decision-02.jpg\"><img loading=\"lazy\" decoding=\"async\" class=\"alignleft\" src=\"https:\/\/neuroforma.com.br\/novo\/wp-content\/uploads\/2014\/07\/bhq-ex-double-decision-02.jpg\" alt=\"bhq-ex-double-decision-02\" width=\"247\" height=\"154\" \/><\/a><\/p>\n<p>&nbsp;<\/p>\n<p>A tecnologia UFOV em Decis\u00e3o Dupla leva voc\u00ea a trabalhar os limites do seu campo de vis\u00e3o \u00fatil para expandi-lo gradualmente. Al\u00e9m disso, seu c\u00e9rebro \u00e9 estimulado a extrair informa\u00e7\u00f5es do campo de vis\u00e3o \u00fatil mais rapidamente, ao concentrar a aten\u00e7\u00e3o em uma tarefa no meio da tela: entre dois carros, \u00e9 preciso escolher qual deles apareceu inicialmente no meio da imagem. Por\u00e9m, ao mesmo tempo, \u00e9 preciso identificar em que lugar da margem da tela a placa de \u201cRoute 66\u201d apareceu.<\/p>\n<p>A tarefa muda (e fica mais dif\u00edcil) de diversas maneiras:<\/p>\n<p>&nbsp;<\/p>\n<ul>\n<li>No in\u00edcio, a placa aparece sozinha na margem da tela, mas, com o tempo, elementos enganadores (respostas erradas) tamb\u00e9m s\u00e3o exibidos.<\/li>\n<li>A posi\u00e7\u00e3o da placa se move do centro para a margem da imagem.<\/li>\n<li>Os carros no centro ficam mas parecidos, dificultando a escolha do correto.<\/li>\n<li>Os planos de fundo ficam mais complexos, dificultando a visualiza\u00e7\u00e3o de diferen\u00e7as sutis entre os carros e as placas.<\/li>\n<\/ul>\n<p><a href=\"https:\/\/neuroforma.com.br\/novo\/wp-content\/uploads\/2014\/07\/bhq-ex-double-decision-03-br.jpg\"><img loading=\"lazy\" decoding=\"async\" class=\"alignright\" src=\"https:\/\/neuroforma.com.br\/novo\/wp-content\/uploads\/2014\/07\/bhq-ex-double-decision-03-br.jpg\" alt=\"bhq-ex-double-decision-03-br\" width=\"185\" height=\"316\" \/><\/a><\/p>\n<p>A tarefa tamb\u00e9m se adapta ao seu desempenho, modificando o intervalo de tempo em que os carros do centro e a placa s\u00e3o exibidos. Quando voc\u00ea vai bem, o tempo diminui!<\/p>\n<p>&nbsp;<\/p>\n<p>Conforme voc\u00ea avan\u00e7a no exerc\u00edcio, esses recursos desafiam seu c\u00e9rebro a aprimorar a velocidade, o tamanho e a confiabilidade do seu campo de vis\u00e3o \u00fatil.<\/p>\n<p>&nbsp;<\/p>\n<p>Ao expandir o campo de vis\u00e3o \u00fatil, o exerc\u00edcio Decis\u00e3o Dupla traz benef\u00edcios significativos para o dia a dia. Pesquisas publicadas no <i>Journal of the American Medical Association<\/i> e em outras revistas cient\u00edficas demonstram que a tecnologia UFOV acelera o processamento visual, aumenta a seguran\u00e7a ao dirigir, facilita a gerenciamento das demandas do dia a dia e ajuda a manter a independ\u00eancia com o avan\u00e7ar da idade.<\/p>\n<h3>Decis\u00e3o Dupla em poucas palavras<\/h3>\n<p>&nbsp;<\/p>\n<table border=\"1\" width=\"810\" cellspacing=\"0\" cellpadding=\"0\">\n<tbody>\n<tr>\n<td bgcolor=\"#999999\" width=\"175\"><strong>Tarefa<\/strong><\/td>\n<td bgcolor=\"#999999\" width=\"185\"><strong>Objetivo<\/strong><\/td>\n<td bgcolor=\"#999999\" width=\"217\"><strong>Evolu\u00e7\u00e3o <\/strong><\/td>\n<td bgcolor=\"#999999\" width=\"223\"><strong>Pontua\u00e7\u00e3o<\/strong><\/td>\n<\/tr>\n<tr>\n<td valign=\"top\" bgcolor=\"#CCCCCC\" width=\"175\">Identificar qual carro voc\u00ea viu no meio da tela e localizar a posi\u00e7\u00e3o onde a placa de Route 66 apareceu nas margens<\/td>\n<td valign=\"top\" bgcolor=\"#CCCCCC\" width=\"185\">Aumentar o campo de vis\u00e3o \u00fatil<\/p>\n<p>melhorar a velocidade de processamento visual<\/td>\n<td valign=\"top\" bgcolor=\"#CCCCCC\" width=\"217\">Elementos enganadores s\u00e3o adicionados<\/p>\n<p>Dist\u00e2ncia do centro aumenta<\/p>\n<p>Os carros ficam mais parecidos<\/p>\n<p>Os planos de fundo ficam mais complexos<\/td>\n<td valign=\"top\" bgcolor=\"#CCCCCC\" width=\"223\">Os pontos s\u00e3o marcados em milissegundos.<\/p>\n<p>Conforme seu desempenho melhora, os carros e as placas aparecem por menos milissegundos, marcando uma pontua\u00e7\u00e3o menor (o que \u00e9 melhor)<\/td>\n<\/tr>\n<\/tbody>\n<\/table>\n","protected":false},"excerpt":{"rendered":"<p>Exerc\u00edcio Decis\u00e3o Dupla Imagine que voc\u00ea esteja dirigindo um carro. Subitamente, uma crian\u00e7a de bicicleta atravessa a rua bem na sua frente. Voc\u00ea consegue parar a tempo? &nbsp; Isso depende, em parte, do seu \u201ccampo de vis\u00e3o \u00fatil\u201d, que \u00e9 a \u00e1rea onde voc\u00ea consegue enxergar detalhes com rapidez e precis\u00e3o enquanto olha para frente. &hellip; <a href=\"https:\/\/neuroforma.com.br\/novo\/why-brainhq\/about-the-exercises\/decisao-dupla\" class=\"more-link\">Continue lendo <span class=\"screen-reader-text\">Decis\u00e3o Dupla<\/span> <span class=\"meta-nav\">&rarr;<\/span><\/a><\/p>\n","protected":false},"author":1,"featured_media":0,"parent":0,"menu_order":0,"comment_status":"closed","ping_status":"closed","template":"","meta":{"footnotes":""},"class_list":["post-1362","page","type-page","status-publish","hentry","repupress_customize_woocommerce_productom_class"],"yoast_head":"<!-- This site is optimized with the Yoast SEO plugin v26.9 - https:\/\/yoast.com\/product\/yoast-seo-wordpress\/ -->\n<title>Decis\u00e3o Dupla -<\/title>\n<meta name=\"robots\" content=\"index, follow, max-snippet:-1, max-image-preview:large, max-video-preview:-1\" \/>\n<link rel=\"canonical\" href=\"https:\/\/neuroforma.com.br\/novo\/why-brainhq\/about-the-exercises\/decisao-dupla\/\" \/>\n<meta property=\"og:locale\" content=\"pt_BR\" \/>\n<meta property=\"og:type\" content=\"article\" \/>\n<meta property=\"og:title\" content=\"Decis\u00e3o Dupla -\" \/>\n<meta property=\"og:description\" content=\"Exerc\u00edcio Decis\u00e3o Dupla Imagine que voc\u00ea esteja dirigindo um carro. Subitamente, uma crian\u00e7a de bicicleta atravessa a rua bem na sua frente. Voc\u00ea consegue parar a tempo? &nbsp; Isso depende, em parte, do seu \u201ccampo de vis\u00e3o \u00fatil\u201d, que \u00e9 a \u00e1rea onde voc\u00ea consegue enxergar detalhes com rapidez e precis\u00e3o enquanto olha para frente. &hellip; Continue lendo Decis\u00e3o Dupla &rarr;\" \/>\n<meta property=\"og:url\" content=\"https:\/\/neuroforma.com.br\/novo\/why-brainhq\/about-the-exercises\/decisao-dupla\/\" \/>\n<meta property=\"article:modified_time\" content=\"2024-07-29T22:54:22+00:00\" \/>\n<meta property=\"og:image\" content=\"https:\/\/neuroforma.com.br\/novo\/wp-content\/uploads\/2014\/01\/icon-double-decision-lm.jpg\" \/>\n<meta name=\"twitter:label1\" content=\"Est. tempo de leitura\" \/>\n\t<meta name=\"twitter:data1\" content=\"4 minutos\" \/>\n<script type=\"application\/ld+json\" class=\"yoast-schema-graph\">{\"@context\":\"https:\/\/schema.org\",\"@graph\":[{\"@type\":\"WebPage\",\"@id\":\"https:\/\/neuroforma.com.br\/novo\/why-brainhq\/about-the-exercises\/decisao-dupla\/\",\"url\":\"https:\/\/neuroforma.com.br\/novo\/why-brainhq\/about-the-exercises\/decisao-dupla\/\",\"name\":\"Decis\u00e3o Dupla -\",\"isPartOf\":{\"@id\":\"https:\/\/neuroforma.com.br\/novo\/#website\"},\"primaryImageOfPage\":{\"@id\":\"https:\/\/neuroforma.com.br\/novo\/why-brainhq\/about-the-exercises\/decisao-dupla\/#primaryimage\"},\"image\":{\"@id\":\"https:\/\/neuroforma.com.br\/novo\/why-brainhq\/about-the-exercises\/decisao-dupla\/#primaryimage\"},\"thumbnailUrl\":\"https:\/\/neuroforma.com.br\/novo\/wp-content\/uploads\/2014\/01\/icon-double-decision-lm.jpg\",\"datePublished\":\"2014-07-03T17:32:11+00:00\",\"dateModified\":\"2024-07-29T22:54:22+00:00\",\"breadcrumb\":{\"@id\":\"https:\/\/neuroforma.com.br\/novo\/why-brainhq\/about-the-exercises\/decisao-dupla\/#breadcrumb\"},\"inLanguage\":\"pt-BR\",\"potentialAction\":[{\"@type\":\"ReadAction\",\"target\":[\"https:\/\/neuroforma.com.br\/novo\/why-brainhq\/about-the-exercises\/decisao-dupla\/\"]}]},{\"@type\":\"ImageObject\",\"inLanguage\":\"pt-BR\",\"@id\":\"https:\/\/neuroforma.com.br\/novo\/why-brainhq\/about-the-exercises\/decisao-dupla\/#primaryimage\",\"url\":\"https:\/\/neuroforma.com.br\/novo\/wp-content\/uploads\/2014\/01\/icon-double-decision-lm.jpg\",\"contentUrl\":\"https:\/\/neuroforma.com.br\/novo\/wp-content\/uploads\/2014\/01\/icon-double-decision-lm.jpg\",\"width\":105,\"height\":115},{\"@type\":\"BreadcrumbList\",\"@id\":\"https:\/\/neuroforma.com.br\/novo\/why-brainhq\/about-the-exercises\/decisao-dupla\/#breadcrumb\",\"itemListElement\":[{\"@type\":\"ListItem\",\"position\":1,\"name\":\"Home\",\"item\":\"https:\/\/neuroforma.com.br\/novo\/\"},{\"@type\":\"ListItem\",\"position\":2,\"name\":\"Decis\u00e3o Dupla\"}]},{\"@type\":\"WebSite\",\"@id\":\"https:\/\/neuroforma.com.br\/novo\/#website\",\"url\":\"https:\/\/neuroforma.com.br\/novo\/\",\"name\":\"\",\"description\":\"\",\"potentialAction\":[{\"@type\":\"SearchAction\",\"target\":{\"@type\":\"EntryPoint\",\"urlTemplate\":\"https:\/\/neuroforma.com.br\/novo\/?s={search_term_string}\"},\"query-input\":{\"@type\":\"PropertyValueSpecification\",\"valueRequired\":true,\"valueName\":\"search_term_string\"}}],\"inLanguage\":\"pt-BR\"}]}<\/script>\n<!-- \/ Yoast SEO plugin. -->","yoast_head_json":{"title":"Decis\u00e3o Dupla -","robots":{"index":"index","follow":"follow","max-snippet":"max-snippet:-1","max-image-preview":"max-image-preview:large","max-video-preview":"max-video-preview:-1"},"canonical":"https:\/\/neuroforma.com.br\/novo\/why-brainhq\/about-the-exercises\/decisao-dupla\/","og_locale":"pt_BR","og_type":"article","og_title":"Decis\u00e3o Dupla -","og_description":"Exerc\u00edcio Decis\u00e3o Dupla Imagine que voc\u00ea esteja dirigindo um carro. Subitamente, uma crian\u00e7a de bicicleta atravessa a rua bem na sua frente. Voc\u00ea consegue parar a tempo? &nbsp; Isso depende, em parte, do seu \u201ccampo de vis\u00e3o \u00fatil\u201d, que \u00e9 a \u00e1rea onde voc\u00ea consegue enxergar detalhes com rapidez e precis\u00e3o enquanto olha para frente. &hellip; Continue lendo Decis\u00e3o Dupla &rarr;","og_url":"https:\/\/neuroforma.com.br\/novo\/why-brainhq\/about-the-exercises\/decisao-dupla\/","article_modified_time":"2024-07-29T22:54:22+00:00","og_image":[{"url":"https:\/\/neuroforma.com.br\/novo\/wp-content\/uploads\/2014\/01\/icon-double-decision-lm.jpg","type":"","width":"","height":""}],"twitter_misc":{"Est. tempo de leitura":"4 minutos"},"schema":{"@context":"https:\/\/schema.org","@graph":[{"@type":"WebPage","@id":"https:\/\/neuroforma.com.br\/novo\/why-brainhq\/about-the-exercises\/decisao-dupla\/","url":"https:\/\/neuroforma.com.br\/novo\/why-brainhq\/about-the-exercises\/decisao-dupla\/","name":"Decis\u00e3o Dupla -","isPartOf":{"@id":"https:\/\/neuroforma.com.br\/novo\/#website"},"primaryImageOfPage":{"@id":"https:\/\/neuroforma.com.br\/novo\/why-brainhq\/about-the-exercises\/decisao-dupla\/#primaryimage"},"image":{"@id":"https:\/\/neuroforma.com.br\/novo\/why-brainhq\/about-the-exercises\/decisao-dupla\/#primaryimage"},"thumbnailUrl":"https:\/\/neuroforma.com.br\/novo\/wp-content\/uploads\/2014\/01\/icon-double-decision-lm.jpg","datePublished":"2014-07-03T17:32:11+00:00","dateModified":"2024-07-29T22:54:22+00:00","breadcrumb":{"@id":"https:\/\/neuroforma.com.br\/novo\/why-brainhq\/about-the-exercises\/decisao-dupla\/#breadcrumb"},"inLanguage":"pt-BR","potentialAction":[{"@type":"ReadAction","target":["https:\/\/neuroforma.com.br\/novo\/why-brainhq\/about-the-exercises\/decisao-dupla\/"]}]},{"@type":"ImageObject","inLanguage":"pt-BR","@id":"https:\/\/neuroforma.com.br\/novo\/why-brainhq\/about-the-exercises\/decisao-dupla\/#primaryimage","url":"https:\/\/neuroforma.com.br\/novo\/wp-content\/uploads\/2014\/01\/icon-double-decision-lm.jpg","contentUrl":"https:\/\/neuroforma.com.br\/novo\/wp-content\/uploads\/2014\/01\/icon-double-decision-lm.jpg","width":105,"height":115},{"@type":"BreadcrumbList","@id":"https:\/\/neuroforma.com.br\/novo\/why-brainhq\/about-the-exercises\/decisao-dupla\/#breadcrumb","itemListElement":[{"@type":"ListItem","position":1,"name":"Home","item":"https:\/\/neuroforma.com.br\/novo\/"},{"@type":"ListItem","position":2,"name":"Decis\u00e3o Dupla"}]},{"@type":"WebSite","@id":"https:\/\/neuroforma.com.br\/novo\/#website","url":"https:\/\/neuroforma.com.br\/novo\/","name":"","description":"","potentialAction":[{"@type":"SearchAction","target":{"@type":"EntryPoint","urlTemplate":"https:\/\/neuroforma.com.br\/novo\/?s={search_term_string}"},"query-input":{"@type":"PropertyValueSpecification","valueRequired":true,"valueName":"search_term_string"}}],"inLanguage":"pt-BR"}]}},"_links":{"self":[{"href":"https:\/\/neuroforma.com.br\/novo\/wp-json\/wp\/v2\/pages\/1362","targetHints":{"allow":["GET"]}}],"collection":[{"href":"https:\/\/neuroforma.com.br\/novo\/wp-json\/wp\/v2\/pages"}],"about":[{"href":"https:\/\/neuroforma.com.br\/novo\/wp-json\/wp\/v2\/types\/page"}],"author":[{"embeddable":true,"href":"https:\/\/neuroforma.com.br\/novo\/wp-json\/wp\/v2\/users\/1"}],"replies":[{"embeddable":true,"href":"https:\/\/neuroforma.com.br\/novo\/wp-json\/wp\/v2\/comments?post=1362"}],"version-history":[{"count":29,"href":"https:\/\/neuroforma.com.br\/novo\/wp-json\/wp\/v2\/pages\/1362\/revisions"}],"predecessor-version":[{"id":6851,"href":"https:\/\/neuroforma.com.br\/novo\/wp-json\/wp\/v2\/pages\/1362\/revisions\/6851"}],"wp:attachment":[{"href":"https:\/\/neuroforma.com.br\/novo\/wp-json\/wp\/v2\/media?parent=1362"}],"curies":[{"name":"wp","href":"https:\/\/api.w.org\/{rel}","templated":true}]}}