{"id":1356,"date":"2014-07-03T17:11:23","date_gmt":"2014-07-03T17:11:23","guid":{"rendered":"https:\/\/neuroforma.com.br\/novo\/?page_id=1356"},"modified":"2017-05-02T20:11:46","modified_gmt":"2017-05-02T20:11:46","slug":"atencao-dividida","status":"publish","type":"page","link":"https:\/\/neuroforma.com.br\/novo\/why-brainhq\/about-the-exercises\/atencao-dividida","title":{"rendered":"Aten\u00e7\u00e3o Dividida"},"content":{"rendered":"<h1>Aten\u00e7\u00e3o Dividida<\/h1>\n<a href=\"https:\/\/br.brainhq.com\/#ex-select\/attention\" class=\"su-button su-button-style-flat\" style=\"color:#FFFFFF;background-color:#144d8d;border-color:#103e71;border-radius:5px\" target=\"_blank\" rel=\"noopener noreferrer\"><span style=\"color:#FFFFFF;padding:0px 34px;font-size:25px;line-height:50px;border-color:#5b83b0;border-radius:5px;text-shadow:none\"> Pratique Agora!<\/span><\/a>\n<p><img loading=\"lazy\" decoding=\"async\" class=\"alignleft size-full wp-image-1225\" src=\"https:\/\/neuroforma.com.br\/novo\/wp-content\/uploads\/2014\/01\/icon-divided-attention-lm.jpg\" alt=\"icon-divided-attention-lm\" width=\"105\" height=\"115\" \/><\/p>\n<p>Ao circular pelo mundo, temos que prestar aten\u00e7\u00e3o ao que \u00e9 importante e ao mesmo tempo descartar o que n\u00e3o \u00e9 importante seja para nossa seguran\u00e7a, sa\u00fade ou satisfa\u00e7\u00e3o. \u00c9 bom perceber a rachadura na cal\u00e7ada para n\u00e3o trope\u00e7armos, controlarmos nossos impulsos para melhorar nossa educa\u00e7\u00e3o alimentar ou mesmo perceber os detalhes intricados de uma bela est\u00e1tua ou a virada de roteiro que faz com que aquele filme fa\u00e7a todo sentido.<\/p>\n<p>&nbsp;<\/p>\n<p>Mas, para usar os recursos que permitem se concentrar no que \u00e9 importante, \u00e9 imprescind\u00edvel que seu c\u00e9rebro tenha a capacidade de suprimir a aten\u00e7\u00e3o a todos os detalhes irrelevantes que est\u00e3o \u00e0 nossa volta. \u00c9 bom perceber a rachadura na cal\u00e7ada que pode fazer voc\u00ea trope\u00e7ar, mas n\u00e3o \u00e9 bom desperdi\u00e7ar os recursos do seu c\u00e9rebro para perceber cada imperfei\u00e7\u00e3o da cal\u00e7ada. Descartar o que n\u00e3o importa \u00e9 t\u00e3o importante quanto perceber o que importa.<\/p>\n<p>&nbsp;<\/p>\n<p>O exerc\u00edcio de Aten\u00e7\u00e3o Dividida exige que seu c\u00e9rebro se concentre em detalhes espec\u00edficos e reaja a eles, ao mesmo tempo em que descarta informa\u00e7\u00f5es paralelas. Duas imagens s\u00e3o exibidas na tela repetidamente, e voc\u00ea ter\u00e1 que pressionar uma determinada seta quando as imagens corresponderem a determinados crit\u00e9rios. Por exemplo, voc\u00ea pode ter que pressionar a tecla para a esquerda quando as imagens tiverem a mesma cor, e pressionar a tecla para a direita quando n\u00e3o.<\/p>\n<p>&nbsp;<\/p>\n<p>&nbsp;<\/p>\n<p><a href=\"https:\/\/neuroforma.com.br\/novo\/wp-content\/uploads\/2014\/07\/Atenc\u0327a\u0303o-Dividida-novo.png\"><img loading=\"lazy\" decoding=\"async\" class=\"  wp-image-3520 aligncenter\" src=\"https:\/\/neuroforma.com.br\/novo\/wp-content\/uploads\/2014\/07\/Atenc\u0327a\u0303o-Dividida-novo.png\" alt=\"Atenc\u0327a\u0303o Dividida (novo)\" width=\"484\" height=\"363\" srcset=\"https:\/\/neuroforma.com.br\/novo\/wp-content\/uploads\/2014\/07\/Atenc\u0327a\u0303o-Dividida-novo.png 2048w, https:\/\/neuroforma.com.br\/novo\/wp-content\/uploads\/2014\/07\/Atenc\u0327a\u0303o-Dividida-novo-300x225.png 300w, https:\/\/neuroforma.com.br\/novo\/wp-content\/uploads\/2014\/07\/Atenc\u0327a\u0303o-Dividida-novo-1024x768.png 1024w, https:\/\/neuroforma.com.br\/novo\/wp-content\/uploads\/2014\/07\/Atenc\u0327a\u0303o-Dividida-novo-500x375.png 500w\" sizes=\"auto, (max-width: 484px) 100vw, 484px\" \/><\/a><\/p>\n<p>Seu c\u00e9rebro tem que perceber rapidamente se as duas imagens t\u00eam a mesma cor e pressionar a tecla adequada, al\u00e9m de n\u00e3o se confundir quando as imagens n\u00e3o forem da mesma cor \u2014 mesmo que elas tenham algo em comum (como, p. ex., se forem dois tri\u00e2ngulos). Este exerc\u00edcio de aten\u00e7\u00e3o apresenta um desafio a mais para sua flexibilidade cerebral, alterando os detalhes que dever\u00e3o ser identificados:<\/p>\n<ul>\n<li>Categorias diferentes: voc\u00ea pode come\u00e7ar tendo que identificar cores iguais, em seguida formatos iguais, e depois padr\u00f5es de preenchimento iguais (p. ex., s\u00f3lido, linhas, vazio).<\/li>\n<li>M\u00faltiplas categorias: voc\u00ea pode ter que identificar cores iguais, mas depois ter que identificar cores e formatos iguais ou cores iguais, mas formatos diferentes.<\/li>\n<\/ul>\n<p>Conforme voc\u00ea melhorar o desempenho em cada n\u00edvel, as imagens aparecer\u00e3o por menos tempo, for\u00e7ando seu c\u00e9rebro a acelerar a habilidade de destacar as informa\u00e7\u00f5es corretas e ignorar as erradas.<\/p>\n<p>&nbsp;<\/p>\n<p>A habilidade de prestar aten\u00e7\u00e3o no que \u00e9 importante e descartar o que n\u00e3o \u00e9 pode ter consequ\u00eancias profundas na vida cotidiana. Desde encontrar seu molho de tomate preferido em uma prateleira de mercado repleta de latas diversas, at\u00e9 identificar um velho amigo em um aeroporto lotado no meio de centenas de rostos \u2014 tudo isso depende, em parte, da sua habilidade de se concentrar em detalhes importantes e descartar rapidamente aquilo que n\u00e3o se enquadra nesses detalhes. Ao aprimorar essa capacidade, voc\u00ea poder\u00e1 se sentir mais confiante e capaz!<\/p>\n<p>&nbsp;<\/p>\n<h3>Aten\u00e7\u00e3o Dividida em poucas palavras<\/h3>\n<p>&nbsp;<\/p>\n<table border=\"1\" width=\"588\" cellspacing=\"0\" cellpadding=\"0\">\n<tbody>\n<tr>\n<td bgcolor=\"#999999\" width=\"160\"><strong>Tarefa<\/strong><\/td>\n<td bgcolor=\"#999999\" width=\"93\"><strong>Objetivo<\/strong><\/td>\n<td bgcolor=\"#999999\" width=\"138\"><strong>Evolu\u00e7\u00e3o <\/strong><\/td>\n<td bgcolor=\"#999999\" width=\"146\"><strong>Pontua\u00e7\u00e3o<\/strong><\/td>\n<\/tr>\n<tr>\n<td valign=\"top\" bgcolor=\"#CCCCCC\" width=\"160\">Observe duas imagens piscando na tela e decida se elas atendem a certos crit\u00e9rios para resposta imediata.<\/td>\n<td valign=\"top\" bgcolor=\"#CCCCCC\" width=\"93\">Aprimorar as capacidades de Foco e Aten\u00e7\u00e3o.<\/td>\n<td valign=\"top\" bgcolor=\"#CCCCCC\" width=\"138\">As categorias variam entre cor, formato e padr\u00e3o de preenchimento;As categorias se sobrep\u00f5em.<\/td>\n<td valign=\"top\" bgcolor=\"#CCCCCC\" width=\"146\">Ao avan\u00e7ar, as imagens piscam mais rapidamente;Quanto menor o tempo de resposta, melhor \ud83d\ude09<\/td>\n<\/tr>\n<\/tbody>\n<\/table>\n","protected":false},"excerpt":{"rendered":"<p>Aten\u00e7\u00e3o Dividida Ao circular pelo mundo, temos que prestar aten\u00e7\u00e3o ao que \u00e9 importante e ao mesmo tempo descartar o que n\u00e3o \u00e9 importante seja para nossa seguran\u00e7a, sa\u00fade ou satisfa\u00e7\u00e3o. \u00c9 bom perceber a rachadura na cal\u00e7ada para n\u00e3o trope\u00e7armos, controlarmos nossos impulsos para melhorar nossa educa\u00e7\u00e3o alimentar ou mesmo perceber os detalhes intricados &hellip; <a href=\"https:\/\/neuroforma.com.br\/novo\/why-brainhq\/about-the-exercises\/atencao-dividida\" class=\"more-link\">Continue lendo <span class=\"screen-reader-text\">Aten\u00e7\u00e3o Dividida<\/span> <span class=\"meta-nav\">&rarr;<\/span><\/a><\/p>\n","protected":false},"author":1,"featured_media":0,"parent":0,"menu_order":0,"comment_status":"closed","ping_status":"closed","template":"","meta":{"footnotes":""},"class_list":["post-1356","page","type-page","status-publish","hentry","repupress_customize_woocommerce_productom_class"],"yoast_head":"<!-- This site is optimized with the Yoast SEO plugin v26.9 - https:\/\/yoast.com\/product\/yoast-seo-wordpress\/ -->\n<title>Aten\u00e7\u00e3o Dividida -<\/title>\n<meta name=\"robots\" content=\"index, follow, max-snippet:-1, max-image-preview:large, max-video-preview:-1\" \/>\n<link rel=\"canonical\" href=\"https:\/\/neuroforma.com.br\/novo\/why-brainhq\/about-the-exercises\/atencao-dividida\/\" \/>\n<meta property=\"og:locale\" content=\"pt_BR\" \/>\n<meta property=\"og:type\" content=\"article\" \/>\n<meta property=\"og:title\" content=\"Aten\u00e7\u00e3o Dividida -\" \/>\n<meta property=\"og:description\" content=\"Aten\u00e7\u00e3o Dividida Ao circular pelo mundo, temos que prestar aten\u00e7\u00e3o ao que \u00e9 importante e ao mesmo tempo descartar o que n\u00e3o \u00e9 importante seja para nossa seguran\u00e7a, sa\u00fade ou satisfa\u00e7\u00e3o. \u00c9 bom perceber a rachadura na cal\u00e7ada para n\u00e3o trope\u00e7armos, controlarmos nossos impulsos para melhorar nossa educa\u00e7\u00e3o alimentar ou mesmo perceber os detalhes intricados &hellip; Continue lendo Aten\u00e7\u00e3o Dividida &rarr;\" \/>\n<meta property=\"og:url\" content=\"https:\/\/neuroforma.com.br\/novo\/why-brainhq\/about-the-exercises\/atencao-dividida\/\" \/>\n<meta property=\"article:modified_time\" content=\"2017-05-02T20:11:46+00:00\" \/>\n<meta property=\"og:image\" content=\"https:\/\/neuroforma.com.br\/novo\/wp-content\/uploads\/2014\/01\/icon-divided-attention-lm.jpg\" \/>\n<meta name=\"twitter:label1\" content=\"Est. tempo de leitura\" \/>\n\t<meta name=\"twitter:data1\" content=\"3 minutos\" \/>\n<script type=\"application\/ld+json\" class=\"yoast-schema-graph\">{\"@context\":\"https:\/\/schema.org\",\"@graph\":[{\"@type\":\"WebPage\",\"@id\":\"https:\/\/neuroforma.com.br\/novo\/why-brainhq\/about-the-exercises\/atencao-dividida\/\",\"url\":\"https:\/\/neuroforma.com.br\/novo\/why-brainhq\/about-the-exercises\/atencao-dividida\/\",\"name\":\"Aten\u00e7\u00e3o Dividida -\",\"isPartOf\":{\"@id\":\"https:\/\/neuroforma.com.br\/novo\/#website\"},\"primaryImageOfPage\":{\"@id\":\"https:\/\/neuroforma.com.br\/novo\/why-brainhq\/about-the-exercises\/atencao-dividida\/#primaryimage\"},\"image\":{\"@id\":\"https:\/\/neuroforma.com.br\/novo\/why-brainhq\/about-the-exercises\/atencao-dividida\/#primaryimage\"},\"thumbnailUrl\":\"https:\/\/neuroforma.com.br\/novo\/wp-content\/uploads\/2014\/01\/icon-divided-attention-lm.jpg\",\"datePublished\":\"2014-07-03T17:11:23+00:00\",\"dateModified\":\"2017-05-02T20:11:46+00:00\",\"breadcrumb\":{\"@id\":\"https:\/\/neuroforma.com.br\/novo\/why-brainhq\/about-the-exercises\/atencao-dividida\/#breadcrumb\"},\"inLanguage\":\"pt-BR\",\"potentialAction\":[{\"@type\":\"ReadAction\",\"target\":[\"https:\/\/neuroforma.com.br\/novo\/why-brainhq\/about-the-exercises\/atencao-dividida\/\"]}]},{\"@type\":\"ImageObject\",\"inLanguage\":\"pt-BR\",\"@id\":\"https:\/\/neuroforma.com.br\/novo\/why-brainhq\/about-the-exercises\/atencao-dividida\/#primaryimage\",\"url\":\"https:\/\/neuroforma.com.br\/novo\/wp-content\/uploads\/2014\/01\/icon-divided-attention-lm.jpg\",\"contentUrl\":\"https:\/\/neuroforma.com.br\/novo\/wp-content\/uploads\/2014\/01\/icon-divided-attention-lm.jpg\",\"width\":105,\"height\":115},{\"@type\":\"BreadcrumbList\",\"@id\":\"https:\/\/neuroforma.com.br\/novo\/why-brainhq\/about-the-exercises\/atencao-dividida\/#breadcrumb\",\"itemListElement\":[{\"@type\":\"ListItem\",\"position\":1,\"name\":\"Home\",\"item\":\"https:\/\/neuroforma.com.br\/novo\/\"},{\"@type\":\"ListItem\",\"position\":2,\"name\":\"Aten\u00e7\u00e3o Dividida\"}]},{\"@type\":\"WebSite\",\"@id\":\"https:\/\/neuroforma.com.br\/novo\/#website\",\"url\":\"https:\/\/neuroforma.com.br\/novo\/\",\"name\":\"\",\"description\":\"\",\"potentialAction\":[{\"@type\":\"SearchAction\",\"target\":{\"@type\":\"EntryPoint\",\"urlTemplate\":\"https:\/\/neuroforma.com.br\/novo\/?s={search_term_string}\"},\"query-input\":{\"@type\":\"PropertyValueSpecification\",\"valueRequired\":true,\"valueName\":\"search_term_string\"}}],\"inLanguage\":\"pt-BR\"}]}<\/script>\n<!-- \/ Yoast SEO plugin. -->","yoast_head_json":{"title":"Aten\u00e7\u00e3o Dividida -","robots":{"index":"index","follow":"follow","max-snippet":"max-snippet:-1","max-image-preview":"max-image-preview:large","max-video-preview":"max-video-preview:-1"},"canonical":"https:\/\/neuroforma.com.br\/novo\/why-brainhq\/about-the-exercises\/atencao-dividida\/","og_locale":"pt_BR","og_type":"article","og_title":"Aten\u00e7\u00e3o Dividida -","og_description":"Aten\u00e7\u00e3o Dividida Ao circular pelo mundo, temos que prestar aten\u00e7\u00e3o ao que \u00e9 importante e ao mesmo tempo descartar o que n\u00e3o \u00e9 importante seja para nossa seguran\u00e7a, sa\u00fade ou satisfa\u00e7\u00e3o. \u00c9 bom perceber a rachadura na cal\u00e7ada para n\u00e3o trope\u00e7armos, controlarmos nossos impulsos para melhorar nossa educa\u00e7\u00e3o alimentar ou mesmo perceber os detalhes intricados &hellip; Continue lendo Aten\u00e7\u00e3o Dividida &rarr;","og_url":"https:\/\/neuroforma.com.br\/novo\/why-brainhq\/about-the-exercises\/atencao-dividida\/","article_modified_time":"2017-05-02T20:11:46+00:00","og_image":[{"url":"https:\/\/neuroforma.com.br\/novo\/wp-content\/uploads\/2014\/01\/icon-divided-attention-lm.jpg","type":"","width":"","height":""}],"twitter_misc":{"Est. tempo de leitura":"3 minutos"},"schema":{"@context":"https:\/\/schema.org","@graph":[{"@type":"WebPage","@id":"https:\/\/neuroforma.com.br\/novo\/why-brainhq\/about-the-exercises\/atencao-dividida\/","url":"https:\/\/neuroforma.com.br\/novo\/why-brainhq\/about-the-exercises\/atencao-dividida\/","name":"Aten\u00e7\u00e3o Dividida -","isPartOf":{"@id":"https:\/\/neuroforma.com.br\/novo\/#website"},"primaryImageOfPage":{"@id":"https:\/\/neuroforma.com.br\/novo\/why-brainhq\/about-the-exercises\/atencao-dividida\/#primaryimage"},"image":{"@id":"https:\/\/neuroforma.com.br\/novo\/why-brainhq\/about-the-exercises\/atencao-dividida\/#primaryimage"},"thumbnailUrl":"https:\/\/neuroforma.com.br\/novo\/wp-content\/uploads\/2014\/01\/icon-divided-attention-lm.jpg","datePublished":"2014-07-03T17:11:23+00:00","dateModified":"2017-05-02T20:11:46+00:00","breadcrumb":{"@id":"https:\/\/neuroforma.com.br\/novo\/why-brainhq\/about-the-exercises\/atencao-dividida\/#breadcrumb"},"inLanguage":"pt-BR","potentialAction":[{"@type":"ReadAction","target":["https:\/\/neuroforma.com.br\/novo\/why-brainhq\/about-the-exercises\/atencao-dividida\/"]}]},{"@type":"ImageObject","inLanguage":"pt-BR","@id":"https:\/\/neuroforma.com.br\/novo\/why-brainhq\/about-the-exercises\/atencao-dividida\/#primaryimage","url":"https:\/\/neuroforma.com.br\/novo\/wp-content\/uploads\/2014\/01\/icon-divided-attention-lm.jpg","contentUrl":"https:\/\/neuroforma.com.br\/novo\/wp-content\/uploads\/2014\/01\/icon-divided-attention-lm.jpg","width":105,"height":115},{"@type":"BreadcrumbList","@id":"https:\/\/neuroforma.com.br\/novo\/why-brainhq\/about-the-exercises\/atencao-dividida\/#breadcrumb","itemListElement":[{"@type":"ListItem","position":1,"name":"Home","item":"https:\/\/neuroforma.com.br\/novo\/"},{"@type":"ListItem","position":2,"name":"Aten\u00e7\u00e3o Dividida"}]},{"@type":"WebSite","@id":"https:\/\/neuroforma.com.br\/novo\/#website","url":"https:\/\/neuroforma.com.br\/novo\/","name":"","description":"","potentialAction":[{"@type":"SearchAction","target":{"@type":"EntryPoint","urlTemplate":"https:\/\/neuroforma.com.br\/novo\/?s={search_term_string}"},"query-input":{"@type":"PropertyValueSpecification","valueRequired":true,"valueName":"search_term_string"}}],"inLanguage":"pt-BR"}]}},"_links":{"self":[{"href":"https:\/\/neuroforma.com.br\/novo\/wp-json\/wp\/v2\/pages\/1356","targetHints":{"allow":["GET"]}}],"collection":[{"href":"https:\/\/neuroforma.com.br\/novo\/wp-json\/wp\/v2\/pages"}],"about":[{"href":"https:\/\/neuroforma.com.br\/novo\/wp-json\/wp\/v2\/types\/page"}],"author":[{"embeddable":true,"href":"https:\/\/neuroforma.com.br\/novo\/wp-json\/wp\/v2\/users\/1"}],"replies":[{"embeddable":true,"href":"https:\/\/neuroforma.com.br\/novo\/wp-json\/wp\/v2\/comments?post=1356"}],"version-history":[{"count":24,"href":"https:\/\/neuroforma.com.br\/novo\/wp-json\/wp\/v2\/pages\/1356\/revisions"}],"predecessor-version":[{"id":4123,"href":"https:\/\/neuroforma.com.br\/novo\/wp-json\/wp\/v2\/pages\/1356\/revisions\/4123"}],"wp:attachment":[{"href":"https:\/\/neuroforma.com.br\/novo\/wp-json\/wp\/v2\/media?parent=1356"}],"curies":[{"name":"wp","href":"https:\/\/api.w.org\/{rel}","templated":true}]}}