{"id":1296,"date":"2014-07-02T19:38:30","date_gmt":"2014-07-02T19:38:30","guid":{"rendered":"https:\/\/neuroforma.com.br\/novo\/?page_id=1296"},"modified":"2017-05-02T20:05:18","modified_gmt":"2017-05-02T20:05:18","slug":"pilhas-de-silabas","status":"publish","type":"page","link":"https:\/\/neuroforma.com.br\/novo\/why-brainhq\/about-the-exercises\/pilhas-de-silabas","title":{"rendered":"Pilhas de S\u00edlabas"},"content":{"rendered":"<h1>Pilhas de S\u00edlabas<\/h1>\n<a href=\"https:\/\/br.brainhq.com\/#ex-select\/memory\" class=\"su-button su-button-style-flat\" style=\"color:#FFFFFF;background-color:#144d8d;border-color:#103e71;border-radius:5px\" target=\"_blank\" rel=\"noopener noreferrer\"><span style=\"color:#FFFFFF;padding:0px 34px;font-size:25px;line-height:50px;border-color:#5b83b0;border-radius:5px;text-shadow:none\"> Pratique Agora!<\/span><\/a>\n<p><img loading=\"lazy\" decoding=\"async\" class=\"alignleft size-full wp-image-1214\" alt=\"icon-syllable-stacks-lm\" src=\"https:\/\/neuroforma.com.br\/novo\/wp-content\/uploads\/2014\/01\/icon-syllable-stacks-lm.jpg\" width=\"105\" height=\"115\" \/>Voc\u00ea j\u00e1 consultou um n\u00famero de telefone na agenda e ent\u00e3o se esqueceu de parte dele antes mesmo de acabar de discar?<\/p>\n<p>Para nos lembrarmos de um telefone por tempo suficiente para disc\u00e1-lo, dependemos da nossa mem\u00f3ria de trabalho, uma mem\u00f3ria de curt\u00edssimo prazo (menos de um minuto) que costuma ser descrita como o \u201cbloco de anota\u00e7\u00f5es\u201d do c\u00e9rebro. A mem\u00f3ria de trabalho mant\u00e9m \u00e0 m\u00e3o certas informa\u00e7\u00f5es, como n\u00fameros, nomes ou outras, por tempo suficiente apenas para us\u00e1-las ou armazen\u00e1-las. Por exemplo, a mem\u00f3ria de trabalho \u00e9 o que ajuda voc\u00ea a se lembrar da primeira metade de uma frase por tempo bastante para entender o final! Os processos cerebrais da mem\u00f3ria de trabalho contribuem em muitos aspectos de comportamentos mais complexos. Por isso, aprimorar esses processos \u00e9 um dos principais objetivos dos exerc\u00edcios para o c\u00e9rebro.<\/p>\n<p>&nbsp;<\/p>\n<p>Pilhas de S\u00edlabas \u00e9 um exerc\u00edcio de \u201ccapacidade de mem\u00f3ria sequencial\u201d que agu\u00e7a a mem\u00f3ria de trabalho, exigindo que o c\u00e9rebro se lembre de cada vez mais informa\u00e7\u00f5es, que se tornam cada vez mais parecidas (ou seja, mais f\u00e1ceis de serem confundidas pelo c\u00e9rebro). Em Pilhas de S\u00edlabas, voc\u00ea escuta uma s\u00e9rie de s\u00edlabas e, em seguida, as repete em determinada ordem. O exerc\u00edcio muda conforme voc\u00ea avan\u00e7a, para oferecer desafio maiores ao seu c\u00e9rebro:<\/p>\n<p>&nbsp;<\/p>\n<ul>\n<li>A quantidade de s\u00edlabas aumenta conforme seu desempenho na tarefa melhora. No in\u00edcio s\u00e3o duas s\u00edlabas, e depois essa quantidade aumenta.<\/li>\n<li>As s\u00edlabas s\u00e3o reproduzidas num intervalo cada vez menor, dando menos tempo para seu c\u00e9rebro gravar cada uma.<\/li>\n<li>A entona\u00e7\u00e3o das s\u00edlabas gradualmente muda de uma fala lenta e altamente manipulada para uma fala muito mais r\u00e1pida do que o normal.<\/li>\n<li>\u00c0s vezes,o exerc\u00edcio envolve elementos enganadores \u2014 bot\u00f5es que n\u00e3o representam nenhum dos sons que voc\u00ea ouviu.<\/li>\n<\/ul>\n<p>&nbsp;<\/p>\n<p>Ao fazer o exerc\u00edcio, \u00e9 poss\u00edvel que voc\u00ea queira saber por que nossos cientistas escolheram essas s\u00edlabas em particular. Elas representam combina\u00e7\u00f5es de sons comuns em portugu\u00eas e foram especialmente manipuladas para ajudar seu c\u00e9rebro a aprimorar a representa\u00e7\u00e3o dos sons individuais de cada uma. Trata-se das mesmas s\u00edlabas usadas no exerc\u00edcio Jogo da Mem\u00f3ria. (Para saber mais sobre como elas foram escolhidas e manipuladas, acesse a p\u00e1gina do exerc\u00edcio Jogo da Mem\u00f3ria.)<\/p>\n<p><a href=\"https:\/\/neuroforma.com.br\/novo\/wp-content\/uploads\/2014\/07\/bhq-ex-syllable-stacks-01-br.jpg\"><img loading=\"lazy\" decoding=\"async\" class=\"size-full wp-image-1463 alignright\" alt=\"bhq-ex-syllable-stacks-01-br\" src=\"https:\/\/neuroforma.com.br\/novo\/wp-content\/uploads\/2014\/07\/bhq-ex-syllable-stacks-01-br.jpg\" width=\"497\" height=\"227\" srcset=\"https:\/\/neuroforma.com.br\/novo\/wp-content\/uploads\/2014\/07\/bhq-ex-syllable-stacks-01-br.jpg 497w, https:\/\/neuroforma.com.br\/novo\/wp-content\/uploads\/2014\/07\/bhq-ex-syllable-stacks-01-br-300x137.jpg 300w\" sizes=\"auto, (max-width: 497px) 100vw, 497px\" \/><\/a><\/p>\n<p>Mais uma observa\u00e7\u00e3o sobre o exerc\u00edcio Pilhas de S\u00edlabas: como voc\u00ea j\u00e1 deve ter percebido, este \u00e9 um entre os muitos exerc\u00edcios de BrainHQ que trabalham o processo auditivo do seu c\u00e9rebro. Temos exerc\u00edcios de mem\u00f3ria que aprimoram todos os n\u00edveis da escuta, desde as varia\u00e7\u00f5es de frequ\u00eancia em Ondas Sonoras at\u00e9 os fonemas de Sintonia Fina, desde as s\u00edlabas de Pilhas de S\u00edlabas e Jogo da Mem\u00f3ria at\u00e9 as frases na Lista de Tarefas e as narrativas de Familiaridade. Fizemos isso porque, para que haja uma recep\u00e7\u00e3o sonora precisa \u2014 essencial para fortalecer a mem\u00f3ria e outras faculdades cognitivas \u2014, \u00e9 preciso agu\u00e7ar os neur\u00f4nios do c\u00e9rebro de baixo para cima. Dos neur\u00f4nios \u201cinferiores\u201d, que processam varia\u00e7\u00f5es de frequ\u00eancia, at\u00e9 os \u201csuperiores\u201d, que processam o significado das conversas \u2014 para deixar seu c\u00e9rebro em boa forma e para que isso se reflita no seu dia a dia, \u00e9 preciso que todo o sistema trabalhe da melhor forma poss\u00edvel!<\/p>\n<p>&nbsp;<\/p>\n<h3>Pilhas de S\u00edlabas em poucas palavras<\/h3>\n<table border=\"1\" cellspacing=\"0\" cellpadding=\"0\">\n<tbody>\n<tr>\n<td valign=\"top\" bgcolor=\"#999999\" width=\"159\"><strong>Tarefa<\/strong><\/td>\n<td valign=\"top\" bgcolor=\"#999999\" width=\"159\"><strong>Objetivo<\/strong><\/td>\n<td valign=\"top\" bgcolor=\"#999999\" width=\"159\"><strong>Evolu\u00e7\u00e3o<\/strong><\/td>\n<td valign=\"top\" bgcolor=\"#999999\" width=\"159\"><strong>Pontua\u00e7\u00e3o<\/strong><\/td>\n<\/tr>\n<tr>\n<td valign=\"top\" bgcolor=\"#CCCCCC\" width=\"159\">Ouvir uma s\u00e9rie de sons e, em seguida, clicar neles na ordem certa<\/td>\n<td valign=\"top\" bgcolor=\"#CCCCCC\" width=\"159\">Mem\u00f3ria<\/td>\n<td valign=\"top\" bgcolor=\"#CCCCCC\" width=\"159\">As s\u00edlabas mudam, tornando-se mais parecidasA manipula\u00e7\u00e3o da fala diminuiA voz muda<\/td>\n<td valign=\"top\" bgcolor=\"#CCCCCC\" width=\"159\">Conforme voc\u00ea avan\u00e7a, a quantidade de sons nas s\u00e9ries aumenta<\/td>\n<\/tr>\n<\/tbody>\n<\/table>\n","protected":false},"excerpt":{"rendered":"<p>Pilhas de S\u00edlabas Voc\u00ea j\u00e1 consultou um n\u00famero de telefone na agenda e ent\u00e3o se esqueceu de parte dele antes mesmo de acabar de discar? Para nos lembrarmos de um telefone por tempo suficiente para disc\u00e1-lo, dependemos da nossa mem\u00f3ria de trabalho, uma mem\u00f3ria de curt\u00edssimo prazo (menos de um minuto) que costuma ser descrita &hellip; <a href=\"https:\/\/neuroforma.com.br\/novo\/why-brainhq\/about-the-exercises\/pilhas-de-silabas\" class=\"more-link\">Continue lendo <span class=\"screen-reader-text\">Pilhas de S\u00edlabas<\/span> <span class=\"meta-nav\">&rarr;<\/span><\/a><\/p>\n","protected":false},"author":1,"featured_media":0,"parent":0,"menu_order":0,"comment_status":"closed","ping_status":"closed","template":"","meta":{"footnotes":""},"class_list":["post-1296","page","type-page","status-publish","hentry","repupress_customize_woocommerce_productom_class"],"yoast_head":"<!-- This site is optimized with the Yoast SEO plugin v26.9 - https:\/\/yoast.com\/product\/yoast-seo-wordpress\/ -->\n<title>Pilhas de S\u00edlabas -<\/title>\n<meta name=\"robots\" content=\"index, follow, max-snippet:-1, max-image-preview:large, max-video-preview:-1\" \/>\n<link rel=\"canonical\" href=\"https:\/\/neuroforma.com.br\/novo\/why-brainhq\/about-the-exercises\/pilhas-de-silabas\/\" \/>\n<meta property=\"og:locale\" content=\"pt_BR\" \/>\n<meta property=\"og:type\" content=\"article\" \/>\n<meta property=\"og:title\" content=\"Pilhas de S\u00edlabas -\" \/>\n<meta property=\"og:description\" content=\"Pilhas de S\u00edlabas Voc\u00ea j\u00e1 consultou um n\u00famero de telefone na agenda e ent\u00e3o se esqueceu de parte dele antes mesmo de acabar de discar? Para nos lembrarmos de um telefone por tempo suficiente para disc\u00e1-lo, dependemos da nossa mem\u00f3ria de trabalho, uma mem\u00f3ria de curt\u00edssimo prazo (menos de um minuto) que costuma ser descrita &hellip; Continue lendo Pilhas de S\u00edlabas &rarr;\" \/>\n<meta property=\"og:url\" content=\"https:\/\/neuroforma.com.br\/novo\/why-brainhq\/about-the-exercises\/pilhas-de-silabas\/\" \/>\n<meta property=\"article:modified_time\" content=\"2017-05-02T20:05:18+00:00\" \/>\n<meta property=\"og:image\" content=\"https:\/\/neuroforma.com.br\/novo\/wp-content\/uploads\/2014\/01\/icon-syllable-stacks-lm.jpg\" \/>\n<meta name=\"twitter:label1\" content=\"Est. tempo de leitura\" \/>\n\t<meta name=\"twitter:data1\" content=\"3 minutos\" \/>\n<script type=\"application\/ld+json\" class=\"yoast-schema-graph\">{\"@context\":\"https:\/\/schema.org\",\"@graph\":[{\"@type\":\"WebPage\",\"@id\":\"https:\/\/neuroforma.com.br\/novo\/why-brainhq\/about-the-exercises\/pilhas-de-silabas\/\",\"url\":\"https:\/\/neuroforma.com.br\/novo\/why-brainhq\/about-the-exercises\/pilhas-de-silabas\/\",\"name\":\"Pilhas de S\u00edlabas -\",\"isPartOf\":{\"@id\":\"https:\/\/neuroforma.com.br\/novo\/#website\"},\"primaryImageOfPage\":{\"@id\":\"https:\/\/neuroforma.com.br\/novo\/why-brainhq\/about-the-exercises\/pilhas-de-silabas\/#primaryimage\"},\"image\":{\"@id\":\"https:\/\/neuroforma.com.br\/novo\/why-brainhq\/about-the-exercises\/pilhas-de-silabas\/#primaryimage\"},\"thumbnailUrl\":\"https:\/\/neuroforma.com.br\/novo\/wp-content\/uploads\/2014\/01\/icon-syllable-stacks-lm.jpg\",\"datePublished\":\"2014-07-02T19:38:30+00:00\",\"dateModified\":\"2017-05-02T20:05:18+00:00\",\"breadcrumb\":{\"@id\":\"https:\/\/neuroforma.com.br\/novo\/why-brainhq\/about-the-exercises\/pilhas-de-silabas\/#breadcrumb\"},\"inLanguage\":\"pt-BR\",\"potentialAction\":[{\"@type\":\"ReadAction\",\"target\":[\"https:\/\/neuroforma.com.br\/novo\/why-brainhq\/about-the-exercises\/pilhas-de-silabas\/\"]}]},{\"@type\":\"ImageObject\",\"inLanguage\":\"pt-BR\",\"@id\":\"https:\/\/neuroforma.com.br\/novo\/why-brainhq\/about-the-exercises\/pilhas-de-silabas\/#primaryimage\",\"url\":\"https:\/\/neuroforma.com.br\/novo\/wp-content\/uploads\/2014\/01\/icon-syllable-stacks-lm.jpg\",\"contentUrl\":\"https:\/\/neuroforma.com.br\/novo\/wp-content\/uploads\/2014\/01\/icon-syllable-stacks-lm.jpg\",\"width\":105,\"height\":115},{\"@type\":\"BreadcrumbList\",\"@id\":\"https:\/\/neuroforma.com.br\/novo\/why-brainhq\/about-the-exercises\/pilhas-de-silabas\/#breadcrumb\",\"itemListElement\":[{\"@type\":\"ListItem\",\"position\":1,\"name\":\"Home\",\"item\":\"https:\/\/neuroforma.com.br\/novo\/\"},{\"@type\":\"ListItem\",\"position\":2,\"name\":\"Pilhas de S\u00edlabas\"}]},{\"@type\":\"WebSite\",\"@id\":\"https:\/\/neuroforma.com.br\/novo\/#website\",\"url\":\"https:\/\/neuroforma.com.br\/novo\/\",\"name\":\"\",\"description\":\"\",\"potentialAction\":[{\"@type\":\"SearchAction\",\"target\":{\"@type\":\"EntryPoint\",\"urlTemplate\":\"https:\/\/neuroforma.com.br\/novo\/?s={search_term_string}\"},\"query-input\":{\"@type\":\"PropertyValueSpecification\",\"valueRequired\":true,\"valueName\":\"search_term_string\"}}],\"inLanguage\":\"pt-BR\"}]}<\/script>\n<!-- \/ Yoast SEO plugin. -->","yoast_head_json":{"title":"Pilhas de S\u00edlabas -","robots":{"index":"index","follow":"follow","max-snippet":"max-snippet:-1","max-image-preview":"max-image-preview:large","max-video-preview":"max-video-preview:-1"},"canonical":"https:\/\/neuroforma.com.br\/novo\/why-brainhq\/about-the-exercises\/pilhas-de-silabas\/","og_locale":"pt_BR","og_type":"article","og_title":"Pilhas de S\u00edlabas -","og_description":"Pilhas de S\u00edlabas Voc\u00ea j\u00e1 consultou um n\u00famero de telefone na agenda e ent\u00e3o se esqueceu de parte dele antes mesmo de acabar de discar? Para nos lembrarmos de um telefone por tempo suficiente para disc\u00e1-lo, dependemos da nossa mem\u00f3ria de trabalho, uma mem\u00f3ria de curt\u00edssimo prazo (menos de um minuto) que costuma ser descrita &hellip; Continue lendo Pilhas de S\u00edlabas &rarr;","og_url":"https:\/\/neuroforma.com.br\/novo\/why-brainhq\/about-the-exercises\/pilhas-de-silabas\/","article_modified_time":"2017-05-02T20:05:18+00:00","og_image":[{"url":"https:\/\/neuroforma.com.br\/novo\/wp-content\/uploads\/2014\/01\/icon-syllable-stacks-lm.jpg","type":"","width":"","height":""}],"twitter_misc":{"Est. tempo de leitura":"3 minutos"},"schema":{"@context":"https:\/\/schema.org","@graph":[{"@type":"WebPage","@id":"https:\/\/neuroforma.com.br\/novo\/why-brainhq\/about-the-exercises\/pilhas-de-silabas\/","url":"https:\/\/neuroforma.com.br\/novo\/why-brainhq\/about-the-exercises\/pilhas-de-silabas\/","name":"Pilhas de S\u00edlabas -","isPartOf":{"@id":"https:\/\/neuroforma.com.br\/novo\/#website"},"primaryImageOfPage":{"@id":"https:\/\/neuroforma.com.br\/novo\/why-brainhq\/about-the-exercises\/pilhas-de-silabas\/#primaryimage"},"image":{"@id":"https:\/\/neuroforma.com.br\/novo\/why-brainhq\/about-the-exercises\/pilhas-de-silabas\/#primaryimage"},"thumbnailUrl":"https:\/\/neuroforma.com.br\/novo\/wp-content\/uploads\/2014\/01\/icon-syllable-stacks-lm.jpg","datePublished":"2014-07-02T19:38:30+00:00","dateModified":"2017-05-02T20:05:18+00:00","breadcrumb":{"@id":"https:\/\/neuroforma.com.br\/novo\/why-brainhq\/about-the-exercises\/pilhas-de-silabas\/#breadcrumb"},"inLanguage":"pt-BR","potentialAction":[{"@type":"ReadAction","target":["https:\/\/neuroforma.com.br\/novo\/why-brainhq\/about-the-exercises\/pilhas-de-silabas\/"]}]},{"@type":"ImageObject","inLanguage":"pt-BR","@id":"https:\/\/neuroforma.com.br\/novo\/why-brainhq\/about-the-exercises\/pilhas-de-silabas\/#primaryimage","url":"https:\/\/neuroforma.com.br\/novo\/wp-content\/uploads\/2014\/01\/icon-syllable-stacks-lm.jpg","contentUrl":"https:\/\/neuroforma.com.br\/novo\/wp-content\/uploads\/2014\/01\/icon-syllable-stacks-lm.jpg","width":105,"height":115},{"@type":"BreadcrumbList","@id":"https:\/\/neuroforma.com.br\/novo\/why-brainhq\/about-the-exercises\/pilhas-de-silabas\/#breadcrumb","itemListElement":[{"@type":"ListItem","position":1,"name":"Home","item":"https:\/\/neuroforma.com.br\/novo\/"},{"@type":"ListItem","position":2,"name":"Pilhas de S\u00edlabas"}]},{"@type":"WebSite","@id":"https:\/\/neuroforma.com.br\/novo\/#website","url":"https:\/\/neuroforma.com.br\/novo\/","name":"","description":"","potentialAction":[{"@type":"SearchAction","target":{"@type":"EntryPoint","urlTemplate":"https:\/\/neuroforma.com.br\/novo\/?s={search_term_string}"},"query-input":{"@type":"PropertyValueSpecification","valueRequired":true,"valueName":"search_term_string"}}],"inLanguage":"pt-BR"}]}},"_links":{"self":[{"href":"https:\/\/neuroforma.com.br\/novo\/wp-json\/wp\/v2\/pages\/1296","targetHints":{"allow":["GET"]}}],"collection":[{"href":"https:\/\/neuroforma.com.br\/novo\/wp-json\/wp\/v2\/pages"}],"about":[{"href":"https:\/\/neuroforma.com.br\/novo\/wp-json\/wp\/v2\/types\/page"}],"author":[{"embeddable":true,"href":"https:\/\/neuroforma.com.br\/novo\/wp-json\/wp\/v2\/users\/1"}],"replies":[{"embeddable":true,"href":"https:\/\/neuroforma.com.br\/novo\/wp-json\/wp\/v2\/comments?post=1296"}],"version-history":[{"count":20,"href":"https:\/\/neuroforma.com.br\/novo\/wp-json\/wp\/v2\/pages\/1296\/revisions"}],"predecessor-version":[{"id":4114,"href":"https:\/\/neuroforma.com.br\/novo\/wp-json\/wp\/v2\/pages\/1296\/revisions\/4114"}],"wp:attachment":[{"href":"https:\/\/neuroforma.com.br\/novo\/wp-json\/wp\/v2\/media?parent=1296"}],"curies":[{"name":"wp","href":"https:\/\/api.w.org\/{rel}","templated":true}]}}