{"id":1288,"date":"2014-07-02T19:11:09","date_gmt":"2014-07-02T19:11:09","guid":{"rendered":"https:\/\/neuroforma.com.br\/novo\/?page_id=1288"},"modified":"2017-05-02T20:06:02","modified_gmt":"2017-05-02T20:06:02","slug":"lista-de-tarefas","status":"publish","type":"page","link":"https:\/\/neuroforma.com.br\/novo\/why-brainhq\/about-the-exercises\/to-do-list-training","title":{"rendered":"Lista de Tarefas"},"content":{"rendered":"<h1>Lista de Tarefas<\/h1>\n<a href=\"https:\/\/br.brainhq.com\/#ex-select\/memory\" class=\"su-button su-button-style-flat\" style=\"color:#FFFFFF;background-color:#144d8d;border-color:#103e71;border-radius:5px\" target=\"_blank\" rel=\"noopener noreferrer\"><span style=\"color:#FFFFFF;padding:0px 34px;font-size:25px;line-height:50px;border-color:#5b83b0;border-radius:5px;text-shadow:none\"> Pratique Agora!<\/span><\/a>\n<p><img loading=\"lazy\" decoding=\"async\" class=\"alignleft size-full wp-image-1215\" alt=\"icon-to-do-list-training-lm\" src=\"https:\/\/neuroforma.com.br\/novo\/wp-content\/uploads\/2014\/01\/icon-to-do-list-training-lm.jpg\" width=\"105\" height=\"115\" \/>A caminho de casa, voltando do trabalho, voc\u00ea para no supermercado para comprar alguns ingredientes para o jantar. Voc\u00ea costuma se lembrar da lista completa, ou, \u00e0s vezes, esquece algum item essencial?<\/p>\n<p>&nbsp;<\/p>\n<p>Isso depende, em parte, da sua mem\u00f3ria de trabalho, que \u00e9 uma mem\u00f3ria de curto prazo (cerca de 20 a 30 segundos) que nos permite reagir a algo que vemos, ouvimos ou sentimos, al\u00e9m de armazenar essas informa\u00e7\u00f5es. Quando sua esposa lhe diz \u201cN\u00e3o se esque\u00e7a de que o leite acabou \u2014 n\u00e3o o integral, compre o semidesnatado \u2014, e tamb\u00e9m alho e manjeric\u00e3o&#8230; e aproveite para trazer um pacote de guardanapos tamb\u00e9m\u201d, voc\u00ea consegue manter essas informa\u00e7\u00f5es em mente por tempo suficiente para grav\u00e1-las com clareza e lembrar facilmente de tudo quando chegar ao supermercado?<\/p>\n<p>&nbsp;<\/p>\n<p><a href=\"https:\/\/neuroforma.com.br\/novo\/wp-content\/uploads\/2014\/07\/bhq-ex-scene-crasher-01-br.jpg\"><img loading=\"lazy\" decoding=\"async\" class=\"alignright\" alt=\"bhq-ex-scene-crasher-01-br\" src=\"https:\/\/neuroforma.com.br\/novo\/wp-content\/uploads\/2014\/07\/bhq-ex-scene-crasher-01-br.jpg\" width=\"250\" height=\"177\" \/><\/a><\/p>\n<p><a href=\"https:\/\/neuroforma.com.br\/novo\/wp-content\/uploads\/2014\/07\/bhq-ex-scene-crasher-03-br.jpg\"><br \/>\n<\/a>Esse \u00e9 o tipo de mem\u00f3ria que a Lista de Tarefas ajuda a melhorar. Ao contr\u00e1rio de muitos dos outros exerc\u00edcios de mem\u00f3ria de BrainHQ, que expandem essa faculdade ao aumentar a clareza com que voc\u00ea capta informa\u00e7\u00f5es sensoriais, a Lista de Tarefas trabalha diretamente os processos da mem\u00f3ria de trabalho do c\u00e9rebro anterior.<\/p>\n<p><a href=\"https:\/\/neuroforma.com.br\/novo\/wp-content\/uploads\/2014\/07\/bhq-ex-scene-crasher-02br.jpg\"><br \/>\n<\/a>Os neur\u00f4nios dessa \u00e1rea fazem a integra\u00e7\u00e3o entre as informa\u00e7\u00f5es sensoriais e as experi\u00eancias passadas. Em outras palavras, essas c\u00e9lulas interpretam o que o c\u00e9rebro escuta, permitindo que voc\u00ea se lembre dessas informa\u00e7\u00f5es e use-as por algum tempo.<\/p>\n<p>&nbsp;<\/p>\n<p><a href=\"https:\/\/neuroforma.com.br\/novo\/wp-content\/uploads\/2014\/07\/bhq-ex-scene-crasher-02br.jpg\"><img loading=\"lazy\" decoding=\"async\" class=\"alignright\" alt=\"bhq-ex-scene-crasher-02br\" src=\"https:\/\/neuroforma.com.br\/novo\/wp-content\/uploads\/2014\/07\/bhq-ex-scene-crasher-02br.jpg\" width=\"250\" height=\"177\" \/><\/a><\/p>\n<p>&nbsp;<\/p>\n<p>Na Lista de Tarefas, seu c\u00e9rebro escuta um conjunto de informa\u00e7\u00f5es e, em seguida, usa a mem\u00f3ria dessas instru\u00e7\u00f5es para segui-las em uma determinada ordem. As instru\u00e7\u00f5es ficam maiores e mais complexas conforme voc\u00ea avan\u00e7a, exigindo cada vez mais da sua mem\u00f3ria de trabalho.<\/p>\n<p><a href=\"https:\/\/neuroforma.com.br\/novo\/wp-content\/uploads\/2014\/07\/bhq-ex-scene-crasher-03-br.jpg\"><img loading=\"lazy\" decoding=\"async\" alt=\"bhq-ex-scene-crasher-03-br\" src=\"https:\/\/neuroforma.com.br\/novo\/wp-content\/uploads\/2014\/07\/bhq-ex-scene-crasher-03-br.jpg\" width=\"250\" height=\"177\" \/><\/a><\/p>\n<p>&nbsp;<\/p>\n<h3>Lista de Tarefas em poucas palavras<\/h3>\n<table width=\"500\" border=\"1\" cellspacing=\"0\" cellpadding=\"0\">\n<tbody>\n<tr>\n<td bgcolor=\"#999999\" width=\"109\"><strong>Tarefa<\/strong><\/td>\n<td bgcolor=\"#999999\" width=\"147\"><strong>Objetivo<\/strong><\/td>\n<td bgcolor=\"#999999\" width=\"130\"><strong>Evolu\u00e7\u00e3o<\/strong><\/td>\n<td bgcolor=\"#999999\" width=\"115\"><strong>Pontua\u00e7\u00e3o<\/strong><\/td>\n<\/tr>\n<tr>\n<td valign=\"top\" bgcolor=\"#CCCCCC\" width=\"109\">Escutar um conjunto de instru\u00e7\u00f5es, lembrar-se de todas e segui-las na ordem correta<\/td>\n<td valign=\"top\" bgcolor=\"#CCCCCC\" width=\"147\">Mem\u00f3ria de trabalho<\/td>\n<td valign=\"top\" bgcolor=\"#CCCCCC\" width=\"130\">Os itens a escolher ficam mais parecidos<\/td>\n<td valign=\"top\" bgcolor=\"#CCCCCC\" width=\"115\">Sua pontua\u00e7\u00e3o equivale \u00e0 quantidade de instru\u00e7\u00f5es de que voc\u00ea se lembra. Ao avan\u00e7ar na tarefa, \u00e9 preciso se lembrar de mais instru\u00e7\u00f5es.<\/td>\n<\/tr>\n<\/tbody>\n<\/table>\n","protected":false},"excerpt":{"rendered":"<p>Lista de Tarefas A caminho de casa, voltando do trabalho, voc\u00ea para no supermercado para comprar alguns ingredientes para o jantar. Voc\u00ea costuma se lembrar da lista completa, ou, \u00e0s vezes, esquece algum item essencial? &nbsp; Isso depende, em parte, da sua mem\u00f3ria de trabalho, que \u00e9 uma mem\u00f3ria de curto prazo (cerca de 20 &hellip; <a href=\"https:\/\/neuroforma.com.br\/novo\/why-brainhq\/about-the-exercises\/to-do-list-training\" class=\"more-link\">Continue lendo <span class=\"screen-reader-text\">Lista de Tarefas<\/span> <span class=\"meta-nav\">&rarr;<\/span><\/a><\/p>\n","protected":false},"author":1,"featured_media":0,"parent":0,"menu_order":0,"comment_status":"closed","ping_status":"closed","template":"","meta":{"footnotes":""},"class_list":["post-1288","page","type-page","status-publish","hentry","repupress_customize_woocommerce_productom_class"],"yoast_head":"<!-- This site is optimized with the Yoast SEO plugin v26.9 - https:\/\/yoast.com\/product\/yoast-seo-wordpress\/ -->\n<title>Lista de Tarefas -<\/title>\n<meta name=\"robots\" content=\"index, follow, max-snippet:-1, max-image-preview:large, max-video-preview:-1\" \/>\n<link rel=\"canonical\" href=\"https:\/\/neuroforma.com.br\/novo\/why-brainhq\/about-the-exercises\/to-do-list-training\/\" \/>\n<meta property=\"og:locale\" content=\"pt_BR\" \/>\n<meta property=\"og:type\" content=\"article\" \/>\n<meta property=\"og:title\" content=\"Lista de Tarefas -\" \/>\n<meta property=\"og:description\" content=\"Lista de Tarefas A caminho de casa, voltando do trabalho, voc\u00ea para no supermercado para comprar alguns ingredientes para o jantar. Voc\u00ea costuma se lembrar da lista completa, ou, \u00e0s vezes, esquece algum item essencial? &nbsp; Isso depende, em parte, da sua mem\u00f3ria de trabalho, que \u00e9 uma mem\u00f3ria de curto prazo (cerca de 20 &hellip; Continue lendo Lista de Tarefas &rarr;\" \/>\n<meta property=\"og:url\" content=\"https:\/\/neuroforma.com.br\/novo\/why-brainhq\/about-the-exercises\/to-do-list-training\/\" \/>\n<meta property=\"article:modified_time\" content=\"2017-05-02T20:06:02+00:00\" \/>\n<meta property=\"og:image\" content=\"https:\/\/neuroforma.com.br\/novo\/wp-content\/uploads\/2014\/01\/icon-to-do-list-training-lm.jpg\" \/>\n<meta name=\"twitter:label1\" content=\"Est. tempo de leitura\" \/>\n\t<meta name=\"twitter:data1\" content=\"2 minutos\" \/>\n<script type=\"application\/ld+json\" class=\"yoast-schema-graph\">{\"@context\":\"https:\/\/schema.org\",\"@graph\":[{\"@type\":\"WebPage\",\"@id\":\"https:\/\/neuroforma.com.br\/novo\/why-brainhq\/about-the-exercises\/to-do-list-training\/\",\"url\":\"https:\/\/neuroforma.com.br\/novo\/why-brainhq\/about-the-exercises\/to-do-list-training\/\",\"name\":\"Lista de Tarefas -\",\"isPartOf\":{\"@id\":\"https:\/\/neuroforma.com.br\/novo\/#website\"},\"primaryImageOfPage\":{\"@id\":\"https:\/\/neuroforma.com.br\/novo\/why-brainhq\/about-the-exercises\/to-do-list-training\/#primaryimage\"},\"image\":{\"@id\":\"https:\/\/neuroforma.com.br\/novo\/why-brainhq\/about-the-exercises\/to-do-list-training\/#primaryimage\"},\"thumbnailUrl\":\"https:\/\/neuroforma.com.br\/novo\/wp-content\/uploads\/2014\/01\/icon-to-do-list-training-lm.jpg\",\"datePublished\":\"2014-07-02T19:11:09+00:00\",\"dateModified\":\"2017-05-02T20:06:02+00:00\",\"breadcrumb\":{\"@id\":\"https:\/\/neuroforma.com.br\/novo\/why-brainhq\/about-the-exercises\/to-do-list-training\/#breadcrumb\"},\"inLanguage\":\"pt-BR\",\"potentialAction\":[{\"@type\":\"ReadAction\",\"target\":[\"https:\/\/neuroforma.com.br\/novo\/why-brainhq\/about-the-exercises\/to-do-list-training\/\"]}]},{\"@type\":\"ImageObject\",\"inLanguage\":\"pt-BR\",\"@id\":\"https:\/\/neuroforma.com.br\/novo\/why-brainhq\/about-the-exercises\/to-do-list-training\/#primaryimage\",\"url\":\"https:\/\/neuroforma.com.br\/novo\/wp-content\/uploads\/2014\/01\/icon-to-do-list-training-lm.jpg\",\"contentUrl\":\"https:\/\/neuroforma.com.br\/novo\/wp-content\/uploads\/2014\/01\/icon-to-do-list-training-lm.jpg\",\"width\":105,\"height\":115},{\"@type\":\"BreadcrumbList\",\"@id\":\"https:\/\/neuroforma.com.br\/novo\/why-brainhq\/about-the-exercises\/to-do-list-training\/#breadcrumb\",\"itemListElement\":[{\"@type\":\"ListItem\",\"position\":1,\"name\":\"Home\",\"item\":\"https:\/\/neuroforma.com.br\/novo\/\"},{\"@type\":\"ListItem\",\"position\":2,\"name\":\"Lista de Tarefas\"}]},{\"@type\":\"WebSite\",\"@id\":\"https:\/\/neuroforma.com.br\/novo\/#website\",\"url\":\"https:\/\/neuroforma.com.br\/novo\/\",\"name\":\"\",\"description\":\"\",\"potentialAction\":[{\"@type\":\"SearchAction\",\"target\":{\"@type\":\"EntryPoint\",\"urlTemplate\":\"https:\/\/neuroforma.com.br\/novo\/?s={search_term_string}\"},\"query-input\":{\"@type\":\"PropertyValueSpecification\",\"valueRequired\":true,\"valueName\":\"search_term_string\"}}],\"inLanguage\":\"pt-BR\"}]}<\/script>\n<!-- \/ Yoast SEO plugin. -->","yoast_head_json":{"title":"Lista de Tarefas -","robots":{"index":"index","follow":"follow","max-snippet":"max-snippet:-1","max-image-preview":"max-image-preview:large","max-video-preview":"max-video-preview:-1"},"canonical":"https:\/\/neuroforma.com.br\/novo\/why-brainhq\/about-the-exercises\/to-do-list-training\/","og_locale":"pt_BR","og_type":"article","og_title":"Lista de Tarefas -","og_description":"Lista de Tarefas A caminho de casa, voltando do trabalho, voc\u00ea para no supermercado para comprar alguns ingredientes para o jantar. Voc\u00ea costuma se lembrar da lista completa, ou, \u00e0s vezes, esquece algum item essencial? &nbsp; Isso depende, em parte, da sua mem\u00f3ria de trabalho, que \u00e9 uma mem\u00f3ria de curto prazo (cerca de 20 &hellip; Continue lendo Lista de Tarefas &rarr;","og_url":"https:\/\/neuroforma.com.br\/novo\/why-brainhq\/about-the-exercises\/to-do-list-training\/","article_modified_time":"2017-05-02T20:06:02+00:00","og_image":[{"url":"https:\/\/neuroforma.com.br\/novo\/wp-content\/uploads\/2014\/01\/icon-to-do-list-training-lm.jpg","type":"","width":"","height":""}],"twitter_misc":{"Est. tempo de leitura":"2 minutos"},"schema":{"@context":"https:\/\/schema.org","@graph":[{"@type":"WebPage","@id":"https:\/\/neuroforma.com.br\/novo\/why-brainhq\/about-the-exercises\/to-do-list-training\/","url":"https:\/\/neuroforma.com.br\/novo\/why-brainhq\/about-the-exercises\/to-do-list-training\/","name":"Lista de Tarefas -","isPartOf":{"@id":"https:\/\/neuroforma.com.br\/novo\/#website"},"primaryImageOfPage":{"@id":"https:\/\/neuroforma.com.br\/novo\/why-brainhq\/about-the-exercises\/to-do-list-training\/#primaryimage"},"image":{"@id":"https:\/\/neuroforma.com.br\/novo\/why-brainhq\/about-the-exercises\/to-do-list-training\/#primaryimage"},"thumbnailUrl":"https:\/\/neuroforma.com.br\/novo\/wp-content\/uploads\/2014\/01\/icon-to-do-list-training-lm.jpg","datePublished":"2014-07-02T19:11:09+00:00","dateModified":"2017-05-02T20:06:02+00:00","breadcrumb":{"@id":"https:\/\/neuroforma.com.br\/novo\/why-brainhq\/about-the-exercises\/to-do-list-training\/#breadcrumb"},"inLanguage":"pt-BR","potentialAction":[{"@type":"ReadAction","target":["https:\/\/neuroforma.com.br\/novo\/why-brainhq\/about-the-exercises\/to-do-list-training\/"]}]},{"@type":"ImageObject","inLanguage":"pt-BR","@id":"https:\/\/neuroforma.com.br\/novo\/why-brainhq\/about-the-exercises\/to-do-list-training\/#primaryimage","url":"https:\/\/neuroforma.com.br\/novo\/wp-content\/uploads\/2014\/01\/icon-to-do-list-training-lm.jpg","contentUrl":"https:\/\/neuroforma.com.br\/novo\/wp-content\/uploads\/2014\/01\/icon-to-do-list-training-lm.jpg","width":105,"height":115},{"@type":"BreadcrumbList","@id":"https:\/\/neuroforma.com.br\/novo\/why-brainhq\/about-the-exercises\/to-do-list-training\/#breadcrumb","itemListElement":[{"@type":"ListItem","position":1,"name":"Home","item":"https:\/\/neuroforma.com.br\/novo\/"},{"@type":"ListItem","position":2,"name":"Lista de Tarefas"}]},{"@type":"WebSite","@id":"https:\/\/neuroforma.com.br\/novo\/#website","url":"https:\/\/neuroforma.com.br\/novo\/","name":"","description":"","potentialAction":[{"@type":"SearchAction","target":{"@type":"EntryPoint","urlTemplate":"https:\/\/neuroforma.com.br\/novo\/?s={search_term_string}"},"query-input":{"@type":"PropertyValueSpecification","valueRequired":true,"valueName":"search_term_string"}}],"inLanguage":"pt-BR"}]}},"_links":{"self":[{"href":"https:\/\/neuroforma.com.br\/novo\/wp-json\/wp\/v2\/pages\/1288","targetHints":{"allow":["GET"]}}],"collection":[{"href":"https:\/\/neuroforma.com.br\/novo\/wp-json\/wp\/v2\/pages"}],"about":[{"href":"https:\/\/neuroforma.com.br\/novo\/wp-json\/wp\/v2\/types\/page"}],"author":[{"embeddable":true,"href":"https:\/\/neuroforma.com.br\/novo\/wp-json\/wp\/v2\/users\/1"}],"replies":[{"embeddable":true,"href":"https:\/\/neuroforma.com.br\/novo\/wp-json\/wp\/v2\/comments?post=1288"}],"version-history":[{"count":23,"href":"https:\/\/neuroforma.com.br\/novo\/wp-json\/wp\/v2\/pages\/1288\/revisions"}],"predecessor-version":[{"id":4115,"href":"https:\/\/neuroforma.com.br\/novo\/wp-json\/wp\/v2\/pages\/1288\/revisions\/4115"}],"wp:attachment":[{"href":"https:\/\/neuroforma.com.br\/novo\/wp-json\/wp\/v2\/media?parent=1288"}],"curies":[{"name":"wp","href":"https:\/\/api.w.org\/{rel}","templated":true}]}}