{"id":1277,"date":"2014-07-02T18:40:44","date_gmt":"2014-07-02T18:40:44","guid":{"rendered":"https:\/\/neuroforma.com.br\/novo\/?page_id=1277"},"modified":"2017-05-02T20:01:29","modified_gmt":"2017-05-02T20:01:29","slug":"jogo-da-memoria","status":"publish","type":"page","link":"https:\/\/neuroforma.com.br\/novo\/why-brainhq\/about-the-exercises\/jogo-da-memoria","title":{"rendered":"Jogo da Mem\u00f3ria"},"content":{"rendered":"<h1>Jogo da Mem\u00f3ria<\/h1>\n<a href=\"https:\/\/br.brainhq.com\/#ex-select\/memory\" class=\"su-button su-button-style-flat\" style=\"color:#FFFFFF;background-color:#144d8d;border-color:#103e71;border-radius:5px\" target=\"_blank\" rel=\"noopener noreferrer\"><span style=\"color:#FFFFFF;padding:0px 34px;font-size:25px;line-height:50px;border-color:#5b83b0;border-radius:5px;text-shadow:none\"> Pratique Agora!<\/span><\/a>\n<p>&nbsp;<\/p>\n<p><img loading=\"lazy\" decoding=\"async\" class=\"alignleft size-full wp-image-1212\" src=\"https:\/\/neuroforma.com.br\/novo\/wp-content\/uploads\/2014\/01\/icon-memory-grid-lm.jpg\" alt=\"icon-memory-grid-lm\" width=\"105\" height=\"115\" \/><\/p>\n<p>No Jogo da Mem\u00f3ria, sua tarefa \u00e9 combinar cartas que representam s\u00edlabas. Mas por que nossos cientistas escolheram essas s\u00edlabas em particular? E por que elas n\u00e3o soam muito naturais?<\/p>\n<p>Porque o Jogo da Mem\u00f3ria n\u00e3o expande a mem\u00f3ria apenas desafiando o c\u00e9rebro a combinar mais e mais s\u00edlabas. Esse objetivo tamb\u00e9m \u00e9 obtido agu\u00e7ando-se o processo auditivo. O processo auditivo \u00e9 um dos elementos b\u00e1sicos mais importantes da mem\u00f3ria. As informa\u00e7\u00f5es precisam ser captadas com muita clareza para que o c\u00e9rebro consiga armazen\u00e1-las e recuper\u00e1-las com exatid\u00e3o. No entanto, muitas pessoas t\u00eam dificuldade para entender claramente tudo que escutam, embora nem percebam isso. Nossos c\u00e9rebros \u00e0s vezes n\u00e3o conseguem separar eventos auditivos, que acabam interferindo entre si. Por exemplo, na palavra \u201cmel\u201d, se o c\u00e9rebro n\u00e3o consegue separar os sons \/m\/, \/e\/ e \/l\/, eles se sobrep\u00f5em, confundindo a maneira como a palavra \u00e9 armazenada.<\/p>\n<p>&nbsp;<\/p>\n<p><a href=\"https:\/\/neuroforma.com.br\/novo\/wp-content\/uploads\/2014\/07\/bhq-ex-memory-grid-01-br.jpg\"><img loading=\"lazy\" decoding=\"async\" class=\"alignleft size-full wp-image-1458\" src=\"https:\/\/neuroforma.com.br\/novo\/wp-content\/uploads\/2014\/07\/bhq-ex-memory-grid-01-br.jpg\" alt=\"bhq-ex-memory-grid-01-br\" width=\"300\" height=\"242\" \/><\/a>O Jogo da Mem\u00f3ria melhora o processo auditivo ajudando seu c\u00e9rebro a aprimorar a capacidade de separar eventos auditivos individuais. Conforme essa habilidade se desenvolve, o c\u00e9rebro passa a perceber e transmitir sons de forma mais precisa, al\u00e9m de interpret\u00e1-los e grav\u00e1-los com mais exatid\u00e3o. Mais uma vez, vamos usar a palavra \u201cmel\u201d como exemplo. Quando os sons \/m\/, \/e\/ e \/l\/ s\u00e3o transmitidos para o c\u00f3rtex auditivo com exatid\u00e3o, os neur\u00f4nios dessa \u00e1rea do c\u00e9rebro podem montar e representar a palavra \u201cmel\u201d de forma precisa. A partir da\u00ed, a palavra pode se deslocar para o restante do c\u00f3rtex sensorial e, por fim, para o c\u00f3rtex associativo, onde as palavras recebem significados com base em experi\u00eancias anteriores \u2014 o c\u00e9rebro se lembra do que \u00e9 \u201cmel\u201d e associa a palavra a v\u00e1rias experi\u00eancias. Quanto mais precisa for a recep\u00e7\u00e3o e a transmiss\u00e3o dos sons da palavra \u201cmel\u201d, melhor ser\u00e1 a capacidade do c\u00e9rebro de grav\u00e1-la e relacion\u00e1-la a outras experi\u00eancias.<\/p>\n<p>&nbsp;<\/p>\n<p><a href=\"https:\/\/neuroforma.com.br\/novo\/wp-content\/uploads\/2014\/07\/bhq-ex-memory-grid-02-br.jpg\"><img loading=\"lazy\" decoding=\"async\" class=\"alignleft size-full wp-image-1459\" src=\"https:\/\/neuroforma.com.br\/novo\/wp-content\/uploads\/2014\/07\/bhq-ex-memory-grid-02-br.jpg\" alt=\"bhq-ex-memory-grid-02-br\" width=\"300\" height=\"242\" \/><\/a>Para melhorar a habilidade de separar eventos auditivos, estes exerc\u00edcios de mem\u00f3ria usam s\u00edlabas que representam combina\u00e7\u00f5es de sons comuns na l\u00edngua portuguesa. Elas fazem parte da fala natural e foram cuidadosamente manipuladas pelos nossos neurocientistas para ativar com mais efic\u00e1cia mecanismos de processamento relevantes do c\u00e9rebro. Veja como:<\/p>\n<ul>\n<li>Partes da fala que s\u00e3o mais dif\u00edceis para o c\u00e9rebro captar \u2014 em especial eventos curtos que mudam rapidamente, como as consoantes das palavras \u2014 s\u00e3o exageradas e separadas.<\/li>\n<li>Sons longos e fortes (principalmente vogais) s\u00e3o enfraquecidos para que n\u00e3o \u201cmascarem\u201d (confundam) as consoantes curtas.<\/li>\n<\/ul>\n<p>&nbsp;<\/p>\n<p>Com a pr\u00e1tica frequente, a habilidade do c\u00e9rebro em separar eventos auditivos na fala \u00e9 aprimorada.<\/p>\n<p>&nbsp;<\/p>\n<p><strong>Duas observa\u00e7\u00f5es adicionais sobre a fala manipulada nestes exerc\u00edcios:<\/strong><\/p>\n<ul>\n<li>1. Os exerc\u00edcios usam fala natural manipulada, e n\u00e3o fala sintetizada. Um dos motivos para isso \u00e9 porque a novidade e as diferen\u00e7as s\u00e3o ben\u00e9ficas. S\u00e3o apresentados diferentes exemplos de fala (voz masculina x voz feminina, sotaques diferentes, velocidades diferentes etc.), para que o c\u00e9rebro adquira pr\u00e1tica em todo tipo de fala e consiga identificar uma palavra independentemente de quem a pronuncie.<\/li>\n<li>2. Um engano comum \u00e9 que o objetivo da manipula\u00e7\u00e3o da fala seja tornar o discurso mais compreens\u00edvel. O objetivo da fala manipulada \u00e9 atingir a c\u00f3clea e o c\u00f3rtex auditivo e normalizar os neur\u00f4nios dessas \u00e1reas, reensinando-os a separar eventos auditivos.<\/li>\n<\/ul>\n<p>&nbsp;<\/p>\n<h3>O Jogo da Mem\u00f3ria em poucas palavras<\/h3>\n<table border=\"1\" cellspacing=\"0\" cellpadding=\"3\">\n<tbody>\n<tr>\n<td valign=\"top\" bgcolor=\"#999999\" width=\"171\"><strong>Tarefa<\/strong><\/td>\n<td valign=\"top\" bgcolor=\"#999999\" width=\"171\"><strong>Objetivo<\/strong><\/td>\n<td valign=\"top\" bgcolor=\"#999999\" width=\"171\"><strong>Evolu\u00e7\u00e3o<\/strong><\/td>\n<td valign=\"top\" bgcolor=\"#999999\" width=\"171\"><strong>Pontua\u00e7\u00e3o<\/strong><\/td>\n<\/tr>\n<tr>\n<td valign=\"top\" bgcolor=\"#CCCCCC\" width=\"171\" height=\"127\">Clicar em cartas, escutar sons e combin\u00e1-los para fechar uma\u00a0sequ\u00eancia<\/td>\n<td valign=\"top\" bgcolor=\"#CCCCCC\" width=\"171\">Mem\u00f3ria<\/td>\n<td valign=\"top\" bgcolor=\"#CCCCCC\" width=\"171\">As s\u00edlabas mudam, tornando-se mais parecidas<br \/>\nA voz \u00e9 modificada e os tons s\u00e3o manipulados<\/td>\n<td valign=\"top\" bgcolor=\"#CCCCCC\" width=\"171\">Conforme seu desempenho melhorar, voc\u00ea receber\u00e1 mais cartas para combinar<\/td>\n<\/tr>\n<\/tbody>\n<\/table>\n","protected":false},"excerpt":{"rendered":"<p>Jogo da Mem\u00f3ria &nbsp; No Jogo da Mem\u00f3ria, sua tarefa \u00e9 combinar cartas que representam s\u00edlabas. Mas por que nossos cientistas escolheram essas s\u00edlabas em particular? E por que elas n\u00e3o soam muito naturais? Porque o Jogo da Mem\u00f3ria n\u00e3o expande a mem\u00f3ria apenas desafiando o c\u00e9rebro a combinar mais e mais s\u00edlabas. Esse objetivo &hellip; <a href=\"https:\/\/neuroforma.com.br\/novo\/why-brainhq\/about-the-exercises\/jogo-da-memoria\" class=\"more-link\">Continue lendo <span class=\"screen-reader-text\">Jogo da Mem\u00f3ria<\/span> <span class=\"meta-nav\">&rarr;<\/span><\/a><\/p>\n","protected":false},"author":1,"featured_media":0,"parent":0,"menu_order":0,"comment_status":"closed","ping_status":"closed","template":"","meta":{"footnotes":""},"class_list":["post-1277","page","type-page","status-publish","hentry","repupress_customize_woocommerce_productom_class"],"yoast_head":"<!-- This site is optimized with the Yoast SEO plugin v26.9 - https:\/\/yoast.com\/product\/yoast-seo-wordpress\/ -->\n<title>Jogo da Mem\u00f3ria -<\/title>\n<meta name=\"robots\" content=\"index, follow, max-snippet:-1, max-image-preview:large, max-video-preview:-1\" \/>\n<link rel=\"canonical\" href=\"https:\/\/neuroforma.com.br\/novo\/why-brainhq\/about-the-exercises\/jogo-da-memoria\/\" \/>\n<meta property=\"og:locale\" content=\"pt_BR\" \/>\n<meta property=\"og:type\" content=\"article\" \/>\n<meta property=\"og:title\" content=\"Jogo da Mem\u00f3ria -\" \/>\n<meta property=\"og:description\" content=\"Jogo da Mem\u00f3ria &nbsp; No Jogo da Mem\u00f3ria, sua tarefa \u00e9 combinar cartas que representam s\u00edlabas. Mas por que nossos cientistas escolheram essas s\u00edlabas em particular? E por que elas n\u00e3o soam muito naturais? Porque o Jogo da Mem\u00f3ria n\u00e3o expande a mem\u00f3ria apenas desafiando o c\u00e9rebro a combinar mais e mais s\u00edlabas. Esse objetivo &hellip; Continue lendo Jogo da Mem\u00f3ria &rarr;\" \/>\n<meta property=\"og:url\" content=\"https:\/\/neuroforma.com.br\/novo\/why-brainhq\/about-the-exercises\/jogo-da-memoria\/\" \/>\n<meta property=\"article:modified_time\" content=\"2017-05-02T20:01:29+00:00\" \/>\n<meta property=\"og:image\" content=\"https:\/\/neuroforma.com.br\/novo\/wp-content\/uploads\/2014\/01\/icon-memory-grid-lm.jpg\" \/>\n<meta name=\"twitter:label1\" content=\"Est. tempo de leitura\" \/>\n\t<meta name=\"twitter:data1\" content=\"3 minutos\" \/>\n<script type=\"application\/ld+json\" class=\"yoast-schema-graph\">{\"@context\":\"https:\/\/schema.org\",\"@graph\":[{\"@type\":\"WebPage\",\"@id\":\"https:\/\/neuroforma.com.br\/novo\/why-brainhq\/about-the-exercises\/jogo-da-memoria\/\",\"url\":\"https:\/\/neuroforma.com.br\/novo\/why-brainhq\/about-the-exercises\/jogo-da-memoria\/\",\"name\":\"Jogo da Mem\u00f3ria -\",\"isPartOf\":{\"@id\":\"https:\/\/neuroforma.com.br\/novo\/#website\"},\"primaryImageOfPage\":{\"@id\":\"https:\/\/neuroforma.com.br\/novo\/why-brainhq\/about-the-exercises\/jogo-da-memoria\/#primaryimage\"},\"image\":{\"@id\":\"https:\/\/neuroforma.com.br\/novo\/why-brainhq\/about-the-exercises\/jogo-da-memoria\/#primaryimage\"},\"thumbnailUrl\":\"https:\/\/neuroforma.com.br\/novo\/wp-content\/uploads\/2014\/01\/icon-memory-grid-lm.jpg\",\"datePublished\":\"2014-07-02T18:40:44+00:00\",\"dateModified\":\"2017-05-02T20:01:29+00:00\",\"breadcrumb\":{\"@id\":\"https:\/\/neuroforma.com.br\/novo\/why-brainhq\/about-the-exercises\/jogo-da-memoria\/#breadcrumb\"},\"inLanguage\":\"pt-BR\",\"potentialAction\":[{\"@type\":\"ReadAction\",\"target\":[\"https:\/\/neuroforma.com.br\/novo\/why-brainhq\/about-the-exercises\/jogo-da-memoria\/\"]}]},{\"@type\":\"ImageObject\",\"inLanguage\":\"pt-BR\",\"@id\":\"https:\/\/neuroforma.com.br\/novo\/why-brainhq\/about-the-exercises\/jogo-da-memoria\/#primaryimage\",\"url\":\"https:\/\/neuroforma.com.br\/novo\/wp-content\/uploads\/2014\/01\/icon-memory-grid-lm.jpg\",\"contentUrl\":\"https:\/\/neuroforma.com.br\/novo\/wp-content\/uploads\/2014\/01\/icon-memory-grid-lm.jpg\",\"width\":105,\"height\":115},{\"@type\":\"BreadcrumbList\",\"@id\":\"https:\/\/neuroforma.com.br\/novo\/why-brainhq\/about-the-exercises\/jogo-da-memoria\/#breadcrumb\",\"itemListElement\":[{\"@type\":\"ListItem\",\"position\":1,\"name\":\"Home\",\"item\":\"https:\/\/neuroforma.com.br\/novo\/\"},{\"@type\":\"ListItem\",\"position\":2,\"name\":\"Jogo da Mem\u00f3ria\"}]},{\"@type\":\"WebSite\",\"@id\":\"https:\/\/neuroforma.com.br\/novo\/#website\",\"url\":\"https:\/\/neuroforma.com.br\/novo\/\",\"name\":\"\",\"description\":\"\",\"potentialAction\":[{\"@type\":\"SearchAction\",\"target\":{\"@type\":\"EntryPoint\",\"urlTemplate\":\"https:\/\/neuroforma.com.br\/novo\/?s={search_term_string}\"},\"query-input\":{\"@type\":\"PropertyValueSpecification\",\"valueRequired\":true,\"valueName\":\"search_term_string\"}}],\"inLanguage\":\"pt-BR\"}]}<\/script>\n<!-- \/ Yoast SEO plugin. -->","yoast_head_json":{"title":"Jogo da Mem\u00f3ria -","robots":{"index":"index","follow":"follow","max-snippet":"max-snippet:-1","max-image-preview":"max-image-preview:large","max-video-preview":"max-video-preview:-1"},"canonical":"https:\/\/neuroforma.com.br\/novo\/why-brainhq\/about-the-exercises\/jogo-da-memoria\/","og_locale":"pt_BR","og_type":"article","og_title":"Jogo da Mem\u00f3ria -","og_description":"Jogo da Mem\u00f3ria &nbsp; No Jogo da Mem\u00f3ria, sua tarefa \u00e9 combinar cartas que representam s\u00edlabas. Mas por que nossos cientistas escolheram essas s\u00edlabas em particular? E por que elas n\u00e3o soam muito naturais? Porque o Jogo da Mem\u00f3ria n\u00e3o expande a mem\u00f3ria apenas desafiando o c\u00e9rebro a combinar mais e mais s\u00edlabas. Esse objetivo &hellip; Continue lendo Jogo da Mem\u00f3ria &rarr;","og_url":"https:\/\/neuroforma.com.br\/novo\/why-brainhq\/about-the-exercises\/jogo-da-memoria\/","article_modified_time":"2017-05-02T20:01:29+00:00","og_image":[{"url":"https:\/\/neuroforma.com.br\/novo\/wp-content\/uploads\/2014\/01\/icon-memory-grid-lm.jpg","type":"","width":"","height":""}],"twitter_misc":{"Est. tempo de leitura":"3 minutos"},"schema":{"@context":"https:\/\/schema.org","@graph":[{"@type":"WebPage","@id":"https:\/\/neuroforma.com.br\/novo\/why-brainhq\/about-the-exercises\/jogo-da-memoria\/","url":"https:\/\/neuroforma.com.br\/novo\/why-brainhq\/about-the-exercises\/jogo-da-memoria\/","name":"Jogo da Mem\u00f3ria -","isPartOf":{"@id":"https:\/\/neuroforma.com.br\/novo\/#website"},"primaryImageOfPage":{"@id":"https:\/\/neuroforma.com.br\/novo\/why-brainhq\/about-the-exercises\/jogo-da-memoria\/#primaryimage"},"image":{"@id":"https:\/\/neuroforma.com.br\/novo\/why-brainhq\/about-the-exercises\/jogo-da-memoria\/#primaryimage"},"thumbnailUrl":"https:\/\/neuroforma.com.br\/novo\/wp-content\/uploads\/2014\/01\/icon-memory-grid-lm.jpg","datePublished":"2014-07-02T18:40:44+00:00","dateModified":"2017-05-02T20:01:29+00:00","breadcrumb":{"@id":"https:\/\/neuroforma.com.br\/novo\/why-brainhq\/about-the-exercises\/jogo-da-memoria\/#breadcrumb"},"inLanguage":"pt-BR","potentialAction":[{"@type":"ReadAction","target":["https:\/\/neuroforma.com.br\/novo\/why-brainhq\/about-the-exercises\/jogo-da-memoria\/"]}]},{"@type":"ImageObject","inLanguage":"pt-BR","@id":"https:\/\/neuroforma.com.br\/novo\/why-brainhq\/about-the-exercises\/jogo-da-memoria\/#primaryimage","url":"https:\/\/neuroforma.com.br\/novo\/wp-content\/uploads\/2014\/01\/icon-memory-grid-lm.jpg","contentUrl":"https:\/\/neuroforma.com.br\/novo\/wp-content\/uploads\/2014\/01\/icon-memory-grid-lm.jpg","width":105,"height":115},{"@type":"BreadcrumbList","@id":"https:\/\/neuroforma.com.br\/novo\/why-brainhq\/about-the-exercises\/jogo-da-memoria\/#breadcrumb","itemListElement":[{"@type":"ListItem","position":1,"name":"Home","item":"https:\/\/neuroforma.com.br\/novo\/"},{"@type":"ListItem","position":2,"name":"Jogo da Mem\u00f3ria"}]},{"@type":"WebSite","@id":"https:\/\/neuroforma.com.br\/novo\/#website","url":"https:\/\/neuroforma.com.br\/novo\/","name":"","description":"","potentialAction":[{"@type":"SearchAction","target":{"@type":"EntryPoint","urlTemplate":"https:\/\/neuroforma.com.br\/novo\/?s={search_term_string}"},"query-input":{"@type":"PropertyValueSpecification","valueRequired":true,"valueName":"search_term_string"}}],"inLanguage":"pt-BR"}]}},"_links":{"self":[{"href":"https:\/\/neuroforma.com.br\/novo\/wp-json\/wp\/v2\/pages\/1277","targetHints":{"allow":["GET"]}}],"collection":[{"href":"https:\/\/neuroforma.com.br\/novo\/wp-json\/wp\/v2\/pages"}],"about":[{"href":"https:\/\/neuroforma.com.br\/novo\/wp-json\/wp\/v2\/types\/page"}],"author":[{"embeddable":true,"href":"https:\/\/neuroforma.com.br\/novo\/wp-json\/wp\/v2\/users\/1"}],"replies":[{"embeddable":true,"href":"https:\/\/neuroforma.com.br\/novo\/wp-json\/wp\/v2\/comments?post=1277"}],"version-history":[{"count":19,"href":"https:\/\/neuroforma.com.br\/novo\/wp-json\/wp\/v2\/pages\/1277\/revisions"}],"predecessor-version":[{"id":4112,"href":"https:\/\/neuroforma.com.br\/novo\/wp-json\/wp\/v2\/pages\/1277\/revisions\/4112"}],"wp:attachment":[{"href":"https:\/\/neuroforma.com.br\/novo\/wp-json\/wp\/v2\/media?parent=1277"}],"curies":[{"name":"wp","href":"https:\/\/api.w.org\/{rel}","templated":true}]}}